{"id":251865,"date":"2021-06-06T15:06:14","date_gmt":"2021-06-06T12:06:14","guid":{"rendered":"https:\/\/www.etoro.com\/customer-service\/accessibility\/"},"modified":"2024-12-19T16:26:53","modified_gmt":"2024-12-19T14:26:53","slug":"accessibility","status":"publish","type":"page","link":"https:\/\/www.etoro.com\/it\/customer-service\/accessibility\/","title":{"rendered":"L&#8217;accessibilit\u00e0 \u00e8 una cosa seria"},"content":{"rendered":"\n<section class=\"wp-block-group wp-block-group-boxed has-white-background-color has-background\"><div class=\"wp-block-group-inner is-layout-flow wp-block-group-is-layout-flow\">\n<div class=\"wp-block-columns are-vertically-aligned-top wp-block-columns-1 is-layout-flex wp-container-core-columns-is-layout-1 wp-block-columns-is-layout-flex\">\n<div class=\"wp-block-column is-layout-flow wp-block-column-is-layout-flow\">\n<p class=\"has-text-align-center\">eToro si impegna a rendere pi\u00f9 accessibili il suo sito e le sue applicazioni.<\/p>\n\n\n\n<p class=\"has-text-align-center\">Ecco alcuni consigli su come utilizzare i nostri servizi in maniera pi\u00f9 semplice, in base alle tue esigenze di accessibilit\u00e0.<\/p>\n<\/div>\n<\/div>\n<\/div><\/section>\n\n\n\n<section class=\"wp-block-group wp-block-group-boxed\"><div class=\"wp-block-group-inner is-layout-flow wp-block-group-is-layout-flow\">\n<div class=\"wp-block-columns are-vertically-aligned-center wp-block-columns-2 is-layout-flex wp-container-core-columns-is-layout-2 wp-block-columns-is-layout-flex\">\n<div class=\"wp-block-column is-layout-flow wp-block-column-is-layout-flow\">\n<h2 class=\"wp-block-heading\"><span>Il sito di eToro<\/span><\/h2>\n\n\n\n<p>Puoi configurare i contenuti sul nostro sito per renderli pi\u00f9 leggibili, grazie al widget di accessibilit\u00e0 nell\u2019angolo in basso a destra della pagina. Sono disponibili tante funzioni per personalizzare il testo e le immagini in base alle tue specifiche esigenze.<\/p>\n\n\n\n<p>Il widget ti consente di impostare i seguenti profili, per aiutarti a personalizzare la tua esperienza sul nostro sito:<\/p>\n\n\n\n<ul class=\"wp-block-list wp-block-list wp-block-list-circle\">\n<li>Profilo sicuro per chi soffre di epilessia: elimina luci lampeggianti e riduce il contrasto tra i colori<\/li>\n\n\n\n<li>Profilo ipovedenti: migliora la grafica dei nostri siti<\/li>\n\n\n\n<li>Profilo per disabilit\u00e0 cognitiva: aiuta a leggere e concentrarsi<\/li>\n\n\n\n<li>Profilo per chi soffre di ADHD: permette di concentrarsi meglio con meno distrazioni<\/li>\n\n\n\n<li>Utenti non vedenti (utilit\u00e0 per la lettura dello schermo): propone una funzione per leggere il sito grazie a uno screen reader<\/li>\n\n\n\n<li>Tastiera di navigazione (disabilit\u00e0 motoria): consente di accedere al nostro sito tramite tastiera<\/li>\n<\/ul>\n<\/div>\n\n\n\n<div class=\"wp-block-column is-layout-flow wp-block-column-is-layout-flow\">\n<figure class=\"wp-block-image size-full\"><img loading=\"lazy\" decoding=\"async\" width=\"374\" height=\"419\" src=\"https:\/\/www.etoro.com\/wp-content\/uploads\/2024\/12\/The-eToro-website.png\" alt=\"\" class=\"wp-image-973444 wp-image-desktop\" srcset=\"https:\/\/www.etoro.com\/wp-content\/uploads\/2024\/12\/The-eToro-website.png 374w, https:\/\/www.etoro.com\/wp-content\/uploads\/2024\/12\/The-eToro-website-268x300.png 268w\" sizes=\"(max-width: 374px) 100vw, 374px\" \/><\/figure>\n<\/div>\n<\/div>\n<\/div><\/section>\n\n\n\n<section class=\"wp-block-group wp-block-group-boxed has-white-background-color has-background\"><div class=\"wp-block-group-inner is-layout-flow wp-block-group-is-layout-flow\">\n<div class=\"wp-block-columns are-vertically-aligned-top wp-block-columns-1 is-layout-flex wp-container-core-columns-is-layout-3 wp-block-columns-is-layout-flex\">\n<div class=\"wp-block-column is-layout-flow wp-block-column-is-layout-flow\">\n<h2 class=\"wp-block-heading\"><span>La piattaforma di investimenti di eToro<\/span><\/h2>\n<\/div>\n<\/div>\n\n\n\n<hr class=\"wp-block-separator wp-block-separator-color-dark-grey wp-block-separator-spaces-small wp-block-separator-weight-1\"\/>\n\n\n\n<p>Dopo aver effettuato l\u2019accesso, puoi usare le impostazioni del tuo dispositivo per rendere la tua esperienza pi\u00f9 accessibile. L\u2019esperienza varia a seconda che usi la nostra app mobile o un browser, oltre che in base al tipo di dispositivo usato.<\/p>\n<\/div><\/section>\n\n\n\n<section class=\"wp-block-group wp-block-group-boxed has-dark-blue-background-color has-background\"><div class=\"wp-block-group-inner is-layout-flow wp-block-group-is-layout-flow\">\n<div class=\"wp-block-columns are-vertically-aligned-top wp-block-columns-1 is-layout-flex wp-container-core-columns-is-layout-4 wp-block-columns-is-layout-flex\">\n<div class=\"wp-block-column is-layout-flow wp-block-column-is-layout-flow\">\n<h2 class=\"wp-block-heading\"><span>Impostazioni dell\u2019app mobile<\/span><\/h2>\n<\/div>\n<\/div>\n\n\n\n<hr class=\"wp-block-separator wp-block-separator-color-dark-grey wp-block-separator-spaces-small wp-block-separator-weight-1\"\/>\n\n\n\n<p>eToro offre alcune funzioni che potrebbero migliorare la tua esperienza mentre usi l\u2019app:<\/p>\n\n\n\n<ul class=\"wp-block-list wp-block-list wp-block-list-circle\">\n<li>Face ID per accedere in maniera sicura e semplice<\/li>\n\n\n\n<li>Investimenti in un clic per eseguire gli ordini in modo pi\u00f9 semplice<\/li>\n\n\n\n<li>Possibilit\u00e0 di selezionare la schermata predefinita, dopo il login, per accedere in modo pi\u00f9 diretto<\/li>\n<\/ul>\n\n\n\n<p>Queste funzioni sono tutte disponibili nella schermata delle&nbsp;<a href=\"https:\/\/www.etoro.com\/settings\/\">impostazioni<\/a>&nbsp;all\u2019interno dell\u2019app eToro.<\/p>\n<\/div><\/section>\n\n\n\n<section class=\"wp-block-group wp-block-group-boxed\"><div class=\"wp-block-group-inner is-layout-flow wp-block-group-is-layout-flow\">\n<div class=\"wp-block-columns are-vertically-aligned-top wp-block-columns-1 is-layout-flex wp-container-core-columns-is-layout-5 wp-block-columns-is-layout-flex\">\n<div class=\"wp-block-column is-layout-flow wp-block-column-is-layout-flow\">\n<h2 class=\"wp-block-heading\"><span>iOS<\/span><\/h2>\n<\/div>\n<\/div>\n\n\n\n<hr class=\"wp-block-separator wp-block-separator-color-dark-grey wp-block-separator-spaces-small wp-block-separator-weight-1\"\/>\n\n\n\n<p>Apple offre tante funzioni di accessibilit\u00e0 per gli utenti che usano il suo sistema operativo iOS mobile, fra cui:<\/p>\n\n\n\n<ul class=\"wp-block-list wp-block-list wp-block-list-circle\">\n<li>Text to speech (controllo\/sintesi vocale): scopri come\u00a0<a href=\"https:\/\/support.apple.com\/en-us\/HT210417\" target=\"_blank\" rel=\"noreferrer noopener\">qui<\/a>\u00a0e\u00a0<a href=\"https:\/\/support.apple.com\/guide\/iphone\/turn-on-and-practice-voiceover-iph3e2e415f\/ios\" target=\"_blank\" rel=\"noreferrer noopener\">qui<\/a><\/li>\n\n\n\n<li>Tastiere per l\u2019accessibilit\u00e0: clicca\u00a0<a href=\"https:\/\/www.apple.com\/accessibility\/mobility\/\" target=\"_blank\" rel=\"noreferrer noopener\">qui<\/a>per maggiori informazioni<\/li>\n\n\n\n<li>Impostazioni display: scopri di pi\u00f9\u00a0<a href=\"https:\/\/www.apple.com\/accessibility\/vision\/\" target=\"_blank\" rel=\"noreferrer noopener\">qui<\/a>\u00a0e\u00a0<a href=\"https:\/\/support.apple.com\/guide\/iphone\/display-text-size-iph3e2e1fb0\/ios\" target=\"_blank\" rel=\"noreferrer noopener\">qui<\/a><\/li>\n<\/ul>\n\n\n\n<p>Si possono configurare queste funzioni nella sezione accessibilit\u00e0 delle&nbsp;<strong>impostazioni<\/strong>&nbsp;dell\u2019app sul tuo telefono. Per maggiori informazioni in generale, clicca&nbsp;<a href=\"https:\/\/www.apple.com\/accessibility\/mobility\/\" target=\"_blank\" rel=\"noreferrer noopener\">qui<\/a>.<\/p>\n<\/div><\/section>\n\n\n\n<section class=\"wp-block-group wp-block-group-boxed has-white-background-color has-background\"><div class=\"wp-block-group-inner is-layout-flow wp-block-group-is-layout-flow\">\n<div class=\"wp-block-columns are-vertically-aligned-top wp-block-columns-1 is-layout-flex wp-container-core-columns-is-layout-6 wp-block-columns-is-layout-flex\">\n<div class=\"wp-block-column is-layout-flow wp-block-column-is-layout-flow\">\n<h2 class=\"wp-block-heading\"><span>Android<\/span><\/h2>\n<\/div>\n<\/div>\n\n\n\n<hr class=\"wp-block-separator wp-block-separator-color-dark-grey wp-block-separator-spaces-small wp-block-separator-weight-1\"\/>\n\n\n\n<p>Google offre tante funzioni di accessibilit\u00e0 per gli utenti del suo sistema operativo Android. Ecco alcune delle funzioni incluse:<\/p>\n\n\n\n<ul class=\"wp-block-list wp-block-list wp-block-list-circle\">\n<li>Text to speech (sintesi vocale)<\/li>\n\n\n\n<li>Impostazioni display<\/li>\n\n\n\n<li>Controlli d\u2019interazione (compresi i comandi vocali)<\/li>\n\n\n\n<li>Collegamento di apparecchi acustici<\/li>\n<\/ul>\n\n\n\n<p>Si possono configurare queste funzioni nella sezione accessibilit\u00e0 delle&nbsp;<strong>impostazioni<\/strong>&nbsp;dell\u2019app sul tuo telefono. Per maggiori informazioni, clicca&nbsp;<a href=\"https:\/\/support.google.com\/accessibility\/android#topic=6007234\" target=\"_blank\" rel=\"noreferrer noopener\">qui<\/a>.<\/p>\n<\/div><\/section>\n\n\n\n<section class=\"wp-block-group wp-block-group-boxed\"><div class=\"wp-block-group-inner is-layout-flow wp-block-group-is-layout-flow\">\n<div class=\"wp-block-columns are-vertically-aligned-top wp-block-columns-1 is-layout-flex wp-container-core-columns-is-layout-7 wp-block-columns-is-layout-flex\">\n<div class=\"wp-block-column is-layout-flow wp-block-column-is-layout-flow\">\n<h2 class=\"wp-block-heading\"><span>Safari \u2013 MacOS<\/span><\/h2>\n<\/div>\n<\/div>\n\n\n\n<hr class=\"wp-block-separator wp-block-separator-color-dark-grey wp-block-separator-spaces-small wp-block-separator-weight-1\"\/>\n\n\n\n<p>Se utilizzi un computer Apple, hai a disposizione varie impostazioni di accessibilit\u00e0. Per maggiori informazioni, clicca\u00a0<a href=\"https:\/\/support.apple.com\/accessibility\/mac'\" target=\"_blank\" rel=\"noreferrer noopener\">qui<\/a>.<\/p>\n<\/div><\/section>\n\n\n\n<section class=\"wp-block-group wp-block-group-boxed has-white-background-color has-background\"><div class=\"wp-block-group-inner is-layout-flow wp-block-group-is-layout-flow\">\n<div class=\"wp-block-columns are-vertically-aligned-top wp-block-columns-1 is-layout-flex wp-container-core-columns-is-layout-8 wp-block-columns-is-layout-flex\">\n<div class=\"wp-block-column is-layout-flow wp-block-column-is-layout-flow\">\n<h2 class=\"wp-block-heading\"><span>Estensioni del browser \u201cChrome\u201d<\/span><\/h2>\n<\/div>\n<\/div>\n\n\n\n<hr class=\"wp-block-separator wp-block-separator-color-dark-grey wp-block-separator-spaces-small wp-block-separator-weight-1\"\/>\n\n\n\n<p>Puoi aggiungere delle estensioni al tuo browser \u201cChrome,\u201d che ti offrono tante utili funzioni di accessibilit\u00e0. Scoprile\u00a0<a href=\"https:\/\/chrome.google.com\/webstore\/category\/ext\/22-accessibility\" target=\"_blank\" rel=\"noreferrer noopener\">qui<\/a>.<\/p>\n<\/div><\/section>\n\n\n\n<section class=\"wp-block-group wp-block-group-boxed\"><div class=\"wp-block-group-inner is-layout-flow wp-block-group-is-layout-flow\">\n<div class=\"wp-block-columns are-vertically-aligned-top wp-block-columns-1 is-layout-flex wp-container-core-columns-is-layout-9 wp-block-columns-is-layout-flex\">\n<div class=\"wp-block-column is-layout-flow wp-block-column-is-layout-flow\">\n<h2 class=\"wp-block-heading\"><span>Ulteriore assistenza<\/span><\/h2>\n<\/div>\n<\/div>\n\n\n\n<hr class=\"wp-block-separator wp-block-separator-color-dark-grey wp-block-separator-spaces-small wp-block-separator-weight-1\"\/>\n\n\n\n<p>Per qualsiasi altra domanda, puoi contattare il nostro\u00a0<a href=\"https:\/\/www.etoro.com\/customer-service\/\">servizio clienti<\/a>.<\/p>\n<\/div><\/section>\n\n\n\n<p><\/p>\n","protected":false},"excerpt":{"rendered":"<p>eToro si impegna a rendere pi\u00f9 accessibili il suo sito e le sue applicazioni. Ecco alcuni consigli su come utilizzare i nostri servizi in maniera pi\u00f9 semplice, in base alle tue esigenze di accessibilit\u00e0. Il sito di eToro Puoi configurare i contenuti sul nostro sito per renderli pi\u00f9 leggibili, grazie al widget di accessibilit\u00e0 nell\u2019angolo&hellip;<\/p>\n","protected":false},"author":75,"featured_media":793184,"parent":6959,"menu_order":143,"comment_status":"closed","ping_status":"closed","template":"","meta":{"_acf_changed":true,"inline_featured_image":false,"sticky_cta_settings":"","footnotes":""},"asset_type":[],"class_list":["post-251865","page","type-page","status-publish","has-post-thumbnail","hentry"],"acf":[],"yoast_head":"<title>Funzioni di accessibilit\u00e0 per il sito e l&#039;app di investimenti di eToro<\/title>\n<meta name=\"description\" content=\"Tutti dovrebbero avere la possibilit\u00e0 di investire nei mercati globali; qui troverai dei consigli su come rendere accessibile eToro.\" \/>\n<meta name=\"robots\" content=\"index, follow, max-snippet:-1, max-image-preview:large, max-video-preview:-1\" \/>\n<link rel=\"canonical\" href=\"https:\/\/www.etoro.com\/it\/wp-json\/wp\/v2\/pages\/251865\" \/>\n<meta property=\"og:locale\" content=\"it_IT\" \/>\n<meta property=\"og:type\" content=\"article\" \/>\n<meta property=\"og:title\" content=\"Funzioni di accessibilit\u00e0 per il sito e l&#039;app di investimenti di eToro\" \/>\n<meta property=\"og:description\" content=\"Tutti dovrebbero avere la possibilit\u00e0 di investire nei mercati globali; qui troverai dei consigli su come rendere accessibile eToro.\" \/>\n<meta property=\"og:url\" content=\"https:\/\/www.etoro.com\/it\/wp-json\/wp\/v2\/pages\/251865\" \/>\n<meta property=\"og:site_name\" content=\"eToro\" \/>\n<meta property=\"article:publisher\" content=\"https:\/\/www.facebook.com\/eToro\/\" \/>\n<meta property=\"article:modified_time\" content=\"2024-12-19T14:26:53+00:00\" \/>\n<meta property=\"og:image\" content=\"https:\/\/www.etoro.com\/wp-content\/uploads\/2023\/12\/IT_Accessibility_Featured-image-1200x630-1.png\" \/>\n\t<meta property=\"og:image:width\" content=\"1200\" \/>\n\t<meta property=\"og:image:height\" content=\"630\" \/>\n\t<meta property=\"og:image:type\" content=\"image\/png\" \/>\n<meta name=\"twitter:card\" content=\"summary_large_image\" \/>\n<meta name=\"twitter:site\" content=\"@eToro\" \/>\n<meta name=\"twitter:label1\" content=\"Est. reading time\" \/>\n\t<meta name=\"twitter:data1\" content=\"3 minutes\" \/>\n<script type=\"application\/ld+json\" class=\"yoast-schema-graph\">{\"@context\":\"https:\/\/schema.org\",\"@graph\":[{\"@type\":\"WebPage\",\"@id\":\"https:\/\/www.etoro.com\/it\/customer-service\/accessibility\/\",\"url\":\"https:\/\/www.etoro.com\/it\/customer-service\/accessibility\/\",\"name\":\"Funzioni di accessibilit\u00e0 per il sito e l'app di investimenti di eToro\",\"isPartOf\":{\"@id\":\"https:\/\/www.etoro.com\/it\/#website\"},\"primaryImageOfPage\":{\"@id\":\"https:\/\/www.etoro.com\/it\/customer-service\/accessibility\/#primaryimage\"},\"image\":{\"@id\":\"https:\/\/www.etoro.com\/it\/customer-service\/accessibility\/#primaryimage\"},\"thumbnailUrl\":\"https:\/\/www.etoro.com\/wp-content\/uploads\/2023\/12\/IT_Accessibility_Featured-image-1200x630-1.png\",\"datePublished\":\"2021-06-06T12:06:14+00:00\",\"dateModified\":\"2024-12-19T14:26:53+00:00\",\"description\":\"Tutti dovrebbero avere la possibilit\u00e0 di investire nei mercati globali; qui troverai dei consigli su come rendere accessibile eToro.\",\"breadcrumb\":{\"@id\":\"https:\/\/www.etoro.com\/it\/customer-service\/accessibility\/#breadcrumb\"},\"inLanguage\":\"it\",\"potentialAction\":[{\"@type\":\"ReadAction\",\"target\":[\"https:\/\/www.etoro.com\/it\/customer-service\/accessibility\/\"]}]},{\"@type\":\"ImageObject\",\"inLanguage\":\"it\",\"@id\":\"https:\/\/www.etoro.com\/it\/customer-service\/accessibility\/#primaryimage\",\"url\":\"https:\/\/www.etoro.com\/wp-content\/uploads\/2023\/12\/IT_Accessibility_Featured-image-1200x630-1.png\",\"contentUrl\":\"https:\/\/www.etoro.com\/wp-content\/uploads\/2023\/12\/IT_Accessibility_Featured-image-1200x630-1.png\",\"width\":1200,\"height\":630,\"caption\":\"Accessibility\"},{\"@type\":\"BreadcrumbList\",\"@id\":\"https:\/\/www.etoro.com\/it\/customer-service\/accessibility\/#breadcrumb\",\"itemListElement\":[{\"@type\":\"ListItem\",\"position\":1,\"name\":\"Home\",\"item\":\"https:\/\/www.etoro.com\/it\/\"},{\"@type\":\"ListItem\",\"position\":2,\"name\":\"SERVIZIO CLIENTI\",\"item\":\"https:\/\/www.etoro.com\/it\/customer-service\/\"},{\"@type\":\"ListItem\",\"position\":3,\"name\":\"accessibility\"}]},{\"@type\":\"WebSite\",\"@id\":\"https:\/\/www.etoro.com\/it\/#website\",\"url\":\"https:\/\/www.etoro.com\/it\/\",\"name\":\"eToro\",\"description\":\"\",\"publisher\":{\"@id\":\"https:\/\/www.etoro.com\/it\/#organization\"},\"potentialAction\":[{\"@type\":\"SearchAction\",\"target\":{\"@type\":\"EntryPoint\",\"urlTemplate\":\"https:\/\/www.etoro.com\/it\/?s={search_term_string}\"},\"query-input\":{\"@type\":\"PropertyValueSpecification\",\"valueRequired\":true,\"valueName\":\"search_term_string\"}}],\"inLanguage\":\"it\"},[]]}<\/script>","yoast_head_json":{"title":"Funzioni di accessibilit\u00e0 per il sito e l'app di investimenti di eToro","description":"Tutti dovrebbero avere la possibilit\u00e0 di investire nei mercati globali; qui troverai dei consigli su come rendere accessibile eToro.","robots":{"index":"index","follow":"follow","max-snippet":"max-snippet:-1","max-image-preview":"max-image-preview:large","max-video-preview":"max-video-preview:-1"},"canonical":"https:\/\/www.etoro.com\/it\/wp-json\/wp\/v2\/pages\/251865","og_locale":"it_IT","og_type":"article","og_title":"Funzioni di accessibilit\u00e0 per il sito e l'app di investimenti di eToro","og_description":"Tutti dovrebbero avere la possibilit\u00e0 di investire nei mercati globali; qui troverai dei consigli su come rendere accessibile eToro.","og_url":"https:\/\/www.etoro.com\/it\/wp-json\/wp\/v2\/pages\/251865","og_site_name":"eToro","article_publisher":"https:\/\/www.facebook.com\/eToro\/","article_modified_time":"2024-12-19T14:26:53+00:00","og_image":[{"width":1200,"height":630,"url":"https:\/\/www.etoro.com\/wp-content\/uploads\/2023\/12\/IT_Accessibility_Featured-image-1200x630-1.png","type":"image\/png"}],"twitter_card":"summary_large_image","twitter_site":"@eToro","twitter_misc":{"Est. reading time":"3 minutes"},"schema":{"@context":"https:\/\/schema.org","@graph":[{"@type":"WebPage","@id":"https:\/\/www.etoro.com\/it\/customer-service\/accessibility\/","url":"https:\/\/www.etoro.com\/it\/customer-service\/accessibility\/","name":"Funzioni di accessibilit\u00e0 per il sito e l'app di investimenti di eToro","isPartOf":{"@id":"https:\/\/www.etoro.com\/it\/#website"},"primaryImageOfPage":{"@id":"https:\/\/www.etoro.com\/it\/customer-service\/accessibility\/#primaryimage"},"image":{"@id":"https:\/\/www.etoro.com\/it\/customer-service\/accessibility\/#primaryimage"},"thumbnailUrl":"https:\/\/www.etoro.com\/wp-content\/uploads\/2023\/12\/IT_Accessibility_Featured-image-1200x630-1.png","datePublished":"2021-06-06T12:06:14+00:00","dateModified":"2024-12-19T14:26:53+00:00","description":"Tutti dovrebbero avere la possibilit\u00e0 di investire nei mercati globali; qui troverai dei consigli su come rendere accessibile eToro.","breadcrumb":{"@id":"https:\/\/www.etoro.com\/it\/customer-service\/accessibility\/#breadcrumb"},"inLanguage":"it","potentialAction":[{"@type":"ReadAction","target":["https:\/\/www.etoro.com\/it\/customer-service\/accessibility\/"]}]},{"@type":"ImageObject","inLanguage":"it","@id":"https:\/\/www.etoro.com\/it\/customer-service\/accessibility\/#primaryimage","url":"https:\/\/www.etoro.com\/wp-content\/uploads\/2023\/12\/IT_Accessibility_Featured-image-1200x630-1.png","contentUrl":"https:\/\/www.etoro.com\/wp-content\/uploads\/2023\/12\/IT_Accessibility_Featured-image-1200x630-1.png","width":1200,"height":630,"caption":"Accessibility"},{"@type":"BreadcrumbList","@id":"https:\/\/www.etoro.com\/it\/customer-service\/accessibility\/#breadcrumb","itemListElement":[{"@type":"ListItem","position":1,"name":"Home","item":"https:\/\/www.etoro.com\/it\/"},{"@type":"ListItem","position":2,"name":"SERVIZIO CLIENTI","item":"https:\/\/www.etoro.com\/it\/customer-service\/"},{"@type":"ListItem","position":3,"name":"accessibility"}]},{"@type":"WebSite","@id":"https:\/\/www.etoro.com\/it\/#website","url":"https:\/\/www.etoro.com\/it\/","name":"eToro","description":"","publisher":{"@id":"https:\/\/www.etoro.com\/it\/#organization"},"potentialAction":[{"@type":"SearchAction","target":{"@type":"EntryPoint","urlTemplate":"https:\/\/www.etoro.com\/it\/?s={search_term_string}"},"query-input":{"@type":"PropertyValueSpecification","valueRequired":true,"valueName":"search_term_string"}}],"inLanguage":"it"},[]]}},"_links":{"self":[{"href":"https:\/\/www.etoro.com\/it\/wp-json\/wp\/v2\/pages\/251865"}],"collection":[{"href":"https:\/\/www.etoro.com\/it\/wp-json\/wp\/v2\/pages"}],"about":[{"href":"https:\/\/www.etoro.com\/it\/wp-json\/wp\/v2\/types\/page"}],"author":[{"embeddable":true,"href":"https:\/\/www.etoro.com\/it\/wp-json\/wp\/v2\/users\/75"}],"replies":[{"embeddable":true,"href":"https:\/\/www.etoro.com\/it\/wp-json\/wp\/v2\/comments?post=251865"}],"version-history":[{"count":0,"href":"https:\/\/www.etoro.com\/it\/wp-json\/wp\/v2\/pages\/251865\/revisions"}],"up":[{"embeddable":true,"href":"https:\/\/www.etoro.com\/it\/wp-json\/wp\/v2\/pages\/6959"}],"wp:featuredmedia":[{"embeddable":true,"href":"https:\/\/www.etoro.com\/it\/wp-json\/wp\/v2\/media\/793184"}],"wp:attachment":[{"href":"https:\/\/www.etoro.com\/it\/wp-json\/wp\/v2\/media?parent=251865"}],"wp:term":[{"taxonomy":"asset_type","embeddable":true,"href":"https:\/\/www.etoro.com\/it\/wp-json\/wp\/v2\/asset_type?post=251865"}],"curies":[{"name":"wp","href":"https:\/\/api.w.org\/{rel}","templated":true}]}}