{"id":29708,"date":"2018-02-28T17:52:11","date_gmt":"2018-02-28T15:52:11","guid":{"rendered":"http:\/\/www.etoro.com\/?page_id=29708"},"modified":"2025-05-12T15:00:15","modified_gmt":"2025-05-12T12:00:15","slug":"account-verification","status":"publish","type":"page","link":"https:\/\/www.etoro.com\/it\/customer-service\/account-verification\/","title":{"rendered":"Come verificare il tuo account eToro"},"content":{"rendered":"\n<section class=\"wp-block-group wp-block-group-boxed\"><div class=\"wp-block-group-inner is-layout-flow wp-block-group-is-layout-flow\">\n<div class=\"wp-block-columns are-vertically-aligned-top wp-block-columns-1 is-layout-flex wp-container-core-columns-is-layout-1 wp-block-columns-is-layout-flex\">\n<div class=\"wp-block-column is-layout-flow wp-block-column-is-layout-flow\"><\/div>\n<\/div>\n\n\n\n<p><strong>La verifica \u00e8 una componente obbligatoria della procedura di registrazione alla piattaforma eToro. Le disposizioni normative ci impongono di verificare tutti i nuovi account eToro. Ci\u00f2 mantiene la nostra piattaforma sicura e previene attivit\u00e0 fraudolente.<\/strong><\/p>\n\n\n\n<p>Quando il tuo account sar\u00e0 stato verificato, potrai accedere a tutti i vantaggi della piattaforma eToro. Ai fini della verifica dell\u2019account, \u00e8 necessario caricare una Prova di Identit\u00e0 (Proof of Identity \u2013 POI) e una Prova di Indirizzo (Proof of Address \u2013 POA). La tua procedura di verifica avr\u00e0 inizio solo dopo aver fatto pervenire entrambi i documenti. Puoi usare l\u2019app eToro per scansionare i tuoi documenti direttamente sulla piattaforma.<\/p>\n\n\n<figure class=\"wp-block-embed is-type-video is-provider-youtube wp-block-embed-youtube wp-embed-aspect-16-9 wp-has-aspect-ratio\"><a href=\"https:\/\/www.youtube.com\/watch?v=VergGr2Dtt0\" data-fancybox class=\"wp-block-embed-link\" rel=\"nofollow noopener noreferrer\" >\n\t\t\t\t<img decoding=\"async\" src=\"https:\/\/img.youtube.com\/vi\/VergGr2Dtt0\/maxresdefault.jpg\" alt=\"\" class=\"wp-block-embed-preview\">\n\t\t\t<\/a><\/figure><\/div><\/section>\n\n\n\n<section class=\"wp-block-group wp-block-group-boxed wp-block-group-medium-top-padding has-white-background-color has-background\"><div class=\"wp-block-group-inner is-layout-flow wp-block-group-is-layout-flow\">\n<div class=\"wp-block-columns are-vertically-aligned-top wp-block-columns-1 is-layout-flex wp-container-core-columns-is-layout-2 wp-block-columns-is-layout-flex\">\n<div class=\"wp-block-column is-layout-flow wp-block-column-is-layout-flow\">\n<h2 class=\"wp-block-heading\"><span>Prova di Identit\u00e0<\/span><\/h2>\n<\/div>\n<\/div>\n\n\n\n<hr class=\"wp-block-separator wp-block-separator-color-dark-grey wp-block-separator-spaces-small wp-block-separator-weight-1\"\/>\n\n\n\n<p>Il tuo documento POI deve riportare il tuo nome, la data di nascita, una foto nitida, la data di rilascio e, ove presente, anche la data di scadenza deve essere visibile. Il passaporto \u00e8 la prova di identit\u00e0 da preferire, in quanto \u00e8 il documento che il team eToro potr\u00e0 vagliare pi\u00f9 velocemente. In alternativa, \u00e8 possibile utilizzare una patente di guida o qualsivoglia altro documento d\u2019identit\u00e0 rilasciato da una pubblica amministrazione. Se il documento ha due lati e reca informazioni rilevanti sul retro, assicurati di caricare anche quello.<\/p>\n\n\n\n<p><strong>Tutti i dati sul tuo documento POI devono essere visibili<\/strong><\/p>\n\n\n\n<hr class=\"wp-block-separator wp-block-separator-color-dark-grey wp-block-separator-spaces-small wp-block-separator-weight-1\"\/>\n\n\n\n<figure class=\"wp-block-image size-large wp-block-image-has-mobile\"><img loading=\"lazy\" decoding=\"async\" width=\"1024\" height=\"247\" src=\"https:\/\/www.etoro.com\/wp-content\/uploads\/2025\/01\/image-1-2-1024x247.png\" alt=\"\" class=\"wp-image-979317 wp-image-desktop\" srcset=\"https:\/\/www.etoro.com\/wp-content\/uploads\/2025\/01\/image-1-2-1024x247.png 1024w, https:\/\/www.etoro.com\/wp-content\/uploads\/2025\/01\/image-1-2-300x72.png 300w, https:\/\/www.etoro.com\/wp-content\/uploads\/2025\/01\/image-1-2-768x185.png 768w, https:\/\/www.etoro.com\/wp-content\/uploads\/2025\/01\/image-1-2.png 1060w\" sizes=\"(max-width: 1024px) 100vw, 1024px\" \/><img loading=\"lazy\" decoding=\"async\" width=\"343\" height=\"103\" src=\"https:\/\/www.etoro.com\/wp-content\/uploads\/2025\/01\/Frame-20413297-1.png\" alt=\"\" class=\"wp-image-979367 wp-image-mobile\" srcset=\"https:\/\/www.etoro.com\/wp-content\/uploads\/2025\/01\/Frame-20413297-1.png 343w, https:\/\/www.etoro.com\/wp-content\/uploads\/2025\/01\/Frame-20413297-1-300x90.png 300w\" sizes=\"(max-width: 343px) 100vw, 343px\" \/><\/figure>\n\n\n\n<p><strong>Carica il documento nella sua interezza, senza ritagliarlo e in primo piano<\/strong><\/p>\n\n\n\n<hr class=\"wp-block-separator wp-block-separator-color-dark-grey wp-block-separator-spaces-small wp-block-separator-weight-1\"\/>\n\n\n\n<figure class=\"wp-block-image size-large wp-block-image-has-mobile\"><img loading=\"lazy\" decoding=\"async\" width=\"1024\" height=\"286\" src=\"https:\/\/www.etoro.com\/wp-content\/uploads\/2025\/01\/Frame-20413298-1-1024x286.png\" alt=\"\" class=\"wp-image-979341 wp-image-desktop\" srcset=\"https:\/\/www.etoro.com\/wp-content\/uploads\/2025\/01\/Frame-20413298-1-1024x286.png 1024w, https:\/\/www.etoro.com\/wp-content\/uploads\/2025\/01\/Frame-20413298-1-300x84.png 300w, https:\/\/www.etoro.com\/wp-content\/uploads\/2025\/01\/Frame-20413298-1-768x214.png 768w, https:\/\/www.etoro.com\/wp-content\/uploads\/2025\/01\/Frame-20413298-1.png 1060w\" sizes=\"(max-width: 1024px) 100vw, 1024px\" \/><img loading=\"lazy\" decoding=\"async\" width=\"343\" height=\"84\" src=\"https:\/\/www.etoro.com\/wp-content\/uploads\/2025\/01\/image-2-1.png\" alt=\"\" class=\"wp-image-979391 wp-image-mobile\" srcset=\"https:\/\/www.etoro.com\/wp-content\/uploads\/2025\/01\/image-2-1.png 343w, https:\/\/www.etoro.com\/wp-content\/uploads\/2025\/01\/image-2-1-300x73.png 300w\" sizes=\"(max-width: 343px) 100vw, 343px\" \/><\/figure>\n\n\n\n<p><strong>Per caricare il tuo POI adesso,&nbsp;<a href=\"https:\/\/www.etoro.com\/settings\/account?action=autokyc&amp;deepLink=uploadID\">fai clic qui<\/a>.<\/strong><\/p>\n<\/div><\/section>\n\n\n\n<section class=\"wp-block-group wp-block-group-boxed\"><div class=\"wp-block-group-inner is-layout-flow wp-block-group-is-layout-flow\">\n<div class=\"wp-block-columns are-vertically-aligned-top wp-block-columns-1 is-layout-flex wp-container-core-columns-is-layout-3 wp-block-columns-is-layout-flex\">\n<div class=\"wp-block-column is-layout-flow wp-block-column-is-layout-flow\">\n<h2 class=\"wp-block-heading\"><span>Prova di Indirizzo<\/span><\/h2>\n<\/div>\n<\/div>\n\n\n\n<hr class=\"wp-block-separator wp-block-separator-color-dark-grey wp-block-separator-spaces-small wp-block-separator-weight-1\"\/>\n\n\n\n<p>Il tuo documento POA deve riportare il tuo nome e cognome, indirizzo e data di rilascio, che non deve essere anteriore a 3 mesi da quella corrente. Anche il nome o il logo dell\u2019ente di rilascio devono essere chiaramente visibili. Assicurati di eseguire la scansione del documento su uno sfondo di colore diverso, in modo che tutti e quattro gli angoli siano visibili.<\/p>\n\n\n\n<p class=\"is-style-heading-4\">La prova di indirizzo pu\u00f2 essere una delle seguenti opzioni:<\/p>\n\n\n\n<div class=\"wp-block-columns are-vertically-aligned-top wp-block-columns-3 is-layout-flex wp-container-core-columns-is-layout-4 wp-block-columns-is-layout-flex\">\n<div class=\"wp-block-column is-layout-flow wp-block-column-is-layout-flow\">\n<ul class=\"wp-block-list wp-block-list wp-block-list-circle\">\n<li>Estratto Conto Bancario<\/li>\n\n\n\n<li>Estratto Conto Carta di Credito<\/li>\n\n\n\n<li>Bolletta di Gas, Acqua o Elettricit\u00e0<\/li>\n<\/ul>\n<\/div>\n\n\n\n<div class=\"wp-block-column is-layout-flow wp-block-column-is-layout-flow\">\n<ul class=\"wp-block-list wp-block-list wp-block-list-circle\">\n<li>Ricevuta di Pagamento Imposte Comunali<\/li>\n\n\n\n<li>Comunicazione o Bollettino per Pagamento Imposte<\/li>\n\n\n\n<li>Contratto Registrato di Locazione di Immobile \u2013 Rilasciato da Pubblica Amministrazione<\/li>\n<\/ul>\n<\/div>\n\n\n\n<div class=\"wp-block-column is-layout-flow wp-block-column-is-layout-flow\">\n<ul class=\"wp-block-list wp-block-list wp-block-list-circle\">\n<li>Comunicazione di ente locale<\/li>\n\n\n\n<li>Bolletta internet<\/li>\n<\/ul>\n<\/div>\n<\/div>\n<\/div><\/section>\n\n\n\n<section class=\"wp-block-group wp-block-group-boxed has-white-background-color has-background\"><div class=\"wp-block-group-inner is-layout-flow wp-block-group-is-layout-flow\">\n<div class=\"wp-block-columns are-vertically-aligned-top wp-block-columns-1 is-layout-flex wp-container-core-columns-is-layout-5 wp-block-columns-is-layout-flex\">\n<div class=\"wp-block-column is-layout-flow wp-block-column-is-layout-flow\">\n<p><strong>Il tuo documento deve essere scansionato disteso su una superficie piatta<\/strong><\/p>\n<\/div>\n<\/div>\n\n\n\n<hr class=\"wp-block-separator wp-block-separator-color-dark-grey wp-block-separator-spaces-small wp-block-separator-weight-1\"\/>\n\n\n\n<figure class=\"wp-block-image size-large wp-block-image-has-mobile\"><img loading=\"lazy\" decoding=\"async\" width=\"1024\" height=\"247\" src=\"https:\/\/www.etoro.com\/wp-content\/uploads\/2025\/01\/image-1-1-1024x247.png\" alt=\"\" class=\"wp-image-979254 wp-image-desktop\" srcset=\"https:\/\/www.etoro.com\/wp-content\/uploads\/2025\/01\/image-1-1-1024x247.png 1024w, https:\/\/www.etoro.com\/wp-content\/uploads\/2025\/01\/image-1-1-300x72.png 300w, https:\/\/www.etoro.com\/wp-content\/uploads\/2025\/01\/image-1-1-768x185.png 768w, https:\/\/www.etoro.com\/wp-content\/uploads\/2025\/01\/image-1-1.png 1060w\" sizes=\"(max-width: 1024px) 100vw, 1024px\" \/><img loading=\"lazy\" decoding=\"async\" width=\"343\" height=\"84\" src=\"https:\/\/www.etoro.com\/wp-content\/uploads\/2025\/01\/image-2-2.png\" alt=\"\" class=\"wp-image-979416 wp-image-mobile\" srcset=\"https:\/\/www.etoro.com\/wp-content\/uploads\/2025\/01\/image-2-2.png 343w, https:\/\/www.etoro.com\/wp-content\/uploads\/2025\/01\/image-2-2-300x73.png 300w\" sizes=\"(max-width: 343px) 100vw, 343px\" \/><\/figure>\n\n\n\n<p><strong>Non devono essere effettuati ritagli e tutti e quattro gli angoli devono essere visibili<\/strong><\/p>\n\n\n\n<hr class=\"wp-block-separator wp-block-separator-color-dark-grey wp-block-separator-spaces-small wp-block-separator-weight-1\"\/>\n\n\n\n<figure class=\"wp-block-image size-large wp-block-image-has-mobile\"><img loading=\"lazy\" decoding=\"async\" width=\"1024\" height=\"247\" src=\"https:\/\/www.etoro.com\/wp-content\/uploads\/2025\/01\/image-2-1024x247.png\" alt=\"\" class=\"wp-image-979279 wp-image-desktop\" srcset=\"https:\/\/www.etoro.com\/wp-content\/uploads\/2025\/01\/image-2-1024x247.png 1024w, https:\/\/www.etoro.com\/wp-content\/uploads\/2025\/01\/image-2-300x72.png 300w, https:\/\/www.etoro.com\/wp-content\/uploads\/2025\/01\/image-2-768x185.png 768w, https:\/\/www.etoro.com\/wp-content\/uploads\/2025\/01\/image-2.png 1060w\" sizes=\"(max-width: 1024px) 100vw, 1024px\" \/><img loading=\"lazy\" decoding=\"async\" width=\"343\" height=\"84\" src=\"https:\/\/www.etoro.com\/wp-content\/uploads\/2025\/01\/image-2-3.png\" alt=\"\" class=\"wp-image-979440 wp-image-mobile\" srcset=\"https:\/\/www.etoro.com\/wp-content\/uploads\/2025\/01\/image-2-3.png 343w, https:\/\/www.etoro.com\/wp-content\/uploads\/2025\/01\/image-2-3-300x73.png 300w\" sizes=\"(max-width: 343px) 100vw, 343px\" \/><\/figure>\n\n\n\n<p><strong>*Si noti che sono accettati anche gli screenshot, qualora il tuo POA sia stato ricavato da un documento digitale.<\/strong><\/p>\n\n\n\n<p><strong>Per caricare il tuo documento POA adesso,&nbsp;<a href=\"https:\/\/www.etoro.com\/settings\/account?action=autokyc&amp;deepLink=uploadutilitybill\">fai clic qui<\/a>.<\/strong><\/p>\n\n\n\n<p>La procedura di verifica pu\u00f2 richiedere alcuni giorni e riceverai una notifica non appena il tuo account sar\u00e0 stato verificato. \u00c8 anche possibile seguire lo stato della verifica sulla piattaforma eToro. Gli account verificati hanno un segno di spunta verde accanto al nome utente sul profilo dello stesso.<\/p>\n\n\n\n<p>Il nostro team esaminer\u00e0 i tuoi documenti e aggiorner\u00e0 lo stato della verifica, motivo per cui&nbsp;<strong>non \u00e8 necessario aprire un ticket con il Servizio Clienti per richiedere informazioni in merito alla procedura di verifica.<\/strong>&nbsp;Nel caso in cui i tuoi documenti non vengano accettati, ti invieremo un\u2019email con una spiegazione esaustiva riguardo a ci\u00f2 che sar\u00e0 necessario far pervenire. Per evitare di smarrire l\u2019email, aggiungi eToro al tuo elenco \u201cmittenti attendibili\u201d nelle impostazioni dell\u2019email.<\/p>\n<\/div><\/section>\n\n\n\n<p><\/p>\n","protected":false},"excerpt":{"rendered":"<p>La verifica \u00e8 una componente obbligatoria della procedura di registrazione alla piattaforma eToro. Le disposizioni normative ci impongono di verificare tutti i nuovi account eToro. Ci\u00f2 mantiene la nostra piattaforma sicura e previene attivit\u00e0 fraudolente. Quando il tuo account sar\u00e0 stato verificato, potrai accedere a tutti i vantaggi della piattaforma eToro. Ai fini della verifica&hellip;<\/p>\n","protected":false},"author":45,"featured_media":818151,"parent":6959,"menu_order":1065,"comment_status":"closed","ping_status":"closed","template":"","meta":{"_acf_changed":true,"inline_featured_image":false,"sticky_cta_settings":"","footnotes":""},"asset_type":[],"class_list":["post-29708","page","type-page","status-publish","has-post-thumbnail","hentry"],"acf":[],"yoast_head":"<title>Come verificare il tuo account eToro - eToro<\/title>\n<meta name=\"description\" content=\"Verifica il tuo account eToro in pochi passaggi. La verifica \u00e8 parte vincolante della registrazione, necessaria per rimuovere le restrizioni sui depositi.\" \/>\n<meta name=\"robots\" content=\"index, follow, max-snippet:-1, max-image-preview:large, max-video-preview:-1\" \/>\n<link rel=\"canonical\" href=\"https:\/\/www.etoro.com\/it\/wp-json\/wp\/v2\/pages\/29708\" \/>\n<meta property=\"og:locale\" content=\"it_IT\" \/>\n<meta property=\"og:type\" content=\"article\" \/>\n<meta property=\"og:title\" content=\"Come verificare il tuo account eToro - eToro\" \/>\n<meta property=\"og:description\" content=\"Verifica il tuo account eToro in pochi passaggi. La verifica \u00e8 parte vincolante della registrazione, necessaria per rimuovere le restrizioni sui depositi.\" \/>\n<meta property=\"og:url\" content=\"https:\/\/www.etoro.com\/it\/wp-json\/wp\/v2\/pages\/29708\" \/>\n<meta property=\"og:site_name\" content=\"eToro\" \/>\n<meta property=\"article:publisher\" content=\"https:\/\/www.facebook.com\/eToro\/\" \/>\n<meta property=\"article:modified_time\" content=\"2025-05-12T12:00:15+00:00\" \/>\n<meta property=\"og:image\" content=\"https:\/\/www.etoro.com\/wp-content\/uploads\/2024\/01\/IT_How-to-verify-your-eToro-account_Featured-image-1200x630-1.png\" \/>\n\t<meta property=\"og:image:width\" content=\"1200\" \/>\n\t<meta property=\"og:image:height\" content=\"630\" \/>\n\t<meta property=\"og:image:type\" content=\"image\/png\" \/>\n<meta name=\"twitter:card\" content=\"summary_large_image\" \/>\n<meta name=\"twitter:site\" content=\"@eToro\" \/>\n<meta name=\"twitter:label1\" content=\"Est. reading time\" \/>\n\t<meta name=\"twitter:data1\" content=\"3 minutes\" \/>\n<script type=\"application\/ld+json\" class=\"yoast-schema-graph\">{\"@context\":\"https:\/\/schema.org\",\"@graph\":[{\"@type\":\"WebPage\",\"@id\":\"https:\/\/www.etoro.com\/it\/customer-service\/account-verification\/\",\"url\":\"https:\/\/www.etoro.com\/it\/customer-service\/account-verification\/\",\"name\":\"Come verificare il tuo account eToro - eToro\",\"isPartOf\":{\"@id\":\"https:\/\/www.etoro.com\/it\/#website\"},\"primaryImageOfPage\":{\"@id\":\"https:\/\/www.etoro.com\/it\/customer-service\/account-verification\/#primaryimage\"},\"image\":{\"@id\":\"https:\/\/www.etoro.com\/it\/customer-service\/account-verification\/#primaryimage\"},\"thumbnailUrl\":\"https:\/\/www.etoro.com\/wp-content\/uploads\/2024\/01\/IT_How-to-verify-your-eToro-account_Featured-image-1200x630-1.png\",\"datePublished\":\"2018-02-28T15:52:11+00:00\",\"dateModified\":\"2025-05-12T12:00:15+00:00\",\"description\":\"Verifica il tuo account eToro in pochi passaggi. La verifica \u00e8 parte vincolante della registrazione, necessaria per rimuovere le restrizioni sui depositi.\",\"breadcrumb\":{\"@id\":\"https:\/\/www.etoro.com\/it\/customer-service\/account-verification\/#breadcrumb\"},\"inLanguage\":\"it\",\"potentialAction\":[{\"@type\":\"ReadAction\",\"target\":[\"https:\/\/www.etoro.com\/it\/customer-service\/account-verification\/\"]}]},{\"@type\":\"ImageObject\",\"inLanguage\":\"it\",\"@id\":\"https:\/\/www.etoro.com\/it\/customer-service\/account-verification\/#primaryimage\",\"url\":\"https:\/\/www.etoro.com\/wp-content\/uploads\/2024\/01\/IT_How-to-verify-your-eToro-account_Featured-image-1200x630-1.png\",\"contentUrl\":\"https:\/\/www.etoro.com\/wp-content\/uploads\/2024\/01\/IT_How-to-verify-your-eToro-account_Featured-image-1200x630-1.png\",\"width\":1200,\"height\":630},{\"@type\":\"BreadcrumbList\",\"@id\":\"https:\/\/www.etoro.com\/it\/customer-service\/account-verification\/#breadcrumb\",\"itemListElement\":[{\"@type\":\"ListItem\",\"position\":1,\"name\":\"Home\",\"item\":\"https:\/\/www.etoro.com\/it\/\"},{\"@type\":\"ListItem\",\"position\":2,\"name\":\"SERVIZIO CLIENTI\",\"item\":\"https:\/\/www.etoro.com\/it\/customer-service\/\"},{\"@type\":\"ListItem\",\"position\":3,\"name\":\"VERIFICA ACCOUNT\"}]},{\"@type\":\"WebSite\",\"@id\":\"https:\/\/www.etoro.com\/it\/#website\",\"url\":\"https:\/\/www.etoro.com\/it\/\",\"name\":\"eToro\",\"description\":\"\",\"publisher\":{\"@id\":\"https:\/\/www.etoro.com\/it\/#organization\"},\"potentialAction\":[{\"@type\":\"SearchAction\",\"target\":{\"@type\":\"EntryPoint\",\"urlTemplate\":\"https:\/\/www.etoro.com\/it\/?s={search_term_string}\"},\"query-input\":{\"@type\":\"PropertyValueSpecification\",\"valueRequired\":true,\"valueName\":\"search_term_string\"}}],\"inLanguage\":\"it\"},[]]}<\/script>","yoast_head_json":{"title":"Come verificare il tuo account eToro - eToro","description":"Verifica il tuo account eToro in pochi passaggi. La verifica \u00e8 parte vincolante della registrazione, necessaria per rimuovere le restrizioni sui depositi.","robots":{"index":"index","follow":"follow","max-snippet":"max-snippet:-1","max-image-preview":"max-image-preview:large","max-video-preview":"max-video-preview:-1"},"canonical":"https:\/\/www.etoro.com\/it\/wp-json\/wp\/v2\/pages\/29708","og_locale":"it_IT","og_type":"article","og_title":"Come verificare il tuo account eToro - eToro","og_description":"Verifica il tuo account eToro in pochi passaggi. La verifica \u00e8 parte vincolante della registrazione, necessaria per rimuovere le restrizioni sui depositi.","og_url":"https:\/\/www.etoro.com\/it\/wp-json\/wp\/v2\/pages\/29708","og_site_name":"eToro","article_publisher":"https:\/\/www.facebook.com\/eToro\/","article_modified_time":"2025-05-12T12:00:15+00:00","og_image":[{"width":1200,"height":630,"url":"https:\/\/www.etoro.com\/wp-content\/uploads\/2024\/01\/IT_How-to-verify-your-eToro-account_Featured-image-1200x630-1.png","type":"image\/png"}],"twitter_card":"summary_large_image","twitter_site":"@eToro","twitter_misc":{"Est. reading time":"3 minutes"},"schema":{"@context":"https:\/\/schema.org","@graph":[{"@type":"WebPage","@id":"https:\/\/www.etoro.com\/it\/customer-service\/account-verification\/","url":"https:\/\/www.etoro.com\/it\/customer-service\/account-verification\/","name":"Come verificare il tuo account eToro - eToro","isPartOf":{"@id":"https:\/\/www.etoro.com\/it\/#website"},"primaryImageOfPage":{"@id":"https:\/\/www.etoro.com\/it\/customer-service\/account-verification\/#primaryimage"},"image":{"@id":"https:\/\/www.etoro.com\/it\/customer-service\/account-verification\/#primaryimage"},"thumbnailUrl":"https:\/\/www.etoro.com\/wp-content\/uploads\/2024\/01\/IT_How-to-verify-your-eToro-account_Featured-image-1200x630-1.png","datePublished":"2018-02-28T15:52:11+00:00","dateModified":"2025-05-12T12:00:15+00:00","description":"Verifica il tuo account eToro in pochi passaggi. La verifica \u00e8 parte vincolante della registrazione, necessaria per rimuovere le restrizioni sui depositi.","breadcrumb":{"@id":"https:\/\/www.etoro.com\/it\/customer-service\/account-verification\/#breadcrumb"},"inLanguage":"it","potentialAction":[{"@type":"ReadAction","target":["https:\/\/www.etoro.com\/it\/customer-service\/account-verification\/"]}]},{"@type":"ImageObject","inLanguage":"it","@id":"https:\/\/www.etoro.com\/it\/customer-service\/account-verification\/#primaryimage","url":"https:\/\/www.etoro.com\/wp-content\/uploads\/2024\/01\/IT_How-to-verify-your-eToro-account_Featured-image-1200x630-1.png","contentUrl":"https:\/\/www.etoro.com\/wp-content\/uploads\/2024\/01\/IT_How-to-verify-your-eToro-account_Featured-image-1200x630-1.png","width":1200,"height":630},{"@type":"BreadcrumbList","@id":"https:\/\/www.etoro.com\/it\/customer-service\/account-verification\/#breadcrumb","itemListElement":[{"@type":"ListItem","position":1,"name":"Home","item":"https:\/\/www.etoro.com\/it\/"},{"@type":"ListItem","position":2,"name":"SERVIZIO CLIENTI","item":"https:\/\/www.etoro.com\/it\/customer-service\/"},{"@type":"ListItem","position":3,"name":"VERIFICA ACCOUNT"}]},{"@type":"WebSite","@id":"https:\/\/www.etoro.com\/it\/#website","url":"https:\/\/www.etoro.com\/it\/","name":"eToro","description":"","publisher":{"@id":"https:\/\/www.etoro.com\/it\/#organization"},"potentialAction":[{"@type":"SearchAction","target":{"@type":"EntryPoint","urlTemplate":"https:\/\/www.etoro.com\/it\/?s={search_term_string}"},"query-input":{"@type":"PropertyValueSpecification","valueRequired":true,"valueName":"search_term_string"}}],"inLanguage":"it"},[]]}},"_links":{"self":[{"href":"https:\/\/www.etoro.com\/it\/wp-json\/wp\/v2\/pages\/29708"}],"collection":[{"href":"https:\/\/www.etoro.com\/it\/wp-json\/wp\/v2\/pages"}],"about":[{"href":"https:\/\/www.etoro.com\/it\/wp-json\/wp\/v2\/types\/page"}],"author":[{"embeddable":true,"href":"https:\/\/www.etoro.com\/it\/wp-json\/wp\/v2\/users\/45"}],"replies":[{"embeddable":true,"href":"https:\/\/www.etoro.com\/it\/wp-json\/wp\/v2\/comments?post=29708"}],"version-history":[{"count":0,"href":"https:\/\/www.etoro.com\/it\/wp-json\/wp\/v2\/pages\/29708\/revisions"}],"up":[{"embeddable":true,"href":"https:\/\/www.etoro.com\/it\/wp-json\/wp\/v2\/pages\/6959"}],"wp:featuredmedia":[{"embeddable":true,"href":"https:\/\/www.etoro.com\/it\/wp-json\/wp\/v2\/media\/818151"}],"wp:attachment":[{"href":"https:\/\/www.etoro.com\/it\/wp-json\/wp\/v2\/media?parent=29708"}],"wp:term":[{"taxonomy":"asset_type","embeddable":true,"href":"https:\/\/www.etoro.com\/it\/wp-json\/wp\/v2\/asset_type?post=29708"}],"curies":[{"name":"wp","href":"https:\/\/api.w.org\/{rel}","templated":true}]}}