{"id":343864,"date":"2022-01-12T16:12:15","date_gmt":"2022-01-12T14:12:15","guid":{"rendered":"https:\/\/www.etoro.com\/investing\/financial-independence\/"},"modified":"2026-03-17T09:28:46","modified_gmt":"2026-03-17T07:28:46","slug":"financial-independence","status":"publish","type":"page","link":"https:\/\/www.etoro.com\/it\/investing\/financial-independence\/","title":{"rendered":"Indipendenza finanziaria"},"content":{"rendered":"\n<p class=\"is-style-summary\">Raggiungere l\u2019indipendenza finanziaria \u00e8 il desiderio di molte persone. Si tratta, per\u00f2, di un obiettivo che pu\u00f2 assumere significati diversi. Per alcuni, infatti, essere liberi finanziariamente vuol dire ottenere un determinato stile di vita. Per altri, invece, significa poter andare in pensione anticipatamente.<\/p>\n\n\n\n<p class=\"is-style-summary\">In questa guida vedremo come cercare di raggiungere l\u2019indipendenza finanziaria attraverso una corretta pianificazione dei propri investimenti.<\/p>\n\n\n\n\n\n\n<hr class=\"wp-block-separator wp-block-separator-color-dark-grey wp-block-separator-spaces-medium wp-block-separator-weight-1 has-alpha-channel-opacity\"\/>\n\n\n\n<p>Per ottenere l\u2019indipendenza finanziaria \u00e8 fondamentale partire da un <strong>piano ben strutturato<\/strong> che tenga in considerazione gli <strong>obiettivi di investimento<\/strong>, la tua situazione economica e la <strong>tolleranza al rischio.<\/strong><\/p>\n\n\n\n<p>Ecco i passaggi principali per costruire un piano ben organizzato.<\/p>\n\n\n\n<h2 class=\"wp-block-heading\">Fissare gli obiettivi finanziari<\/h2>\n\n\n\n<p>Il primo passo per cercare di raggiungere la tua <strong>indipendenza finanziaria<\/strong> \u00e8 <strong>stabilire in modo chiaro e realistico i tuoi obiettivi<\/strong>. Ci\u00f2 ti servir\u00e0 per scegliere le strategie e i mercati pi\u00f9 adatti alle tue esigenze.<\/p>\n\n\n\n<p>Grazie a una pianificazione accurata, potrai misurare i tuoi progressi a breve, medio e lungo termine e reagire prontamente a eventuali cambiamenti dei mercati finanziari.<\/p>\n\n\n\n<p><mark>Il pensionamento anticipato \u00e8 uno degli obiettivi finanziari principali, sia per gli investitori principianti che per quelli esperti. Altri investitori desiderano migliorare la propria situazione economica o trovare fonti di reddito alternative rispetto al proprio lavoro.<\/mark><\/p>\n\n\n\n<p>Indipendentemente dalle tue preferenze,<strong> prima di effettuare qualsiasi investimento ricordati di pianificare chiaramente i tuoi obiettivi e il tuo orizzonte temporale.<\/strong><\/p>\n\n\n\n<div class=\"wp-block-etoro-tip wp-block-etoro-tip-border-yellow\"><span class=\"wp-block-etoro-tip-icon\"><\/span><div class=\"wp-block-etoro-tip-text\">\n<p><strong>Suggerimento: <\/strong>Gli investimenti possono aiutarti a diventare indipendente finanziariamente. \u00c8 necessario, per\u00f2, prepararti adeguatamente in modo da scegliere gli strumenti e i mercati pi\u00f9 adatti al tuo profilo di rischio.<\/p>\n<\/div><\/div>\n\n\n\n<h2 class=\"wp-block-heading\">Esamina la tua salute finanziaria<\/h2>\n\n\n\n<p><strong>Per costruire un piano di investimento solido \u00e8 importante considerare la tua situazione economica di partenza. <\/strong>Se, ad esempio, hai contratto un debito, dovresti cercare di estinguerlo o di ridurlo al minimo prima di pensare a investire.<\/p>\n\n\n\n<figure class=\"wp-block-image size-full\"><img loading=\"lazy\" decoding=\"async\" width=\"756\" height=\"400\" src=\"https:\/\/www.etoro.com\/wp-content\/uploads\/2023\/06\/Financial-independence-guide_Body-Image-1_-Setting-Financial-Goals.png\" alt=\"\" class=\"wp-image-629756 wp-image-desktop\" srcset=\"https:\/\/www.etoro.com\/wp-content\/uploads\/2023\/06\/Financial-independence-guide_Body-Image-1_-Setting-Financial-Goals.png 756w, https:\/\/www.etoro.com\/wp-content\/uploads\/2023\/06\/Financial-independence-guide_Body-Image-1_-Setting-Financial-Goals-300x159.png 300w\" sizes=\"(max-width: 756px) 100vw, 756px\" \/><\/figure>\n\n\n\n<p>Sarebbe poco conveniente, infatti, fare un investimento che renda, ad esempio, l\u20198% annuo se hai un prestito che ti addebita annualmente il 10%. Il <strong>corretto bilanciamento di debiti e investimenti<\/strong> \u00e8 un aspetto che dovresti sempre tenere a mente.<\/p>\n\n\n\n<p>Un altro fattore importante \u00e8 creare un <strong>fondo di emergenza<\/strong>. Avere delle riserve di liquidit\u00e0, infatti, pu\u00f2 proteggere i tuoi investimenti poich\u00e9 riduce il rischio che tu possa diventare un <strong>venditore forzato.<\/strong><\/p>\n\n\n\n<div class=\"wp-block-etoro-tip wp-block-etoro-tip-border-yellow\"><span class=\"wp-block-etoro-tip-icon\"><\/span><div class=\"wp-block-etoro-tip-text\">\n<p><strong>Suggerimento: <\/strong>L&#8217;importo che puoi guadagnare, risparmiare o investire rappresenta la variabile principale che pu\u00f2 influenzare le tue decisioni finanziarie. Tenere in considerazione tale aspetto ti aiuter\u00e0 a fissare il budget in modo pi\u00f9 accurato e consapevole.<\/p>\n<\/div><\/div>\n\n\n\n<h2 class=\"wp-block-heading\">Iniziare a investire<\/h2>\n\n\n\n<p>Dopo aver fissato i tuoi obiettivi finanziari e analizzato la situazione economica e la tolleranza al rischio, sei pronto per iniziare a investire.<\/p>\n\n\n\n<p>Per prima cosa, \u00e8 <strong>importante scegliere mercati e asset in linea con i tuoi orizzonti temporali<\/strong>. Gli asset con alta <strong>volatilit\u00e0<\/strong>, ad esempio, sono particolarmente consigliati per gli investitori a lungo termine dato che risentono meno delle fluttuazioni repentine dei prezzi.<\/p>\n\n\n\n<p>Altri aspetti da valutare riguardano la possibilit\u00e0 di usare gli investimenti per ridurre l\u2019impatto dell\u2019<strong>inflazione<\/strong> o per creare un potenziale <strong>reddito passivo.<\/strong><\/p>\n\n\n\n<div class=\"wp-block-etoro-emphasis wp-block-etoro-emphasis-border-green\">\n<p>Raggiungere la libert\u00e0 finanziaria richiede disciplina e pazienza.<\/p>\n<\/div>\n\n\n\n<p><strong>Far crescere la tua ricchezza e cercare di raggiungere la libert\u00e0 finanziaria richiedono disciplina e pazienza, ma investire non deve essere complicato.<\/strong><\/p>\n\n\n\n<p>\u00c8 importante, per\u00f2, affrontare le operazioni con la massima attenzione e seriet\u00e0, preparandosi nel modo giusto e acquisendo una conoscenza dei termini e dei concetti di base prima di effettuare qualsiasi operazione.<\/p>\n\n\n\n<figure class=\"wp-block-image size-full\"><img loading=\"lazy\" decoding=\"async\" width=\"756\" height=\"400\" src=\"https:\/\/www.etoro.com\/wp-content\/uploads\/2023\/06\/Financial-independence-guide_Body-Image-2_-Start-Investing.png\" alt=\"\" class=\"wp-image-629735 wp-image-desktop\" srcset=\"https:\/\/www.etoro.com\/wp-content\/uploads\/2023\/06\/Financial-independence-guide_Body-Image-2_-Start-Investing.png 756w, https:\/\/www.etoro.com\/wp-content\/uploads\/2023\/06\/Financial-independence-guide_Body-Image-2_-Start-Investing-300x159.png 300w\" sizes=\"(max-width: 756px) 100vw, 756px\" \/><\/figure>\n\n\n\n<h2 class=\"wp-block-heading\">Impostare i budget di investimento<\/h2>\n\n\n\n<p>Pianificare il budget da investire non \u00e8 semplice. Ci sono, per\u00f2, delle tecniche collaudate che possono aiutarti a gestire e impostare al meglio il tuo capitale.<\/p>\n\n\n\n<p><mark>Il metodo 70\/30, ad esempio, \u00e8 una tecnica che prevede di spendere il 70% dei guadagni e di investire il restante 30%. In alternativa, il piano 50\/30\/20 suddivide il <strong>reddito netto<\/strong> in tre modi: il 50% per le spese essenziali, il 30% per beni di lusso o spese accessorie e il 20% per risparmi e investimenti.<\/mark><\/p>\n\n\n\n<div class=\"wp-block-etoro-tip wp-block-etoro-tip-border-yellow\"><span class=\"wp-block-etoro-tip-icon\"><\/span><div class=\"wp-block-etoro-tip-text\">\n<p><strong>Suggerimento: <\/strong>Per gli investitori pi\u00f9 cauti \u00e8 preferibile investire in attivit\u00e0 a basso rischio.<\/p>\n<\/div><\/div>\n\n\n\n<h2 class=\"wp-block-heading\">Investire per il pensionamento anticipato<\/h2>\n\n\n\n<p>Gli obiettivi finanziari variano da persona a persona. Tuttavia, come visto, molti investitori <strong>hanno piani e obiettivi d\u2019investimento simili.<\/strong><\/p>\n\n\n\n<figure class=\"wp-block-image size-full\"><img loading=\"lazy\" decoding=\"async\" width=\"756\" height=\"400\" src=\"https:\/\/www.etoro.com\/wp-content\/uploads\/2023\/06\/Financial-independence-guide_Body-Image-3_-Investing-for-Early-Retirement.png\" alt=\"\" class=\"wp-image-629714 wp-image-desktop\" srcset=\"https:\/\/www.etoro.com\/wp-content\/uploads\/2023\/06\/Financial-independence-guide_Body-Image-3_-Investing-for-Early-Retirement.png 756w, https:\/\/www.etoro.com\/wp-content\/uploads\/2023\/06\/Financial-independence-guide_Body-Image-3_-Investing-for-Early-Retirement-300x159.png 300w\" sizes=\"(max-width: 756px) 100vw, 756px\" \/><\/figure>\n\n\n\n<p>In questi casi potrebbe tornare utile la funzione \u201c<a href=\"https:\/\/www.etoro.com\/it\/copytrader\/how-it-works\/\">copy trading<\/a>\u201d di <strong>eToro<\/strong> che permette di copiare le strategie dei trader di maggior successo.<\/p>\n\n\n\n<p>Per chi desidera andare in pensione anticipatamente, un\u2019ottima opzione \u00e8 il programma \u201c<strong>Financial Independence Retire Early\u201d (FIRE)<\/strong> che consente di seguire le idee di investitori che si trovano nella stessa situazione.<\/p>\n\n\n\n<h2 class=\"wp-block-heading\">Considerazioni finali<\/h2>\n\n\n\n<p>Ottenere l&#8217;indipendenza finanziaria \u00e8 un obiettivo che accomuna molte persone. <strong>Per diventare finanziariamente liberi, per\u00f2, occorre tempo e un piano ben strutturato<\/strong> che preveda diverse fonti di reddito. Gli investimenti possono offrirti un valido aiuto per <strong>diversificare e incrementare i tuoi potenziali redditi.<\/strong><\/p>\n\n\n\n<p>Ricordati, per\u00f2, di scegliere asset e mercati in linea con il tuo profilo di rischio e con la tua situazione economica. Solo cos\u00ec, infatti, avrai la possibilit\u00e0 di <strong>raggiungere l\u2019indipendenza e la libert\u00e0 finanziaria<\/strong> <strong>senza sovraesporti.<\/strong><\/p>\n\n\n\n<p>Visita l\u2019<a href=\"https:\/\/www.etoro.com\/it\/academy\/\">Academy di eToro<\/a> e scopri come raggiungere la libert\u00e0 finanziaria.<\/p>\n\n\n\n<h2 class=\"wp-block-heading\">Quiz<\/h2>\n\n\n\n<div class=\"wp-block-etoro-quizzes\">\n<div class=\"wp-block-etoro-quiz\" data-answer=\"3\"><div class=\"wp-block-etoro-quiz-body\"><div class=\"wp-block-etoro-quiz-question\">Quando si decide in quali asset investire per raggiungere la libert\u00e0 finanziaria, quale fattore dovrebbe essere considerato?<\/div>\n<div class=\"wp-block-etoro-quiz-item\">Volatilit\u00e0 dei prezzi a breve termine<\/div>\n\n\n\n<div class=\"wp-block-etoro-quiz-item\">Impatto dell&#8217;inflazione<\/div>\n\n\n\n<div class=\"wp-block-etoro-quiz-item\">Rendita costante<\/div>\n\n\n\n<div class=\"wp-block-etoro-quiz-item\">Tutte le opzioni sopra elencate<\/div>\n<\/div><div class=\"wp-block-etoro-quiz-result\">\u00a0<\/div><\/div>\n<\/div>\n\n\n\n<h2 class=\"wp-block-heading\">Domande frequenti<\/h2>\n\n\n\n<dl class=\"wp-block-etoro-faq\">\n<div class=\"wp-block-etoro-faq-item\"><dt class=\"wp-block-etoro-faq-item-question\">In quali tipi di asset posso investire?<\/dt><dd class=\"wp-block-etoro-faq-item-answer\">\n<p>Puoi investire in una vasta gamma di asset, come <a href=\"https:\/\/www.etoro.com\/it\/discover\/markets\/stocks\">azioni<\/a>, <a href=\"https:\/\/www.etoro.com\/it\/markets\/tlt\">obbligazioni<\/a>, <a href=\"https:\/\/www.etoro.com\/it\/discover\/markets\/etf\">ETF<\/a>, <a href=\"https:\/\/www.etoro.com\/it\/discover\/markets\/commodities\">materie prime<\/a> e <a href=\"https:\/\/www.etoro.com\/it\/crypto\/\">criptovalute<\/a>. Per la loro variet\u00e0 e liquidit\u00e0 i mercati finanziari rappresentano una scelta d\u2019investimento molto valida. In alternativa, potresti valutare mercati diversi, come quello dei <a href=\"https:\/\/www.etoro.com\/it\/news-and-analysis\/investing\/consider-reits-for-your-portfolio\/\">beni immobiliari<\/a>.<\/p>\n<\/dd><\/div>\n\n\n\n<div class=\"wp-block-etoro-faq-item\"><dt class=\"wp-block-etoro-faq-item-question\">Che tipo di rendimento posso ottenere investendo?<\/dt><dd class=\"wp-block-etoro-faq-item-answer\">\n<p>L&#8217;indice azionario <a href=\"https:\/\/www.etoro.com\/it\/markets\/spx500\">S&amp;P 500<\/a> viene spesso utilizzato come misura di riferimento per il rendimento degli investimenti. L\u2019indice ha restituito un rendimento annualizzato storico del 10,26% dal suo lancio nel 1957 fino alla fine del 2023. Nulla \u00e8 garantito nei mercati finanziari ed \u00e8 sempre possibile perdere denaro, ma questi valori possono essere degli utili indicatori per chi desidera investire.<\/p>\n<\/dd><\/div>\n\n\n\n<div class=\"wp-block-etoro-faq-item\"><dt class=\"wp-block-etoro-faq-item-question\">Cos&#8217;\u00e8 l&#8217;asset allocation?<\/dt><dd class=\"wp-block-etoro-faq-item-answer\">\n<p>L&#8217;asset allocation indica la procedura tramite cui un investitore decide quanto capitale investire nei diversi asset finanziari. Puoi modificare periodicamente la tua asset allocation in modo da riequilibrare il portafoglio in base ai cambiamenti delle condizioni di mercato o dei tuoi obiettivi di investimento.<\/p>\n<\/dd><\/div>\n\n\n\n<div class=\"wp-block-etoro-faq-item\"><dt class=\"wp-block-etoro-faq-item-question\">In che modo l&#8217;investimento pu\u00f2 accelerare l&#8217;indipendenza finanziaria?<\/dt><dd class=\"wp-block-etoro-faq-item-answer\">\n<p>Investire aiuta a costruire un capitale solido a cui attingere per sostenere i propri progetti di vita, come <a href=\"https:\/\/www.etoro.com\/it\/investing\/financial-independence\/\">l&#8217;indipendenza finanziaria<\/a> o un anno sabatico. \u00c8 fondamentale sviluppare un piano d&#8217;investimento flessibile, capace di adattarsi a cambiamenti imprevisti delle circostanze personali.<\/p>\n<\/dd><\/div>\n\n\n\n<div class=\"wp-block-etoro-faq-item\"><dt class=\"wp-block-etoro-faq-item-question\">Come posso bilanciare spese e risparmi per puntare all&#8217;indipendenza finanziaria?<\/dt><dd class=\"wp-block-etoro-faq-item-answer\">\n<p>Effettua un&#8217;analisi accurata di entrate e uscite per stabilire una cifra realistica da destinare mensilmente agli investimenti. Considera come la tua situazione potrebbe cambiare nel medio-lungo termine e mantieni sempre un fondo di emergenza liquido. Questo ti eviter\u00e0 di dover liquidare i tuoi investimenti in <a href=\"https:\/\/www.etoro.com\/it\/trading\/valuation-methods\/\">momenti di mercato sfavorevoli<\/a> per far fronte a spese impreviste.<\/p>\n<\/dd><\/div>\n<\/dl>\n\n\n\n\t\t<style>\n\t\t\t.rtl .etoro-block-shortcode-disclaimer {\n\t\t\t\ttext-align:right;\n\t\t\t}\n\t\t\t.etoro-block-shortcode-disclaimer {\n\t\t\t\tmargin-bottom:18px;\n\t\t\t\ttext-align:left;\n\t\t\t}\n\t\t\t.etoro-block-shortcode-disclaimer p{\n\t\t\t\tfont-size: 12px;\n\t\t\t\tline-height: 18px;\n\t\t\t}\n\t\t\t@media (min-width: 768px) {\n\t\t\t\t.etoro-block-shortcode-disclaimer {\n\t\t\t\t\tmax-width:1176px;\n\t\t\t\t\ttext-align:center;\n\t\t\t\t}\n\t\t\t\t.etoro-block-shortcode-disclaimer p {\n\t\t\t\t\tfont-size: 14px;\n\t\t\t\t\tline-height: 20px;\n\t\t\t\t}\n\t\t\t}\n\t\t<\/style>\n\t\t<div class='etoro-block-shortcode-disclaimer'><p>Le presenti informazioni vengono fornite al solo scopo educativo e non rappresentano consigli d\u2019investimento o suggerimenti personali. Tali informazioni non devono quindi essere interpretate come offerte o solleciti di compravendita di strumenti finanziari.<\/p>\n<p>Il materiale \u00e8 stato preparato senza tener conto di precisi obiettivi d\u2019investimento o specifiche situazioni finanziarie e non soddisfa pertanto i criteri legali e legislativi previsti per la promozione di ricerche indipendenti.<\/p>\n<p><strong>Non tutti gli strumenti finanziari e i servizi cui viene fatto riferimento sono offerti da eToro<\/strong> e qualsiasi riferimento alle prestazioni passate di uno specifico strumento, indice o prodotto d\u2019investimento preassemblato non rappresenta n\u00e9 deve essere interpretato come un indicatore affidabile di possibili prestazioni future. <strong>La disponibilit\u00e0 di tutti i prodotti e servizi sopra menzionati pu\u00f2 variare a seconda della giurisdizione e del Paese.<\/strong><\/p>\n<p>eToro non offre alcuna garanzia n\u00e9 si assume la responsabilit\u00e0 in merito all\u2019accuratezza o alla completezza del contenuto esposto nella presente guida. Il lettore deve garantire di aver compreso appieno i rischi comportati dal trading prima di impegnare capitale. Si sconsiglia di mettere a rischio pi\u00f9 denaro di quanto non se ne possa perdere.<\/p>\n<\/div>\n","protected":false},"excerpt":{"rendered":"<p>Raggiungere l\u2019indipendenza finanziaria \u00e8 il desiderio di molte persone. Si tratta, per\u00f2, di un obiettivo che pu\u00f2 assumere significati diversi. Per alcuni, infatti, essere liberi finanziariamente vuol dire ottenere un determinato stile di vita. Per altri, invece, significa poter andare in pensione anticipatamente. In questa guida vedremo come cercare di raggiungere l\u2019indipendenza finanziaria attraverso una&hellip;<\/p>\n","protected":false},"author":95,"featured_media":973554,"parent":19765,"menu_order":0,"comment_status":"closed","ping_status":"closed","template":"","meta":{"_acf_changed":false,"inline_featured_image":false,"sticky_cta_settings":"","footnotes":""},"asset_type":[],"class_list":["post-343864","page","type-page","status-publish","has-post-thumbnail","hentry"],"acf":[],"yoast_head":"<title>Indipendenza Finanziaria | Crea la tua libert\u00e0 finanziaria<\/title>\n<meta name=\"description\" content=\"Vuoi diventare libero finanziariamente? Scopri come ottenere l\u2019indipendenza finanziaria attraverso una corretta pianificazione dei tuoi investimenti.\" \/>\n<meta name=\"robots\" content=\"index, follow, max-snippet:-1, max-image-preview:large, max-video-preview:-1\" \/>\n<link rel=\"canonical\" href=\"https:\/\/www.etoro.com\/it\/wp-json\/wp\/v2\/pages\/343864\" \/>\n<meta property=\"og:locale\" content=\"it_IT\" \/>\n<meta property=\"og:type\" content=\"article\" \/>\n<meta property=\"og:title\" content=\"Indipendenza Finanziaria | Crea la tua libert\u00e0 finanziaria\" \/>\n<meta property=\"og:description\" content=\"Vuoi diventare libero finanziariamente? Scopri come ottenere l\u2019indipendenza finanziaria attraverso una corretta pianificazione dei tuoi investimenti.\" \/>\n<meta property=\"og:url\" content=\"https:\/\/www.etoro.com\/it\/wp-json\/wp\/v2\/pages\/343864\" \/>\n<meta property=\"og:site_name\" content=\"eToro\" \/>\n<meta property=\"article:publisher\" content=\"https:\/\/www.facebook.com\/eToro\/\" \/>\n<meta property=\"article:modified_time\" content=\"2026-03-17T07:28:46+00:00\" \/>\n<meta property=\"og:image\" content=\"https:\/\/www.etoro.com\/wp-content\/uploads\/2024\/12\/IT-Financial-Independence-1200x630-1.png\" \/>\n\t<meta property=\"og:image:width\" content=\"1200\" \/>\n\t<meta property=\"og:image:height\" content=\"630\" \/>\n\t<meta property=\"og:image:type\" content=\"image\/png\" \/>\n<meta name=\"twitter:card\" content=\"summary_large_image\" \/>\n<meta name=\"twitter:site\" content=\"@eToro\" \/>\n<meta name=\"twitter:label1\" content=\"Est. reading time\" \/>\n\t<meta name=\"twitter:data1\" content=\"8 minutes\" \/>\n<script type=\"application\/ld+json\" class=\"yoast-schema-graph\">{\"@context\":\"https:\/\/schema.org\",\"@graph\":[{\"@type\":\"WebPage\",\"@id\":\"https:\/\/www.etoro.com\/it\/investing\/financial-independence\/\",\"url\":\"https:\/\/www.etoro.com\/it\/investing\/financial-independence\/\",\"name\":\"Indipendenza Finanziaria | Crea la tua libert\u00e0 finanziaria\",\"isPartOf\":{\"@id\":\"https:\/\/www.etoro.com\/it\/#website\"},\"primaryImageOfPage\":{\"@id\":\"https:\/\/www.etoro.com\/it\/investing\/financial-independence\/#primaryimage\"},\"image\":{\"@id\":\"https:\/\/www.etoro.com\/it\/investing\/financial-independence\/#primaryimage\"},\"thumbnailUrl\":\"https:\/\/www.etoro.com\/wp-content\/uploads\/2024\/12\/IT-Financial-Independence-1200x630-1.png\",\"datePublished\":\"2022-01-12T14:12:15+00:00\",\"dateModified\":\"2026-03-17T07:28:46+00:00\",\"description\":\"Vuoi diventare libero finanziariamente? Scopri come ottenere l\u2019indipendenza finanziaria attraverso una corretta pianificazione dei tuoi investimenti.\",\"breadcrumb\":{\"@id\":\"https:\/\/www.etoro.com\/it\/investing\/financial-independence\/#breadcrumb\"},\"inLanguage\":\"it\",\"potentialAction\":[{\"@type\":\"ReadAction\",\"target\":[\"https:\/\/www.etoro.com\/it\/investing\/financial-independence\/\"]}]},{\"@type\":\"ImageObject\",\"inLanguage\":\"it\",\"@id\":\"https:\/\/www.etoro.com\/it\/investing\/financial-independence\/#primaryimage\",\"url\":\"https:\/\/www.etoro.com\/wp-content\/uploads\/2024\/12\/IT-Financial-Independence-1200x630-1.png\",\"contentUrl\":\"https:\/\/www.etoro.com\/wp-content\/uploads\/2024\/12\/IT-Financial-Independence-1200x630-1.png\",\"width\":1200,\"height\":630},{\"@type\":\"BreadcrumbList\",\"@id\":\"https:\/\/www.etoro.com\/it\/investing\/financial-independence\/#breadcrumb\",\"itemListElement\":[{\"@type\":\"ListItem\",\"position\":1,\"name\":\"Home\",\"item\":\"https:\/\/www.etoro.com\/it\/\"},{\"@type\":\"ListItem\",\"position\":2,\"name\":\"Investire\",\"item\":\"https:\/\/www.etoro.com\/it\/investing\/\"},{\"@type\":\"ListItem\",\"position\":3,\"name\":\"Indipendenza finanziaria\"}]},{\"@type\":\"WebSite\",\"@id\":\"https:\/\/www.etoro.com\/it\/#website\",\"url\":\"https:\/\/www.etoro.com\/it\/\",\"name\":\"eToro\",\"description\":\"\",\"publisher\":{\"@id\":\"https:\/\/www.etoro.com\/it\/#organization\"},\"potentialAction\":[{\"@type\":\"SearchAction\",\"target\":{\"@type\":\"EntryPoint\",\"urlTemplate\":\"https:\/\/www.etoro.com\/it\/?s={search_term_string}\"},\"query-input\":{\"@type\":\"PropertyValueSpecification\",\"valueRequired\":true,\"valueName\":\"search_term_string\"}}],\"inLanguage\":\"it\"},[]]}<\/script>","yoast_head_json":{"title":"Indipendenza Finanziaria | Crea la tua libert\u00e0 finanziaria","description":"Vuoi diventare libero finanziariamente? Scopri come ottenere l\u2019indipendenza finanziaria attraverso una corretta pianificazione dei tuoi investimenti.","robots":{"index":"index","follow":"follow","max-snippet":"max-snippet:-1","max-image-preview":"max-image-preview:large","max-video-preview":"max-video-preview:-1"},"canonical":"https:\/\/www.etoro.com\/it\/wp-json\/wp\/v2\/pages\/343864","og_locale":"it_IT","og_type":"article","og_title":"Indipendenza Finanziaria | Crea la tua libert\u00e0 finanziaria","og_description":"Vuoi diventare libero finanziariamente? Scopri come ottenere l\u2019indipendenza finanziaria attraverso una corretta pianificazione dei tuoi investimenti.","og_url":"https:\/\/www.etoro.com\/it\/wp-json\/wp\/v2\/pages\/343864","og_site_name":"eToro","article_publisher":"https:\/\/www.facebook.com\/eToro\/","article_modified_time":"2026-03-17T07:28:46+00:00","og_image":[{"width":1200,"height":630,"url":"https:\/\/www.etoro.com\/wp-content\/uploads\/2024\/12\/IT-Financial-Independence-1200x630-1.png","type":"image\/png"}],"twitter_card":"summary_large_image","twitter_site":"@eToro","twitter_misc":{"Est. reading time":"8 minutes"},"schema":{"@context":"https:\/\/schema.org","@graph":[{"@type":"WebPage","@id":"https:\/\/www.etoro.com\/it\/investing\/financial-independence\/","url":"https:\/\/www.etoro.com\/it\/investing\/financial-independence\/","name":"Indipendenza Finanziaria | Crea la tua libert\u00e0 finanziaria","isPartOf":{"@id":"https:\/\/www.etoro.com\/it\/#website"},"primaryImageOfPage":{"@id":"https:\/\/www.etoro.com\/it\/investing\/financial-independence\/#primaryimage"},"image":{"@id":"https:\/\/www.etoro.com\/it\/investing\/financial-independence\/#primaryimage"},"thumbnailUrl":"https:\/\/www.etoro.com\/wp-content\/uploads\/2024\/12\/IT-Financial-Independence-1200x630-1.png","datePublished":"2022-01-12T14:12:15+00:00","dateModified":"2026-03-17T07:28:46+00:00","description":"Vuoi diventare libero finanziariamente? Scopri come ottenere l\u2019indipendenza finanziaria attraverso una corretta pianificazione dei tuoi investimenti.","breadcrumb":{"@id":"https:\/\/www.etoro.com\/it\/investing\/financial-independence\/#breadcrumb"},"inLanguage":"it","potentialAction":[{"@type":"ReadAction","target":["https:\/\/www.etoro.com\/it\/investing\/financial-independence\/"]}]},{"@type":"ImageObject","inLanguage":"it","@id":"https:\/\/www.etoro.com\/it\/investing\/financial-independence\/#primaryimage","url":"https:\/\/www.etoro.com\/wp-content\/uploads\/2024\/12\/IT-Financial-Independence-1200x630-1.png","contentUrl":"https:\/\/www.etoro.com\/wp-content\/uploads\/2024\/12\/IT-Financial-Independence-1200x630-1.png","width":1200,"height":630},{"@type":"BreadcrumbList","@id":"https:\/\/www.etoro.com\/it\/investing\/financial-independence\/#breadcrumb","itemListElement":[{"@type":"ListItem","position":1,"name":"Home","item":"https:\/\/www.etoro.com\/it\/"},{"@type":"ListItem","position":2,"name":"Investire","item":"https:\/\/www.etoro.com\/it\/investing\/"},{"@type":"ListItem","position":3,"name":"Indipendenza finanziaria"}]},{"@type":"WebSite","@id":"https:\/\/www.etoro.com\/it\/#website","url":"https:\/\/www.etoro.com\/it\/","name":"eToro","description":"","publisher":{"@id":"https:\/\/www.etoro.com\/it\/#organization"},"potentialAction":[{"@type":"SearchAction","target":{"@type":"EntryPoint","urlTemplate":"https:\/\/www.etoro.com\/it\/?s={search_term_string}"},"query-input":{"@type":"PropertyValueSpecification","valueRequired":true,"valueName":"search_term_string"}}],"inLanguage":"it"},[]]}},"_links":{"self":[{"href":"https:\/\/www.etoro.com\/it\/wp-json\/wp\/v2\/pages\/343864"}],"collection":[{"href":"https:\/\/www.etoro.com\/it\/wp-json\/wp\/v2\/pages"}],"about":[{"href":"https:\/\/www.etoro.com\/it\/wp-json\/wp\/v2\/types\/page"}],"author":[{"embeddable":true,"href":"https:\/\/www.etoro.com\/it\/wp-json\/wp\/v2\/users\/95"}],"replies":[{"embeddable":true,"href":"https:\/\/www.etoro.com\/it\/wp-json\/wp\/v2\/comments?post=343864"}],"version-history":[{"count":0,"href":"https:\/\/www.etoro.com\/it\/wp-json\/wp\/v2\/pages\/343864\/revisions"}],"up":[{"embeddable":true,"href":"https:\/\/www.etoro.com\/it\/wp-json\/wp\/v2\/pages\/19765"}],"wp:featuredmedia":[{"embeddable":true,"href":"https:\/\/www.etoro.com\/it\/wp-json\/wp\/v2\/media\/973554"}],"wp:attachment":[{"href":"https:\/\/www.etoro.com\/it\/wp-json\/wp\/v2\/media?parent=343864"}],"wp:term":[{"taxonomy":"asset_type","embeddable":true,"href":"https:\/\/www.etoro.com\/it\/wp-json\/wp\/v2\/asset_type?post=343864"}],"curies":[{"name":"wp","href":"https:\/\/api.w.org\/{rel}","templated":true}]}}