{"id":351341,"date":"2022-03-27T13:52:22","date_gmt":"2022-03-27T10:52:22","guid":{"rendered":"https:\/\/www.etoro.com\/trading\/disruptions\/"},"modified":"2024-08-12T16:33:33","modified_gmt":"2024-08-12T13:33:33","slug":"disruptions","status":"publish","type":"page","link":"https:\/\/www.etoro.com\/it\/trading\/disruptions\/","title":{"rendered":"Turbative delle negoziazioni"},"content":{"rendered":"<h1>Turbative delle negoziazioni: cosa sono, quali sono le loro cause e come influenzano la tua esperienza su eToro<\/h1>\n<p>Per oltre un decennio, eToro \u00e8 stata al centro della rivoluzione della tecnofinanza. Con oltre 25 milioni di utenti registrati, eToro \u00e8 la rete di investimento sociale leader al mondo. Noi di eToro offriamo ai nostri utenti un&#8217;ampia gamma di asset su cui fare trading e investire.<\/p>\n<p>Sebbene al giorno d&#8217;oggi investire sia pi\u00f9 facile che mai, a volte le cose non vanno esattamente come previsto. eToro adotta le misure necessarie per garantire ai propri utenti l&#8217;ambiente pi\u00f9 sicuro possibile. Poich\u00e9 saltuariamente possono verificarsi delle turbative delle negoziazioni, desideriamo spiegare cosa sono e ci\u00f2 che puoi, e non puoi, fare in questi frangenti.<\/p>\n<h2>Cosa sono le turbative delle negoziazioni?<\/h2>\n<p>Le turbative delle negoziazioni sono situazioni in cui i mercati cessano di funzionare regolarmente, di solito a causa di movimenti rapidi e significativi del mercato. Non esiste una specifica causa scatenante delle turbative delle negoziazioni. Possono derivare da attivit\u00e0 di trading insolite (come un crollo o una crescita smisurata) o da minacce di natura fisica al mercato azionario, come ad esempio una guerra. Indipendentemente dalle cause, le turbative delle negoziazioni sono la conseguenza di condizioni insolite del mercato, che possono causare panico e determinare squilibri nel trading.<\/p>\n<p>Dopo il crollo del mercato del 1987, sono stati adottati blocchi automatici, limiti di prezzo e altri sistemi al fine di ridurre al minimo i rischi associati alle turbative delle negoziazioni. Tali sistemi hanno lo scopo di arrestare le negoziazioni in caso di rapidi crolli dei mercati.<\/p>\n<h2>Esempi di turbative di negoziazioni<\/h2>\n<p>Le turbative delle negoziazioni possono avere luogo quando si verifica un movimento molto repentino nei mercati, innescato dagli investitori preoccupati dal fatto che diversi fattori possano causare ampi problemi in grado di rallentare i mercati. Le interruzioni e le turbative del mercato si verificano per molte ragioni, come abbiamo avuto modo di osservare nella storia recente.<\/p>\n<p><img loading=\"lazy\" decoding=\"async\" class=\"size-full wp-image-349135 aligncenter\" src=\"https:\/\/www.etoro.com\/wp-content\/uploads\/2022\/03\/22.09.2021_Trading_Disruptions_inability_to_close_positions_during_volatile_market_conditions_1024X342.jpg\" alt=\"\" width=\"1024\" height=\"342\" srcset=\"https:\/\/www.etoro.com\/wp-content\/uploads\/2022\/03\/22.09.2021_Trading_Disruptions_inability_to_close_positions_during_volatile_market_conditions_1024X342.jpg 1024w, https:\/\/www.etoro.com\/wp-content\/uploads\/2022\/03\/22.09.2021_Trading_Disruptions_inability_to_close_positions_during_volatile_market_conditions_1024X342-300x100.jpg 300w, https:\/\/www.etoro.com\/wp-content\/uploads\/2022\/03\/22.09.2021_Trading_Disruptions_inability_to_close_positions_during_volatile_market_conditions_1024X342-768x257.jpg 768w\" sizes=\"(max-width: 1024px) 100vw, 1024px\" \/><\/p>\n<p>Il 2020 \u00e8 stato un anno turbolento per il mercato azionario, a causa del COVID-19 e del significativo impatto che ha avuto su scala globale. Nel marzo di quell&#8217;anno, per la prima volta dal 2008, Wall Street ha attraversato quello che potrebbe essere definito un crollo, con i tre principali indici in negativo di percentuali significative. Il 16 marzo dello stesso anno, poco dopo l&#8217;apertura del mercato, l&#8217;indice SPX500 aveva lasciato sul terreno il 7%. Gli interruttori automatici erano entrati in azione e il trading era stato interrotto per 15 minuti. Era il terzo stop quella settimana, dopo le interruzioni del 9 e 12 marzo.<\/p>\n<p>Anche dei problemi di natura tecnica possono causare interruzioni del funzionamento del mercato, come quello che ha avuto luogo l&#8217;8 luglio 2015, quando un inconveniente tecnico ha fermato la Borsa di New York per diverse ore. Anche i tragici eventi dell&#8217;11 settembre 2001 hanno portato a un arresto, con i mercati che sono rimasti chiusi fino al 17 settembre.<\/p>\n<h2>Perch\u00e9 potresti non essere in grado di aprire o chiudere una posizione<\/h2>\n<h3>Mancanza di liquidit\u00e0 o impossibilit\u00e0 di ricevere i prezzi dai nostri fornitori di liquidit\u00e0<\/h3>\n<p>Ogni volta che un utente desidera aprire o chiudere una negoziazione, deve esserci una controparte. In altre parole, ci\u00f2 significa che qualcun altro deve essere disposto a comprare ci\u00f2 che il trader desidera vendere, e viceversa. Se non \u00e8 possibile trovare una controparte, o se non ci sono abbastanza acquirenti o venditori sul mercato, ci\u00f2 comporter\u00e0 l&#8217;impossibilit\u00e0 di aprire o chiudere una posizione. Questa situazione viene definita come &#8220;mancanza di liquidit\u00e0&#8221;.<\/p>\n<h3>Il titolo potrebbe essere sospeso dalla borsa<\/h3>\n<p>Le borse hanno ampi poteri in termini di sospensioni e possono interrompere la negoziazione di azioni specifiche, di solito a causa di una o pi\u00f9 delle seguenti situazioni:<\/p>\n<ul>\n<li aria-level=\"1\">Estrema volatilit\u00e0: le azioni possono essere bloccate a causa di operazioni di trading irregolari, su cui la borsa intende svolgere indagini.<\/li>\n<li aria-level=\"1\">Bassa liquidit\u00e0: le azioni possono essere bloccate a causa della mancanza o della scarsit\u00e0 di liquidit\u00e0.<\/li>\n<li aria-level=\"1\">Notizie: le azioni possono essere bloccate a causa di notizie in corso di pubblicazione. Ad esempio, se vengono diffuse notizie relative a un determinato titolo, la borsa potrebbe sospenderlo per alcuni minuti per dare agli investitori il tempo di aggiornarsi.<\/li>\n<\/ul>\n<h3>Impossibilit\u00e0 di aprire posizioni di VENDITA poich\u00e9 un asset non \u00e8 mutuabile<\/h3>\n<p>La <a href=\"https:\/\/www.etoro.com\/it\/trading\/buy-sell-and-close-position\/\">vendita allo scoperto<\/a> ha luogo quando un investitore prende in prestito un titolo e lo vende, pianificando di riacquistarlo successivamente a un prezzo inferiore. Un titolo non mutuabile \u00e8 un titolo che non pu\u00f2 essere prestato ai venditori allo scoperto, e ci\u00f2 potrebbe verificarsi quando non c&#8217;\u00e8 nessuno disposto a prestarlo. Su eToro, la vendita di un asset non \u00e8 disponibile quando il titolo non \u00e8 mutuabile.<\/p>\n<h3>Estrema volatilit\u00e0 su diverse asset class<\/h3>\n<p>Le azioni e gli indici non sono le uniche asset class disponibili su eToro: offriamo anche criptovalute, coppie valutarie, materie prime ed ETF. eToro dispone dei propri interruttori interni, attivi in tutte le asset class. Quando riscontriamo un&#8217;estrema volatilit\u00e0 su un determinato asset, gli interruttori possono entrare in funzione e disabilitare temporaneamente la possibilit\u00e0 di aprire\/chiudere posizioni.<\/p>\n<h3>Interruttori automatici di eToro<\/h3>\n<p>eToro dispone anche di meccanismi di sicurezza. Sono chiamati interruttori automatici, poich\u00e9 si tratta di misure di emergenza utilizzate per fermare le attivit\u00e0 di trading in situazioni insolite. Su eToro, si attivano al verificarsi delle seguenti situazioni:<\/p>\n<ul>\n<li aria-level=\"1\">Ogni volta che uno spread si amplia in modo eccessivo, si attiva un interruttore automatico. Ci\u00f2 significa che, ogni volta che la differenza tra i prezzi di acquisto e di vendita di un asset \u00e8 troppo grande, o aumenta eccessivamente lo spread, ci\u00f2 determina un arresto del trading.<\/li>\n<li aria-level=\"1\">Anche dei problemi di natura tecnica possono attivare gli interruttori di sicurezza.<\/li>\n<\/ul>\n<h2>Vorresti saperne di pi\u00f9?<\/h2>\n<p>Se nutri ancora dei dubbi su cosa puoi fare nel corso di questi eventi, o se hai domande su uno specifico arresto del trading in tempo reale, non esitare a <a href=\"https:\/\/www.etoro.com\/it\/customer-service\/\">contattarci<\/a>.<\/p>\n\n\t\t<style>\n\t\t\t.rtl .etoro-block-shortcode-disclaimer {\n\t\t\t\ttext-align:right;\n\t\t\t}\n\t\t\t.etoro-block-shortcode-disclaimer {\n\t\t\t\tmargin-bottom:18px;\n\t\t\t\ttext-align:left;\n\t\t\t}\n\t\t\t.etoro-block-shortcode-disclaimer p{\n\t\t\t\tfont-size: 12px;\n\t\t\t\tline-height: 18px;\n\t\t\t}\n\t\t\t@media (min-width: 768px) {\n\t\t\t\t.etoro-block-shortcode-disclaimer {\n\t\t\t\t\tmax-width:1176px;\n\t\t\t\t\ttext-align:center;\n\t\t\t\t}\n\t\t\t\t.etoro-block-shortcode-disclaimer p {\n\t\t\t\t\tfont-size: 14px;\n\t\t\t\t\tline-height: 20px;\n\t\t\t\t}\n\t\t\t}\n\t\t<\/style>\n\t\t<div class='etoro-block-shortcode-disclaimer'><p>Le presenti informazioni vengono fornite al solo scopo educativo e non rappresentano consigli d\u2019investimento o suggerimenti personali. Tali informazioni non devono quindi essere interpretate come offerte o solleciti di compravendita di strumenti finanziari.<\/p>\n<p>Il materiale \u00e8 stato preparato senza tener conto di precisi obiettivi d\u2019investimento o specifiche situazioni finanziarie e non soddisfa pertanto i criteri legali e legislativi previsti per la promozione di ricerche indipendenti.<\/p>\n<p><strong>Non tutti gli strumenti finanziari e i servizi cui viene fatto riferimento sono offerti da eToro<\/strong> e qualsiasi riferimento alle prestazioni passate di uno specifico strumento, indice o prodotto d\u2019investimento preassemblato non rappresenta n\u00e9 deve essere interpretato come un indicatore affidabile di possibili prestazioni future. <strong>La disponibilit\u00e0 di tutti i prodotti e servizi sopra menzionati pu\u00f2 variare a seconda della giurisdizione e del Paese.<\/strong><\/p>\n<p>eToro non offre alcuna garanzia n\u00e9 si assume la responsabilit\u00e0 in merito all\u2019accuratezza o alla completezza del contenuto esposto nella presente guida. Il lettore deve garantire di aver compreso appieno i rischi comportati dal trading prima di impegnare capitale. Si sconsiglia di mettere a rischio pi\u00f9 denaro di quanto non se ne possa perdere.<\/p>\n<\/div>\n","protected":false},"excerpt":{"rendered":"<p>Turbative delle negoziazioni: cosa sono, quali sono le loro cause e come influenzano la tua esperienza su eToro Per oltre un decennio, eToro \u00e8 stata al centro della rivoluzione della tecnofinanza. Con oltre 25 milioni di utenti registrati, eToro \u00e8 la rete di investimento sociale leader al mondo. Noi di eToro offriamo ai nostri utenti&hellip;<\/p>\n","protected":false},"author":39,"featured_media":592290,"parent":18387,"menu_order":0,"comment_status":"closed","ping_status":"closed","template":"","meta":{"_acf_changed":false,"inline_featured_image":false,"sticky_cta_settings":"","footnotes":""},"asset_type":[],"class_list":["post-351341","page","type-page","status-publish","has-post-thumbnail","hentry"],"acf":[],"yoast_head":"<title>Cosa sono le turbative delle negoziazioni? | eToro<\/title>\n<meta name=\"description\" content=\"Le turbative delle negoziazioni possono avere luogo per diversi motivi. Prosegui nella lettura per saperne di pi\u00f9 su queste turbative, sulle loro cause, su come ci influenzano e sui modi in cui vengono affrontate.\" \/>\n<meta name=\"robots\" content=\"index, follow, max-snippet:-1, max-image-preview:large, max-video-preview:-1\" \/>\n<link rel=\"canonical\" href=\"https:\/\/www.etoro.com\/it\/wp-json\/wp\/v2\/pages\/351341\" \/>\n<meta property=\"og:locale\" content=\"it_IT\" \/>\n<meta property=\"og:type\" content=\"article\" \/>\n<meta property=\"og:title\" content=\"Cosa sono le turbative delle negoziazioni? | eToro\" \/>\n<meta property=\"og:description\" content=\"Le turbative delle negoziazioni possono avere luogo per diversi motivi. Prosegui nella lettura per saperne di pi\u00f9 su queste turbative, sulle loro cause, su come ci influenzano e sui modi in cui vengono affrontate.\" \/>\n<meta property=\"og:url\" content=\"https:\/\/www.etoro.com\/it\/wp-json\/wp\/v2\/pages\/351341\" \/>\n<meta property=\"og:site_name\" content=\"eToro\" \/>\n<meta property=\"article:publisher\" content=\"https:\/\/www.facebook.com\/eToro\/\" \/>\n<meta property=\"article:modified_time\" content=\"2024-08-12T13:33:33+00:00\" \/>\n<meta property=\"og:image\" content=\"https:\/\/www.etoro.com\/wp-content\/uploads\/2023\/05\/Social-Guide-Trading.png\" \/>\n\t<meta property=\"og:image:width\" content=\"1200\" \/>\n\t<meta property=\"og:image:height\" content=\"630\" \/>\n\t<meta property=\"og:image:type\" content=\"image\/png\" \/>\n<meta name=\"twitter:card\" content=\"summary_large_image\" \/>\n<meta name=\"twitter:site\" content=\"@eToro\" \/>\n<meta name=\"twitter:label1\" content=\"Est. reading time\" \/>\n\t<meta name=\"twitter:data1\" content=\"5 minutes\" \/>\n<script type=\"application\/ld+json\" class=\"yoast-schema-graph\">{\"@context\":\"https:\/\/schema.org\",\"@graph\":[{\"@type\":\"WebPage\",\"@id\":\"https:\/\/www.etoro.com\/it\/trading\/disruptions\/\",\"url\":\"https:\/\/www.etoro.com\/it\/trading\/disruptions\/\",\"name\":\"Cosa sono le turbative delle negoziazioni? | eToro\",\"isPartOf\":{\"@id\":\"https:\/\/www.etoro.com\/it\/#website\"},\"primaryImageOfPage\":{\"@id\":\"https:\/\/www.etoro.com\/it\/trading\/disruptions\/#primaryimage\"},\"image\":{\"@id\":\"https:\/\/www.etoro.com\/it\/trading\/disruptions\/#primaryimage\"},\"thumbnailUrl\":\"https:\/\/www.etoro.com\/wp-content\/uploads\/2023\/05\/Social-Guide-Trading.png\",\"datePublished\":\"2022-03-27T10:52:22+00:00\",\"dateModified\":\"2024-08-12T13:33:33+00:00\",\"description\":\"Le turbative delle negoziazioni possono avere luogo per diversi motivi. Prosegui nella lettura per saperne di pi\u00f9 su queste turbative, sulle loro cause, su come ci influenzano e sui modi in cui vengono affrontate.\",\"breadcrumb\":{\"@id\":\"https:\/\/www.etoro.com\/it\/trading\/disruptions\/#breadcrumb\"},\"inLanguage\":\"it\",\"potentialAction\":[{\"@type\":\"ReadAction\",\"target\":[\"https:\/\/www.etoro.com\/it\/trading\/disruptions\/\"]}]},{\"@type\":\"ImageObject\",\"inLanguage\":\"it\",\"@id\":\"https:\/\/www.etoro.com\/it\/trading\/disruptions\/#primaryimage\",\"url\":\"https:\/\/www.etoro.com\/wp-content\/uploads\/2023\/05\/Social-Guide-Trading.png\",\"contentUrl\":\"https:\/\/www.etoro.com\/wp-content\/uploads\/2023\/05\/Social-Guide-Trading.png\",\"width\":1200,\"height\":630,\"caption\":\"Social Guide\"},{\"@type\":\"BreadcrumbList\",\"@id\":\"https:\/\/www.etoro.com\/it\/trading\/disruptions\/#breadcrumb\",\"itemListElement\":[{\"@type\":\"ListItem\",\"position\":1,\"name\":\"Home\",\"item\":\"https:\/\/www.etoro.com\/it\/\"},{\"@type\":\"ListItem\",\"position\":2,\"name\":\"TRADING\",\"item\":\"https:\/\/www.etoro.com\/it\/trading\/\"},{\"@type\":\"ListItem\",\"position\":3,\"name\":\"Turbative delle negoziazioni\"}]},{\"@type\":\"WebSite\",\"@id\":\"https:\/\/www.etoro.com\/it\/#website\",\"url\":\"https:\/\/www.etoro.com\/it\/\",\"name\":\"eToro\",\"description\":\"\",\"publisher\":{\"@id\":\"https:\/\/www.etoro.com\/it\/#organization\"},\"potentialAction\":[{\"@type\":\"SearchAction\",\"target\":{\"@type\":\"EntryPoint\",\"urlTemplate\":\"https:\/\/www.etoro.com\/it\/?s={search_term_string}\"},\"query-input\":{\"@type\":\"PropertyValueSpecification\",\"valueRequired\":true,\"valueName\":\"search_term_string\"}}],\"inLanguage\":\"it\"},[]]}<\/script>","yoast_head_json":{"title":"Cosa sono le turbative delle negoziazioni? | eToro","description":"Le turbative delle negoziazioni possono avere luogo per diversi motivi. Prosegui nella lettura per saperne di pi\u00f9 su queste turbative, sulle loro cause, su come ci influenzano e sui modi in cui vengono affrontate.","robots":{"index":"index","follow":"follow","max-snippet":"max-snippet:-1","max-image-preview":"max-image-preview:large","max-video-preview":"max-video-preview:-1"},"canonical":"https:\/\/www.etoro.com\/it\/wp-json\/wp\/v2\/pages\/351341","og_locale":"it_IT","og_type":"article","og_title":"Cosa sono le turbative delle negoziazioni? | eToro","og_description":"Le turbative delle negoziazioni possono avere luogo per diversi motivi. Prosegui nella lettura per saperne di pi\u00f9 su queste turbative, sulle loro cause, su come ci influenzano e sui modi in cui vengono affrontate.","og_url":"https:\/\/www.etoro.com\/it\/wp-json\/wp\/v2\/pages\/351341","og_site_name":"eToro","article_publisher":"https:\/\/www.facebook.com\/eToro\/","article_modified_time":"2024-08-12T13:33:33+00:00","og_image":[{"width":1200,"height":630,"url":"https:\/\/www.etoro.com\/wp-content\/uploads\/2023\/05\/Social-Guide-Trading.png","type":"image\/png"}],"twitter_card":"summary_large_image","twitter_site":"@eToro","twitter_misc":{"Est. reading time":"5 minutes"},"schema":{"@context":"https:\/\/schema.org","@graph":[{"@type":"WebPage","@id":"https:\/\/www.etoro.com\/it\/trading\/disruptions\/","url":"https:\/\/www.etoro.com\/it\/trading\/disruptions\/","name":"Cosa sono le turbative delle negoziazioni? | eToro","isPartOf":{"@id":"https:\/\/www.etoro.com\/it\/#website"},"primaryImageOfPage":{"@id":"https:\/\/www.etoro.com\/it\/trading\/disruptions\/#primaryimage"},"image":{"@id":"https:\/\/www.etoro.com\/it\/trading\/disruptions\/#primaryimage"},"thumbnailUrl":"https:\/\/www.etoro.com\/wp-content\/uploads\/2023\/05\/Social-Guide-Trading.png","datePublished":"2022-03-27T10:52:22+00:00","dateModified":"2024-08-12T13:33:33+00:00","description":"Le turbative delle negoziazioni possono avere luogo per diversi motivi. Prosegui nella lettura per saperne di pi\u00f9 su queste turbative, sulle loro cause, su come ci influenzano e sui modi in cui vengono affrontate.","breadcrumb":{"@id":"https:\/\/www.etoro.com\/it\/trading\/disruptions\/#breadcrumb"},"inLanguage":"it","potentialAction":[{"@type":"ReadAction","target":["https:\/\/www.etoro.com\/it\/trading\/disruptions\/"]}]},{"@type":"ImageObject","inLanguage":"it","@id":"https:\/\/www.etoro.com\/it\/trading\/disruptions\/#primaryimage","url":"https:\/\/www.etoro.com\/wp-content\/uploads\/2023\/05\/Social-Guide-Trading.png","contentUrl":"https:\/\/www.etoro.com\/wp-content\/uploads\/2023\/05\/Social-Guide-Trading.png","width":1200,"height":630,"caption":"Social Guide"},{"@type":"BreadcrumbList","@id":"https:\/\/www.etoro.com\/it\/trading\/disruptions\/#breadcrumb","itemListElement":[{"@type":"ListItem","position":1,"name":"Home","item":"https:\/\/www.etoro.com\/it\/"},{"@type":"ListItem","position":2,"name":"TRADING","item":"https:\/\/www.etoro.com\/it\/trading\/"},{"@type":"ListItem","position":3,"name":"Turbative delle negoziazioni"}]},{"@type":"WebSite","@id":"https:\/\/www.etoro.com\/it\/#website","url":"https:\/\/www.etoro.com\/it\/","name":"eToro","description":"","publisher":{"@id":"https:\/\/www.etoro.com\/it\/#organization"},"potentialAction":[{"@type":"SearchAction","target":{"@type":"EntryPoint","urlTemplate":"https:\/\/www.etoro.com\/it\/?s={search_term_string}"},"query-input":{"@type":"PropertyValueSpecification","valueRequired":true,"valueName":"search_term_string"}}],"inLanguage":"it"},[]]}},"_links":{"self":[{"href":"https:\/\/www.etoro.com\/it\/wp-json\/wp\/v2\/pages\/351341"}],"collection":[{"href":"https:\/\/www.etoro.com\/it\/wp-json\/wp\/v2\/pages"}],"about":[{"href":"https:\/\/www.etoro.com\/it\/wp-json\/wp\/v2\/types\/page"}],"author":[{"embeddable":true,"href":"https:\/\/www.etoro.com\/it\/wp-json\/wp\/v2\/users\/39"}],"replies":[{"embeddable":true,"href":"https:\/\/www.etoro.com\/it\/wp-json\/wp\/v2\/comments?post=351341"}],"version-history":[{"count":0,"href":"https:\/\/www.etoro.com\/it\/wp-json\/wp\/v2\/pages\/351341\/revisions"}],"up":[{"embeddable":true,"href":"https:\/\/www.etoro.com\/it\/wp-json\/wp\/v2\/pages\/18387"}],"wp:featuredmedia":[{"embeddable":true,"href":"https:\/\/www.etoro.com\/it\/wp-json\/wp\/v2\/media\/592290"}],"wp:attachment":[{"href":"https:\/\/www.etoro.com\/it\/wp-json\/wp\/v2\/media?parent=351341"}],"wp:term":[{"taxonomy":"asset_type","embeddable":true,"href":"https:\/\/www.etoro.com\/it\/wp-json\/wp\/v2\/asset_type?post=351341"}],"curies":[{"name":"wp","href":"https:\/\/api.w.org\/{rel}","templated":true}]}}