{"id":501721,"date":"2021-11-16T11:10:12","date_gmt":"2021-11-16T09:10:12","guid":{"rendered":"https:\/\/www.etoro.com\/?page_id=501721"},"modified":"2025-11-03T14:09:39","modified_gmt":"2025-11-03T12:09:39","slug":"what-is-cfd","status":"publish","type":"page","link":"https:\/\/www.etoro.com\/it\/trading\/cfd\/what-is-cfd\/","title":{"rendered":"Cos\u2019\u00e8 il trading di CFD e come funziona?"},"content":{"rendered":"\n<p class=\"is-style-summary\">Cosa sono e come funzionano i CFD? Questa guida pratica ti sveler\u00e0 come sfruttare al meglio il trading di CFD, un&#8217;opportunit\u00e0 davvero unica rispetto agli investimenti tradizionali.<\/p>\n\n\n\n\n\n\n<hr class=\"wp-block-separator wp-block-separator-color-dark-grey wp-block-separator-spaces-medium wp-block-separator-weight-1\"\/>\n\n\n\n<p>I CFD sono tra gli strumenti pi\u00f9 scambiati nel settore del trading online, perch\u00e9 <strong>permettono di trarre profitto da entrambi gli andamenti dei mercati<\/strong>, rialzista o ribassista. Inoltre, sono disponibili per moltissime asset class, quindi attirano investitori di tutti i tipi. Tuttavia, sono leggermente pi\u00f9 complessi rispetto a titoli come azioni o obbligazioni e presentano sempre dei rischi.<\/p>\n\n\n\n<h2 class=\"wp-block-heading\">Cos\u2019\u00e8 un CFD?<\/h2>\n\n\n\n<p>Un &#8220;Contratto per differenza&#8221; (CFD) \u00e8 uno strumento finanziario che prevede un accordo tra un trader e il <a href=\"https:\/\/www.etoro.com\/it\/trading\/demo-account\/\">broker<\/a>. In base al \u201c<strong>contratto<\/strong>\u201d, una delle parti pagher\u00e0 l&#8217;altra un importo calcolato sulla &#8220;<strong>differenza<\/strong>&#8221; tra il prezzo di apertura e chiusura dell&#8217;operazione, in denaro contante.<\/p>\n\n\n\n<p>Il trading di CFD consente di aprire e chiudere posizioni che hanno come riferimento il valore dell&#8217;asset sottostante, senza scambiare l&#8217;asset stesso. Sono di conseguenza &#8220;strumenti derivati&#8221; e questo li rende <strong>estremamente versatili.<\/strong> Per avere un\u2019idea della popolarit\u00e0 dei CFD, \u00e8 sufficiente sapere che questo mercato, sviluppatosi negli anni &#8217;90, vale oggi svariati miliardi di dollari.<\/p>\n\n\n\n<figure class=\"wp-block-image size-full\"><img loading=\"lazy\" decoding=\"async\" width=\"756\" height=\"400\" src=\"https:\/\/www.etoro.com\/wp-content\/uploads\/2023\/08\/What-Is-CFD-Trading-and-How-Does-It-WorkBody-Image-1_-What-is-a-CFD_.png\" alt=\"\" class=\"wp-image-673379 wp-image-desktop\" srcset=\"https:\/\/www.etoro.com\/wp-content\/uploads\/2023\/08\/What-Is-CFD-Trading-and-How-Does-It-WorkBody-Image-1_-What-is-a-CFD_.png 756w, https:\/\/www.etoro.com\/wp-content\/uploads\/2023\/08\/What-Is-CFD-Trading-and-How-Does-It-WorkBody-Image-1_-What-is-a-CFD_-300x159.png 300w\" sizes=\"(max-width: 756px) 100vw, 756px\" \/><\/figure>\n\n\n\n<h2 class=\"wp-block-heading\">Perch\u00e9 fare trading con i CFD?<\/h2>\n\n\n\n<p><mark>Il vantaggio principale dei CFD \u00e8 che non richiedono uno scambio effettivo di asset e questo comporta vari benefici per i trader.<\/mark><\/p>\n\n\n\n<h3 class=\"wp-block-heading\">Copertura di mercato<\/h3>\n\n\n\n<p>Attraverso i CFD, \u00e8 possibile <strong>fare trading su vari asset: <\/strong><a href=\"https:\/\/www.etoro.com\/it\/discover\/markets\/stocks\"><strong>azioni<\/strong><\/a><strong>, <\/strong><a href=\"https:\/\/www.etoro.com\/it\/discover\/markets\/indices\"><strong>indici<\/strong><\/a><strong>, <\/strong><a href=\"https:\/\/www.etoro.com\/it\/discover\/markets\/currencies\"><strong>valute<\/strong><\/a><strong> e <\/strong><a href=\"https:\/\/www.etoro.com\/it\/discover\/markets\/commodities\"><strong>materie prime<\/strong><\/a>. Ci\u00f2 amplia le opportunit\u00e0 e rende il <a href=\"https:\/\/www.etoro.com\/it\/trading\/trading-process\/\" target=\"_blank\" rel=\"noreferrer noopener\">processo di trading<\/a> uniforme, indipendentemente dal mercato scelto, semplificando e traducendosi teoricamente in un uso meno intensivo del capitale.<\/p>\n\n\n\n<h3 class=\"wp-block-heading\">Vendita allo scoperto<\/h3>\n\n\n\n<p>Grazie al trading di CFD \u00e8 possibile <strong>trarre profitto anche dai movimenti di prezzi al ribasso<\/strong>, attraverso la &#8220;vendita allo scoperto&#8221;.<strong> <\/strong>Questo permette di utilizzare strategie diverse, rispetto al tradizionale approccio &#8220;buy-and-hold&#8221;. Quando si aprono posizioni allo scoperto, \u00e8 possibile implementare ordini stop loss per gestire al meglio il rischio e mitigare eventuali perdite.<\/p>\n\n\n\n<h3 class=\"wp-block-heading\">Trading con leva finanziaria<\/h3>\n\n\n\n<p>La leva consente di ridurre l&#8217;ammontare del deposito e utilizzare il capitale in maniera pi\u00f9 efficace. Al momento dell\u2019apertura della posizione dovrai versare solamente il margine, che coprir\u00e0 una percentuale del prezzo di acquisto. Tuttavia, \u00e8 necessario fare molta attenzione: profitti o perdite si basano sull&#8217;intera dimensione della posizione, non solo sul margine.<\/p>\n\n\n\n<p><strong>Utilizziamo un esempio reale. <\/strong>Il <a href=\"https:\/\/www.etoro.com\/it\/markets\/oil\">petrolio<\/a> \u00e8 una materia prima che pu\u00f2 essere negoziata come CFD. Investendo 100 \u20ac con leva 10x, la tua posizione varrebbe 1.000 \u20ac. Variazioni del 5% porterebbero a profitti o perdite di 50 \u20ac; operando senza leva avresti invece un profitto o una perdita di 5 \u20ac. La leva finanziaria amplifica i risultati, dunque usala con cautela.<\/p>\n\n\n\n<figure class=\"wp-block-table\"><div class=\"wp-block-table-content\"><div class=\"wp-block-table-content-nav wp-block-table-content-nav-left\"><div class=\"wp-block-table-content-nav-arrow wp-block-table-content-nav-arrow-left\"><\/div><\/div><div class=\"wp-block-table-content-nav wp-block-table-content-nav-right\"><div class=\"wp-block-table-content-nav-arrow wp-block-table-content-nav-arrow-right\"><\/div><\/div><div class=\"wp-block-table-content-table\"><table class=\"has-fixed-layout\"><thead><tr><th class=\"has-text-align-center\" data-align=\"center\">Margine<\/th><th class=\"has-text-align-center\" data-align=\"center\">Leva<\/th><th class=\"has-text-align-center\" data-align=\"center\">Dimensione della posizione<\/th><th class=\"has-text-align-center\" data-align=\"center\">Variazione di prezzo<\/th><th class=\"has-text-align-center\" data-align=\"center\">Nuova dimensione<\/th><th class=\"has-text-align-center\" data-align=\"center\"><strong>Fondi dopo la variazione di prezzo<\/strong><\/th><\/tr><\/thead><tbody><tr><td class=\"has-text-align-center\" data-align=\"center\" rowspan=\"2\">100 \u20ac<\/td><td class=\"has-text-align-center\" data-align=\"center\" rowspan=\"2\">1:1<\/td><td class=\"has-text-align-center\" data-align=\"center\" rowspan=\"2\">100 \u20ac<\/td><td class=\"has-text-align-center\" data-align=\"center\">+5%<\/td><td class=\"has-text-align-center\" data-align=\"center\">105 \u20ac<\/td><td class=\"has-text-align-center\" data-align=\"center\">105 \u20ac<\/td><\/tr><tr><td class=\"has-text-align-center\" data-align=\"center\">-5%<\/td><td class=\"has-text-align-center\" data-align=\"center\">95 \u20ac<\/td><td class=\"has-text-align-center\" data-align=\"center\">95 \u20ac<\/td><\/tr><tr><td class=\"has-text-align-center\" data-align=\"center\" rowspan=\"2\">100 \u20ac<\/td><td class=\"has-text-align-center\" data-align=\"center\" rowspan=\"2\">1:10<\/td><td class=\"has-text-align-center\" data-align=\"center\" rowspan=\"2\">1.000 \u20ac<\/td><td class=\"has-text-align-center\" data-align=\"center\">+5%<\/td><td class=\"has-text-align-center\" data-align=\"center\">1.050 \u20ac<\/td><td class=\"has-text-align-center\" data-align=\"center\">150 \u20ac<\/td><\/tr><tr><td class=\"has-text-align-center\" data-align=\"center\">-5%<\/td><td class=\"has-text-align-center\" data-align=\"center\">950 \u20ac<\/td><td class=\"has-text-align-center\" data-align=\"center\">50 \u20ac<\/td><\/tr><\/tbody><\/table><\/div><\/div><\/figure>\n\n\n\n<blockquote class=\"wp-block-quote wp-block-quote-scheme-green is-layout-flow wp-block-quote-is-layout-flow\">\n<p>I trader principianti aprono posizioni da 5 a 10 volte pi\u00f9 grandi. Si prendono dal 5 al 10% di rischio che dovrebbe essere in realt\u00e0 dell\u20191-2%.<\/p>\n<cite><a href=\"https:\/\/www.money.it\/Aforismi-citazioni-trading-investimento\" target=\"_blank\" rel=\"noreferrer noopener\">Bruce Kovner<\/a><\/cite><\/blockquote>\n\n\n\n<p> &nbsp;<\/p>\n\n\n\n<p>I CFD devono essere considerati in termini di risk management. Alcune loro caratteristiche <strong>possono peggiorare i rendimenti di un&#8217;operazione in perdita<\/strong>, pertanto usa i CFD solo se hai condotto ricerche approfondite e hai integrato attentamente la gestione del rischio nel tuo piano di investimento.<\/p>\n\n\n\n<figure class=\"wp-block-image size-full\"><img loading=\"lazy\" decoding=\"async\" width=\"756\" height=\"400\" src=\"https:\/\/www.etoro.com\/wp-content\/uploads\/2023\/08\/What-Is-CFD-Trading-and-How-Does-It-WorkBody-Image-2_-Why-trade-CFDs_.png\" alt=\"\" class=\"wp-image-673358 wp-image-desktop\" srcset=\"https:\/\/www.etoro.com\/wp-content\/uploads\/2023\/08\/What-Is-CFD-Trading-and-How-Does-It-WorkBody-Image-2_-Why-trade-CFDs_.png 756w, https:\/\/www.etoro.com\/wp-content\/uploads\/2023\/08\/What-Is-CFD-Trading-and-How-Does-It-WorkBody-Image-2_-Why-trade-CFDs_-300x159.png 300w\" sizes=\"(max-width: 756px) 100vw, 756px\" \/><\/figure>\n\n\n\n<h2 class=\"wp-block-heading\">Come si negozia un CFD?<\/h2>\n\n\n\n<p><mark>L&#8217;approccio tradizionale agli <a href=\"https:\/\/www.etoro.com\/it\/trading\/short-selling\/\">investimenti<\/a> \u00e8 &#8220;comprare ai minimi e vendere ai massimi&#8221;. Con il trading di CFD si segue lo stesso schema, ma si pu\u00f2 anche adottare una tattica alternativa: &#8220;vendere ai massimi e comprare ai minimi&#8221; per cercare opportunit\u00e0 di profitto da tutti i movimenti di mercato. <\/mark><\/p>\n\n\n\n<p>Immagina di acquistare un CFD su <a href=\"https:\/\/www.etoro.com\/it\/markets\/aapl\">Apple Inc.<\/a> e che la quotazione del titolo aumenti; il broker accrediter\u00e0 sul tuo conto la differenza positiva dopo aver chiuso la posizione. Al contrario, se il prezzo scende, registrerai una perdita e il broker ti addebiter\u00e0 l&#8217;importo in contanti. Vendendo allo scoperto con i CFD, <strong>guadagnerai se il prezzo dell&#8217;asset sottostante scende<\/strong>, a differenza di quando vai long.<\/p>\n\n\n\n<p>Con il trading a leva puoi incorrere in <strong>commissioni di finanziamento<\/strong> overnight. L&#8217;applicazione di tali commissioni \u00e8 uno dei motivi principali per cui i CFD sono utilizzati precipuamente per il trading a breve termine. Investendovi per un lasso di tempo prolungato, infatti, le commissioni da sostenere potrebbero vanificare i profitti realizzati o far lievitare oltremodo le perdite subite.&nbsp;<\/p>\n\n\n\n<p>Il calcolo dei profitti e delle perdite nei CFD non cambia a seconda dell&#8217;asset. Che tu operi sull&#8217;<a href=\"https:\/\/www.etoro.com\/it\/markets\/gold\">oro<\/a>, sulla coppia <a href=\"https:\/\/www.etoro.com\/it\/markets\/gbpusd\">GBP\/USD<\/a> o sull&#8217;indice <a href=\"https:\/\/www.etoro.com\/it\/markets\/nsdq100\">NASDAQ 100<\/a>, <strong>non possiedi l&#8217;asset sottostante<\/strong>, ma speculi sull\u2019andamento del suo prezzo.<\/p>\n\n\n\n<figure class=\"wp-block-image size-full\"><img loading=\"lazy\" decoding=\"async\" width=\"756\" height=\"400\" src=\"https:\/\/www.etoro.com\/wp-content\/uploads\/2023\/08\/What-Is-CFD-Trading-and-How-Does-It-WorkBody-Image-3_-How-do-you-trade-a-CFD_.png\" alt=\"\" class=\"wp-image-673337 wp-image-desktop\" srcset=\"https:\/\/www.etoro.com\/wp-content\/uploads\/2023\/08\/What-Is-CFD-Trading-and-How-Does-It-WorkBody-Image-3_-How-do-you-trade-a-CFD_.png 756w, https:\/\/www.etoro.com\/wp-content\/uploads\/2023\/08\/What-Is-CFD-Trading-and-How-Does-It-WorkBody-Image-3_-How-do-you-trade-a-CFD_-300x159.png 300w\" sizes=\"(max-width: 756px) 100vw, 756px\" \/><\/figure>\n\n\n\n<h2 class=\"wp-block-heading\">Conclusioni<\/h2>\n\n\n\n<p>Le capacit\u00e0 aggiuntive offerte dai CFD non ti aiuteranno a prendere decisioni migliori in merito alla direzione del mercato. In compenso, <strong>ti danno l&#8217;opportunit\u00e0 di trarre profitto da movimenti di prezzo sia al ribasso che al rialzo<\/strong> e puoi usare la leva per ridurre il tuo margine. Il trading in CFD comporta dei rischi: evita di investire pi\u00f9 di quanto puoi permetterti di perdere.<\/p>\n\n\n\n<p>Visita l\u2019<a href=\"https:\/\/www.etoro.com\/it\/academy\/\">Accademia eToro<\/a> per imparare a sfruttare al meglio il trading di CFD.<\/p>\n\n\n\n<h2 class=\"wp-block-heading\">Domande frequenti<\/h2>\n\n\n\n<dl class=\"wp-block-etoro-faq\">\n<div class=\"wp-block-etoro-faq-item\"><dt class=\"wp-block-etoro-faq-item-question\">Per quanto tempo posso detenere un CFD?<\/dt><dd class=\"wp-block-etoro-faq-item-answer\">\n<p>I CFD non hanno una scadenza definita e possono essere mantenuti a tempo indeterminato, sia in posizione long che short. Tuttavia, vanno considerate le spese legate agli spread e alle <a href=\"https:\/\/www.etoro.com\/it\/trading\/fees\/#cfds\">commissioni<\/a> overnight, poich\u00e9 il possesso a lungo termine pu\u00f2 comportare costi aggiuntivi significativi.<\/p>\n<\/dd><\/div>\n\n\n\n<div class=\"wp-block-etoro-faq-item\"><dt class=\"wp-block-etoro-faq-item-question\">Il trading di CFD \u00e8 sicuro?<\/dt><dd class=\"wp-block-etoro-faq-item-answer\">\n<p>S\u00ec, ma comporta diversi rischi di cui devono essere consapevoli sia gli investitori novizi, che quelli esperti. La CONSOB (<a href=\"https:\/\/www.consob.it\/web\/investor-education\/opzioni-binarie\" target=\"_blank\" rel=\"noreferrer noopener\">Commissione Nazionale per le Societ\u00e0 e la Borsa<\/a>) definisce i CFD \u201cestremamente rischiosi\u201d. Il trading a leva amplifica i profitti e le perdite, mentre la vendita allo scoperto espone i trader a perdite teoricamente infinite, poich\u00e9 il prezzo pu\u00f2 continuare a salire senza limiti. Se il tuo <a href=\"https:\/\/help.etoro.com\/s\/article\/what-is-a-margin-call?language=it\">patrimonio<\/a> scende al di sotto del minimo richiesto, il broker pu\u00f2 chiudere le tue posizioni e perderai interamente il tuo investimento iniziale.<\/p>\n<\/dd><\/div>\n\n\n\n<div class=\"wp-block-etoro-faq-item\"><dt class=\"wp-block-etoro-faq-item-question\">Il trading di CFD \u00e8 legale?<\/dt><dd class=\"wp-block-etoro-faq-item-answer\">\n<p>Il trading di CFD \u00e8 legale e diffuso in diversi Paesi in quanto si sono affermati come la soluzione ideale per operare sulle variazioni di prezzo a breve termine. Ma le peculiarit\u00e0 di questo strumento di investimento, tra cui l&#8217;effetto leva, hanno indotto i legislatori a proibirlo in alcune nazioni.<\/p>\n<\/dd><\/div>\n\n\n\n<div class=\"wp-block-etoro-faq-item\"><dt class=\"wp-block-etoro-faq-item-question\">Cosa sono gli asset sottostanti?<\/dt><dd class=\"wp-block-etoro-faq-item-answer\">\n<p>Operando sui CFD, non si acquisisce l&#8217;effettiva titolarit\u00e0 degli asset, tra cui <a href=\"https:\/\/www.etoro.com\/it\/discover\/markets\/stocks\">azioni<\/a>, <a href=\"https:\/\/www.etoro.com\/it\/discover\/markets\/commodities\">materie prime<\/a>, <a href=\"https:\/\/www.etoro.com\/it\/discover\/markets\/currencies\">valute<\/a> e <a href=\"https:\/\/www.etoro.com\/it\/discover\/markets\/indices\">indici<\/a>. Questi strumenti derivati si limitano infatti a tracciare il prezzo dell&#8217;asset che rappresentano, noto anche come &#8220;asset sottostante&#8221;.<\/p>\n<\/dd><\/div>\n<\/dl>\n\n\n\n\t\t<style>\n\t\t\t.rtl .etoro-block-shortcode-disclaimer {\n\t\t\t\ttext-align:right;\n\t\t\t}\n\t\t\t.etoro-block-shortcode-disclaimer {\n\t\t\t\tmargin-bottom:18px;\n\t\t\t\ttext-align:left;\n\t\t\t}\n\t\t\t.etoro-block-shortcode-disclaimer p{\n\t\t\t\tfont-size: 12px;\n\t\t\t\tline-height: 18px;\n\t\t\t}\n\t\t\t@media (min-width: 768px) {\n\t\t\t\t.etoro-block-shortcode-disclaimer {\n\t\t\t\t\tmax-width:1176px;\n\t\t\t\t\ttext-align:center;\n\t\t\t\t}\n\t\t\t\t.etoro-block-shortcode-disclaimer p {\n\t\t\t\t\tfont-size: 14px;\n\t\t\t\t\tline-height: 20px;\n\t\t\t\t}\n\t\t\t}\n\t\t<\/style>\n\t\t<div class='etoro-block-shortcode-disclaimer'><p>Le presenti informazioni vengono fornite al solo scopo educativo e non rappresentano consigli d\u2019investimento o suggerimenti personali. Tali informazioni non devono quindi essere interpretate come offerte o solleciti di compravendita di strumenti finanziari.<\/p>\n<p>Il materiale \u00e8 stato preparato senza tener conto di precisi obiettivi d\u2019investimento o specifiche situazioni finanziarie e non soddisfa pertanto i criteri legali e legislativi previsti per la promozione di ricerche indipendenti.<\/p>\n<p><strong>Non tutti gli strumenti finanziari e i servizi cui viene fatto riferimento sono offerti da eToro<\/strong> e qualsiasi riferimento alle prestazioni passate di uno specifico strumento, indice o prodotto d\u2019investimento preassemblato non rappresenta n\u00e9 deve essere interpretato come un indicatore affidabile di possibili prestazioni future. <strong>La disponibilit\u00e0 di tutti i prodotti e servizi sopra menzionati pu\u00f2 variare a seconda della giurisdizione e del Paese.<\/strong><\/p>\n<p>eToro non offre alcuna garanzia n\u00e9 si assume la responsabilit\u00e0 in merito all\u2019accuratezza o alla completezza del contenuto esposto nella presente guida. Il lettore deve garantire di aver compreso appieno i rischi comportati dal trading prima di impegnare capitale. Si sconsiglia di mettere a rischio pi\u00f9 denaro di quanto non se ne possa perdere.<\/p>\n<\/div>\n","protected":false},"excerpt":{"rendered":"<p>Cosa sono e come funzionano i CFD? Questa guida pratica ti sveler\u00e0 come sfruttare al meglio il trading di CFD, un&#8217;opportunit\u00e0 davvero unica rispetto agli investimenti tradizionali. I CFD sono tra gli strumenti pi\u00f9 scambiati nel settore del trading online, perch\u00e9 permettono di trarre profitto da entrambi gli andamenti dei mercati, rialzista o ribassista. Inoltre,&hellip;<\/p>\n","protected":false},"author":98,"featured_media":688658,"parent":10310,"menu_order":0,"comment_status":"closed","ping_status":"closed","template":"","meta":{"_acf_changed":false,"inline_featured_image":false,"sticky_cta_settings":"","footnotes":""},"asset_type":[6601],"class_list":["post-501721","page","type-page","status-publish","has-post-thumbnail","hentry","asset_type-is-cfd"],"acf":[],"yoast_head":"<title>Trading di CFD: la guida completa | eToro<\/title>\n<meta name=\"description\" content=\"Con la nostra guida intuitiva conoscerai il trading di CFD. Scopri come si fa trading con i CFD e perch\u00e9 molti investitori scelgono questo strumento.\" \/>\n<meta name=\"robots\" content=\"index, follow, max-snippet:-1, max-image-preview:large, max-video-preview:-1\" \/>\n<link rel=\"canonical\" href=\"https:\/\/www.etoro.com\/it\/wp-json\/wp\/v2\/pages\/501721\" \/>\n<meta property=\"og:locale\" content=\"it_IT\" \/>\n<meta property=\"og:type\" content=\"article\" \/>\n<meta property=\"og:title\" content=\"Trading di CFD: la guida completa | eToro\" \/>\n<meta property=\"og:description\" content=\"Con la nostra guida intuitiva conoscerai il trading di CFD. Scopri come si fa trading con i CFD e perch\u00e9 molti investitori scelgono questo strumento.\" \/>\n<meta property=\"og:url\" content=\"https:\/\/www.etoro.com\/it\/wp-json\/wp\/v2\/pages\/501721\" \/>\n<meta property=\"og:site_name\" content=\"eToro\" \/>\n<meta property=\"article:publisher\" content=\"https:\/\/www.facebook.com\/eToro\/\" \/>\n<meta property=\"article:modified_time\" content=\"2025-11-03T12:09:39+00:00\" \/>\n<meta property=\"og:image\" content=\"https:\/\/www.etoro.com\/wp-content\/uploads\/2023\/08\/Social-Image-IT-3.png\" \/>\n\t<meta property=\"og:image:width\" content=\"1200\" \/>\n\t<meta property=\"og:image:height\" content=\"630\" \/>\n\t<meta property=\"og:image:type\" content=\"image\/png\" \/>\n<meta name=\"twitter:card\" content=\"summary_large_image\" \/>\n<meta name=\"twitter:site\" content=\"@eToro\" \/>\n<meta name=\"twitter:label1\" content=\"Est. reading time\" \/>\n\t<meta name=\"twitter:data1\" content=\"15 minutes\" \/>\n<script type=\"application\/ld+json\" class=\"yoast-schema-graph\">{\"@context\":\"https:\/\/schema.org\",\"@graph\":[{\"@type\":\"WebPage\",\"@id\":\"https:\/\/www.etoro.com\/it\/trading\/cfd\/what-is-cfd\/\",\"url\":\"https:\/\/www.etoro.com\/it\/trading\/cfd\/what-is-cfd\/\",\"name\":\"Trading di CFD: la guida completa | eToro\",\"isPartOf\":{\"@id\":\"https:\/\/www.etoro.com\/it\/#website\"},\"primaryImageOfPage\":{\"@id\":\"https:\/\/www.etoro.com\/it\/trading\/cfd\/what-is-cfd\/#primaryimage\"},\"image\":{\"@id\":\"https:\/\/www.etoro.com\/it\/trading\/cfd\/what-is-cfd\/#primaryimage\"},\"thumbnailUrl\":\"https:\/\/www.etoro.com\/wp-content\/uploads\/2023\/08\/Social-Image-IT-3.png\",\"datePublished\":\"2021-11-16T09:10:12+00:00\",\"dateModified\":\"2025-11-03T12:09:39+00:00\",\"description\":\"Con la nostra guida intuitiva conoscerai il trading di CFD. Scopri come si fa trading con i CFD e perch\u00e9 molti investitori scelgono questo strumento.\",\"breadcrumb\":{\"@id\":\"https:\/\/www.etoro.com\/it\/trading\/cfd\/what-is-cfd\/#breadcrumb\"},\"inLanguage\":\"it\",\"potentialAction\":[{\"@type\":\"ReadAction\",\"target\":[\"https:\/\/www.etoro.com\/it\/trading\/cfd\/what-is-cfd\/\"]}]},{\"@type\":\"ImageObject\",\"inLanguage\":\"it\",\"@id\":\"https:\/\/www.etoro.com\/it\/trading\/cfd\/what-is-cfd\/#primaryimage\",\"url\":\"https:\/\/www.etoro.com\/wp-content\/uploads\/2023\/08\/Social-Image-IT-3.png\",\"contentUrl\":\"https:\/\/www.etoro.com\/wp-content\/uploads\/2023\/08\/Social-Image-IT-3.png\",\"width\":1200,\"height\":630},{\"@type\":\"BreadcrumbList\",\"@id\":\"https:\/\/www.etoro.com\/it\/trading\/cfd\/what-is-cfd\/#breadcrumb\",\"itemListElement\":[{\"@type\":\"ListItem\",\"position\":1,\"name\":\"Home\",\"item\":\"https:\/\/www.etoro.com\/it\/\"},{\"@type\":\"ListItem\",\"position\":2,\"name\":\"TRADING\",\"item\":\"https:\/\/www.etoro.com\/it\/trading\/\"},{\"@type\":\"ListItem\",\"position\":3,\"name\":\"CFD Trading\",\"item\":\"https:\/\/www.etoro.com\/it\/trading\/cfd\/\"},{\"@type\":\"ListItem\",\"position\":4,\"name\":\"Cos\u2019\u00e8 il trading di CFD e come funziona?\"}]},{\"@type\":\"WebSite\",\"@id\":\"https:\/\/www.etoro.com\/it\/#website\",\"url\":\"https:\/\/www.etoro.com\/it\/\",\"name\":\"eToro\",\"description\":\"\",\"publisher\":{\"@id\":\"https:\/\/www.etoro.com\/it\/#organization\"},\"potentialAction\":[{\"@type\":\"SearchAction\",\"target\":{\"@type\":\"EntryPoint\",\"urlTemplate\":\"https:\/\/www.etoro.com\/it\/?s={search_term_string}\"},\"query-input\":{\"@type\":\"PropertyValueSpecification\",\"valueRequired\":true,\"valueName\":\"search_term_string\"}}],\"inLanguage\":\"it\"},[]]}<\/script>","yoast_head_json":{"title":"Trading di CFD: la guida completa | eToro","description":"Con la nostra guida intuitiva conoscerai il trading di CFD. Scopri come si fa trading con i CFD e perch\u00e9 molti investitori scelgono questo strumento.","robots":{"index":"index","follow":"follow","max-snippet":"max-snippet:-1","max-image-preview":"max-image-preview:large","max-video-preview":"max-video-preview:-1"},"canonical":"https:\/\/www.etoro.com\/it\/wp-json\/wp\/v2\/pages\/501721","og_locale":"it_IT","og_type":"article","og_title":"Trading di CFD: la guida completa | eToro","og_description":"Con la nostra guida intuitiva conoscerai il trading di CFD. Scopri come si fa trading con i CFD e perch\u00e9 molti investitori scelgono questo strumento.","og_url":"https:\/\/www.etoro.com\/it\/wp-json\/wp\/v2\/pages\/501721","og_site_name":"eToro","article_publisher":"https:\/\/www.facebook.com\/eToro\/","article_modified_time":"2025-11-03T12:09:39+00:00","og_image":[{"width":1200,"height":630,"url":"https:\/\/www.etoro.com\/wp-content\/uploads\/2023\/08\/Social-Image-IT-3.png","type":"image\/png"}],"twitter_card":"summary_large_image","twitter_site":"@eToro","twitter_misc":{"Est. reading time":"15 minutes"},"schema":{"@context":"https:\/\/schema.org","@graph":[{"@type":"WebPage","@id":"https:\/\/www.etoro.com\/it\/trading\/cfd\/what-is-cfd\/","url":"https:\/\/www.etoro.com\/it\/trading\/cfd\/what-is-cfd\/","name":"Trading di CFD: la guida completa | eToro","isPartOf":{"@id":"https:\/\/www.etoro.com\/it\/#website"},"primaryImageOfPage":{"@id":"https:\/\/www.etoro.com\/it\/trading\/cfd\/what-is-cfd\/#primaryimage"},"image":{"@id":"https:\/\/www.etoro.com\/it\/trading\/cfd\/what-is-cfd\/#primaryimage"},"thumbnailUrl":"https:\/\/www.etoro.com\/wp-content\/uploads\/2023\/08\/Social-Image-IT-3.png","datePublished":"2021-11-16T09:10:12+00:00","dateModified":"2025-11-03T12:09:39+00:00","description":"Con la nostra guida intuitiva conoscerai il trading di CFD. Scopri come si fa trading con i CFD e perch\u00e9 molti investitori scelgono questo strumento.","breadcrumb":{"@id":"https:\/\/www.etoro.com\/it\/trading\/cfd\/what-is-cfd\/#breadcrumb"},"inLanguage":"it","potentialAction":[{"@type":"ReadAction","target":["https:\/\/www.etoro.com\/it\/trading\/cfd\/what-is-cfd\/"]}]},{"@type":"ImageObject","inLanguage":"it","@id":"https:\/\/www.etoro.com\/it\/trading\/cfd\/what-is-cfd\/#primaryimage","url":"https:\/\/www.etoro.com\/wp-content\/uploads\/2023\/08\/Social-Image-IT-3.png","contentUrl":"https:\/\/www.etoro.com\/wp-content\/uploads\/2023\/08\/Social-Image-IT-3.png","width":1200,"height":630},{"@type":"BreadcrumbList","@id":"https:\/\/www.etoro.com\/it\/trading\/cfd\/what-is-cfd\/#breadcrumb","itemListElement":[{"@type":"ListItem","position":1,"name":"Home","item":"https:\/\/www.etoro.com\/it\/"},{"@type":"ListItem","position":2,"name":"TRADING","item":"https:\/\/www.etoro.com\/it\/trading\/"},{"@type":"ListItem","position":3,"name":"CFD Trading","item":"https:\/\/www.etoro.com\/it\/trading\/cfd\/"},{"@type":"ListItem","position":4,"name":"Cos\u2019\u00e8 il trading di CFD e come funziona?"}]},{"@type":"WebSite","@id":"https:\/\/www.etoro.com\/it\/#website","url":"https:\/\/www.etoro.com\/it\/","name":"eToro","description":"","publisher":{"@id":"https:\/\/www.etoro.com\/it\/#organization"},"potentialAction":[{"@type":"SearchAction","target":{"@type":"EntryPoint","urlTemplate":"https:\/\/www.etoro.com\/it\/?s={search_term_string}"},"query-input":{"@type":"PropertyValueSpecification","valueRequired":true,"valueName":"search_term_string"}}],"inLanguage":"it"},[]]}},"_links":{"self":[{"href":"https:\/\/www.etoro.com\/it\/wp-json\/wp\/v2\/pages\/501721"}],"collection":[{"href":"https:\/\/www.etoro.com\/it\/wp-json\/wp\/v2\/pages"}],"about":[{"href":"https:\/\/www.etoro.com\/it\/wp-json\/wp\/v2\/types\/page"}],"author":[{"embeddable":true,"href":"https:\/\/www.etoro.com\/it\/wp-json\/wp\/v2\/users\/98"}],"replies":[{"embeddable":true,"href":"https:\/\/www.etoro.com\/it\/wp-json\/wp\/v2\/comments?post=501721"}],"version-history":[{"count":0,"href":"https:\/\/www.etoro.com\/it\/wp-json\/wp\/v2\/pages\/501721\/revisions"}],"up":[{"embeddable":true,"href":"https:\/\/www.etoro.com\/it\/wp-json\/wp\/v2\/pages\/10310"}],"wp:featuredmedia":[{"embeddable":true,"href":"https:\/\/www.etoro.com\/it\/wp-json\/wp\/v2\/media\/688658"}],"wp:attachment":[{"href":"https:\/\/www.etoro.com\/it\/wp-json\/wp\/v2\/media?parent=501721"}],"wp:term":[{"taxonomy":"asset_type","embeddable":true,"href":"https:\/\/www.etoro.com\/it\/wp-json\/wp\/v2\/asset_type?post=501721"}],"curies":[{"name":"wp","href":"https:\/\/api.w.org\/{rel}","templated":true}]}}