{"id":501740,"date":"2021-01-27T11:56:52","date_gmt":"2021-01-27T09:56:52","guid":{"rendered":"https:\/\/www.etoro.com\/trading\/forex-trading-guide\/"},"modified":"2026-03-17T08:47:35","modified_gmt":"2026-03-17T06:47:35","slug":"forex-trading-guide","status":"publish","type":"page","link":"https:\/\/www.etoro.com\/it\/trading\/forex-trading-guide\/","title":{"rendered":"Guida base al trading Forex"},"content":{"rendered":"\n<p class=\"is-style-summary\">Vorresti conoscere meglio il Forex trading? In questa guida scoprirai cos\u2019\u00e8 e come funziona il trading di valute, con consigli utili per evitare i rischi principali di questo tipo di investimento.<\/p>\n\n\n\n\n\n\n<hr class=\"wp-block-separator wp-block-separator-color-dark-grey wp-block-separator-spaces-medium wp-block-separator-weight-1\"\/>\n\n\n\n<p>Il <strong>Forex \u00e8 il pi\u00f9 grande mercato finanziario del mondo<\/strong>, con un <strong>volume medio di scambi giornalieri di oltre 5.000 miliardi di dollari.<\/strong><\/p>\n\n\n\n<p>Questa guida fornisce una panoramica che pu\u00f2 aiutare i trader principianti a capire meglio come funziona il mercato FX.<\/p>\n\n\n\n<h2 class=\"wp-block-heading\">Cos&#8217;\u00e8 il trading di valuta?<\/h2>\n\n\n\n<p><mark>L\u2019espressione \u201cmercato valutario\u201d indica il mercato finanziario in cui avviene la compravendita delle valute internazionali. Talvolta viene anche indicato come mercato dei cambi, <a href=\"https:\/\/www.etoro.com\/it\/trading\/what-is-forex-trading\/\">Forex<\/a> o mercato FX. La negoziazione di questo mercato \u00e8 attiva H24 in diverse parti del mondo. <\/mark><\/p>\n\n\n\n<figure class=\"wp-block-image size-full\"><img loading=\"lazy\" decoding=\"async\" width=\"756\" height=\"400\" src=\"https:\/\/www.etoro.com\/wp-content\/uploads\/2023\/07\/A-Beginners-Guide-To-Forex-Trading-_Body-Image-1_-What-is-Currency-Trading_-1-1.png\" alt=\"\" class=\"wp-image-664925 wp-image-desktop\" srcset=\"https:\/\/www.etoro.com\/wp-content\/uploads\/2023\/07\/A-Beginners-Guide-To-Forex-Trading-_Body-Image-1_-What-is-Currency-Trading_-1-1.png 756w, https:\/\/www.etoro.com\/wp-content\/uploads\/2023\/07\/A-Beginners-Guide-To-Forex-Trading-_Body-Image-1_-What-is-Currency-Trading_-1-1-300x159.png 300w\" sizes=\"(max-width: 756px) 100vw, 756px\" \/><\/figure>\n\n\n\n<p>Scopri di pi\u00f9 sul trading di valute con il nostro video formativo.<\/p>\n\n\n\n<p>Il mercato <a href=\"https:\/\/help.etoro.com\/s\/article\/what-is-forex?language=it\">Forex<\/a>, abbreviazione di \u201cForeign Exchange\u201d,<strong> consente di investire anche a chi dispone di capitali relativamente ridotti.<\/strong><\/p>\n\n\n\n<p>Facendo <a href=\"https:\/\/www.etoro.com\/it\/trading\/forex-strategy\/\">Forex trading<\/a>, gli investitori scambiano una <strong>valuta fiat<\/strong><em> <\/em>con un&#8217;altra, nella speranza di beneficiare delle fluttuazioni dei reciproci tassi di cambio. Per questo motivo, il trading Forex rappresenta una forma di \u201c<strong>pair trading<\/strong>\u201d ossia di \u201c<strong>trading di coppia<\/strong>\u201d.<\/p>\n\n\n\n<p>Per fare un esempio, potresti investire in USD\/AUD, pensando che l&#8217;USD diventer\u00e0 pi\u00f9 forte rispetto all&#8217;AUD.<\/p>\n\n\n\n<div class=\"wp-block-etoro-emphasis wp-block-etoro-emphasis-border-green\">\n<p>Facendo Forex trading, gli investitori scambiano una valuta fiat con un&#8217;altra, nella speranza di beneficiare delle fluttuazioni dei reciproci tassi di cambio.<\/p>\n<\/div>\n\n\n\n<h2 class=\"wp-block-heading\">Come investire o fare trading sul Forex<\/h2>\n\n\n\n<p><mark>L&#8217;idea alla base del <a href=\"https:\/\/www.etoro.com\/it\/trading\/what-is-forex-trading\/\">trading Forex<\/a> \u00e8 abbastanza semplice. Se ritieni che il valore di una determinata valuta possa aumentare rispetto a un&#8217;altra, puoi acquistarla e rivenderla successivamente per trarne un potenziale profitto.<\/mark> <\/p>\n\n\n\n<p><strong>Puoi scegliere di investire in una coppia di valute o in un ETF valutario<\/strong>. Nel primo caso, ti esporrai alla performance di una valuta rispetto a un&#8217;altra, nel secondo, invece, avrai un\u2019esposizione a un paniere pi\u00f9 ampio di valute.<\/p>\n\n\n\n<p>Gli analisti tecnici sono particolarmente attenti al trading di valute per la <a href=\"https:\/\/www.etoro.com\/it\/trading\/forex-volatility\/\">volatilit\u00e0 dei tassi di cambio<\/a>.<\/p>\n\n\n\n<p><strong>In determinate condizioni, infatti, questa volatilit\u00e0 pu\u00f2 rappresentare un\u2019opportunit\u00e0,<\/strong> ma \u00e8 bene ricordare che i tassi di cambio sono influenzati da molteplici fattori, inclusi eventi politici, decisioni delle banche centrali, trend macroeconomici e cos\u00ec via. Per questo, quindi, occorre fare molta attenzione.<\/p>\n\n\n\n<p>Inoltre, alcuni investitori utilizzano le valute per <strong>coprire<\/strong>  <strong>la propria posizione<\/strong>. Per esempio, se il portafoglio di un investitore dovesse contenere un&#8217;elevata percentuale di GBP e questi investisse in una societ\u00e0 denominata in USD, potrebbe optare per la <strong>vendita allo scoperto<\/strong> di USD per neutralizzare l&#8217;effetto che la valuta ha sul suo portafoglio.<\/p>\n\n\n\n<p><strong>Alcune valute sono considerate investimenti &#8220;rifugio&#8221;.<\/strong> Ci\u00f2 significa che gli investitori le ritengono meno rischiose rispetto ad altre. Tra le valute rifugio troviamo il dollaro USA, lo yen giapponese e il franco svizzero. <strong>Quando il mercato \u00e8 instabile, capita che gli investitori optino per queste valute.<\/strong><\/p>\n\n\n\n<figure class=\"wp-block-image size-full\"><img loading=\"lazy\" decoding=\"async\" width=\"756\" height=\"400\" src=\"https:\/\/www.etoro.com\/wp-content\/uploads\/2023\/07\/A-Beginners-Guide-To-Forex-Trading-_Body-Image-2_-How-to-Invest-or-Trade-Forex.png\" alt=\"\" class=\"wp-image-647561 wp-image-desktop\" srcset=\"https:\/\/www.etoro.com\/wp-content\/uploads\/2023\/07\/A-Beginners-Guide-To-Forex-Trading-_Body-Image-2_-How-to-Invest-or-Trade-Forex.png 756w, https:\/\/www.etoro.com\/wp-content\/uploads\/2023\/07\/A-Beginners-Guide-To-Forex-Trading-_Body-Image-2_-How-to-Invest-or-Trade-Forex-300x159.png 300w\" sizes=\"(max-width: 756px) 100vw, 756px\" \/><\/figure>\n\n\n\n<h3 class=\"wp-block-heading\">Ma come investire sul Forex?<\/h3>\n\n\n\n<p>Ecco i quattro passaggi principali da seguire:<\/p>\n\n\n\n<h3 class=\"wp-block-heading\">1. Scegli una coppia di valute<\/h3>\n\n\n\n<p><strong>Il trading di valute comporta l&#8217;acquisto di una valuta fiat e la vendita simultanea di un&#8217;altra. <\/strong>Per questo si parla di &#8220;coppie di valute&#8221;. Puoi scegliere coppie formate dalle valute principali o da valute meno note.<\/p>\n\n\n\n<h3 class=\"wp-block-heading\">2. Analizza il mercato&nbsp;<\/h3>\n\n\n\n<p><strong>Studiare \u00e8 fondamentale per essere un trader competente.<\/strong> Preparati con attenzione e analizza sia i grafici attuali sia quelli storici. Inoltre, leggi sempre le notizie economiche e dedica tempo all\u2019<a href=\"https:\/\/www.etoro.com\/it\/news-and-analysis\/copytrader\/fondamenti-di-analisi-tecnica\/\">analisi tecnica<\/a> e all\u2019analisi fondamentale.<\/p>\n\n\n\n<h3 class=\"wp-block-heading\">3.&nbsp; La quotazione<\/h3>\n\n\n\n<p>La quotazione ha due tassi che indicano le due valute (come USD ed EUR). <strong>Il primo tasso \u00e8 il prezzo al quale puoi vendere la <a href=\"https:\/\/www.etoro.com\/it\/trading\/currency-pairs\/\">coppia di valute<\/a> (noto anche come prezzo &#8220;bid&#8221;), il secondo, invece, \u00e8 quello al quale puoi acquistarla (detto anche prezzo &#8220;ask\/offer&#8221;).<\/strong> La differenza tra i due tassi \u00e8 chiamata &#8220;spread&#8221; e rappresenta il valore che un broker <a href=\"https:\/\/www.etoro.com\/it\/trading\/what-is-forex-trading\/\">Forex<\/a> ti addebita per l&#8217;esecuzione dell&#8217;operazione.<\/p>\n\n\n\n<h3 class=\"wp-block-heading\">4. Scegli una posizione<\/h3>\n\n\n\n<p>Nel Forex trading, <strong>devi considerare sia i movimenti al rialzo che al ribasso del mercato, perch\u00e9 stai acquistando una valuta e ne stai vendendo un&#8217;altra contemporaneamente.<\/strong><\/p>\n\n\n\n<p>In una &#8220;posizione di acquisto&#8221;, ti aspetti che il valore della valuta di base aumenti rispetto a quella di quotazione, mentre, in una &#8220;di vendita&#8221;, speri che diminuisca.<\/p>\n\n\n\n<div class=\"wp-block-etoro-tip wp-block-etoro-tip-border-yellow\"><span class=\"wp-block-etoro-tip-icon\"><\/span><div class=\"wp-block-etoro-tip-text\">\n<p><strong>Suggerimento:<\/strong> per ridurre i rischi, stabilisci chiaramente i tuoi obiettivi finanziari e crea un piano prima di iniziare a investire.<\/p>\n<\/div><\/div>\n\n\n\n<h2 class=\"wp-block-heading\">Cosa sono le coppie di valute?<\/h2>\n\n\n\n<p><mark>Nel Forex trading, una coppia di valute mostra quale tipo di valuta viene negoziata con un&#8217;altra e indica quante unit\u00e0 di un tipo di valuta occorrono per acquistare un\u2019unit\u00e0 dell\u2019altra, seguendo un principio simile ad altre forme di pair trading<\/mark>.<\/p>\n\n\n\n<p>\u00c8 fondamentale il modo in cui le valute sono elencate nella coppia<strong>. La prima, infatti, rappresenta la valuta di base, la seconda, invece, \u00e8 la valuta di quotazione<\/strong>. Le valute vengono elencate con abbreviazioni standardizzate, utilizzate in tutti i mercati finanziari.<\/p>\n\n\n\n<p>Per esempio, nella dicitura \u201cAUD\/USD = 1,10000\u201d la sigla \u201cAUD\u201d rappresenta i dollari australiani, ed \u00e8 la <strong>valuta di base<\/strong>. L&#8217;USD rappresenta i dollari USA, ed \u00e8 la <strong>valuta di quotazione<\/strong>. Nel complesso, l\u2019espressione significa che puoi scambiare 1,10 dollari USA con 1 dollaro australiano.<\/p>\n\n\n\n<h2 class=\"wp-block-heading\">Rischi del Forex trading<\/h2>\n\n\n\n<p><strong>Ogni investimento comporta dei rischi<\/strong> che \u00e8 essenziale conoscere. Ecco alcuni dei principali:<\/p>\n\n\n\n<figure class=\"wp-block-image size-full\"><img loading=\"lazy\" decoding=\"async\" width=\"756\" height=\"400\" src=\"https:\/\/www.etoro.com\/wp-content\/uploads\/2023\/07\/A-Beginners-Guide-To-Forex-Trading-_Body-Image-3_-Risks-of-Forex-Trading.png\" alt=\"\" class=\"wp-image-647540 wp-image-desktop\" srcset=\"https:\/\/www.etoro.com\/wp-content\/uploads\/2023\/07\/A-Beginners-Guide-To-Forex-Trading-_Body-Image-3_-Risks-of-Forex-Trading.png 756w, https:\/\/www.etoro.com\/wp-content\/uploads\/2023\/07\/A-Beginners-Guide-To-Forex-Trading-_Body-Image-3_-Risks-of-Forex-Trading-300x159.png 300w\" sizes=\"(max-width: 756px) 100vw, 756px\" \/><\/figure>\n\n\n\n<h4 class=\"wp-block-heading\">Leva<\/h4>\n\n\n\n<p>Se usi una leva eccessiva, <strong>puoi perdere rapidamente gran parte del tuo capitale, anche con un piccolo spostamento del mercato.<\/strong><\/p>\n\n\n\n<h4 class=\"wp-block-heading\">Fallimento<\/h4>\n\n\n\n<p>Quando si investe, nel Forex o negli altri mercati, <strong>occorre fare molta attenzione<\/strong> perch\u00e9 il rischio di perdere denaro \u00e8 sempre dietro l\u2019angolo.<\/p>\n\n\n\n<h4 class=\"wp-block-heading\">Formazione<\/h4>\n\n\n\n<p><strong>Per diventare un bravo Forex trader, devi avere una visione d&#8217;insieme delle economie globali<\/strong>. Gestire cos\u00ec tanti fattori pu\u00f2 essere difficile, soprattutto agli inizi, per questo occorre studiare e prepararsi adeguatamente prima di investire il proprio denaro.<\/p>\n\n\n\n<h2 class=\"wp-block-heading\">Riepilogo<\/h2>\n\n\n\n<p>Il <strong>Forex<\/strong> \u00e8 un <strong>mercato globale<\/strong>, con il maggior volume di scambi giornalieri. Se gestito correttamente, il trading sul Forex pu\u00f2 essere adatto a investitori con capitali e livelli di esperienza diversi.&nbsp;&nbsp;&nbsp;<\/p>\n\n\n\n<p>Tuttavia, come qualsiasi forma di investimento, anche il Forex <strong>comporta rischi<\/strong> che \u00e8 bene conoscere e valutare attentamente prima di investire il proprio denaro.<\/p>\n\n\n\n<p><a href=\"https:\/\/www.etoro.com\/it\/accounts\/sign-up?funnelFromId=51\">Iscriviti<\/a> su eToro ed espandi la tua conoscenza sul trading.<\/p>\n\n\n\n<h2 class=\"wp-block-heading\">Quiz<\/h2>\n\n\n\n<div class=\"wp-block-etoro-quizzes\">\n<div class=\"wp-block-etoro-quiz\" data-answer=\"0\"><div class=\"wp-block-etoro-quiz-body\"><div class=\"wp-block-etoro-quiz-question\">Cos&#8217;e un ETF valutario?<\/div>\n<div class=\"wp-block-etoro-quiz-item\">Uno strumento finanziario che traccia le performance di una valuta contro un&#8217;altra valuta o un paniere di valute<\/div>\n\n\n\n<div class=\"wp-block-etoro-quiz-item\">Uno strumento finanziario che traccia le performance di una valuta contro un asset di una diversa classe, come un&#8217;azione o una criptovaluta<\/div>\n<\/div><div class=\"wp-block-etoro-quiz-result\">\u00a0<\/div><\/div>\n<\/div>\n\n\n\n<h2 class=\"wp-block-heading\">Domande frequenti&nbsp;<\/h2>\n\n\n\n<dl class=\"wp-block-etoro-faq\">\n<div class=\"wp-block-etoro-faq-item\"><dt class=\"wp-block-etoro-faq-item-question\">Che differenza c\u2019\u00e8 tra il Forex trading rispetto al tradizionale trading azionario?<\/dt><dd class=\"wp-block-etoro-faq-item-answer\">\n<p>Diversamente dal trading di azioni, futures e opzioni, nel Forex non esiste un organo di governo centrale.<\/p>\n<\/dd><\/div>\n\n\n\n<div class=\"wp-block-etoro-faq-item\"><dt class=\"wp-block-etoro-faq-item-question\">A che ora \u00e8 aperto il Forex trading?<\/dt><dd class=\"wp-block-etoro-faq-item-answer\">\n<p>Il mercato Forex funziona H24 nei giorni feriali e pu\u00f2 essere utilizzato per valutare potenziali movimenti di prezzo delle valute.<\/p>\n<\/dd><\/div>\n\n\n\n<div class=\"wp-block-etoro-faq-item\"><dt class=\"wp-block-etoro-faq-item-question\">Quali valute posso scambiare nel Forex?<\/dt><dd class=\"wp-block-etoro-faq-item-answer\">\n<p>Sebbene siano disponibili numerose valute esotiche, la maggior parte dei trader Forex tende a negoziare le coppie di valute pi\u00f9 liquide: <a href=\"https:\/\/www.etoro.com\/it\/markets\/eurusd\">EUR\/USD<\/a>, <a href=\"https:\/\/www.etoro.com\/it\/markets\/usdjpy\">USD\/JPY<\/a>, <a href=\"https:\/\/www.etoro.com\/it\/markets\/gbpusd\">GBP\/USD<\/a>, <a href=\"https:\/\/www.etoro.com\/it\/markets\/usdchf\">USD\/CHF<\/a>.<\/p>\n<\/dd><\/div>\n\n\n\n<div class=\"wp-block-etoro-faq-item\"><dt class=\"wp-block-etoro-faq-item-question\">Quali sono gli orari tipici di negoziazione per i principali mercati Forex?<\/dt><dd class=\"wp-block-etoro-faq-item-answer\">\n<p>Il mercato Forex opera generalmente su base 24\/5, rendendo possibile il trading 24 ore su 24 dal luned\u00ec mattina al venerd\u00ec sera. Possono esserci brevi intervalli di chiusura stabiliti dai broker per ragioni tecniche o in occasione di festivit\u00e0 che influenzano le piazze finanziarie mondiali.<\/p>\n<\/dd><\/div>\n\n\n\n<div class=\"wp-block-etoro-faq-item\"><dt class=\"wp-block-etoro-faq-item-question\">In che modo la leva finanziaria influisce su profitti e perdite nel trading Forex?<\/dt><dd class=\"wp-block-etoro-faq-item-answer\">\n<p>La <a href=\"https:\/\/www.etoro.com\/it\/trading\/leverage-margin\/\">leva<\/a> finanziaria amplifica sia i potenziali guadagni che le perdite. Questo accade perch\u00e9 l&#8217;esposizione totale sul mercato \u00e8 superiore al capitale effettivamente depositato e utilizzato come margine (o collaterale).<\/p>\n<\/dd><\/div>\n<\/dl>\n\n\n\n\t\t<style>\n\t\t\t.rtl .etoro-block-shortcode-disclaimer {\n\t\t\t\ttext-align:right;\n\t\t\t}\n\t\t\t.etoro-block-shortcode-disclaimer {\n\t\t\t\tmargin-bottom:18px;\n\t\t\t\ttext-align:left;\n\t\t\t}\n\t\t\t.etoro-block-shortcode-disclaimer p{\n\t\t\t\tfont-size: 12px;\n\t\t\t\tline-height: 18px;\n\t\t\t}\n\t\t\t@media (min-width: 768px) {\n\t\t\t\t.etoro-block-shortcode-disclaimer {\n\t\t\t\t\tmax-width:1176px;\n\t\t\t\t\ttext-align:center;\n\t\t\t\t}\n\t\t\t\t.etoro-block-shortcode-disclaimer p {\n\t\t\t\t\tfont-size: 14px;\n\t\t\t\t\tline-height: 20px;\n\t\t\t\t}\n\t\t\t}\n\t\t<\/style>\n\t\t<div class='etoro-block-shortcode-disclaimer'><p>Le presenti informazioni vengono fornite al solo scopo educativo e non rappresentano consigli d\u2019investimento o suggerimenti personali. Tali informazioni non devono quindi essere interpretate come offerte o solleciti di compravendita di strumenti finanziari.<\/p>\n<p>Il materiale \u00e8 stato preparato senza tener conto di precisi obiettivi d\u2019investimento o specifiche situazioni finanziarie e non soddisfa pertanto i criteri legali e legislativi previsti per la promozione di ricerche indipendenti.<\/p>\n<p><strong>Non tutti gli strumenti finanziari e i servizi cui viene fatto riferimento sono offerti da eToro<\/strong> e qualsiasi riferimento alle prestazioni passate di uno specifico strumento, indice o prodotto d\u2019investimento preassemblato non rappresenta n\u00e9 deve essere interpretato come un indicatore affidabile di possibili prestazioni future. <strong>La disponibilit\u00e0 di tutti i prodotti e servizi sopra menzionati pu\u00f2 variare a seconda della giurisdizione e del Paese.<\/strong><\/p>\n<p>eToro non offre alcuna garanzia n\u00e9 si assume la responsabilit\u00e0 in merito all\u2019accuratezza o alla completezza del contenuto esposto nella presente guida. Il lettore deve garantire di aver compreso appieno i rischi comportati dal trading prima di impegnare capitale. Si sconsiglia di mettere a rischio pi\u00f9 denaro di quanto non se ne possa perdere.<\/p>\n<\/div>\n","protected":false},"excerpt":{"rendered":"<p>Vorresti conoscere meglio il Forex trading? In questa guida scoprirai cos\u2019\u00e8 e come funziona il trading di valute, con consigli utili per evitare i rischi principali di questo tipo di investimento. Il Forex \u00e8 il pi\u00f9 grande mercato finanziario del mondo, con un volume medio di scambi giornalieri di oltre 5.000 miliardi di dollari. Questa&hellip;<\/p>\n","protected":false},"author":33,"featured_media":647497,"parent":18387,"menu_order":380,"comment_status":"closed","ping_status":"closed","template":"","meta":{"_acf_changed":false,"inline_featured_image":false,"sticky_cta_settings":"","footnotes":""},"asset_type":[6601],"class_list":["post-501740","page","type-page","status-publish","has-post-thumbnail","hentry","asset_type-is-cfd"],"acf":[],"yoast_head":"<title>Forex e Trading di Valute: Guida per Principianti | eToro<\/title>\n<meta name=\"description\" content=\"Vuoi saperne di pi\u00f9 sul Forex trading? Questa guida per principianti ti fornir\u00e0 un&#039;introduzione al trading di valute e ti spiegher\u00e0 le basi del mercato FX.\" \/>\n<meta name=\"robots\" content=\"index, follow, max-snippet:-1, max-image-preview:large, max-video-preview:-1\" \/>\n<link rel=\"canonical\" href=\"https:\/\/www.etoro.com\/it\/wp-json\/wp\/v2\/pages\/501740\" \/>\n<meta property=\"og:locale\" content=\"it_IT\" \/>\n<meta property=\"og:type\" content=\"article\" \/>\n<meta property=\"og:title\" content=\"Forex e Trading di Valute: Guida per Principianti | eToro\" \/>\n<meta property=\"og:description\" content=\"Vuoi saperne di pi\u00f9 sul Forex trading? Questa guida per principianti ti fornir\u00e0 un&#039;introduzione al trading di valute e ti spiegher\u00e0 le basi del mercato FX.\" \/>\n<meta property=\"og:url\" content=\"https:\/\/www.etoro.com\/it\/wp-json\/wp\/v2\/pages\/501740\" \/>\n<meta property=\"og:site_name\" content=\"eToro\" \/>\n<meta property=\"article:publisher\" content=\"https:\/\/www.facebook.com\/eToro\/\" \/>\n<meta property=\"article:modified_time\" content=\"2026-03-17T06:47:35+00:00\" \/>\n<meta property=\"og:image\" content=\"https:\/\/www.etoro.com\/wp-content\/uploads\/2023\/07\/Socials-IT.png\" \/>\n\t<meta property=\"og:image:width\" content=\"1200\" \/>\n\t<meta property=\"og:image:height\" content=\"630\" \/>\n\t<meta property=\"og:image:type\" content=\"image\/png\" \/>\n<meta name=\"twitter:card\" content=\"summary_large_image\" \/>\n<meta name=\"twitter:site\" content=\"@eToro\" \/>\n<meta name=\"twitter:label1\" content=\"Est. reading time\" \/>\n\t<meta name=\"twitter:data1\" content=\"10 minutes\" \/>\n<script type=\"application\/ld+json\" class=\"yoast-schema-graph\">{\"@context\":\"https:\/\/schema.org\",\"@graph\":[{\"@type\":\"WebPage\",\"@id\":\"https:\/\/www.etoro.com\/it\/trading\/forex-trading-guide\/\",\"url\":\"https:\/\/www.etoro.com\/it\/trading\/forex-trading-guide\/\",\"name\":\"Forex e Trading di Valute: Guida per Principianti | eToro\",\"isPartOf\":{\"@id\":\"https:\/\/www.etoro.com\/it\/#website\"},\"primaryImageOfPage\":{\"@id\":\"https:\/\/www.etoro.com\/it\/trading\/forex-trading-guide\/#primaryimage\"},\"image\":{\"@id\":\"https:\/\/www.etoro.com\/it\/trading\/forex-trading-guide\/#primaryimage\"},\"thumbnailUrl\":\"https:\/\/www.etoro.com\/wp-content\/uploads\/2023\/07\/Socials-IT.png\",\"datePublished\":\"2021-01-27T09:56:52+00:00\",\"dateModified\":\"2026-03-17T06:47:35+00:00\",\"description\":\"Vuoi saperne di pi\u00f9 sul Forex trading? Questa guida per principianti ti fornir\u00e0 un'introduzione al trading di valute e ti spiegher\u00e0 le basi del mercato FX.\",\"breadcrumb\":{\"@id\":\"https:\/\/www.etoro.com\/it\/trading\/forex-trading-guide\/#breadcrumb\"},\"inLanguage\":\"it\",\"potentialAction\":[{\"@type\":\"ReadAction\",\"target\":[\"https:\/\/www.etoro.com\/it\/trading\/forex-trading-guide\/\"]}]},{\"@type\":\"ImageObject\",\"inLanguage\":\"it\",\"@id\":\"https:\/\/www.etoro.com\/it\/trading\/forex-trading-guide\/#primaryimage\",\"url\":\"https:\/\/www.etoro.com\/wp-content\/uploads\/2023\/07\/Socials-IT.png\",\"contentUrl\":\"https:\/\/www.etoro.com\/wp-content\/uploads\/2023\/07\/Socials-IT.png\",\"width\":1200,\"height\":630},{\"@type\":\"BreadcrumbList\",\"@id\":\"https:\/\/www.etoro.com\/it\/trading\/forex-trading-guide\/#breadcrumb\",\"itemListElement\":[{\"@type\":\"ListItem\",\"position\":1,\"name\":\"Home\",\"item\":\"https:\/\/www.etoro.com\/it\/\"},{\"@type\":\"ListItem\",\"position\":2,\"name\":\"TRADING\",\"item\":\"https:\/\/www.etoro.com\/it\/trading\/\"},{\"@type\":\"ListItem\",\"position\":3,\"name\":\"Guida base al trading Forex\"}]},{\"@type\":\"WebSite\",\"@id\":\"https:\/\/www.etoro.com\/it\/#website\",\"url\":\"https:\/\/www.etoro.com\/it\/\",\"name\":\"eToro\",\"description\":\"\",\"publisher\":{\"@id\":\"https:\/\/www.etoro.com\/it\/#organization\"},\"potentialAction\":[{\"@type\":\"SearchAction\",\"target\":{\"@type\":\"EntryPoint\",\"urlTemplate\":\"https:\/\/www.etoro.com\/it\/?s={search_term_string}\"},\"query-input\":{\"@type\":\"PropertyValueSpecification\",\"valueRequired\":true,\"valueName\":\"search_term_string\"}}],\"inLanguage\":\"it\"},[]]}<\/script>","yoast_head_json":{"title":"Forex e Trading di Valute: Guida per Principianti | eToro","description":"Vuoi saperne di pi\u00f9 sul Forex trading? Questa guida per principianti ti fornir\u00e0 un'introduzione al trading di valute e ti spiegher\u00e0 le basi del mercato FX.","robots":{"index":"index","follow":"follow","max-snippet":"max-snippet:-1","max-image-preview":"max-image-preview:large","max-video-preview":"max-video-preview:-1"},"canonical":"https:\/\/www.etoro.com\/it\/wp-json\/wp\/v2\/pages\/501740","og_locale":"it_IT","og_type":"article","og_title":"Forex e Trading di Valute: Guida per Principianti | eToro","og_description":"Vuoi saperne di pi\u00f9 sul Forex trading? Questa guida per principianti ti fornir\u00e0 un'introduzione al trading di valute e ti spiegher\u00e0 le basi del mercato FX.","og_url":"https:\/\/www.etoro.com\/it\/wp-json\/wp\/v2\/pages\/501740","og_site_name":"eToro","article_publisher":"https:\/\/www.facebook.com\/eToro\/","article_modified_time":"2026-03-17T06:47:35+00:00","og_image":[{"width":1200,"height":630,"url":"https:\/\/www.etoro.com\/wp-content\/uploads\/2023\/07\/Socials-IT.png","type":"image\/png"}],"twitter_card":"summary_large_image","twitter_site":"@eToro","twitter_misc":{"Est. reading time":"10 minutes"},"schema":{"@context":"https:\/\/schema.org","@graph":[{"@type":"WebPage","@id":"https:\/\/www.etoro.com\/it\/trading\/forex-trading-guide\/","url":"https:\/\/www.etoro.com\/it\/trading\/forex-trading-guide\/","name":"Forex e Trading di Valute: Guida per Principianti | eToro","isPartOf":{"@id":"https:\/\/www.etoro.com\/it\/#website"},"primaryImageOfPage":{"@id":"https:\/\/www.etoro.com\/it\/trading\/forex-trading-guide\/#primaryimage"},"image":{"@id":"https:\/\/www.etoro.com\/it\/trading\/forex-trading-guide\/#primaryimage"},"thumbnailUrl":"https:\/\/www.etoro.com\/wp-content\/uploads\/2023\/07\/Socials-IT.png","datePublished":"2021-01-27T09:56:52+00:00","dateModified":"2026-03-17T06:47:35+00:00","description":"Vuoi saperne di pi\u00f9 sul Forex trading? Questa guida per principianti ti fornir\u00e0 un'introduzione al trading di valute e ti spiegher\u00e0 le basi del mercato FX.","breadcrumb":{"@id":"https:\/\/www.etoro.com\/it\/trading\/forex-trading-guide\/#breadcrumb"},"inLanguage":"it","potentialAction":[{"@type":"ReadAction","target":["https:\/\/www.etoro.com\/it\/trading\/forex-trading-guide\/"]}]},{"@type":"ImageObject","inLanguage":"it","@id":"https:\/\/www.etoro.com\/it\/trading\/forex-trading-guide\/#primaryimage","url":"https:\/\/www.etoro.com\/wp-content\/uploads\/2023\/07\/Socials-IT.png","contentUrl":"https:\/\/www.etoro.com\/wp-content\/uploads\/2023\/07\/Socials-IT.png","width":1200,"height":630},{"@type":"BreadcrumbList","@id":"https:\/\/www.etoro.com\/it\/trading\/forex-trading-guide\/#breadcrumb","itemListElement":[{"@type":"ListItem","position":1,"name":"Home","item":"https:\/\/www.etoro.com\/it\/"},{"@type":"ListItem","position":2,"name":"TRADING","item":"https:\/\/www.etoro.com\/it\/trading\/"},{"@type":"ListItem","position":3,"name":"Guida base al trading Forex"}]},{"@type":"WebSite","@id":"https:\/\/www.etoro.com\/it\/#website","url":"https:\/\/www.etoro.com\/it\/","name":"eToro","description":"","publisher":{"@id":"https:\/\/www.etoro.com\/it\/#organization"},"potentialAction":[{"@type":"SearchAction","target":{"@type":"EntryPoint","urlTemplate":"https:\/\/www.etoro.com\/it\/?s={search_term_string}"},"query-input":{"@type":"PropertyValueSpecification","valueRequired":true,"valueName":"search_term_string"}}],"inLanguage":"it"},[]]}},"_links":{"self":[{"href":"https:\/\/www.etoro.com\/it\/wp-json\/wp\/v2\/pages\/501740"}],"collection":[{"href":"https:\/\/www.etoro.com\/it\/wp-json\/wp\/v2\/pages"}],"about":[{"href":"https:\/\/www.etoro.com\/it\/wp-json\/wp\/v2\/types\/page"}],"author":[{"embeddable":true,"href":"https:\/\/www.etoro.com\/it\/wp-json\/wp\/v2\/users\/33"}],"replies":[{"embeddable":true,"href":"https:\/\/www.etoro.com\/it\/wp-json\/wp\/v2\/comments?post=501740"}],"version-history":[{"count":0,"href":"https:\/\/www.etoro.com\/it\/wp-json\/wp\/v2\/pages\/501740\/revisions"}],"up":[{"embeddable":true,"href":"https:\/\/www.etoro.com\/it\/wp-json\/wp\/v2\/pages\/18387"}],"wp:featuredmedia":[{"embeddable":true,"href":"https:\/\/www.etoro.com\/it\/wp-json\/wp\/v2\/media\/647497"}],"wp:attachment":[{"href":"https:\/\/www.etoro.com\/it\/wp-json\/wp\/v2\/media?parent=501740"}],"wp:term":[{"taxonomy":"asset_type","embeddable":true,"href":"https:\/\/www.etoro.com\/it\/wp-json\/wp\/v2\/asset_type?post=501740"}],"curies":[{"name":"wp","href":"https:\/\/api.w.org\/{rel}","templated":true}]}}