{"id":505494,"date":"2020-04-08T12:37:00","date_gmt":"2020-04-08T09:37:00","guid":{"rendered":"https:\/\/www.etoro.com\/stocks\/what-are-dividends\/"},"modified":"2025-07-04T14:02:49","modified_gmt":"2025-07-04T11:02:49","slug":"what-are-dividends","status":"publish","type":"page","link":"https:\/\/www.etoro.com\/it\/investing\/what-are-dividends\/","title":{"rendered":"Cosa sono i dividendi?"},"content":{"rendered":"\n<p class=\"is-style-summary\">I dividendi azionari possono rappresentare un\u2019alternativa per coloro che desiderano investire a lungo termine sul mercato azionario. Prima di iniziare, per\u00f2, \u00e8 importante capire bene cosa sono, come funzionano e come sviluppare una strategia di investimento corretta.<\/p>\n\n\n\n<hr class=\"wp-block-separator wp-block-separator-color-dark-grey wp-block-separator-spaces-medium wp-block-separator-weight-1\"\/>\n\n\n\n<p>Quando acquisti un&#8217;<strong>azione<\/strong>, diventi comproprietario di una societ\u00e0. Ci\u00f2 significa che hai diritto a <strong>una quota degli utili che vengono erogati come dividendi.<\/strong><\/p>\n\n\n\n<p>I <strong>dividendi azionari formano un flusso di <\/strong><strong>reddito passivo<\/strong><strong> <\/strong>che puoi spendere, reinvestire o utilizzare <strong>per cercare di raggiungere l&#8217;indipendenza finanziaria.<\/strong><\/p>\n\n\n\n<h2 class=\"wp-block-heading\">Cosa sono i dividendi?<\/h2>\n\n\n\n<p><mark>I dividendi sono pagamenti effettuati dalle societ\u00e0 per azioni ai propri azionisti. Questi <strong>pagamenti possono avvenire in contanti o tramite metodi alternativi<\/strong>, ad esempio con il trasferimento di azioni aggiuntive. I dividendi vengono pagati agli azionisti su base proporzionale: <strong>pi\u00f9 azioni possiedi, maggiore sar\u00e0 l&#8217;importo totale dei dividendi che riceverai.<\/strong><\/mark><\/p>\n\n\n\n<figure class=\"wp-block-image size-full\"><img loading=\"lazy\" decoding=\"async\" width=\"756\" height=\"400\" src=\"https:\/\/www.etoro.com\/wp-content\/uploads\/2023\/05\/What-are-Dividends__Body-Image-1-756-x-400.png\" alt=\"\" class=\"wp-image-590258 wp-image-desktop\" srcset=\"https:\/\/www.etoro.com\/wp-content\/uploads\/2023\/05\/What-are-Dividends__Body-Image-1-756-x-400.png 756w, https:\/\/www.etoro.com\/wp-content\/uploads\/2023\/05\/What-are-Dividends__Body-Image-1-756-x-400-300x159.png 300w\" sizes=\"(max-width: 756px) 100vw, 756px\" \/><\/figure>\n\n\n\n<h2 class=\"wp-block-heading\">Come funzionano i dividendi azionari?<\/h2>\n\n\n\n<p>Spetta ai <strong>vertici di un\u2019azienda decidere l&#8217;importo e la frequenza dei pagamenti dei dividendi <\/strong>e determinare quanto <strong>capitale<\/strong> debba essere trattenuto per supportare l\u2019attivit\u00e0 aziendale e quanto vada distribuito agli azionisti.<\/p>\n\n\n\n<p>Solitamente, le societ\u00e0 che pagano dividendi staccano le proprie cedole su base trimestrale, semestrale o annuale. Spesso, l\u2019importo del dividendo viene considerato un <strong>indicatore della performance dell&#8217;azienda e delle sue prospettive future.<\/strong><\/p>\n\n\n\n<p>L\u2019effettivo accredito dei dividendi al conto di un investitore \u00e8 gestito dalla stessa societ\u00e0 e dal broker automaticamente. In alcuni casi, viene chiesto all\u2019azionista di scegliere come ricevere il dividendo: ad esempio, se in contanti o in azioni aggiuntive.<\/p>\n\n\n\n<div class=\"wp-block-etoro-tip wp-block-etoro-tip-border-yellow\"><span class=\"wp-block-etoro-tip-icon\"><\/span><div class=\"wp-block-etoro-tip-text\">\n<p><strong>Suggerimento: <\/strong>se un&#8217;azienda \u00e8 considerata un buon investimento e annuncia un dividendo inferiore al solito, la notizia potrebbe essere vista negativamente, comportando un calo del prezzo delle sue azioni.<\/p>\n<\/div><\/div>\n\n\n\n<h2 class=\"wp-block-heading\">Investire in dividendi azionari<\/h2>\n\n\n\n<p>La maggior parte dei titoli azionari che paga dividendi presenta tre caratteristiche principali:<\/p>\n\n\n\n<ul class=\"wp-block-list wp-block-list wp-block-list-circle\">\n<li><strong>Modelli di business solidi.<\/strong><\/li>\n\n\n\n<li><strong>Flussi di reddito affidabili.<\/strong><\/li>\n\n\n\n<li><strong>Prospettive di crescita<\/strong> potenzialmente limitate.<\/li>\n<\/ul>\n\n\n\n<p>Per quanto concerne quest\u2019ultimo aspetto, la motivazione \u00e8 semplice: quando un\u2019azienda decide di distribuire i dividendi, rinuncia, sostanzialmente, a una parte di risorse che potrebbe investire nel suo sviluppo.<\/p>\n\n\n\n<p>Di conseguenza, <strong>la societ\u00e0 avr\u00e0 minori possibilit\u00e0 di registrare una plusvalenza<\/strong> e vedere un aumento del suo prezzo azionario.<\/p>\n\n\n\n<p>Per questo, le societ\u00e0 con piani aziendali pi\u00f9 dinamici scelgono di non pagare i dividendi.<\/p>\n\n\n\n<p>Gli investitori che puntano su queste societ\u00e0, dette <strong>growth stocks<\/strong>, acquistano le relative azioni sperando che il loro prezzo aumenter\u00e0, qualora la crescita si realizzi.<\/p>\n\n\n\n<div class=\"wp-block-etoro-emphasis wp-block-etoro-emphasis-border-green\">\n<p>I dividendi vengono pagati agli azionisti su base proporzionale: pi\u00f9 azioni possiedi, maggiore sar\u00e0 l&#8217;importo totale dei dividendi che riceverai.<\/p>\n<\/div>\n\n\n\n<h3 class=\"wp-block-heading\">Tipi di investimento con dividendi<\/h3>\n\n\n\n<p><strong>Le <a href=\"https:\/\/www.etoro.com\/it\/stocks\/top-dividend-stocks-to-buy\/\">azioni con dividendi<\/a> si adattano alla maggior parte dei portafogli d\u2019investimento<\/strong>. Per i pensionati o per coloro che hanno un <strong>profilo di rischio basso,<\/strong> possono rappresentare una possibile fonte di reddito passivo.<\/p>\n\n\n\n<p>Per coloro che, invece, preferiscono <strong><a href=\"https:\/\/www.etoro.com\/it\/investing\/dividend-investing-strategy\/\">strategie d\u2019investimento<\/a> pi\u00f9 aggressive<\/strong>, le azioni con dividendi possono servire per bilanciare altri asset pi\u00f9 rischiosi, in modo da costruire un <strong>portafoglio diversificato<\/strong>, oppure possono essere usate per aumentare l\u2019<strong>effetto<\/strong> <strong>\u201ccompounding\u201d<\/strong>.<\/p>\n\n\n\n<h3 class=\"wp-block-heading\">Titoli con i migliori dividendi<\/h3>\n\n\n\n<p><strong>Negli anni, alcune societ\u00e0<\/strong> si sono distinte per <strong>aver pagato regolarmente dei dividendi superiori alla media.<\/strong><\/p>\n\n\n\n<p>Usando un indicatore specifico chiamato <strong>\u201cdividend yield\u201d<\/strong>, \u00e8 possibile individuare i <a href=\"https:\/\/www.etoro.com\/stocks\/top-dividend-stocks-to-buy\/\"><strong>titoli con i migliori dividendi<\/strong><\/a>, tra cui <a href=\"https:\/\/www.nasdaq.com\/it\/market-activity\/stocks\/vz\/dividend-history\" target=\"_blank\" rel=\"noreferrer noopener\">Verizon Communications Inc.<\/a>(<a href=\"https:\/\/www.etoro.com\/it\/markets\/vz\">VZ<\/a>), <a href=\"https:\/\/www.nasdaq.com\/it\/market-activity\/stocks\/t\/dividend-history\" target=\"_blank\" rel=\"noreferrer noopener\">AT&amp;T Inc.<\/a> (<a href=\"https:\/\/www.etoro.com\/it\/markets\/t\">T<\/a>) e <a href=\"https:\/\/www.nasdaq.com\/it\/market-activity\/stocks\/bac\/dividend-history\" target=\"_blank\" rel=\"noreferrer noopener\">Bank of America<\/a> (<a href=\"https:\/\/www.etoro.com\/it\/markets\/bac\">BAC<\/a>) che hanno avuto <a href=\"https:\/\/www.etoro.com\/it\/investing\/what-is-dividend-yield\/\">rendimenti da dividendi<\/a> compresi tra il 3% e il 7% nel 2023.<\/p>\n\n\n\n<p>Questi titoli reggono bene il confronto con il rendimento medio dei dividendi a lungo termine dell&#8217;indice S&amp;P 500, che si attesta sul 2,00%.<\/p>\n\n\n\n<figure class=\"wp-block-image size-full\"><img loading=\"lazy\" decoding=\"async\" width=\"756\" height=\"400\" src=\"https:\/\/www.etoro.com\/wp-content\/uploads\/2023\/05\/What-are-Dividends__Body-Image-2-756-x-400.png\" alt=\"\" class=\"wp-image-590279 wp-image-desktop\" srcset=\"https:\/\/www.etoro.com\/wp-content\/uploads\/2023\/05\/What-are-Dividends__Body-Image-2-756-x-400.png 756w, https:\/\/www.etoro.com\/wp-content\/uploads\/2023\/05\/What-are-Dividends__Body-Image-2-756-x-400-300x159.png 300w\" sizes=\"(max-width: 756px) 100vw, 756px\" \/><\/figure>\n\n\n\n<h2 class=\"wp-block-heading\">Come funzionano le tasse sui dividendi?<\/h2>\n\n\n\n<p>In Italia la normativa di riferimento per il pagamento del <a href=\"https:\/\/www.borsaitaliana.it\/notizie\/sotto-la-lente\/capitalgain.htm#:~:text=La%20tassazione%20del%20Capital%20Gain,per%20il%2048%2C08%25.\" target=\"_blank\" rel=\"noreferrer noopener\">capital gain<\/a> \u00e8 il <strong>Decreto Legge n. 66 del 24\/04\/2014<\/strong> convertito in legge il <strong>1\/07\/2014<\/strong>. Questa norma stabilisce il pagamento da parte dei privati di un\u2019aliquota sugli interessi e sui guadagni di natura finanziaria pari al <strong>26% <\/strong>(tranne qualche eccezione)<strong>.<\/strong><\/p>\n\n\n\n<p>La stessa aliquota si applica anche ai dividendi pagati da qualsiasi strumento finanziario. Nel caso, per\u00f2, di <strong>dividendi di ETF o Fondi Comuni che contengano titoli di Stato<\/strong>, <strong>la tassazione applicata \u00e8 del 48,08% sulla plusvalenza, con aliquota al 26%. <\/strong>Ulteriori differenze si applicano nel caso in cui il pagamento della tassazione sia effettuato da enti o da societ\u00e0 di capitali.<\/p>\n\n\n\n<div class=\"wp-block-etoro-tip wp-block-etoro-tip-border-yellow\"><span class=\"wp-block-etoro-tip-icon\"><\/span><div class=\"wp-block-etoro-tip-text\">\n<p><strong>Suggerimento: <\/strong>i dividendi provenienti da azioni di societ\u00e0 estere, possono essere sottoposti a una doppia tassazione (ad eccezione dei cosiddetti \u201cparadisi fiscali\u201d). In questi casi, dovrai pagare prima l\u2019imposta estera poi quella italiana, per cui fai sempre molta attenzione!<\/p>\n<\/div><\/div>\n\n\n\n<h2 class=\"wp-block-heading\">Sviluppare una strategia di investimento sui dividendi<\/h2>\n\n\n\n<p>Quando si crea una strategia basata sui dividendi, \u00e8 importante stabilire in anticipo il proprio obiettivo d\u2019investimento.<\/p>\n\n\n\n<p>Dovrai, quindi, decidere se <strong>cercare un flusso di reddito regolare<\/strong>, <strong>bilanciare le posizioni pi\u00f9 rischiose<\/strong> oppure approfittare dell\u2019<strong>effetto compounding<\/strong>.<\/p>\n\n\n\n<p>Qualunque sia la tua scelta, ricorda che i <strong>dividendi non sono garantiti<\/strong>. Un prodotto come un <strong>ETF<\/strong> di azioni con dividendi, mitiga il <strong>rischio<\/strong> di un singolo titolo che, improvvisamente, potrebbe ridurre i suoi pagamenti agli azionisti.<\/p>\n\n\n\n<div class=\"wp-block-etoro-tip wp-block-etoro-tip-border-yellow\"><span class=\"wp-block-etoro-tip-icon\"><\/span><div class=\"wp-block-etoro-tip-text\">\n<p><strong>Suggerimento: <\/strong>reinvestire i dividendi utilizzando specifici \u201cProgrammi di Reinvestimento dei Dividendi\u201d (o DRIP) pu\u00f2 portare a rendimenti composti. Ogni volta che viene pagato un dividendo, la dimensione della tua posizione azionaria cresce, il che significa che il prossimo pagamento del dividendo sar\u00e0 maggiore, aumentando ulteriormente la dimensione della tua posizione e cos\u00ec via.<\/p>\n<\/div><\/div>\n\n\n\n<figure class=\"wp-block-image size-full\"><img loading=\"lazy\" decoding=\"async\" width=\"756\" height=\"400\" src=\"https:\/\/www.etoro.com\/wp-content\/uploads\/2023\/05\/What-are-Dividends_Body-Image-3-756-x-400.png\" alt=\"\" class=\"wp-image-590300 wp-image-desktop\" srcset=\"https:\/\/www.etoro.com\/wp-content\/uploads\/2023\/05\/What-are-Dividends_Body-Image-3-756-x-400.png 756w, https:\/\/www.etoro.com\/wp-content\/uploads\/2023\/05\/What-are-Dividends_Body-Image-3-756-x-400-300x159.png 300w\" sizes=\"(max-width: 756px) 100vw, 756px\" \/><\/figure>\n\n\n\n<h2 class=\"wp-block-heading\">Considerazioni finali<\/h2>\n\n\n\n<p>Una societ\u00e0 che paga regolarmente un dividendo superiore alla media pu\u00f2 rappresentare un\u2019alternativa interessante rispetto ad altri titoli. Molte <strong>azioni blue-chip<\/strong> rientrano in questa categoria. Le <strong>azioni <\/strong><a href=\"https:\/\/www.etoro.com\/stocks\/blue-chip-stocks\/\"><strong>blue-chip<\/strong><\/a> potrebbero non offrire una crescita esplosiva del capitale, ma <strong>se i pagamenti dei dividendi sono gestiti correttamente, possono costituire una parte importante di un portafoglio e di un piano d\u2019investimento ben ponderato.<\/strong><\/p>\n\n\n\n<p>Scopri di pi\u00f9 sulle azioni con dividendi visitando l&#8217;<a href=\"https:\/\/www.etoro.com\/it\/academy\/\">eToro Academy<\/a>.<\/p>\n\n\n\n<h2 class=\"wp-block-heading\">FAQ<\/h2>\n\n\n\n<dl class=\"wp-block-etoro-faq\">\n<div class=\"wp-block-etoro-faq-item\"><dt class=\"wp-block-etoro-faq-item-question\">Cos&#8217;\u00e8 la data di registrazione del dividendo?<\/dt><dd class=\"wp-block-etoro-faq-item-answer\">\n<p>La <a href=\"https:\/\/www.etoro.com\/it\/investing\/dividend-calendar\/\">data di registrazione del dividendo<\/a> indica il giorno in cui una societ\u00e0 compila l&#8217;elenco dei propri azionisti. Ci\u00f2 serve per calcolare quali investitori riceveranno i dividendi e quanto verr\u00e0 loro distribuito. La data di registrazione del dividendo viene annunciata in anticipo, cos\u00ec che gli investitori possano sapere se le loro azioni riceveranno o meno un dividendo.<\/p>\n<\/dd><\/div>\n\n\n\n<div class=\"wp-block-etoro-faq-item\"><dt class=\"wp-block-etoro-faq-item-question\">Come si identificano le azioni con dividendi?<\/dt><dd class=\"wp-block-etoro-faq-item-answer\">\n<p>Esistono diversi modi per determinare se una societ\u00e0 distribuisce dividendi o meno. \u00c8 possibile consultare, per esempio, il <a href=\"https:\/\/www.etoro.com\/it\/investing\/dividend-calendar\/\">calendario dei dividendi<\/a>, oppure si possono visitare le pagine con i dettagli finanziari delle singole societ\u00e0 o i siti delle Borse in cui sono quotate.<\/p>\n<\/dd><\/div>\n\n\n\n<div class=\"wp-block-etoro-faq-item\"><dt class=\"wp-block-etoro-faq-item-question\">Come valuto le azioni con dividendi?<\/dt><dd class=\"wp-block-etoro-faq-item-answer\">\n<p>Il rendimento da dividendi di un&#8217;azione \u00e8 un parametro che pu\u00f2 essere utilizzato per confrontare l&#8217;importo delle cedole pagate da diverse societ\u00e0. Viene calcolato dividendo l&#8217;importo ricevuto per il prezzo dell&#8217;azione ed \u00e8 espresso in percentuale. Tale parametro pu\u00f2 aiutarti a determinare se un titolo \u00e8 adatto o meno al tuo portafoglio di investimenti.<\/p>\n<\/dd><\/div>\n\n\n\n<div class=\"wp-block-etoro-faq-item\"><dt class=\"wp-block-etoro-faq-item-question\">Come faccio a sapere quando verr\u00e0 pagato un dividendo?<\/dt><dd class=\"wp-block-etoro-faq-item-answer\">\n<p>Le societ\u00e0 devono dichiarare in anticipo la data in cui verr\u00e0 pagato un dividendo. Poco prima di tale data, inoltre, devono specificare l&#8217;importo che verr\u00e0 erogato. Queste informazioni vengono raccolte e condivise da broker e piattaforme online, ma gli investitori possono trovare indicazioni dettagliate nella sezione \u201cRelazioni con gli investitori\u201d del sito Web dell\u2019azienda di interesse, come, per esempio, quello della <a href=\"https:\/\/investor.apple.com\/investor-relations\/default.aspx\" target=\"_blank\" rel=\"noreferrer noopener\">Apple<\/a>.<\/p>\n<\/dd><\/div>\n<\/dl>\n\n\n\n\t\t<style>\n\t\t\t.rtl .etoro-block-shortcode-disclaimer {\n\t\t\t\ttext-align:right;\n\t\t\t}\n\t\t\t.etoro-block-shortcode-disclaimer {\n\t\t\t\tmargin-bottom:18px;\n\t\t\t\ttext-align:left;\n\t\t\t}\n\t\t\t.etoro-block-shortcode-disclaimer p{\n\t\t\t\tfont-size: 12px;\n\t\t\t\tline-height: 18px;\n\t\t\t}\n\t\t\t@media (min-width: 768px) {\n\t\t\t\t.etoro-block-shortcode-disclaimer {\n\t\t\t\t\tmax-width:1176px;\n\t\t\t\t\ttext-align:center;\n\t\t\t\t}\n\t\t\t\t.etoro-block-shortcode-disclaimer p {\n\t\t\t\t\tfont-size: 14px;\n\t\t\t\t\tline-height: 20px;\n\t\t\t\t}\n\t\t\t}\n\t\t<\/style>\n\t\t<div class='etoro-block-shortcode-disclaimer'><p>Le presenti informazioni vengono fornite al solo scopo educativo e non rappresentano consigli d\u2019investimento o suggerimenti personali. Tali informazioni non devono quindi essere interpretate come offerte o solleciti di compravendita di strumenti finanziari.<\/p>\n<p>Il materiale \u00e8 stato preparato senza tener conto di precisi obiettivi d\u2019investimento o specifiche situazioni finanziarie e non soddisfa pertanto i criteri legali e legislativi previsti per la promozione di ricerche indipendenti.<\/p>\n<p><strong>Non tutti gli strumenti finanziari e i servizi cui viene fatto riferimento sono offerti da eToro<\/strong> e qualsiasi riferimento alle prestazioni passate di uno specifico strumento, indice o prodotto d\u2019investimento preassemblato non rappresenta n\u00e9 deve essere interpretato come un indicatore affidabile di possibili prestazioni future. <strong>La disponibilit\u00e0 di tutti i prodotti e servizi sopra menzionati pu\u00f2 variare a seconda della giurisdizione e del Paese.<\/strong><\/p>\n<p>eToro non offre alcuna garanzia n\u00e9 si assume la responsabilit\u00e0 in merito all\u2019accuratezza o alla completezza del contenuto esposto nella presente guida. Il lettore deve garantire di aver compreso appieno i rischi comportati dal trading prima di impegnare capitale. Si sconsiglia di mettere a rischio pi\u00f9 denaro di quanto non se ne possa perdere.<\/p>\n<\/div>\n","protected":false},"excerpt":{"rendered":"<p>I dividendi azionari possono rappresentare un\u2019alternativa per coloro che desiderano investire a lungo termine sul mercato azionario. Prima di iniziare, per\u00f2, \u00e8 importante capire bene cosa sono, come funzionano e come sviluppare una strategia di investimento corretta. Quando acquisti un&#8217;azione, diventi comproprietario di una societ\u00e0. Ci\u00f2 significa che hai diritto a una quota degli utili&hellip;<\/p>\n","protected":false},"author":101,"featured_media":642761,"parent":949,"menu_order":639,"comment_status":"closed","ping_status":"closed","template":"","meta":{"_acf_changed":false,"inline_featured_image":false,"sticky_cta_settings":"","footnotes":""},"asset_type":[],"class_list":["post-505494","page","type-page","status-publish","has-post-thumbnail","hentry"],"acf":[],"yoast_head":"<title>Cosa sono e come funzionano i dividendi? | eToro<\/title>\n<meta name=\"description\" content=\"Quando si investe in azioni, \u00e8 possibile generare reddito passivo con i dividendi. In questa guida scoprirai cosa sono e come funzionano i dividendi azionari.\" \/>\n<meta name=\"robots\" content=\"index, follow, max-snippet:-1, max-image-preview:large, max-video-preview:-1\" \/>\n<link rel=\"canonical\" href=\"https:\/\/www.etoro.com\/it\/wp-json\/wp\/v2\/pages\/505494\" \/>\n<meta property=\"og:locale\" content=\"it_IT\" \/>\n<meta property=\"og:type\" content=\"article\" \/>\n<meta property=\"og:title\" content=\"Cosa sono e come funzionano i dividendi? | eToro\" \/>\n<meta property=\"og:description\" content=\"Quando si investe in azioni, \u00e8 possibile generare reddito passivo con i dividendi. In questa guida scoprirai cosa sono e come funzionano i dividendi azionari.\" \/>\n<meta property=\"og:url\" content=\"https:\/\/www.etoro.com\/it\/wp-json\/wp\/v2\/pages\/505494\" \/>\n<meta property=\"og:site_name\" content=\"eToro\" \/>\n<meta property=\"article:publisher\" content=\"https:\/\/www.facebook.com\/eToro\/\" \/>\n<meta property=\"article:modified_time\" content=\"2025-07-04T11:02:49+00:00\" \/>\n<meta property=\"og:image\" content=\"https:\/\/www.etoro.com\/wp-content\/uploads\/2021\/08\/3-What-is-a-Dividend_-How-does-this-work_-Social-Feature-Image-1200x630-1.png\" \/>\n\t<meta property=\"og:image:width\" content=\"1200\" \/>\n\t<meta property=\"og:image:height\" content=\"630\" \/>\n\t<meta property=\"og:image:type\" content=\"image\/png\" \/>\n<meta name=\"twitter:card\" content=\"summary_large_image\" \/>\n<meta name=\"twitter:site\" content=\"@eToro\" \/>\n<meta name=\"twitter:label1\" content=\"Est. reading time\" \/>\n\t<meta name=\"twitter:data1\" content=\"13 minutes\" \/>\n<script type=\"application\/ld+json\" class=\"yoast-schema-graph\">{\"@context\":\"https:\/\/schema.org\",\"@graph\":[{\"@type\":\"WebPage\",\"@id\":\"https:\/\/www.etoro.com\/it\/investing\/what-are-dividends\/\",\"url\":\"https:\/\/www.etoro.com\/it\/investing\/what-are-dividends\/\",\"name\":\"Cosa sono e come funzionano i dividendi? | eToro\",\"isPartOf\":{\"@id\":\"https:\/\/www.etoro.com\/it\/#website\"},\"primaryImageOfPage\":{\"@id\":\"https:\/\/www.etoro.com\/it\/investing\/what-are-dividends\/#primaryimage\"},\"image\":{\"@id\":\"https:\/\/www.etoro.com\/it\/investing\/what-are-dividends\/#primaryimage\"},\"thumbnailUrl\":\"https:\/\/www.etoro.com\/wp-content\/uploads\/2023\/07\/Social-Image-IT-1.png\",\"datePublished\":\"2020-04-08T09:37:00+00:00\",\"dateModified\":\"2025-07-04T11:02:49+00:00\",\"description\":\"Quando si investe in azioni, \u00e8 possibile generare reddito passivo con i dividendi. In questa guida scoprirai cosa sono e come funzionano i dividendi azionari.\",\"breadcrumb\":{\"@id\":\"https:\/\/www.etoro.com\/it\/investing\/what-are-dividends\/#breadcrumb\"},\"inLanguage\":\"it\",\"potentialAction\":[{\"@type\":\"ReadAction\",\"target\":[\"https:\/\/www.etoro.com\/it\/investing\/what-are-dividends\/\"]}]},{\"@type\":\"ImageObject\",\"inLanguage\":\"it\",\"@id\":\"https:\/\/www.etoro.com\/it\/investing\/what-are-dividends\/#primaryimage\",\"url\":\"https:\/\/www.etoro.com\/wp-content\/uploads\/2023\/07\/Social-Image-IT-1.png\",\"contentUrl\":\"https:\/\/www.etoro.com\/wp-content\/uploads\/2023\/07\/Social-Image-IT-1.png\",\"width\":1200,\"height\":630},{\"@type\":\"BreadcrumbList\",\"@id\":\"https:\/\/www.etoro.com\/it\/investing\/what-are-dividends\/#breadcrumb\",\"itemListElement\":[{\"@type\":\"ListItem\",\"position\":1,\"name\":\"Home\",\"item\":\"https:\/\/www.etoro.com\/it\/\"},{\"@type\":\"ListItem\",\"position\":2,\"name\":\"Investing\",\"item\":\"https:\/\/www.etoro.com\/investing\/\"},{\"@type\":\"ListItem\",\"position\":3,\"name\":\"Cosa sono i dividendi?\"}]},{\"@type\":\"WebSite\",\"@id\":\"https:\/\/www.etoro.com\/it\/#website\",\"url\":\"https:\/\/www.etoro.com\/it\/\",\"name\":\"eToro\",\"description\":\"\",\"publisher\":{\"@id\":\"https:\/\/www.etoro.com\/it\/#organization\"},\"potentialAction\":[{\"@type\":\"SearchAction\",\"target\":{\"@type\":\"EntryPoint\",\"urlTemplate\":\"https:\/\/www.etoro.com\/it\/?s={search_term_string}\"},\"query-input\":{\"@type\":\"PropertyValueSpecification\",\"valueRequired\":true,\"valueName\":\"search_term_string\"}}],\"inLanguage\":\"it\"},[]]}<\/script>","yoast_head_json":{"title":"Cosa sono e come funzionano i dividendi? | eToro","description":"Quando si investe in azioni, \u00e8 possibile generare reddito passivo con i dividendi. In questa guida scoprirai cosa sono e come funzionano i dividendi azionari.","robots":{"index":"index","follow":"follow","max-snippet":"max-snippet:-1","max-image-preview":"max-image-preview:large","max-video-preview":"max-video-preview:-1"},"canonical":"https:\/\/www.etoro.com\/it\/wp-json\/wp\/v2\/pages\/505494","og_locale":"it_IT","og_type":"article","og_title":"Cosa sono e come funzionano i dividendi? | eToro","og_description":"Quando si investe in azioni, \u00e8 possibile generare reddito passivo con i dividendi. In questa guida scoprirai cosa sono e come funzionano i dividendi azionari.","og_url":"https:\/\/www.etoro.com\/it\/wp-json\/wp\/v2\/pages\/505494","og_site_name":"eToro","article_publisher":"https:\/\/www.facebook.com\/eToro\/","article_modified_time":"2025-07-04T11:02:49+00:00","og_image":[{"width":1200,"height":630,"url":"https:\/\/www.etoro.com\/wp-content\/uploads\/2021\/08\/3-What-is-a-Dividend_-How-does-this-work_-Social-Feature-Image-1200x630-1.png","type":"image\/png"}],"twitter_card":"summary_large_image","twitter_site":"@eToro","twitter_misc":{"Est. reading time":"13 minutes"},"schema":{"@context":"https:\/\/schema.org","@graph":[{"@type":"WebPage","@id":"https:\/\/www.etoro.com\/it\/investing\/what-are-dividends\/","url":"https:\/\/www.etoro.com\/it\/investing\/what-are-dividends\/","name":"Cosa sono e come funzionano i dividendi? | eToro","isPartOf":{"@id":"https:\/\/www.etoro.com\/it\/#website"},"primaryImageOfPage":{"@id":"https:\/\/www.etoro.com\/it\/investing\/what-are-dividends\/#primaryimage"},"image":{"@id":"https:\/\/www.etoro.com\/it\/investing\/what-are-dividends\/#primaryimage"},"thumbnailUrl":"https:\/\/www.etoro.com\/wp-content\/uploads\/2023\/07\/Social-Image-IT-1.png","datePublished":"2020-04-08T09:37:00+00:00","dateModified":"2025-07-04T11:02:49+00:00","description":"Quando si investe in azioni, \u00e8 possibile generare reddito passivo con i dividendi. In questa guida scoprirai cosa sono e come funzionano i dividendi azionari.","breadcrumb":{"@id":"https:\/\/www.etoro.com\/it\/investing\/what-are-dividends\/#breadcrumb"},"inLanguage":"it","potentialAction":[{"@type":"ReadAction","target":["https:\/\/www.etoro.com\/it\/investing\/what-are-dividends\/"]}]},{"@type":"ImageObject","inLanguage":"it","@id":"https:\/\/www.etoro.com\/it\/investing\/what-are-dividends\/#primaryimage","url":"https:\/\/www.etoro.com\/wp-content\/uploads\/2023\/07\/Social-Image-IT-1.png","contentUrl":"https:\/\/www.etoro.com\/wp-content\/uploads\/2023\/07\/Social-Image-IT-1.png","width":1200,"height":630},{"@type":"BreadcrumbList","@id":"https:\/\/www.etoro.com\/it\/investing\/what-are-dividends\/#breadcrumb","itemListElement":[{"@type":"ListItem","position":1,"name":"Home","item":"https:\/\/www.etoro.com\/it\/"},{"@type":"ListItem","position":2,"name":"Investing","item":"https:\/\/www.etoro.com\/investing\/"},{"@type":"ListItem","position":3,"name":"Cosa sono i dividendi?"}]},{"@type":"WebSite","@id":"https:\/\/www.etoro.com\/it\/#website","url":"https:\/\/www.etoro.com\/it\/","name":"eToro","description":"","publisher":{"@id":"https:\/\/www.etoro.com\/it\/#organization"},"potentialAction":[{"@type":"SearchAction","target":{"@type":"EntryPoint","urlTemplate":"https:\/\/www.etoro.com\/it\/?s={search_term_string}"},"query-input":{"@type":"PropertyValueSpecification","valueRequired":true,"valueName":"search_term_string"}}],"inLanguage":"it"},[]]}},"_links":{"self":[{"href":"https:\/\/www.etoro.com\/it\/wp-json\/wp\/v2\/pages\/505494"}],"collection":[{"href":"https:\/\/www.etoro.com\/it\/wp-json\/wp\/v2\/pages"}],"about":[{"href":"https:\/\/www.etoro.com\/it\/wp-json\/wp\/v2\/types\/page"}],"author":[{"embeddable":true,"href":"https:\/\/www.etoro.com\/it\/wp-json\/wp\/v2\/users\/101"}],"replies":[{"embeddable":true,"href":"https:\/\/www.etoro.com\/it\/wp-json\/wp\/v2\/comments?post=505494"}],"version-history":[{"count":0,"href":"https:\/\/www.etoro.com\/it\/wp-json\/wp\/v2\/pages\/505494\/revisions"}],"up":[{"embeddable":true,"href":"https:\/\/www.etoro.com\/it\/wp-json\/wp\/v2\/pages\/949"}],"wp:featuredmedia":[{"embeddable":true,"href":"https:\/\/www.etoro.com\/it\/wp-json\/wp\/v2\/media\/642761"}],"wp:attachment":[{"href":"https:\/\/www.etoro.com\/it\/wp-json\/wp\/v2\/media?parent=505494"}],"wp:term":[{"taxonomy":"asset_type","embeddable":true,"href":"https:\/\/www.etoro.com\/it\/wp-json\/wp\/v2\/asset_type?post=505494"}],"curies":[{"name":"wp","href":"https:\/\/api.w.org\/{rel}","templated":true}]}}