{"id":535568,"date":"2023-06-30T15:21:09","date_gmt":"2023-06-30T12:21:09","guid":{"rendered":"https:\/\/www.etoro.com\/?page_id=535568"},"modified":"2025-10-30T11:31:02","modified_gmt":"2025-10-30T09:31:02","slug":"psychology-of-investing","status":"publish","type":"page","link":"https:\/\/www.etoro.com\/it\/investing\/psychology-of-investing\/","title":{"rendered":"Psicologia degli investimenti"},"content":{"rendered":"\n<p class=\"is-style-summary\">La psicologia degli investimenti \u00e8 fondamentale quando si parla di operazioni finanziarie. In fase di pianificazione e monitoraggio, emozioni e psicologia possono influenzare le decisioni.&nbsp;<\/p>\n\n\n\n<p class=\"is-style-summary\">Alcuni studi di psicologia degli investimenti hanno evidenziato come, oltre al buon senso, ci siano altri bias (ossia, delle \u201cscorciatoie mentali\u201d) che agiscono nell\u2019ombra e che devono essere capite a fondo.&nbsp;<\/p>\n\n\n\n<p class=\"is-style-summary\">A prescindere dall\u2019importo di denaro, \u00e8 importante essere consapevoli della psicologia e dell\u2019impatto che le emozioni possono avere sull\u2019effettivo ritorno economico.<\/p>\n\n\n\n\n\n\n<hr class=\"wp-block-separator wp-block-separator-color-dark-grey wp-block-separator-spaces-medium wp-block-separator-weight-1 has-alpha-channel-opacity\"\/>\n\n\n\n<p>La psicologia degli investimenti ricopre un ruolo chiave nel mondo delle operazioni finanziarie. Fissare degli obiettivi realistici, sviluppare una strategia definita e conoscere la terminologia base del settore rappresentano un fondamento solido per qualunque piano di investimento.&nbsp;<\/p>\n\n\n\n<p>Tuttavia, alcuni aspetti del comportamento umano possono <strong>involontariamente <\/strong>influire sull\u2019approccio, portando a decisioni poco vantaggiose. Per evitare di farsi prendere dall\u2019emozione, ecco alcuni fattori psicologici (bias) fra i pi\u00f9 rilevanti che ogni investitore dovrebbe conoscere.<\/p>\n\n\n\n<div class=\"wp-block-etoro-tip wp-block-etoro-tip-border-yellow\"><span class=\"wp-block-etoro-tip-icon\"><\/span><div class=\"wp-block-etoro-tip-text\">\n<p><strong>Suggerimento: <\/strong>Presta attenzione ai bias cognitivi. Il cervello umano \u00e8 configurato in modo da semplificare le informazioni che riceve per prendere decisioni pi\u00f9 rapide sulla base dell\u2019esperienza personale e delle preferenze.<\/p>\n<\/div><\/div>\n\n\n\n<h2 class=\"wp-block-heading\">Fase di pianificazione<\/h2>\n\n\n\n<p>Durante la fase di pianificazione, sono soprattutto gli investitori alle prime armi quelli che dovrebbero prestare pi\u00f9 attenzione a questi bias cognitivi:<\/p>\n\n\n\n<ul class=\"wp-block-list wp-block-list wp-block-list-circle\">\n<li><strong>Bias della familiarit\u00e0:<\/strong> gli investitori si concentrano sugli asset di cui hanno conoscenza o familiarit\u00e0, evitando nuove aree che potrebbero essere pi\u00f9 adatte al proprio <a href=\"https:\/\/www.etoro.com\/it\/investing\/risk-management\/\">profilo di rischio<\/a>;<\/li>\n\n\n\n<li><strong>Effetto ancoraggio:<\/strong> la tendenza di alcuni investitori ad affidarsi troppo alla prima informazione rilevante ricevuta, trascurando o ignorando completamente altri dati successivi della stessa importanza;<\/li>\n\n\n\n<li><strong>Bias di moderazione:<\/strong> il convincimento di poter gestire al meglio eventuali comportamenti impulsivi, pi\u00f9 comuni in un \u201cgiocatore d\u2019azzardo\u201d che in un investitore attento;<\/li>\n\n\n\n<li><strong>Mentalit\u00e0 da gregge:<\/strong> chiamato anche \u201ceffetto gregge\u201d, porta alcuni investitori a prendere decisioni sulla base di \u201cquello che fanno tutti\u201d, invece che a seguito di ricerche proprie.<\/li>\n<\/ul>\n\n\n\n<div class=\"wp-block-etoro-tip wp-block-etoro-tip-border-yellow\"><span class=\"wp-block-etoro-tip-icon\"><\/span><div class=\"wp-block-etoro-tip-text\">\n<p><strong>Suggerimento: <\/strong>Il bias di moderazione pu\u00f2 diventare problematico quando si gestiscono posizioni aperte. Fare \u201cdouble down\u201d non \u00e8 sempre la soluzione migliore ed \u00e8, forse, uno degli esempi lampanti di trading emozionale.<\/p>\n<\/div><\/div>\n\n\n\n<h2 class=\"wp-block-heading\">Fase di investimento<\/h2>\n\n\n\n<p>Una volta che viene <strong>aperta una posizione<\/strong>, le fluttuazioni di valore in tempo reale possono far scattare alcune reazioni non necessariamente pianificate in anticipo.<\/p>\n\n\n\n<figure class=\"wp-block-image size-full\"><img loading=\"lazy\" decoding=\"async\" width=\"756\" height=\"400\" src=\"https:\/\/www.etoro.com\/wp-content\/uploads\/2023\/05\/Psychology-of-Investing_Body-Image-1-Planning-Stage.png\" alt=\"\" class=\"wp-image-591025 wp-image-desktop\" srcset=\"https:\/\/www.etoro.com\/wp-content\/uploads\/2023\/05\/Psychology-of-Investing_Body-Image-1-Planning-Stage.png 756w, https:\/\/www.etoro.com\/wp-content\/uploads\/2023\/05\/Psychology-of-Investing_Body-Image-1-Planning-Stage-300x159.png 300w\" sizes=\"(max-width: 756px) 100vw, 756px\" \/><\/figure>\n\n\n\n<p>A fronte di queste variazioni, l\u2019investitore potrebbe chiedersi se siano cambiate le condizioni di mercato o se la sua strategia sia diventata inefficiente.<\/p>\n\n\n\n<ul class=\"wp-block-list wp-block-list wp-block-list-circle\">\n<li><strong>Bias di conferma:<\/strong> l\u2019investitore cerca informazioni che confermino la sua visione di partenza, invece che cercare dati che gli permettano di avere un quadro completo della situazione. Cos\u00ec facendo, la sua idea di partenza rimarr\u00e0 al centro dello schema mentale, confermando indirettamente all\u2019investitore che la strategia non funziona;<\/li>\n\n\n\n<li><strong>Bias di avversione alle perdite:<\/strong> quando gli investitori vogliono massimizzare il rapporto <strong>rischio-rendimento<\/strong>, potrebbero adottare una strategia che offre rendimenti troppo bassi se confrontati ai loro obiettivi di lungo termine;<\/li>\n\n\n\n<li><strong>Solo vincite:<\/strong> quando un investitore vuole solo realizzare dei trade vincenti, potrebbe evitare di tagliare alcune perdite potenzialmente devastanti sul lungo periodo.<\/li>\n<\/ul>\n\n\n\n<div class=\"wp-block-etoro-emphasis wp-block-etoro-emphasis-border-green\">\n<p>Anche uno solo dei meccanismi mentali appena descritti potrebbe portare a decisioni tipiche di un investimento emotivo. Il problema si pu\u00f2, per\u00f2, risolvere sviluppando una strategia personalizzata e ben congegnata.<\/p>\n<\/div>\n\n\n\n<figure class=\"wp-block-image size-full\"><img loading=\"lazy\" decoding=\"async\" width=\"756\" height=\"400\" src=\"https:\/\/www.etoro.com\/wp-content\/uploads\/2023\/05\/Psychology-of-Investing_Body-Image-2-Investing-Stage.png\" alt=\"\" class=\"wp-image-591046 wp-image-desktop\" srcset=\"https:\/\/www.etoro.com\/wp-content\/uploads\/2023\/05\/Psychology-of-Investing_Body-Image-2-Investing-Stage.png 756w, https:\/\/www.etoro.com\/wp-content\/uploads\/2023\/05\/Psychology-of-Investing_Body-Image-2-Investing-Stage-300x159.png 300w\" sizes=\"(max-width: 756px) 100vw, 756px\" \/><\/figure>\n\n\n\n<p>Oltre a quanto detto finora, c\u2019\u00e8 un altro bias cruciale nella psicologia degli investimenti da considerare: la tendenza a procrastinare. A prescindere dalle emozioni in gioco, le motivazioni che spingono le persone a investire restano valide.&nbsp;<\/p>\n\n\n\n<p>Che tu voglia proteggere il patrimonio dall\u2019<strong>inflazione<\/strong> o pianificare un futuro all\u2019insegna dell\u2019indipendenza finanziaria, magari attraverso un pensionamento anticipato, la <strong>procrastinazione <\/strong>\u00e8 un problema che affligge molti investitori. Ne consegue che, a volte, il rischio pi\u00f9 grande \u00e8 quello di non prendere rischi.<\/p>\n\n\n\n<h2 class=\"wp-block-heading\">Come evitare l\u2019emotional investing<\/h2>\n\n\n\n<p>Chi ha iniziato da poco a investire<strong> dovrebbe sapere che,<\/strong> indipendentemente dall\u2019attenzione e precisione con cui \u00e8 stata pianificata una strategia, lungo il percorso ci saranno inevitabilmente delle perdite.<\/p>\n\n\n\n<figure class=\"wp-block-image size-full\"><img loading=\"lazy\" decoding=\"async\" width=\"756\" height=\"400\" src=\"https:\/\/www.etoro.com\/wp-content\/uploads\/2023\/05\/Psychology-of-Investing_Body-Image-3-How-to-Avoid-Emotional-Investing.png\" alt=\"\" class=\"wp-image-591067 wp-image-desktop\" srcset=\"https:\/\/www.etoro.com\/wp-content\/uploads\/2023\/05\/Psychology-of-Investing_Body-Image-3-How-to-Avoid-Emotional-Investing.png 756w, https:\/\/www.etoro.com\/wp-content\/uploads\/2023\/05\/Psychology-of-Investing_Body-Image-3-How-to-Avoid-Emotional-Investing-300x159.png 300w\" sizes=\"(max-width: 756px) 100vw, 756px\" \/><\/figure>\n\n\n\n<p>Gli investitori esperti si concentrano sugli obiettivi di lungo termine e non danno troppa importanza al rapporto matematico vittorie\/sconfitte. Cos\u00ec facendo, evitano di farsi <strong>trascinare in decisioni poco sagge<\/strong> frutto dell\u2019Emotional Investing.&nbsp;<\/p>\n\n\n\n<p>I fattori psicologici in gioco possono essere mitigati (singolarmente o nel loro complesso) con un piano generale ben ponderato, basato sulle seguenti azioni:<\/p>\n\n\n\n<ul class=\"wp-block-list wp-block-list wp-block-list-circle\">\n<li>Fai pi\u00f9 <a href=\"https:\/\/www.etoro.com\/it\/news-and-analysis\/etoro-updates\/presentiamo-scheda-ricerca-aggiungendo-strumenti-professionali-al-tuo-portafoglio-etoro\/\">ricerche<\/a> possibili e tieniti aggiornato sulle ultime <a href=\"https:\/\/www.etoro.com\/it\/news-and-analysis\/\">notizie di mercato<\/a>;<\/li>\n\n\n\n<li><a href=\"https:\/\/www.etoro.com\/it\/investing\/how-to-diversify-your-portfolio\/\">Diversifica il portafoglio<\/a> per ridurre la <strong>volatilit\u00e0<\/strong>;<\/li>\n\n\n\n<li>Rivedi il tuo piano di investimento a cadenze regolari, facendo tesoro degli insegnamenti e cercando di evitare i bias tipici dei principianti.<\/li>\n<\/ul>\n\n\n\n<blockquote class=\"wp-block-quote wp-block-quote-scheme-green is-layout-flow wp-block-quote-is-layout-flow\">\n<p>La qualit\u00e0 pi\u00f9 importante di un investitore \u00e8 il temperamento, non l\u2019intelletto<\/p>\n<cite><a href=\"https:\/\/www.frasicelebri.it\/frasi-di\/warren-buffett\/\" target=\"_blank\" rel=\"noreferrer noopener\">Warren Buffett<\/a><\/cite><\/blockquote>\n\n\n\n<h2 class=\"wp-block-heading\">Conclusioni riassuntive<\/h2>\n\n\n\n<p>A prescindere dal fatto che il tuo portafoglio di investimenti stia crescendo o diminuendo di valore, ci sono vari strumenti e approcci per sviluppare una <strong>mentalit\u00e0 da investitore<\/strong> capace di massimizzare i tuoi ritorni.&nbsp;<\/p>\n\n\n\n<p>Una piena comprensione del modo in cui alcuni sentimenti come l\u2019avidit\u00e0 e la paura possono annebbiare il giudizio e portare a decisioni sbagliate, pu\u00f2 aiutare a concentrarsi meglio su ci\u00f2 che si pu\u00f2 controllare effettivamente quando si investe.<\/p>\n\n\n\n<p>Visita l\u2019<a href=\"https:\/\/www.etoro.com\/it\/academy\/\">Academy di eToro<\/a> per scoprire e imparare nuove tecniche di investimento e aumentare le tue probabilit\u00e0 di successo sui mercati.<\/p>\n\n\n\n<h2 class=\"wp-block-heading\">Quiz<\/h2>\n\n\n\n<div class=\"wp-block-etoro-quizzes\">\n<div class=\"wp-block-etoro-quiz\" data-answer=\"0\"><div class=\"wp-block-etoro-quiz-body\"><div class=\"wp-block-etoro-quiz-question\">Cosa studia la finanza comportamentale?<\/div>\n<div class=\"wp-block-etoro-quiz-item\">Gli effetti della psicologia sugli investitori e sui mercati finanziari<\/div>\n\n\n\n<div class=\"wp-block-etoro-quiz-item\">Gli effetti della psicologia sulle banche<\/div>\n\n\n\n<div class=\"wp-block-etoro-quiz-item\">Gli effetti della psicologia sulla politica<\/div>\n<\/div><div class=\"wp-block-etoro-quiz-result\">\u00a0<\/div><\/div>\n<\/div>\n\n\n\n<h2 class=\"wp-block-heading\">Domande frequenti<\/h2>\n\n\n\n<dl class=\"wp-block-etoro-faq\">\n<div class=\"wp-block-etoro-faq-item\"><dt class=\"wp-block-etoro-faq-item-question\">Si pu\u00f2 misurare l\u2019umore generale del mercato?<\/dt><dd class=\"wp-block-etoro-faq-item-answer\">\n<p>Il <a href=\"https:\/\/www.etoro.com\/it\/markets\/vix.fut\">CBOE Volatility VIX Index<\/a> misura le attivit\u00e0 e gli scambi che si verificano sul mercato delle opzioni. Questi derivati sono spesso usati per gestire il rischio. Pi\u00f9 \u00e8 grande la quantit\u00e0 scambiata, maggiore \u00e8 il numero di investitori che ritengono che il mercato USA possa registrare un improvviso movimento di prezzo in un futuro prossimo.&nbsp;<\/p>\n\n\n\n<p>L\u2019indice VIX si basa sui dati del <a href=\"https:\/\/www.cboe.com\/\" target=\"_blank\" rel=\"noreferrer noopener\">Chicago Board Options Exchange<\/a> e viene usato spesso per monitorare il sentiment. Viene talvolta chiamato \u201cl\u2019indice della paura e dell\u2019avidit\u00e0\u201d (\u201c<em>greed and fear index<\/em>\u201d).<\/p>\n<\/dd><\/div>\n\n\n\n<div class=\"wp-block-etoro-faq-item\"><dt class=\"wp-block-etoro-faq-item-question\">Quali tecniche posso usare per evitare che le emozioni influenzino il mio processo decisionale quando investo?<\/dt><dd class=\"wp-block-etoro-faq-item-answer\">\n<p>I pericoli dell\u2019Emotional Investing possono essere ridotti o aggirati con strategie intelligenti. La diversificazione del portafoglio \u00e8 il primo strumento utile per ridurre il rischio. Si pu\u00f2 realizzare, ad esempio, aggiungendo una variet\u00e0 di asset appartenenti a diversi settori dell\u2019economia.&nbsp;<\/p>\n\n\n\n<p>Ci sono anche altre strategie, come il <a href=\"https:\/\/www.investopedia.com\/terms\/d\/dollarcostaveraging.asp\" target=\"_blank\" rel=\"noreferrer noopener\">Dollar-Cost Averaging<\/a>, che consentono di ridurre gli effetti negativi di alcune posizioni in perdita senza doverle chiudere.<\/p>\n<\/dd><\/div>\n\n\n\n<div class=\"wp-block-etoro-faq-item\"><dt class=\"wp-block-etoro-faq-item-question\">Riducendo la cifra investita, posso ridurre anche l\u2019impatto delle emozioni?<\/dt><dd class=\"wp-block-etoro-faq-item-answer\">\n<p><a href=\"https:\/\/www.etoro.com\/it\/academy\/courses\/investing-101\/\">Investire<\/a> un capitale elevato senza saperlo gestire pu\u00f2 portare a decisioni emotive potenzialmente disastrose. Ecco perch\u00e9 la psicologia degli investimenti \u00e8 fondamentale.&nbsp;<\/p>\n\n\n\n<p>Bisogna investire solo quello che si \u00e8 disposti a perdere, senza \u201cgiocare in Borsa\u201d denaro necessario per beni di prima sussistenza o per far fronte a spese importanti che, altrimenti, potrebbero far accumulare debiti.<\/p>\n<\/dd><\/div>\n<\/dl>\n\n\n\n\t\t<style>\n\t\t\t.rtl .etoro-block-shortcode-disclaimer {\n\t\t\t\ttext-align:right;\n\t\t\t}\n\t\t\t.etoro-block-shortcode-disclaimer {\n\t\t\t\tmargin-bottom:18px;\n\t\t\t\ttext-align:left;\n\t\t\t}\n\t\t\t.etoro-block-shortcode-disclaimer p{\n\t\t\t\tfont-size: 12px;\n\t\t\t\tline-height: 18px;\n\t\t\t}\n\t\t\t@media (min-width: 768px) {\n\t\t\t\t.etoro-block-shortcode-disclaimer {\n\t\t\t\t\tmax-width:1176px;\n\t\t\t\t\ttext-align:center;\n\t\t\t\t}\n\t\t\t\t.etoro-block-shortcode-disclaimer p {\n\t\t\t\t\tfont-size: 14px;\n\t\t\t\t\tline-height: 20px;\n\t\t\t\t}\n\t\t\t}\n\t\t<\/style>\n\t\t<div class='etoro-block-shortcode-disclaimer'><p>Le presenti informazioni vengono fornite al solo scopo educativo e non rappresentano consigli d\u2019investimento o suggerimenti personali. Tali informazioni non devono quindi essere interpretate come offerte o solleciti di compravendita di strumenti finanziari.<\/p>\n<p>Il materiale \u00e8 stato preparato senza tener conto di precisi obiettivi d\u2019investimento o specifiche situazioni finanziarie e non soddisfa pertanto i criteri legali e legislativi previsti per la promozione di ricerche indipendenti.<\/p>\n<p><strong>Non tutti gli strumenti finanziari e i servizi cui viene fatto riferimento sono offerti da eToro<\/strong> e qualsiasi riferimento alle prestazioni passate di uno specifico strumento, indice o prodotto d\u2019investimento preassemblato non rappresenta n\u00e9 deve essere interpretato come un indicatore affidabile di possibili prestazioni future. <strong>La disponibilit\u00e0 di tutti i prodotti e servizi sopra menzionati pu\u00f2 variare a seconda della giurisdizione e del Paese.<\/strong><\/p>\n<p>eToro non offre alcuna garanzia n\u00e9 si assume la responsabilit\u00e0 in merito all\u2019accuratezza o alla completezza del contenuto esposto nella presente guida. Il lettore deve garantire di aver compreso appieno i rischi comportati dal trading prima di impegnare capitale. Si sconsiglia di mettere a rischio pi\u00f9 denaro di quanto non se ne possa perdere.<\/p>\n<\/div>\n","protected":false},"excerpt":{"rendered":"<p>La psicologia degli investimenti \u00e8 fondamentale quando si parla di operazioni finanziarie. In fase di pianificazione e monitoraggio, emozioni e psicologia possono influenzare le decisioni.&nbsp; Alcuni studi di psicologia degli investimenti hanno evidenziato come, oltre al buon senso, ci siano altri bias (ossia, delle \u201cscorciatoie mentali\u201d) che agiscono nell\u2019ombra e che devono essere capite a&hellip;<\/p>\n","protected":false},"author":101,"featured_media":990997,"parent":19765,"menu_order":0,"comment_status":"closed","ping_status":"closed","template":"","meta":{"_acf_changed":true,"inline_featured_image":false,"sticky_cta_settings":"","footnotes":""},"asset_type":[],"class_list":["post-535568","page","type-page","status-publish","has-post-thumbnail","hentry"],"acf":[],"yoast_head":"<title>Psicologia degli investimenti ed emotional investing<\/title>\n<meta name=\"description\" content=\"La psicologia ha una forte influenza nel settore degli investimenti. In questa guida parleremo dell\u2019Emotional Investing e vedremo come gestire le emozioni.\" \/>\n<meta name=\"robots\" content=\"index, follow, max-snippet:-1, max-image-preview:large, max-video-preview:-1\" \/>\n<link rel=\"canonical\" href=\"https:\/\/www.etoro.com\/it\/wp-json\/wp\/v2\/pages\/535568\" \/>\n<meta property=\"og:locale\" content=\"it_IT\" \/>\n<meta property=\"og:type\" content=\"article\" \/>\n<meta property=\"og:title\" content=\"Psicologia degli investimenti ed emotional investing\" \/>\n<meta property=\"og:description\" content=\"La psicologia ha una forte influenza nel settore degli investimenti. In questa guida parleremo dell\u2019Emotional Investing e vedremo come gestire le emozioni.\" \/>\n<meta property=\"og:url\" content=\"https:\/\/www.etoro.com\/it\/wp-json\/wp\/v2\/pages\/535568\" \/>\n<meta property=\"og:site_name\" content=\"eToro\" \/>\n<meta property=\"article:publisher\" content=\"https:\/\/www.facebook.com\/eToro\/\" \/>\n<meta property=\"article:modified_time\" content=\"2025-10-30T09:31:02+00:00\" \/>\n<meta property=\"og:image\" content=\"https:\/\/www.etoro.com\/wp-content\/uploads\/2025\/01\/IT-Psychology-of-Investing-1200x630-1.png\" \/>\n\t<meta property=\"og:image:width\" content=\"1200\" \/>\n\t<meta property=\"og:image:height\" content=\"630\" \/>\n\t<meta property=\"og:image:type\" content=\"image\/png\" \/>\n<meta name=\"twitter:card\" content=\"summary_large_image\" \/>\n<meta name=\"twitter:site\" content=\"@eToro\" \/>\n<meta name=\"twitter:label1\" content=\"Est. reading time\" \/>\n\t<meta name=\"twitter:data1\" content=\"6 minutes\" \/>\n<script type=\"application\/ld+json\" class=\"yoast-schema-graph\">{\"@context\":\"https:\/\/schema.org\",\"@graph\":[{\"@type\":\"WebPage\",\"@id\":\"https:\/\/www.etoro.com\/it\/investing\/psychology-of-investing\/\",\"url\":\"https:\/\/www.etoro.com\/it\/investing\/psychology-of-investing\/\",\"name\":\"Psicologia degli investimenti ed emotional investing\",\"isPartOf\":{\"@id\":\"https:\/\/www.etoro.com\/it\/#website\"},\"primaryImageOfPage\":{\"@id\":\"https:\/\/www.etoro.com\/it\/investing\/psychology-of-investing\/#primaryimage\"},\"image\":{\"@id\":\"https:\/\/www.etoro.com\/it\/investing\/psychology-of-investing\/#primaryimage\"},\"thumbnailUrl\":\"https:\/\/www.etoro.com\/wp-content\/uploads\/2025\/01\/IT-Psychology-of-Investing-1200x630-1.png\",\"datePublished\":\"2023-06-30T12:21:09+00:00\",\"dateModified\":\"2025-10-30T09:31:02+00:00\",\"description\":\"La psicologia ha una forte influenza nel settore degli investimenti. In questa guida parleremo dell\u2019Emotional Investing e vedremo come gestire le emozioni.\",\"breadcrumb\":{\"@id\":\"https:\/\/www.etoro.com\/it\/investing\/psychology-of-investing\/#breadcrumb\"},\"inLanguage\":\"it\",\"potentialAction\":[{\"@type\":\"ReadAction\",\"target\":[\"https:\/\/www.etoro.com\/it\/investing\/psychology-of-investing\/\"]}]},{\"@type\":\"ImageObject\",\"inLanguage\":\"it\",\"@id\":\"https:\/\/www.etoro.com\/it\/investing\/psychology-of-investing\/#primaryimage\",\"url\":\"https:\/\/www.etoro.com\/wp-content\/uploads\/2025\/01\/IT-Psychology-of-Investing-1200x630-1.png\",\"contentUrl\":\"https:\/\/www.etoro.com\/wp-content\/uploads\/2025\/01\/IT-Psychology-of-Investing-1200x630-1.png\",\"width\":1200,\"height\":630},{\"@type\":\"BreadcrumbList\",\"@id\":\"https:\/\/www.etoro.com\/it\/investing\/psychology-of-investing\/#breadcrumb\",\"itemListElement\":[{\"@type\":\"ListItem\",\"position\":1,\"name\":\"Home\",\"item\":\"https:\/\/www.etoro.com\/it\/\"},{\"@type\":\"ListItem\",\"position\":2,\"name\":\"Investire\",\"item\":\"https:\/\/www.etoro.com\/it\/investing\/\"},{\"@type\":\"ListItem\",\"position\":3,\"name\":\"Psicologia degli investimenti\"}]},{\"@type\":\"WebSite\",\"@id\":\"https:\/\/www.etoro.com\/it\/#website\",\"url\":\"https:\/\/www.etoro.com\/it\/\",\"name\":\"eToro\",\"description\":\"\",\"publisher\":{\"@id\":\"https:\/\/www.etoro.com\/it\/#organization\"},\"potentialAction\":[{\"@type\":\"SearchAction\",\"target\":{\"@type\":\"EntryPoint\",\"urlTemplate\":\"https:\/\/www.etoro.com\/it\/?s={search_term_string}\"},\"query-input\":{\"@type\":\"PropertyValueSpecification\",\"valueRequired\":true,\"valueName\":\"search_term_string\"}}],\"inLanguage\":\"it\"},[]]}<\/script>","yoast_head_json":{"title":"Psicologia degli investimenti ed emotional investing","description":"La psicologia ha una forte influenza nel settore degli investimenti. In questa guida parleremo dell\u2019Emotional Investing e vedremo come gestire le emozioni.","robots":{"index":"index","follow":"follow","max-snippet":"max-snippet:-1","max-image-preview":"max-image-preview:large","max-video-preview":"max-video-preview:-1"},"canonical":"https:\/\/www.etoro.com\/it\/wp-json\/wp\/v2\/pages\/535568","og_locale":"it_IT","og_type":"article","og_title":"Psicologia degli investimenti ed emotional investing","og_description":"La psicologia ha una forte influenza nel settore degli investimenti. In questa guida parleremo dell\u2019Emotional Investing e vedremo come gestire le emozioni.","og_url":"https:\/\/www.etoro.com\/it\/wp-json\/wp\/v2\/pages\/535568","og_site_name":"eToro","article_publisher":"https:\/\/www.facebook.com\/eToro\/","article_modified_time":"2025-10-30T09:31:02+00:00","og_image":[{"width":1200,"height":630,"url":"https:\/\/www.etoro.com\/wp-content\/uploads\/2025\/01\/IT-Psychology-of-Investing-1200x630-1.png","type":"image\/png"}],"twitter_card":"summary_large_image","twitter_site":"@eToro","twitter_misc":{"Est. reading time":"6 minutes"},"schema":{"@context":"https:\/\/schema.org","@graph":[{"@type":"WebPage","@id":"https:\/\/www.etoro.com\/it\/investing\/psychology-of-investing\/","url":"https:\/\/www.etoro.com\/it\/investing\/psychology-of-investing\/","name":"Psicologia degli investimenti ed emotional investing","isPartOf":{"@id":"https:\/\/www.etoro.com\/it\/#website"},"primaryImageOfPage":{"@id":"https:\/\/www.etoro.com\/it\/investing\/psychology-of-investing\/#primaryimage"},"image":{"@id":"https:\/\/www.etoro.com\/it\/investing\/psychology-of-investing\/#primaryimage"},"thumbnailUrl":"https:\/\/www.etoro.com\/wp-content\/uploads\/2025\/01\/IT-Psychology-of-Investing-1200x630-1.png","datePublished":"2023-06-30T12:21:09+00:00","dateModified":"2025-10-30T09:31:02+00:00","description":"La psicologia ha una forte influenza nel settore degli investimenti. In questa guida parleremo dell\u2019Emotional Investing e vedremo come gestire le emozioni.","breadcrumb":{"@id":"https:\/\/www.etoro.com\/it\/investing\/psychology-of-investing\/#breadcrumb"},"inLanguage":"it","potentialAction":[{"@type":"ReadAction","target":["https:\/\/www.etoro.com\/it\/investing\/psychology-of-investing\/"]}]},{"@type":"ImageObject","inLanguage":"it","@id":"https:\/\/www.etoro.com\/it\/investing\/psychology-of-investing\/#primaryimage","url":"https:\/\/www.etoro.com\/wp-content\/uploads\/2025\/01\/IT-Psychology-of-Investing-1200x630-1.png","contentUrl":"https:\/\/www.etoro.com\/wp-content\/uploads\/2025\/01\/IT-Psychology-of-Investing-1200x630-1.png","width":1200,"height":630},{"@type":"BreadcrumbList","@id":"https:\/\/www.etoro.com\/it\/investing\/psychology-of-investing\/#breadcrumb","itemListElement":[{"@type":"ListItem","position":1,"name":"Home","item":"https:\/\/www.etoro.com\/it\/"},{"@type":"ListItem","position":2,"name":"Investire","item":"https:\/\/www.etoro.com\/it\/investing\/"},{"@type":"ListItem","position":3,"name":"Psicologia degli investimenti"}]},{"@type":"WebSite","@id":"https:\/\/www.etoro.com\/it\/#website","url":"https:\/\/www.etoro.com\/it\/","name":"eToro","description":"","publisher":{"@id":"https:\/\/www.etoro.com\/it\/#organization"},"potentialAction":[{"@type":"SearchAction","target":{"@type":"EntryPoint","urlTemplate":"https:\/\/www.etoro.com\/it\/?s={search_term_string}"},"query-input":{"@type":"PropertyValueSpecification","valueRequired":true,"valueName":"search_term_string"}}],"inLanguage":"it"},[]]}},"_links":{"self":[{"href":"https:\/\/www.etoro.com\/it\/wp-json\/wp\/v2\/pages\/535568"}],"collection":[{"href":"https:\/\/www.etoro.com\/it\/wp-json\/wp\/v2\/pages"}],"about":[{"href":"https:\/\/www.etoro.com\/it\/wp-json\/wp\/v2\/types\/page"}],"author":[{"embeddable":true,"href":"https:\/\/www.etoro.com\/it\/wp-json\/wp\/v2\/users\/101"}],"replies":[{"embeddable":true,"href":"https:\/\/www.etoro.com\/it\/wp-json\/wp\/v2\/comments?post=535568"}],"version-history":[{"count":0,"href":"https:\/\/www.etoro.com\/it\/wp-json\/wp\/v2\/pages\/535568\/revisions"}],"up":[{"embeddable":true,"href":"https:\/\/www.etoro.com\/it\/wp-json\/wp\/v2\/pages\/19765"}],"wp:featuredmedia":[{"embeddable":true,"href":"https:\/\/www.etoro.com\/it\/wp-json\/wp\/v2\/media\/990997"}],"wp:attachment":[{"href":"https:\/\/www.etoro.com\/it\/wp-json\/wp\/v2\/media?parent=535568"}],"wp:term":[{"taxonomy":"asset_type","embeddable":true,"href":"https:\/\/www.etoro.com\/it\/wp-json\/wp\/v2\/asset_type?post=535568"}],"curies":[{"name":"wp","href":"https:\/\/api.w.org\/{rel}","templated":true}]}}