{"id":538984,"date":"2023-07-25T16:53:13","date_gmt":"2023-07-25T13:53:13","guid":{"rendered":"https:\/\/www.etoro.com\/?page_id=538984"},"modified":"2026-04-28T09:13:43","modified_gmt":"2026-04-28T06:13:43","slug":"preferred-stocks","status":"publish","type":"page","link":"https:\/\/www.etoro.com\/it\/stocks\/preferred-stocks\/","title":{"rendered":"Azioni privilegiate: cosa bisogna sapere"},"content":{"rendered":"\n<p class=\"is-style-summary\">Ti interessa investire in azioni privilegiate? Scopri le differenze rispetto alle azioni ordinarie, i pro e i contro, i diversi tipi disponibili e altro ancora.<\/p>\n\n\n\n<hr class=\"wp-block-separator wp-block-separator-color-dark-grey wp-block-separator-spaces-medium wp-block-separator-weight-1\"\/>\n\n\n\n<p>Quando si inizia a esplorare il mondo degli investimenti, ci si pu\u00f2 imbattere nel termine &#8220;azioni privilegiate&#8221;. <strong>Non si tratta di azioni che gli investitori &#8220;privilegiano&#8221;<\/strong>; parliamo invece di una specifica tipologia di <e-tip data-tooltip=\"Un tipo di strumento finanziario che ha un valore monetario.\">titoli<\/e-tip><strong> <\/strong>in cui \u00e8 possibile investire.<\/p>\n\n\n\n<p>Prima di iniziare a investire in azioni privilegiate \u00e8 opportuno <strong>approfondirne il significato<\/strong>, rispondendo alle seguenti domande:<\/p>\n\n\n\n<p>&nbsp;Cosa sono le azioni privilegiate?<\/p>\n\n\n\n<ul class=\"wp-block-list wp-block-list wp-block-list-circle\">\n<li>Ne esistono diversi tipi?<\/li>\n\n\n\n<li>Quali sono i vantaggi e gli svantaggi dell&#8217;investimento in azioni privilegiate?<\/li>\n\n\n\n<li>Quali sono le differenze tra le azioni privilegiate e le azioni ordinarie?<\/li>\n<\/ul>\n\n\n\n<p><strong>Questa guida \u00e8 un&#8217;utile base <\/strong>per iniziare ad approfondire la conoscenza delle azioni privilegiate.<\/p>\n\n\n\n<figure class=\"wp-block-image size-full\"><img loading=\"lazy\" decoding=\"async\" width=\"756\" height=\"400\" src=\"https:\/\/www.etoro.com\/wp-content\/uploads\/2023\/07\/Getting-to-know-preferred-stocks-Body-Image-1_-What-are-preferred-stocks_.png\" alt=\"\" class=\"wp-image-657552 wp-image-desktop\" srcset=\"https:\/\/www.etoro.com\/wp-content\/uploads\/2023\/07\/Getting-to-know-preferred-stocks-Body-Image-1_-What-are-preferred-stocks_.png 756w, https:\/\/www.etoro.com\/wp-content\/uploads\/2023\/07\/Getting-to-know-preferred-stocks-Body-Image-1_-What-are-preferred-stocks_-300x159.png 300w\" sizes=\"(max-width: 756px) 100vw, 756px\" \/><\/figure>\n\n\n\n<h2 class=\"wp-block-heading\">Cosa sono le azioni privilegiate?<\/h2>\n\n\n\n<p><strong>Le azioni privilegiate sono un titolo ibrido, <\/strong>ossia presentano caratteristiche sia delle azioni ordinarie che delle <strong><e-tip data-tooltip=\"Rappresentano un prestito da parte di un investitore, di solito un\\'azienda o uno Stato, a un soggetto contraente.\">obbligazioni<\/e-tip> <\/strong>societarie.\u00a0<\/p>\n\n\n\n<p><a href=\"https:\/\/www.borsaitaliana.it\/borsa\/glossario\/azione-privilegiata.html\" target=\"_blank\" rel=\"noreferrer noopener\">Secondo Borsa Italiana<\/a>, questo strumento <strong>combina il meglio delle azioni ordinarie e delle obbligazioni<\/strong> in un unico titolo. Come le obbligazioni, pagano <a href=\"https:\/\/www.etoro.com\/it\/investing\/what-are-dividends\/\">dividendi<\/a> in base a un calendario prestabilito e, come le azioni ordinarie, offrono una partecipazione al capitale di una societ\u00e0.<\/p>\n\n\n\n<div class=\"wp-block-etoro-tip wp-block-etoro-tip-border-yellow\"><span class=\"wp-block-etoro-tip-icon\"><\/span><div class=\"wp-block-etoro-tip-text\">\n<p><strong><strong>Suggerimento:<\/strong> <\/strong>attenzione! Le azioni privilegiate a volte sono anche dette &#8220;azioni preferenziali&#8221;.<\/p>\n<\/div><\/div>\n\n\n\n<h3 class=\"wp-block-heading\">Perch\u00e9 le societ\u00e0 emettono azioni privilegiate?<\/h3>\n\n\n\n<p><strong>Le aziende possono decidere di emettere azioni privilegiate per attirare gli investitori iniziali. <\/strong>Poich\u00e9 questi titoli non danno diritto di voto, i proprietari possono mantenere il controllo dell&#8217;azienda.<\/p>\n\n\n\n<p>Un altro motivo per emettere azioni privilegiate \u00e8 che, a differenza dell&#8217;emissione di nuove azioni ordinarie, <strong>il prezzo delle azioni della societ\u00e0 non viene <e-tip data-tooltip=\"quando le azioni ordinarie di nuova emissione riducono la quota di partecipazione degli azionisti esistenti.\">diluito<\/e-tip>.<\/strong><\/p>\n\n\n\n<h3 class=\"wp-block-heading\">Le azioni privilegiate pagano dividendi?<\/h3>\n\n\n\n<p><strong>S\u00ec, di solito in base a un <\/strong><a href=\"https:\/\/www.etoro.com\/it\/investing\/dividend-calendar\/\"><strong>calendario regolare di dividendi<\/strong><\/a><strong>.<\/strong> Qualora le societ\u00e0 non siano in grado di pagare i dividendi privilegiati possono posticiparne il pagamento, ma questi dovranno essere comunque rimborsati in un secondo momento.<\/p>\n\n\n\n<h2 class=\"wp-block-heading\">Tipi di azioni privilegiate<\/h2>\n\n\n\n<p>Esistono <strong>diversi tipi di azioni privilegiate<\/strong>, la cui disponibilit\u00e0 varia a seconda delle societ\u00e0:<\/p>\n\n\n\n<ul class=\"wp-block-list wp-block-list wp-block-list-circle\">\n<li><strong>Azioni privilegiate redimibili: <\/strong>la societ\u00e0 pu\u00f2 scegliere di acquistarle a un prezzo futuro fisso.<\/li>\n\n\n\n<li><strong>Azioni privilegiate convertibili: <\/strong>possono essere scambiate con azioni ordinarie a una quota fissa.<\/li>\n\n\n\n<li><strong>Azioni privilegiate cumulative: <\/strong>offrono protezione in caso di flessione dei profitti dell&#8217;azienda, in quanto prevedono che i dividendi non pagati vengano distribuiti agli azionisti privilegiati prima che a quelli ordinari.<\/li>\n\n\n\n<li><strong>Azioni privilegiate partecipative: <\/strong>consentono ai titolari di partecipare a dividendi superiori rispetto alla quota fissa nel caso in cui la societ\u00e0 raggiunga un obiettivo di profitto predeterminato.<\/li>\n<\/ul>\n\n\n\n<figure class=\"wp-block-image size-full\"><img loading=\"lazy\" decoding=\"async\" width=\"756\" height=\"400\" src=\"https:\/\/www.etoro.com\/wp-content\/uploads\/2023\/07\/Body-Image-2_-What-are-the-advantages-and-disadvantages-of-preferred-stocks-2.png\" alt=\"\" class=\"wp-image-657573 wp-image-desktop\" srcset=\"https:\/\/www.etoro.com\/wp-content\/uploads\/2023\/07\/Body-Image-2_-What-are-the-advantages-and-disadvantages-of-preferred-stocks-2.png 756w, https:\/\/www.etoro.com\/wp-content\/uploads\/2023\/07\/Body-Image-2_-What-are-the-advantages-and-disadvantages-of-preferred-stocks-2-300x159.png 300w\" sizes=\"(max-width: 756px) 100vw, 756px\" \/><\/figure>\n\n\n\n<h2 class=\"wp-block-heading\">Quali sono i vantaggi e gli svantaggi delle azioni privilegiate?<\/h2>\n\n\n\n<p>Come ogni altro aspetto degli <a href=\"https:\/\/www.etoro.com\/it\/investing\/investing-vs-trading\/\">investimenti<\/a>, <strong>anche le azioni privilegiate presentano vantaggi e svantaggi<\/strong>. Alcuni di questi sono:<\/p>\n\n\n\n<div class=\"wp-block-columns are-vertically-aligned-top wp-block-columns-2 wp-block-columns-1 is-layout-flex wp-container-core-columns-is-layout-1 wp-block-columns-is-layout-flex\">\n<div class=\"wp-block-column is-layout-flow wp-block-column-is-layout-flow\">\n<div class=\"wp-block-etoro-pros-cons wp-block-etoro-pros\"><div class=\"wp-block-etoro-pros-cons-title\"><strong>Vantaggi<\/strong><\/div><div class=\"wp-block-etoro-pros-cons-content\">\n<ul class=\"wp-block-list wp-block-list wp-block-list-check\">\n<li>Dividendi regolari<\/li>\n\n\n\n<li>Rischio ridotto di perdita del capitale<\/li>\n\n\n\n<li>Diritto ai dividendi prima degli azionisti ordinari<\/li>\n\n\n\n<li>Diritto agli asset prima degli azionisti ordinari<\/li>\n<\/ul>\n<\/div><\/div>\n<\/div>\n\n\n\n<div class=\"wp-block-column is-layout-flow wp-block-column-is-layout-flow\">\n<div class=\"wp-block-etoro-pros-cons wp-block-etoro-cons\"><div class=\"wp-block-etoro-pros-cons-title\"><strong>Svantaggi<\/strong><\/div><div class=\"wp-block-etoro-pros-cons-content\">\n<ul class=\"wp-block-list wp-block-list wp-block-list-cross\">\n<li>Nessun diritto di voto<\/li>\n\n\n\n<li>Basso potenziale di crescita del capitale<\/li>\n\n\n\n<li>Ricevono i dividendi solo se rimangono fondi dopo il pagamento degli obbligazionisti<\/li>\n\n\n\n<li>Diritto agli asset solo dopo il pagamento degli obbligazionisti<\/li>\n<\/ul>\n<\/div><\/div>\n<\/div>\n<\/div>\n\n\n\n<h2 class=\"wp-block-heading\">Azioni privilegiate e azioni ordinarie<\/h2>\n\n\n\n<p><strong>Entrambi questi strumenti d&#8217;investimento rappresentano una quota di partecipazione a un&#8217;azienda. <\/strong>Ma a parte questo, quali sono le principali differenze tra loro?<\/p>\n\n\n\n<h3 class=\"wp-block-heading\">Azioni privilegiate<\/h3>\n\n\n\n<p><strong>Le azioni privilegiate sono simili alle obbligazioni <\/strong>in quanto vengono emesse a un valore nominale. Possono essere rimborsate al raggiungimento della scadenza e pagano dividendi regolari. Tuttavia, si tratta di un <a href=\"https:\/\/www.etoro.com\/it\/investing\/risk-management\/\">investimento pi\u00f9 rischioso<\/a> rispetto alle obbligazioni, poich\u00e9 gli obbligazionisti vengono liquidati per primi in caso di fallimento di una societ\u00e0.<\/p>\n\n\n\n<p>Poich\u00e9 non conferiscono diritti di voto, le azioni privilegiate non sono uno strumento interessante per gli azionisti attivisti. <strong>Sono,&nbsp; per gli investitori avversi al rischio che cercano una rendita passiva sicura e regolare,<\/strong> e che non amano comprare e vendere frequentemente titoli.<\/p>\n\n\n\n<div class=\"wp-block-etoro-emphasis wp-block-etoro-emphasis-border-green\">\n<p><a href=\"https:\/\/www.borsaitaliana.it\/borsa\/glossario\/azione-privilegiata.html\" target=\"_blank\" rel=\"noreferrer noopener\">Secondo Borsa Italiana<\/a>, questo strumento combina il meglio delle azioni ordinarie e delle obbligazioni in un unico titolo.<\/p>\n<\/div>\n\n\n\n<h3 class=\"wp-block-heading\">Azioni ordinarie<\/h3>\n\n\n\n<p>Le azioni ordinarie conferiscono ai titolari diritto di voto. <strong>Offrono un potenziale illimitato di guadagno in termini di prezzo delle azioni, ma nessuna protezione da eventuali crolli di prezzo<\/strong> fino a zero, come invece fanno le azioni privilegiate.<\/p>\n\n\n\n<p>Gli azionisti ordinari sono gli ultimi a essere liquidati dopo gli obbligazionisti e gli azionisti privilegiati. Questi ultimi vengono rimborsati se la societ\u00e0 fallisce e non vengono erogati dividendi. <strong>Le azioni ordinarie tendono a interessare maggiormente gli investitori a lungo termine che cercano una crescita del prezzo delle azioni nel tempo.<\/strong><\/p>\n\n\n\n<figure class=\"wp-block-image size-full\"><img loading=\"lazy\" decoding=\"async\" width=\"756\" height=\"400\" src=\"https:\/\/www.etoro.com\/wp-content\/uploads\/2023\/07\/Body-Image-3_-Preferred-stocks-vs-common-stocks-2.png\" alt=\"\" class=\"wp-image-657595 wp-image-desktop\" srcset=\"https:\/\/www.etoro.com\/wp-content\/uploads\/2023\/07\/Body-Image-3_-Preferred-stocks-vs-common-stocks-2.png 756w, https:\/\/www.etoro.com\/wp-content\/uploads\/2023\/07\/Body-Image-3_-Preferred-stocks-vs-common-stocks-2-300x159.png 300w\" sizes=\"(max-width: 756px) 100vw, 756px\" \/><\/figure>\n\n\n\n<h2 class=\"wp-block-heading\">Conclusioni<\/h2>\n\n\n\n<p><strong>Le societ\u00e0 che emettono azioni privilegiate pubblicano un prospetto <\/strong>che ne illustra le caratteristiche e i rischi principali.<\/p>\n\n\n\n<div class=\"wp-block-etoro-tip wp-block-etoro-tip-border-yellow\"><span class=\"wp-block-etoro-tip-icon\"><\/span><div class=\"wp-block-etoro-tip-text\">\n<p><strong>Suggerimento:<\/strong> \u00e8 possibile acquistare queste azioni direttamente dalla societ\u00e0 o, dopo la quotazione, tramite un broker.<\/p>\n<\/div><\/div>\n\n\n\n<p><mark>I settori pi\u00f9 comuni che emettono azioni privilegiate sono i servizi di pubblica utilit\u00e0, i fondi di investimento immobiliare (REIT), le assicurazioni e le banche.<\/mark><\/p>\n\n\n\n<p><mark>Gli investitori possono acquistare azioni privilegiate singole oppure un gruppo di azioni privilegiate attraverso un <a href=\"https:\/\/www.etoro.com\/it\/stocks\/investing-in-etfs\/\">fondo negoziato in borsa (ETF)<\/a>.<\/mark><\/p>\n\n\n\n<p>Per alcuni investitori, le azioni privilegiate possono essere un&#8217;opzione interessante, in quanto consentono di acquisire in anticipo una partecipazione in un&#8217;azienda e di ottenere una rendita passiva regolare. Per chi invece vuole godere dei diritti di voto, potrebbe essere meglio cercare un altro asset pi\u00f9 adatto alle proprie preferenze. Come per ogni altra forma di investimento<strong>, prima di investire \u00e8 sempre bene valutare se le azioni privilegiate sono adatte alla propria tolleranza al rischio e ai propri obiettivi di investimento.<\/strong><\/p>\n\n\n\n<p>Per saperne di pi\u00f9 sulle azioni, <a href=\"https:\/\/www.etoro.com\/it\/academy\/\">visita la eToro Academy<\/a>.<\/p>\n\n\n\n<h2 class=\"wp-block-heading\">Domande frequenti<\/h2>\n\n\n\n<dl class=\"wp-block-etoro-faq\">\n<div class=\"wp-block-etoro-faq-item\"><dt class=\"wp-block-etoro-faq-item-question\">Le azioni privilegiate hanno una data di scadenza?<\/dt><dd class=\"wp-block-etoro-faq-item-answer\">\n<p>In molti casi, le <a href=\"https:\/\/www.etoro.com\/it\/stocks\/trading-and-investing-in-stocks\/\">azioni privilegiate<\/a> non sono dotate di una scadenza predefinita e possono mantenere la propria validit\u00e0 in perpetuo. Nonostante ci\u00f2, la maggior parte dei titoli di questo tipo presenta una &#8220;data di scadenza&#8221;, che rappresenta il momento in cui l&#8217;emittente pu\u00f2 richiedere il riscatto delle stesse al valore nominale.<\/p>\n<\/dd><\/div>\n\n\n\n<div class=\"wp-block-etoro-faq-item\"><dt class=\"wp-block-etoro-faq-item-question\">Le azioni privilegiate sono sicure?<\/dt><dd class=\"wp-block-etoro-faq-item-answer\">\n<p>In una scala di rischio, le azioni privilegiate si collocano tra le obbligazioni e le <a href=\"https:\/\/www.etoro.com\/it\/stocks\/trading-and-investing-in-stocks\/\">azioni ordinarie<\/a>: non sono sicure come le obbligazioni, ma possono essere pi\u00f9 sicure delle azioni ordinarie. Tuttavia, come per qualsiasi altro asset, \u00e8 importante effettuare le proprie ricerche per capire se le azioni privilegiate sono in linea con i propri obiettivi di investimento.<\/p>\n<\/dd><\/div>\n\n\n\n<div class=\"wp-block-etoro-faq-item\"><dt class=\"wp-block-etoro-faq-item-question\">Le azioni privilegiate si possono vendere?<\/dt><dd class=\"wp-block-etoro-faq-item-answer\">\n<p>S\u00ec, \u00e8 possibile comprare e vendere azioni privilegiate sui mercati azionari quotati e privati. Gli investitori interessati possono acquistare e vendere tali azioni su <a href=\"https:\/\/www.etoro.com\/it\/discover\/markets\/stocks\">piattaforme di scambio ufficiali<\/a> o attraverso transazioni private. L&#8217;accesso a entrambi i mercati offre un&#8217;ampia gamma di possibilit\u00e0 di negoziazione e permette agli investitori di sfruttare il potenziale valore delle azioni privilegiate in base alle proprie strategie finanziarie e agli obiettivi di investimento.<\/p>\n<\/dd><\/div>\n<\/dl>\n\n\n\n\t\t<style>\n\t\t\t.rtl .etoro-block-shortcode-disclaimer {\n\t\t\t\ttext-align:right;\n\t\t\t}\n\t\t\t.etoro-block-shortcode-disclaimer {\n\t\t\t\tmargin-bottom:18px;\n\t\t\t\ttext-align:left;\n\t\t\t}\n\t\t\t.etoro-block-shortcode-disclaimer p{\n\t\t\t\tfont-size: 12px;\n\t\t\t\tline-height: 18px;\n\t\t\t}\n\t\t\t@media (min-width: 768px) {\n\t\t\t\t.etoro-block-shortcode-disclaimer {\n\t\t\t\t\tmax-width:1176px;\n\t\t\t\t\ttext-align:center;\n\t\t\t\t}\n\t\t\t\t.etoro-block-shortcode-disclaimer p {\n\t\t\t\t\tfont-size: 14px;\n\t\t\t\t\tline-height: 20px;\n\t\t\t\t}\n\t\t\t}\n\t\t<\/style>\n\t\t<div class='etoro-block-shortcode-disclaimer'><p>Le presenti informazioni vengono fornite al solo scopo educativo e non rappresentano consigli d\u2019investimento o suggerimenti personali. Tali informazioni non devono quindi essere interpretate come offerte o solleciti di compravendita di strumenti finanziari.<\/p>\n<p>Il materiale \u00e8 stato preparato senza tener conto di precisi obiettivi d\u2019investimento o specifiche situazioni finanziarie e non soddisfa pertanto i criteri legali e legislativi previsti per la promozione di ricerche indipendenti.<\/p>\n<p><strong>Non tutti gli strumenti finanziari e i servizi cui viene fatto riferimento sono offerti da eToro<\/strong> e qualsiasi riferimento alle prestazioni passate di uno specifico strumento, indice o prodotto d\u2019investimento preassemblato non rappresenta n\u00e9 deve essere interpretato come un indicatore affidabile di possibili prestazioni future. <strong>La disponibilit\u00e0 di tutti i prodotti e servizi sopra menzionati pu\u00f2 variare a seconda della giurisdizione e del Paese.<\/strong><\/p>\n<p>eToro non offre alcuna garanzia n\u00e9 si assume la responsabilit\u00e0 in merito all\u2019accuratezza o alla completezza del contenuto esposto nella presente guida. Il lettore deve garantire di aver compreso appieno i rischi comportati dal trading prima di impegnare capitale. Si sconsiglia di mettere a rischio pi\u00f9 denaro di quanto non se ne possa perdere.<\/p>\n<\/div>\n","protected":false},"excerpt":{"rendered":"<p>Ti interessa investire in azioni privilegiate? Scopri le differenze rispetto alle azioni ordinarie, i pro e i contro, i diversi tipi disponibili e altro ancora. Quando si inizia a esplorare il mondo degli investimenti, ci si pu\u00f2 imbattere nel termine &#8220;azioni privilegiate&#8221;. Non si tratta di azioni che gli investitori &#8220;privilegiano&#8221;; parliamo invece di una&hellip;<\/p>\n","protected":false},"author":96,"featured_media":657616,"parent":58732,"menu_order":0,"comment_status":"closed","ping_status":"closed","template":"","meta":{"_acf_changed":false,"inline_featured_image":false,"sticky_cta_settings":"","footnotes":""},"asset_type":[],"class_list":["post-538984","page","type-page","status-publish","has-post-thumbnail","hentry"],"acf":[],"yoast_head":"<title>Tutto sulle azioni privilegiate | eToro<\/title>\n<meta name=\"description\" content=\"Vuoi investire in azioni privilegiate? Scopri le differenze rispetto alle azioni ordinarie, i pro e i contro, i diversi tipi disponibili e altro ancora.\" \/>\n<meta name=\"robots\" content=\"index, follow, max-snippet:-1, max-image-preview:large, max-video-preview:-1\" \/>\n<link rel=\"canonical\" href=\"https:\/\/www.etoro.com\/it\/wp-json\/wp\/v2\/pages\/538984\" \/>\n<meta property=\"og:locale\" content=\"it_IT\" \/>\n<meta property=\"og:type\" content=\"article\" \/>\n<meta property=\"og:title\" content=\"Tutto sulle azioni privilegiate | eToro\" \/>\n<meta property=\"og:description\" content=\"Vuoi investire in azioni privilegiate? Scopri le differenze rispetto alle azioni ordinarie, i pro e i contro, i diversi tipi disponibili e altro ancora.\" \/>\n<meta property=\"og:url\" content=\"https:\/\/www.etoro.com\/it\/wp-json\/wp\/v2\/pages\/538984\" \/>\n<meta property=\"og:site_name\" content=\"eToro\" \/>\n<meta property=\"article:publisher\" content=\"https:\/\/www.facebook.com\/eToro\/\" \/>\n<meta property=\"article:modified_time\" content=\"2026-04-28T06:13:43+00:00\" \/>\n<meta property=\"og:image\" content=\"https:\/\/www.etoro.com\/wp-content\/uploads\/2023\/07\/a-guide-to-preferred-stocks-Social-Image-IT.png\" \/>\n\t<meta property=\"og:image:width\" content=\"1200\" \/>\n\t<meta property=\"og:image:height\" content=\"630\" \/>\n\t<meta property=\"og:image:type\" content=\"image\/png\" \/>\n<meta name=\"twitter:card\" content=\"summary_large_image\" \/>\n<meta name=\"twitter:site\" content=\"@eToro\" \/>\n<meta name=\"twitter:label1\" content=\"Est. reading time\" \/>\n\t<meta name=\"twitter:data1\" content=\"5 minutes\" \/>\n<script type=\"application\/ld+json\" class=\"yoast-schema-graph\">{\"@context\":\"https:\/\/schema.org\",\"@graph\":[{\"@type\":\"WebPage\",\"@id\":\"https:\/\/www.etoro.com\/it\/stocks\/preferred-stocks\/\",\"url\":\"https:\/\/www.etoro.com\/it\/stocks\/preferred-stocks\/\",\"name\":\"Tutto sulle azioni privilegiate | eToro\",\"isPartOf\":{\"@id\":\"https:\/\/www.etoro.com\/it\/#website\"},\"primaryImageOfPage\":{\"@id\":\"https:\/\/www.etoro.com\/it\/stocks\/preferred-stocks\/#primaryimage\"},\"image\":{\"@id\":\"https:\/\/www.etoro.com\/it\/stocks\/preferred-stocks\/#primaryimage\"},\"thumbnailUrl\":\"https:\/\/www.etoro.com\/wp-content\/uploads\/2023\/07\/a-guide-to-preferred-stocks-Social-Image-IT.png\",\"datePublished\":\"2023-07-25T13:53:13+00:00\",\"dateModified\":\"2026-04-28T06:13:43+00:00\",\"description\":\"Vuoi investire in azioni privilegiate? Scopri le differenze rispetto alle azioni ordinarie, i pro e i contro, i diversi tipi disponibili e altro ancora.\",\"breadcrumb\":{\"@id\":\"https:\/\/www.etoro.com\/it\/stocks\/preferred-stocks\/#breadcrumb\"},\"inLanguage\":\"it\",\"potentialAction\":[{\"@type\":\"ReadAction\",\"target\":[\"https:\/\/www.etoro.com\/it\/stocks\/preferred-stocks\/\"]}]},{\"@type\":\"ImageObject\",\"inLanguage\":\"it\",\"@id\":\"https:\/\/www.etoro.com\/it\/stocks\/preferred-stocks\/#primaryimage\",\"url\":\"https:\/\/www.etoro.com\/wp-content\/uploads\/2023\/07\/a-guide-to-preferred-stocks-Social-Image-IT.png\",\"contentUrl\":\"https:\/\/www.etoro.com\/wp-content\/uploads\/2023\/07\/a-guide-to-preferred-stocks-Social-Image-IT.png\",\"width\":1200,\"height\":630},{\"@type\":\"BreadcrumbList\",\"@id\":\"https:\/\/www.etoro.com\/it\/stocks\/preferred-stocks\/#breadcrumb\",\"itemListElement\":[{\"@type\":\"ListItem\",\"position\":1,\"name\":\"Home\",\"item\":\"https:\/\/www.etoro.com\/it\/\"},{\"@type\":\"ListItem\",\"position\":2,\"name\":\"Azioni\",\"item\":\"https:\/\/www.etoro.com\/it\/stocks\/\"},{\"@type\":\"ListItem\",\"position\":3,\"name\":\"Azioni privilegiate: cosa bisogna sapere\"}]},{\"@type\":\"WebSite\",\"@id\":\"https:\/\/www.etoro.com\/it\/#website\",\"url\":\"https:\/\/www.etoro.com\/it\/\",\"name\":\"eToro\",\"description\":\"\",\"publisher\":{\"@id\":\"https:\/\/www.etoro.com\/it\/#organization\"},\"potentialAction\":[{\"@type\":\"SearchAction\",\"target\":{\"@type\":\"EntryPoint\",\"urlTemplate\":\"https:\/\/www.etoro.com\/it\/?s={search_term_string}\"},\"query-input\":{\"@type\":\"PropertyValueSpecification\",\"valueRequired\":true,\"valueName\":\"search_term_string\"}}],\"inLanguage\":\"it\"},[]]}<\/script>","yoast_head_json":{"title":"Tutto sulle azioni privilegiate | eToro","description":"Vuoi investire in azioni privilegiate? Scopri le differenze rispetto alle azioni ordinarie, i pro e i contro, i diversi tipi disponibili e altro ancora.","robots":{"index":"index","follow":"follow","max-snippet":"max-snippet:-1","max-image-preview":"max-image-preview:large","max-video-preview":"max-video-preview:-1"},"canonical":"https:\/\/www.etoro.com\/it\/wp-json\/wp\/v2\/pages\/538984","og_locale":"it_IT","og_type":"article","og_title":"Tutto sulle azioni privilegiate | eToro","og_description":"Vuoi investire in azioni privilegiate? Scopri le differenze rispetto alle azioni ordinarie, i pro e i contro, i diversi tipi disponibili e altro ancora.","og_url":"https:\/\/www.etoro.com\/it\/wp-json\/wp\/v2\/pages\/538984","og_site_name":"eToro","article_publisher":"https:\/\/www.facebook.com\/eToro\/","article_modified_time":"2026-04-28T06:13:43+00:00","og_image":[{"width":1200,"height":630,"url":"https:\/\/www.etoro.com\/wp-content\/uploads\/2023\/07\/a-guide-to-preferred-stocks-Social-Image-IT.png","type":"image\/png"}],"twitter_card":"summary_large_image","twitter_site":"@eToro","twitter_misc":{"Est. reading time":"5 minutes"},"schema":{"@context":"https:\/\/schema.org","@graph":[{"@type":"WebPage","@id":"https:\/\/www.etoro.com\/it\/stocks\/preferred-stocks\/","url":"https:\/\/www.etoro.com\/it\/stocks\/preferred-stocks\/","name":"Tutto sulle azioni privilegiate | eToro","isPartOf":{"@id":"https:\/\/www.etoro.com\/it\/#website"},"primaryImageOfPage":{"@id":"https:\/\/www.etoro.com\/it\/stocks\/preferred-stocks\/#primaryimage"},"image":{"@id":"https:\/\/www.etoro.com\/it\/stocks\/preferred-stocks\/#primaryimage"},"thumbnailUrl":"https:\/\/www.etoro.com\/wp-content\/uploads\/2023\/07\/a-guide-to-preferred-stocks-Social-Image-IT.png","datePublished":"2023-07-25T13:53:13+00:00","dateModified":"2026-04-28T06:13:43+00:00","description":"Vuoi investire in azioni privilegiate? Scopri le differenze rispetto alle azioni ordinarie, i pro e i contro, i diversi tipi disponibili e altro ancora.","breadcrumb":{"@id":"https:\/\/www.etoro.com\/it\/stocks\/preferred-stocks\/#breadcrumb"},"inLanguage":"it","potentialAction":[{"@type":"ReadAction","target":["https:\/\/www.etoro.com\/it\/stocks\/preferred-stocks\/"]}]},{"@type":"ImageObject","inLanguage":"it","@id":"https:\/\/www.etoro.com\/it\/stocks\/preferred-stocks\/#primaryimage","url":"https:\/\/www.etoro.com\/wp-content\/uploads\/2023\/07\/a-guide-to-preferred-stocks-Social-Image-IT.png","contentUrl":"https:\/\/www.etoro.com\/wp-content\/uploads\/2023\/07\/a-guide-to-preferred-stocks-Social-Image-IT.png","width":1200,"height":630},{"@type":"BreadcrumbList","@id":"https:\/\/www.etoro.com\/it\/stocks\/preferred-stocks\/#breadcrumb","itemListElement":[{"@type":"ListItem","position":1,"name":"Home","item":"https:\/\/www.etoro.com\/it\/"},{"@type":"ListItem","position":2,"name":"Azioni","item":"https:\/\/www.etoro.com\/it\/stocks\/"},{"@type":"ListItem","position":3,"name":"Azioni privilegiate: cosa bisogna sapere"}]},{"@type":"WebSite","@id":"https:\/\/www.etoro.com\/it\/#website","url":"https:\/\/www.etoro.com\/it\/","name":"eToro","description":"","publisher":{"@id":"https:\/\/www.etoro.com\/it\/#organization"},"potentialAction":[{"@type":"SearchAction","target":{"@type":"EntryPoint","urlTemplate":"https:\/\/www.etoro.com\/it\/?s={search_term_string}"},"query-input":{"@type":"PropertyValueSpecification","valueRequired":true,"valueName":"search_term_string"}}],"inLanguage":"it"},[]]}},"_links":{"self":[{"href":"https:\/\/www.etoro.com\/it\/wp-json\/wp\/v2\/pages\/538984"}],"collection":[{"href":"https:\/\/www.etoro.com\/it\/wp-json\/wp\/v2\/pages"}],"about":[{"href":"https:\/\/www.etoro.com\/it\/wp-json\/wp\/v2\/types\/page"}],"author":[{"embeddable":true,"href":"https:\/\/www.etoro.com\/it\/wp-json\/wp\/v2\/users\/96"}],"replies":[{"embeddable":true,"href":"https:\/\/www.etoro.com\/it\/wp-json\/wp\/v2\/comments?post=538984"}],"version-history":[{"count":0,"href":"https:\/\/www.etoro.com\/it\/wp-json\/wp\/v2\/pages\/538984\/revisions"}],"up":[{"embeddable":true,"href":"https:\/\/www.etoro.com\/it\/wp-json\/wp\/v2\/pages\/58732"}],"wp:featuredmedia":[{"embeddable":true,"href":"https:\/\/www.etoro.com\/it\/wp-json\/wp\/v2\/media\/657616"}],"wp:attachment":[{"href":"https:\/\/www.etoro.com\/it\/wp-json\/wp\/v2\/media?parent=538984"}],"wp:term":[{"taxonomy":"asset_type","embeddable":true,"href":"https:\/\/www.etoro.com\/it\/wp-json\/wp\/v2\/asset_type?post=538984"}],"curies":[{"name":"wp","href":"https:\/\/api.w.org\/{rel}","templated":true}]}}