{"id":619772,"date":"2023-05-10T18:33:53","date_gmt":"2023-05-10T15:33:53","guid":{"rendered":"https:\/\/www.etoro.com\/trading\/essentials-of-cfds\/"},"modified":"2026-04-27T11:15:41","modified_gmt":"2026-04-27T08:15:41","slug":"essentials-of-trading","status":"publish","type":"page","link":"https:\/\/www.etoro.com\/it\/trading\/essentials-of-trading\/","title":{"rendered":"Guida base ai CFD"},"content":{"rendered":"\n<p class=\"is-style-summary\">Cosa sono i CFD e come possono essere integrati in un portafoglio d\u2019investimenti? In questo articolo spiegheremo gli elementi essenziali del trading di CFD e vedremo come negoziarli.<\/p>\n\n\n\n\n\n\n<hr class=\"wp-block-separator wp-block-separator-color-dark-grey wp-block-separator-spaces-medium wp-block-separator-weight-1 has-alpha-channel-opacity\"\/>\n\n\n\n<p>I CFD consentono di negoziare un\u2019ampia gamma di asset finanziari. Vediamo come utilizzarli senza sovraesporsi.&nbsp;<\/p>\n\n\n\n<h2 class=\"wp-block-heading\">Definizione di CFD<\/h2>\n\n\n\n<p>Un CFD, acronimo di \u201cContract for Difference\u201d, \u00e8 uno strumento di trading che consente di ottenere un\u2019esposizione su <a href=\"https:\/\/www.etoro.com\/it\/academy\/trading\/\">vari mercati finanziari<\/a>.<\/p>\n\n\n\n<figure class=\"wp-block-image size-full\"><img loading=\"lazy\" decoding=\"async\" width=\"756\" height=\"400\" src=\"https:\/\/www.etoro.com\/wp-content\/uploads\/2023\/05\/Essentials-of-CFDs_Body-Image-1_-Definition-of-a-CFD.png\" alt=\"\" class=\"wp-image-595073 wp-image-desktop\" srcset=\"https:\/\/www.etoro.com\/wp-content\/uploads\/2023\/05\/Essentials-of-CFDs_Body-Image-1_-Definition-of-a-CFD.png 756w, https:\/\/www.etoro.com\/wp-content\/uploads\/2023\/05\/Essentials-of-CFDs_Body-Image-1_-Definition-of-a-CFD-300x159.png 300w\" sizes=\"(max-width: 756px) 100vw, 756px\" \/><\/figure>\n\n\n\n<p><mark>Un \u201ccontratto per differenza\u201d indica un accordo tra due parti, il fornitore di CFD e l\u2019investitore, che punta sulla variazione di prezzo di un asset.<\/mark> <\/p>\n\n\n\n<h2 class=\"wp-block-heading\">Come funzionano i CFD<\/h2>\n\n\n\n<p><strong>Un CFD \u00e8 un accordo che non prevede la compravendita dell\u2019asset<\/strong>. Un trader pu\u00f2 acquistare il prezzo di un asset se pensa che salga, o venderlo se crede che diminuisca.<\/p>\n\n\n\n<p>Spetta al trader scegliere quando chiudere l&#8217;operazione. L\u2019eventuale profitto\/perdita verr\u00e0 calcolato in base alla differenza di valore rispetto all\u2019apertura.<\/p>\n\n\n\n<div class=\"wp-block-etoro-tip wp-block-etoro-tip-border-yellow\"><span class=\"wp-block-etoro-tip-icon\"><\/span><div class=\"wp-block-etoro-tip-text\">\n<p><strong><strong>Suggerimento:<\/strong><\/strong> considera i CFD come un modo per replicare il profitto o la perdita che potresti realizzare scambiando l\u2019asset.<\/p>\n<\/div><\/div>\n\n\n\n<p>Facciamo degli esempi.<\/p>\n\n\n\n<h2 class=\"wp-block-heading\">Esempio 1: Andare long con un CFD su azioni<\/h2>\n\n\n\n<p>Supponiamo che tu creda che il valore della <a href=\"https:\/\/www.etoro.com\/it\/markets\/ko\">Coca-Cola<\/a> aumenti. Per approfittare di questo rialzo puoi acquistare delle azioni della societ\u00e0 oppure <strong>negoziare un CFD.<\/strong><\/p>\n\n\n\n<p>Immaginiamo che il rapporto bid\/offer sia 64,29\/64,50 e che tu decida di negoziare 100 azioni con un ordine <strong><e-tip data-tooltip=\"Un ordine di acquisto o vendita al miglior prezzo attualmente disponibile.\">\u201ca mercato\u201d<\/e-tip>.<\/strong><\/p>\n\n\n\n<p><mark>Quando fai trading di CFD puoi usare la leva, il che significa che devi depositare solo una parte del valore dell&#8217;asset. <\/mark><\/p>\n\n\n\n<p>Puoi<strong> scegliere il<\/strong> <strong>tipo di leva che si adatta meglio al tuo profilo di rischio, <\/strong>per esempio 2x o 5x.<\/p>\n\n\n\n<div class=\"wp-block-etoro-tip wp-block-etoro-tip-border-yellow\"><span class=\"wp-block-etoro-tip-icon\"><\/span><div class=\"wp-block-etoro-tip-text\">\n<p><strong><strong>Suggerimento:<\/strong><\/strong> gli <a href=\"https:\/\/www.etoro.com\/it\/trading\/professional\/\">investitori professionisti<\/a> possono scegliere anche leve maggiori.<\/p>\n<\/div><\/div>\n\n\n\n<p>Supponiamo che tu scelga una leva 5x.<\/p>\n\n\n\n<div class=\"wp-block-etoro-tip wp-block-etoro-tip-border-yellow\"><span class=\"wp-block-etoro-tip-icon\"><\/span><div class=\"wp-block-etoro-tip-text\">\n<p><strong><strong>Suggerimento:<\/strong><\/strong> utilizzare una leva 5x significa che il valore patrimoniale \u00e8 cinque volte maggiore del deposito richiesto per la negoziazione, per cui dovrai versare solo il 20% del credito disponibile sull\u2019account.<\/p>\n<\/div><\/div>\n\n\n\n<p>Se il valore del sottostante \u00e8 6.450$, avremo:<\/p>\n\n\n\n<p>6.450$ x 20% = 1.290$.<\/p>\n\n\n\n<p>Avrai quindi bisogno di 1.290$ per negoziare azioni per un valore di 6.450$.<\/p>\n\n\n\n<h3 class=\"wp-block-heading\">Scenario 1: il prezzo delle azioni di Coca-Cola aumenta<\/h3>\n\n\n\n<p>Supponiamo che il valore delle azioni salga. Quando arriva a 67,40\/67,52$, decidi di vendere.<\/p>\n\n\n\n<p>Avendo aperto a 64,50$ e chiudendo a 67,40$, hai realizzato un profitto di 2,90$ ad azione, cui vanno detratte le <a href=\"https:\/\/www.etoro.com\/it\/trading\/fees\/\"><strong>commissioni<\/strong><\/a><strong> e i costi di finanziamento.<\/strong><\/p>\n\n\n\n<p>Immaginiamo che tu abbia tenuto la posizione per 15 giorni con un costo overnight di 1,80$, avremo:<\/p>\n\n\n\n<p><strong>Trading profit:<\/strong> 290$<\/p>\n\n\n\n<p><strong>Costi di finanziamento:<\/strong> 27$<\/p>\n\n\n\n<p><strong>Profitto:<\/strong> 263$<\/p>\n\n\n\n<h3 class=\"wp-block-heading\">Scenario 2: il prezzo delle azioni Coca-Cola scende<\/h3>\n\n\n\n<p>Ipotizziamo che il prezzo delle azioni Coca-Cola scenda. Quando \u00e8 a 62,20\/62,40 decidi di liquidare la posizione.<\/p>\n\n\n\n<p>La perdita sar\u00e0 di 2,30$ per azione, cui vanno aggiunti i costi di finanziamento. Supponendo che tu abbia mantenuto la <e-tip data-tooltip=\"L\\'importo di un titolo, asset o altro strumento finanziario posseduto (o venduto allo scoperto) da un investitore\">posizione<\/e-tip> per dieci giorni, avremo:<\/p>\n\n\n\n<p><strong>Perdita di trading:<\/strong> 230$<\/p>\n\n\n\n<p><strong>Costi di finanziamento:<\/strong> 18$<\/p>\n\n\n\n<p><strong>Perdita totale:<\/strong> 248$<\/p>\n\n\n\n<h2 class=\"wp-block-heading\">Esempio 2: Andare short con un CFD su azioni<\/h2>\n\n\n\n<p>Se, invece, credi che le azioni <a href=\"https:\/\/www.etoro.com\/it\/markets\/tsla\">Tesla<\/a> possano scendere, puoi decidere di <a href=\"https:\/\/www.etoro.com\/it\/trading\/short-selling\/\"><strong>andare short<\/strong><\/a><strong> tramite CFD<\/strong>.<\/p>\n\n\n\n<p>Il <a href=\"https:\/\/www.borsaitaliana.it\/borsa\/glossario\/bid-ask-spread.html\" target=\"_blank\" rel=\"noreferrer noopener\"><strong>bid\/offer<\/strong><\/a> sul mercato \u00e8 162,50\/163,02. Decidi di vendere 20 azioni con leva 5x.<\/p>\n\n\n\n<p>Il valore del sottostante \u00e8 162,50$\/azione x 20 azioni = 3.250$.<\/p>\n\n\n\n<p>Il requisito di margine \u00e8 del 20%, quindi, 3.250$ x 20% = 650$.<\/p>\n\n\n\n<h3 class=\"wp-block-heading\">Scenario 1: Il prezzo delle azioni di Tesla scende<\/h3>\n\n\n\n<p>Quando il mercato \u00e8 scambiato a 154,78\/155,30$ decidi di chiudere l\u2019operazione.&nbsp;<\/p>\n\n\n\n<p>Prezzo di apertura: 162,50$<\/p>\n\n\n\n<p>Prezzo di chiusura: 155,30$<\/p>\n\n\n\n<p>Differenza: 7,20$<\/p>\n\n\n\n<p>Supponiamo che tu abbia mantenuto la posizione per cinque giorni con un costo overnight di 0,60$, avremo:<\/p>\n\n\n\n<p><strong>Trading profit:<\/strong> 7,20$\/azione x 20 azioni = 144$<\/p>\n\n\n\n<p><strong>Costi di finanziamento:<\/strong> 3$<\/p>\n\n\n\n<p><strong>Profitto:<\/strong> 141$<\/p>\n\n\n\n<h3 class=\"wp-block-heading\">Scenario 2: il prezzo delle azioni Tesla sale<\/h3>\n\n\n\n<p>Il prezzo di Tesla rimbalza. Quando raggiunge 169,58\/170,10$ decidi di chiudere la posizione.<\/p>\n\n\n\n<figure class=\"wp-block-image size-full\"><img loading=\"lazy\" decoding=\"async\" width=\"756\" height=\"400\" src=\"https:\/\/www.etoro.com\/wp-content\/uploads\/2023\/05\/Essentials-of-CFDs_Body-Image-2_-What-can-you-trade-with-CFDs_.png\" alt=\"\" class=\"wp-image-595094 wp-image-desktop\" srcset=\"https:\/\/www.etoro.com\/wp-content\/uploads\/2023\/05\/Essentials-of-CFDs_Body-Image-2_-What-can-you-trade-with-CFDs_.png 756w, https:\/\/www.etoro.com\/wp-content\/uploads\/2023\/05\/Essentials-of-CFDs_Body-Image-2_-What-can-you-trade-with-CFDs_-300x159.png 300w\" sizes=\"(max-width: 756px) 100vw, 756px\" \/><\/figure>\n\n\n\n<p>Prezzo di apertura: 162,50$<\/p>\n\n\n\n<p>Prezzo di chiusura: 170,10$<\/p>\n\n\n\n<p>Differenza: -7,60$<\/p>\n\n\n\n<p>Supponiamo che tu abbia mantenuto la posizione per dieci giorni, avremo:<\/p>\n\n\n\n<p><strong>Perdita di trading:<\/strong> 7,60$\/azione x 20 azioni = 152$<\/p>\n\n\n\n<p><strong>Costo del finanziamento:<\/strong> 6$<\/p>\n\n\n\n<p><strong>Perdita complessiva:<\/strong> 158$<\/p>\n\n\n\n<h2 class=\"wp-block-heading\">Cosa puoi negoziare con i CFD?<\/h2>\n\n\n\n<p>I CFD sono spesso utilizzati per negoziare i prezzi delle azioni, tuttavia, puoi <strong>fare trading di CFD su un&#8217;ampia selezione di mercati<\/strong>, tra cui:<\/p>\n\n\n\n<ul class=\"wp-block-list wp-block-list wp-block-list-circle\">\n<li>Forex, come EURUSD, GBPUSD e USDJPY.<\/li>\n\n\n\n<li>Livelli degli indici azionari, come UK100, DJ30 e NASDAQ 100.<\/li>\n\n\n\n<li>Prezzi delle materie prime, come petrolio, oro e gas naturale.<\/li>\n\n\n\n<li>ETF, come SPDR e QQQ.<\/li>\n\n\n\n<li>Cryptoasset.<\/li>\n<\/ul>\n\n\n\n<h2 class=\"wp-block-heading\">Vantaggi e svantaggi del trading di CFD<\/h2>\n\n\n\n<p>I CFD presentano una serie di caratteristiche, tra cui:<\/p>\n\n\n\n<figure class=\"wp-block-image size-full\"><img loading=\"lazy\" decoding=\"async\" width=\"756\" height=\"400\" src=\"https:\/\/www.etoro.com\/wp-content\/uploads\/2023\/05\/Essentials-of-CFDs_Body-Image-3_-Advantages-of-CFD-Trading.png\" alt=\"\" class=\"wp-image-595115 wp-image-desktop\" srcset=\"https:\/\/www.etoro.com\/wp-content\/uploads\/2023\/05\/Essentials-of-CFDs_Body-Image-3_-Advantages-of-CFD-Trading.png 756w, https:\/\/www.etoro.com\/wp-content\/uploads\/2023\/05\/Essentials-of-CFDs_Body-Image-3_-Advantages-of-CFD-Trading-300x159.png 300w\" sizes=\"(max-width: 756px) 100vw, 756px\" \/><\/figure>\n\n\n\n<h3 class=\"wp-block-heading\">Esenti da bollo<\/h3>\n\n\n\n<p>Nel Regno Unito, i CFD sono esenti dall\u2019imposta di bollo o Stamp Duty Reserve Tax (SDRT)*.<\/p>\n\n\n\n<h3 class=\"wp-block-heading\">Possibilit\u00e0 di andare short e long<\/h3>\n\n\n\n<p>I CFD consentono di approfittare di un mercato ribassista andando short.<\/p>\n\n\n\n<h3 class=\"wp-block-heading\">Conto unico<\/h3>\n\n\n\n<p>Puoi fare trading di CFD su un&#8217;ampia selezione di mercati tramite un unico account.<\/p>\n\n\n\n<h3 class=\"wp-block-heading\">Leva<\/h3>\n\n\n\n<p>Facendo trading di CFD con <a href=\"https:\/\/www.etoro.com\/it\/trading\/leverage-margin\/\">leva finanziaria<\/a> puoi gestire una posizione maggiore rispetto alla somma che depositi come margine. In caso di movimento dei mercati contrario alle aspettative del trader, la leva pu\u00f2 causareanche una perdita amplificata.<\/p>\n\n\n\n<h3 class=\"wp-block-heading\">Copertura<\/h3>\n\n\n\n<p>I CFD possono essere usati per <a href=\"https:\/\/www.etoro.com\/it\/investing\/risk-management\/\">coprire una posizione<\/a>. Se, ad esempio, possiedi delle azioni e temi un ribasso, puoi andare short con un CFD. In questo modo, puoi ridurre temporaneamente la tua esposizione alle diminuzioni di valore.<\/p>\n\n\n\n<h2 class=\"wp-block-heading\">Riepilogo<\/h2>\n\n\n\n<p>I CFD permettono di avere un&#8217;esposizione a una variet\u00e0 di mercati tra cui azioni, indici, valute e materie prime. Grazie alla leva e alla possibilit\u00e0 di <e-tip data-tooltip=\"\u00c8 detta \u201cshort\u201d qualsiasi operazione in cui un trader trae profitto se l\\'asset o il titolo scende di prezzo.\">andare short<\/e-tip>,\u00a0 rappresentano un&#8217;alternativa alle tradizionali forme di investimento.<\/p>\n\n\n\n<p>Questo articolo \u00e8 il primo di cinque dedicati al trading. Il secondo \u00e8: \u201cUtilizzo degli ordini per migliorare il tuo trading\u201d.[WU1]&nbsp;<\/p>\n\n\n\n<p>Vuoi provare i CFD senza rischiare soldi? Il conto demo di eToro consente di <a href=\"https:\/\/www.etoro.com\/it\/trading\/demo-account\/\">esercitarti nel trading di CFD<\/a> utilizzando fondi virtuali.<\/p>\n\n\n\n<h2 class=\"wp-block-heading\">Quiz<\/h2>\n\n\n\n<div class=\"wp-block-etoro-quizzes\">\n<div class=\"wp-block-etoro-quiz\" data-answer=\"2\"><div class=\"wp-block-etoro-quiz-body\"><div class=\"wp-block-etoro-quiz-question\">Acquisti 10 azioni di Netflix a un prezzo di 300 $ per azione per un valore sottostante dell&#8217;asset di 3.000 $. Scegli di operare con una leva finanziaria di 5x. Qual \u00e8 il requisito di margine per questa posizione?<span id=\"docs-internal-guid-4a9a4c9c-7fff-0467-88d1-e94e6e1b101b\"><span style=\"font-size: 10pt; font-family: Arial, sans-serif; color: rgb(0, 0, 0); background-color: transparent; font-variant-numeric: normal; font-variant-east-asian: normal; vertical-align: baseline;\"><\/span><\/span><\/div>\n<div class=\"wp-block-etoro-quiz-item\">200 $<\/div>\n\n\n\n<div class=\"wp-block-etoro-quiz-item\">300 $<\/div>\n\n\n\n<div class=\"wp-block-etoro-quiz-item\">600 $<\/div>\n\n\n\n<div class=\"wp-block-etoro-quiz-item\">1500 $<\/div>\n<\/div><div class=\"wp-block-etoro-quiz-result\">\u00a0<\/div><\/div>\n<\/div>\n\n\n\n<h2 class=\"wp-block-heading\">FAQ<\/h2>\n\n\n\n<dl class=\"wp-block-etoro-faq\">\n<div class=\"wp-block-etoro-faq-item\"><dt class=\"wp-block-etoro-faq-item-question\">Cos\u2019\u00e8 il sottostante per un CFD?<\/dt><dd class=\"wp-block-etoro-faq-item-answer\">\n<p>Il sottostante \u00e8 l\u2019attivit\u00e0 finanziaria su cui si basa il CFD. Per esempio, l\u2019indice S&amp;P 500 \u00e8 il sottostante del <a href=\"https:\/\/www.etoro.com\/it\/markets\/spx500\">SPX500<\/a>.<\/p>\n<\/dd><\/div>\n\n\n\n<div class=\"wp-block-etoro-faq-item\"><dt class=\"wp-block-etoro-faq-item-question\">Cosa succede con un dividendo se acquisto un CFD azionario?<\/dt><dd class=\"wp-block-etoro-faq-item-answer\">\n<p>Se un&#8217;azione paga un <a href=\"https:\/\/www.etoro.com\/it\/stocks\/what-are-dividends\/\">dividendo<\/a>, il valore verr\u00e0 accreditato sul tuo conto se rimani long sul CFD azionario oltre la data di stacco della cedola.<\/p>\n<\/dd><\/div>\n\n\n\n<div class=\"wp-block-etoro-faq-item\"><dt class=\"wp-block-etoro-faq-item-question\">Cosa succede con un dividendo se mantengo una posizione short su CFD?<\/dt><dd class=\"wp-block-etoro-faq-item-answer\">\n<p>Nel caso tu abbia una <a href=\"https:\/\/help.etoro.com\/s\/article\/what-is-a-sell-position?language=it\">posizione short<\/a> su un CFD azionario, il valore del dividendo verr\u00e0 addebitato sul tuo conto se mantieni la posizione oltre la data di stacco della cedola.<\/p>\n<\/dd><\/div>\n<\/dl>\n\n\n\n\t\t<style>\n\t\t\t.rtl .etoro-block-shortcode-disclaimer {\n\t\t\t\ttext-align:right;\n\t\t\t}\n\t\t\t.etoro-block-shortcode-disclaimer {\n\t\t\t\tmargin-bottom:18px;\n\t\t\t\ttext-align:left;\n\t\t\t}\n\t\t\t.etoro-block-shortcode-disclaimer p{\n\t\t\t\tfont-size: 12px;\n\t\t\t\tline-height: 18px;\n\t\t\t}\n\t\t\t@media (min-width: 768px) {\n\t\t\t\t.etoro-block-shortcode-disclaimer {\n\t\t\t\t\tmax-width:1176px;\n\t\t\t\t\ttext-align:center;\n\t\t\t\t}\n\t\t\t\t.etoro-block-shortcode-disclaimer p {\n\t\t\t\t\tfont-size: 14px;\n\t\t\t\t\tline-height: 20px;\n\t\t\t\t}\n\t\t\t}\n\t\t<\/style>\n\t\t<div class='etoro-block-shortcode-disclaimer'><p>Le presenti informazioni vengono fornite al solo scopo educativo e non rappresentano consigli d\u2019investimento o suggerimenti personali. Tali informazioni non devono quindi essere interpretate come offerte o solleciti di compravendita di strumenti finanziari.<\/p>\n<p>Il materiale \u00e8 stato preparato senza tener conto di precisi obiettivi d\u2019investimento o specifiche situazioni finanziarie e non soddisfa pertanto i criteri legali e legislativi previsti per la promozione di ricerche indipendenti.<\/p>\n<p><strong>Non tutti gli strumenti finanziari e i servizi cui viene fatto riferimento sono offerti da eToro<\/strong> e qualsiasi riferimento alle prestazioni passate di uno specifico strumento, indice o prodotto d\u2019investimento preassemblato non rappresenta n\u00e9 deve essere interpretato come un indicatore affidabile di possibili prestazioni future. <strong>La disponibilit\u00e0 di tutti i prodotti e servizi sopra menzionati pu\u00f2 variare a seconda della giurisdizione e del Paese.<\/strong><\/p>\n<p>eToro non offre alcuna garanzia n\u00e9 si assume la responsabilit\u00e0 in merito all\u2019accuratezza o alla completezza del contenuto esposto nella presente guida. Il lettore deve garantire di aver compreso appieno i rischi comportati dal trading prima di impegnare capitale. Si sconsiglia di mettere a rischio pi\u00f9 denaro di quanto non se ne possa perdere.<\/p>\n<\/div>\n","protected":false},"excerpt":{"rendered":"<p>Cosa sono i CFD e come possono essere integrati in un portafoglio d\u2019investimenti? In questo articolo spiegheremo gli elementi essenziali del trading di CFD e vedremo come negoziarli. I CFD consentono di negoziare un\u2019ampia gamma di asset finanziari. Vediamo come utilizzarli senza sovraesporsi.&nbsp; Definizione di CFD Un CFD, acronimo di \u201cContract for Difference\u201d, \u00e8 uno&hellip;<\/p>\n","protected":false},"author":101,"featured_media":626888,"parent":18387,"menu_order":0,"comment_status":"closed","ping_status":"closed","template":"","meta":{"_acf_changed":false,"inline_featured_image":false,"sticky_cta_settings":"","footnotes":""},"asset_type":[6601],"class_list":["post-619772","page","type-page","status-publish","has-post-thumbnail","hentry","asset_type-is-cfd"],"acf":[],"yoast_head":"<title>Basi dei CFD | Cos\u2019\u00e8 il CFD trading | eToro<\/title>\n<meta name=\"description\" content=\"Vuoi sapere cos\u2019\u00e8 e come funziona il CFD trading? In questa guida capirai come negoziare una variet\u00e0 di asset finanziari tramite CFD.\" \/>\n<meta name=\"robots\" content=\"index, follow, max-snippet:-1, max-image-preview:large, max-video-preview:-1\" \/>\n<link rel=\"canonical\" href=\"https:\/\/www.etoro.com\/it\/wp-json\/wp\/v2\/pages\/619772\" \/>\n<meta property=\"og:locale\" content=\"it_IT\" \/>\n<meta property=\"og:type\" content=\"article\" \/>\n<meta property=\"og:title\" content=\"Basi dei CFD | Cos\u2019\u00e8 il CFD trading | eToro\" \/>\n<meta property=\"og:description\" content=\"Vuoi sapere cos\u2019\u00e8 e come funziona il CFD trading? In questa guida capirai come negoziare una variet\u00e0 di asset finanziari tramite CFD.\" \/>\n<meta property=\"og:url\" content=\"https:\/\/www.etoro.com\/it\/wp-json\/wp\/v2\/pages\/619772\" \/>\n<meta property=\"og:site_name\" content=\"eToro\" \/>\n<meta property=\"article:publisher\" content=\"https:\/\/www.facebook.com\/eToro\/\" \/>\n<meta property=\"article:modified_time\" content=\"2026-04-27T08:15:41+00:00\" \/>\n<meta property=\"og:image\" content=\"https:\/\/www.etoro.com\/wp-content\/uploads\/2023\/06\/Socials-IT.png\" \/>\n\t<meta property=\"og:image:width\" content=\"1200\" \/>\n\t<meta property=\"og:image:height\" content=\"630\" \/>\n\t<meta property=\"og:image:type\" content=\"image\/png\" \/>\n<meta name=\"twitter:card\" content=\"summary_large_image\" \/>\n<meta name=\"twitter:site\" content=\"@eToro\" \/>\n<meta name=\"twitter:label1\" content=\"Est. reading time\" \/>\n\t<meta name=\"twitter:data1\" content=\"5 minutes\" \/>\n<script type=\"application\/ld+json\" class=\"yoast-schema-graph\">{\"@context\":\"https:\/\/schema.org\",\"@graph\":[{\"@type\":\"WebPage\",\"@id\":\"https:\/\/www.etoro.com\/it\/trading\/essentials-of-trading\/\",\"url\":\"https:\/\/www.etoro.com\/it\/trading\/essentials-of-trading\/\",\"name\":\"Basi dei CFD | Cos\u2019\u00e8 il CFD trading | eToro\",\"isPartOf\":{\"@id\":\"https:\/\/www.etoro.com\/it\/#website\"},\"primaryImageOfPage\":{\"@id\":\"https:\/\/www.etoro.com\/it\/trading\/essentials-of-trading\/#primaryimage\"},\"image\":{\"@id\":\"https:\/\/www.etoro.com\/it\/trading\/essentials-of-trading\/#primaryimage\"},\"thumbnailUrl\":\"https:\/\/www.etoro.com\/wp-content\/uploads\/2023\/06\/Socials-IT.png\",\"datePublished\":\"2023-05-10T15:33:53+00:00\",\"dateModified\":\"2026-04-27T08:15:41+00:00\",\"description\":\"Vuoi sapere cos\u2019\u00e8 e come funziona il CFD trading? In questa guida capirai come negoziare una variet\u00e0 di asset finanziari tramite CFD.\",\"breadcrumb\":{\"@id\":\"https:\/\/www.etoro.com\/it\/trading\/essentials-of-trading\/#breadcrumb\"},\"inLanguage\":\"it\",\"potentialAction\":[{\"@type\":\"ReadAction\",\"target\":[\"https:\/\/www.etoro.com\/it\/trading\/essentials-of-trading\/\"]}]},{\"@type\":\"ImageObject\",\"inLanguage\":\"it\",\"@id\":\"https:\/\/www.etoro.com\/it\/trading\/essentials-of-trading\/#primaryimage\",\"url\":\"https:\/\/www.etoro.com\/wp-content\/uploads\/2023\/06\/Socials-IT.png\",\"contentUrl\":\"https:\/\/www.etoro.com\/wp-content\/uploads\/2023\/06\/Socials-IT.png\",\"width\":1200,\"height\":630,\"caption\":\"Essentials of CFDs\"},{\"@type\":\"BreadcrumbList\",\"@id\":\"https:\/\/www.etoro.com\/it\/trading\/essentials-of-trading\/#breadcrumb\",\"itemListElement\":[{\"@type\":\"ListItem\",\"position\":1,\"name\":\"Home\",\"item\":\"https:\/\/www.etoro.com\/it\/\"},{\"@type\":\"ListItem\",\"position\":2,\"name\":\"TRADING\",\"item\":\"https:\/\/www.etoro.com\/it\/trading\/\"},{\"@type\":\"ListItem\",\"position\":3,\"name\":\"Guida base ai CFD\"}]},{\"@type\":\"WebSite\",\"@id\":\"https:\/\/www.etoro.com\/it\/#website\",\"url\":\"https:\/\/www.etoro.com\/it\/\",\"name\":\"eToro\",\"description\":\"\",\"publisher\":{\"@id\":\"https:\/\/www.etoro.com\/it\/#organization\"},\"potentialAction\":[{\"@type\":\"SearchAction\",\"target\":{\"@type\":\"EntryPoint\",\"urlTemplate\":\"https:\/\/www.etoro.com\/it\/?s={search_term_string}\"},\"query-input\":{\"@type\":\"PropertyValueSpecification\",\"valueRequired\":true,\"valueName\":\"search_term_string\"}}],\"inLanguage\":\"it\"},[]]}<\/script>","yoast_head_json":{"title":"Basi dei CFD | Cos\u2019\u00e8 il CFD trading | eToro","description":"Vuoi sapere cos\u2019\u00e8 e come funziona il CFD trading? In questa guida capirai come negoziare una variet\u00e0 di asset finanziari tramite CFD.","robots":{"index":"index","follow":"follow","max-snippet":"max-snippet:-1","max-image-preview":"max-image-preview:large","max-video-preview":"max-video-preview:-1"},"canonical":"https:\/\/www.etoro.com\/it\/wp-json\/wp\/v2\/pages\/619772","og_locale":"it_IT","og_type":"article","og_title":"Basi dei CFD | Cos\u2019\u00e8 il CFD trading | eToro","og_description":"Vuoi sapere cos\u2019\u00e8 e come funziona il CFD trading? In questa guida capirai come negoziare una variet\u00e0 di asset finanziari tramite CFD.","og_url":"https:\/\/www.etoro.com\/it\/wp-json\/wp\/v2\/pages\/619772","og_site_name":"eToro","article_publisher":"https:\/\/www.facebook.com\/eToro\/","article_modified_time":"2026-04-27T08:15:41+00:00","og_image":[{"width":1200,"height":630,"url":"https:\/\/www.etoro.com\/wp-content\/uploads\/2023\/06\/Socials-IT.png","type":"image\/png"}],"twitter_card":"summary_large_image","twitter_site":"@eToro","twitter_misc":{"Est. reading time":"5 minutes"},"schema":{"@context":"https:\/\/schema.org","@graph":[{"@type":"WebPage","@id":"https:\/\/www.etoro.com\/it\/trading\/essentials-of-trading\/","url":"https:\/\/www.etoro.com\/it\/trading\/essentials-of-trading\/","name":"Basi dei CFD | Cos\u2019\u00e8 il CFD trading | eToro","isPartOf":{"@id":"https:\/\/www.etoro.com\/it\/#website"},"primaryImageOfPage":{"@id":"https:\/\/www.etoro.com\/it\/trading\/essentials-of-trading\/#primaryimage"},"image":{"@id":"https:\/\/www.etoro.com\/it\/trading\/essentials-of-trading\/#primaryimage"},"thumbnailUrl":"https:\/\/www.etoro.com\/wp-content\/uploads\/2023\/06\/Socials-IT.png","datePublished":"2023-05-10T15:33:53+00:00","dateModified":"2026-04-27T08:15:41+00:00","description":"Vuoi sapere cos\u2019\u00e8 e come funziona il CFD trading? In questa guida capirai come negoziare una variet\u00e0 di asset finanziari tramite CFD.","breadcrumb":{"@id":"https:\/\/www.etoro.com\/it\/trading\/essentials-of-trading\/#breadcrumb"},"inLanguage":"it","potentialAction":[{"@type":"ReadAction","target":["https:\/\/www.etoro.com\/it\/trading\/essentials-of-trading\/"]}]},{"@type":"ImageObject","inLanguage":"it","@id":"https:\/\/www.etoro.com\/it\/trading\/essentials-of-trading\/#primaryimage","url":"https:\/\/www.etoro.com\/wp-content\/uploads\/2023\/06\/Socials-IT.png","contentUrl":"https:\/\/www.etoro.com\/wp-content\/uploads\/2023\/06\/Socials-IT.png","width":1200,"height":630,"caption":"Essentials of CFDs"},{"@type":"BreadcrumbList","@id":"https:\/\/www.etoro.com\/it\/trading\/essentials-of-trading\/#breadcrumb","itemListElement":[{"@type":"ListItem","position":1,"name":"Home","item":"https:\/\/www.etoro.com\/it\/"},{"@type":"ListItem","position":2,"name":"TRADING","item":"https:\/\/www.etoro.com\/it\/trading\/"},{"@type":"ListItem","position":3,"name":"Guida base ai CFD"}]},{"@type":"WebSite","@id":"https:\/\/www.etoro.com\/it\/#website","url":"https:\/\/www.etoro.com\/it\/","name":"eToro","description":"","publisher":{"@id":"https:\/\/www.etoro.com\/it\/#organization"},"potentialAction":[{"@type":"SearchAction","target":{"@type":"EntryPoint","urlTemplate":"https:\/\/www.etoro.com\/it\/?s={search_term_string}"},"query-input":{"@type":"PropertyValueSpecification","valueRequired":true,"valueName":"search_term_string"}}],"inLanguage":"it"},[]]}},"_links":{"self":[{"href":"https:\/\/www.etoro.com\/it\/wp-json\/wp\/v2\/pages\/619772"}],"collection":[{"href":"https:\/\/www.etoro.com\/it\/wp-json\/wp\/v2\/pages"}],"about":[{"href":"https:\/\/www.etoro.com\/it\/wp-json\/wp\/v2\/types\/page"}],"author":[{"embeddable":true,"href":"https:\/\/www.etoro.com\/it\/wp-json\/wp\/v2\/users\/101"}],"replies":[{"embeddable":true,"href":"https:\/\/www.etoro.com\/it\/wp-json\/wp\/v2\/comments?post=619772"}],"version-history":[{"count":0,"href":"https:\/\/www.etoro.com\/it\/wp-json\/wp\/v2\/pages\/619772\/revisions"}],"up":[{"embeddable":true,"href":"https:\/\/www.etoro.com\/it\/wp-json\/wp\/v2\/pages\/18387"}],"wp:featuredmedia":[{"embeddable":true,"href":"https:\/\/www.etoro.com\/it\/wp-json\/wp\/v2\/media\/626888"}],"wp:attachment":[{"href":"https:\/\/www.etoro.com\/it\/wp-json\/wp\/v2\/media?parent=619772"}],"wp:term":[{"taxonomy":"asset_type","embeddable":true,"href":"https:\/\/www.etoro.com\/it\/wp-json\/wp\/v2\/asset_type?post=619772"}],"curies":[{"name":"wp","href":"https:\/\/api.w.org\/{rel}","templated":true}]}}