{"id":648802,"date":"2023-06-14T10:45:54","date_gmt":"2023-06-14T07:45:54","guid":{"rendered":"https:\/\/www.etoro.com\/crypto\/wallet-fees\/"},"modified":"2026-04-06T11:39:24","modified_gmt":"2026-04-06T08:39:24","slug":"fees","status":"publish","type":"page","link":"https:\/\/www.etoro.com\/it\/crypto\/wallet\/fees\/","title":{"rendered":"Wallet fees"},"content":{"rendered":"\n<section class=\"wp-block-group wp-block-group-boxed\"><div class=\"wp-block-group-inner is-layout-flow wp-block-group-is-layout-flow\">\n<div class=\"wp-block-columns are-vertically-aligned-top wp-block-columns-1 is-layout-flex wp-container-core-columns-is-layout-1 wp-block-columns-is-layout-flex\">\n<div class=\"wp-block-column is-layout-flow wp-block-column-is-layout-flow\">\n<h3 class=\"wp-block-heading\"><strong>Commissioni per transazioni di invio\/ricezione<\/strong><\/h3>\n\n\n\n<p>Quando trasferisci i tuoi criptoasset al tuo Crypto Wallet eToro, viene applicata una commissione.<\/p>\n\n\n\n<ul class=\"wp-block-list wp-block-list wp-block-list-circle\">\n<li>Se trasferisci criptoasset dalla piattaforma eToro, viene applicata una commissione del 2%.<\/li>\n\n\n\n<li>Se trasferisci criptoasset da o verso una fonte esterna, eToro non ti addebita alcun costo. L&#8217;unica commissione applicata \u00e8 la commissione della blockchain. <\/li>\n<\/ul>\n\n\n\n<p>Nota: la commissione ha un limite minimo\/massimo; scopri i dettagli <a href=\"https:\/\/www.etoro.com\/it\/crypto\/coin-transfer\/\">qui<\/a>.<\/p>\n\n\n\n<h3 class=\"wp-block-heading\"><strong>Limiti alle transazioni di invio<\/strong><\/h3>\n\n\n\n<p>Le transazioni per tutti i cripto-asset supportati hanno un limite massimo consentito di 50.000 $ per transazione, e un limite massimo giornaliero complessivo di 200.000 $.<\/p>\n\n\n\n<h3 class=\"wp-block-heading\"><strong>Vendi criptovalute in GBP\/EUR\/AUD<\/strong><\/h3>\n\n\n\n<p>Quando vendi criptovalute per GBP, EUR, AUD o USD su eToro Crypto Wallet, viene applicata una commissione.<\/p>\n\n\n\n<p>Ti verr\u00e0 mostrata una commissione stimata prima di completare la vendita.<\/p>\n\n\n\n<p>Sconto Club:<\/p>\n\n\n\n<figure class=\"wp-block-table\"><div class=\"wp-block-table-content\"><div class=\"wp-block-table-content-nav wp-block-table-content-nav-left\"><div class=\"wp-block-table-content-nav-arrow wp-block-table-content-nav-arrow-left\"><\/div><\/div><div class=\"wp-block-table-content-nav wp-block-table-content-nav-right\"><div class=\"wp-block-table-content-nav-arrow wp-block-table-content-nav-arrow-right\"><\/div><\/div><div class=\"wp-block-table-content-table\"><table class=\"has-fixed-layout\"><thead><tr><th class=\"has-text-align-center\" data-align=\"center\"><strong>Silver<\/strong><\/th><th class=\"has-text-align-center\" data-align=\"center\"><strong>Gold &amp; Platinum<\/strong><\/th><th class=\"has-text-align-center\" data-align=\"center\"><strong>Platinum+ &amp; Diamond<\/strong><\/th><\/tr><\/thead><tbody><tr><td class=\"has-text-align-center\" data-align=\"center\">1%<\/td><td class=\"has-text-align-center\" data-align=\"center\">sconto del 20% (0.8%)<\/td><td class=\"has-text-align-center\" data-align=\"center\">sconto del 40% (0.6%)<\/td><\/tr><\/tbody><\/table><\/div><\/div><\/figure>\n\n\n\n<p><a href=\"https:\/\/www.etoro.com\/it\/trading\/fees\/\">Pagina delle commissioni di eToro<\/a><\/p>\n\n\n\n<h3 class=\"wp-block-heading\"><strong>Transazioni Ethereum ed ERC20<\/strong><\/h3>\n\n\n\n<p>Al fine di tutelare i tuoi asset, il Crypto wallet eToro implementa una soluzione multi-sig che fa leva su contratti smart per agevolare le transazioni sulla rete Ethereum. Ma non tutti i provider di wallet e gli exchange supportano l&#8217;invio e la ricezione attraverso contratti smart. Assicurati che il provider di indirizzi in ricezione supporti le transazioni ETH ed ERC20 inviate da indirizzi multi-signature. In caso di problemi, occorre contattare il provider del beneficiario.<\/p>\n\n\n\n<h3 class=\"wp-block-heading\"><strong>Creazione wallet XRP<\/strong><\/h3>\n\n\n\n<p>Attualmente, l&#8217;apertura di un wallet XRP \u00e8 consentita nell&#8217;ambito del processo di trasferimento delle monete, e non sono previste tariffe per la creazione di un wallet XRP.<\/p>\n\n\n\n<h3 class=\"wp-block-heading\"><strong>Creazione wallet XLM<\/strong><\/h3>\n\n\n\n<p>La blockchain Stellar richiede un deposito minimo non spendibile di 2,5 XLM per l&#8217;attivazione di un wallet XLM. Una volta effettuato il deposito, il wallet viene attivato e sar\u00e0 possibile visualizzarlo sulla blockchain Stellar.<\/p>\n\n\n\n<h3 class=\"wp-block-heading\"><strong>Creazione wallet ETH<\/strong><\/h3>\n\n\n\n<p>Attualmente, l&#8217;apertura di un wallet ETH \u00e8 consentita nell&#8217;ambito del processo di trasferimento delle monete, e non sono previste tariffe per la creazione di un wallet ETH. I token ERC20 sono supportati per gli utenti che sono gi\u00e0 titolari di questi wallet.<\/p>\n\n\n\n<p>Al momento non sono disponibili nuovi wallet ERC20.<\/p>\n\n\n\n<p>Consulta i Termini e condizioni del wallet <a class=\"link\" href=\"https:\/\/www.etoro.com\/customer-service\/terms-conditions\/#etoro-money:~:text=eToro%20Money%20crypto%20wallet\">qui<\/a>.<\/p>\n\n\n\n<p>Il wallet \u00e8 fornito da eToroX Limited (&#8220;eToroX&#8221;), una societ\u00e0 a responsabilit\u00e0 limitata costituita a Gibilterra con numero 116348 e con sede legale in 57\/63 Line Wall Road, Gibilterra. eToroX \u00e8 un fornitore DLT regolamentato, autorizzato dalla Gibraltar Financial Services Commission ai sensi dell&#8217;Investments and Financial Fiduciary Services Act con numero di licenza FSC1333B.<\/p>\n<\/div>\n<\/div>\n<\/div><\/section>\n","protected":false},"excerpt":{"rendered":"<p>Commissioni per transazioni di invio\/ricezione Quando trasferisci i tuoi criptoasset al tuo Crypto Wallet eToro, viene applicata una commissione. Nota: la commissione ha un limite minimo\/massimo; scopri i dettagli qui. Limiti alle transazioni di invio Le transazioni per tutti i cripto-asset supportati hanno un limite massimo consentito di 50.000 $ per transazione, e un limite&hellip;<\/p>\n","protected":false},"author":75,"featured_media":623882,"parent":128173,"menu_order":0,"comment_status":"closed","ping_status":"closed","template":"","meta":{"_acf_changed":false,"inline_featured_image":false,"sticky_cta_settings":"","footnotes":""},"asset_type":[],"class_list":["post-648802","page","type-page","status-publish","has-post-thumbnail","hentry"],"acf":[],"yoast_head":"<title>Commissioni Cripto-Wallet eToro<\/title>\n<meta name=\"description\" content=\"Una descrizione esaustiva delle commissioni del cripto-wallet di eToro, che spiega conversioni, limiti di invio e creazione di wallet generali\/specifici.\" \/>\n<meta name=\"robots\" content=\"index, follow, max-snippet:-1, max-image-preview:large, max-video-preview:-1\" \/>\n<link rel=\"canonical\" href=\"https:\/\/www.etoro.com\/it\/wp-json\/wp\/v2\/pages\/648802\" \/>\n<meta property=\"og:locale\" content=\"it_IT\" \/>\n<meta property=\"og:type\" content=\"article\" \/>\n<meta property=\"og:title\" content=\"Commissioni Cripto-Wallet eToro\" \/>\n<meta property=\"og:description\" content=\"Una descrizione esaustiva delle commissioni del cripto-wallet di eToro, che spiega conversioni, limiti di invio e creazione di wallet generali\/specifici.\" \/>\n<meta property=\"og:url\" content=\"https:\/\/www.etoro.com\/it\/wp-json\/wp\/v2\/pages\/648802\" \/>\n<meta property=\"og:site_name\" content=\"eToro\" \/>\n<meta property=\"article:publisher\" content=\"https:\/\/www.facebook.com\/eToro\/\" \/>\n<meta property=\"article:modified_time\" content=\"2026-04-06T08:39:24+00:00\" \/>\n<meta property=\"og:image\" content=\"https:\/\/www.etoro.com\/wp-content\/uploads\/2023\/06\/Wallet-fees.jpg\" \/>\n\t<meta property=\"og:image:width\" content=\"1200\" \/>\n\t<meta property=\"og:image:height\" content=\"630\" \/>\n\t<meta property=\"og:image:type\" content=\"image\/jpeg\" \/>\n<meta name=\"twitter:card\" content=\"summary_large_image\" \/>\n<meta name=\"twitter:site\" content=\"@eToro\" \/>\n<meta name=\"twitter:label1\" content=\"Est. reading time\" \/>\n\t<meta name=\"twitter:data1\" content=\"2 minutes\" \/>\n<script type=\"application\/ld+json\" class=\"yoast-schema-graph\">{\"@context\":\"https:\/\/schema.org\",\"@graph\":[{\"@type\":\"WebPage\",\"@id\":\"https:\/\/www.etoro.com\/it\/crypto\/wallet\/fees\/\",\"url\":\"https:\/\/www.etoro.com\/it\/crypto\/wallet\/fees\/\",\"name\":\"Commissioni Cripto-Wallet eToro\",\"isPartOf\":{\"@id\":\"https:\/\/www.etoro.com\/it\/#website\"},\"primaryImageOfPage\":{\"@id\":\"https:\/\/www.etoro.com\/it\/crypto\/wallet\/fees\/#primaryimage\"},\"image\":{\"@id\":\"https:\/\/www.etoro.com\/it\/crypto\/wallet\/fees\/#primaryimage\"},\"thumbnailUrl\":\"https:\/\/www.etoro.com\/wp-content\/uploads\/2023\/06\/Wallet-fees.jpg\",\"datePublished\":\"2023-06-14T07:45:54+00:00\",\"dateModified\":\"2026-04-06T08:39:24+00:00\",\"description\":\"Una descrizione esaustiva delle commissioni del cripto-wallet di eToro, che spiega conversioni, limiti di invio e creazione di wallet generali\/specifici.\",\"breadcrumb\":{\"@id\":\"https:\/\/www.etoro.com\/it\/crypto\/wallet\/fees\/#breadcrumb\"},\"inLanguage\":\"it\",\"potentialAction\":[{\"@type\":\"ReadAction\",\"target\":[\"https:\/\/www.etoro.com\/it\/crypto\/wallet\/fees\/\"]}]},{\"@type\":\"ImageObject\",\"inLanguage\":\"it\",\"@id\":\"https:\/\/www.etoro.com\/it\/crypto\/wallet\/fees\/#primaryimage\",\"url\":\"https:\/\/www.etoro.com\/wp-content\/uploads\/2023\/06\/Wallet-fees.jpg\",\"contentUrl\":\"https:\/\/www.etoro.com\/wp-content\/uploads\/2023\/06\/Wallet-fees.jpg\",\"width\":1200,\"height\":630,\"caption\":\"Wallet Fees\"},{\"@type\":\"BreadcrumbList\",\"@id\":\"https:\/\/www.etoro.com\/it\/crypto\/wallet\/fees\/#breadcrumb\",\"itemListElement\":[{\"@type\":\"ListItem\",\"position\":1,\"name\":\"Home\",\"item\":\"https:\/\/www.etoro.com\/it\/\"},{\"@type\":\"ListItem\",\"position\":2,\"name\":\"One-stop crypto\",\"item\":\"https:\/\/www.etoro.com\/it\/crypto\/\"},{\"@type\":\"ListItem\",\"position\":3,\"name\":\"Wallet\",\"item\":\"https:\/\/www.etoro.com\/it\/crypto\/wallet\/\"},{\"@type\":\"ListItem\",\"position\":4,\"name\":\"Wallet fees\"}]},{\"@type\":\"WebSite\",\"@id\":\"https:\/\/www.etoro.com\/it\/#website\",\"url\":\"https:\/\/www.etoro.com\/it\/\",\"name\":\"eToro\",\"description\":\"\",\"publisher\":{\"@id\":\"https:\/\/www.etoro.com\/it\/#organization\"},\"potentialAction\":[{\"@type\":\"SearchAction\",\"target\":{\"@type\":\"EntryPoint\",\"urlTemplate\":\"https:\/\/www.etoro.com\/it\/?s={search_term_string}\"},\"query-input\":{\"@type\":\"PropertyValueSpecification\",\"valueRequired\":true,\"valueName\":\"search_term_string\"}}],\"inLanguage\":\"it\"},[]]}<\/script>","yoast_head_json":{"title":"Commissioni Cripto-Wallet eToro","description":"Una descrizione esaustiva delle commissioni del cripto-wallet di eToro, che spiega conversioni, limiti di invio e creazione di wallet generali\/specifici.","robots":{"index":"index","follow":"follow","max-snippet":"max-snippet:-1","max-image-preview":"max-image-preview:large","max-video-preview":"max-video-preview:-1"},"canonical":"https:\/\/www.etoro.com\/it\/wp-json\/wp\/v2\/pages\/648802","og_locale":"it_IT","og_type":"article","og_title":"Commissioni Cripto-Wallet eToro","og_description":"Una descrizione esaustiva delle commissioni del cripto-wallet di eToro, che spiega conversioni, limiti di invio e creazione di wallet generali\/specifici.","og_url":"https:\/\/www.etoro.com\/it\/wp-json\/wp\/v2\/pages\/648802","og_site_name":"eToro","article_publisher":"https:\/\/www.facebook.com\/eToro\/","article_modified_time":"2026-04-06T08:39:24+00:00","og_image":[{"width":1200,"height":630,"url":"https:\/\/www.etoro.com\/wp-content\/uploads\/2023\/06\/Wallet-fees.jpg","type":"image\/jpeg"}],"twitter_card":"summary_large_image","twitter_site":"@eToro","twitter_misc":{"Est. reading time":"2 minutes"},"schema":{"@context":"https:\/\/schema.org","@graph":[{"@type":"WebPage","@id":"https:\/\/www.etoro.com\/it\/crypto\/wallet\/fees\/","url":"https:\/\/www.etoro.com\/it\/crypto\/wallet\/fees\/","name":"Commissioni Cripto-Wallet eToro","isPartOf":{"@id":"https:\/\/www.etoro.com\/it\/#website"},"primaryImageOfPage":{"@id":"https:\/\/www.etoro.com\/it\/crypto\/wallet\/fees\/#primaryimage"},"image":{"@id":"https:\/\/www.etoro.com\/it\/crypto\/wallet\/fees\/#primaryimage"},"thumbnailUrl":"https:\/\/www.etoro.com\/wp-content\/uploads\/2023\/06\/Wallet-fees.jpg","datePublished":"2023-06-14T07:45:54+00:00","dateModified":"2026-04-06T08:39:24+00:00","description":"Una descrizione esaustiva delle commissioni del cripto-wallet di eToro, che spiega conversioni, limiti di invio e creazione di wallet generali\/specifici.","breadcrumb":{"@id":"https:\/\/www.etoro.com\/it\/crypto\/wallet\/fees\/#breadcrumb"},"inLanguage":"it","potentialAction":[{"@type":"ReadAction","target":["https:\/\/www.etoro.com\/it\/crypto\/wallet\/fees\/"]}]},{"@type":"ImageObject","inLanguage":"it","@id":"https:\/\/www.etoro.com\/it\/crypto\/wallet\/fees\/#primaryimage","url":"https:\/\/www.etoro.com\/wp-content\/uploads\/2023\/06\/Wallet-fees.jpg","contentUrl":"https:\/\/www.etoro.com\/wp-content\/uploads\/2023\/06\/Wallet-fees.jpg","width":1200,"height":630,"caption":"Wallet Fees"},{"@type":"BreadcrumbList","@id":"https:\/\/www.etoro.com\/it\/crypto\/wallet\/fees\/#breadcrumb","itemListElement":[{"@type":"ListItem","position":1,"name":"Home","item":"https:\/\/www.etoro.com\/it\/"},{"@type":"ListItem","position":2,"name":"One-stop crypto","item":"https:\/\/www.etoro.com\/it\/crypto\/"},{"@type":"ListItem","position":3,"name":"Wallet","item":"https:\/\/www.etoro.com\/it\/crypto\/wallet\/"},{"@type":"ListItem","position":4,"name":"Wallet fees"}]},{"@type":"WebSite","@id":"https:\/\/www.etoro.com\/it\/#website","url":"https:\/\/www.etoro.com\/it\/","name":"eToro","description":"","publisher":{"@id":"https:\/\/www.etoro.com\/it\/#organization"},"potentialAction":[{"@type":"SearchAction","target":{"@type":"EntryPoint","urlTemplate":"https:\/\/www.etoro.com\/it\/?s={search_term_string}"},"query-input":{"@type":"PropertyValueSpecification","valueRequired":true,"valueName":"search_term_string"}}],"inLanguage":"it"},[]]}},"_links":{"self":[{"href":"https:\/\/www.etoro.com\/it\/wp-json\/wp\/v2\/pages\/648802"}],"collection":[{"href":"https:\/\/www.etoro.com\/it\/wp-json\/wp\/v2\/pages"}],"about":[{"href":"https:\/\/www.etoro.com\/it\/wp-json\/wp\/v2\/types\/page"}],"author":[{"embeddable":true,"href":"https:\/\/www.etoro.com\/it\/wp-json\/wp\/v2\/users\/75"}],"replies":[{"embeddable":true,"href":"https:\/\/www.etoro.com\/it\/wp-json\/wp\/v2\/comments?post=648802"}],"version-history":[{"count":0,"href":"https:\/\/www.etoro.com\/it\/wp-json\/wp\/v2\/pages\/648802\/revisions"}],"up":[{"embeddable":true,"href":"https:\/\/www.etoro.com\/it\/wp-json\/wp\/v2\/pages\/128173"}],"wp:featuredmedia":[{"embeddable":true,"href":"https:\/\/www.etoro.com\/it\/wp-json\/wp\/v2\/media\/623882"}],"wp:attachment":[{"href":"https:\/\/www.etoro.com\/it\/wp-json\/wp\/v2\/media?parent=648802"}],"wp:term":[{"taxonomy":"asset_type","embeddable":true,"href":"https:\/\/www.etoro.com\/it\/wp-json\/wp\/v2\/asset_type?post=648802"}],"curies":[{"name":"wp","href":"https:\/\/api.w.org\/{rel}","templated":true}]}}