{"id":673580,"date":"2023-07-26T16:17:58","date_gmt":"2023-07-26T13:17:58","guid":{"rendered":"https:\/\/www.etoro.com\/customer-service\/trading-restriction\/"},"modified":"2023-10-19T18:01:03","modified_gmt":"2023-10-19T15:01:03","slug":"trading-restriction","status":"publish","type":"page","link":"https:\/\/www.etoro.com\/it\/customer-service\/terms-conditions\/trading-restriction\/","title":{"rendered":"Aggiornamento trading"},"content":{"rendered":"\n<section class=\"wp-block-group wp-block-group-boxed has-white-background-color has-background\"><div class=\"wp-block-group-inner is-layout-flow wp-block-group-is-layout-flow\">\n<div class=\"wp-block-columns are-vertically-aligned-top wp-block-columns-1 wp-block-columns-size-14 is-layout-flex wp-container-core-columns-is-layout-1 wp-block-columns-is-layout-flex\">\n<div class=\"wp-block-column wp-block-column-align-desktop-center wp-block-column-align-mobile-left is-layout-flow wp-block-column-is-layout-flow\">\n<h2 class=\"wp-block-heading has-text-align-center\">Restrizioni al trading di criptovalute<\/h2>\n\n\n\n<p class=\"has-text-align-center\">A causa delle potenziali perdite, la Financial Conduct Authority (FCA) ritiene che questo strumento di investimento sia ad alto rischio.<\/p>\n<\/div>\n<\/div>\n<\/div><\/section>\n\n\n\n<section class=\"wp-block-group wp-block-group-boxed\"><div class=\"wp-block-group-inner is-layout-flow wp-block-group-is-layout-flow\">\n<div class=\"wp-block-columns are-vertically-aligned-top wp-block-columns-1 wp-block-columns-size-14 is-layout-flex wp-container-core-columns-is-layout-2 wp-block-columns-is-layout-flex\">\n<div class=\"wp-block-column is-layout-flow wp-block-column-is-layout-flow\">\n<h2 class=\"wp-block-heading\">Quali sono i <strong>rischi principali?<\/strong><\/h2>\n\n\n\n<h3 class=\"wp-block-heading\">1. Potresti perdere tutto il denaro investito<\/h3>\n\n\n\n<ul class=\"wp-block-list wp-block-list-circle\">\n<li>Il rendimento della maggior parte delle criptovalute pu\u00f2 essere segnato da forte volatilit\u00e0, con repentini rialzi o cali di valore. Devi avere consapevolezza che potresti perdere tutto il denaro che investi in criptovalute.<\/li>\n\n\n\n<li>Il mercato dei cripto-asset \u00e8 in gran parte non regolamentato. \u00c8 insito il rischio di perdere il denaro o i cripto-asset acquistati, per effetto di insidie quali attacchi informatici, crimini finanziari e fallimenti di aziende.<\/li>\n<\/ul>\n<\/div>\n<\/div>\n<\/div><\/section>\n\n\n\n<section class=\"wp-block-group wp-block-group-boxed has-white-background-color has-background\"><div class=\"wp-block-group-inner is-layout-flow wp-block-group-is-layout-flow\">\n<div class=\"wp-block-columns are-vertically-aligned-top wp-block-columns-1 wp-block-columns-size-14 is-layout-flex wp-container-core-columns-is-layout-3 wp-block-columns-is-layout-flex\">\n<div class=\"wp-block-column is-layout-flow wp-block-column-is-layout-flow\">\n<h3 class=\"wp-block-heading\">2. Potresti non ricevere alcuna tutela se qualcosa non va per il verso giusto<\/h3>\n\n\n\n<ul class=\"wp-block-list wp-block-list-circle\">\n<li>Il Financial Services Compensation Scheme (FSCS) non tutela questa soluzione di investimento, in quanto non \u00e8 un &#8220;investimento previsto&#8221; dal regime normativo del Regno Unito, motivo per cui non \u00e8 riconosciuto come una tipologia che il FSCS pu\u00f2 tutelare. Per saperne di pi\u00f9, verifica quali investimenti sono tutelati dal FSCS a questo link. [<a href=\"https:\/\/www.fscs.org.uk\/check\/investment-protection-checker\" rel=\"nofollow noopener noreferrer\" >https:\/\/www.fscs.org.uk\/check\/investment-protection-checker<\/a>].<\/li>\n\n\n\n<li>Il Financial Ombudsman Service (FOS) non potr\u00e0 prendere in considerazione i reclami relativi a questa attivit\u00e0, o la tutela del Financial Ombudsman Service (FOS) non copre gli investimenti il cui esito \u00e8 negativo. Se vuoi sporgere un reclamo contro un&#8217;azienda regolamentata dalla FCA, il FOS potrebbe essere in grado di esaminarlo. Per saperne di pi\u00f9 sulla tutela garantita dal FOS, clicca qui. [<a href=\"https:\/\/www.financial-ombudsman.org.uk\/consumers\" rel=\"nofollow noopener noreferrer\" >https:\/\/www.financial-ombudsman.org.uk\/consumers<\/a>].<\/li>\n<\/ul>\n<\/div>\n<\/div>\n<\/div><\/section>\n\n\n\n<section class=\"wp-block-group wp-block-group-boxed\"><div class=\"wp-block-group-inner is-layout-flow wp-block-group-is-layout-flow\">\n<div class=\"wp-block-columns are-vertically-aligned-top wp-block-columns-1 wp-block-columns-size-14 is-layout-flex wp-container-core-columns-is-layout-4 wp-block-columns-is-layout-flex\">\n<div class=\"wp-block-column is-layout-flow wp-block-column-is-layout-flow\">\n<h3 class=\"wp-block-heading\">3. Potresti non essere in grado di cedere il tuo investimento quando lo desideri<\/h3>\n\n\n\n<ul class=\"wp-block-list wp-block-list-circle\">\n<li>Non vi \u00e8 alcuna garanzia che gli investimenti in criptovalute possano essere agevolmente ceduti in qualsiasi momento. La possibilit\u00e0 di vendere un cripto-asset dipende da diversi fattori, tra cui la domanda e l&#8217;offerta del mercato in quel dato momento.<\/li>\n\n\n\n<li>Eventuali malfunzionamenti operativi, quali disservizi sulla rete, attacchi informatici e commistioni di fondi, potrebbero dar luogo a ritardi indesiderati e potresti non essere in grado di vendere i tuoi asset in criptovalute quando meglio ritieni opportuno.<\/li>\n<\/ul>\n<\/div>\n<\/div>\n<\/div><\/section>\n\n\n\n<section class=\"wp-block-group wp-block-group-boxed has-white-background-color has-background\"><div class=\"wp-block-group-inner is-layout-flow wp-block-group-is-layout-flow\">\n<div class=\"wp-block-columns are-vertically-aligned-top wp-block-columns-1 wp-block-columns-size-14 is-layout-flex wp-container-core-columns-is-layout-5 wp-block-columns-is-layout-flex\">\n<div class=\"wp-block-column is-layout-flow wp-block-column-is-layout-flow\">\n<h3 class=\"wp-block-heading\">4. Gli investimenti in cripto-asset possono rivelarsi complessi<\/h3>\n\n\n\n<ul class=\"wp-block-list wp-block-list-circle\">\n<li>Gli investimenti in cripto-asset possono esibire un certo livello di difficolt\u00e0, il che rende difficile comprendere i rischi ad essi associati.<\/li>\n\n\n\n<li>\u00c8 opportuno condurre un&#8217;accurata due diligence prima di investire. Se qualcosa sembra troppo bello per essere vero, probabilmente lo \u00e8.<\/li>\n<\/ul>\n<\/div>\n<\/div>\n<\/div><\/section>\n\n\n\n<section class=\"wp-block-group wp-block-group-boxed\"><div class=\"wp-block-group-inner is-layout-flow wp-block-group-is-layout-flow\">\n<div class=\"wp-block-columns are-vertically-aligned-top wp-block-columns-1 wp-block-columns-size-14 is-layout-flex wp-container-core-columns-is-layout-6 wp-block-columns-is-layout-flex\">\n<div class=\"wp-block-column is-layout-flow wp-block-column-is-layout-flow\">\n<h3 class=\"wp-block-heading\">5. Non mettere tutte le tue uova nello stesso paniere<\/h3>\n\n\n\n<ul class=\"wp-block-list wp-block-list-circle\">\n<li>Puntare tutto il tuo denaro su un unico strumento di investimento \u00e8 rischioso. Ripartendo il denaro tra pi\u00f9 investimenti, si \u00e8 meno dipendenti dalla possibilit\u00e0 che uno solo di essi abbia esito positivo.<\/li>\n\n\n\n<li>\u00c8 buona norma non impegnare pi\u00f9 del 10% del denaro in investimenti ad alto rischio. <a href=\"https:\/\/www.fca.org.uk\/investsmart\/5-questions-ask-you-invest\" rel=\"nofollow noopener noreferrer\" >https:\/\/www.fca.org.uk\/investsmart\/5-questions-ask-you-invest<\/a>]<\/li>\n<\/ul>\n\n\n\n<p class=\"is-style-default\">Per ulteriori informazioni su come tutelarti, visita il sito web della FCA. [<a href=\"https:\/\/www.fca.org.uk\/investsmart\" rel=\"nofollow noopener noreferrer\" >https:\/\/www.fca.org.uk\/investsmart<\/a>]<\/p>\n\n\n\n<p class=\"is-style-default\">Per saperne di pi\u00f9 sui cripto-asset, visita il sito web della FCA. [<a href=\"https:\/\/www.fca.org.uk\/investsmart\/crypto-basics\" rel=\"nofollow noopener noreferrer\" >https:\/\/www.fca.org.uk\/investsmart\/crypto-basics<\/a>]<\/p>\n<\/div>\n<\/div>\n<\/div><\/section>\n","protected":false},"excerpt":{"rendered":"<p>Restrizioni al trading di criptovalute A causa delle potenziali perdite, la Financial Conduct Authority (FCA) ritiene che questo strumento di investimento sia ad alto rischio. Quali sono i rischi principali? 1. Potresti perdere tutto il denaro investito 2. Potresti non ricevere alcuna tutela se qualcosa non va per il verso giusto 3. Potresti non essere&hellip;<\/p>\n","protected":false},"author":119,"featured_media":673680,"parent":10767,"menu_order":0,"comment_status":"closed","ping_status":"closed","template":"","meta":{"_acf_changed":false,"inline_featured_image":false,"sticky_cta_settings":"","footnotes":""},"asset_type":[],"class_list":["post-673580","page","type-page","status-publish","has-post-thumbnail","hentry"],"acf":[],"yoast_head":"<title>Aggiornamento trading - eToro<\/title>\n<meta name=\"robots\" content=\"noindex, nofollow\" \/>\n<meta property=\"og:locale\" content=\"it_IT\" \/>\n<meta property=\"og:type\" content=\"article\" \/>\n<meta property=\"og:title\" content=\"Aggiornamento trading - eToro\" \/>\n<meta property=\"og:description\" content=\"Restrizioni al trading di criptovalute A causa delle potenziali perdite, la Financial Conduct Authority (FCA) ritiene che questo strumento di investimento sia ad alto rischio. Quali sono i rischi principali? 1. Potresti perdere tutto il denaro investito 2. Potresti non ricevere alcuna tutela se qualcosa non va per il verso giusto 3. Potresti non essere&hellip;\" \/>\n<meta property=\"og:url\" content=\"https:\/\/www.etoro.com\/it\/wp-json\/wp\/v2\/pages\/673580\" \/>\n<meta property=\"og:site_name\" content=\"eToro\" \/>\n<meta property=\"article:publisher\" content=\"https:\/\/www.facebook.com\/eToro\/\" \/>\n<meta property=\"article:modified_time\" content=\"2023-10-19T15:01:03+00:00\" \/>\n<meta property=\"og:image\" content=\"https:\/\/www.etoro.com\/wp-content\/uploads\/2023\/08\/Featured-image-1200x630-1.png\" \/>\n\t<meta property=\"og:image:width\" content=\"1200\" \/>\n\t<meta property=\"og:image:height\" content=\"630\" \/>\n\t<meta property=\"og:image:type\" content=\"image\/png\" \/>\n<meta name=\"twitter:card\" content=\"summary_large_image\" \/>\n<meta name=\"twitter:site\" content=\"@eToro\" \/>\n<meta name=\"twitter:label1\" content=\"Est. reading time\" \/>\n\t<meta name=\"twitter:data1\" content=\"2 minutes\" \/>\n<script type=\"application\/ld+json\" class=\"yoast-schema-graph\">{\"@context\":\"https:\/\/schema.org\",\"@graph\":[{\"@type\":\"WebPage\",\"@id\":\"https:\/\/www.etoro.com\/it\/customer-service\/terms-conditions\/trading-restriction\/\",\"url\":\"https:\/\/www.etoro.com\/it\/customer-service\/terms-conditions\/trading-restriction\/\",\"name\":\"Aggiornamento trading - eToro\",\"isPartOf\":{\"@id\":\"https:\/\/www.etoro.com\/it\/#website\"},\"primaryImageOfPage\":{\"@id\":\"https:\/\/www.etoro.com\/it\/customer-service\/terms-conditions\/trading-restriction\/#primaryimage\"},\"image\":{\"@id\":\"https:\/\/www.etoro.com\/it\/customer-service\/terms-conditions\/trading-restriction\/#primaryimage\"},\"thumbnailUrl\":\"https:\/\/www.etoro.com\/wp-content\/uploads\/2023\/08\/Featured-image-1200x630-1.png\",\"datePublished\":\"2023-07-26T13:17:58+00:00\",\"dateModified\":\"2023-10-19T15:01:03+00:00\",\"breadcrumb\":{\"@id\":\"https:\/\/www.etoro.com\/it\/customer-service\/terms-conditions\/trading-restriction\/#breadcrumb\"},\"inLanguage\":\"it\",\"potentialAction\":[{\"@type\":\"ReadAction\",\"target\":[\"https:\/\/www.etoro.com\/it\/customer-service\/terms-conditions\/trading-restriction\/\"]}]},{\"@type\":\"ImageObject\",\"inLanguage\":\"it\",\"@id\":\"https:\/\/www.etoro.com\/it\/customer-service\/terms-conditions\/trading-restriction\/#primaryimage\",\"url\":\"https:\/\/www.etoro.com\/wp-content\/uploads\/2023\/08\/Featured-image-1200x630-1.png\",\"contentUrl\":\"https:\/\/www.etoro.com\/wp-content\/uploads\/2023\/08\/Featured-image-1200x630-1.png\",\"width\":1200,\"height\":630,\"caption\":\"Trading Update\"},{\"@type\":\"BreadcrumbList\",\"@id\":\"https:\/\/www.etoro.com\/it\/customer-service\/terms-conditions\/trading-restriction\/#breadcrumb\",\"itemListElement\":[{\"@type\":\"ListItem\",\"position\":1,\"name\":\"Home\",\"item\":\"https:\/\/www.etoro.com\/it\/\"},{\"@type\":\"ListItem\",\"position\":2,\"name\":\"SERVIZIO CLIENTI\",\"item\":\"https:\/\/www.etoro.com\/it\/customer-service\/\"},{\"@type\":\"ListItem\",\"position\":3,\"name\":\"TERMINI CONDIZIONI\",\"item\":\"https:\/\/www.etoro.com\/it\/customer-service\/terms-conditions\/\"},{\"@type\":\"ListItem\",\"position\":4,\"name\":\"Aggiornamento trading\"}]},{\"@type\":\"WebSite\",\"@id\":\"https:\/\/www.etoro.com\/it\/#website\",\"url\":\"https:\/\/www.etoro.com\/it\/\",\"name\":\"eToro\",\"description\":\"\",\"publisher\":{\"@id\":\"https:\/\/www.etoro.com\/it\/#organization\"},\"potentialAction\":[{\"@type\":\"SearchAction\",\"target\":{\"@type\":\"EntryPoint\",\"urlTemplate\":\"https:\/\/www.etoro.com\/it\/?s={search_term_string}\"},\"query-input\":{\"@type\":\"PropertyValueSpecification\",\"valueRequired\":true,\"valueName\":\"search_term_string\"}}],\"inLanguage\":\"it\"},[]]}<\/script>","yoast_head_json":{"title":"Aggiornamento trading - eToro","robots":{"index":"noindex","follow":"nofollow"},"og_locale":"it_IT","og_type":"article","og_title":"Aggiornamento trading - eToro","og_description":"Restrizioni al trading di criptovalute A causa delle potenziali perdite, la Financial Conduct Authority (FCA) ritiene che questo strumento di investimento sia ad alto rischio. Quali sono i rischi principali? 1. Potresti perdere tutto il denaro investito 2. Potresti non ricevere alcuna tutela se qualcosa non va per il verso giusto 3. Potresti non essere&hellip;","og_url":"https:\/\/www.etoro.com\/it\/wp-json\/wp\/v2\/pages\/673580","og_site_name":"eToro","article_publisher":"https:\/\/www.facebook.com\/eToro\/","article_modified_time":"2023-10-19T15:01:03+00:00","og_image":[{"width":1200,"height":630,"url":"https:\/\/www.etoro.com\/wp-content\/uploads\/2023\/08\/Featured-image-1200x630-1.png","type":"image\/png"}],"twitter_card":"summary_large_image","twitter_site":"@eToro","twitter_misc":{"Est. reading time":"2 minutes"},"schema":{"@context":"https:\/\/schema.org","@graph":[{"@type":"WebPage","@id":"https:\/\/www.etoro.com\/it\/customer-service\/terms-conditions\/trading-restriction\/","url":"https:\/\/www.etoro.com\/it\/customer-service\/terms-conditions\/trading-restriction\/","name":"Aggiornamento trading - eToro","isPartOf":{"@id":"https:\/\/www.etoro.com\/it\/#website"},"primaryImageOfPage":{"@id":"https:\/\/www.etoro.com\/it\/customer-service\/terms-conditions\/trading-restriction\/#primaryimage"},"image":{"@id":"https:\/\/www.etoro.com\/it\/customer-service\/terms-conditions\/trading-restriction\/#primaryimage"},"thumbnailUrl":"https:\/\/www.etoro.com\/wp-content\/uploads\/2023\/08\/Featured-image-1200x630-1.png","datePublished":"2023-07-26T13:17:58+00:00","dateModified":"2023-10-19T15:01:03+00:00","breadcrumb":{"@id":"https:\/\/www.etoro.com\/it\/customer-service\/terms-conditions\/trading-restriction\/#breadcrumb"},"inLanguage":"it","potentialAction":[{"@type":"ReadAction","target":["https:\/\/www.etoro.com\/it\/customer-service\/terms-conditions\/trading-restriction\/"]}]},{"@type":"ImageObject","inLanguage":"it","@id":"https:\/\/www.etoro.com\/it\/customer-service\/terms-conditions\/trading-restriction\/#primaryimage","url":"https:\/\/www.etoro.com\/wp-content\/uploads\/2023\/08\/Featured-image-1200x630-1.png","contentUrl":"https:\/\/www.etoro.com\/wp-content\/uploads\/2023\/08\/Featured-image-1200x630-1.png","width":1200,"height":630,"caption":"Trading Update"},{"@type":"BreadcrumbList","@id":"https:\/\/www.etoro.com\/it\/customer-service\/terms-conditions\/trading-restriction\/#breadcrumb","itemListElement":[{"@type":"ListItem","position":1,"name":"Home","item":"https:\/\/www.etoro.com\/it\/"},{"@type":"ListItem","position":2,"name":"SERVIZIO CLIENTI","item":"https:\/\/www.etoro.com\/it\/customer-service\/"},{"@type":"ListItem","position":3,"name":"TERMINI CONDIZIONI","item":"https:\/\/www.etoro.com\/it\/customer-service\/terms-conditions\/"},{"@type":"ListItem","position":4,"name":"Aggiornamento trading"}]},{"@type":"WebSite","@id":"https:\/\/www.etoro.com\/it\/#website","url":"https:\/\/www.etoro.com\/it\/","name":"eToro","description":"","publisher":{"@id":"https:\/\/www.etoro.com\/it\/#organization"},"potentialAction":[{"@type":"SearchAction","target":{"@type":"EntryPoint","urlTemplate":"https:\/\/www.etoro.com\/it\/?s={search_term_string}"},"query-input":{"@type":"PropertyValueSpecification","valueRequired":true,"valueName":"search_term_string"}}],"inLanguage":"it"},[]]}},"_links":{"self":[{"href":"https:\/\/www.etoro.com\/it\/wp-json\/wp\/v2\/pages\/673580"}],"collection":[{"href":"https:\/\/www.etoro.com\/it\/wp-json\/wp\/v2\/pages"}],"about":[{"href":"https:\/\/www.etoro.com\/it\/wp-json\/wp\/v2\/types\/page"}],"author":[{"embeddable":true,"href":"https:\/\/www.etoro.com\/it\/wp-json\/wp\/v2\/users\/119"}],"replies":[{"embeddable":true,"href":"https:\/\/www.etoro.com\/it\/wp-json\/wp\/v2\/comments?post=673580"}],"version-history":[{"count":0,"href":"https:\/\/www.etoro.com\/it\/wp-json\/wp\/v2\/pages\/673580\/revisions"}],"up":[{"embeddable":true,"href":"https:\/\/www.etoro.com\/it\/wp-json\/wp\/v2\/pages\/10767"}],"wp:featuredmedia":[{"embeddable":true,"href":"https:\/\/www.etoro.com\/it\/wp-json\/wp\/v2\/media\/673680"}],"wp:attachment":[{"href":"https:\/\/www.etoro.com\/it\/wp-json\/wp\/v2\/media?parent=673580"}],"wp:term":[{"taxonomy":"asset_type","embeddable":true,"href":"https:\/\/www.etoro.com\/it\/wp-json\/wp\/v2\/asset_type?post=673580"}],"curies":[{"name":"wp","href":"https:\/\/api.w.org\/{rel}","templated":true}]}}