{"id":679603,"date":"2022-03-17T10:19:33","date_gmt":"2022-03-17T08:19:33","guid":{"rendered":"https:\/\/www.etoro.com\/investing\/esg-investing\/"},"modified":"2024-09-30T12:57:38","modified_gmt":"2024-09-30T09:57:38","slug":"esg-investing","status":"publish","type":"page","link":"https:\/\/www.etoro.com\/it\/investing\/esg-investing\/","title":{"rendered":"Guida agli investimenti ESG"},"content":{"rendered":"\n<p class=\"is-style-summary\">Questa guida intende esplorare il mondo degli investimenti ESG, analizzando pro e contro di questo approccio, spiegando i punteggi ESG e confrontandoli con la loro controparte SRI.<\/p>\n\n\n\n<hr class=\"wp-block-separator wp-block-separator-color-dark-grey wp-block-separator-spaces-medium wp-block-separator-weight-1\"\/>\n\n\n\n<p>Un numero sempre pi\u00f9 crescente di investitori desidera avere in portafoglio titoli di compagnie capaci di avere un impatto positivo sulla societ\u00e0, sull\u2019ambiente e sistemi di governance moderni e trasparenti. Alla base, vi \u00e8 una <strong>preoccupazione riguardante le sfide che il pianeta e la sua gente devono affrontare<\/strong>. Questo approccio \u00e8 cresciuto molto a partire dal XXI secolo ed \u00e8 tuttora in forte espansione.<\/p>\n\n\n\n<p>Ma in che cosa consiste, esattamente? Continua a leggere per scoprire tutto quello che c\u2019\u00e8 da sapere sugli investimenti ESG.<\/p>\n\n\n\n<h2 class=\"wp-block-heading\">Cosa si intende con l\u2019acronimo ESG?<\/h2>\n\n\n\n<p>L\u2019acronimo ESG sta per \u201cEnvironmental, Social and Governance\u201d, che tradotto in italiano significa \u201cAmbiente, societ\u00e0 e governance\u201d. Nel mondo degli <a href=\"https:\/\/www.etoro.com\/it\/discover\/markets\/stocks?funnelFromId=51\">investimenti azionari<\/a>, i titoli con un elevato punteggio ESG fanno capo a societ\u00e0 che sono attivamente impegnate in almeno uno di questi criteri ESG.&nbsp;<\/p>\n\n\n\n<p><strong>Il criterio ambientale \u00e8 il primo dei <\/strong><strong>parametri ESG<\/strong><strong> e riguarda la sostenibilit\u00e0 dei processi produttivi e della catena di approvvigionamento<\/strong>. Comprende anche l\u2019allocazione degli investimenti del capitale aziendale, la sua posizione riguardo il cambiamento climatico e gli sforzi per combatterlo, l\u2019utilizzo di energie rinnovabili, l\u2019impiego di materiali riciclabili e altre pratiche \u201cgreen\u201d, oppure le donazioni a gruppi ambientalisti.&nbsp;<\/p>\n\n\n\n<figure class=\"wp-block-image size-full\"><img loading=\"lazy\" decoding=\"async\" width=\"756\" height=\"400\" src=\"https:\/\/www.etoro.com\/wp-content\/uploads\/2023\/12\/ESG-Investing-Body-Image-1_-What-does-ESG-stand-for_.png\" alt=\"\" class=\"wp-image-787747 wp-image-desktop\" srcset=\"https:\/\/www.etoro.com\/wp-content\/uploads\/2023\/12\/ESG-Investing-Body-Image-1_-What-does-ESG-stand-for_.png 756w, https:\/\/www.etoro.com\/wp-content\/uploads\/2023\/12\/ESG-Investing-Body-Image-1_-What-does-ESG-stand-for_-300x159.png 300w\" sizes=\"(max-width: 756px) 100vw, 756px\" \/><\/figure>\n\n\n\n<p><strong>I fattori sociali riguardano il modo in cui la <\/strong><strong>societ\u00e0 <\/strong><strong>tratta gli esseri umani in tutti gli aspetti del proprio business. <\/strong>Questo \u00e8 uno dei fattori ESG che spinge a creare posti di lavoro in condizioni sicure, eque e adeguatamente stimolanti per il benessere della persona. Risposte a domande come \u201cI diritti dei lavoratori vengono rispettati durante ogni fase del colloquio e della produzione?\u201d, oppure \u201cC\u2019\u00e8 un impegno nel riconoscere e contrastare i problemi sociali che riguardano tutta la societ\u00e0 nel suo complesso, a prescindere dall\u2019azienda?\u201d possono aiutarci a comprendere se una societ\u00e0 rispetti questo criterio o meno.&nbsp;<\/p>\n\n\n\n<p>Per ultimo, <strong>la governance fa riferimento alla gestione della societ\u00e0 su vari livelli<\/strong>. Ci\u00f2 include la trasparenza verso i clienti e gli azionisti, le pratiche di assunzione ai vertici pi\u00f9 alti e la variet\u00e0 di voci presenti nel Consiglio di Amministrazione.&nbsp;<\/p>\n\n\n\n<h3 class=\"wp-block-heading\">Investimenti socialmente responsabili: cosa sono gli SRI?<\/h3>\n\n\n\n<p>SRI: Socially Responsible Investments. Questa tipologia di investimenti ha radici che risalgono a secoli fa, quando i Quaccheri si rifiutavano di trarre profitto da qualunque attivit\u00e0 dai risvolti poco etici.<\/p>\n\n\n\n<div class=\"wp-block-etoro-emphasis wp-block-etoro-emphasis-border-green\">\n<p>Gli investimenti ESG, invece, prendono in considerazione fattori ambientali, sociali e di governance per valutare quanto sia sostenibile un\u2019azienda. La base logica di questa analisi \u00e8 che le aziende pi\u00f9 attente ai criteri ESG, avranno performance migliori sul lungo periodo.<\/p>\n<\/div>\n\n\n\n<h2 class=\"wp-block-heading\">ESG Investing vs. SRI Investing<\/h2>\n\n\n\n<p>Domanda: come si differenziano gli investimenti ESG da quelli SRI?<\/p>\n\n\n\n<p>Ebbene, per capire cosa sono gli investimenti ESG e come distinguerli rispetto agli SRI possiamo cominciare dalle somiglianze: <strong>entrambi gli approcci non si basano su fattori puramente finanziari per prendere decisioni di investimento.\u00a0<\/strong><\/p>\n\n\n\n<p>La principale differenza \u00e8 che <strong>gli investitori SRI usano fattori morali ed etici per scremare del tutto alcune societ\u00e0 mentre <\/strong><a href=\"https:\/\/www.etoro.com\/it\/investing\/how-to-diversify-your-portfolio\/\"><strong>costruiscono il loro portafoglio<\/strong><\/a>. Queste vengono quindi rimosse dalle possibili opzioni a prescindere da quanto bene possano performare sul mercato.&nbsp;<\/p>\n\n\n\n<p><strong>Gli investimenti ESG, invece, prendono in considerazione fattori ambientali, sociali e di governance per valutare quanto sia sostenibile un\u2019azienda<\/strong>. La base logica di questa analisi \u00e8 che le societ\u00e0 pi\u00f9 attente ai criteri ESG, avranno performance migliori sul lungo periodo. A rigor di definizione di ESG, \u00e8 possibile immaginare di investire anche su una societ\u00e0 petrolifera, purch\u00e9 sia pi\u00f9 sostenibile e attenta all\u2019ambiente rispetto ai concorrenti.&nbsp;<\/p>\n\n\n\n<h2 class=\"wp-block-heading\">Pro e contro degli investimenti ESG<\/h2>\n\n\n\n<p>Come per ogni investimento, ci sono sia pro che contro degli investimenti ESG.&nbsp;<\/p>\n\n\n\n<p>Un punto a favore degli investimenti ESG investing \u00e8 che <strong>puoi utilizzare questi criteri per investire in compagnie con un minor rischio di crollo del prezzo azionario dovuto a \u201cnotizie negative\u201d<\/strong>, diventando dunque potenziali alleati nella <a href=\"https:\/\/www.etoro.com\/it\/stocks\/risk-management\/\">gestione del rischio come investitore<\/a>.&nbsp;<\/p>\n\n\n\n<figure class=\"wp-block-image size-full\"><img loading=\"lazy\" decoding=\"async\" width=\"756\" height=\"400\" src=\"https:\/\/www.etoro.com\/wp-content\/uploads\/2023\/12\/ESG-Investing-Body-Image-2_-What-are-the-pros-and-cons-of-ESG-investing_.png\" alt=\"\" class=\"wp-image-787769 wp-image-desktop\" srcset=\"https:\/\/www.etoro.com\/wp-content\/uploads\/2023\/12\/ESG-Investing-Body-Image-2_-What-are-the-pros-and-cons-of-ESG-investing_.png 756w, https:\/\/www.etoro.com\/wp-content\/uploads\/2023\/12\/ESG-Investing-Body-Image-2_-What-are-the-pros-and-cons-of-ESG-investing_-300x159.png 300w\" sizes=\"(max-width: 756px) 100vw, 756px\" \/><\/figure>\n\n\n\n<p>Per capire che cosa significa ESG a un livello pi\u00f9 profondo, ricorda che \u00e8 un approccio mirato ad aiutare gli investitori a comprendere la societ\u00e0 al di l\u00e0 del solo profitto. Cos\u00ec sar\u00e0 possibile prendere decisioni informate.<\/p>\n\n\n\n<p>Il ramo italiano del gruppo FCA ha <a href=\"https:\/\/www.fcabankgroup.com\/it\/il-gruppo\/sostenibilita\" target=\"_blank\" rel=\"noreferrer noopener\">definito il suo approccio<\/a> agli investimenti ESG e l\u2019importanza di questa tipologia di investimento. Il cambiamento climatico resta una forte priorit\u00e0 dell\u2019azienda in relazione alla propria strategia ESG, insieme alla capacit\u00e0 di \u201cguidare il cambiamento positivo, a beneficio degli azionisti, dei clienti, dei consumatori, dei dipendendi e della societ\u00e0 nel complesso\u201d.<\/p>\n\n\n\n<p>Diversamente dagli investimenti SRI, <strong>gli investimenti ESG non smettono di vedere alcuni business come delle opportunit\u00e0<\/strong>\u2026 ma semplicemente abbassano il loro punteggio.<\/p>\n\n\n\n<p>Un altro punto a favore che esula dal rendimento del portafoglio \u00e8 che <strong>puoi investire in societ\u00e0 che condividono i tuoi stessi ideali<\/strong>, il che pu\u00f2 darti un altro livello di soddisfazione con gli investimenti.<\/p>\n\n\n\n<div class=\"wp-block-etoro-tip wp-block-etoro-tip-border-yellow\"><span class=\"wp-block-etoro-tip-icon\"><\/span><div class=\"wp-block-etoro-tip-text\">\n<p><strong>Suggerimento:<\/strong> le societ\u00e0 che rispettano l\u2019ambiente condividono la forte convinzione che i problemi di giustizia sociale debbano essere risolti. Sono inoltre trasparenti, riducendo cos\u00ec la probabilit\u00e0 di essere coinvolte in scandali.<\/p>\n<\/div><\/div>\n\n\n\n<p>Ma ci sono anche dei contro negli investimenti ESG. Uno di questi \u00e8 che <strong>non ci sono molti criteri ESG standardizzati.<\/strong> Ci\u00f2 pu\u00f2 rendere un pochino pi\u00f9 difficile determinare che cosa sia veramente sostenibile. Questa opacit\u00e0 ha portato al cosiddetto \u201cgreenwashing\u201d: termine inglese che identifica posizioni sulla sostenibilit\u00e0 puramente di facciata, con le quali le societ\u00e0 alludono a criteri di sostenibilit\u00e0 ESG senza adottarli veramente.<\/p>\n\n\n\n<p>Per fortuna, i criteri ESG standardizzati si stanno diffondendo in tutto il mondo, con definizioni chiare e <a href=\"https:\/\/www.consob.it\/documents\/46180\/46181\/20220401_Alessi.pdf\/4e95226e-f386-491a-90cc-4b2b6f5f2575\" target=\"_blank\" rel=\"noreferrer noopener\">formalizzate dall\u2019UE<\/a> e da altri enti internazionali.<\/p>\n\n\n\n<p>Un altro punto a sfavore \u00e8 la <strong>difficolt\u00e0 nel trovare sufficienti informazioni che mostrino le performance di una societ\u00e0 sotto ciascuno dei tre criteri ESG<\/strong>. eToro ha provveduto a risolvere questo problema collaborando con l\u2019<a href=\"https:\/\/www.etoro.com\/it\/news-and-analysis\/stocks\/esg-scoring-what-you-need-to-know\/\">ESG Book<\/a> per fornire un rating ESG a oltre 2.700 azioni sulla piattaforma di exchange.<\/p>\n\n\n\n<figure class=\"wp-block-image size-full\"><img loading=\"lazy\" decoding=\"async\" width=\"756\" height=\"400\" src=\"https:\/\/www.etoro.com\/wp-content\/uploads\/2023\/12\/ESG-Investing-Body-Image-3_-Why-are-people-turning-to-ESG-investing_.png\" alt=\"\" class=\"wp-image-787791 wp-image-desktop\" srcset=\"https:\/\/www.etoro.com\/wp-content\/uploads\/2023\/12\/ESG-Investing-Body-Image-3_-Why-are-people-turning-to-ESG-investing_.png 756w, https:\/\/www.etoro.com\/wp-content\/uploads\/2023\/12\/ESG-Investing-Body-Image-3_-Why-are-people-turning-to-ESG-investing_-300x159.png 300w\" sizes=\"(max-width: 756px) 100vw, 756px\" \/><\/figure>\n\n\n\n<h2 class=\"wp-block-heading\">Rating ESG: significato e applicazioni<\/h2>\n\n\n\n<p><strong>Il rating ESG \u00e8 un punteggio dato alle societ\u00e0 sulla base delle loro performance, in considerazione di fattori ambientali, sociali e di governance standardizzati.<\/strong>&nbsp;<\/p>\n\n\n\n<p>Se ora hai chiaro cosa sono i fattori ESG, magari vuoi sapere come usare questo rating per ottenere informazioni aggiuntive circa la sostenibilit\u00e0 di una societ\u00e0:<\/p>\n\n\n\n<ul class=\"wp-block-list wp-block-list wp-block-list-circle\">\n<li>&nbsp;I punteggi ESG possono offrire informazioni aggiuntive circa una societ\u00e0 al di l\u00e0 dei tradizionali parametri finanziari.<\/li>\n\n\n\n<li>&nbsp;I punteggi ESG possono essere usati come filtri per decidere quali azioni includere nel tuo portafoglio. Per esempio, un investitore potrebbe scegliere di investire solo in societ\u00e0 caratterizzate da un punteggio ESG elevato.<\/li>\n\n\n\n<li>I punteggi ESG fungono da criteri di valutazione e parametri di controllo. Per esempio, un calo del rating ESG potrebbe significare che c\u2019\u00e8 stato un cambiamento negativo nelle politiche della societ\u00e0.&nbsp;<\/li>\n<\/ul>\n\n\n\n<h2 class=\"wp-block-heading\">Perch\u00e9 sempre pi\u00f9 persone scelgono investimenti ESG?<\/h2>\n\n\n\n<p>Gli investimenti ESG possono fare al caso tuo a seconda dei tuoi obiettivi. Possono essere visti come un giusto mezzo nell\u2019applicazione dell\u2019etica alla finanza dandoti la possibilit\u00e0 di considerare i criteri ESG senza rispettare i rigidi aspetti degli investimenti SRI.<\/p>\n\n\n\n<p>Potrebbero anche condurti a ritorni maggiori se credi che i fattori ESG siano importanti per il successo di una societ\u00e0. Grazie alla trasparenza sui rating ESG delle societ\u00e0, puoi trovare le informazioni giuste per cominciare.<\/p>\n\n\n\n<p><a href=\"https:\/\/www.etoro.com\/it\/academy\/\">Iscriviti a eToro<\/a> e scopri di pi\u00f9 sugli investimenti ESG.<\/p>\n\n\n\n<h2 class=\"wp-block-heading\">Domande frequenti<\/h2>\n\n\n\n<dl class=\"wp-block-etoro-faq\">\n<div class=\"wp-block-etoro-faq-item\"><dt class=\"wp-block-etoro-faq-item-question\">I fondi ESG cosa sono?<\/dt><dd class=\"wp-block-etoro-faq-item-answer\">\n<p>I fondi ESG sono fondi di investimento comuni (detti anche ETF o indici ESG) che aggregano al loro interno una variet\u00e0 di titoli di societ\u00e0 con un elevato punteggio ESG.<\/p>\n\n\n\n<p>Rappresentano un\u2019ottima scelta di investimento per coloro che vogliono costruire un portafoglio diversificato interamente basato sui criteri ESG.&nbsp;<\/p>\n<\/dd><\/div>\n\n\n\n<div class=\"wp-block-etoro-faq-item\"><dt class=\"wp-block-etoro-faq-item-question\">ESG, cosa significa?<\/dt><dd class=\"wp-block-etoro-faq-item-answer\">\n<p>ESG sta per \u201cEnvironmental, Social and Governance\u201d. Indica i tre pilastri fondamentali su cui si basano gli investimenti ESG.&nbsp;<\/p>\n\n\n\n<p>Sia che investi in una societ\u00e0 o in un fondo ESG, ci sar\u00e0 un punteggio che ti dir\u00e0 quanto quell\u2019investimento \u00e8 sostenibile.&nbsp;<\/p>\n<\/dd><\/div>\n\n\n\n<div class=\"wp-block-etoro-faq-item\"><dt class=\"wp-block-etoro-faq-item-question\">Certificazione ESG: cos\u2019\u00e8?<\/dt><dd class=\"wp-block-etoro-faq-item-answer\">\n<p>Per capire cosa significa ESG, ci sono delle certificazioni che offrono misure standard per comparare i diversi investimenti ESG.&nbsp;Questi metodi standardizzati provengono sia dall\u2019estero, sia dalla comunit\u00e0 ESG in Italia. Tuttavia, uno dei pi\u00f9 autorevoli \u00e8 quello dell\u2019Unione Europea. &nbsp;<\/p>\n<\/dd><\/div>\n<\/dl>\n\n\n\n\t\t<style>\n\t\t\t.rtl .etoro-block-shortcode-disclaimer {\n\t\t\t\ttext-align:right;\n\t\t\t}\n\t\t\t.etoro-block-shortcode-disclaimer {\n\t\t\t\tmargin-bottom:18px;\n\t\t\t\ttext-align:left;\n\t\t\t}\n\t\t\t.etoro-block-shortcode-disclaimer p{\n\t\t\t\tfont-size: 12px;\n\t\t\t\tline-height: 18px;\n\t\t\t}\n\t\t\t@media (min-width: 768px) {\n\t\t\t\t.etoro-block-shortcode-disclaimer {\n\t\t\t\t\tmax-width:1176px;\n\t\t\t\t\ttext-align:center;\n\t\t\t\t}\n\t\t\t\t.etoro-block-shortcode-disclaimer p {\n\t\t\t\t\tfont-size: 14px;\n\t\t\t\t\tline-height: 20px;\n\t\t\t\t}\n\t\t\t}\n\t\t<\/style>\n\t\t<div class='etoro-block-shortcode-disclaimer'><p>Le presenti informazioni vengono fornite al solo scopo educativo e non rappresentano consigli d\u2019investimento o suggerimenti personali. Tali informazioni non devono quindi essere interpretate come offerte o solleciti di compravendita di strumenti finanziari.<\/p>\n<p>Il materiale \u00e8 stato preparato senza tener conto di precisi obiettivi d\u2019investimento o specifiche situazioni finanziarie e non soddisfa pertanto i criteri legali e legislativi previsti per la promozione di ricerche indipendenti.<\/p>\n<p><strong>Non tutti gli strumenti finanziari e i servizi cui viene fatto riferimento sono offerti da eToro<\/strong> e qualsiasi riferimento alle prestazioni passate di uno specifico strumento, indice o prodotto d\u2019investimento preassemblato non rappresenta n\u00e9 deve essere interpretato come un indicatore affidabile di possibili prestazioni future. <strong>La disponibilit\u00e0 di tutti i prodotti e servizi sopra menzionati pu\u00f2 variare a seconda della giurisdizione e del Paese.<\/strong><\/p>\n<p>eToro non offre alcuna garanzia n\u00e9 si assume la responsabilit\u00e0 in merito all\u2019accuratezza o alla completezza del contenuto esposto nella presente guida. Il lettore deve garantire di aver compreso appieno i rischi comportati dal trading prima di impegnare capitale. Si sconsiglia di mettere a rischio pi\u00f9 denaro di quanto non se ne possa perdere.<\/p>\n<\/div>\n","protected":false},"excerpt":{"rendered":"<p>Questa guida intende esplorare il mondo degli investimenti ESG, analizzando pro e contro di questo approccio, spiegando i punteggi ESG e confrontandoli con la loro controparte SRI. Un numero sempre pi\u00f9 crescente di investitori desidera avere in portafoglio titoli di compagnie capaci di avere un impatto positivo sulla societ\u00e0, sull\u2019ambiente e sistemi di governance moderni&hellip;<\/p>\n","protected":false},"author":95,"featured_media":679779,"parent":19765,"menu_order":0,"comment_status":"closed","ping_status":"closed","template":"","meta":{"_acf_changed":false,"inline_featured_image":false,"sticky_cta_settings":"","footnotes":""},"asset_type":[],"class_list":["post-679603","page","type-page","status-publish","has-post-thumbnail","hentry"],"acf":[],"yoast_head":"<title>ESG: significato, definizione e criteri | eToro<\/title>\n<meta name=\"description\" content=\"Gli investimenti ESG sono incentrati sulla valutazione delle societ\u00e0 in base a criteri di natura ambientale, sociale o di governance. Scopri di pi\u00f9 con eToro.\" \/>\n<meta name=\"robots\" content=\"index, follow, max-snippet:-1, max-image-preview:large, max-video-preview:-1\" \/>\n<link rel=\"canonical\" href=\"https:\/\/www.etoro.com\/it\/wp-json\/wp\/v2\/pages\/679603\" \/>\n<meta property=\"og:locale\" content=\"it_IT\" \/>\n<meta property=\"og:type\" content=\"article\" \/>\n<meta property=\"og:title\" content=\"ESG: significato, definizione e criteri | eToro\" \/>\n<meta property=\"og:description\" content=\"Gli investimenti ESG sono incentrati sulla valutazione delle societ\u00e0 in base a criteri di natura ambientale, sociale o di governance. Scopri di pi\u00f9 con eToro.\" \/>\n<meta property=\"og:url\" content=\"https:\/\/www.etoro.com\/it\/wp-json\/wp\/v2\/pages\/679603\" \/>\n<meta property=\"og:site_name\" content=\"eToro\" \/>\n<meta property=\"article:publisher\" content=\"https:\/\/www.facebook.com\/eToro\/\" \/>\n<meta property=\"article:modified_time\" content=\"2024-09-30T09:57:38+00:00\" \/>\n<meta property=\"og:image\" content=\"https:\/\/www.etoro.com\/wp-content\/uploads\/2023\/08\/ESG-Investing-Socials-IT.png\" \/>\n\t<meta property=\"og:image:width\" content=\"1200\" \/>\n\t<meta property=\"og:image:height\" content=\"630\" \/>\n\t<meta property=\"og:image:type\" content=\"image\/png\" \/>\n<meta name=\"twitter:card\" content=\"summary_large_image\" \/>\n<meta name=\"twitter:site\" content=\"@eToro\" \/>\n<meta name=\"twitter:label1\" content=\"Est. reading time\" \/>\n\t<meta name=\"twitter:data1\" content=\"10 minutes\" \/>\n<script type=\"application\/ld+json\" class=\"yoast-schema-graph\">{\"@context\":\"https:\/\/schema.org\",\"@graph\":[{\"@type\":\"WebPage\",\"@id\":\"https:\/\/www.etoro.com\/it\/investing\/esg-investing\/\",\"url\":\"https:\/\/www.etoro.com\/it\/investing\/esg-investing\/\",\"name\":\"ESG: significato, definizione e criteri | eToro\",\"isPartOf\":{\"@id\":\"https:\/\/www.etoro.com\/it\/#website\"},\"primaryImageOfPage\":{\"@id\":\"https:\/\/www.etoro.com\/it\/investing\/esg-investing\/#primaryimage\"},\"image\":{\"@id\":\"https:\/\/www.etoro.com\/it\/investing\/esg-investing\/#primaryimage\"},\"thumbnailUrl\":\"https:\/\/www.etoro.com\/wp-content\/uploads\/2023\/08\/ESG-Investing-Socials-IT.png\",\"datePublished\":\"2022-03-17T08:19:33+00:00\",\"dateModified\":\"2024-09-30T09:57:38+00:00\",\"description\":\"Gli investimenti ESG sono incentrati sulla valutazione delle societ\u00e0 in base a criteri di natura ambientale, sociale o di governance. Scopri di pi\u00f9 con eToro.\",\"breadcrumb\":{\"@id\":\"https:\/\/www.etoro.com\/it\/investing\/esg-investing\/#breadcrumb\"},\"inLanguage\":\"it\",\"potentialAction\":[{\"@type\":\"ReadAction\",\"target\":[\"https:\/\/www.etoro.com\/it\/investing\/esg-investing\/\"]}]},{\"@type\":\"ImageObject\",\"inLanguage\":\"it\",\"@id\":\"https:\/\/www.etoro.com\/it\/investing\/esg-investing\/#primaryimage\",\"url\":\"https:\/\/www.etoro.com\/wp-content\/uploads\/2023\/08\/ESG-Investing-Socials-IT.png\",\"contentUrl\":\"https:\/\/www.etoro.com\/wp-content\/uploads\/2023\/08\/ESG-Investing-Socials-IT.png\",\"width\":1200,\"height\":630},{\"@type\":\"BreadcrumbList\",\"@id\":\"https:\/\/www.etoro.com\/it\/investing\/esg-investing\/#breadcrumb\",\"itemListElement\":[{\"@type\":\"ListItem\",\"position\":1,\"name\":\"Home\",\"item\":\"https:\/\/www.etoro.com\/it\/\"},{\"@type\":\"ListItem\",\"position\":2,\"name\":\"Investire\",\"item\":\"https:\/\/www.etoro.com\/it\/investing\/\"},{\"@type\":\"ListItem\",\"position\":3,\"name\":\"Guida agli investimenti ESG\"}]},{\"@type\":\"WebSite\",\"@id\":\"https:\/\/www.etoro.com\/it\/#website\",\"url\":\"https:\/\/www.etoro.com\/it\/\",\"name\":\"eToro\",\"description\":\"\",\"publisher\":{\"@id\":\"https:\/\/www.etoro.com\/it\/#organization\"},\"potentialAction\":[{\"@type\":\"SearchAction\",\"target\":{\"@type\":\"EntryPoint\",\"urlTemplate\":\"https:\/\/www.etoro.com\/it\/?s={search_term_string}\"},\"query-input\":{\"@type\":\"PropertyValueSpecification\",\"valueRequired\":true,\"valueName\":\"search_term_string\"}}],\"inLanguage\":\"it\"},[]]}<\/script>","yoast_head_json":{"title":"ESG: significato, definizione e criteri | eToro","description":"Gli investimenti ESG sono incentrati sulla valutazione delle societ\u00e0 in base a criteri di natura ambientale, sociale o di governance. Scopri di pi\u00f9 con eToro.","robots":{"index":"index","follow":"follow","max-snippet":"max-snippet:-1","max-image-preview":"max-image-preview:large","max-video-preview":"max-video-preview:-1"},"canonical":"https:\/\/www.etoro.com\/it\/wp-json\/wp\/v2\/pages\/679603","og_locale":"it_IT","og_type":"article","og_title":"ESG: significato, definizione e criteri | eToro","og_description":"Gli investimenti ESG sono incentrati sulla valutazione delle societ\u00e0 in base a criteri di natura ambientale, sociale o di governance. Scopri di pi\u00f9 con eToro.","og_url":"https:\/\/www.etoro.com\/it\/wp-json\/wp\/v2\/pages\/679603","og_site_name":"eToro","article_publisher":"https:\/\/www.facebook.com\/eToro\/","article_modified_time":"2024-09-30T09:57:38+00:00","og_image":[{"width":1200,"height":630,"url":"https:\/\/www.etoro.com\/wp-content\/uploads\/2023\/08\/ESG-Investing-Socials-IT.png","type":"image\/png"}],"twitter_card":"summary_large_image","twitter_site":"@eToro","twitter_misc":{"Est. reading time":"10 minutes"},"schema":{"@context":"https:\/\/schema.org","@graph":[{"@type":"WebPage","@id":"https:\/\/www.etoro.com\/it\/investing\/esg-investing\/","url":"https:\/\/www.etoro.com\/it\/investing\/esg-investing\/","name":"ESG: significato, definizione e criteri | eToro","isPartOf":{"@id":"https:\/\/www.etoro.com\/it\/#website"},"primaryImageOfPage":{"@id":"https:\/\/www.etoro.com\/it\/investing\/esg-investing\/#primaryimage"},"image":{"@id":"https:\/\/www.etoro.com\/it\/investing\/esg-investing\/#primaryimage"},"thumbnailUrl":"https:\/\/www.etoro.com\/wp-content\/uploads\/2023\/08\/ESG-Investing-Socials-IT.png","datePublished":"2022-03-17T08:19:33+00:00","dateModified":"2024-09-30T09:57:38+00:00","description":"Gli investimenti ESG sono incentrati sulla valutazione delle societ\u00e0 in base a criteri di natura ambientale, sociale o di governance. Scopri di pi\u00f9 con eToro.","breadcrumb":{"@id":"https:\/\/www.etoro.com\/it\/investing\/esg-investing\/#breadcrumb"},"inLanguage":"it","potentialAction":[{"@type":"ReadAction","target":["https:\/\/www.etoro.com\/it\/investing\/esg-investing\/"]}]},{"@type":"ImageObject","inLanguage":"it","@id":"https:\/\/www.etoro.com\/it\/investing\/esg-investing\/#primaryimage","url":"https:\/\/www.etoro.com\/wp-content\/uploads\/2023\/08\/ESG-Investing-Socials-IT.png","contentUrl":"https:\/\/www.etoro.com\/wp-content\/uploads\/2023\/08\/ESG-Investing-Socials-IT.png","width":1200,"height":630},{"@type":"BreadcrumbList","@id":"https:\/\/www.etoro.com\/it\/investing\/esg-investing\/#breadcrumb","itemListElement":[{"@type":"ListItem","position":1,"name":"Home","item":"https:\/\/www.etoro.com\/it\/"},{"@type":"ListItem","position":2,"name":"Investire","item":"https:\/\/www.etoro.com\/it\/investing\/"},{"@type":"ListItem","position":3,"name":"Guida agli investimenti ESG"}]},{"@type":"WebSite","@id":"https:\/\/www.etoro.com\/it\/#website","url":"https:\/\/www.etoro.com\/it\/","name":"eToro","description":"","publisher":{"@id":"https:\/\/www.etoro.com\/it\/#organization"},"potentialAction":[{"@type":"SearchAction","target":{"@type":"EntryPoint","urlTemplate":"https:\/\/www.etoro.com\/it\/?s={search_term_string}"},"query-input":{"@type":"PropertyValueSpecification","valueRequired":true,"valueName":"search_term_string"}}],"inLanguage":"it"},[]]}},"_links":{"self":[{"href":"https:\/\/www.etoro.com\/it\/wp-json\/wp\/v2\/pages\/679603"}],"collection":[{"href":"https:\/\/www.etoro.com\/it\/wp-json\/wp\/v2\/pages"}],"about":[{"href":"https:\/\/www.etoro.com\/it\/wp-json\/wp\/v2\/types\/page"}],"author":[{"embeddable":true,"href":"https:\/\/www.etoro.com\/it\/wp-json\/wp\/v2\/users\/95"}],"replies":[{"embeddable":true,"href":"https:\/\/www.etoro.com\/it\/wp-json\/wp\/v2\/comments?post=679603"}],"version-history":[{"count":0,"href":"https:\/\/www.etoro.com\/it\/wp-json\/wp\/v2\/pages\/679603\/revisions"}],"up":[{"embeddable":true,"href":"https:\/\/www.etoro.com\/it\/wp-json\/wp\/v2\/pages\/19765"}],"wp:featuredmedia":[{"embeddable":true,"href":"https:\/\/www.etoro.com\/it\/wp-json\/wp\/v2\/media\/679779"}],"wp:attachment":[{"href":"https:\/\/www.etoro.com\/it\/wp-json\/wp\/v2\/media?parent=679603"}],"wp:term":[{"taxonomy":"asset_type","embeddable":true,"href":"https:\/\/www.etoro.com\/it\/wp-json\/wp\/v2\/asset_type?post=679603"}],"curies":[{"name":"wp","href":"https:\/\/api.w.org\/{rel}","templated":true}]}}