{"id":6981,"date":"2017-10-17T14:49:19","date_gmt":"2017-10-17T11:49:19","guid":{"rendered":"\/etoro\/copy-mirror\/"},"modified":"2021-10-04T11:18:32","modified_gmt":"2021-10-04T08:18:32","slug":"copy-vs-mirror","status":"publish","type":"page","link":"https:\/\/www.etoro.com\/it\/copytrader\/copy-vs-mirror\/","title":{"rendered":"Il Copy Trading Rivoluziona il Concetto di Mirror Trading"},"content":{"rendered":"<p>Hai deciso di iniziare a fare trading online. Hai letto di diverse piattaforme e sai che puoi usare il mirror trading. Ma cosa pensi del Copy Trading, uno dei metodi pi\u00f9 semplici di trading online? Hai pensato di provarlo?<\/p>\n<p>Questa pagina presenter\u00e0 le differenze tra questi due concetti: il Mirror Trading e il CopyTrading di eToro.<\/p>\n<h2>Cos&#8217;\u00e8 il Mirror Trading?<\/h2>\n<p>Il Mirror Trading \u00e8 utilizzato nel mercato valutario fin dagli inizi degli anni 2000. Essenzialmente, il concetto \u00e8 copiare le transazioni di qualcun altro ed \u00e8 diventato sempre pi\u00f9 popolare fra le realt\u00e0 pi\u00f9 piccole nello scenario del trading di valute online. Cosa pu\u00f2 essere pi\u00f9 semplice che avere i migliori trader del mondo che gestiscono le tue transazioni, automatizzando completamente l&#8217;esperienza di trading? Non \u00e8 richiesto nessun intervento da parte del cliente, in quanto la piattaforma controlla tutta l&#8217;attivit\u00e0 dell&#8217;account. Tutto quello che devi fare \u00e8 accedere una volta alla settimana per vedere il saldo del tuo account.<\/p>\n<p>Alcune piattaforme che offrono il Mirror Trading lo realizzano riunendo dei trader esperti provenienti da varie parti del mondo. Forniscono a tali trader degli account di trading gratuiti, che consentono a queste piattaforme di esibire delle impressionanti cronologie di prestazioni quando vengono sottoposte a prove o verifiche. Parallelamente, queste societ\u00e0 di mirror-trading continuano a esibire i record di prestazioni di questi trader e aggiornarli regolarmente sui loro siti web.<\/p>\n<p>Integrati nei loro programmi, queste societ\u00e0 hanno degli accordi contrattuali con numerosi broker. Le societ\u00e0 configurano molti degli account dei broker in un unico \u2018master account\u2019 controllato dalla societ\u00e0. Gli account individuali sono tenuti dal broker e il \u2018master account\u2019 dalla societ\u00e0. La societ\u00e0 assegna ai trader con le migliori prestazioni il master account e questo si rispecchia negli altri conti connessi.<\/p>\n<p>Quando il cliente sceglie un trader per gestire il proprio account, gli viene suggerito di aprire un account con il broker consigliato per questo master account. Dopo l&#8217;apertura dell\u2019account, questo viene automaticamente configurato al master account del trader selezionato. Da quel momento in poi, qualunque azione svolta dal trader nel suo proprio account, viene automaticamente replicata\/rispecchiata (mirror) sul conto del cliente. Il cliente \u00e8 libero di selezionare i suoi propri parametri di gestione del rischio, quindi un&#8217;aggressione occasionale o un insuccesso di trading non si riflettono necessariamente nell\u2019account del cliente.<\/p>\n<p>Tenendo conto di quello che hai appena letto, vediamo come eToro ha rivoluzionato il concetto di Mirror Trading e lo ha trasformato in un trading pi\u00f9 Social e, cos\u00ec facendo, ha semplificato il Mirror Trading.<\/p>\n<h2>Cos&#8217;\u00e8 il Copy Trading?<\/h2>\n<p>eToro ha introdotto il concetto di Copy Trading, che ti consente di copiare automaticamente i trader di tua scelta, replicando quello che fanno nei loro account. In parole semplici, \u00e8 fare trading sui mercati finanziari avendo altre persone di tutto il mondo che fanno trading per conto tuo.<\/p>\n<p>Di seguito esaminiamo le caratteristiche social di eToro che hanno rivoluzionato il trading online. Nel feed della <a href=\"https:\/\/www.etoro.com\/it\/trading\/platforms\/\" target=\"_blank\" rel=\"noopener noreferrer\">piattaforma di trading<\/a> eToro \u00e8 possibile visualizzare gli elementi fondamentali che costituiscono il social trading, tra cui: vedere cosa stanno facendo gli altri trader in tempo reale, seguire quelli con le migliori prestazioni e copiare i trader che ti piacciono.<\/p>\n<p>Quando accedi a eToro, ti accorgi immediatamente che questa piattaforma di trading non assomiglia a nessun&#8217;altra. Grafici complicati sono presentati in modo semplice e intuitivo e alcune parti della piattaforma sembrano pi\u00f9 una rete social che una piattaforma di trading. Solo su eToro puoi seguire altri trader e vedere la loro attivit\u00e0 recente sulla tua Lista Preferiti: un feed in tempo reale delle persone e degli asset che scegli di seguire.<\/p>\n<p>Un&#8217;altra funzione utile \u00e8 il copy trading (basato sulla tecnologia brevettata CopyTrader\u2122 di eToro). Questo strumento ti consente di copiare automaticamente i trader di successo e aprire le loro stesse posizioni. In effetti, costruisci il tuo proprio portafoglio basato sulle persone. Questa funzione \u00e8 un\u2019ottima soluzione per coloro che desiderano prendere parte al settore del trading online, ma semplicemente non hanno il tempo di investire o la dedizione necessaria per iniziare a studiare finanza. Puoi semplicemente copiare i tuoi trader preferiti e trarre vantaggio dalla loro conoscenza ed esperienza.<\/p>\n<h2>Come iniziare il Copy Trading<\/h2>\n<p>Innanzitutto consigliamo di dare un\u2019occhiata ai Popular Investors nella sezione La scelta del Direttore. I trader che vengono presentati sono quelli che hanno mantenuto un basso punteggio di rischio e hanno mostrato guadagni negli ultimi mesi. Puoi anche utilizzare lo strumento Scopri le Persone per trovare altri trader da copiare.<\/p>\n<p>I risultati di ricerca possono essere filtrati a seconda del guadagno, del punteggio di rischio, del paese di origine e altri fattori. Se vedi qualcuno che vuoi copiare, fai clic sul suo profilo e visualizzerai istantaneamente le sue statistiche recenti, la biografia, la strategia di trading e una serie di altre statistiche utili. Se decidi che questo \u00e8 il trader che vuoi copiare, devi solo fare clic su \u2018Copia\u2019 e decidere che importo del patrimonio totale del tuo account vuoi assegnare. Tutte le operazioni vengono eseguite in modo proporzionale, il che significa che se assegni $1.000 per copiare un trader che ha un conto di trading di $10.000 quando questo apre una posizione di $1.000, si creer\u00e0 una posizione di copia di $100 sul tuo account. Ci\u00f2 ti consente non solo di copiare la direzione della posizione ma anche la strategia di investimento applicata dal trader. Ricorda che una delle cose pi\u00f9 importanti che devi sapere \u00e8 diversificare saggiamente i tuoi investimenti e rischi su un&#8217;ampia gamma. I tuoi investimenti hanno un rischio intrinsecamente diversificato, a condizione che il trader copiato gestisca il proprio rischio allo stesso modo. Incoraggiamo i nostri clienti a gestire i loro rischi nell&#8217;ambito della nostra politica di\u00a0<a href=\"https:\/\/www.etoro.com\/it\/customer-service\/responsible-trading\/\">Trading Responsabile<\/a>.<\/p>\n<p>Nel corso degli anni abbiamo visto come il CopyTrader e il Copy Trading hanno rivoluzionato il modo in cui le persone fanno trading e investono. Se non hai un account eToro, puoi provare gratuitamente il Copy Trading utilizzando un account virtuale di trading di $100.000.<\/p>\n","protected":false},"excerpt":{"rendered":"<p>Hai deciso di iniziare a fare trading online. Hai letto di diverse piattaforme e sai che puoi usare il mirror trading. Ma cosa pensi del Copy Trading, uno dei metodi pi\u00f9 semplici di trading online? Hai pensato di provarlo? Questa pagina presenter\u00e0 le differenze tra questi due concetti: il Mirror Trading e il CopyTrading di&hellip;<\/p>\n","protected":false},"author":45,"featured_media":0,"parent":34681,"menu_order":1563,"comment_status":"closed","ping_status":"closed","template":"","meta":{"_acf_changed":false,"inline_featured_image":false,"sticky_cta_settings":"","footnotes":""},"asset_type":[],"class_list":["post-6981","page","type-page","status-publish","hentry"],"acf":[],"yoast_head":"<title>Il CopyTrading di eToro reinventa il Mirror Trading<\/title>\n<meta name=\"description\" content=\"CopyTrading migliora il concetto di Mirror Trading, consentendoti di copiare chiunque sulla piattaforma.\" \/>\n<meta name=\"robots\" content=\"index, follow, max-snippet:-1, max-image-preview:large, max-video-preview:-1\" \/>\n<link rel=\"canonical\" href=\"https:\/\/www.etoro.com\/it\/wp-json\/wp\/v2\/pages\/6981\" \/>\n<meta property=\"og:locale\" content=\"it_IT\" \/>\n<meta property=\"og:type\" content=\"article\" \/>\n<meta property=\"og:title\" content=\"Il CopyTrading di eToro reinventa il Mirror Trading\" \/>\n<meta property=\"og:description\" content=\"CopyTrading migliora il concetto di Mirror Trading, consentendoti di copiare chiunque sulla piattaforma.\" \/>\n<meta property=\"og:url\" content=\"https:\/\/www.etoro.com\/it\/wp-json\/wp\/v2\/pages\/6981\" \/>\n<meta property=\"og:site_name\" content=\"eToro\" \/>\n<meta property=\"article:publisher\" content=\"https:\/\/www.facebook.com\/eToro\/\" \/>\n<meta property=\"article:modified_time\" content=\"2021-10-04T08:18:32+00:00\" \/>\n<meta property=\"og:image\" content=\"https:\/\/www.etoro.com\/wp-content\/uploads\/2019\/12\/etoro_logo_social_share1.png\" \/>\n\t<meta property=\"og:image:width\" content=\"240\" \/>\n\t<meta property=\"og:image:height\" content=\"240\" \/>\n\t<meta property=\"og:image:type\" content=\"image\/png\" \/>\n<meta name=\"twitter:card\" content=\"summary_large_image\" \/>\n<meta name=\"twitter:site\" content=\"@eToro\" \/>\n<meta name=\"twitter:label1\" content=\"Est. reading time\" \/>\n\t<meta name=\"twitter:data1\" content=\"5 minutes\" \/>\n<script type=\"application\/ld+json\" class=\"yoast-schema-graph\">{\"@context\":\"https:\/\/schema.org\",\"@graph\":[{\"@type\":\"WebPage\",\"@id\":\"https:\/\/www.etoro.com\/it\/copytrader\/copy-vs-mirror\/\",\"url\":\"https:\/\/www.etoro.com\/it\/copytrader\/copy-vs-mirror\/\",\"name\":\"Il CopyTrading di eToro reinventa il Mirror Trading\",\"isPartOf\":{\"@id\":\"https:\/\/www.etoro.com\/it\/#website\"},\"datePublished\":\"2017-10-17T11:49:19+00:00\",\"dateModified\":\"2021-10-04T08:18:32+00:00\",\"description\":\"CopyTrading migliora il concetto di Mirror Trading, consentendoti di copiare chiunque sulla piattaforma.\",\"breadcrumb\":{\"@id\":\"https:\/\/www.etoro.com\/it\/copytrader\/copy-vs-mirror\/#breadcrumb\"},\"inLanguage\":\"it\",\"potentialAction\":[{\"@type\":\"ReadAction\",\"target\":[\"https:\/\/www.etoro.com\/it\/copytrader\/copy-vs-mirror\/\"]}]},{\"@type\":\"BreadcrumbList\",\"@id\":\"https:\/\/www.etoro.com\/it\/copytrader\/copy-vs-mirror\/#breadcrumb\",\"itemListElement\":[{\"@type\":\"ListItem\",\"position\":1,\"name\":\"Home\",\"item\":\"https:\/\/www.etoro.com\/it\/\"},{\"@type\":\"ListItem\",\"position\":2,\"name\":\"CopyTrader\",\"item\":\"https:\/\/www.etoro.com\/it\/copytrader\/\"},{\"@type\":\"ListItem\",\"position\":3,\"name\":\"COPY MIRROR\"}]},{\"@type\":\"WebSite\",\"@id\":\"https:\/\/www.etoro.com\/it\/#website\",\"url\":\"https:\/\/www.etoro.com\/it\/\",\"name\":\"eToro\",\"description\":\"\",\"publisher\":{\"@id\":\"https:\/\/www.etoro.com\/it\/#organization\"},\"potentialAction\":[{\"@type\":\"SearchAction\",\"target\":{\"@type\":\"EntryPoint\",\"urlTemplate\":\"https:\/\/www.etoro.com\/it\/?s={search_term_string}\"},\"query-input\":{\"@type\":\"PropertyValueSpecification\",\"valueRequired\":true,\"valueName\":\"search_term_string\"}}],\"inLanguage\":\"it\"},[]]}<\/script>","yoast_head_json":{"title":"Il CopyTrading di eToro reinventa il Mirror Trading","description":"CopyTrading migliora il concetto di Mirror Trading, consentendoti di copiare chiunque sulla piattaforma.","robots":{"index":"index","follow":"follow","max-snippet":"max-snippet:-1","max-image-preview":"max-image-preview:large","max-video-preview":"max-video-preview:-1"},"canonical":"https:\/\/www.etoro.com\/it\/wp-json\/wp\/v2\/pages\/6981","og_locale":"it_IT","og_type":"article","og_title":"Il CopyTrading di eToro reinventa il Mirror Trading","og_description":"CopyTrading migliora il concetto di Mirror Trading, consentendoti di copiare chiunque sulla piattaforma.","og_url":"https:\/\/www.etoro.com\/it\/wp-json\/wp\/v2\/pages\/6981","og_site_name":"eToro","article_publisher":"https:\/\/www.facebook.com\/eToro\/","article_modified_time":"2021-10-04T08:18:32+00:00","og_image":[{"width":240,"height":240,"url":"https:\/\/www.etoro.com\/wp-content\/uploads\/2019\/12\/etoro_logo_social_share1.png","type":"image\/png"}],"twitter_card":"summary_large_image","twitter_site":"@eToro","twitter_misc":{"Est. reading time":"5 minutes"},"schema":{"@context":"https:\/\/schema.org","@graph":[{"@type":"WebPage","@id":"https:\/\/www.etoro.com\/it\/copytrader\/copy-vs-mirror\/","url":"https:\/\/www.etoro.com\/it\/copytrader\/copy-vs-mirror\/","name":"Il CopyTrading di eToro reinventa il Mirror Trading","isPartOf":{"@id":"https:\/\/www.etoro.com\/it\/#website"},"datePublished":"2017-10-17T11:49:19+00:00","dateModified":"2021-10-04T08:18:32+00:00","description":"CopyTrading migliora il concetto di Mirror Trading, consentendoti di copiare chiunque sulla piattaforma.","breadcrumb":{"@id":"https:\/\/www.etoro.com\/it\/copytrader\/copy-vs-mirror\/#breadcrumb"},"inLanguage":"it","potentialAction":[{"@type":"ReadAction","target":["https:\/\/www.etoro.com\/it\/copytrader\/copy-vs-mirror\/"]}]},{"@type":"BreadcrumbList","@id":"https:\/\/www.etoro.com\/it\/copytrader\/copy-vs-mirror\/#breadcrumb","itemListElement":[{"@type":"ListItem","position":1,"name":"Home","item":"https:\/\/www.etoro.com\/it\/"},{"@type":"ListItem","position":2,"name":"CopyTrader","item":"https:\/\/www.etoro.com\/it\/copytrader\/"},{"@type":"ListItem","position":3,"name":"COPY MIRROR"}]},{"@type":"WebSite","@id":"https:\/\/www.etoro.com\/it\/#website","url":"https:\/\/www.etoro.com\/it\/","name":"eToro","description":"","publisher":{"@id":"https:\/\/www.etoro.com\/it\/#organization"},"potentialAction":[{"@type":"SearchAction","target":{"@type":"EntryPoint","urlTemplate":"https:\/\/www.etoro.com\/it\/?s={search_term_string}"},"query-input":{"@type":"PropertyValueSpecification","valueRequired":true,"valueName":"search_term_string"}}],"inLanguage":"it"},[]]}},"_links":{"self":[{"href":"https:\/\/www.etoro.com\/it\/wp-json\/wp\/v2\/pages\/6981"}],"collection":[{"href":"https:\/\/www.etoro.com\/it\/wp-json\/wp\/v2\/pages"}],"about":[{"href":"https:\/\/www.etoro.com\/it\/wp-json\/wp\/v2\/types\/page"}],"author":[{"embeddable":true,"href":"https:\/\/www.etoro.com\/it\/wp-json\/wp\/v2\/users\/45"}],"replies":[{"embeddable":true,"href":"https:\/\/www.etoro.com\/it\/wp-json\/wp\/v2\/comments?post=6981"}],"version-history":[{"count":0,"href":"https:\/\/www.etoro.com\/it\/wp-json\/wp\/v2\/pages\/6981\/revisions"}],"up":[{"embeddable":true,"href":"https:\/\/www.etoro.com\/it\/wp-json\/wp\/v2\/pages\/34681"}],"wp:attachment":[{"href":"https:\/\/www.etoro.com\/it\/wp-json\/wp\/v2\/media?parent=6981"}],"wp:term":[{"taxonomy":"asset_type","embeddable":true,"href":"https:\/\/www.etoro.com\/it\/wp-json\/wp\/v2\/asset_type?post=6981"}],"curies":[{"name":"wp","href":"https:\/\/api.w.org\/{rel}","templated":true}]}}