{"id":742427,"date":"2023-10-30T12:55:00","date_gmt":"2023-10-30T10:55:00","guid":{"rendered":"https:\/\/www.etoro.com\/?page_id=742427"},"modified":"2026-03-17T09:07:42","modified_gmt":"2026-03-17T07:07:42","slug":"3-financial-reports","status":"publish","type":"page","link":"https:\/\/www.etoro.com\/it\/investing\/3-financial-reports\/","title":{"rendered":"Bilanci finanziari: i 3 principali"},"content":{"rendered":"\n<p class=\"is-style-summary\">I bilanci finanziari di un\u2019impresa sono fondamentali per comprendere dati essenziali sulle sue performance e la sostenibilit\u00e0 nel tempo. Questi sono particolarmente utili per gli investitori che cercano informazioni pi\u00f9 accurate su possibili investimenti. Scopri di pi\u00f9 su questi rendiconti.<\/p>\n\n\n\n\n\n\n<hr class=\"wp-block-separator wp-block-separator-color-dark-grey wp-block-separator-spaces-medium wp-block-separator-weight-1\"\/>\n\n\n\n<p>I bilanci finanziari sono <strong>utili per valutare le condizioni di un\u2019impresa<\/strong> e le sue potenzialit\u00e0 future. I <strong>bilanci patrimoniali<\/strong>, i <strong>conti economici<\/strong> e il <strong>flusso di cassa<\/strong> costituiscono le informazioni necessarie per valutare gli utili di un\u2019azienda e capire quale sia il suo potenziale.<\/p>\n\n\n\n<p>Essendo rilasciati su base regolare, questi bilanci possono <strong>aiutare l&#8217;investitore a identificare eventuali <\/strong><a href=\"https:\/\/www.etoro.com\/it\/news-and-analysis\/etoro-updates\/the-trend-is-your-friend-an-easy-guide-to-trend-trading\/\"><strong>trend<\/strong><\/a>. Per le strategie di investimento che sfruttano i movimenti principali dei prezzi degli asset, tali dati possono dunque essere integrati per attuare piani che aiutino l\u2019investitore a raggiungere la propria <a href=\"https:\/\/www.etoro.com\/it\/investing\/financial-independence\/\">indipendenza finanziaria<\/a>.<\/p>\n\n\n\n<figure class=\"wp-block-image size-full\"><img loading=\"lazy\" decoding=\"async\" width=\"756\" height=\"400\" src=\"https:\/\/www.etoro.com\/wp-content\/uploads\/2023\/10\/Body-Image-1_-Three-key-financial-statements-1-2.png\" alt=\"\" class=\"wp-image-742535 wp-image-desktop\" srcset=\"https:\/\/www.etoro.com\/wp-content\/uploads\/2023\/10\/Body-Image-1_-Three-key-financial-statements-1-2.png 756w, https:\/\/www.etoro.com\/wp-content\/uploads\/2023\/10\/Body-Image-1_-Three-key-financial-statements-1-2-300x159.png 300w\" sizes=\"(max-width: 756px) 100vw, 756px\" \/><\/figure>\n\n\n\n<h2 class=\"wp-block-heading\">I tre principali bilanci finanziari<\/h2>\n\n\n\n<p>I bilanci finanziari sono rilasciati normalmente alla fine di ogni trimestre e forniscono informazioni dettagliate sull\u2019azienda. Le cifre principali riguardanti l\u2019impresa, che possono essere ricavate da questi report, <strong>indicano immediatamente se il titolo emesso viene scambiato al giusto valore di mercato.<\/strong><\/p>\n\n\n\n<blockquote class=\"wp-block-quote wp-block-quote-scheme-green is-layout-flow wp-block-quote-is-layout-flow\">\n<p>Non compro mai un titolo che non sono sicuro di capire.<\/p>\n<cite><a href=\"https:\/\/le-citazioni.it\/frasi\/1973485-warren-buffett-non-compro-mai-un-titolo-che-non-sono-sicuro-di-ca\/\" target=\"_blank\" rel=\"noreferrer noopener\">Warren Buffett<\/a><\/cite><\/blockquote>\n\n\n\n<h3 class=\"wp-block-heading\">Bilanci patrimoniali<\/h3>\n\n\n\n<p>I bilanci patrimoniali forniscono <strong>informazioni sugli asset<\/strong> di un\u2019azienda, i suoi passivi, i <strong>debiti<\/strong> e le fonti dei <strong>capitali<\/strong> in termini di capitali propri.<\/p>\n\n\n\n<p>Questi dati possono aiutarti a <strong>valutare se un\u2019azienda \u00e8 in grado di sostenere i propri costi operativi sul breve periodo<\/strong>, pagare i debiti e distribuire <a href=\"https:\/\/www.etoro.com\/it\/investing\/what-are-dividends\/\">dividendi<\/a> \u2013 se si tratta di una societ\u00e0 che prevede tale distribuzione.<\/p>\n\n\n\n<h3 class=\"wp-block-heading\">Conti economici<\/h3>\n\n\n\n<p>I conti economici permettono invece di comprendere quali possano essere i <strong>profitti dell\u2019azienda<\/strong>. Sono presenti i <strong>ricavi<\/strong> e le plusvalenze, cos\u00ec come vengono sottratte le spese e le perdite, in modo da stabilire quali siano i ricavi netti. Questo permette di comprendere le performance finanziarie della societ\u00e0.<\/p>\n\n\n\n<div class=\"wp-block-etoro-tip wp-block-etoro-tip-border-yellow\"><span class=\"wp-block-etoro-tip-icon\"><\/span><div class=\"wp-block-etoro-tip-text\">\n<p><strong>Suggerimento:<\/strong> esprimere i margini di profitto in termini percentuali aiuta a comparare le performance finanziarie di diverse societ\u00e0.<\/p>\n<\/div><\/div>\n\n\n\n<h3 class=\"wp-block-heading\">Flussi di cassa<\/h3>\n\n\n\n<p>I flussi di cassa aiutano a comprendere meglio quali siano le <strong>operazioni interne <\/strong>all\u2019impresa, poich\u00e9 forniscono informazioni precise sui flussi finanziari generati dalle sue operazioni principali.<\/p>\n\n\n\n<p>Questi rendiconti tengono in considerazione anche le operazioni quali <strong>l\u2019acquisizione di nuovi capitali, le spese e altre forme di investimenti e prestiti.<\/strong><\/p>\n\n\n\n<figure class=\"wp-block-image size-full\"><img loading=\"lazy\" decoding=\"async\" width=\"756\" height=\"400\" src=\"https:\/\/www.etoro.com\/wp-content\/uploads\/2023\/10\/Body-Image-2_-What-should-investors-look-for-in-financial-reports_-1-3.png\" alt=\"\" class=\"wp-image-742579 wp-image-desktop\" srcset=\"https:\/\/www.etoro.com\/wp-content\/uploads\/2023\/10\/Body-Image-2_-What-should-investors-look-for-in-financial-reports_-1-3.png 756w, https:\/\/www.etoro.com\/wp-content\/uploads\/2023\/10\/Body-Image-2_-What-should-investors-look-for-in-financial-reports_-1-3-300x159.png 300w\" sizes=\"(max-width: 756px) 100vw, 756px\" \/><\/figure>\n\n\n\n<h2 class=\"wp-block-heading\">Cosa dovrebbero cercare gli investitori nei bilanci finanziari?<\/h2>\n\n\n\n<p>Esistono elementi che gli investitori che vogliono studiare le performance di una societ\u00e0 nel dettaglio dovrebbero tenere in particolare considerazione. <strong>Conoscerli permette di scegliere investimenti in linea con il proprio profilo di rischio.<\/strong><\/p>\n\n\n\n<p><mark> Verificare i bilanci patrimoniali e i flussi di cassa aiuta a determinare se una societ\u00e0 ha capitali sufficienti a sostenere le proprie operazioni, mentre i conti economici aiutano a capire se la societ\u00e0 \u00e8 in profitto e quale sia il suo potenziale di crescita.<\/mark><\/p>\n\n\n\n<h2 class=\"wp-block-heading\">Dove si possono trovare i bilanci finanziari?<\/h2>\n\n\n\n<p><strong>I bilanci possono essere trovati sui siti ufficiali delle societ\u00e0<\/strong>, nelle sezioni \u201cRelazioni con gli investitori\u201d o \u201c<a href=\"https:\/\/www.fininvest.it\/it\/info_finanziarie\/bilancio\" target=\"_blank\" rel=\"noreferrer noopener\">Informazioni finanziarie<\/a>\u201d. Le societ\u00e0 dovrebbero offrire sempre informazioni chiare, trasparenti e alcune aziende scelgono di arricchire tali dati con commenti degli amministratori e video di riunioni.<\/p>\n\n\n\n<p>Essendo i bilanci documenti complessi, ma di fondamentale importanza, le <strong>agenzie di informazione, o gli stessi broker, potrebbero fornire un\u2019analisi di pi\u00f9 semplice comprensione agli investitori<\/strong>, aggiungendo i punti di vista e le analisi di professionisti del settore.&nbsp;<\/p>\n\n\n\n<p><strong>Gli investitori possono anche servirsi dei <\/strong><a href=\"https:\/\/www.etoro.com\/it\/news-and-analysis\/\"><strong>forum di discussione<\/strong><\/a>, in cui i diversi punti di vista possono essere condivisi e discussi.<strong><br><\/strong><\/p>\n\n\n\n<div class=\"wp-block-etoro-tip wp-block-etoro-tip-border-yellow\"><span class=\"wp-block-etoro-tip-icon\"><\/span><div class=\"wp-block-etoro-tip-text\">\n<p><strong>Suggerimento:<\/strong> i <a href=\"https:\/\/www.etoro.com\/it\/investing\/earnings-reports\/\">calendari di pubblicazione dei bilanci<\/a> sono uno strumento utile per restare aggiornati sulle date in cui le societ\u00e0 condividono i nuovi bilanci.<\/p>\n<\/div><\/div>\n\n\n\n<h2 class=\"wp-block-heading\">Perch\u00e9 i bilanci trimestrali sono cos\u00ec importanti per gli investitori?&nbsp;<\/h2>\n\n\n\n<p><mark> Data l\u2019importanza dei rendiconti finanziari, ci si riferisce spesso al periodo di pubblicazione come alla \u201c<a href=\"https:\/\/www.etoro.com\/it\/stocks\/earnings-season\/\">Stagione degli utili<\/a>\u201d.<\/mark><\/p>\n\n\n\n<p>In questi periodi <strong>la percezione degli investitori \u00e8 fondamentale<\/strong>. Se una societ\u00e0 ha ottenuto performance superiori a quelle del mercato di riferimento, si parler\u00e0 allora di &#8220;hot stock pick&#8221;, il titolo del momento, che potrebbe innescare un ulteriore aumento del prezzo dell\u2019asset.&nbsp;<\/p>\n\n\n\n<p>Se l&#8217;investitore \u00e8 interessato a comprendere l&#8217;andamento delle <a href=\"https:\/\/www.etoro.com\/it\/discover\/markets\/stocks\">azioni<\/a> relative a un intero settore, pu\u00f2 valutarlo attraverso le performance delle societ\u00e0 che appartengono a quel settore. <strong>L\u2019investitore pu\u00f2 decidere di comparare le performance di una societ\u00e0 con i risultati passati<\/strong>, in modo da valutare il percorso della societ\u00e0 e scovare eventuali trend.&nbsp;<\/p>\n\n\n\n<figure class=\"wp-block-image size-full\"><img loading=\"lazy\" decoding=\"async\" width=\"756\" height=\"400\" src=\"https:\/\/www.etoro.com\/wp-content\/uploads\/2023\/10\/Body-Image-3_-Why-are-quarterly-reports-important-to-investors_-1-2.png\" alt=\"\" class=\"wp-image-742642 wp-image-desktop\" srcset=\"https:\/\/www.etoro.com\/wp-content\/uploads\/2023\/10\/Body-Image-3_-Why-are-quarterly-reports-important-to-investors_-1-2.png 756w, https:\/\/www.etoro.com\/wp-content\/uploads\/2023\/10\/Body-Image-3_-Why-are-quarterly-reports-important-to-investors_-1-2-300x159.png 300w\" sizes=\"(max-width: 756px) 100vw, 756px\" \/><\/figure>\n\n\n\n<h2 class=\"wp-block-heading\">Conclusioni<\/h2>\n\n\n\n<p><strong>L\u2019analisi dei rendiconti finanziari rientra nell\u2019ambito dell\u2019analisi fondamentale<\/strong>, che costituisce una parte significativa delle strategie di investimento. Avere una strategia ben strutturata e basata su informazioni oggettive d\u00e0 all\u2019investitore un modo per avere la giusta disciplina e sicurezza.&nbsp;<\/p>\n\n\n\n<p>Le informazioni ottenute dai bilanci finanziari, abbinate a riunioni sugli utili \u2013 riunioni in cui i manager, gli investitori e le altre parti interessate si confrontano \u2013 <strong>possono aiutarti a capire se vuoi davvero investire in una societ\u00e0.<\/strong><\/p>\n\n\n\n<p>Visita l\u2019<a href=\"https:\/\/www.etoro.com\/it\/academy\/\">Accademia eToro<\/a> per scoprire come individuare opportunit\u00e0 di investimento.<\/p>\n\n\n\n<h2 class=\"wp-block-heading\">Quiz<\/h2>\n\n\n\n<div class=\"wp-block-etoro-quizzes\">\n<div class=\"wp-block-etoro-quiz\" data-answer=\"1\"><div class=\"wp-block-etoro-quiz-body\"><div class=\"wp-block-etoro-quiz-question\">Quando vengono pubblicati tipicamente i report finanziari delle aziende statunitensi?<\/div>\n<div class=\"wp-block-etoro-quiz-item\">Mensilmente<\/div>\n\n\n\n<div class=\"wp-block-etoro-quiz-item\">Trimestralmente<\/div>\n\n\n\n<div class=\"wp-block-etoro-quiz-item\">Annualmente<\/div>\n<\/div><div class=\"wp-block-etoro-quiz-result\">\u00a0<\/div><\/div>\n<\/div>\n\n\n\n\n\n<h2 class=\"wp-block-heading\">Domande frequenti<\/h2>\n\n\n\n<dl class=\"wp-block-etoro-faq\">\n<div class=\"wp-block-etoro-faq-item\"><dt class=\"wp-block-etoro-faq-item-question\">Cos\u2019\u00e8 un \u201cearnings beat\u201d?<\/dt><dd class=\"wp-block-etoro-faq-item-answer\">\n<p>Un &#8220;earnings beat&#8221;, tradotto letteralmente come &#8220;superamento degli utili&#8221;, si pu\u00f2 verificare quando le aziende rendono noti i propri risultati finanziari. Prima dell&#8217;annuncio sugli utili, broker finanziari e analisti delle societ\u00e0 di investimento elaborano <a href=\"https:\/\/mercati.ilsole24ore.com\/dati-macroeconomici\/paesi-a-confronto\/previsione-economica\" target=\"_blank\" rel=\"noreferrer noopener\">previsioni<\/a> su ci\u00f2 che pensano verr\u00e0 mostrato nel rapporto.&nbsp;<\/p>\n\n\n\n<p>Questi pareri individuali sono raccolti da agenzie specializzate per formulare una previsione condivisa. Quando il dato effettivo sugli utili supera tale previsione, si parla di superamento degli utili.<\/p>\n<\/dd><\/div>\n\n\n\n<div class=\"wp-block-etoro-faq-item\"><dt class=\"wp-block-etoro-faq-item-question\">Quante aziende superano le previsioni sugli utili?<\/dt><dd class=\"wp-block-etoro-faq-item-answer\">\n<p>Solitamente, un\u2019alta percentuale delle societ\u00e0 supera le previsioni sugli utili \u2013 dati storici mostrano che le sole <a href=\"https:\/\/www.soldionline.it\/tag\/trimestrali-usa\/\" target=\"_blank\" rel=\"noreferrer noopener\">societ\u00e0 statunitensi<\/a> superano le previsioni nel 66% dei casi. Questo avviene in parte perch\u00e9 le previsioni sono spesso orientate al ribasso e dunque un &#8220;superamento&#8221; potrebbe non essere sempre positivo come sembra a prima vista.<\/p>\n<\/dd><\/div>\n\n\n\n<div class=\"wp-block-etoro-faq-item\"><dt class=\"wp-block-etoro-faq-item-question\">Quali sono i rischi nell&#8217;utilizzare i bilanci per aiutarti a investire?<\/dt><dd class=\"wp-block-etoro-faq-item-answer\">\n<p>I bilanci sono considerati <a href=\"https:\/\/www.universoforex.it\/news\/1589\/indicatori_lagging_cosa_sono_e_quali_sono_quelli_piu_affidabili_nel_trading.html\" target=\"_blank\" rel=\"noreferrer noopener\">indicatori ritardati<\/a> perch\u00e9 offrono una visione di ci\u00f2 che \u00e8 accaduto nel trimestre precedente. Sebbene forniscano intuizioni fondamentali sulle prestazioni di una singola azienda, non tengono conto dei fattori macroeconomici pi\u00f9 ampi.<\/p>\n\n\n\n<p>Le decisioni di investimento, quindi, possono essere migliorate considerando un&#8217;ampia gamma di dati macroeconomici e incorporando analisi pi\u00f9 soggettive, prendendosi il tempo per valutare aspetti come la qualit\u00e0 del team di gestione di un&#8217;azienda.<\/p>\n<\/dd><\/div>\n\n\n\n<div class=\"wp-block-etoro-faq-item\"><dt class=\"wp-block-etoro-faq-item-question\">Quali trend nei flussi di cassa (come un cash flow operativo costantemente negativo) dovrebbero allertare un investitore?<\/dt><dd class=\"wp-block-etoro-faq-item-answer\">\n<p>Segnali come un flusso di cassa operativo (FCO) costantemente negativo possono indicare un modello di business insostenibile o una cattiva gestione della liquidit\u00e0. \u00c8 opportuno monitorare anche l&#8217;andamento delle metriche di valutazione nel tempo per comprendere come potrebbe variare la solidit\u00e0 finanziaria dell&#8217;azienda.<\/p>\n<\/dd><\/div>\n\n\n\n<div class=\"wp-block-etoro-faq-item\"><dt class=\"wp-block-etoro-faq-item-question\">Come posso usare i tre rendiconti finanziari per valutare la salute di un&#8217;azienda?<\/dt><dd class=\"wp-block-etoro-faq-item-answer\">\n<p>Stato patrimoniale, conto economico e rendiconto finanziario vanno analizzati insieme. Utilizzando i rapporti finanziari per collegarli, \u00e8 possibile ottenere una visione olistica su performance, liquidit\u00e0 e sostenibilit\u00e0 a lungo termine della societ\u00e0.<\/p>\n<\/dd><\/div>\n<\/dl>\n\n\n\n\t\t<style>\n\t\t\t.rtl .etoro-block-shortcode-disclaimer {\n\t\t\t\ttext-align:right;\n\t\t\t}\n\t\t\t.etoro-block-shortcode-disclaimer {\n\t\t\t\tmargin-bottom:18px;\n\t\t\t\ttext-align:left;\n\t\t\t}\n\t\t\t.etoro-block-shortcode-disclaimer p{\n\t\t\t\tfont-size: 12px;\n\t\t\t\tline-height: 18px;\n\t\t\t}\n\t\t\t@media (min-width: 768px) {\n\t\t\t\t.etoro-block-shortcode-disclaimer {\n\t\t\t\t\tmax-width:1176px;\n\t\t\t\t\ttext-align:center;\n\t\t\t\t}\n\t\t\t\t.etoro-block-shortcode-disclaimer p {\n\t\t\t\t\tfont-size: 14px;\n\t\t\t\t\tline-height: 20px;\n\t\t\t\t}\n\t\t\t}\n\t\t<\/style>\n\t\t<div class='etoro-block-shortcode-disclaimer'><p>Le presenti informazioni vengono fornite al solo scopo educativo e non rappresentano consigli d\u2019investimento o suggerimenti personali. Tali informazioni non devono quindi essere interpretate come offerte o solleciti di compravendita di strumenti finanziari.<\/p>\n<p>Il materiale \u00e8 stato preparato senza tener conto di precisi obiettivi d\u2019investimento o specifiche situazioni finanziarie e non soddisfa pertanto i criteri legali e legislativi previsti per la promozione di ricerche indipendenti.<\/p>\n<p><strong>Non tutti gli strumenti finanziari e i servizi cui viene fatto riferimento sono offerti da eToro<\/strong> e qualsiasi riferimento alle prestazioni passate di uno specifico strumento, indice o prodotto d\u2019investimento preassemblato non rappresenta n\u00e9 deve essere interpretato come un indicatore affidabile di possibili prestazioni future. <strong>La disponibilit\u00e0 di tutti i prodotti e servizi sopra menzionati pu\u00f2 variare a seconda della giurisdizione e del Paese.<\/strong><\/p>\n<p>eToro non offre alcuna garanzia n\u00e9 si assume la responsabilit\u00e0 in merito all\u2019accuratezza o alla completezza del contenuto esposto nella presente guida. Il lettore deve garantire di aver compreso appieno i rischi comportati dal trading prima di impegnare capitale. Si sconsiglia di mettere a rischio pi\u00f9 denaro di quanto non se ne possa perdere.<\/p>\n<\/div>\n","protected":false},"excerpt":{"rendered":"<p>I bilanci finanziari di un\u2019impresa sono fondamentali per comprendere dati essenziali sulle sue performance e la sostenibilit\u00e0 nel tempo. Questi sono particolarmente utili per gli investitori che cercano informazioni pi\u00f9 accurate su possibili investimenti. Scopri di pi\u00f9 su questi rendiconti. I bilanci finanziari sono utili per valutare le condizioni di un\u2019impresa e le sue potenzialit\u00e0&hellip;<\/p>\n","protected":false},"author":107,"featured_media":747517,"parent":949,"menu_order":0,"comment_status":"closed","ping_status":"closed","template":"","meta":{"_acf_changed":true,"inline_featured_image":false,"sticky_cta_settings":"","footnotes":""},"asset_type":[],"class_list":["post-742427","page","type-page","status-publish","has-post-thumbnail","hentry"],"acf":[],"yoast_head":"<title>Capire i Bilanci Finanziari | Guida per gli Investitori<\/title>\n<meta name=\"description\" content=\"I bilanci finanziari ti aiutano a capire il potenziale di una societ\u00e0. Scopri come usare i 3 principali bilanci finanziari nella tua strategia di investimento.\" \/>\n<meta name=\"robots\" content=\"index, follow, max-snippet:-1, max-image-preview:large, max-video-preview:-1\" \/>\n<link rel=\"canonical\" href=\"https:\/\/www.etoro.com\/it\/wp-json\/wp\/v2\/pages\/742427\" \/>\n<meta property=\"og:locale\" content=\"it_IT\" \/>\n<meta property=\"og:type\" content=\"article\" \/>\n<meta property=\"og:title\" content=\"Capire i Bilanci Finanziari | Guida per gli Investitori\" \/>\n<meta property=\"og:description\" content=\"I bilanci finanziari ti aiutano a capire il potenziale di una societ\u00e0. Scopri come usare i 3 principali bilanci finanziari nella tua strategia di investimento.\" \/>\n<meta property=\"og:url\" content=\"https:\/\/www.etoro.com\/it\/wp-json\/wp\/v2\/pages\/742427\" \/>\n<meta property=\"og:site_name\" content=\"eToro\" \/>\n<meta property=\"article:publisher\" content=\"https:\/\/www.facebook.com\/eToro\/\" \/>\n<meta property=\"article:modified_time\" content=\"2026-03-17T07:07:42+00:00\" \/>\n<meta property=\"og:image\" content=\"https:\/\/www.etoro.com\/wp-content\/uploads\/2023\/10\/IT-3-Financial-Reports-1200x630-2.png\" \/>\n\t<meta property=\"og:image:width\" content=\"1200\" \/>\n\t<meta property=\"og:image:height\" content=\"630\" \/>\n\t<meta property=\"og:image:type\" content=\"image\/png\" \/>\n<meta name=\"twitter:card\" content=\"summary_large_image\" \/>\n<meta name=\"twitter:site\" content=\"@eToro\" \/>\n<meta name=\"twitter:label1\" content=\"Est. reading time\" \/>\n\t<meta name=\"twitter:data1\" content=\"6 minutes\" \/>\n<script type=\"application\/ld+json\" class=\"yoast-schema-graph\">{\"@context\":\"https:\/\/schema.org\",\"@graph\":[{\"@type\":\"WebPage\",\"@id\":\"https:\/\/www.etoro.com\/it\/investing\/3-financial-reports\/\",\"url\":\"https:\/\/www.etoro.com\/it\/investing\/3-financial-reports\/\",\"name\":\"Capire i Bilanci Finanziari | Guida per gli Investitori\",\"isPartOf\":{\"@id\":\"https:\/\/www.etoro.com\/it\/#website\"},\"primaryImageOfPage\":{\"@id\":\"https:\/\/www.etoro.com\/it\/investing\/3-financial-reports\/#primaryimage\"},\"image\":{\"@id\":\"https:\/\/www.etoro.com\/it\/investing\/3-financial-reports\/#primaryimage\"},\"thumbnailUrl\":\"https:\/\/www.etoro.com\/wp-content\/uploads\/2023\/10\/IT-3-Financial-Reports-1200x630-2.png\",\"datePublished\":\"2023-10-30T10:55:00+00:00\",\"dateModified\":\"2026-03-17T07:07:42+00:00\",\"description\":\"I bilanci finanziari ti aiutano a capire il potenziale di una societ\u00e0. Scopri come usare i 3 principali bilanci finanziari nella tua strategia di investimento.\",\"breadcrumb\":{\"@id\":\"https:\/\/www.etoro.com\/it\/investing\/3-financial-reports\/#breadcrumb\"},\"inLanguage\":\"it\",\"potentialAction\":[{\"@type\":\"ReadAction\",\"target\":[\"https:\/\/www.etoro.com\/it\/investing\/3-financial-reports\/\"]}]},{\"@type\":\"ImageObject\",\"inLanguage\":\"it\",\"@id\":\"https:\/\/www.etoro.com\/it\/investing\/3-financial-reports\/#primaryimage\",\"url\":\"https:\/\/www.etoro.com\/wp-content\/uploads\/2023\/10\/IT-3-Financial-Reports-1200x630-2.png\",\"contentUrl\":\"https:\/\/www.etoro.com\/wp-content\/uploads\/2023\/10\/IT-3-Financial-Reports-1200x630-2.png\",\"width\":1200,\"height\":630},{\"@type\":\"BreadcrumbList\",\"@id\":\"https:\/\/www.etoro.com\/it\/investing\/3-financial-reports\/#breadcrumb\",\"itemListElement\":[{\"@type\":\"ListItem\",\"position\":1,\"name\":\"Home\",\"item\":\"https:\/\/www.etoro.com\/it\/\"},{\"@type\":\"ListItem\",\"position\":2,\"name\":\"Investing\",\"item\":\"https:\/\/www.etoro.com\/investing\/\"},{\"@type\":\"ListItem\",\"position\":3,\"name\":\"Bilanci finanziari: i 3 principali\"}]},{\"@type\":\"WebSite\",\"@id\":\"https:\/\/www.etoro.com\/it\/#website\",\"url\":\"https:\/\/www.etoro.com\/it\/\",\"name\":\"eToro\",\"description\":\"\",\"publisher\":{\"@id\":\"https:\/\/www.etoro.com\/it\/#organization\"},\"potentialAction\":[{\"@type\":\"SearchAction\",\"target\":{\"@type\":\"EntryPoint\",\"urlTemplate\":\"https:\/\/www.etoro.com\/it\/?s={search_term_string}\"},\"query-input\":{\"@type\":\"PropertyValueSpecification\",\"valueRequired\":true,\"valueName\":\"search_term_string\"}}],\"inLanguage\":\"it\"},[]]}<\/script>","yoast_head_json":{"title":"Capire i Bilanci Finanziari | Guida per gli Investitori","description":"I bilanci finanziari ti aiutano a capire il potenziale di una societ\u00e0. Scopri come usare i 3 principali bilanci finanziari nella tua strategia di investimento.","robots":{"index":"index","follow":"follow","max-snippet":"max-snippet:-1","max-image-preview":"max-image-preview:large","max-video-preview":"max-video-preview:-1"},"canonical":"https:\/\/www.etoro.com\/it\/wp-json\/wp\/v2\/pages\/742427","og_locale":"it_IT","og_type":"article","og_title":"Capire i Bilanci Finanziari | Guida per gli Investitori","og_description":"I bilanci finanziari ti aiutano a capire il potenziale di una societ\u00e0. Scopri come usare i 3 principali bilanci finanziari nella tua strategia di investimento.","og_url":"https:\/\/www.etoro.com\/it\/wp-json\/wp\/v2\/pages\/742427","og_site_name":"eToro","article_publisher":"https:\/\/www.facebook.com\/eToro\/","article_modified_time":"2026-03-17T07:07:42+00:00","og_image":[{"width":1200,"height":630,"url":"https:\/\/www.etoro.com\/wp-content\/uploads\/2023\/10\/IT-3-Financial-Reports-1200x630-2.png","type":"image\/png"}],"twitter_card":"summary_large_image","twitter_site":"@eToro","twitter_misc":{"Est. reading time":"6 minutes"},"schema":{"@context":"https:\/\/schema.org","@graph":[{"@type":"WebPage","@id":"https:\/\/www.etoro.com\/it\/investing\/3-financial-reports\/","url":"https:\/\/www.etoro.com\/it\/investing\/3-financial-reports\/","name":"Capire i Bilanci Finanziari | Guida per gli Investitori","isPartOf":{"@id":"https:\/\/www.etoro.com\/it\/#website"},"primaryImageOfPage":{"@id":"https:\/\/www.etoro.com\/it\/investing\/3-financial-reports\/#primaryimage"},"image":{"@id":"https:\/\/www.etoro.com\/it\/investing\/3-financial-reports\/#primaryimage"},"thumbnailUrl":"https:\/\/www.etoro.com\/wp-content\/uploads\/2023\/10\/IT-3-Financial-Reports-1200x630-2.png","datePublished":"2023-10-30T10:55:00+00:00","dateModified":"2026-03-17T07:07:42+00:00","description":"I bilanci finanziari ti aiutano a capire il potenziale di una societ\u00e0. Scopri come usare i 3 principali bilanci finanziari nella tua strategia di investimento.","breadcrumb":{"@id":"https:\/\/www.etoro.com\/it\/investing\/3-financial-reports\/#breadcrumb"},"inLanguage":"it","potentialAction":[{"@type":"ReadAction","target":["https:\/\/www.etoro.com\/it\/investing\/3-financial-reports\/"]}]},{"@type":"ImageObject","inLanguage":"it","@id":"https:\/\/www.etoro.com\/it\/investing\/3-financial-reports\/#primaryimage","url":"https:\/\/www.etoro.com\/wp-content\/uploads\/2023\/10\/IT-3-Financial-Reports-1200x630-2.png","contentUrl":"https:\/\/www.etoro.com\/wp-content\/uploads\/2023\/10\/IT-3-Financial-Reports-1200x630-2.png","width":1200,"height":630},{"@type":"BreadcrumbList","@id":"https:\/\/www.etoro.com\/it\/investing\/3-financial-reports\/#breadcrumb","itemListElement":[{"@type":"ListItem","position":1,"name":"Home","item":"https:\/\/www.etoro.com\/it\/"},{"@type":"ListItem","position":2,"name":"Investing","item":"https:\/\/www.etoro.com\/investing\/"},{"@type":"ListItem","position":3,"name":"Bilanci finanziari: i 3 principali"}]},{"@type":"WebSite","@id":"https:\/\/www.etoro.com\/it\/#website","url":"https:\/\/www.etoro.com\/it\/","name":"eToro","description":"","publisher":{"@id":"https:\/\/www.etoro.com\/it\/#organization"},"potentialAction":[{"@type":"SearchAction","target":{"@type":"EntryPoint","urlTemplate":"https:\/\/www.etoro.com\/it\/?s={search_term_string}"},"query-input":{"@type":"PropertyValueSpecification","valueRequired":true,"valueName":"search_term_string"}}],"inLanguage":"it"},[]]}},"_links":{"self":[{"href":"https:\/\/www.etoro.com\/it\/wp-json\/wp\/v2\/pages\/742427"}],"collection":[{"href":"https:\/\/www.etoro.com\/it\/wp-json\/wp\/v2\/pages"}],"about":[{"href":"https:\/\/www.etoro.com\/it\/wp-json\/wp\/v2\/types\/page"}],"author":[{"embeddable":true,"href":"https:\/\/www.etoro.com\/it\/wp-json\/wp\/v2\/users\/107"}],"replies":[{"embeddable":true,"href":"https:\/\/www.etoro.com\/it\/wp-json\/wp\/v2\/comments?post=742427"}],"version-history":[{"count":0,"href":"https:\/\/www.etoro.com\/it\/wp-json\/wp\/v2\/pages\/742427\/revisions"}],"up":[{"embeddable":true,"href":"https:\/\/www.etoro.com\/it\/wp-json\/wp\/v2\/pages\/949"}],"wp:featuredmedia":[{"embeddable":true,"href":"https:\/\/www.etoro.com\/it\/wp-json\/wp\/v2\/media\/747517"}],"wp:attachment":[{"href":"https:\/\/www.etoro.com\/it\/wp-json\/wp\/v2\/media?parent=742427"}],"wp:term":[{"taxonomy":"asset_type","embeddable":true,"href":"https:\/\/www.etoro.com\/it\/wp-json\/wp\/v2\/asset_type?post=742427"}],"curies":[{"name":"wp","href":"https:\/\/api.w.org\/{rel}","templated":true}]}}