{"id":807803,"date":"2023-12-12T17:26:48","date_gmt":"2023-12-12T15:26:48","guid":{"rendered":"https:\/\/www.etoro.com\/trading\/cfd-leverage-and-margin\/"},"modified":"2025-11-03T14:09:57","modified_gmt":"2025-11-03T12:09:57","slug":"cfd-leverage-and-margin","status":"publish","type":"page","link":"https:\/\/www.etoro.com\/it\/trading\/cfd-leverage-and-margin\/","title":{"rendered":"Leva e margine nel trading di CFD"},"content":{"rendered":"\n<p class=\"is-style-summary\">La leva finanziaria e il margine possono essere utilizzati nel trading di CFD per aumentare la dimensione di una posizione. Ci\u00f2, per\u00f2, amplifica anche i rischi dell\u2019operazione, per questo \u00e8 importante utilizzare tali strumenti con attenzione.<\/p>\n\n\n\n\n\n\n<hr class=\"wp-block-separator wp-block-separator-color-dark-grey wp-block-separator-spaces-medium wp-block-separator-weight-1\"\/>\n\n\n\n<p>Il trading di CFD offre molte opportunit\u00e0 agli investitori, ma richiede la comprensione di due concetti chiave: il <a href=\"https:\/\/www.etoro.com\/it\/trading\/leverage-margin\/\"><strong>margine e la leva finanziaria<\/strong><\/a>.&nbsp;<\/p>\n\n\n\n<p>Si tratta di strumenti che possono amplificare i guadagni ma, allo stesso tempo, <strong>aumentano anche il rischio<\/strong> di subire delle perdite.<\/p>\n\n\n\n<blockquote class=\"wp-block-quote wp-block-quote-scheme-green is-layout-flow wp-block-quote-is-layout-flow\">\n<p>Attraverso l&#8217;utilizzo della leva finanziaria (o &#8220;leverage&#8221;) un soggetto ha la possibilit\u00e0 di acquistare o vendere attivit\u00e0 finanziarie per un ammontare superiore al capitale posseduto.<\/p>\n<cite><a href=\"https:\/\/www.consob.it\/web\/investor-education\/la-leva-finanziaria\" target=\"_blank\" rel=\"noreferrer noopener\">Consob<\/a><\/cite><\/blockquote>\n\n\n\n<h2 class=\"wp-block-heading\">Come funziona il margine nel trading di CFD<\/h2>\n\n\n\n<p>Nel <a href=\"https:\/\/www.etoro.com\/it\/trading\/cfd\/what-is-cfd\/\">trading di CFD<\/a>, il <a href=\"https:\/\/www.etoro.com\/it\/customer-service\/help\/1115609992\/cos-%C3%A8-il-margine\/\"><strong>margine<\/strong><\/a><strong> funziona come<\/strong> <strong>capitale di garanzia<\/strong>. Rappresenta la somma richiesta dal broker al trader per aprire e per mantenere attiva una posizione.<\/p>\n\n\n\n<figure class=\"wp-block-image size-full\"><img loading=\"lazy\" decoding=\"async\" width=\"756\" height=\"400\" src=\"https:\/\/www.etoro.com\/wp-content\/uploads\/2023\/12\/Body-Image-1_-Margin-rates-for-CFDs.png\" alt=\"\" class=\"wp-image-794444 wp-image-desktop\" srcset=\"https:\/\/www.etoro.com\/wp-content\/uploads\/2023\/12\/Body-Image-1_-Margin-rates-for-CFDs.png 756w, https:\/\/www.etoro.com\/wp-content\/uploads\/2023\/12\/Body-Image-1_-Margin-rates-for-CFDs-300x159.png 300w\" sizes=\"(max-width: 756px) 100vw, 756px\" \/><\/figure>\n\n\n\n<p>Proprio su tale somma vengono calcolati eventuali profitti o perdite determinati dalle variazioni di prezzo del CFD.<strong> <\/strong>Mediamente, il <strong>margine richiesto dal broker<\/strong> si attesta su una percentuale che va dal 10 al 30% del valore complessivo della posizione.<\/p>\n\n\n\n<p>Facciamo un <strong>esempio<\/strong>.&nbsp;<\/p>\n\n\n\n<p>Supponiamo di voler <strong>investire in <\/strong><a href=\"https:\/\/www.etoro.com\/it\/discover\/markets\/stocks\"><strong>azioni<\/strong><\/a> e, in particolare, di aver scelto il titolo <a href=\"https:\/\/www.etoro.com\/it\/markets\/csco\">Cisco Systems<\/a> che ha, supponiamo, un valore di mercato di 50 $ per azione.&nbsp;<\/p>\n\n\n\n<p>Se si desidera acquistare 100 azioni, il valore totale della posizione sar\u00e0 di 5.000 $ (100 azioni x 50 $ ciascuna). Se, per esempio, il <strong>tasso di margine<\/strong> richiesto dal broker si attesta al 10%, il margine iniziale necessario per aprire la posizione sarebbe di 500 $ (10% di 5.000 $).<\/p>\n\n\n\n<p>Laddove il saldo dovesse scendere sotto il margine di mantenimento richiesto, il broker pu\u00f2 effettuare una \u201c<em>margin call<\/em>\u201d, ossia una \u201c<strong>chiamata a margine<\/strong>\u201d per richiedere al trader di investire capitali aggiuntivi.<\/p>\n\n\n\n<div class=\"wp-block-etoro-tip wp-block-etoro-tip-border-yellow\"><span class=\"wp-block-etoro-tip-icon\"><\/span><div class=\"wp-block-etoro-tip-text\">\n<p><strong>Suggerimento:<\/strong> a seguito di una margin call, il trader pu\u00f2 decidere di versare ulteriori capitali oppure pu\u00f2 liquidare la posizione.<\/p>\n<\/div><\/div>\n\n\n\n<h2 class=\"wp-block-heading\">Tassi di margine per i CFD<\/h2>\n\n\n\n<p>I tassi di margine per i CFD<strong> variano in base a diversi fattori<\/strong>, come il tipo di asset, la volatilit\u00e0 del mercato e le politiche del broker.<\/p>\n\n\n\n<div class=\"wp-block-etoro-tip wp-block-etoro-tip-border-yellow\"><span class=\"wp-block-etoro-tip-icon\"><\/span><div class=\"wp-block-etoro-tip-text\">\n<p><strong>Suggerimento: <\/strong>In genere, gli asset pi\u00f9 volatili richiedono un tasso di margine pi\u00f9 elevato.<\/p>\n<\/div><\/div>\n\n\n\n<p>eToro, come altri broker, stabilisce i propri tassi di margine e li aggiorna in base alle condizioni di mercato. Tali informazioni sono disponibili sulla piattaforma<strong> <\/strong>e sono essenziali per la <strong>gestione del rischio<\/strong>.<\/p>\n\n\n\n<h2 class=\"wp-block-heading\">Come calcolare i margini per i CFD<\/h2>\n\n\n\n<p>Per <strong>calcolare il margine nel <\/strong><a href=\"https:\/\/www.etoro.com\/it\/academy\/courses\/cfd-trading-for-beginners\/\"><strong>trading di CFD<\/strong><\/a>, basta moltiplicare il tasso di margine richiesto dal broker per l\u2019equity della posizione, ossia per il suo valore complessivo.<\/p>\n\n\n\n<p>Ad esempio, nel caso precedente delle azioni Cisco Systems, il <strong>margine richiesto<\/strong> era di 500 $ a fronte di una posizione di 5.000 $. Se il prezzo scendesse a 45 $ per azione, la posizione varrebbe 4.500 $ (100 azioni x 45 $), per cui il margine sarebbe pari a 450 $.<\/p>\n\n\n\n<h2 class=\"wp-block-heading\">Cos&#8217;\u00e8 la leva finanziaria nel trading di CFD<\/h2>\n\n\n\n<p>La <strong>leva finanziaria nel trading di CFD<\/strong> \u00e8 uno strumento<strong> <\/strong>che permette a un trader di aumentare di \u201cX volte\u201d la dimensione di una posizione rispetto al capitale a propria disposizione. Ci\u00f2 significa che sia gli eventuali profitti, ma anche le possibili<strong> perdite, saranno proporzionalmente maggiori.<\/strong><\/p>\n\n\n\n<p>Si tratta di uno <strong>strumento rischioso<\/strong> che, se da un lato offre la possibilit\u00e0 di fare trading nonostante si hanno somme ridotte a disposizione, dall\u2019altro richiede grande esperienza e attenzione poich\u00e9 anche le perdite saranno amplificate.<\/p>\n\n\n\n<figure class=\"wp-block-image size-full\"><img loading=\"lazy\" decoding=\"async\" width=\"756\" height=\"400\" src=\"https:\/\/www.etoro.com\/wp-content\/uploads\/2023\/12\/Body-Image-2_-How-leverage-works-in-CFDs.png\" alt=\"\" class=\"wp-image-794465 wp-image-desktop\" srcset=\"https:\/\/www.etoro.com\/wp-content\/uploads\/2023\/12\/Body-Image-2_-How-leverage-works-in-CFDs.png 756w, https:\/\/www.etoro.com\/wp-content\/uploads\/2023\/12\/Body-Image-2_-How-leverage-works-in-CFDs-300x159.png 300w\" sizes=\"(max-width: 756px) 100vw, 756px\" \/><\/figure>\n\n\n\n<h2 class=\"wp-block-heading\">Come funziona la leva finanziaria nei CFD<\/h2>\n\n\n\n<p>Per capire come funziona e <strong>quali sono gli effetti della leva nel trading di CFD<\/strong> facciamo un esempio concreto.<\/p>\n\n\n\n<p>Supponiamo che due investitori decidono di acquistare <strong>azioni <a href=\"https:\/\/www.etoro.com\/markets\/axp\">American Express<\/a><\/strong> per un valore totale di 12.000 $.&nbsp;<\/p>\n\n\n\n<p>Il primo investitore sceglie di non utilizzare la leva e paga l&#8217;intero importo. Il secondo, un trader di CFD, opta per una <strong>leva x5<\/strong>, quindi versa come margine solo un quinto dell&#8217;esposizione totale, ovvero 2.400 $.<\/p>\n\n\n\n<p>Immaginiamo che il valore dell&#8217;azione American Express vari di 900 $. L&#8217;investitore senza leva vedr\u00e0 un <strong>aumento o una diminuzione <\/strong>proporzionale del rendimento della sua posizione.<\/p>\n\n\n\n<p>Per il trader di CFD con la leva x5, invece, <strong>l&#8217;effetto di questa variazione sar\u00e0 amplificato<\/strong> cinque volte.<\/p>\n\n\n\n<p>Se il <strong>valore delle azioni<\/strong> aumenta di 900 $, il trader di CFD guadagna cinque volte l&#8217;importo di questo cambiamento, ossia 4.500 $, considerando un investimento iniziale di 2.400 $. In caso contrario, i 4.500 $ si riferiranno alle perdita riscontrata.<\/p>\n\n\n\n<figure class=\"wp-block-table\"><div class=\"wp-block-table-content\"><div class=\"wp-block-table-content-nav wp-block-table-content-nav-left\"><div class=\"wp-block-table-content-nav-arrow wp-block-table-content-nav-arrow-left\"><\/div><\/div><div class=\"wp-block-table-content-nav wp-block-table-content-nav-right\"><div class=\"wp-block-table-content-nav-arrow wp-block-table-content-nav-arrow-right\"><\/div><\/div><div class=\"wp-block-table-content-table\"><table><thead><tr><th class=\"has-text-align-center\" data-align=\"center\"><\/th><th class=\"has-text-align-center\" data-align=\"center\"><strong>Investitore senza leva<\/strong><\/th><th class=\"has-text-align-center\" data-align=\"center\"><strong>Trader di CFD<\/strong><\/th><\/tr><\/thead><tbody><tr><td class=\"has-text-align-center\" data-align=\"center\"><strong>Denaro depositato<\/strong><\/td><td class=\"has-text-align-center\" data-align=\"center\">12.000 $<\/td><td class=\"has-text-align-center\" data-align=\"center\">2.400 $<\/td><\/tr><tr><td class=\"has-text-align-center\" data-align=\"center\"><strong>Variazione di valore<\/strong><\/td><td class=\"has-text-align-center\" data-align=\"center\">900 $<\/td><td class=\"has-text-align-center\" data-align=\"center\">900 $<\/td><\/tr><tr><td class=\"has-text-align-center\" data-align=\"center\"><strong>Variazione % del valore<\/strong><\/td><td class=\"has-text-align-center\" data-align=\"center\">7,5%<\/td><td class=\"has-text-align-center\" data-align=\"center\">37,5%<\/td><\/tr><\/tbody><\/table><\/div><\/div><\/figure>\n\n\n\n<p>Per l&#8217;investitore che non usa la leva, la variazione di 900 $ \u00e8 pari al 7,5% del suo investimento. Per il trader che usa la leva x5, invece, l&#8217;effetto della variazione di 900 $ \u00e8 amplificato cinque volte. CI\u00f2 comporta un <strong>cambiamento percentuale molto pi\u00f9 elevato<\/strong> (37,5%) rispetto al margine iniziale di 2.400 $.<\/p>\n\n\n\n<figure class=\"wp-block-image size-full\"><img loading=\"lazy\" decoding=\"async\" width=\"756\" height=\"400\" src=\"https:\/\/www.etoro.com\/wp-content\/uploads\/2023\/12\/Body-Image-3_-Final-thoughts-3.png\" alt=\"\" class=\"wp-image-794486 wp-image-desktop\" srcset=\"https:\/\/www.etoro.com\/wp-content\/uploads\/2023\/12\/Body-Image-3_-Final-thoughts-3.png 756w, https:\/\/www.etoro.com\/wp-content\/uploads\/2023\/12\/Body-Image-3_-Final-thoughts-3-300x159.png 300w\" sizes=\"(max-width: 756px) 100vw, 756px\" \/><\/figure>\n\n\n\n<h2 class=\"wp-block-heading\">Conclusioni<\/h2>\n\n\n\n<p>La <strong>leva e il margine applicati al trading di CFD<\/strong> offrono interessanti opportunit\u00e0 per amplificare i guadagni, ma comportano un rischio altrettanto amplificato di subire delle perdite.<\/p>\n\n\n\n<p>Occorre, perci\u00f2, utilizzare questi strumenti solo se si ha un\u2019adeguata competenza e consapevolezza dei <strong>rischi connessi<\/strong>.<\/p>\n\n\n\n<p>Visita l\u2019<a href=\"https:\/\/www.etoro.com\/it\/academy\/\"><strong>Academy di eToro<\/strong><\/a> per approfondire le tue conoscenze su leva finanziaria, margine e trading di CFD.<\/p>\n\n\n\n<h2 class=\"wp-block-heading\">Quiz<\/h2>\n\n\n\n<div class=\"wp-block-etoro-quizzes\">\n<div class=\"wp-block-etoro-quiz\" data-answer=\"2\"><div class=\"wp-block-etoro-quiz-body\"><div class=\"wp-block-etoro-quiz-question\">Un trader di CFD acquista 3.000 $ in azioni Tesla. Il suo margine \u00e8 di 600 $. Qual \u00e8 la leva finanziaria dell&#8217;operazione?<\/div>\n<div class=\"wp-block-etoro-quiz-item\">Leva x2<\/div>\n\n\n\n<div class=\"wp-block-etoro-quiz-item\">Leva x4<\/div>\n\n\n\n<div class=\"wp-block-etoro-quiz-item\">Leva x5<\/div>\n\n\n\n<div class=\"wp-block-etoro-quiz-item\">Leva x10<\/div>\n<\/div><div class=\"wp-block-etoro-quiz-result\">\u00a0<\/div><\/div>\n<\/div>\n\n\n\n\n\n<h2 class=\"wp-block-heading\">Domande frequenti<\/h2>\n\n\n\n<dl class=\"wp-block-etoro-faq\">\n<div class=\"wp-block-etoro-faq-item\"><dt class=\"wp-block-etoro-faq-item-question\">Posso decidere che livello di leva finanziaria applicare alla mia posizione?<\/dt><dd class=\"wp-block-etoro-faq-item-answer\">\n<p>S\u00ec, \u00e8 possibile scegliere il grado di <a href=\"https:\/\/help.etoro.com\/s\/article\/How-does-leverage-work?language=it\">leva finanziaria<\/a> da un&#8217;ampia gamma di opzioni disponibili in base al proprio profilo di rischio e in conformit\u00e0 ai limiti per l&#8217;apertura di posizioni. Tali limiti variano in base alla volatilit\u00e0 dell&#8217;asset sottostante.<\/p>\n<\/dd><\/div>\n\n\n\n<div class=\"wp-block-etoro-faq-item\"><dt class=\"wp-block-etoro-faq-item-question\">I margini sono uguali per tutti i titoli?<\/dt><dd class=\"wp-block-etoro-faq-item-answer\">\n<p>No, i margini variano in base al tipo di <a href=\"https:\/\/www.etoro.com\/it\/trading\/asset-class-characteristics\/\">strumento finanziario<\/a>, alle politiche del broker, alla regolamentazione e ad altri fattori di mercato e individuali. Gli investitori dovrebbero sempre essere consapevoli dei requisiti di margine prima di impegnarsi nel trading.<\/p>\n<\/dd><\/div>\n\n\n\n<div class=\"wp-block-etoro-faq-item\"><dt class=\"wp-block-etoro-faq-item-question\">Qual \u00e8 la differenza tra gearing e leva finanziaria?<\/dt><dd class=\"wp-block-etoro-faq-item-answer\">\n<p>Nel trading di CFD la leva finanziaria e il \u201c<a href=\"https:\/\/www.borsaitaliana.it\/borsa\/glossario\/gearing.html\" target=\"_blank\" rel=\"noreferrer noopener\">gearing<\/a>\u201d sono termini intercambiabili. Un&#8217;operazione in CFD con leva o gearing, infatti, amplifica il rendimento potenziale, ma anche il rischio di perdita.<\/p>\n<\/dd><\/div>\n<\/dl>\n\n\n\n\t\t<style>\n\t\t\t.rtl .etoro-block-shortcode-disclaimer {\n\t\t\t\ttext-align:right;\n\t\t\t}\n\t\t\t.etoro-block-shortcode-disclaimer {\n\t\t\t\tmargin-bottom:18px;\n\t\t\t\ttext-align:left;\n\t\t\t}\n\t\t\t.etoro-block-shortcode-disclaimer p{\n\t\t\t\tfont-size: 12px;\n\t\t\t\tline-height: 18px;\n\t\t\t}\n\t\t\t@media (min-width: 768px) {\n\t\t\t\t.etoro-block-shortcode-disclaimer {\n\t\t\t\t\tmax-width:1176px;\n\t\t\t\t\ttext-align:center;\n\t\t\t\t}\n\t\t\t\t.etoro-block-shortcode-disclaimer p {\n\t\t\t\t\tfont-size: 14px;\n\t\t\t\t\tline-height: 20px;\n\t\t\t\t}\n\t\t\t}\n\t\t<\/style>\n\t\t<div class='etoro-block-shortcode-disclaimer'><p>Le presenti informazioni vengono fornite al solo scopo educativo e non rappresentano consigli d\u2019investimento o suggerimenti personali. Tali informazioni non devono quindi essere interpretate come offerte o solleciti di compravendita di strumenti finanziari.<\/p>\n<p>Il materiale \u00e8 stato preparato senza tener conto di precisi obiettivi d\u2019investimento o specifiche situazioni finanziarie e non soddisfa pertanto i criteri legali e legislativi previsti per la promozione di ricerche indipendenti.<\/p>\n<p><strong>Non tutti gli strumenti finanziari e i servizi cui viene fatto riferimento sono offerti da eToro<\/strong> e qualsiasi riferimento alle prestazioni passate di uno specifico strumento, indice o prodotto d\u2019investimento preassemblato non rappresenta n\u00e9 deve essere interpretato come un indicatore affidabile di possibili prestazioni future. <strong>La disponibilit\u00e0 di tutti i prodotti e servizi sopra menzionati pu\u00f2 variare a seconda della giurisdizione e del Paese.<\/strong><\/p>\n<p>eToro non offre alcuna garanzia n\u00e9 si assume la responsabilit\u00e0 in merito all\u2019accuratezza o alla completezza del contenuto esposto nella presente guida. Il lettore deve garantire di aver compreso appieno i rischi comportati dal trading prima di impegnare capitale. Si sconsiglia di mettere a rischio pi\u00f9 denaro di quanto non se ne possa perdere.<\/p>\n<\/div>\n","protected":false},"excerpt":{"rendered":"<p>La leva finanziaria e il margine possono essere utilizzati nel trading di CFD per aumentare la dimensione di una posizione. Ci\u00f2, per\u00f2, amplifica anche i rischi dell\u2019operazione, per questo \u00e8 importante utilizzare tali strumenti con attenzione. Il trading di CFD offre molte opportunit\u00e0 agli investitori, ma richiede la comprensione di due concetti chiave: il margine&hellip;<\/p>\n","protected":false},"author":98,"featured_media":1005855,"parent":18387,"menu_order":0,"comment_status":"closed","ping_status":"closed","template":"","meta":{"_acf_changed":true,"inline_featured_image":false,"sticky_cta_settings":"","footnotes":""},"asset_type":[6601],"class_list":["post-807803","page","type-page","status-publish","has-post-thumbnail","hentry","asset_type-is-cfd"],"acf":[],"yoast_head":"<title>Leva finanziaria e margine con i CFD: guida base | eToro<\/title>\n<meta name=\"description\" content=\"Guida all\u2019uso della leva e del margine nei CFD. Scopri come usare la leva finanziaria e il margine quando fai trading di CFD senza rischiare di sovraesporti.\" \/>\n<meta name=\"robots\" content=\"index, follow, max-snippet:-1, max-image-preview:large, max-video-preview:-1\" \/>\n<link rel=\"canonical\" href=\"https:\/\/www.etoro.com\/it\/wp-json\/wp\/v2\/pages\/807803\" \/>\n<meta property=\"og:locale\" content=\"it_IT\" \/>\n<meta property=\"og:type\" content=\"article\" \/>\n<meta property=\"og:title\" content=\"Leva finanziaria e margine con i CFD: guida base | eToro\" \/>\n<meta property=\"og:description\" content=\"Guida all\u2019uso della leva e del margine nei CFD. Scopri come usare la leva finanziaria e il margine quando fai trading di CFD senza rischiare di sovraesporti.\" \/>\n<meta property=\"og:url\" content=\"https:\/\/www.etoro.com\/it\/wp-json\/wp\/v2\/pages\/807803\" \/>\n<meta property=\"og:site_name\" content=\"eToro\" \/>\n<meta property=\"article:publisher\" content=\"https:\/\/www.facebook.com\/eToro\/\" \/>\n<meta property=\"article:modified_time\" content=\"2025-11-03T12:09:57+00:00\" \/>\n<meta property=\"og:image\" content=\"https:\/\/www.etoro.com\/wp-content\/uploads\/2025\/02\/IT-Leverage-and-Margin-for-CFD-Trading-1200x630-1.png\" \/>\n\t<meta property=\"og:image:width\" content=\"1200\" \/>\n\t<meta property=\"og:image:height\" content=\"630\" \/>\n\t<meta property=\"og:image:type\" content=\"image\/png\" \/>\n<meta name=\"twitter:card\" content=\"summary_large_image\" \/>\n<meta name=\"twitter:site\" content=\"@eToro\" \/>\n<meta name=\"twitter:label1\" content=\"Est. reading time\" \/>\n\t<meta name=\"twitter:data1\" content=\"5 minutes\" \/>\n<script type=\"application\/ld+json\" class=\"yoast-schema-graph\">{\"@context\":\"https:\/\/schema.org\",\"@graph\":[{\"@type\":\"WebPage\",\"@id\":\"https:\/\/www.etoro.com\/it\/trading\/cfd-leverage-and-margin\/\",\"url\":\"https:\/\/www.etoro.com\/it\/trading\/cfd-leverage-and-margin\/\",\"name\":\"Leva finanziaria e margine con i CFD: guida base | eToro\",\"isPartOf\":{\"@id\":\"https:\/\/www.etoro.com\/it\/#website\"},\"primaryImageOfPage\":{\"@id\":\"https:\/\/www.etoro.com\/it\/trading\/cfd-leverage-and-margin\/#primaryimage\"},\"image\":{\"@id\":\"https:\/\/www.etoro.com\/it\/trading\/cfd-leverage-and-margin\/#primaryimage\"},\"thumbnailUrl\":\"https:\/\/www.etoro.com\/wp-content\/uploads\/2025\/02\/IT-Leverage-and-Margin-for-CFD-Trading-1200x630-1.png\",\"datePublished\":\"2023-12-12T15:26:48+00:00\",\"dateModified\":\"2025-11-03T12:09:57+00:00\",\"description\":\"Guida all\u2019uso della leva e del margine nei CFD. Scopri come usare la leva finanziaria e il margine quando fai trading di CFD senza rischiare di sovraesporti.\",\"breadcrumb\":{\"@id\":\"https:\/\/www.etoro.com\/it\/trading\/cfd-leverage-and-margin\/#breadcrumb\"},\"inLanguage\":\"it\",\"potentialAction\":[{\"@type\":\"ReadAction\",\"target\":[\"https:\/\/www.etoro.com\/it\/trading\/cfd-leverage-and-margin\/\"]}]},{\"@type\":\"ImageObject\",\"inLanguage\":\"it\",\"@id\":\"https:\/\/www.etoro.com\/it\/trading\/cfd-leverage-and-margin\/#primaryimage\",\"url\":\"https:\/\/www.etoro.com\/wp-content\/uploads\/2025\/02\/IT-Leverage-and-Margin-for-CFD-Trading-1200x630-1.png\",\"contentUrl\":\"https:\/\/www.etoro.com\/wp-content\/uploads\/2025\/02\/IT-Leverage-and-Margin-for-CFD-Trading-1200x630-1.png\",\"width\":1200,\"height\":630},{\"@type\":\"BreadcrumbList\",\"@id\":\"https:\/\/www.etoro.com\/it\/trading\/cfd-leverage-and-margin\/#breadcrumb\",\"itemListElement\":[{\"@type\":\"ListItem\",\"position\":1,\"name\":\"Home\",\"item\":\"https:\/\/www.etoro.com\/it\/\"},{\"@type\":\"ListItem\",\"position\":2,\"name\":\"TRADING\",\"item\":\"https:\/\/www.etoro.com\/it\/trading\/\"},{\"@type\":\"ListItem\",\"position\":3,\"name\":\"Leva e margine nel trading di CFD\"}]},{\"@type\":\"WebSite\",\"@id\":\"https:\/\/www.etoro.com\/it\/#website\",\"url\":\"https:\/\/www.etoro.com\/it\/\",\"name\":\"eToro\",\"description\":\"\",\"publisher\":{\"@id\":\"https:\/\/www.etoro.com\/it\/#organization\"},\"potentialAction\":[{\"@type\":\"SearchAction\",\"target\":{\"@type\":\"EntryPoint\",\"urlTemplate\":\"https:\/\/www.etoro.com\/it\/?s={search_term_string}\"},\"query-input\":{\"@type\":\"PropertyValueSpecification\",\"valueRequired\":true,\"valueName\":\"search_term_string\"}}],\"inLanguage\":\"it\"},[]]}<\/script>","yoast_head_json":{"title":"Leva finanziaria e margine con i CFD: guida base | eToro","description":"Guida all\u2019uso della leva e del margine nei CFD. Scopri come usare la leva finanziaria e il margine quando fai trading di CFD senza rischiare di sovraesporti.","robots":{"index":"index","follow":"follow","max-snippet":"max-snippet:-1","max-image-preview":"max-image-preview:large","max-video-preview":"max-video-preview:-1"},"canonical":"https:\/\/www.etoro.com\/it\/wp-json\/wp\/v2\/pages\/807803","og_locale":"it_IT","og_type":"article","og_title":"Leva finanziaria e margine con i CFD: guida base | eToro","og_description":"Guida all\u2019uso della leva e del margine nei CFD. Scopri come usare la leva finanziaria e il margine quando fai trading di CFD senza rischiare di sovraesporti.","og_url":"https:\/\/www.etoro.com\/it\/wp-json\/wp\/v2\/pages\/807803","og_site_name":"eToro","article_publisher":"https:\/\/www.facebook.com\/eToro\/","article_modified_time":"2025-11-03T12:09:57+00:00","og_image":[{"width":1200,"height":630,"url":"https:\/\/www.etoro.com\/wp-content\/uploads\/2025\/02\/IT-Leverage-and-Margin-for-CFD-Trading-1200x630-1.png","type":"image\/png"}],"twitter_card":"summary_large_image","twitter_site":"@eToro","twitter_misc":{"Est. reading time":"5 minutes"},"schema":{"@context":"https:\/\/schema.org","@graph":[{"@type":"WebPage","@id":"https:\/\/www.etoro.com\/it\/trading\/cfd-leverage-and-margin\/","url":"https:\/\/www.etoro.com\/it\/trading\/cfd-leverage-and-margin\/","name":"Leva finanziaria e margine con i CFD: guida base | eToro","isPartOf":{"@id":"https:\/\/www.etoro.com\/it\/#website"},"primaryImageOfPage":{"@id":"https:\/\/www.etoro.com\/it\/trading\/cfd-leverage-and-margin\/#primaryimage"},"image":{"@id":"https:\/\/www.etoro.com\/it\/trading\/cfd-leverage-and-margin\/#primaryimage"},"thumbnailUrl":"https:\/\/www.etoro.com\/wp-content\/uploads\/2025\/02\/IT-Leverage-and-Margin-for-CFD-Trading-1200x630-1.png","datePublished":"2023-12-12T15:26:48+00:00","dateModified":"2025-11-03T12:09:57+00:00","description":"Guida all\u2019uso della leva e del margine nei CFD. Scopri come usare la leva finanziaria e il margine quando fai trading di CFD senza rischiare di sovraesporti.","breadcrumb":{"@id":"https:\/\/www.etoro.com\/it\/trading\/cfd-leverage-and-margin\/#breadcrumb"},"inLanguage":"it","potentialAction":[{"@type":"ReadAction","target":["https:\/\/www.etoro.com\/it\/trading\/cfd-leverage-and-margin\/"]}]},{"@type":"ImageObject","inLanguage":"it","@id":"https:\/\/www.etoro.com\/it\/trading\/cfd-leverage-and-margin\/#primaryimage","url":"https:\/\/www.etoro.com\/wp-content\/uploads\/2025\/02\/IT-Leverage-and-Margin-for-CFD-Trading-1200x630-1.png","contentUrl":"https:\/\/www.etoro.com\/wp-content\/uploads\/2025\/02\/IT-Leverage-and-Margin-for-CFD-Trading-1200x630-1.png","width":1200,"height":630},{"@type":"BreadcrumbList","@id":"https:\/\/www.etoro.com\/it\/trading\/cfd-leverage-and-margin\/#breadcrumb","itemListElement":[{"@type":"ListItem","position":1,"name":"Home","item":"https:\/\/www.etoro.com\/it\/"},{"@type":"ListItem","position":2,"name":"TRADING","item":"https:\/\/www.etoro.com\/it\/trading\/"},{"@type":"ListItem","position":3,"name":"Leva e margine nel trading di CFD"}]},{"@type":"WebSite","@id":"https:\/\/www.etoro.com\/it\/#website","url":"https:\/\/www.etoro.com\/it\/","name":"eToro","description":"","publisher":{"@id":"https:\/\/www.etoro.com\/it\/#organization"},"potentialAction":[{"@type":"SearchAction","target":{"@type":"EntryPoint","urlTemplate":"https:\/\/www.etoro.com\/it\/?s={search_term_string}"},"query-input":{"@type":"PropertyValueSpecification","valueRequired":true,"valueName":"search_term_string"}}],"inLanguage":"it"},[]]}},"_links":{"self":[{"href":"https:\/\/www.etoro.com\/it\/wp-json\/wp\/v2\/pages\/807803"}],"collection":[{"href":"https:\/\/www.etoro.com\/it\/wp-json\/wp\/v2\/pages"}],"about":[{"href":"https:\/\/www.etoro.com\/it\/wp-json\/wp\/v2\/types\/page"}],"author":[{"embeddable":true,"href":"https:\/\/www.etoro.com\/it\/wp-json\/wp\/v2\/users\/98"}],"replies":[{"embeddable":true,"href":"https:\/\/www.etoro.com\/it\/wp-json\/wp\/v2\/comments?post=807803"}],"version-history":[{"count":0,"href":"https:\/\/www.etoro.com\/it\/wp-json\/wp\/v2\/pages\/807803\/revisions"}],"up":[{"embeddable":true,"href":"https:\/\/www.etoro.com\/it\/wp-json\/wp\/v2\/pages\/18387"}],"wp:featuredmedia":[{"embeddable":true,"href":"https:\/\/www.etoro.com\/it\/wp-json\/wp\/v2\/media\/1005855"}],"wp:attachment":[{"href":"https:\/\/www.etoro.com\/it\/wp-json\/wp\/v2\/media?parent=807803"}],"wp:term":[{"taxonomy":"asset_type","embeddable":true,"href":"https:\/\/www.etoro.com\/it\/wp-json\/wp\/v2\/asset_type?post=807803"}],"curies":[{"name":"wp","href":"https:\/\/api.w.org\/{rel}","templated":true}]}}