{"id":807901,"date":"2023-12-12T16:44:44","date_gmt":"2023-12-12T14:44:44","guid":{"rendered":"https:\/\/www.etoro.com\/trading\/cfd-terminology\/"},"modified":"2025-11-03T14:09:45","modified_gmt":"2025-11-03T12:09:45","slug":"cfd-terminology","status":"publish","type":"page","link":"https:\/\/www.etoro.com\/it\/trading\/cfd-terminology\/","title":{"rendered":"Terminologia fondamentale del Trading di CFD"},"content":{"rendered":"\n<p class=\"is-style-summary\">Prima di investire su un mercato complesso come quello dei CFD, \u00e8 importante conoscere la terminologia base di questo strumento finanziario. Scopri subito i termini pi\u00f9 importanti.<\/p>\n\n\n\n\n\n\n<hr class=\"wp-block-separator wp-block-separator-color-dark-grey wp-block-separator-spaces-medium wp-block-separator-weight-1\"\/>\n\n\n\n<p>I CFD, acronimo di \u201c<em>contract for difference<\/em>\u201d, ossia \u201ccontratti per differenza\u201d, sono uno <strong>strumento finanziario derivato<\/strong> <strong>con un profilo di rischio elevato<\/strong>, adatto principalmente agli investitori esperti.<\/p>\n\n\n\n<p>Nei CFD, anzich\u00e9 negoziare direttamente un asset, le parti \u201cscommettono\u201d sulle <strong>variazioni di prezzo del sottostante<\/strong> tra l\u2019apertura e la chiusura dell\u2019operazione. Per investire in CFD \u00e8 fondamentale conoscere la terminologia di base.<\/p>\n\n\n\n<h2 class=\"wp-block-heading\">Perch\u00e9 \u00e8 importante conoscere i termini chiave del trading di CFD<\/h2>\n\n\n\n<p>Come per qualsiasi metodo d\u2019investimento, anche nel caso dei CFD esistono dei termini tecnici che hanno un significato specifico. <strong>Conoscerli ti aiuter\u00e0 a capire come funziona questo sistema di trading e ti permetter\u00e0 di investire in maniera pi\u00f9 consapevole e informata.<\/strong><\/p>\n\n\n\n<figure class=\"wp-block-image size-full\"><img loading=\"lazy\" decoding=\"async\" width=\"756\" height=\"400\" src=\"https:\/\/www.etoro.com\/wp-content\/uploads\/2023\/12\/Body-Image-1_-Key-CFD-trading-terminology.png\" alt=\"\" class=\"wp-image-794295 wp-image-desktop\" srcset=\"https:\/\/www.etoro.com\/wp-content\/uploads\/2023\/12\/Body-Image-1_-Key-CFD-trading-terminology.png 756w, https:\/\/www.etoro.com\/wp-content\/uploads\/2023\/12\/Body-Image-1_-Key-CFD-trading-terminology-300x159.png 300w\" sizes=\"(max-width: 756px) 100vw, 756px\" \/><\/figure>\n\n\n\n<h2 class=\"wp-block-heading\">Terminologia chiave del trading di CFD<\/h2>\n\n\n\n<p>Ecco un <strong>elenco della terminologia essenziale<\/strong> per il trading di CFD:<\/p>\n\n\n\n<h3 class=\"wp-block-heading\">Dividendo<\/h3>\n\n\n\n<p><strong>I <\/strong><a href=\"https:\/\/www.etoro.com\/it\/investing\/what-are-dividends\/\"><strong>dividendi<\/strong><\/a><strong> sono pagamenti erogati dalle societ\u00e0 per azioni<\/strong> ai propri azionisti su base proporzionale. Generalmente tali pagamenti avvengono in forma liquida ma, talvolta, sono previste forme alternative, ad esempio tramite ulteriori azioni.&nbsp;<\/p>\n\n\n\n<div class=\"wp-block-etoro-tip wp-block-etoro-tip-border-yellow\"><span class=\"wp-block-etoro-tip-icon\"><\/span><div class=\"wp-block-etoro-tip-text\">\n<p><strong>Suggerimento:<\/strong> tipicamente i dividendi vengono corrisposti agli azionisti una volta l\u2019anno, ma alcune aziende prevedono cedole semestrali, trimestrali o mensili.<\/p>\n<\/div><\/div>\n\n\n\n<h3 class=\"wp-block-heading\">Operazione societaria<\/h3>\n\n\n\n<p>Un\u2019operazione societaria rappresenta una <strong>modifica decisa all\u2019interno di una societ\u00e0 quotata in borsa.<\/strong> Esempi di operazioni societarie sono le fusioni, le variazioni nei dividendi o il frazionamento azionario. Tali operazioni possono avere un impatto diretto o indiretto sul valore dei titoli azionari.<\/p>\n\n\n\n<h3 class=\"wp-block-heading\">PIP<\/h3>\n\n\n\n<p>Il \u201cPIP\u201d, acronimo di \u201cpoint in percentage&#8221;, ossia \u201cpunto percentuale\u201d \u00e8 un valore utilizzato per <strong>misurare la variazione di prezzo di una <\/strong><a href=\"https:\/\/www.etoro.com\/it\/discover\/markets\/commodities\"><strong>commodity<\/strong><\/a><strong> o di una <\/strong><a href=\"https:\/\/www.etoro.com\/it\/discover\/markets\/currencies\"><strong>valuta<\/strong><\/a>. Nelle coppie valutarie, il PIP rappresenta la quarta cifra decimale e serve per indicare la differenza di valore tra due valute.&nbsp;<\/p>\n\n\n\n<p>Ad esempio, se il tasso di cambio <a href=\"https:\/\/www.etoro.com\/it\/markets\/eurusd\">EUR\/USD<\/a> passa da 1,0557 a 1,0058, significa che vi \u00e8 stato un aumento di un pip. \u00c8 bene ricordare che, attualmente, <strong>i cambi sono quotati alla quinta cifra decimale<\/strong>, ad esempio 1,05584.<\/p>\n\n\n\n<div class=\"wp-block-etoro-tip wp-block-etoro-tip-border-yellow\"><span class=\"wp-block-etoro-tip-icon\"><\/span><div class=\"wp-block-etoro-tip-text\">\n<p><strong>Suggerimento: <\/strong>nelle coppie valutarie con lo Yen, il PIP \u00e8 espresso dalla seconda cifra decimale e il relativo tasso \u00e8 quotato alla terza cifra decimale.<\/p>\n<\/div><\/div>\n\n\n\n<h3 class=\"wp-block-heading\">Leva<\/h3>\n\n\n\n<p>La <a href=\"https:\/\/www.etoro.com\/it\/trading\/leverage-margin\/\">leva<\/a> (o \u201cleverage\u201d in inglese) \u00e8 uno strumento finanziario che permette di <strong>negoziare un asset a una somma superiore rispetto al capitale investito<\/strong>. Serve ad aumentare la potenziale rendita di un\u2019operazione ma comporta, contestualmente, un incremento proporzionale dei rischi.<\/p>\n\n\n\n<figure class=\"wp-block-image size-full\"><img loading=\"lazy\" decoding=\"async\" width=\"756\" height=\"400\" src=\"https:\/\/www.etoro.com\/wp-content\/uploads\/2023\/12\/Body-Image-2_-Leverage.png\" alt=\"\" class=\"wp-image-794316 wp-image-desktop\" srcset=\"https:\/\/www.etoro.com\/wp-content\/uploads\/2023\/12\/Body-Image-2_-Leverage.png 756w, https:\/\/www.etoro.com\/wp-content\/uploads\/2023\/12\/Body-Image-2_-Leverage-300x159.png 300w\" sizes=\"(max-width: 756px) 100vw, 756px\" \/><\/figure>\n\n\n\n<h3 class=\"wp-block-heading\">Spread<\/h3>\n\n\n\n<p>La <strong>differenza di rendimento, prezzo o tasso d\u2019interesse tra due strumenti finanziari<\/strong> simili, ad esempio due titoli dello stesso tipo e durata, o due valute. Nel caso dei CFD, lo spread indica la differenza tra il prezzo di acquisto e di vendita.<\/p>\n\n\n\n<h3 class=\"wp-block-heading\">Stop Loss<\/h3>\n\n\n\n<p>Lo <a href=\"https:\/\/www.etoro.com\/it\/trading\/how-to-set-stop-loss-and-take-profit-targets\/\">Stop Loss<\/a> \u00e8 un ordine che consente di chiudere automaticamente una posizione in perdita se il prezzo dell\u2019asset scende a un livello preimpostato dal trader. In questo modo \u00e8 possibile <strong>arginare i rischi e le perdite<\/strong> in caso di operazione sfavorevole.<\/p>\n\n\n\n<h3 class=\"wp-block-heading\">Take Profit<\/h3>\n\n\n\n<p>Il <a href=\"https:\/\/www.etoro.com\/it\/customer-service\/help\/1115611302\/cos%C3%A8-il-take-profit\/\">Take Profit<\/a> \u00e8 un ordine che permette di chiudere automaticamente un&#8217;operazione in profitto quando viene raggiunto un prezzo target. L\u2019obiettivo \u00e8 <strong>proteggere i profitti,<\/strong> uscendo da un\u2019operazione prima di rischiare che vi sia un\u2019inversione di tendenza.<\/p>\n\n\n\n<div class=\"wp-block-etoro-tip wp-block-etoro-tip-border-yellow\"><span class=\"wp-block-etoro-tip-icon\"><\/span><div class=\"wp-block-etoro-tip-text\">\n<p><strong>Suggerimento:<\/strong> su eToro hai la possibilit\u00e0 di impostare ordini stop loss e take profit su tutte le tue transazioni.<\/p>\n<\/div><\/div>\n\n\n\n<h3 class=\"wp-block-heading\">Posizione long\/short<\/h3>\n\n\n\n<p>Una posizione \u00e8 detta \u201clong\u201d quando un investitore acquista un asset e trae profitto dall\u2019aumento di prezzo del sottostante. Viceversa, nella posizione short o \u201c<a href=\"https:\/\/www.etoro.com\/it\/trading\/short-selling\/\">vendita allo scoperto<\/a>\u201d, si realizza un guadagno solo se il prezzo scende. Una posizione <strong>long \u00e8 pi\u00f9 adatta ai mercati rialzisti mentre una short a quelli ribassisti<\/strong>.<\/p>\n\n\n\n<h3 class=\"wp-block-heading\">Data ex dividendo<\/h3>\n\n\n\n<p>Anche detta \u201c<em>record date<\/em>\u201d, la data ex dividendo rappresenta il limite entro il quale un azionista matura il <strong>diritto a ricevere il pagamento dei dividendi<\/strong>. Gli azionisti che detengono un titolo alla record date possono vendere quelle quote in seguito e ottenere comunque il dividendo al momento dello stacco della cedola.<\/p>\n\n\n\n<p>Al contrario, <strong>chi acquista un titolo dopo la data ex dividendo non ha diritto al pagamento della cedola<\/strong>.<\/p>\n\n\n\n<figure class=\"wp-block-image size-full\"><img loading=\"lazy\" decoding=\"async\" width=\"756\" height=\"400\" src=\"https:\/\/www.etoro.com\/wp-content\/uploads\/2023\/12\/Body-Image-3_-Ex-dividend-date.png\" alt=\"\" class=\"wp-image-794337 wp-image-desktop\" srcset=\"https:\/\/www.etoro.com\/wp-content\/uploads\/2023\/12\/Body-Image-3_-Ex-dividend-date.png 756w, https:\/\/www.etoro.com\/wp-content\/uploads\/2023\/12\/Body-Image-3_-Ex-dividend-date-300x159.png 300w\" sizes=\"(max-width: 756px) 100vw, 756px\" \/><\/figure>\n\n\n\n<h2 class=\"wp-block-heading\">Considerazioni finali<\/h2>\n\n\n\n<p><strong>Conoscere i termini contenuti in questa guida rappresenta il primo passo per affrontare i mercati finanziari<\/strong>, in particolare quello dei CFD, in modo pi\u00f9 consapevole.<\/p>\n\n\n\n<p>Visita l\u2019<a href=\"https:\/\/www.etoro.com\/it\/academy\/\"><strong>Academy di eToro<\/strong><\/a><strong> <\/strong>per saperne di pi\u00f9 sui CFD e su tutti gli altri mercati e strumenti finanziari.<\/p>\n\n\n\n<h2 class=\"wp-block-heading\">Quiz<\/h2>\n\n\n\n<div class=\"wp-block-etoro-quizzes\">\n<div class=\"wp-block-etoro-quiz\" data-answer=\"0\"><div class=\"wp-block-etoro-quiz-body\"><div class=\"wp-block-etoro-quiz-question\">Vero o falso: un frazionamento azionario \u00e8 un esempio di operazione societaria?<\/div>\n<div class=\"wp-block-etoro-quiz-item\">Vero<\/div>\n\n\n\n<div class=\"wp-block-etoro-quiz-item\">Falso<\/div>\n<\/div><div class=\"wp-block-etoro-quiz-result\">\u00a0<\/div><\/div>\n<\/div>\n\n\n\n\n\n<h2 class=\"wp-block-heading\">Domande frequenti<\/h2>\n\n\n\n<dl class=\"wp-block-etoro-faq\">\n<div class=\"wp-block-etoro-faq-item\"><dt class=\"wp-block-etoro-faq-item-question\">Se detengo una posizione su un CFD, ricevo un dividendo?<\/dt><dd class=\"wp-block-etoro-faq-item-answer\">\n<p>\u00c8 possibile <a href=\"https:\/\/www.etoro.com\/it\/customer-service\/help\/1812480412\/quando-ricever%C3%B2-il-pagamento-del-dividendo\/\">ricevere un dividendo<\/a> solo se si mantiene aperta la posizione fino alla data di stacco della cedola. Nel caso di una posizione long, ossia di acquisto, il dividendo verr\u00e0 accreditato sul conto dell\u2019investitore alla data prefissata. Se, invece, si detiene una posizione short, allora il dividendo verr\u00e0 addebitato sempre sul conto dell\u2019investitore.<\/p>\n<\/dd><\/div>\n\n\n\n<div class=\"wp-block-etoro-faq-item\"><dt class=\"wp-block-etoro-faq-item-question\">Ci sono dei costi quando si chiude una posizione con ordine stop loss o take profit?<\/dt><dd class=\"wp-block-etoro-faq-item-answer\">\n<p>No, se in fase di <a href=\"https:\/\/www.etoro.com\/it\/customer-service\/help\/1892102572\/aprendo-una-posizione\/\">apertura di una posizione<\/a> si inserisce un ordine stop loss o take profit, allora l\u2019operazione verr\u00e0 chiusa automaticamente e senza ulteriori addebiti. Naturalmente questo avviene nel caso in cui il prezzo dell\u2019asset raggiunger\u00e0 la soglia prefissata al rialzo (con il take profit) o al ribasso (nel caso dello stop loss).&nbsp;<\/p>\n<\/dd><\/div>\n\n\n\n<div class=\"wp-block-etoro-faq-item\"><dt class=\"wp-block-etoro-faq-item-question\">Per vendere un titolo, devo avere una posizione long?<\/dt><dd class=\"wp-block-etoro-faq-item-answer\">\n<p>No, quando si opera con i CFD, non \u00e8 necessario possedere il sottostante per poterlo vendere. <a href=\"https:\/\/www.etoro.com\/it\/customer-service\/help\/1115606922\/cosa-sono-i-cfd\/\">Negoziando un contratto per differenza<\/a>, un trader stabilisce un prezzo di vendita futuro con il broker, sperando di guadagnare dai movimenti di prezzo del sottostante.&nbsp;<\/p>\n\n\n\n<p>L\u2019eventuale rendimento \u00e8 dato dalla differenza tra il prezzo concordato e quello corrente.<\/p>\n<\/dd><\/div>\n<\/dl>\n\n\n\n\t\t<style>\n\t\t\t.rtl .etoro-block-shortcode-disclaimer {\n\t\t\t\ttext-align:right;\n\t\t\t}\n\t\t\t.etoro-block-shortcode-disclaimer {\n\t\t\t\tmargin-bottom:18px;\n\t\t\t\ttext-align:left;\n\t\t\t}\n\t\t\t.etoro-block-shortcode-disclaimer p{\n\t\t\t\tfont-size: 12px;\n\t\t\t\tline-height: 18px;\n\t\t\t}\n\t\t\t@media (min-width: 768px) {\n\t\t\t\t.etoro-block-shortcode-disclaimer {\n\t\t\t\t\tmax-width:1176px;\n\t\t\t\t\ttext-align:center;\n\t\t\t\t}\n\t\t\t\t.etoro-block-shortcode-disclaimer p {\n\t\t\t\t\tfont-size: 14px;\n\t\t\t\t\tline-height: 20px;\n\t\t\t\t}\n\t\t\t}\n\t\t<\/style>\n\t\t<div class='etoro-block-shortcode-disclaimer'><p>Le presenti informazioni vengono fornite al solo scopo educativo e non rappresentano consigli d\u2019investimento o suggerimenti personali. Tali informazioni non devono quindi essere interpretate come offerte o solleciti di compravendita di strumenti finanziari.<\/p>\n<p>Il materiale \u00e8 stato preparato senza tener conto di precisi obiettivi d\u2019investimento o specifiche situazioni finanziarie e non soddisfa pertanto i criteri legali e legislativi previsti per la promozione di ricerche indipendenti.<\/p>\n<p><strong>Non tutti gli strumenti finanziari e i servizi cui viene fatto riferimento sono offerti da eToro<\/strong> e qualsiasi riferimento alle prestazioni passate di uno specifico strumento, indice o prodotto d\u2019investimento preassemblato non rappresenta n\u00e9 deve essere interpretato come un indicatore affidabile di possibili prestazioni future. <strong>La disponibilit\u00e0 di tutti i prodotti e servizi sopra menzionati pu\u00f2 variare a seconda della giurisdizione e del Paese.<\/strong><\/p>\n<p>eToro non offre alcuna garanzia n\u00e9 si assume la responsabilit\u00e0 in merito all\u2019accuratezza o alla completezza del contenuto esposto nella presente guida. Il lettore deve garantire di aver compreso appieno i rischi comportati dal trading prima di impegnare capitale. Si sconsiglia di mettere a rischio pi\u00f9 denaro di quanto non se ne possa perdere.<\/p>\n<\/div>\n","protected":false},"excerpt":{"rendered":"<p>Prima di investire su un mercato complesso come quello dei CFD, \u00e8 importante conoscere la terminologia base di questo strumento finanziario. Scopri subito i termini pi\u00f9 importanti. I CFD, acronimo di \u201ccontract for difference\u201d, ossia \u201ccontratti per differenza\u201d, sono uno strumento finanziario derivato con un profilo di rischio elevato, adatto principalmente agli investitori esperti. Nei&hellip;<\/p>\n","protected":false},"author":107,"featured_media":807905,"parent":18387,"menu_order":0,"comment_status":"closed","ping_status":"closed","template":"","meta":{"_acf_changed":true,"inline_featured_image":false,"sticky_cta_settings":"","footnotes":""},"asset_type":[6601],"class_list":["post-807901","page","type-page","status-publish","has-post-thumbnail","hentry","asset_type-is-cfd"],"acf":[],"yoast_head":"<title>Tutti i termini da conoscere per fare trading su CFD | eToro<\/title>\n<meta name=\"description\" content=\"Glossario chiaro e sintetico sui termini da conoscere prima di fare trading di CFD. Scopri la terminologia fondamentale dei \u201ccontratti per differenza\u201d.\" \/>\n<meta name=\"robots\" content=\"index, follow, max-snippet:-1, max-image-preview:large, max-video-preview:-1\" \/>\n<link rel=\"canonical\" href=\"https:\/\/www.etoro.com\/it\/wp-json\/wp\/v2\/pages\/807901\" \/>\n<meta property=\"og:locale\" content=\"it_IT\" \/>\n<meta property=\"og:type\" content=\"article\" \/>\n<meta property=\"og:title\" content=\"Tutti i termini da conoscere per fare trading su CFD | eToro\" \/>\n<meta property=\"og:description\" content=\"Glossario chiaro e sintetico sui termini da conoscere prima di fare trading di CFD. Scopri la terminologia fondamentale dei \u201ccontratti per differenza\u201d.\" \/>\n<meta property=\"og:url\" content=\"https:\/\/www.etoro.com\/it\/wp-json\/wp\/v2\/pages\/807901\" \/>\n<meta property=\"og:site_name\" content=\"eToro\" \/>\n<meta property=\"article:publisher\" content=\"https:\/\/www.facebook.com\/eToro\/\" \/>\n<meta property=\"article:modified_time\" content=\"2025-11-03T12:09:45+00:00\" \/>\n<meta property=\"og:image\" content=\"https:\/\/www.etoro.com\/wp-content\/uploads\/2023\/12\/IT-Understanding-CFD-Trading-Terminology-1200x630-1.png\" \/>\n\t<meta property=\"og:image:width\" content=\"1200\" \/>\n\t<meta property=\"og:image:height\" content=\"630\" \/>\n\t<meta property=\"og:image:type\" content=\"image\/png\" \/>\n<meta name=\"twitter:card\" content=\"summary_large_image\" \/>\n<meta name=\"twitter:site\" content=\"@eToro\" \/>\n<meta name=\"twitter:label1\" content=\"Est. reading time\" \/>\n\t<meta name=\"twitter:data1\" content=\"5 minutes\" \/>\n<script type=\"application\/ld+json\" class=\"yoast-schema-graph\">{\"@context\":\"https:\/\/schema.org\",\"@graph\":[{\"@type\":\"WebPage\",\"@id\":\"https:\/\/www.etoro.com\/it\/trading\/cfd-terminology\/\",\"url\":\"https:\/\/www.etoro.com\/it\/trading\/cfd-terminology\/\",\"name\":\"Tutti i termini da conoscere per fare trading su CFD | eToro\",\"isPartOf\":{\"@id\":\"https:\/\/www.etoro.com\/it\/#website\"},\"primaryImageOfPage\":{\"@id\":\"https:\/\/www.etoro.com\/it\/trading\/cfd-terminology\/#primaryimage\"},\"image\":{\"@id\":\"https:\/\/www.etoro.com\/it\/trading\/cfd-terminology\/#primaryimage\"},\"thumbnailUrl\":\"https:\/\/www.etoro.com\/wp-content\/uploads\/2023\/12\/IT-Understanding-CFD-Trading-Terminology-1200x630-1.png\",\"datePublished\":\"2023-12-12T14:44:44+00:00\",\"dateModified\":\"2025-11-03T12:09:45+00:00\",\"description\":\"Glossario chiaro e sintetico sui termini da conoscere prima di fare trading di CFD. Scopri la terminologia fondamentale dei \u201ccontratti per differenza\u201d.\",\"breadcrumb\":{\"@id\":\"https:\/\/www.etoro.com\/it\/trading\/cfd-terminology\/#breadcrumb\"},\"inLanguage\":\"it\",\"potentialAction\":[{\"@type\":\"ReadAction\",\"target\":[\"https:\/\/www.etoro.com\/it\/trading\/cfd-terminology\/\"]}]},{\"@type\":\"ImageObject\",\"inLanguage\":\"it\",\"@id\":\"https:\/\/www.etoro.com\/it\/trading\/cfd-terminology\/#primaryimage\",\"url\":\"https:\/\/www.etoro.com\/wp-content\/uploads\/2023\/12\/IT-Understanding-CFD-Trading-Terminology-1200x630-1.png\",\"contentUrl\":\"https:\/\/www.etoro.com\/wp-content\/uploads\/2023\/12\/IT-Understanding-CFD-Trading-Terminology-1200x630-1.png\",\"width\":1200,\"height\":630},{\"@type\":\"BreadcrumbList\",\"@id\":\"https:\/\/www.etoro.com\/it\/trading\/cfd-terminology\/#breadcrumb\",\"itemListElement\":[{\"@type\":\"ListItem\",\"position\":1,\"name\":\"Home\",\"item\":\"https:\/\/www.etoro.com\/it\/\"},{\"@type\":\"ListItem\",\"position\":2,\"name\":\"TRADING\",\"item\":\"https:\/\/www.etoro.com\/it\/trading\/\"},{\"@type\":\"ListItem\",\"position\":3,\"name\":\"Terminologia fondamentale del Trading di CFD\"}]},{\"@type\":\"WebSite\",\"@id\":\"https:\/\/www.etoro.com\/it\/#website\",\"url\":\"https:\/\/www.etoro.com\/it\/\",\"name\":\"eToro\",\"description\":\"\",\"publisher\":{\"@id\":\"https:\/\/www.etoro.com\/it\/#organization\"},\"potentialAction\":[{\"@type\":\"SearchAction\",\"target\":{\"@type\":\"EntryPoint\",\"urlTemplate\":\"https:\/\/www.etoro.com\/it\/?s={search_term_string}\"},\"query-input\":{\"@type\":\"PropertyValueSpecification\",\"valueRequired\":true,\"valueName\":\"search_term_string\"}}],\"inLanguage\":\"it\"},[]]}<\/script>","yoast_head_json":{"title":"Tutti i termini da conoscere per fare trading su CFD | eToro","description":"Glossario chiaro e sintetico sui termini da conoscere prima di fare trading di CFD. Scopri la terminologia fondamentale dei \u201ccontratti per differenza\u201d.","robots":{"index":"index","follow":"follow","max-snippet":"max-snippet:-1","max-image-preview":"max-image-preview:large","max-video-preview":"max-video-preview:-1"},"canonical":"https:\/\/www.etoro.com\/it\/wp-json\/wp\/v2\/pages\/807901","og_locale":"it_IT","og_type":"article","og_title":"Tutti i termini da conoscere per fare trading su CFD | eToro","og_description":"Glossario chiaro e sintetico sui termini da conoscere prima di fare trading di CFD. Scopri la terminologia fondamentale dei \u201ccontratti per differenza\u201d.","og_url":"https:\/\/www.etoro.com\/it\/wp-json\/wp\/v2\/pages\/807901","og_site_name":"eToro","article_publisher":"https:\/\/www.facebook.com\/eToro\/","article_modified_time":"2025-11-03T12:09:45+00:00","og_image":[{"width":1200,"height":630,"url":"https:\/\/www.etoro.com\/wp-content\/uploads\/2023\/12\/IT-Understanding-CFD-Trading-Terminology-1200x630-1.png","type":"image\/png"}],"twitter_card":"summary_large_image","twitter_site":"@eToro","twitter_misc":{"Est. reading time":"5 minutes"},"schema":{"@context":"https:\/\/schema.org","@graph":[{"@type":"WebPage","@id":"https:\/\/www.etoro.com\/it\/trading\/cfd-terminology\/","url":"https:\/\/www.etoro.com\/it\/trading\/cfd-terminology\/","name":"Tutti i termini da conoscere per fare trading su CFD | eToro","isPartOf":{"@id":"https:\/\/www.etoro.com\/it\/#website"},"primaryImageOfPage":{"@id":"https:\/\/www.etoro.com\/it\/trading\/cfd-terminology\/#primaryimage"},"image":{"@id":"https:\/\/www.etoro.com\/it\/trading\/cfd-terminology\/#primaryimage"},"thumbnailUrl":"https:\/\/www.etoro.com\/wp-content\/uploads\/2023\/12\/IT-Understanding-CFD-Trading-Terminology-1200x630-1.png","datePublished":"2023-12-12T14:44:44+00:00","dateModified":"2025-11-03T12:09:45+00:00","description":"Glossario chiaro e sintetico sui termini da conoscere prima di fare trading di CFD. Scopri la terminologia fondamentale dei \u201ccontratti per differenza\u201d.","breadcrumb":{"@id":"https:\/\/www.etoro.com\/it\/trading\/cfd-terminology\/#breadcrumb"},"inLanguage":"it","potentialAction":[{"@type":"ReadAction","target":["https:\/\/www.etoro.com\/it\/trading\/cfd-terminology\/"]}]},{"@type":"ImageObject","inLanguage":"it","@id":"https:\/\/www.etoro.com\/it\/trading\/cfd-terminology\/#primaryimage","url":"https:\/\/www.etoro.com\/wp-content\/uploads\/2023\/12\/IT-Understanding-CFD-Trading-Terminology-1200x630-1.png","contentUrl":"https:\/\/www.etoro.com\/wp-content\/uploads\/2023\/12\/IT-Understanding-CFD-Trading-Terminology-1200x630-1.png","width":1200,"height":630},{"@type":"BreadcrumbList","@id":"https:\/\/www.etoro.com\/it\/trading\/cfd-terminology\/#breadcrumb","itemListElement":[{"@type":"ListItem","position":1,"name":"Home","item":"https:\/\/www.etoro.com\/it\/"},{"@type":"ListItem","position":2,"name":"TRADING","item":"https:\/\/www.etoro.com\/it\/trading\/"},{"@type":"ListItem","position":3,"name":"Terminologia fondamentale del Trading di CFD"}]},{"@type":"WebSite","@id":"https:\/\/www.etoro.com\/it\/#website","url":"https:\/\/www.etoro.com\/it\/","name":"eToro","description":"","publisher":{"@id":"https:\/\/www.etoro.com\/it\/#organization"},"potentialAction":[{"@type":"SearchAction","target":{"@type":"EntryPoint","urlTemplate":"https:\/\/www.etoro.com\/it\/?s={search_term_string}"},"query-input":{"@type":"PropertyValueSpecification","valueRequired":true,"valueName":"search_term_string"}}],"inLanguage":"it"},[]]}},"_links":{"self":[{"href":"https:\/\/www.etoro.com\/it\/wp-json\/wp\/v2\/pages\/807901"}],"collection":[{"href":"https:\/\/www.etoro.com\/it\/wp-json\/wp\/v2\/pages"}],"about":[{"href":"https:\/\/www.etoro.com\/it\/wp-json\/wp\/v2\/types\/page"}],"author":[{"embeddable":true,"href":"https:\/\/www.etoro.com\/it\/wp-json\/wp\/v2\/users\/107"}],"replies":[{"embeddable":true,"href":"https:\/\/www.etoro.com\/it\/wp-json\/wp\/v2\/comments?post=807901"}],"version-history":[{"count":0,"href":"https:\/\/www.etoro.com\/it\/wp-json\/wp\/v2\/pages\/807901\/revisions"}],"up":[{"embeddable":true,"href":"https:\/\/www.etoro.com\/it\/wp-json\/wp\/v2\/pages\/18387"}],"wp:featuredmedia":[{"embeddable":true,"href":"https:\/\/www.etoro.com\/it\/wp-json\/wp\/v2\/media\/807905"}],"wp:attachment":[{"href":"https:\/\/www.etoro.com\/it\/wp-json\/wp\/v2\/media?parent=807901"}],"wp:term":[{"taxonomy":"asset_type","embeddable":true,"href":"https:\/\/www.etoro.com\/it\/wp-json\/wp\/v2\/asset_type?post=807901"}],"curies":[{"name":"wp","href":"https:\/\/api.w.org\/{rel}","templated":true}]}}