{"id":819336,"date":"2024-01-09T11:36:15","date_gmt":"2024-01-09T09:36:15","guid":{"rendered":"https:\/\/www.etoro.com\/?page_id=819336"},"modified":"2026-01-15T11:50:48","modified_gmt":"2026-01-15T09:50:48","slug":"how-to-buy-polkadot","status":"publish","type":"page","link":"https:\/\/www.etoro.com\/it\/crypto\/how-to-buy-polkadot\/","title":{"rendered":"Come comprare Polkadot (DOT)"},"content":{"rendered":"\n<p class=\"is-style-summary\">Polkadot (DOT) mira a implementare le funzionalit\u00e0 delle reti blockchain sviluppando transazioni decentralizzate, efficienti e veloci. Scopri di pi\u00f9 su Polkadot e su come acquistare e custodire la criptovaluta nativa DOT in modo sicuro.<\/p>\n\n\n\n<hr class=\"wp-block-separator wp-block-separator-color-dark-grey wp-block-separator-spaces-medium wp-block-separator-weight-1 has-alpha-channel-opacity\"\/>\n\n\n\n<p>Polkadot (DOT) consente agli sviluppatori di essere pi\u00f9 creativi e sfruttare appieno il potenziale della tecnologia blockchain.<\/p>\n\n\n\n<p>\u00c8 una blockchain di <strong>layer 0<\/strong>, che funge da infrastruttura su cui distribuire blockchain di <strong>layer 1<\/strong>. Questo permette di usare Polkadot come base per piattaforme di <strong>smart contract<\/strong> innovative e per <a href=\"https:\/\/www.etoro.com\/it\/crypto\/blockchain-guide\/\">blockchain<\/a> specifiche per applicazione.<\/p>\n\n\n\n<p>Investire in criptovalute comporta rischi specifici che dovresti valutare prima di iniziare a fare trading.<\/p>\n\n\n\n<h2 class=\"wp-block-heading\">Introduzione a Polkadot (DOT)<\/h2>\n\n\n\n<p><mark>DOT, il token nativo della rete \u00e8 disponibile su un numero sempre maggiore di exchange di criptovalute e di piattaforme di trading, grazie all\u2019interesse crescente degli investitori. La differenza principale tra questi servizi \u00e8 che gli exchange si concentrano interamente sul settore delle criptovalute, mentre le <strong>piattaforme di trading offrono un\u2019ampia gamma di mercati su cui investire<\/strong>, tra cui <a href=\"https:\/\/www.etoro.com\/it\/discover\/markets\/stocks\">azioni<\/a>,<a href=\"https:\/\/www.etoro.com\/it\/discover\/markets\/currencies\"> forex<\/a>,<a href=\"https:\/\/www.etoro.com\/it\/discover\/markets\/commodities\"> materie prime<\/a> e <a href=\"https:\/\/www.etoro.com\/it\/discover\/markets\/cryptocurrencies\">criptoasset<\/a>.<\/mark><\/p>\n\n\n\n<figure class=\"wp-block-image size-full\"><img loading=\"lazy\" decoding=\"async\" width=\"756\" height=\"400\" src=\"https:\/\/www.etoro.com\/wp-content\/uploads\/2023\/12\/Body-Image-1_-Overview-of-Polkadot-DOT.png\" alt=\"\" class=\"wp-image-805407 wp-image-desktop\" srcset=\"https:\/\/www.etoro.com\/wp-content\/uploads\/2023\/12\/Body-Image-1_-Overview-of-Polkadot-DOT.png 756w, https:\/\/www.etoro.com\/wp-content\/uploads\/2023\/12\/Body-Image-1_-Overview-of-Polkadot-DOT-300x159.png 300w\" sizes=\"(max-width: 756px) 100vw, 756px\" \/><\/figure>\n\n\n\n<p>Gli exchange di criptovalute possono essere suddivisi in sistemi centralizzati o decentralizzati. Vediamo le loro caratteristiche principali.<\/p>\n\n\n\n<ul class=\"wp-block-list wp-block-list wp-block-list-circle\">\n<li><strong>Exchange decentralizzati (DEX): <\/strong>si tratta di piattaforme utilizzate per l&#8217;acquisto e la vendita di DOT e altre criptovalute. Le operazioni vengono effettuate direttamente con un altro investitore e, generalmente, le transazioni avvengono usando un&#8217;altra criptovaluta.<\/li>\n\n\n\n<li><strong>Exchange centralizzati: <\/strong>piattaforme per l&#8217;acquisto e la vendita di DOT in cui l&#8217;exchange funge da broker e, in quanto tale, pu\u00f2 detenere posizioni da vendere a potenziali acquirenti. Tutte le transazioni che avvengono sul marketplace sono centralizzate e controllate dall\u2019exchange.<\/li>\n<\/ul>\n\n\n\n<div class=\"wp-block-etoro-tip wp-block-etoro-tip-border-yellow\"><span class=\"wp-block-etoro-tip-icon\"><\/span><div class=\"wp-block-etoro-tip-text\">\n<p><strong>Suggerimento:<\/strong> le piattaforme di trading sono generalmente considerate pi\u00f9 adatte ai principianti rispetto agli exchange.<\/p>\n<\/div><\/div>\n\n\n\n<h2 class=\"wp-block-heading\">Come conservare e custodire Polkadot<\/h2>\n\n\n\n<p>Come per qualsiasi altra criptovaluta, anche nel caso dei token Polkadot (DOT) \u00e8 fondamentale scegliere dei <strong>sistemi di archiviazione sicuri<\/strong>. I metodi per custodire Polkadot sono principalmente tre:<\/p>\n\n\n\n<ul class=\"wp-block-list wp-block-list wp-block-list-circle\">\n<li><strong>\u201cCold wallet\u201d<\/strong>: <strong>simili a un disco rigido esterno<\/strong>, i cold wallet consentono di archiviare DOT e altri criptoasset in modalit\u00e0 offline. Ci\u00f2 li rende meno vulnerabili a virus e attacchi hacker.<\/li>\n\n\n\n<li><strong>\u201cHot wallet\u201d: sono dispositivi software <\/strong>che possono essere utilizzati per conservare DOT e altri criptoasset su server online. I <a href=\"https:\/\/www.etoro.com\/it\/crypto\/wallet\/\">wallet di criptovalute<\/a> sono particolarmente adatti a chi esegue molte transazioni.<\/li>\n\n\n\n<li><strong>Piattaforme di Broker: <\/strong>se acquisti Polkadot utilizzando una piattaforma broker come eToro, i tuoi token verranno conservati in modo sicuro direttamente nel tuo account.<\/li>\n<\/ul>\n\n\n\n<h2 class=\"wp-block-heading\">Scopri di pi\u00f9 su Polkadot<\/h2>\n\n\n\n<p>Polkadot presenta caratteristiche innovative che le permettono di svilupparsi sul successo della blockchain di Ethereum (<a href=\"https:\/\/www.etoro.com\/it\/markets\/eth\">ETH<\/a>).<\/p>\n\n\n\n<p>La stretta relazione tra le due criptovalute \u00e8 in parte spiegata dal fatto che Polkadot \u00e8 stata creata nel 2016 dal co-fondatore di Ethereum, Gavin Wood. La nuova criptovaluta nasce con l\u2019intento di migliorare la funzionalit\u00e0 e l\u2019interoperabilit\u00e0 della blockchain di Ethereum].<\/p>\n\n\n\n<figure class=\"wp-block-image size-full\"><img loading=\"lazy\" decoding=\"async\" width=\"756\" height=\"400\" src=\"https:\/\/www.etoro.com\/wp-content\/uploads\/2023\/12\/Body-Image-2_-Where-to-buy-Polkadot.png\" alt=\"\" class=\"wp-image-805365 wp-image-desktop\" srcset=\"https:\/\/www.etoro.com\/wp-content\/uploads\/2023\/12\/Body-Image-2_-Where-to-buy-Polkadot.png 756w, https:\/\/www.etoro.com\/wp-content\/uploads\/2023\/12\/Body-Image-2_-Where-to-buy-Polkadot-300x159.png 300w\" sizes=\"(max-width: 756px) 100vw, 756px\" \/><\/figure>\n\n\n\n<p>La caratteristica principale di Polkadot \u00e8 che <strong>la sua blockchain \u00e8 integrata da \u201c<a href=\"https:\/\/www.etoro.com\/it\/news-and-analysis\/etoro-updates\/il-lancio-delle-parachain-fa-volare-la-domanda-di-polkadot\/\">parachain<\/a>\u201d<\/strong>, ossia catene separate che eseguono ed elaborano le transazioni parallelamente a quella principale.<\/p>\n\n\n\n<p>Ci\u00f2 consente una maggiore flessibilit\u00e0, velocit\u00e0 e scalabilit\u00e0 delle transazioni. In particolare, le parachain possono essere utilizzate per <strong>sviluppare servizi e applicazioni decentralizzate (dApp)<\/strong>.<\/p>\n\n\n\n<p>Ogni parachain, inoltre, presenta gli <strong>stessi livelli di sicurezza della blockchain principale,<\/strong> quindi \u00e8 possibile sfruttare appieno tutte le potenzialit\u00e0 della tecnologia blockchain anche quando si opera su reti parallele.<\/p>\n\n\n\n<p>Per saperne di pi\u00f9, puoi consultare le seguenti risorse.<\/p>\n\n\n\n<figure class=\"wp-block-table\"><div class=\"wp-block-table-content\"><div class=\"wp-block-table-content-nav wp-block-table-content-nav-left\"><div class=\"wp-block-table-content-nav-arrow wp-block-table-content-nav-arrow-left\"><\/div><\/div><div class=\"wp-block-table-content-nav wp-block-table-content-nav-right\"><div class=\"wp-block-table-content-nav-arrow wp-block-table-content-nav-arrow-right\"><\/div><\/div><div class=\"wp-block-table-content-table\"><table class=\"has-fixed-layout\"><tbody><tr><td class=\"has-text-align-center\" data-align=\"center\"><a href=\"https:\/\/www.etoro.com\/it\/academy\/crypto\/\"><strong>Academy di eToro<\/strong><\/a><\/td><td class=\"has-text-align-center\" data-align=\"center\">Online<\/td><td>Una <strong>piattaforma intuitiva e semplice da consultare<\/strong> per conoscere meglio Polkadot (DOT) e tutte le altre criptovalute.<\/td><\/tr><tr><td class=\"has-text-align-center\" data-align=\"center\"><strong><a href=\"https:\/\/assets.polkadot.network\/Polkadot-whitepaper.pdf\" target=\"_blank\" rel=\"noreferrer noopener\">Polkadot Whitepaper<\/a><\/strong><\/td><td class=\"has-text-align-center\" data-align=\"center\">Whitepaper<\/td><td>Il whitepaper di Polkadot fornisce maggiori dettagli sull\u2019<strong>idea alla base della creazione di Polkadot<\/strong> e sul funzionamento della rete. Si tratta di una risorsa tecnica, pi\u00f9 adatta a chi ha gi\u00e0 un\u2019esperienza nel settore delle blockchain.<\/td><\/tr><tr><td class=\"has-text-align-center\" data-align=\"center\"><strong>@PolkadotNetwork<\/strong><\/td><td class=\"has-text-align-center\" data-align=\"center\">YouTube<\/td><td>Un canale YouTube gestito dal team di Polkadot. Oltre ai <strong>video introduttivi al protocollo Polkadot<\/strong>, il canale fornisce aggiornamenti sui cambiamenti della rete e sulle novit\u00e0 del settore.<\/td><\/tr><\/tbody><\/table><\/div><\/div><\/figure>\n\n\n\n<h2 class=\"wp-block-heading\">Come comprare Polkadot (DOT) su eToro<\/h2>\n\n\n\n<p>eToro \u00e8 un <strong>broker multiasset<\/strong> che supporta il trading di criptovalute oltre alla negoziazione di tutti gli altri mercati finanziari.<\/p>\n\n\n\n<p>La piattaforma \u00e8 semplice da usare ed \u00e8 <strong>adatta a <a href=\"https:\/\/www.etoro.com\/it\/investing\/risk-management\/\">trader e investitori<\/a><\/strong> alle prime armi, cos\u00ec come a quelli pi\u00f9 esperti.<\/p>\n\n\n\n<figure class=\"wp-block-image size-full\"><img loading=\"lazy\" decoding=\"async\" width=\"756\" height=\"400\" src=\"https:\/\/www.etoro.com\/wp-content\/uploads\/2023\/12\/Body-Image-3_-How-to-buy-Polkadot-DOT-on-eToro.png\" alt=\"\" class=\"wp-image-805321 wp-image-desktop\" srcset=\"https:\/\/www.etoro.com\/wp-content\/uploads\/2023\/12\/Body-Image-3_-How-to-buy-Polkadot-DOT-on-eToro.png 756w, https:\/\/www.etoro.com\/wp-content\/uploads\/2023\/12\/Body-Image-3_-How-to-buy-Polkadot-DOT-on-eToro-300x159.png 300w\" sizes=\"(max-width: 756px) 100vw, 756px\" \/><\/figure>\n\n\n\n<p>Optando per eToro potrai <strong>comprare e custodire DOT e altre risorse in modo semplice e sicuro. <\/strong>Per acquistare Polkadot (DOT) e altre criptovalute come Bitcoin (<a href=\"https:\/\/www.etoro.com\/it\/markets\/btc\">BTC<\/a>), Ethereum (ETH) e Cardano (<a href=\"https:\/\/www.etoro.com\/it\/markets\/ada\">ADA<\/a>) su eToro, ti baster\u00e0:<\/p>\n\n\n\n<ul class=\"wp-block-list wp-block-list wp-block-list-circle\">\n<li><strong>Creare un account su eToro: <\/strong>puoi farlo online in pochi clic, semplicemente fornendo i tuoi dati personali e verificando la tua identit\u00e0.<\/li>\n<\/ul>\n\n\n\n<ul class=\"wp-block-list wp-block-list wp-block-list-circle\">\n<li><strong>Depositare i tuoi fondi: <\/strong>clicca sul pulsante \u201cDeposita fondi\u201d e inserisci l\u2019importo in <strong>valuta fiat<\/strong> che desideri <a href=\"https:\/\/www.etoro.com\/it\/customer-service\/deposit-faq\/\">depositare<\/a>. Puoi scegliere tra un\u2019ampia gamma di valute e modalit\u00e0 di pagamento.<\/li>\n\n\n\n<li><strong>Comprare Polkadot (DOT): <\/strong>trova la pagina \u201c<a href=\"https:\/\/www.etoro.com\/it\/markets\/dot\">Polkadot<\/a>\u201d utilizzando la funzione di ricerca oppure tramite la pagina generale delle \u201c<a href=\"https:\/\/www.etoro.com\/it\/discover\/markets\/cryptocurrencies\/coins\">Criptovalute<\/a>\u201d. Fai clic su &#8220;Investi&#8221; e scegli la quantit\u00e0 di DOT che desideri acquistare immediatamente, oppure seleziona &#8220;Ordina&#8221; per acquistare Polkadot a un prezzo prestabilito in futuro.<\/li>\n<\/ul>\n\n\n\n<h2 class=\"wp-block-heading\">Considerazioni finali<\/h2>\n\n\n\n<p>A causa della loro elevata <strong>volatilit\u00e0<\/strong>, le criptovalute sono caratterizzate da movimenti estremi e talvolta improvvisi dei prezzi.<\/p>\n\n\n\n<p>Prima di investire in questo mercato, dunque, <strong>sia tramite strategie buy-and-hold sia come <a href=\"https:\/\/www.etoro.com\/it\/trading\/day-trading\/\">day trader<\/a><\/strong>, assicurati di sapere come funziona Polkadot e come custodire i tuoi token DOT in modo sicuro.<\/p>\n\n\n\n<p>Scopri di pi\u00f9 su Polkadot e sulle altre criptovalute grazie all\u2019<a href=\"https:\/\/www.etoro.com\/it\/academy\/\">Academy di eToro<\/a>.<\/p>\n\n\n\n<h2 class=\"wp-block-heading\">Domande frequenti<\/h2>\n\n\n\n<dl class=\"wp-block-etoro-faq\">\n<div class=\"wp-block-etoro-faq-item\"><dt class=\"wp-block-etoro-faq-item-question\">Quanti token Polkadot (DOT) ci sono?<\/dt><dd class=\"wp-block-etoro-faq-item-answer\">\n<p>La fornitura totale di DOT \u00e8 variabile e non ha un massimo prestabilito. DOT ha una politica monetaria inflazionistica con un&#8217;<a href=\"https:\/\/support.polkadot.network\/support\/solutions\/articles\/65000173907-what-is-the-total-supply-of-dot-\" target=\"_blank\" rel=\"noreferrer noopener\">inflazione annuale fissa del 10%<\/a> che pu\u00f2 essere modificata attraverso un referendum. Periodicamente vengono creati nuovi DOT, una parte dei quali viene utilizzata per premiare i validatori, mentre la parte restante viene inviata al Polkadot Treasury, ossia alla tesoreria.<\/p>\n<\/dd><\/div>\n\n\n\n<div class=\"wp-block-etoro-faq-item\"><dt class=\"wp-block-etoro-faq-item-question\">Cos\u2019\u00e8 il proof of stake?<\/dt><dd class=\"wp-block-etoro-faq-item-answer\">\n<p>Il Proof of Stake (PoS) \u00e8 un protocollo utilizzato per garantire che le transazioni su una blockchain vengano registrate in modo accurato. Polkadot adotta l\u2019approccio PoS, pi\u00f9 efficiente dal punto di vista energetico e veloce rispetto al protocollo Proof of Work (PoW) utilizzato da altre criptovalute, come Bitcoin (<a href=\"https:\/\/www.etoro.com\/it\/crypto\/what-is-bitcoin\/\">BTC<\/a>).<\/p>\n<\/dd><\/div>\n\n\n\n<div class=\"wp-block-etoro-faq-item\"><dt class=\"wp-block-etoro-faq-item-question\">\u00c8 sicuro acquistare Polkadot (DOT)?<\/dt><dd class=\"wp-block-etoro-faq-item-answer\">\n<p>Quando operi sui mercati finanziari, devi sempre considerare due tipi di <a href=\"https:\/\/www.etoro.com\/it\/investing\/risk-management\/\">rischi<\/a>: il \u201crischio di mercato\u201d, ossia la possibilit\u00e0 inevitabile che il prezzo di un asset che detieni possa diminuire di valore, e il \u201crischio operativo\u201d, ovvero che le tue risorse finanziarie vengano rubate o perse. Se scegli piattaforme affidabili, potrai effettuare le transazioni su Polkadot e su tutti gli altri mercati con sistemi di sicurezza elevati e costantemente aggiornati.<\/p>\n<\/dd><\/div>\n<\/dl>\n\n\n\n\t\t<style>\n\t\t\t.rtl .etoro-block-shortcode-disclaimer {\n\t\t\t\ttext-align:right;\n\t\t\t}\n\t\t\t.etoro-block-shortcode-disclaimer {\n\t\t\t\tmargin-bottom:18px;\n\t\t\t\ttext-align:left;\n\t\t\t}\n\t\t\t.etoro-block-shortcode-disclaimer p{\n\t\t\t\tfont-size: 12px;\n\t\t\t\tline-height: 18px;\n\t\t\t}\n\t\t\t@media (min-width: 768px) {\n\t\t\t\t.etoro-block-shortcode-disclaimer {\n\t\t\t\t\tmax-width:1176px;\n\t\t\t\t\ttext-align:center;\n\t\t\t\t}\n\t\t\t\t.etoro-block-shortcode-disclaimer p {\n\t\t\t\t\tfont-size: 14px;\n\t\t\t\t\tline-height: 20px;\n\t\t\t\t}\n\t\t\t}\n\t\t<\/style>\n\t\t<div class='etoro-block-shortcode-disclaimer'><p>Le presenti informazioni vengono fornite al solo scopo educativo e non rappresentano consigli d\u2019investimento o suggerimenti personali. Tali informazioni non devono quindi essere interpretate come offerte o solleciti di compravendita di strumenti finanziari.<\/p>\n<p>Il materiale \u00e8 stato preparato senza tener conto di precisi obiettivi d\u2019investimento o specifiche situazioni finanziarie e non soddisfa pertanto i criteri legali e legislativi previsti per la promozione di ricerche indipendenti.<\/p>\n<p><strong>Non tutti gli strumenti finanziari e i servizi cui viene fatto riferimento sono offerti da eToro<\/strong> e qualsiasi riferimento alle prestazioni passate di uno specifico strumento, indice o prodotto d\u2019investimento preassemblato non rappresenta n\u00e9 deve essere interpretato come un indicatore affidabile di possibili prestazioni future. <strong>La disponibilit\u00e0 di tutti i prodotti e servizi sopra menzionati pu\u00f2 variare a seconda della giurisdizione e del Paese.<\/strong><\/p>\n<p>eToro non offre alcuna garanzia n\u00e9 si assume la responsabilit\u00e0 in merito all\u2019accuratezza o alla completezza del contenuto esposto nella presente guida. Il lettore deve garantire di aver compreso appieno i rischi comportati dal trading prima di impegnare capitale. Si sconsiglia di mettere a rischio pi\u00f9 denaro di quanto non se ne possa perdere.<\/p>\n<\/div>\n","protected":false},"excerpt":{"rendered":"<p>Polkadot (DOT) mira a implementare le funzionalit\u00e0 delle reti blockchain sviluppando transazioni decentralizzate, efficienti e veloci. Scopri di pi\u00f9 su Polkadot e su come acquistare e custodire la criptovaluta nativa DOT in modo sicuro. Polkadot (DOT) consente agli sviluppatori di essere pi\u00f9 creativi e sfruttare appieno il potenziale della tecnologia blockchain. \u00c8 una blockchain di&hellip;<\/p>\n","protected":false},"author":96,"featured_media":1207818,"parent":128167,"menu_order":0,"comment_status":"closed","ping_status":"closed","template":"","meta":{"_acf_changed":true,"inline_featured_image":false,"sticky_cta_settings":"","footnotes":""},"asset_type":[6602],"class_list":["post-819336","page","type-page","status-publish","has-post-thumbnail","hentry","asset_type-is-crypto"],"acf":[],"yoast_head":"<title>Investire in Polkadot DOT | eToro<\/title>\n<meta name=\"description\" content=\"Guida base per investire in Polkadot e conservare la cripto Polkadot in modo sicuro.\" \/>\n<meta name=\"robots\" content=\"index, follow, max-snippet:-1, max-image-preview:large, max-video-preview:-1\" \/>\n<link rel=\"canonical\" href=\"https:\/\/www.etoro.com\/it\/wp-json\/wp\/v2\/pages\/819336\" \/>\n<meta property=\"og:locale\" content=\"it_IT\" \/>\n<meta property=\"og:type\" content=\"article\" \/>\n<meta property=\"og:title\" content=\"Investire in Polkadot DOT | eToro\" \/>\n<meta property=\"og:description\" content=\"Guida base per investire in Polkadot e conservare la cripto Polkadot in modo sicuro.\" \/>\n<meta property=\"og:url\" content=\"https:\/\/www.etoro.com\/it\/wp-json\/wp\/v2\/pages\/819336\" \/>\n<meta property=\"og:site_name\" content=\"eToro\" \/>\n<meta property=\"article:publisher\" content=\"https:\/\/www.facebook.com\/eToro\/\" \/>\n<meta property=\"article:modified_time\" content=\"2026-01-15T09:50:48+00:00\" \/>\n<meta property=\"og:image\" content=\"https:\/\/www.etoro.com\/wp-content\/uploads\/2026\/01\/IT-How-to-Buy-Polkadot-DOT-1200x630-1.png\" \/>\n\t<meta property=\"og:image:width\" content=\"1200\" \/>\n\t<meta property=\"og:image:height\" content=\"630\" \/>\n\t<meta property=\"og:image:type\" content=\"image\/png\" \/>\n<meta name=\"twitter:card\" content=\"summary_large_image\" \/>\n<meta name=\"twitter:site\" content=\"@eToro\" \/>\n<meta name=\"twitter:label1\" content=\"Est. reading time\" \/>\n\t<meta name=\"twitter:data1\" content=\"5 minutes\" \/>\n<script type=\"application\/ld+json\" class=\"yoast-schema-graph\">{\"@context\":\"https:\/\/schema.org\",\"@graph\":[{\"@type\":\"WebPage\",\"@id\":\"https:\/\/www.etoro.com\/it\/crypto\/how-to-buy-polkadot\/\",\"url\":\"https:\/\/www.etoro.com\/it\/crypto\/how-to-buy-polkadot\/\",\"name\":\"Investire in Polkadot DOT | eToro\",\"isPartOf\":{\"@id\":\"https:\/\/www.etoro.com\/it\/#website\"},\"primaryImageOfPage\":{\"@id\":\"https:\/\/www.etoro.com\/it\/crypto\/how-to-buy-polkadot\/#primaryimage\"},\"image\":{\"@id\":\"https:\/\/www.etoro.com\/it\/crypto\/how-to-buy-polkadot\/#primaryimage\"},\"thumbnailUrl\":\"https:\/\/www.etoro.com\/wp-content\/uploads\/2026\/01\/IT-How-to-Buy-Polkadot-DOT-1200x630-1.png\",\"datePublished\":\"2024-01-09T09:36:15+00:00\",\"dateModified\":\"2026-01-15T09:50:48+00:00\",\"description\":\"Guida base per investire in Polkadot e conservare la cripto Polkadot in modo sicuro.\",\"breadcrumb\":{\"@id\":\"https:\/\/www.etoro.com\/it\/crypto\/how-to-buy-polkadot\/#breadcrumb\"},\"inLanguage\":\"it\",\"potentialAction\":[{\"@type\":\"ReadAction\",\"target\":[\"https:\/\/www.etoro.com\/it\/crypto\/how-to-buy-polkadot\/\"]}]},{\"@type\":\"ImageObject\",\"inLanguage\":\"it\",\"@id\":\"https:\/\/www.etoro.com\/it\/crypto\/how-to-buy-polkadot\/#primaryimage\",\"url\":\"https:\/\/www.etoro.com\/wp-content\/uploads\/2026\/01\/IT-How-to-Buy-Polkadot-DOT-1200x630-1.png\",\"contentUrl\":\"https:\/\/www.etoro.com\/wp-content\/uploads\/2026\/01\/IT-How-to-Buy-Polkadot-DOT-1200x630-1.png\",\"width\":1200,\"height\":630},{\"@type\":\"BreadcrumbList\",\"@id\":\"https:\/\/www.etoro.com\/it\/crypto\/how-to-buy-polkadot\/#breadcrumb\",\"itemListElement\":[{\"@type\":\"ListItem\",\"position\":1,\"name\":\"Home\",\"item\":\"https:\/\/www.etoro.com\/it\/\"},{\"@type\":\"ListItem\",\"position\":2,\"name\":\"One-stop crypto\",\"item\":\"https:\/\/www.etoro.com\/it\/crypto\/\"},{\"@type\":\"ListItem\",\"position\":3,\"name\":\"Come comprare Polkadot (DOT)\"}]},{\"@type\":\"WebSite\",\"@id\":\"https:\/\/www.etoro.com\/it\/#website\",\"url\":\"https:\/\/www.etoro.com\/it\/\",\"name\":\"eToro\",\"description\":\"\",\"publisher\":{\"@id\":\"https:\/\/www.etoro.com\/it\/#organization\"},\"potentialAction\":[{\"@type\":\"SearchAction\",\"target\":{\"@type\":\"EntryPoint\",\"urlTemplate\":\"https:\/\/www.etoro.com\/it\/?s={search_term_string}\"},\"query-input\":{\"@type\":\"PropertyValueSpecification\",\"valueRequired\":true,\"valueName\":\"search_term_string\"}}],\"inLanguage\":\"it\"},[]]}<\/script>","yoast_head_json":{"title":"Investire in Polkadot DOT | eToro","description":"Guida base per investire in Polkadot e conservare la cripto Polkadot in modo sicuro.","robots":{"index":"index","follow":"follow","max-snippet":"max-snippet:-1","max-image-preview":"max-image-preview:large","max-video-preview":"max-video-preview:-1"},"canonical":"https:\/\/www.etoro.com\/it\/wp-json\/wp\/v2\/pages\/819336","og_locale":"it_IT","og_type":"article","og_title":"Investire in Polkadot DOT | eToro","og_description":"Guida base per investire in Polkadot e conservare la cripto Polkadot in modo sicuro.","og_url":"https:\/\/www.etoro.com\/it\/wp-json\/wp\/v2\/pages\/819336","og_site_name":"eToro","article_publisher":"https:\/\/www.facebook.com\/eToro\/","article_modified_time":"2026-01-15T09:50:48+00:00","og_image":[{"width":1200,"height":630,"url":"https:\/\/www.etoro.com\/wp-content\/uploads\/2026\/01\/IT-How-to-Buy-Polkadot-DOT-1200x630-1.png","type":"image\/png"}],"twitter_card":"summary_large_image","twitter_site":"@eToro","twitter_misc":{"Est. reading time":"5 minutes"},"schema":{"@context":"https:\/\/schema.org","@graph":[{"@type":"WebPage","@id":"https:\/\/www.etoro.com\/it\/crypto\/how-to-buy-polkadot\/","url":"https:\/\/www.etoro.com\/it\/crypto\/how-to-buy-polkadot\/","name":"Investire in Polkadot DOT | eToro","isPartOf":{"@id":"https:\/\/www.etoro.com\/it\/#website"},"primaryImageOfPage":{"@id":"https:\/\/www.etoro.com\/it\/crypto\/how-to-buy-polkadot\/#primaryimage"},"image":{"@id":"https:\/\/www.etoro.com\/it\/crypto\/how-to-buy-polkadot\/#primaryimage"},"thumbnailUrl":"https:\/\/www.etoro.com\/wp-content\/uploads\/2026\/01\/IT-How-to-Buy-Polkadot-DOT-1200x630-1.png","datePublished":"2024-01-09T09:36:15+00:00","dateModified":"2026-01-15T09:50:48+00:00","description":"Guida base per investire in Polkadot e conservare la cripto Polkadot in modo sicuro.","breadcrumb":{"@id":"https:\/\/www.etoro.com\/it\/crypto\/how-to-buy-polkadot\/#breadcrumb"},"inLanguage":"it","potentialAction":[{"@type":"ReadAction","target":["https:\/\/www.etoro.com\/it\/crypto\/how-to-buy-polkadot\/"]}]},{"@type":"ImageObject","inLanguage":"it","@id":"https:\/\/www.etoro.com\/it\/crypto\/how-to-buy-polkadot\/#primaryimage","url":"https:\/\/www.etoro.com\/wp-content\/uploads\/2026\/01\/IT-How-to-Buy-Polkadot-DOT-1200x630-1.png","contentUrl":"https:\/\/www.etoro.com\/wp-content\/uploads\/2026\/01\/IT-How-to-Buy-Polkadot-DOT-1200x630-1.png","width":1200,"height":630},{"@type":"BreadcrumbList","@id":"https:\/\/www.etoro.com\/it\/crypto\/how-to-buy-polkadot\/#breadcrumb","itemListElement":[{"@type":"ListItem","position":1,"name":"Home","item":"https:\/\/www.etoro.com\/it\/"},{"@type":"ListItem","position":2,"name":"One-stop crypto","item":"https:\/\/www.etoro.com\/it\/crypto\/"},{"@type":"ListItem","position":3,"name":"Come comprare Polkadot (DOT)"}]},{"@type":"WebSite","@id":"https:\/\/www.etoro.com\/it\/#website","url":"https:\/\/www.etoro.com\/it\/","name":"eToro","description":"","publisher":{"@id":"https:\/\/www.etoro.com\/it\/#organization"},"potentialAction":[{"@type":"SearchAction","target":{"@type":"EntryPoint","urlTemplate":"https:\/\/www.etoro.com\/it\/?s={search_term_string}"},"query-input":{"@type":"PropertyValueSpecification","valueRequired":true,"valueName":"search_term_string"}}],"inLanguage":"it"},[]]}},"_links":{"self":[{"href":"https:\/\/www.etoro.com\/it\/wp-json\/wp\/v2\/pages\/819336"}],"collection":[{"href":"https:\/\/www.etoro.com\/it\/wp-json\/wp\/v2\/pages"}],"about":[{"href":"https:\/\/www.etoro.com\/it\/wp-json\/wp\/v2\/types\/page"}],"author":[{"embeddable":true,"href":"https:\/\/www.etoro.com\/it\/wp-json\/wp\/v2\/users\/96"}],"replies":[{"embeddable":true,"href":"https:\/\/www.etoro.com\/it\/wp-json\/wp\/v2\/comments?post=819336"}],"version-history":[{"count":0,"href":"https:\/\/www.etoro.com\/it\/wp-json\/wp\/v2\/pages\/819336\/revisions"}],"up":[{"embeddable":true,"href":"https:\/\/www.etoro.com\/it\/wp-json\/wp\/v2\/pages\/128167"}],"wp:featuredmedia":[{"embeddable":true,"href":"https:\/\/www.etoro.com\/it\/wp-json\/wp\/v2\/media\/1207818"}],"wp:attachment":[{"href":"https:\/\/www.etoro.com\/it\/wp-json\/wp\/v2\/media?parent=819336"}],"wp:term":[{"taxonomy":"asset_type","embeddable":true,"href":"https:\/\/www.etoro.com\/it\/wp-json\/wp\/v2\/asset_type?post=819336"}],"curies":[{"name":"wp","href":"https:\/\/api.w.org\/{rel}","templated":true}]}}