{"id":821327,"date":"2024-01-10T17:56:35","date_gmt":"2024-01-10T15:56:35","guid":{"rendered":"https:\/\/www.etoro.com\/?page_id=821327"},"modified":"2026-01-15T11:59:47","modified_gmt":"2026-01-15T09:59:47","slug":"how-to-buy-polygon","status":"publish","type":"page","link":"https:\/\/www.etoro.com\/it\/crypto\/how-to-buy-polygon\/","title":{"rendered":"Come acquistare Polygon (MATIC)"},"content":{"rendered":"\n<p class=\"is-style-summary\">Polygon (MATIC) \u00e8 una criptovaluta che sta guadagnando sempre pi\u00f9 popolarit\u00e0 nel vasto universo delle blockchain, poich\u00e9 mira a risolvere alcuni dei problemi pi\u00f9 grandi della blockchain di Ethereum, come le commissioni alte e i tempi di transazione lenti.<\/p>\n\n\n\n<hr class=\"wp-block-separator wp-block-separator-color-dark-grey wp-block-separator-spaces-medium wp-block-separator-weight-1 has-alpha-channel-opacity\"\/>\n\n\n\n<p>Polygon, precedentemente nota come Matic Network, \u00e8 una piattaforma progettata per creare reti blockchain interconnesse. \u00c8 stata costruita sulla blockchain di Ethereum (<a href=\"https:\/\/www.etoro.com\/it\/markets\/eth\">ETH<\/a>) per offrire una soluzione pi\u00f9 scalabile ed efficiente per le applicazioni decentralizzate (dApp).<\/p>\n\n\n\n<p><mark><a href=\"https:\/\/www.etoro.com\/it\/markets\/matic\">MATIC<\/a>, la criptovaluta nativa di Polygon, viene utilizzata per le commissioni di rete, la sicurezza del protocollo e la governance, consentendo ai possessori di MATIC di votare sulle decisioni relative alla rete Polygon. MATIC \u00e8 un <strong>token ERC-20<\/strong>  e pu\u00f2 essere conservato in qualsiasi wallet che supporti i token basati su Ethereum. <\/mark><\/p>\n\n\n\n<h2 class=\"wp-block-heading\">Dove comprare Polygon<\/h2>\n\n\n\n<p>Polygon (MATIC) pu\u00f2 essere acquistato in vari modi, tra cui exchange centralizzati e <strong>decentralizzati (DEX)<\/strong>. <\/p>\n\n\n\n<figure class=\"wp-block-image size-full\"><img loading=\"lazy\" decoding=\"async\" width=\"756\" height=\"400\" src=\"https:\/\/www.etoro.com\/wp-content\/uploads\/2023\/12\/Body-Image-1_-Overview-of-Polygon.png\" alt=\"\" class=\"wp-image-805683 wp-image-desktop\" srcset=\"https:\/\/www.etoro.com\/wp-content\/uploads\/2023\/12\/Body-Image-1_-Overview-of-Polygon.png 756w, https:\/\/www.etoro.com\/wp-content\/uploads\/2023\/12\/Body-Image-1_-Overview-of-Polygon-300x159.png 300w\" sizes=\"(max-width: 756px) 100vw, 756px\" \/><\/figure>\n\n\n\n<p>Gli exchange centralizzati consentono l&#8217;acquisto di MATIC tramite <strong>valute fiat<\/strong> o <a href=\"https:\/\/www.etoro.com\/it\/discover\/markets\/cryptocurrencies\">criptovalute<\/a>, funzionando come <strong>intermediari tra gli acquirenti e i venditori e offrendo un ambiente di trading regolamentato e sicuro<\/strong>.<\/p>\n\n\n\n<p>D&#8217;altra parte, i DEX permettono lo scambio diretto tra criptovalute utilizzando <strong>smart contract<\/strong> sulla blockchain, <strong>facilitando transazioni peer-to-peer senza la necessit\u00e0 di un intermediario centralizzato<\/strong>.<\/p>\n\n\n\n<p>Quando si sceglie un exchange, \u00e8 importante <strong>valutare attentamente la sua affidabilit\u00e0<\/strong>, le commissioni applicate e la facilit\u00e0 d&#8217;uso.<\/p>\n\n\n\n<div class=\"wp-block-etoro-tip wp-block-etoro-tip-border-yellow\"><span class=\"wp-block-etoro-tip-icon\"><\/span><div class=\"wp-block-etoro-tip-text\">\n<p><strong>Suggerimento:<\/strong> gli exchange centralizzati di solito forniscono servizi aggiuntivi, come l&#8217;assistenza ai clienti, cosa che non avviene spesso negli exchange decentralizzati.<\/p>\n<\/div><\/div>\n\n\n\n<h2 class=\"wp-block-heading\">Come custodire e conservare Polygon<\/h2>\n\n\n\n<p>Per custodire in modo sicuro i tuoi token MATIC puoi utilizzare vari tipi di <a href=\"https:\/\/www.etoro.com\/it\/crypto\/wallet-guide\/\">cripto wallet<\/a>, ciascuno con un proprio livello di sicurezza e comodit\u00e0 d\u2019uso. <strong>Wallet hardware come Ledger Nano S\/X offrono un&#8217;elevata sicurezza, mantenendo le tue criptovalute offline e al riparo da attacchi informatici<\/strong>.<\/p>\n\n\n\n<p>Esistono anche wallet mobile come Trust Wallet e Zengo che, <strong>pur essendo pi\u00f9 esposti ai rischi online, offrono una comodit\u00e0 e una facilit\u00e0 d&#8217;uso superiore <\/strong>per l&#8217;accesso quotidiano e le transazioni. Scegli il wallet che meglio risponde alle tue esigenze e priorit\u00e0 in termini di sicurezza e accessibilit\u00e0.<\/p>\n\n\n\n<figure class=\"wp-block-image size-full\"><img loading=\"lazy\" decoding=\"async\" width=\"756\" height=\"400\" src=\"https:\/\/www.etoro.com\/wp-content\/uploads\/2023\/12\/Body-Image-2_-How-to-keep-and-store-Polygon.png\" alt=\"\" class=\"wp-image-805662 wp-image-desktop\" srcset=\"https:\/\/www.etoro.com\/wp-content\/uploads\/2023\/12\/Body-Image-2_-How-to-keep-and-store-Polygon.png 756w, https:\/\/www.etoro.com\/wp-content\/uploads\/2023\/12\/Body-Image-2_-How-to-keep-and-store-Polygon-300x159.png 300w\" sizes=\"(max-width: 756px) 100vw, 756px\" \/><\/figure>\n\n\n\n<h2 class=\"wp-block-heading\">Ulteriori informazioni su Polygon<\/h2>\n\n\n\n<p>Polygon, che in origine era noto come Matic Network, \u00e8 una <strong>soluzione<\/strong> <strong>layer 2<\/strong> <strong>che punta a migliorare e potenziare l&#8217;ecosistema Ethereum<\/strong>. <a href=\"https:\/\/polygon.technology\/blog\/matic-network-becomes-polygon-ethereums-internet-of-blockchains-expands-mission-and-tech-scope\" target=\"_blank\" rel=\"noreferrer noopener\">Con il cambiamento di nome<\/a> Polygon ha ampliato il proprio raggio d&#8217;azione, permettendo una maggiore interoperabilit\u00e0 e scalabilit\u00e0.<\/p>\n\n\n\n<p>La piattaforma supporta varie soluzioni di scalabilit\u00e0 offrendo un ecosistema flessibile e ottimizzato che <strong>migliora le prestazioni delle dApp su <\/strong><a href=\"https:\/\/www.etoro.com\/it\/crypto\/what-is-ethereum\/\">Ethereum<\/a>. Continuando a innovare e a sviluppare nuove funzionalit\u00e0, Polygon si posiziona come un player chiave nell&#8217;evoluzione dell&#8217;infrastruttura blockchain e delle dApp.<\/p>\n\n\n\n<p>Per saperne di pi\u00f9 su Polygon prima di prendere qualsiasi decisione di investimento, puoi <strong>consultare le seguenti risorse<\/strong>:<\/p>\n\n\n\n<figure class=\"wp-block-table\"><div class=\"wp-block-table-content\"><div class=\"wp-block-table-content-nav wp-block-table-content-nav-left\"><div class=\"wp-block-table-content-nav-arrow wp-block-table-content-nav-arrow-left\"><\/div><\/div><div class=\"wp-block-table-content-nav wp-block-table-content-nav-right\"><div class=\"wp-block-table-content-nav-arrow wp-block-table-content-nav-arrow-right\"><\/div><\/div><div class=\"wp-block-table-content-table\"><table class=\"has-fixed-layout\"><thead><tr><th><a href=\"https:\/\/www.etoro.com\/it\/academy\/crypto\/\">Academy di eToro &#8211; Criptovalute<\/a><\/th><th><a href=\"https:\/\/polygon.technology\/\" target=\"_blank\" rel=\"noreferrer noopener\">Polygon.technology<\/a><\/th><th><a href=\"https:\/\/www.youtube.com\/watch?v=ozdfw1a6YYA\" target=\"_blank\" rel=\"noreferrer noopener\">Cos\u2019\u00e8 Polygon (MATIC)?<\/a><\/th><\/tr><\/thead><tbody><tr><td>Online<\/td><td>Sito web<\/td><td>YouTube<\/td><\/tr><tr><td>Una piattaforma educativa che comprende articoli, guide e analisi di mercato. La eToro Academy fornisce una visione completa di Polygon (MATIC), cos\u00ec come di altre criptovalute e strategie di investimento.<\/td><td>Il sito web di Polygon \u00e8 uno strumento utile per conoscere la strategia, il team, la tecnologia e le collaborazioni di Polygon. Offre inoltre aggiornamenti e notizie regolari sugli sviluppi del progetto.<\/td><td>Un interessante video su YouTube, adatto ai principianti, che spiega esattamente cos&#8217;\u00e8 e come funziona Polygon, toccando anche altri temi come la <strong>finanza decentralizzata (DeFi)<\/strong><\/td><\/tr><\/tbody><\/table><\/div><\/div><\/figure>\n\n\n\n<h2 class=\"wp-block-heading\">Come comprare Polygon su eToro<\/h2>\n\n\n\n<p>Comprare Polygon (MATIC) su eToro \u00e8 un&#8217;operazione che si pu\u00f2 realizzare con facilit\u00e0 e sicurezza. <strong>eToro offre una piattaforma intuitiva e accessibile<\/strong> <strong>che permette agli utenti di operare su vari tipi di criptovalute<\/strong>. Ecco quali sono i passaggi da seguire per comprare Polygon (MATIC) su eToro:<\/p>\n\n\n\n<figure class=\"wp-block-image size-full\"><img loading=\"lazy\" decoding=\"async\" width=\"756\" height=\"400\" src=\"https:\/\/www.etoro.com\/wp-content\/uploads\/2023\/12\/Body-Image-3_-How-to-buy-Polygon-MATIC-on-eToro.png\" alt=\"\" class=\"wp-image-805639 wp-image-desktop\" srcset=\"https:\/\/www.etoro.com\/wp-content\/uploads\/2023\/12\/Body-Image-3_-How-to-buy-Polygon-MATIC-on-eToro.png 756w, https:\/\/www.etoro.com\/wp-content\/uploads\/2023\/12\/Body-Image-3_-How-to-buy-Polygon-MATIC-on-eToro-300x159.png 300w\" sizes=\"(max-width: 756px) 100vw, 756px\" \/><\/figure>\n\n\n\n<ul class=\"wp-block-list wp-block-list wp-block-list-circle\">\n<li><strong>Crea un account: <\/strong>vai al sito web di eToro o scarica l&#8217;app mobile. Clicca su &#8220;Registrati ora&#8221; o &#8220;<a href=\"https:\/\/www.etoro.com\/it\/accounts\/sign-up\">Crea un account<\/a>&#8220;. La creazione di un account implica l\u2019accettazione dei <a href=\"https:\/\/www.etoro.com\/it\/customer-service\/terms-conditions\/\">Termini e Condizioni<\/a> di eToro.<\/li>\n\n\n\n<li><strong>Verifica l&#8217;account: <\/strong>verifica il tuo account seguendo le istruzioni fornite da eToro. Potresti dover caricare alcuni documenti d\u2019identit\u00e0.<\/li>\n\n\n\n<li><strong>Deposita i fondi: <\/strong>accedi al tuo account. Clicca su &#8220;<a href=\"https:\/\/www.etoro.com\/it\/customer-service\/deposit-faq\/\">Deposita fondi<\/a>&#8221; e scegli l&#8217;importo e il metodo di pagamento che preferisci. Segui le istruzioni per completare la transazione.<\/li>\n\n\n\n<li><strong>Acquista Polygon (MATIC): <\/strong>nella barra di ricerca, digita &#8220;Polygon&#8221; o &#8220;MATIC&#8221; per accedere alla <a href=\"https:\/\/www.etoro.com\/it\/markets\/matic\">pagina di Polygon<\/a>, oppure accedi alla <a href=\"https:\/\/www.etoro.com\/it\/discover\/markets\/cryptocurrencies\/coins\">pagina delle criptovalute<\/a>. Seleziona Polygon dalla lista dei risultati e clicca su &#8220;Investi&#8221;. Inserisci l&#8217;importo che desideri investire in MATIC. Controlla le impostazioni dell\u2019operazione, come leva, stop loss o take profit se necessario.<\/li>\n\n\n\n<li><strong>Scarica il Wallet eToro Money: <\/strong>dopo aver completato l&#8217;acquisto, i tuoi investimenti in MATIC appariranno nella sezione Portafoglio del tuo account. Puoi anche inviare i tuoi token al Wallet eToro Money su dispositivi <a href=\"https:\/\/apps.apple.com\/us\/app\/etoro-money\/id1397831096\" target=\"_blank\" rel=\"noreferrer noopener\">iOS<\/a> e <a href=\"https:\/\/play.google.com\/store\/apps\/details?id=com.etoro.wallet&amp;hl=en_GB&amp;gl=US&amp;pli=1\" target=\"_blank\" rel=\"noreferrer noopener\">Android<\/a>.<\/li>\n<\/ul>\n\n\n\n<h2 class=\"wp-block-heading\">Considerazioni finali<\/h2>\n\n\n\n<p>Polygon \u00e8 emerso come una <strong>soluzione promettente nel mondo delle blockchain, <\/strong>puntando a migliorare la scalabilit\u00e0 e l&#8217;interoperabilit\u00e0 su Ethereum. Investire in MATIC significa partecipare a un ecosistema che punta a un futuro decentralizzato delle applicazioni blockchain.<\/p>\n\n\n\n<blockquote class=\"wp-block-quote wp-block-quote-scheme-green is-layout-flow wp-block-quote-is-layout-flow\">\n<p>\u201cIl protocollo fondamentale che consente a chiunque di creare e scambiare valore, grazie a una tecnologia a conoscenza zero.\u201d<\/p>\n<cite><a href=\"https:\/\/polygon.technology\/\" target=\"_blank\" rel=\"noreferrer noopener\">Polygon<\/a><\/cite><\/blockquote>\n\n\n\n<p>Tuttavia, <strong>investire in asset digitali come Polygon (MATIC) o in qualsiasi altra criptovaluta comporta vari rischi<\/strong>, come l\u2019elevata <strong>volatilit\u00e0<\/strong> e i rischi regolamentari. <\/p>\n\n\n\n<p>\u00c8 fondamentale svolgere ricerche approfondite e rimanere aggiornati sugli ultimi sviluppi, sia riguardo a Polygon sia all\u2019intero settore delle criptovalute. La decisione di investire dovrebbe essere basata su una comprensione chiara degli <a href=\"https:\/\/www.etoro.com\/it\/investing\/why-should-i-start-investing\/\">obiettivi di investimento<\/a> e della <a href=\"https:\/\/www.etoro.com\/it\/investing\/risk-management\/\">tolleranza al rischio<\/a>.<\/p>\n\n\n\n<p>Visita la <a href=\"https:\/\/www.etoro.com\/it\/academy\/\">Academy di eToro<\/a> per saperne di pi\u00f9 su Polygon e altri criptoasset.<\/p>\n\n\n\n<h2 class=\"wp-block-heading\">Domande frequenti<\/h2>\n\n\n\n<dl class=\"wp-block-etoro-faq\">\n<div class=\"wp-block-etoro-faq-item\"><dt class=\"wp-block-etoro-faq-item-question\">Conviene comprare Polygon (MATIC)?<\/dt><dd class=\"wp-block-etoro-faq-item-answer\">\n<p>Polygon \u00e8 nata come soluzione promettente per i problemi relativi alla scalabilit\u00e0 e alle gas fee di Ethereum. Non accontentandosi dei successi del passato, Polygon sta anche seguendo una <a href=\"https:\/\/polygon.technology\/roadmap\" target=\"_blank\" rel=\"noreferrer noopener\">roadmap<\/a> dettagliata che molti investitori monitorano con attenzione.<\/p>\n\n\n\n<p>Tuttavia, i mercati delle criptovalute sono altamente volatili e i prezzi possono fluttuare in maniera rilevante. Sebbene la visione e la tecnologia di Polygon siano solide, non c&#8217;\u00e8 alcuna garanzia che questo possa riflettersi nel prezzo di MATIC a breve o a lungo termine.<\/p>\n<\/dd><\/div>\n\n\n\n<div class=\"wp-block-etoro-faq-item\"><dt class=\"wp-block-etoro-faq-item-question\">Cosa rende Polygon (MATIC) diversa dalle altre criptovalute?<\/dt><dd class=\"wp-block-etoro-faq-item-answer\">\n<p>Polygon \u00e8 essenzialmente una soluzione di scaling di layer 2 che consente agli sviluppatori di lanciare applicazioni decentralizzate sulla piattaforma utilizzando la propria <a href=\"https:\/\/www.etoro.com\/it\/crypto\/blockchain-guide\/\">blockchain<\/a> Proof of Stake.<\/p>\n\n\n\n<p>A differenza di altre criptovalute che funzionano su blockchain singole e separate, Polygon fornisce uno schema di riferimento che consente agli sviluppatori di creare e collegare tra loro varie reti di blockchain.<\/p>\n<\/dd><\/div>\n\n\n\n<div class=\"wp-block-etoro-faq-item\"><dt class=\"wp-block-etoro-faq-item-question\">Esiste un tetto alla fornitura di token MATIC?<\/dt><dd class=\"wp-block-etoro-faq-item-answer\">\n<p>S\u00ec, esiste un tetto massimo di 10 miliardi di token <a href=\"https:\/\/www.etoro.com\/it\/markets\/matic\">MATIC<\/a>. Questo modello a offerta fissa, diffuso in molte criptovalute, \u00e8 concepito per creare scarsit\u00e0 e far crescere la domanda nel corso del tempo.<\/p>\n<\/dd><\/div>\n<\/dl>\n\n\n\n\t\t<style>\n\t\t\t.rtl .etoro-block-shortcode-disclaimer {\n\t\t\t\ttext-align:right;\n\t\t\t}\n\t\t\t.etoro-block-shortcode-disclaimer {\n\t\t\t\tmargin-bottom:18px;\n\t\t\t\ttext-align:left;\n\t\t\t}\n\t\t\t.etoro-block-shortcode-disclaimer p{\n\t\t\t\tfont-size: 12px;\n\t\t\t\tline-height: 18px;\n\t\t\t}\n\t\t\t@media (min-width: 768px) {\n\t\t\t\t.etoro-block-shortcode-disclaimer {\n\t\t\t\t\tmax-width:1176px;\n\t\t\t\t\ttext-align:center;\n\t\t\t\t}\n\t\t\t\t.etoro-block-shortcode-disclaimer p {\n\t\t\t\t\tfont-size: 14px;\n\t\t\t\t\tline-height: 20px;\n\t\t\t\t}\n\t\t\t}\n\t\t<\/style>\n\t\t<div class='etoro-block-shortcode-disclaimer'><p>Le presenti informazioni vengono fornite al solo scopo educativo e non rappresentano consigli d\u2019investimento o suggerimenti personali. Tali informazioni non devono quindi essere interpretate come offerte o solleciti di compravendita di strumenti finanziari.<\/p>\n<p>Il materiale \u00e8 stato preparato senza tener conto di precisi obiettivi d\u2019investimento o specifiche situazioni finanziarie e non soddisfa pertanto i criteri legali e legislativi previsti per la promozione di ricerche indipendenti.<\/p>\n<p><strong>Non tutti gli strumenti finanziari e i servizi cui viene fatto riferimento sono offerti da eToro<\/strong> e qualsiasi riferimento alle prestazioni passate di uno specifico strumento, indice o prodotto d\u2019investimento preassemblato non rappresenta n\u00e9 deve essere interpretato come un indicatore affidabile di possibili prestazioni future. <strong>La disponibilit\u00e0 di tutti i prodotti e servizi sopra menzionati pu\u00f2 variare a seconda della giurisdizione e del Paese.<\/strong><\/p>\n<p>eToro non offre alcuna garanzia n\u00e9 si assume la responsabilit\u00e0 in merito all\u2019accuratezza o alla completezza del contenuto esposto nella presente guida. Il lettore deve garantire di aver compreso appieno i rischi comportati dal trading prima di impegnare capitale. Si sconsiglia di mettere a rischio pi\u00f9 denaro di quanto non se ne possa perdere.<\/p>\n<\/div>\n","protected":false},"excerpt":{"rendered":"<p>Polygon (MATIC) \u00e8 una criptovaluta che sta guadagnando sempre pi\u00f9 popolarit\u00e0 nel vasto universo delle blockchain, poich\u00e9 mira a risolvere alcuni dei problemi pi\u00f9 grandi della blockchain di Ethereum, come le commissioni alte e i tempi di transazione lenti. Polygon, precedentemente nota come Matic Network, \u00e8 una piattaforma progettata per creare reti blockchain interconnesse. \u00c8&hellip;<\/p>\n","protected":false},"author":96,"featured_media":1207900,"parent":128167,"menu_order":0,"comment_status":"closed","ping_status":"closed","template":"","meta":{"_acf_changed":true,"inline_featured_image":false,"sticky_cta_settings":"","footnotes":""},"asset_type":[6602],"class_list":["post-821327","page","type-page","status-publish","has-post-thumbnail","hentry","asset_type-is-crypto"],"acf":[],"yoast_head":"<title>Investire in Polygon | Come comprare MATIC su eToro<\/title>\n<meta name=\"description\" content=\"Polygon \u00e8 una delle pi\u00f9 promettenti reti di scalabilit\u00e0 Layer 2 per Ethereum. Scopri le caratteristiche di Polygon e come investire in questa criptovaluta.\" \/>\n<meta name=\"robots\" content=\"index, follow, max-snippet:-1, max-image-preview:large, max-video-preview:-1\" \/>\n<link rel=\"canonical\" href=\"https:\/\/www.etoro.com\/it\/wp-json\/wp\/v2\/pages\/821327\" \/>\n<meta property=\"og:locale\" content=\"it_IT\" \/>\n<meta property=\"og:type\" content=\"article\" \/>\n<meta property=\"og:title\" content=\"Investire in Polygon | Come comprare MATIC su eToro\" \/>\n<meta property=\"og:description\" content=\"Polygon \u00e8 una delle pi\u00f9 promettenti reti di scalabilit\u00e0 Layer 2 per Ethereum. Scopri le caratteristiche di Polygon e come investire in questa criptovaluta.\" \/>\n<meta property=\"og:url\" content=\"https:\/\/www.etoro.com\/it\/wp-json\/wp\/v2\/pages\/821327\" \/>\n<meta property=\"og:site_name\" content=\"eToro\" \/>\n<meta property=\"article:publisher\" content=\"https:\/\/www.facebook.com\/eToro\/\" \/>\n<meta property=\"article:modified_time\" content=\"2026-01-15T09:59:47+00:00\" \/>\n<meta property=\"og:image\" content=\"https:\/\/www.etoro.com\/wp-content\/uploads\/2026\/01\/IT-How-to-buy-Polygon-MATIC-1200x630-1.png\" \/>\n\t<meta property=\"og:image:width\" content=\"1200\" \/>\n\t<meta property=\"og:image:height\" content=\"630\" \/>\n\t<meta property=\"og:image:type\" content=\"image\/png\" \/>\n<meta name=\"twitter:card\" content=\"summary_large_image\" \/>\n<meta name=\"twitter:site\" content=\"@eToro\" \/>\n<meta name=\"twitter:label1\" content=\"Est. reading time\" \/>\n\t<meta name=\"twitter:data1\" content=\"5 minutes\" \/>\n<script type=\"application\/ld+json\" class=\"yoast-schema-graph\">{\"@context\":\"https:\/\/schema.org\",\"@graph\":[{\"@type\":\"WebPage\",\"@id\":\"https:\/\/www.etoro.com\/it\/crypto\/how-to-buy-polygon\/\",\"url\":\"https:\/\/www.etoro.com\/it\/crypto\/how-to-buy-polygon\/\",\"name\":\"Investire in Polygon | Come comprare MATIC su eToro\",\"isPartOf\":{\"@id\":\"https:\/\/www.etoro.com\/it\/#website\"},\"primaryImageOfPage\":{\"@id\":\"https:\/\/www.etoro.com\/it\/crypto\/how-to-buy-polygon\/#primaryimage\"},\"image\":{\"@id\":\"https:\/\/www.etoro.com\/it\/crypto\/how-to-buy-polygon\/#primaryimage\"},\"thumbnailUrl\":\"https:\/\/www.etoro.com\/wp-content\/uploads\/2026\/01\/IT-How-to-buy-Polygon-MATIC-1200x630-1.png\",\"datePublished\":\"2024-01-10T15:56:35+00:00\",\"dateModified\":\"2026-01-15T09:59:47+00:00\",\"description\":\"Polygon \u00e8 una delle pi\u00f9 promettenti reti di scalabilit\u00e0 Layer 2 per Ethereum. Scopri le caratteristiche di Polygon e come investire in questa criptovaluta.\",\"breadcrumb\":{\"@id\":\"https:\/\/www.etoro.com\/it\/crypto\/how-to-buy-polygon\/#breadcrumb\"},\"inLanguage\":\"it\",\"potentialAction\":[{\"@type\":\"ReadAction\",\"target\":[\"https:\/\/www.etoro.com\/it\/crypto\/how-to-buy-polygon\/\"]}]},{\"@type\":\"ImageObject\",\"inLanguage\":\"it\",\"@id\":\"https:\/\/www.etoro.com\/it\/crypto\/how-to-buy-polygon\/#primaryimage\",\"url\":\"https:\/\/www.etoro.com\/wp-content\/uploads\/2026\/01\/IT-How-to-buy-Polygon-MATIC-1200x630-1.png\",\"contentUrl\":\"https:\/\/www.etoro.com\/wp-content\/uploads\/2026\/01\/IT-How-to-buy-Polygon-MATIC-1200x630-1.png\",\"width\":1200,\"height\":630},{\"@type\":\"BreadcrumbList\",\"@id\":\"https:\/\/www.etoro.com\/it\/crypto\/how-to-buy-polygon\/#breadcrumb\",\"itemListElement\":[{\"@type\":\"ListItem\",\"position\":1,\"name\":\"Home\",\"item\":\"https:\/\/www.etoro.com\/it\/\"},{\"@type\":\"ListItem\",\"position\":2,\"name\":\"One-stop crypto\",\"item\":\"https:\/\/www.etoro.com\/it\/crypto\/\"},{\"@type\":\"ListItem\",\"position\":3,\"name\":\"Come acquistare Polygon (MATIC)\"}]},{\"@type\":\"WebSite\",\"@id\":\"https:\/\/www.etoro.com\/it\/#website\",\"url\":\"https:\/\/www.etoro.com\/it\/\",\"name\":\"eToro\",\"description\":\"\",\"publisher\":{\"@id\":\"https:\/\/www.etoro.com\/it\/#organization\"},\"potentialAction\":[{\"@type\":\"SearchAction\",\"target\":{\"@type\":\"EntryPoint\",\"urlTemplate\":\"https:\/\/www.etoro.com\/it\/?s={search_term_string}\"},\"query-input\":{\"@type\":\"PropertyValueSpecification\",\"valueRequired\":true,\"valueName\":\"search_term_string\"}}],\"inLanguage\":\"it\"},[]]}<\/script>","yoast_head_json":{"title":"Investire in Polygon | Come comprare MATIC su eToro","description":"Polygon \u00e8 una delle pi\u00f9 promettenti reti di scalabilit\u00e0 Layer 2 per Ethereum. Scopri le caratteristiche di Polygon e come investire in questa criptovaluta.","robots":{"index":"index","follow":"follow","max-snippet":"max-snippet:-1","max-image-preview":"max-image-preview:large","max-video-preview":"max-video-preview:-1"},"canonical":"https:\/\/www.etoro.com\/it\/wp-json\/wp\/v2\/pages\/821327","og_locale":"it_IT","og_type":"article","og_title":"Investire in Polygon | Come comprare MATIC su eToro","og_description":"Polygon \u00e8 una delle pi\u00f9 promettenti reti di scalabilit\u00e0 Layer 2 per Ethereum. Scopri le caratteristiche di Polygon e come investire in questa criptovaluta.","og_url":"https:\/\/www.etoro.com\/it\/wp-json\/wp\/v2\/pages\/821327","og_site_name":"eToro","article_publisher":"https:\/\/www.facebook.com\/eToro\/","article_modified_time":"2026-01-15T09:59:47+00:00","og_image":[{"width":1200,"height":630,"url":"https:\/\/www.etoro.com\/wp-content\/uploads\/2026\/01\/IT-How-to-buy-Polygon-MATIC-1200x630-1.png","type":"image\/png"}],"twitter_card":"summary_large_image","twitter_site":"@eToro","twitter_misc":{"Est. reading time":"5 minutes"},"schema":{"@context":"https:\/\/schema.org","@graph":[{"@type":"WebPage","@id":"https:\/\/www.etoro.com\/it\/crypto\/how-to-buy-polygon\/","url":"https:\/\/www.etoro.com\/it\/crypto\/how-to-buy-polygon\/","name":"Investire in Polygon | Come comprare MATIC su eToro","isPartOf":{"@id":"https:\/\/www.etoro.com\/it\/#website"},"primaryImageOfPage":{"@id":"https:\/\/www.etoro.com\/it\/crypto\/how-to-buy-polygon\/#primaryimage"},"image":{"@id":"https:\/\/www.etoro.com\/it\/crypto\/how-to-buy-polygon\/#primaryimage"},"thumbnailUrl":"https:\/\/www.etoro.com\/wp-content\/uploads\/2026\/01\/IT-How-to-buy-Polygon-MATIC-1200x630-1.png","datePublished":"2024-01-10T15:56:35+00:00","dateModified":"2026-01-15T09:59:47+00:00","description":"Polygon \u00e8 una delle pi\u00f9 promettenti reti di scalabilit\u00e0 Layer 2 per Ethereum. Scopri le caratteristiche di Polygon e come investire in questa criptovaluta.","breadcrumb":{"@id":"https:\/\/www.etoro.com\/it\/crypto\/how-to-buy-polygon\/#breadcrumb"},"inLanguage":"it","potentialAction":[{"@type":"ReadAction","target":["https:\/\/www.etoro.com\/it\/crypto\/how-to-buy-polygon\/"]}]},{"@type":"ImageObject","inLanguage":"it","@id":"https:\/\/www.etoro.com\/it\/crypto\/how-to-buy-polygon\/#primaryimage","url":"https:\/\/www.etoro.com\/wp-content\/uploads\/2026\/01\/IT-How-to-buy-Polygon-MATIC-1200x630-1.png","contentUrl":"https:\/\/www.etoro.com\/wp-content\/uploads\/2026\/01\/IT-How-to-buy-Polygon-MATIC-1200x630-1.png","width":1200,"height":630},{"@type":"BreadcrumbList","@id":"https:\/\/www.etoro.com\/it\/crypto\/how-to-buy-polygon\/#breadcrumb","itemListElement":[{"@type":"ListItem","position":1,"name":"Home","item":"https:\/\/www.etoro.com\/it\/"},{"@type":"ListItem","position":2,"name":"One-stop crypto","item":"https:\/\/www.etoro.com\/it\/crypto\/"},{"@type":"ListItem","position":3,"name":"Come acquistare Polygon (MATIC)"}]},{"@type":"WebSite","@id":"https:\/\/www.etoro.com\/it\/#website","url":"https:\/\/www.etoro.com\/it\/","name":"eToro","description":"","publisher":{"@id":"https:\/\/www.etoro.com\/it\/#organization"},"potentialAction":[{"@type":"SearchAction","target":{"@type":"EntryPoint","urlTemplate":"https:\/\/www.etoro.com\/it\/?s={search_term_string}"},"query-input":{"@type":"PropertyValueSpecification","valueRequired":true,"valueName":"search_term_string"}}],"inLanguage":"it"},[]]}},"_links":{"self":[{"href":"https:\/\/www.etoro.com\/it\/wp-json\/wp\/v2\/pages\/821327"}],"collection":[{"href":"https:\/\/www.etoro.com\/it\/wp-json\/wp\/v2\/pages"}],"about":[{"href":"https:\/\/www.etoro.com\/it\/wp-json\/wp\/v2\/types\/page"}],"author":[{"embeddable":true,"href":"https:\/\/www.etoro.com\/it\/wp-json\/wp\/v2\/users\/96"}],"replies":[{"embeddable":true,"href":"https:\/\/www.etoro.com\/it\/wp-json\/wp\/v2\/comments?post=821327"}],"version-history":[{"count":0,"href":"https:\/\/www.etoro.com\/it\/wp-json\/wp\/v2\/pages\/821327\/revisions"}],"up":[{"embeddable":true,"href":"https:\/\/www.etoro.com\/it\/wp-json\/wp\/v2\/pages\/128167"}],"wp:featuredmedia":[{"embeddable":true,"href":"https:\/\/www.etoro.com\/it\/wp-json\/wp\/v2\/media\/1207900"}],"wp:attachment":[{"href":"https:\/\/www.etoro.com\/it\/wp-json\/wp\/v2\/media?parent=821327"}],"wp:term":[{"taxonomy":"asset_type","embeddable":true,"href":"https:\/\/www.etoro.com\/it\/wp-json\/wp\/v2\/asset_type?post=821327"}],"curies":[{"name":"wp","href":"https:\/\/api.w.org\/{rel}","templated":true}]}}