{"id":821583,"date":"2023-07-11T12:13:54","date_gmt":"2023-07-11T09:13:54","guid":{"rendered":"https:\/\/www.etoro.com\/?page_id=821583"},"modified":"2026-01-15T15:41:19","modified_gmt":"2026-01-15T13:41:19","slug":"what-is-shiba-inu","status":"publish","type":"page","link":"https:\/\/www.etoro.com\/it\/crypto\/what-is-shiba-inu\/","title":{"rendered":"Cos\u2019\u00e8 Shiba Inu e come funziona?"},"content":{"rendered":"\n<p class=\"is-style-summary\">Shiba Inu \u00e8 comparso sul mercato nel 2021 come un semplice <strong>meme token<\/strong>, ma \u00e8 poi stato in grado di offrire applicazioni reali che avessero un\u2019utilit\u00e0.<\/p>\n\n\n\n<hr class=\"wp-block-separator wp-block-separator-color-dark-grey wp-block-separator-spaces-medium wp-block-separator-weight-1 has-alpha-channel-opacity\"\/>\n\n\n\n<p>Shiba Inu \u00e8 stata inizialmente considerata come una criptovaluta creata per puro divertimento, al pari di altri meme token. Nonostante questo, <strong>SHIB ha superato la prova del tempo<\/strong> e la rete si \u00e8 evoluta in un ecosistema articolato sostenuto da una forte comunit\u00e0 di sviluppatori e investitori.<\/p>\n\n\n\n<h2 class=\"wp-block-heading\">Come funziona Shiba Inu (SHIB)?<\/h2>\n\n\n\n<p><mark><a href=\"https:\/\/www.etoro.com\/it\/markets\/shibxm\">Shiba Inu<\/a> (SHIB) ha debuttato come una criptovaluta creata per gioco che prendeva spunto dal celebre meme del cane Shiba Inu. Tuttavia, a differenza di Dogecoin (DOGE), un altro <strong><e-tip data-tooltip=\"Token cripto basato su meme e altri simboli popolari su internet.\">meme token<\/e-tip><\/strong> estremamente popolare, SHIB funziona come un token ERC-20 su Ethereum.<\/mark><\/p>\n\n\n\n<figure class=\"wp-block-image size-full\"><img loading=\"lazy\" decoding=\"async\" width=\"756\" height=\"400\" src=\"https:\/\/www.etoro.com\/wp-content\/uploads\/2024\/01\/What-Is-Shiba-Inu-and-How-Does-It-Work-_Body-Image-1_-How-does-Shiba-Inu-SHIB-work_-1-1.png\" alt=\"\" class=\"wp-image-821059 wp-image-desktop\" srcset=\"https:\/\/www.etoro.com\/wp-content\/uploads\/2024\/01\/What-Is-Shiba-Inu-and-How-Does-It-Work-_Body-Image-1_-How-does-Shiba-Inu-SHIB-work_-1-1.png 756w, https:\/\/www.etoro.com\/wp-content\/uploads\/2024\/01\/What-Is-Shiba-Inu-and-How-Does-It-Work-_Body-Image-1_-How-does-Shiba-Inu-SHIB-work_-1-1-300x159.png 300w\" sizes=\"(max-width: 756px) 100vw, 756px\" \/><\/figure>\n\n\n\n<p>La compatibilit\u00e0 con questa <strong><e-tip data-tooltip=\"Una blockchain \u00e8 un registro digitale e distribuito di transazioni effettuate con criptovalute.\">blockchain<\/e-tip><\/strong> fa s\u00ec che SHIB sia <strong>in grado di dare accesso a varie applicazioni decentralizzate (dApp)<\/strong>. Questa e altre caratteristiche le hanno fatto guadagnare il soprannome di \u201cKiller di Dogecoin\u201d.<\/p>\n\n\n\n<p>L&#8217;ecosistema di Shiba Inu \u00e8 costituito da pi\u00f9 token \u2013 SHIB, LEASH, BONE e TREAT \u2013 ma <strong>SHIB resta la criptovaluta principale<\/strong> e pu\u00f2 essere utilizzata sia per le transazioni che come strumento di <a href=\"https:\/\/www.etoro.com\/it\/crypto\/staking\/\">staking<\/a>. L\u2019offerta totale di SHIB al lancio equivaleva a 1 milione di miliardi di token.<\/p>\n\n\n\n<p>L\u2019offerta di LEASH, invece, \u00e8 pi\u00f9 scarsa e corrisponde a 107.565,51 unit\u00e0. Quest\u2019ultima \u00e8 stata creata per ottenere incentivi speciali sul network di Shiba Inu, mentre <strong>BONE d\u00e0 diritti di voto<\/strong> ai suoi detentori. Per quanto riguarda TREAT, sul sito ufficiale di Shiba Inu la community comunica che il token non \u00e8 ancora disponibile.<\/p>\n\n\n\n<p>L\u2019ecosistema Shiba Inu non include solo le diverse <a href=\"https:\/\/www.etoro.com\/it\/discover\/markets\/cryptocurrencies\">criptovalute<\/a> del network, ma anche <strong>progetti pi\u00f9 complessi<\/strong> che ne favoriscono l\u2019adozione e lo scambio:<\/p>\n\n\n\n<ul class=\"wp-block-list wp-block-list wp-block-list-circle\">\n<li><strong>Shibaswap<\/strong> \u2014 un <strong><e-tip data-tooltip=\"Mercato aperto e peer-to-peer che facilita lo scambio di criptovalute.\">exchange decentralizzato (DEX)<\/e-tip><\/strong> che permette agli utenti di scambiare criptovalute;<\/li>\n\n\n\n<li><strong>Shibarium<\/strong> \u2014 un network <strong><e-tip data-tooltip=\"Protocollo costruito su una blockchain esistente, il layer 1, progettato per essere pi\u00f9 rapido e scalabile.\">layer 2<\/e-tip><\/strong> che permette l\u2019adozione di soluzioni scalabili costruite su Ethereum.<\/li>\n<\/ul>\n\n\n\n<p>Shiba Inu <strong>trova il proprio punto di forza nella comunit\u00e0 di sostenitori<\/strong>, che continuano a sviluppare e migliorare la qualit\u00e0 del network. SHIB viene considerato un esperimento di <strong><e-tip data-tooltip=\"Trasferimento dell\u2019autorit\u00e0 non a un\u2019entit\u00e0 singola, ma a una rete di partecipanti.\">decentralizzazione<\/e-tip><\/strong> che potrebbe creare pi\u00f9 valore nel mercato dei meme token. Ma cos\u2019\u00e8 esattamente Shiba Inu?<\/p>\n\n\n\n<h2 class=\"wp-block-heading\">Cosa rende Shiba Inu unica?<\/h2>\n\n\n\n<p><a href=\"https:\/\/www.corriere.it\/economia\/finanza\/21_novembre_04\/shiba-inu-cos-e-come-funziona-meme-token-che-spopola-le-criptovalute-2b3e626a-36ff-11ec-9f13-f50cf5ef89b5.shtml\" target=\"_blank\" rel=\"noreferrer noopener\">Shiba Inu<\/a> e le sue criptovalute \u2014 soprattutto SHIB \u2014 non sono solo tra i progetti meme pi\u00f9 popolari: <strong>il network punta alla totale decentralizzazione<\/strong>, per un progetto guidato e gestito dalla propria comunit\u00e0 e che offra vari vantaggi ai propri sostenitori.<\/p>\n\n\n\n<p><strong>SHIB \u00e8 un token ERC-20<\/strong> che, grazie alla compatibilit\u00e0 con <a href=\"https:\/\/ethereum.org\/it\/\" target=\"_blank\" rel=\"noreferrer noopener\">Ethereum<\/a>, permette alla comunit\u00e0 di essere parte integrante della pi\u00f9 ampia <strong><e-tip data-tooltip=\"Modello finanziario che usa tecnologie emergenti, come la blockchain, che elimina gli intermediari e autorit\u00e0 singole.\">finanza decentralizzata (DeFi)<\/e-tip><\/strong>. Infatti, tra le applicazioni che fanno parte dell\u2019ecosistema possiamo trovare:<\/p>\n\n\n\n<ul class=\"wp-block-list wp-block-list wp-block-list-circle\">\n<li><strong>Shiba Eternity<\/strong> \u2014 un gioco play-to-earn (P2E), in cui gli utenti possono guadagnare giocando,<\/li>\n\n\n\n<li><strong>Shib.io<\/strong> \u2014 il metaverso Shiba Inu,<\/li>\n\n\n\n<li><strong>Shiboshis<\/strong> \u2014 una collezione di <strong><e-tip data-tooltip=\"i non-fungible token, o NFT, sono unit\u00e0 di dati che non possono essere sostituite da copie e che sono conservate su blockchain.\">NFT<\/e-tip><\/strong>.<\/li>\n<\/ul>\n\n\n\n<p>La semplicit\u00e0 della blockchain \u00e8 un altro punto a favore del network. Per molti, <strong>Shiba Inu rappresenta il punto di partenza per comprendere meglio il mondo <\/strong><a href=\"https:\/\/www.etoro.com\/it\/crypto\/demystifying-decentralised-finance\/\"><strong>DeFi<\/strong><\/a> e le <strong><e-tip data-tooltip=\"Applicazione o programma basato su blockchain che non viene gestito da un\u2019autorit\u00e0 centrale.\">applicazioni decentralizzate<\/e-tip><\/strong> \u2013 specialmente se paragonata a progetti pi\u00f9 complessi come <a href=\"https:\/\/www.etoro.com\/it\/markets\/eth\">Ethereum<\/a>.<\/p>\n\n\n\n<figure class=\"wp-block-image size-full\"><img loading=\"lazy\" decoding=\"async\" width=\"756\" height=\"400\" src=\"https:\/\/www.etoro.com\/wp-content\/uploads\/2024\/01\/What-Is-Shiba-Inu-and-How-Does-It-Work-_Body-Image-2_-What-makes-Shiba-Inu-different_-1-1.png\" alt=\"\" class=\"wp-image-821038 wp-image-desktop\" srcset=\"https:\/\/www.etoro.com\/wp-content\/uploads\/2024\/01\/What-Is-Shiba-Inu-and-How-Does-It-Work-_Body-Image-2_-What-makes-Shiba-Inu-different_-1-1.png 756w, https:\/\/www.etoro.com\/wp-content\/uploads\/2024\/01\/What-Is-Shiba-Inu-and-How-Does-It-Work-_Body-Image-2_-What-makes-Shiba-Inu-different_-1-1-300x159.png 300w\" sizes=\"(max-width: 756px) 100vw, 756px\" \/><\/figure>\n\n\n\n<h2 class=\"wp-block-heading\">Qual \u00e8 il prezzo di SHIB e previsioni per il futuro<\/h2>\n\n\n\n<p><strong>Il 2024 \u00e8 senza dubbio stato un anno di successo per SHIB<\/strong>, poich\u00e8 il <a href=\"https:\/\/www.etoro.com\/it\/investing\/bull-vs-bear-markets\/\">ciclo rialzista<\/a> si \u00e8 concentrato sui progetti decentralizzati: il prezzo del token ha superato anche i 30 $.<\/p>\n\n\n\n<p>La performance di questo token ha avuto un forte rialzo lungo la seconda parte del 2024, spinto dal rialzo di Bitcoin. Il <strong>ciclo rialzista che ha <\/strong><strong>colpito<\/strong><strong> il mercato cripto nel 2024 <\/strong><strong>non <\/strong><strong>ha <\/strong><strong>risparmiato <\/strong><strong>SHIB<\/strong> con un rialzo superiore al +200%.<\/p>\n\n\n\n<figure class=\"wp-block-image size-large\"><a href=\"https:\/\/www.etoro.com\/it\/markets\/shibxm\/chart\"><img loading=\"lazy\" decoding=\"async\" width=\"1024\" height=\"518\" src=\"https:\/\/www.etoro.com\/wp-content\/uploads\/2024\/01\/IT-Graph-1024x518.png\" alt=\"\" class=\"wp-image-821584 wp-image-desktop\" srcset=\"https:\/\/www.etoro.com\/wp-content\/uploads\/2024\/01\/IT-Graph-1024x518.png 1024w, https:\/\/www.etoro.com\/wp-content\/uploads\/2024\/01\/IT-Graph-300x152.png 300w, https:\/\/www.etoro.com\/wp-content\/uploads\/2024\/01\/IT-Graph-768x388.png 768w, https:\/\/www.etoro.com\/wp-content\/uploads\/2024\/01\/IT-Graph-1536x777.png 1536w, https:\/\/www.etoro.com\/wp-content\/uploads\/2024\/01\/IT-Graph-2048x1036.png 2048w\" sizes=\"(max-width: 1024px) 100vw, 1024px\" \/><\/a><\/figure>\n\n\n\n<p class=\"is-style-disclaimer\">Le performance passate non sono un\u2019indicazione dei risultati futuri.<\/p>\n\n\n\n<p>Fonte: <a href=\"https:\/\/www.etoro.com\/it\/markets\/shibxm\/chart\">eToro<\/a><\/p>\n\n\n\n<p>La comunit\u00e0 di sostenitori e i trader non hanno per\u00f2 <strong>abbandonato SHIB<\/strong>, dimostrando ancora una volta che Shiba Inu non \u00e8 tra i progetti meme che scompaiono rapidamente. La community ha lavorato su miglioramenti che hanno reso la rete parte integrante del mondo decentralizzato.<\/p>\n\n\n\n<p>Questo chiaramente non esclude i rischi legati a SHIB. I <strong>meme token sono, infatti, considerati valute digitali ad alto rischio per la loro estrema volatilit\u00e0<\/strong> e, sebbene, Shiba Inu sia riuscito a fornire pi\u00f9 casi d\u2019uso per le proprie cripto, i potenziali investitori dovrebbero sempre valutare il progetto con cautela.<\/p>\n\n\n\n<h2 class=\"wp-block-heading\">Chi ha creato Shiba Inu?<\/h2>\n\n\n\n<p>Shiba Inu \u00e8 stato lanciato nell\u2019agosto del 2020 da Ryoshi, uno pseudonimo utilizzato dal creatore di cui ancora non si conosce il nome. Come nel caso di Bitcoin, <strong>non sappiamo chi sia davvero il creatore<\/strong>. Il progetto ha ottenuto visibilit\u00e0 solo un anno dopo, soprattutto a seguito dell&#8217;introduzione di SHIB su Coinbase, il pi\u00f9 grande <strong><e-tip data-tooltip=\"Piattaforma che facilita la compravendita e lo scambio di valute digitali.\">exchange di criptovalute<\/e-tip><\/strong> degli Stati Uniti.<\/p>\n\n\n\n<p><strong>La popolarit\u00e0 di Shiba Inu \u00e8 arrivata anche grazie al supporto di una personalit<\/strong>\u00e0 influente nel mondo cripto, <a href=\"https:\/\/academy.youngplatform.com\/crypto-heroes\/vitalik-buterin-ethereum\/\" target=\"_blank\" rel=\"noreferrer noopener\"><strong>Vitalik Buterin<\/strong><\/a>. Una volta effettuato il lancio di SHIB, la metagrave; dell\u2019offerta totale \u00e8 stata inviata al co-fondatore di Ethereum che si \u00e8 reso protagonista di una delle pi\u00f9 grandi donazioni nella storia delle criptovalute.<\/p>\n\n\n\n<p>Buterin ha infatti <a href=\"https:\/\/cryptonomist.ch\/2021\/05\/13\/vitalik-buterin-dona-shiba-inu\/#:~:text=Nello%20specifico%20Vitalik%20ha%20donato%20oltre%2050.000%20miliardi,che%20potr%C3%A0%20investirli%20per%20i%20suoi%20scopi%20benefici.\" target=\"_blank\" rel=\"noreferrer noopener\"><strong>donato<\/strong><\/a><strong> oltre 50.000 miliardi di token<\/strong>, che allora valevano circa 1.000.000.000 $, all\u2019India Covid Relief Fund nel 2021. Ha poi <strong><e-tip data-tooltip=\"\u201cBruciare\u201d delle criptovalute significa rimuoverle in modo permanente dal mercato.\">bruciato<\/e-tip><\/strong> oltre 400.000 miliardi di token, riducendo sensibilmente la quantit\u00e0 di SHIB in circolazione e sostenendone cos\u00ec il valore.<\/p>\n\n\n\n<div class=\"wp-block-etoro-tip wp-block-etoro-tip-border-yellow\"><span class=\"wp-block-etoro-tip-icon\"><\/span><div class=\"wp-block-etoro-tip-text\">\n<p><strong>Consiglio:<\/strong> a dicembre 2024 la capitalizzazione di mercato di SHIB \u00e8 arrivata a quasi 18 miliardi di dollari.<\/p>\n<\/div><\/div>\n\n\n\n<p>Il progetto ha sicuramente attirato una maggior attenzione sul mercato dei meme token, ma <strong>ha anche dimostrato di poter diventare qualcosa di pi\u00f9 di un semplice scherzo<\/strong> \u2014 ottenendo il supporto di pi\u00f9 personalit\u00e0, tra le quali Elon Musk \u2014 grazie allo sviluppo di un ecosistema articolato.<\/p>\n\n\n\n<figure class=\"wp-block-image size-full\"><img loading=\"lazy\" decoding=\"async\" width=\"756\" height=\"400\" src=\"https:\/\/www.etoro.com\/wp-content\/uploads\/2024\/01\/What-Is-Shiba-Inu-and-How-Does-It-Work-_Body-Image-3_-Who-created-Shiba-Inu_-1-1.png\" alt=\"\" class=\"wp-image-820975 wp-image-desktop\" srcset=\"https:\/\/www.etoro.com\/wp-content\/uploads\/2024\/01\/What-Is-Shiba-Inu-and-How-Does-It-Work-_Body-Image-3_-Who-created-Shiba-Inu_-1-1.png 756w, https:\/\/www.etoro.com\/wp-content\/uploads\/2024\/01\/What-Is-Shiba-Inu-and-How-Does-It-Work-_Body-Image-3_-Who-created-Shiba-Inu_-1-1-300x159.png 300w\" sizes=\"(max-width: 756px) 100vw, 756px\" \/><\/figure>\n\n\n\n<h2 class=\"wp-block-heading\">Conclusioni<\/h2>\n\n\n\n<p>Shiba Inu spicca nel mondo cripto per essere un <strong>progetto meme con applicazioni reali<\/strong>. Essendo un token <strong><e-tip data-tooltip=\"Token digitali creati su Ethereum che hanno propriet\u00e0 identiche.\">ERC-20<\/e-tip><\/strong>, SHIB garantisce un\u2019alta flessibilit\u00e0 e un\u2019integrazione completa con il mondo decentralizzato.<\/p>\n\n\n\n<p><strong>Shiba Inu ha sviluppato un ecosistema completo e articolato<\/strong>, che include anche un DEX come Shibaswap e un network layer 2, Shibarium. Questo ha certamente contribuito alla popolarit\u00e0 del progetto e alla sua sostenibilit\u00e0, elementi che potrebbero influenzarne il prezzo in futuro.<\/p>\n\n\n\n<p>Visita l\u2019<a href=\"https:\/\/www.etoro.com\/it\/academy\/\">Academy di eToro<\/a> per scoprire di pi\u00f9 su Shiba Inu (SHIB) e altri meme token.<\/p>\n\n\n\n<h2 class=\"wp-block-heading\">Domande frequenti<\/h2>\n\n\n\n<dl class=\"wp-block-etoro-faq\">\n<div class=\"wp-block-etoro-faq-item\"><dt class=\"wp-block-etoro-faq-item-question\">Come viene usata SHIB?<\/dt><dd class=\"wp-block-etoro-faq-item-answer\">\n<p>SHIB \u00e8 una delle valute digitali che fanno parte dell\u2019ecosistema Shiba Inu. Si tratta di un <a href=\"https:\/\/ethereum.org\/it\/developers\/docs\/standards\/tokens\/erc-20\/\" target=\"_blank\" rel=\"noreferrer noopener\">token ERC-20<\/a>, perfettamente compatibile con l\u2019ecosistema di Ethereum.<\/p>\n\n\n\n<p>SHIB rappresenta la valuta principale di Shiba Inu, usata sia per le transazioni che come strumento di staking per rendere pi\u00f9 sicuro il network e garantire dei vantaggi agli investitori.<\/p>\n<\/dd><\/div>\n\n\n\n<div class=\"wp-block-etoro-faq-item\"><dt class=\"wp-block-etoro-faq-item-question\">Cos\u2019\u00e8 Shibarium?<\/dt><dd class=\"wp-block-etoro-faq-item-answer\">\n<p><a href=\"https:\/\/it.cryptonews.com\/news\/che-cose-e-come-funziona-shibarium-il-layer-2-di-shiba-inu.htm\" target=\"_blank\" rel=\"noreferrer noopener\">Shibarium<\/a> \u00e8 una blockchain sviluppata da Shiba Inu per funzionare come un network layer 2. Costruito su Ethereum, questo network \u00e8 in grado di offrire una soluzione maggiormente scalabile per lo sviluppo di progetti nuovi.<\/p>\n\n\n\n<p>Tali progetti possono includere exchange e applicazioni decentralizzate, piattaforme di gioco e NFT. Per effettuare transazioni su questo network si utilizza SHIB.<\/p>\n<\/dd><\/div>\n\n\n\n<div class=\"wp-block-etoro-faq-item\"><dt class=\"wp-block-etoro-faq-item-question\">Shiba Inu vs Dogecoin: quali sono le differenze?<\/dt><dd class=\"wp-block-etoro-faq-item-answer\">\n<p>Dogecoin e Shiba Inu sono due criptovalute popolari che presentano alcuni punti in comune, dato che vengono ispirate da simboli simili e sono meme token. Esistono, per\u00f2, differenze significative tra le due.<\/p>\n\n\n\n<p>Dogecoin \u00e8 stata creata prima di SHIB e usa come tecnologia blockchain di base quella di <a href=\"https:\/\/www.etoro.com\/it\/markets\/ltc\">Litecoin<\/a> (LTC). Shiba Inu utilizza, invece, la tecnologia di Ethereum.<\/p>\n\n\n\n<p>Le transazioni con DOGE tendono a essere pi\u00f9 economiche e veloci, mentre Shiba Inu pu\u00f2 sfruttare sia gli smart contract che le applicazioni decentralizzate grazie a Ethereum. DOGE ha anche un\u2019inflazione perpetua, mentre SHIB ha un\u2019offerta limitata che ne protegge il valore nel tempo.<\/p>\n<\/dd><\/div>\n<\/dl>\n\n\n\n","protected":false},"excerpt":{"rendered":"<p>Shiba Inu \u00e8 comparso sul mercato nel 2021 come un semplice meme token, ma \u00e8 poi stato in grado di offrire applicazioni reali che avessero un\u2019utilit\u00e0. Shiba Inu \u00e8 stata inizialmente considerata come una criptovaluta creata per puro divertimento, al pari di altri meme token. Nonostante questo, SHIB ha superato la prova del tempo e&hellip;<\/p>\n","protected":false},"author":101,"featured_media":821606,"parent":128167,"menu_order":0,"comment_status":"closed","ping_status":"closed","template":"","meta":{"_acf_changed":true,"inline_featured_image":false,"sticky_cta_settings":"","footnotes":""},"asset_type":[6602],"class_list":["post-821583","page","type-page","status-publish","has-post-thumbnail","hentry","asset_type-is-crypto"],"acf":[],"yoast_head":"<title>Investire in Shiba Inu | Cos\u2019\u00e8 SHIB? | eToro<\/title>\n<meta name=\"description\" content=\"Il meme token Shiba Inu (SHIB) \u00e8 una scelta popolare per molti investitori, ma cos\u2019\u00e8 Shiba Inu? E SHIB \u00e8 un buon investimento?\" \/>\n<meta name=\"robots\" content=\"index, follow, max-snippet:-1, max-image-preview:large, max-video-preview:-1\" \/>\n<link rel=\"canonical\" href=\"https:\/\/www.etoro.com\/it\/wp-json\/wp\/v2\/pages\/821583\" \/>\n<meta property=\"og:locale\" content=\"it_IT\" \/>\n<meta property=\"og:type\" content=\"article\" \/>\n<meta property=\"og:title\" content=\"Investire in Shiba Inu | Cos\u2019\u00e8 SHIB? | eToro\" \/>\n<meta property=\"og:description\" content=\"Il meme token Shiba Inu (SHIB) \u00e8 una scelta popolare per molti investitori, ma cos\u2019\u00e8 Shiba Inu? E SHIB \u00e8 un buon investimento?\" \/>\n<meta property=\"og:url\" content=\"https:\/\/www.etoro.com\/it\/wp-json\/wp\/v2\/pages\/821583\" \/>\n<meta property=\"og:site_name\" content=\"eToro\" \/>\n<meta property=\"article:publisher\" content=\"https:\/\/www.facebook.com\/eToro\/\" \/>\n<meta property=\"article:modified_time\" content=\"2026-01-15T13:41:19+00:00\" \/>\n<meta property=\"og:image\" content=\"https:\/\/www.etoro.com\/wp-content\/uploads\/2024\/01\/IT-What-Is-Shiba-Inu-and-How-Does-It-Work-1200x630-1.png\" \/>\n\t<meta property=\"og:image:width\" content=\"1200\" \/>\n\t<meta property=\"og:image:height\" content=\"630\" \/>\n\t<meta property=\"og:image:type\" content=\"image\/png\" \/>\n<meta name=\"twitter:card\" content=\"summary_large_image\" \/>\n<meta name=\"twitter:site\" content=\"@eToro\" \/>\n<meta name=\"twitter:label1\" content=\"Est. reading time\" \/>\n\t<meta name=\"twitter:data1\" content=\"6 minutes\" \/>\n<script type=\"application\/ld+json\" class=\"yoast-schema-graph\">{\"@context\":\"https:\/\/schema.org\",\"@graph\":[{\"@type\":\"WebPage\",\"@id\":\"https:\/\/www.etoro.com\/it\/crypto\/what-is-shiba-inu\/\",\"url\":\"https:\/\/www.etoro.com\/it\/crypto\/what-is-shiba-inu\/\",\"name\":\"Investire in Shiba Inu | Cos\u2019\u00e8 SHIB? | eToro\",\"isPartOf\":{\"@id\":\"https:\/\/www.etoro.com\/it\/#website\"},\"primaryImageOfPage\":{\"@id\":\"https:\/\/www.etoro.com\/it\/crypto\/what-is-shiba-inu\/#primaryimage\"},\"image\":{\"@id\":\"https:\/\/www.etoro.com\/it\/crypto\/what-is-shiba-inu\/#primaryimage\"},\"thumbnailUrl\":\"https:\/\/www.etoro.com\/wp-content\/uploads\/2024\/01\/IT-What-Is-Shiba-Inu-and-How-Does-It-Work-1200x630-1.png\",\"datePublished\":\"2023-07-11T09:13:54+00:00\",\"dateModified\":\"2026-01-15T13:41:19+00:00\",\"description\":\"Il meme token Shiba Inu (SHIB) \u00e8 una scelta popolare per molti investitori, ma cos\u2019\u00e8 Shiba Inu? E SHIB \u00e8 un buon investimento?\",\"breadcrumb\":{\"@id\":\"https:\/\/www.etoro.com\/it\/crypto\/what-is-shiba-inu\/#breadcrumb\"},\"inLanguage\":\"it\",\"potentialAction\":[{\"@type\":\"ReadAction\",\"target\":[\"https:\/\/www.etoro.com\/it\/crypto\/what-is-shiba-inu\/\"]}]},{\"@type\":\"ImageObject\",\"inLanguage\":\"it\",\"@id\":\"https:\/\/www.etoro.com\/it\/crypto\/what-is-shiba-inu\/#primaryimage\",\"url\":\"https:\/\/www.etoro.com\/wp-content\/uploads\/2024\/01\/IT-What-Is-Shiba-Inu-and-How-Does-It-Work-1200x630-1.png\",\"contentUrl\":\"https:\/\/www.etoro.com\/wp-content\/uploads\/2024\/01\/IT-What-Is-Shiba-Inu-and-How-Does-It-Work-1200x630-1.png\",\"width\":1200,\"height\":630},{\"@type\":\"BreadcrumbList\",\"@id\":\"https:\/\/www.etoro.com\/it\/crypto\/what-is-shiba-inu\/#breadcrumb\",\"itemListElement\":[{\"@type\":\"ListItem\",\"position\":1,\"name\":\"Home\",\"item\":\"https:\/\/www.etoro.com\/it\/\"},{\"@type\":\"ListItem\",\"position\":2,\"name\":\"One-stop crypto\",\"item\":\"https:\/\/www.etoro.com\/it\/crypto\/\"},{\"@type\":\"ListItem\",\"position\":3,\"name\":\"Cos\u2019\u00e8 Shiba Inu e come funziona?\"}]},{\"@type\":\"WebSite\",\"@id\":\"https:\/\/www.etoro.com\/it\/#website\",\"url\":\"https:\/\/www.etoro.com\/it\/\",\"name\":\"eToro\",\"description\":\"\",\"publisher\":{\"@id\":\"https:\/\/www.etoro.com\/it\/#organization\"},\"potentialAction\":[{\"@type\":\"SearchAction\",\"target\":{\"@type\":\"EntryPoint\",\"urlTemplate\":\"https:\/\/www.etoro.com\/it\/?s={search_term_string}\"},\"query-input\":{\"@type\":\"PropertyValueSpecification\",\"valueRequired\":true,\"valueName\":\"search_term_string\"}}],\"inLanguage\":\"it\"},[]]}<\/script>","yoast_head_json":{"title":"Investire in Shiba Inu | Cos\u2019\u00e8 SHIB? | eToro","description":"Il meme token Shiba Inu (SHIB) \u00e8 una scelta popolare per molti investitori, ma cos\u2019\u00e8 Shiba Inu? E SHIB \u00e8 un buon investimento?","robots":{"index":"index","follow":"follow","max-snippet":"max-snippet:-1","max-image-preview":"max-image-preview:large","max-video-preview":"max-video-preview:-1"},"canonical":"https:\/\/www.etoro.com\/it\/wp-json\/wp\/v2\/pages\/821583","og_locale":"it_IT","og_type":"article","og_title":"Investire in Shiba Inu | Cos\u2019\u00e8 SHIB? | eToro","og_description":"Il meme token Shiba Inu (SHIB) \u00e8 una scelta popolare per molti investitori, ma cos\u2019\u00e8 Shiba Inu? E SHIB \u00e8 un buon investimento?","og_url":"https:\/\/www.etoro.com\/it\/wp-json\/wp\/v2\/pages\/821583","og_site_name":"eToro","article_publisher":"https:\/\/www.facebook.com\/eToro\/","article_modified_time":"2026-01-15T13:41:19+00:00","og_image":[{"width":1200,"height":630,"url":"https:\/\/www.etoro.com\/wp-content\/uploads\/2024\/01\/IT-What-Is-Shiba-Inu-and-How-Does-It-Work-1200x630-1.png","type":"image\/png"}],"twitter_card":"summary_large_image","twitter_site":"@eToro","twitter_misc":{"Est. reading time":"6 minutes"},"schema":{"@context":"https:\/\/schema.org","@graph":[{"@type":"WebPage","@id":"https:\/\/www.etoro.com\/it\/crypto\/what-is-shiba-inu\/","url":"https:\/\/www.etoro.com\/it\/crypto\/what-is-shiba-inu\/","name":"Investire in Shiba Inu | Cos\u2019\u00e8 SHIB? | eToro","isPartOf":{"@id":"https:\/\/www.etoro.com\/it\/#website"},"primaryImageOfPage":{"@id":"https:\/\/www.etoro.com\/it\/crypto\/what-is-shiba-inu\/#primaryimage"},"image":{"@id":"https:\/\/www.etoro.com\/it\/crypto\/what-is-shiba-inu\/#primaryimage"},"thumbnailUrl":"https:\/\/www.etoro.com\/wp-content\/uploads\/2024\/01\/IT-What-Is-Shiba-Inu-and-How-Does-It-Work-1200x630-1.png","datePublished":"2023-07-11T09:13:54+00:00","dateModified":"2026-01-15T13:41:19+00:00","description":"Il meme token Shiba Inu (SHIB) \u00e8 una scelta popolare per molti investitori, ma cos\u2019\u00e8 Shiba Inu? E SHIB \u00e8 un buon investimento?","breadcrumb":{"@id":"https:\/\/www.etoro.com\/it\/crypto\/what-is-shiba-inu\/#breadcrumb"},"inLanguage":"it","potentialAction":[{"@type":"ReadAction","target":["https:\/\/www.etoro.com\/it\/crypto\/what-is-shiba-inu\/"]}]},{"@type":"ImageObject","inLanguage":"it","@id":"https:\/\/www.etoro.com\/it\/crypto\/what-is-shiba-inu\/#primaryimage","url":"https:\/\/www.etoro.com\/wp-content\/uploads\/2024\/01\/IT-What-Is-Shiba-Inu-and-How-Does-It-Work-1200x630-1.png","contentUrl":"https:\/\/www.etoro.com\/wp-content\/uploads\/2024\/01\/IT-What-Is-Shiba-Inu-and-How-Does-It-Work-1200x630-1.png","width":1200,"height":630},{"@type":"BreadcrumbList","@id":"https:\/\/www.etoro.com\/it\/crypto\/what-is-shiba-inu\/#breadcrumb","itemListElement":[{"@type":"ListItem","position":1,"name":"Home","item":"https:\/\/www.etoro.com\/it\/"},{"@type":"ListItem","position":2,"name":"One-stop crypto","item":"https:\/\/www.etoro.com\/it\/crypto\/"},{"@type":"ListItem","position":3,"name":"Cos\u2019\u00e8 Shiba Inu e come funziona?"}]},{"@type":"WebSite","@id":"https:\/\/www.etoro.com\/it\/#website","url":"https:\/\/www.etoro.com\/it\/","name":"eToro","description":"","publisher":{"@id":"https:\/\/www.etoro.com\/it\/#organization"},"potentialAction":[{"@type":"SearchAction","target":{"@type":"EntryPoint","urlTemplate":"https:\/\/www.etoro.com\/it\/?s={search_term_string}"},"query-input":{"@type":"PropertyValueSpecification","valueRequired":true,"valueName":"search_term_string"}}],"inLanguage":"it"},[]]}},"_links":{"self":[{"href":"https:\/\/www.etoro.com\/it\/wp-json\/wp\/v2\/pages\/821583"}],"collection":[{"href":"https:\/\/www.etoro.com\/it\/wp-json\/wp\/v2\/pages"}],"about":[{"href":"https:\/\/www.etoro.com\/it\/wp-json\/wp\/v2\/types\/page"}],"author":[{"embeddable":true,"href":"https:\/\/www.etoro.com\/it\/wp-json\/wp\/v2\/users\/101"}],"replies":[{"embeddable":true,"href":"https:\/\/www.etoro.com\/it\/wp-json\/wp\/v2\/comments?post=821583"}],"version-history":[{"count":0,"href":"https:\/\/www.etoro.com\/it\/wp-json\/wp\/v2\/pages\/821583\/revisions"}],"up":[{"embeddable":true,"href":"https:\/\/www.etoro.com\/it\/wp-json\/wp\/v2\/pages\/128167"}],"wp:featuredmedia":[{"embeddable":true,"href":"https:\/\/www.etoro.com\/it\/wp-json\/wp\/v2\/media\/821606"}],"wp:attachment":[{"href":"https:\/\/www.etoro.com\/it\/wp-json\/wp\/v2\/media?parent=821583"}],"wp:term":[{"taxonomy":"asset_type","embeddable":true,"href":"https:\/\/www.etoro.com\/it\/wp-json\/wp\/v2\/asset_type?post=821583"}],"curies":[{"name":"wp","href":"https:\/\/api.w.org\/{rel}","templated":true}]}}