{"id":821741,"date":"2024-01-09T16:46:03","date_gmt":"2024-01-09T14:46:03","guid":{"rendered":"https:\/\/www.etoro.com\/?page_id=821741"},"modified":"2026-01-15T12:28:48","modified_gmt":"2026-01-15T10:28:48","slug":"how-to-buy-shiba-inu","status":"publish","type":"page","link":"https:\/\/www.etoro.com\/it\/crypto\/how-to-buy-shiba-inu\/","title":{"rendered":"Come acquistare Shiba Inu (SHIB)"},"content":{"rendered":"\n<p class=\"is-style-summary\">Shiba Inu (SHIB) \u00e8 una criptovaluta emergente che ha guadagnato popolarit\u00e0 nel mercato come meme coin operante sulla blockchain di Ethereum. Esplora l&#8217;innovativo progetto di Shiba Inu e scopri come acquistare e conservare i tuoi token SHIB.<\/p>\n\n\n\n<hr class=\"wp-block-separator wp-block-separator-color-dark-grey wp-block-separator-spaces-medium wp-block-separator-weight-1 has-alpha-channel-opacity\"\/>\n\n\n\n<p><mark>Shiba Inu \u00e8 una <strong>soluzione di layer 2<\/strong> costruita sulla <strong>blockchain di Ethereum<\/strong>. Di conseguenza, Shiba Inu ha accesso a un\u2019ampia gamma di <strong>applicazioni decentralizzate (dApp)<\/strong>, beneficiando al contempo della sicurezza della rete Ethereum.<\/mark><\/p>\n\n\n\n<p>Shiba Inu utilizza <a href=\"https:\/\/www.etoro.com\/it\/markets\/shib\">SHIB<\/a>, una <strong>meme coin<\/strong> diventata famosa nel 2021 dopo il forte apprezzamento del prezzo osservato da molti investitori. SHIB \u00e8 un <strong>token ERC-20<\/strong>, il che significa che pu\u00f2 essere utilizzato nell\u2019ampio ecosistema della <strong>finanza decentralizzata (DeFi)<\/strong>.<\/p>\n\n\n\n<p>Shiba Inu \u00e8 un progetto <strong>decentralizzato <\/strong>che fa grande affidamento sulla sua ampia community, spesso chiamata \u201cSHIB Army\u201d.<\/p>\n\n\n\n<p>Investire in criptovalute comporta rischi specifici che dovresti valutare prima di iniziare a fare trading e puoi approfondire Shiba Inu e SHIB nel nostro articolo \u201c<a href=\"https:\/\/www.etoro.com\/it\/crypto\/what-is-shiba-inu\/\">Cos\u2019\u00e8 Shiba Inu (SHIB)?<\/a>\u201d.<\/p>\n\n\n\n<h2 class=\"wp-block-heading\">Dove comprare Shiba Inu<\/h2>\n\n\n\n<p>Shiba Inu (SHIB) \u00e8 un token volatile che ha catturato l&#8217;attenzione di molti investitori e appassionati.<\/p>\n\n\n\n<figure class=\"wp-block-image size-full\"><img loading=\"lazy\" decoding=\"async\" width=\"756\" height=\"400\" src=\"https:\/\/www.etoro.com\/wp-content\/uploads\/2023\/12\/Body-Image-1_-Where-to-buy-Shiba-Inu.png\" alt=\"\" class=\"wp-image-805054 wp-image-desktop\" srcset=\"https:\/\/www.etoro.com\/wp-content\/uploads\/2023\/12\/Body-Image-1_-Where-to-buy-Shiba-Inu.png 756w, https:\/\/www.etoro.com\/wp-content\/uploads\/2023\/12\/Body-Image-1_-Where-to-buy-Shiba-Inu-300x159.png 300w\" sizes=\"(max-width: 756px) 100vw, 756px\" \/><\/figure>\n\n\n\n<p>Per chi desidera aggiungere SHIB alla propria <a href=\"https:\/\/www.etoro.com\/it\/customer-service\/help\/1162402222\/come-gestisco-la-mia-lista-preferiti\/\">watchlist<\/a> o al portafoglio, sono <strong>due le soluzioni principali per procedere all\u2019acquisto<\/strong>.<\/p>\n\n\n\n<ul class=\"wp-block-list wp-block-list wp-block-list-circle\">\n<li><strong>Exchange centralizzati (CEX)<\/strong>: queste piattaforme fungono da <strong>intermediari tra acquirenti e venditori, fornendo un ambiente sicuro <\/strong><strong>per l&#8217;acquisto di SHIB<\/strong>.<\/li>\n\n\n\n<li><strong>Exchange decentralizzati (DEX)<\/strong>: gli investitori che desiderano operare in un ambiente di piena autonomia possono rivolgersi agli exchange decentralizzati, che consentono <strong>direttamente lo scambio di SHIB senza l&#8217;intermediazione di terze parti<\/strong>, ma solo usando altre criptovalute.<\/li>\n<\/ul>\n\n\n\n<div class=\"wp-block-etoro-tip wp-block-etoro-tip-border-yellow\"><span class=\"wp-block-etoro-tip-icon\"><\/span><div class=\"wp-block-etoro-tip-text\">\n<p><strong>Suggerimento:<\/strong> gli exchange centralizzati sono pi\u00f9 adatti ai principianti rispetto agli exchange decentralizzati.<\/p>\n<\/div><\/div>\n\n\n\n<h2 class=\"wp-block-heading\">Come comprare Shiba Inu su eToro<\/h2>\n\n\n\n<p>Comprare Shiba Inu (SHIB) su eToro \u00e8 un&#8217;operazione che si pu\u00f2 realizzare con facilit\u00e0 e sicurezza. <strong>eToro offre una piattaforma intuitiva e accessibile<\/strong> che permette agli utenti di operare su vari tipi di <a href=\"https:\/\/www.etoro.com\/it\/discover\/markets\/cryptocurrencies\/coins\"><strong>criptovalute<\/strong><\/a>. Ecco i passaggi da seguire per comprare Shiba Inu (SHIB) su eToro:<\/p>\n\n\n\n<ul class=\"wp-block-list wp-block-list wp-block-list-circle\">\n<li><strong>Crea un account: <\/strong>vai al sito web di eToro o scarica l&#8217;app mobile. Clicca su &#8220;Registrati&#8221; o &#8220;<a href=\"https:\/\/www.etoro.com\/it\/accounts\/sign-up\">Crea un account<\/a>&#8220;. La creazione di un account implica l\u2019accettazione dei <a href=\"https:\/\/www.etoro.com\/it\/customer-service\/terms-conditions\/\">Termini e Condizioni<\/a> di eToro.<\/li>\n\n\n\n<li><strong>Verifica l&#8217;account: <\/strong>verifica il tuo account seguendo le istruzioni fornite da eToro. Potresti dover caricare alcuni documenti d\u2019identit\u00e0.<\/li>\n\n\n\n<li><strong>Deposita i fondi: <\/strong>accedi al tuo account. Clicca su &#8220;<a href=\"https:\/\/www.etoro.com\/it\/customer-service\/deposit-faq\/\">Deposita Fondi<\/a>&#8221; e scegli l&#8217;importo e il metodo di pagamento che preferisci. Segui le istruzioni per completare la transazione.<\/li>\n\n\n\n<li><strong>Acquista Shiba Inu <\/strong><strong>(SHIB):<\/strong> nella barra di ricerca, digita &#8220;Shiba Inu&#8221; o &#8220;SHIB&#8221; per accedere alla <a href=\"https:\/\/www.etoro.com\/it\/markets\/shibxm\">pagina di Shiba Inu<\/a>, oppure accedi alla pagina delle criptovalute. Seleziona Shiba Inu dalla lista dei risultati. Clicca su &#8220;Investi&#8221;. Inserisci l&#8217;importo che desideri investire in SHIB.<\/li>\n\n\n\n<li><strong>Scarica il Wallet eToro Money: <\/strong>dopo aver completato l&#8217;acquisto, gli investimenti in SHIB appariranno nella sezione Portafoglio del tuo account. Puoi anche inviare i tuoi Shiba Inu al Wallet eToro Money su dispositivi <a href=\"https:\/\/apps.apple.com\/it\/app\/etoro-money\/id1397831096\" target=\"_blank\" rel=\"noreferrer noopener\">iOS<\/a> e <a href=\"https:\/\/play.google.com\/store\/apps\/details?id=com.etoro.wallet\" target=\"_blank\" rel=\"noreferrer noopener\">Android<\/a>.<\/li>\n<\/ul>\n\n\n\n<div class=\"wp-block-etoro-tip wp-block-etoro-tip-border-yellow\"><span class=\"wp-block-etoro-tip-icon\"><\/span><div class=\"wp-block-etoro-tip-text\">\n<p><strong>Suggerimento:<\/strong> su eToro, SHIB \u00e8 rappresentato come &#8220;Shiba (in milioni)&#8221; o &#8220;SHIBxM&#8221;, in modo da comprendere meglio il prezzo della criptovaluta.<\/p>\n<\/div><\/div>\n\n\n\n<h2 class=\"wp-block-heading\">Come custodire e conservare Shiba Inu<\/h2>\n\n\n\n<p>Quando decidi di <a href=\"https:\/\/www.etoro.com\/it\/crypto\/how-to-invest-in-cryptocurrency\/\">investire in criptovalute<\/a> devi valutare con la massima attenzione come tenere al sicuro i tuoi asset. Il modo in cui conservi i token SHIB pu\u00f2 influire sul livello di <a href=\"https:\/\/www.etoro.com\/it\/trading\/avoid-scam-spam-guide\/\">sicurezza<\/a> del tuo investimento. <strong>\u00c8 possibile scegliere tra wallet software e wallet hard<\/strong><strong>ware<\/strong>. Ecco le differenze tra le due opzioni.<\/p>\n\n\n\n<p><strong>Wallet software<\/strong>: wallet come MetaMask e Trust Wallet sono la scelta di partenza per molti investitori. I wallet di criptovalute <strong>garan<\/strong><strong>tiscono <\/strong><strong>facilit<\/strong><strong>\u00e0 <\/strong><strong>di accesso e gestione dei tuoi token SHIB<\/strong>. \u00c8 consigliabile attivare l&#8217;<a href=\"https:\/\/www.etoro.com\/it\/customer-service\/help\/1840620892\/come-attivo-la-funzione-2fa-sul-mio-account\/\">autenticazione a due fattori<\/a> e conservare con molta attenzione le proprie chiavi private.<\/p>\n\n\n\n<p><strong>Wallet hardware<\/strong>: <a href=\"https:\/\/www.etoro.com\/it\/crypto\/wallet-guide\/\">wallet<\/a> come Ledger o Trezor offrono un livello di sicurezza superiore rispetto ai wallet software, poich\u00e9 <strong>conservano le chiavi private in un ambiente isolato da Internet, proteggendo i tuoi SHIB<\/strong>. Si consiglia di conservare in un luogo sicuro il backup delle chiavi private.<\/p>\n\n\n\n<figure class=\"wp-block-image size-full\"><img loading=\"lazy\" decoding=\"async\" width=\"756\" height=\"400\" src=\"https:\/\/www.etoro.com\/wp-content\/uploads\/2023\/12\/Body-Image-2_-How-to-keep-and-store-Shiba-Inu.png\" alt=\"\" class=\"wp-image-805033 wp-image-desktop\" srcset=\"https:\/\/www.etoro.com\/wp-content\/uploads\/2023\/12\/Body-Image-2_-How-to-keep-and-store-Shiba-Inu.png 756w, https:\/\/www.etoro.com\/wp-content\/uploads\/2023\/12\/Body-Image-2_-How-to-keep-and-store-Shiba-Inu-300x159.png 300w\" sizes=\"(max-width: 756px) 100vw, 756px\" \/><\/figure>\n\n\n\n<h2 class=\"wp-block-heading\">Ulteriori informazioni su Shiba Inu<\/h2>\n\n\n\n<p><mark>All&#8217;interno dell&#8217;ecosistema di Shiba Inu sono previste iniziative che spaziano dai <a href=\"https:\/\/docs.shibatoken.com\/shiba-inu-games\" target=\"_blank\" rel=\"noreferrer noopener\">giochi<\/a> play-to-earn (P2E) ai progetti legati al <a href=\"https:\/\/www.shib.io\" target=\"_blank\" rel=\"noreferrer noopener\">metaverso<\/a>. La partecipazione alle discussioni della comunit\u00e0 permette di monitorare gli ultimi sviluppi e le novit\u00e0, che possono includere anche il lancio di token non fungibili (NFT).<\/mark><\/p>\n\n\n\n<p>Se sei interessato a conoscere meglio il progetto prima di acquistare Shiba Inu, esistono <strong>numerose risorse<\/strong> disponibili:<\/p>\n\n\n\n<figure class=\"wp-block-table\"><div class=\"wp-block-table-content\"><div class=\"wp-block-table-content-nav wp-block-table-content-nav-left\"><div class=\"wp-block-table-content-nav-arrow wp-block-table-content-nav-arrow-left\"><\/div><\/div><div class=\"wp-block-table-content-nav wp-block-table-content-nav-right\"><div class=\"wp-block-table-content-nav-arrow wp-block-table-content-nav-arrow-right\"><\/div><\/div><div class=\"wp-block-table-content-table\"><table><tbody><tr><td><strong><a href=\"https:\/\/www.etoro.com\/it\/academy\/crypto\/\">Academy di eToro &#8211; Criptovalute<\/a><\/strong><\/td><td>Online<\/td><td>Una piattaforma intuitiva che contiene una grande quantit\u00e0 di informazioni su Shiba Inu, criptovalute e <a href=\"https:\/\/www.etoro.com\/it\/crypto\/blockchain-guide\/\">tecnologia blockchain<\/a>.<\/td><\/tr><tr><td><strong><a href=\"https:\/\/docs.shibatoken.com\/\" target=\"_blank\" rel=\"noreferrer noopener\">Shibpedia<\/a><\/strong><\/td><td>Online<\/td><td>Una Wiki completa dedicata alla rete, alla criptovaluta e all&#8217;ecosistema di Shiba Inu.<\/td><\/tr><tr><td><strong><a href=\"https:\/\/discord.com\/invite\/shibatoken\" target=\"_blank\" rel=\"noreferrer noopener\">Discord<\/a><\/strong><\/td><td>Online<\/td><td>Il canale Discord ufficiale della comunit\u00e0 di Shiba Inu.<\/td><\/tr><\/tbody><\/table><\/div><\/div><\/figure>\n\n\n\n<figure class=\"wp-block-image size-full\"><img loading=\"lazy\" decoding=\"async\" width=\"756\" height=\"400\" src=\"https:\/\/www.etoro.com\/wp-content\/uploads\/2023\/12\/Body-Image-3_-How-to-buy-Shiba-Inu-SHIB-on-eToro.png\" alt=\"\" class=\"wp-image-805012 wp-image-desktop\" srcset=\"https:\/\/www.etoro.com\/wp-content\/uploads\/2023\/12\/Body-Image-3_-How-to-buy-Shiba-Inu-SHIB-on-eToro.png 756w, https:\/\/www.etoro.com\/wp-content\/uploads\/2023\/12\/Body-Image-3_-How-to-buy-Shiba-Inu-SHIB-on-eToro-300x159.png 300w\" sizes=\"(max-width: 756px) 100vw, 756px\" \/><\/figure>\n\n\n\n<h2 class=\"wp-block-heading\">Conclusioni<\/h2>\n\n\n\n<p>La reattivit\u00e0 agli sviluppi tecnologici e la volatilit\u00e0 del mercato che caratterizzano Shiba Inu delineano uno scenario in cui la prudenza deve guidare gli investitori, soprattutto durante un <a href=\"https:\/\/www.etoro.com\/it\/investing\/bull-vs-bear-markets\/\">mercato rialzista<\/a>. Tuttavia, <strong>l&#8217;adozione di soluzioni layer-2 pu<\/strong><strong>\u00f2 <\/strong><strong>consolidare la posizione di SHIB nel mercato delle criptovalute<\/strong>.<\/p>\n\n\n\n<p>Non va dimenticato, per\u00f2, che SHIB incarna una categoria di asset ad alto rischio \u2014 le meme coin \u2014 <strong>la cui performance di mercato \u00e8 spesso influenzata da fattori esterni piuttosto che da fondamentali economici<\/strong>. Tale scenario impone agli investitori un&#8217;analisi accurata del <strong>profilo di rischio<\/strong> e una gestione oculata del portafoglio.<\/p>\n\n\n\n<p>Visita la <a href=\"https:\/\/www.etoro.com\/it\/academy\/\">Academy di eToro<\/a> per scoprire di pi\u00f9 sul mondo delle criptovalute.<\/p>\n\n\n\n<h2 class=\"wp-block-heading\">Domande frequenti<\/h2>\n\n\n\n<dl class=\"wp-block-etoro-faq\">\n<div class=\"wp-block-etoro-faq-item\"><dt class=\"wp-block-etoro-faq-item-question\">Conviene comprare Shiba Inu (SHIB)?<\/dt><dd class=\"wp-block-etoro-faq-item-answer\">\n<p>Come tutte le criptovalute, Shiba Inu \u00e8 un <a href=\"https:\/\/www.etoro.com\/it\/investing\/risk-management\/\">investimento che presenta dei rischi<\/a>. La sua natura \u00e8 altamente volatile e, originariamente, il progetto \u00e8 nato come esperimento di costruzione di una comunit\u00e0. Sebbene gli sviluppatori di questa criptovaluta stiano creando un ecosistema importante attorno al token SHIB, probabilmente non arriver\u00e0 mai a ottenere un\u2019adozione di massa.<\/p>\n\n\n\n<p>Come gi\u00e0 dimostrato in passato, le oscillazioni di prezzo di SHIB dipendono dalla sua comunit\u00e0 pi\u00f9 di qualsiasi altra criptovaluta, quindi c\u2019\u00e8 la possibilit\u00e0 che SHIB registri un considerevole aumento del prezzo in futuro.<\/p>\n<\/dd><\/div>\n\n\n\n<div class=\"wp-block-etoro-faq-item\"><dt class=\"wp-block-etoro-faq-item-question\">Quanti token Shiba Inu (SHIB) esistono?<\/dt><dd class=\"wp-block-etoro-faq-item-answer\">\n<p>Esiste un&#8217;offerta fissa di un milione di miliardi di SHIB, sebbene il co-fondatore di Ethereum, Vitalik Buterin, abbia bruciato in modo permanente oltre 400.000 miliardi di token nel 2021. La comunit\u00e0 di Shiba Inu ha anche creato un progetto di burning per ridurre l&#8217;offerta massima della criptovaluta; il tasso di burning e le cifre totali vengono monitorate su <a href=\"https:\/\/www.shibburn.com\" target=\"_blank\" rel=\"noreferrer noopener\">Shibburn<\/a>.<\/p>\n<\/dd><\/div>\n\n\n\n<div class=\"wp-block-etoro-faq-item\"><dt class=\"wp-block-etoro-faq-item-question\">\u00c8 possibile acquistare Shiba Inu (SHIB) con Ethereum?<\/dt><dd class=\"wp-block-etoro-faq-item-answer\">\n<p>Poich\u00e9 SHIB \u00e8 un token ERC-20, \u00e8 possibile acquistare o scambiare SHIB con <a href=\"https:\/\/www.etoro.com\/it\/crypto\/what-is-ethereum\/\">Ethereum<\/a> presso diversi exchange di criptovalute. Gli exchange decentralizzati sono tra gli strumenti pi\u00fa diffusi per scambiare un token Ethereum con un altro, ma occorre sapere che le gas fees possono rendere le transazioni incredibilmente costose.<\/p>\n\n\n\n<p>In alternativa, gli investitori possono <a href=\"https:\/\/www.etoro.com\/it\/crypto\/converting-crypto-to-fiat\/\">convertire una criptovaluta in valuta fiat <\/a> su un exchange come eToro e poi utilizzare i fondi per acquistare SHIB sulla stessa piattaforma.<\/p>\n<\/dd><\/div>\n<\/dl>\n\n\n\n\t\t<style>\n\t\t\t.rtl .etoro-block-shortcode-disclaimer {\n\t\t\t\ttext-align:right;\n\t\t\t}\n\t\t\t.etoro-block-shortcode-disclaimer {\n\t\t\t\tmargin-bottom:18px;\n\t\t\t\ttext-align:left;\n\t\t\t}\n\t\t\t.etoro-block-shortcode-disclaimer p{\n\t\t\t\tfont-size: 12px;\n\t\t\t\tline-height: 18px;\n\t\t\t}\n\t\t\t@media (min-width: 768px) {\n\t\t\t\t.etoro-block-shortcode-disclaimer {\n\t\t\t\t\tmax-width:1176px;\n\t\t\t\t\ttext-align:center;\n\t\t\t\t}\n\t\t\t\t.etoro-block-shortcode-disclaimer p {\n\t\t\t\t\tfont-size: 14px;\n\t\t\t\t\tline-height: 20px;\n\t\t\t\t}\n\t\t\t}\n\t\t<\/style>\n\t\t<div class='etoro-block-shortcode-disclaimer'><p>Le presenti informazioni vengono fornite al solo scopo educativo e non rappresentano consigli d\u2019investimento o suggerimenti personali. Tali informazioni non devono quindi essere interpretate come offerte o solleciti di compravendita di strumenti finanziari.<\/p>\n<p>Il materiale \u00e8 stato preparato senza tener conto di precisi obiettivi d\u2019investimento o specifiche situazioni finanziarie e non soddisfa pertanto i criteri legali e legislativi previsti per la promozione di ricerche indipendenti.<\/p>\n<p><strong>Non tutti gli strumenti finanziari e i servizi cui viene fatto riferimento sono offerti da eToro<\/strong> e qualsiasi riferimento alle prestazioni passate di uno specifico strumento, indice o prodotto d\u2019investimento preassemblato non rappresenta n\u00e9 deve essere interpretato come un indicatore affidabile di possibili prestazioni future. <strong>La disponibilit\u00e0 di tutti i prodotti e servizi sopra menzionati pu\u00f2 variare a seconda della giurisdizione e del Paese.<\/strong><\/p>\n<p>eToro non offre alcuna garanzia n\u00e9 si assume la responsabilit\u00e0 in merito all\u2019accuratezza o alla completezza del contenuto esposto nella presente guida. Il lettore deve garantire di aver compreso appieno i rischi comportati dal trading prima di impegnare capitale. Si sconsiglia di mettere a rischio pi\u00f9 denaro di quanto non se ne possa perdere.<\/p>\n<\/div>\n","protected":false},"excerpt":{"rendered":"<p>Shiba Inu (SHIB) \u00e8 una criptovaluta emergente che ha guadagnato popolarit\u00e0 nel mercato come meme coin operante sulla blockchain di Ethereum. Esplora l&#8217;innovativo progetto di Shiba Inu e scopri come acquistare e conservare i tuoi token SHIB. Shiba Inu \u00e8 una soluzione di layer 2 costruita sulla blockchain di Ethereum. Di conseguenza, Shiba Inu ha&hellip;<\/p>\n","protected":false},"author":96,"featured_media":821773,"parent":128167,"menu_order":0,"comment_status":"closed","ping_status":"closed","template":"","meta":{"_acf_changed":true,"inline_featured_image":false,"sticky_cta_settings":"","footnotes":""},"asset_type":[6602],"class_list":["post-821741","page","type-page","status-publish","has-post-thumbnail","hentry","asset_type-is-crypto"],"acf":[],"yoast_head":"<title>Investire in Shiba Inu | eToro<\/title>\n<meta name=\"description\" content=\"Shiba Inu \u00e8 una criptovaluta basata su Ethereum che ha guadagnato popolarit\u00e0 come meme coin. Scopri le sue caratteristiche e come investire in questo asset.\" \/>\n<meta name=\"robots\" content=\"index, follow, max-snippet:-1, max-image-preview:large, max-video-preview:-1\" \/>\n<link rel=\"canonical\" href=\"https:\/\/www.etoro.com\/it\/wp-json\/wp\/v2\/pages\/821741\" \/>\n<meta property=\"og:locale\" content=\"it_IT\" \/>\n<meta property=\"og:type\" content=\"article\" \/>\n<meta property=\"og:title\" content=\"Investire in Shiba Inu | eToro\" \/>\n<meta property=\"og:description\" content=\"Shiba Inu \u00e8 una criptovaluta basata su Ethereum che ha guadagnato popolarit\u00e0 come meme coin. Scopri le sue caratteristiche e come investire in questo asset.\" \/>\n<meta property=\"og:url\" content=\"https:\/\/www.etoro.com\/it\/wp-json\/wp\/v2\/pages\/821741\" \/>\n<meta property=\"og:site_name\" content=\"eToro\" \/>\n<meta property=\"article:publisher\" content=\"https:\/\/www.facebook.com\/eToro\/\" \/>\n<meta property=\"article:modified_time\" content=\"2026-01-15T10:28:48+00:00\" \/>\n<meta property=\"og:image\" content=\"https:\/\/www.etoro.com\/wp-content\/uploads\/2024\/01\/IT-How-to-Buy-Shiba-Inu-SHIB-1200x630-1.png\" \/>\n\t<meta property=\"og:image:width\" content=\"1200\" \/>\n\t<meta property=\"og:image:height\" content=\"630\" \/>\n\t<meta property=\"og:image:type\" content=\"image\/png\" \/>\n<meta name=\"twitter:card\" content=\"summary_large_image\" \/>\n<meta name=\"twitter:site\" content=\"@eToro\" \/>\n<meta name=\"twitter:label1\" content=\"Est. reading time\" \/>\n\t<meta name=\"twitter:data1\" content=\"6 minutes\" \/>\n<script type=\"application\/ld+json\" class=\"yoast-schema-graph\">{\"@context\":\"https:\/\/schema.org\",\"@graph\":[{\"@type\":\"WebPage\",\"@id\":\"https:\/\/www.etoro.com\/it\/crypto\/how-to-buy-shiba-inu\/\",\"url\":\"https:\/\/www.etoro.com\/it\/crypto\/how-to-buy-shiba-inu\/\",\"name\":\"Investire in Shiba Inu | eToro\",\"isPartOf\":{\"@id\":\"https:\/\/www.etoro.com\/it\/#website\"},\"primaryImageOfPage\":{\"@id\":\"https:\/\/www.etoro.com\/it\/crypto\/how-to-buy-shiba-inu\/#primaryimage\"},\"image\":{\"@id\":\"https:\/\/www.etoro.com\/it\/crypto\/how-to-buy-shiba-inu\/#primaryimage\"},\"thumbnailUrl\":\"https:\/\/www.etoro.com\/wp-content\/uploads\/2024\/01\/IT-How-to-Buy-Shiba-Inu-SHIB-1200x630-1.png\",\"datePublished\":\"2024-01-09T14:46:03+00:00\",\"dateModified\":\"2026-01-15T10:28:48+00:00\",\"description\":\"Shiba Inu \u00e8 una criptovaluta basata su Ethereum che ha guadagnato popolarit\u00e0 come meme coin. Scopri le sue caratteristiche e come investire in questo asset.\",\"breadcrumb\":{\"@id\":\"https:\/\/www.etoro.com\/it\/crypto\/how-to-buy-shiba-inu\/#breadcrumb\"},\"inLanguage\":\"it\",\"potentialAction\":[{\"@type\":\"ReadAction\",\"target\":[\"https:\/\/www.etoro.com\/it\/crypto\/how-to-buy-shiba-inu\/\"]}]},{\"@type\":\"ImageObject\",\"inLanguage\":\"it\",\"@id\":\"https:\/\/www.etoro.com\/it\/crypto\/how-to-buy-shiba-inu\/#primaryimage\",\"url\":\"https:\/\/www.etoro.com\/wp-content\/uploads\/2024\/01\/IT-How-to-Buy-Shiba-Inu-SHIB-1200x630-1.png\",\"contentUrl\":\"https:\/\/www.etoro.com\/wp-content\/uploads\/2024\/01\/IT-How-to-Buy-Shiba-Inu-SHIB-1200x630-1.png\",\"width\":1200,\"height\":630},{\"@type\":\"BreadcrumbList\",\"@id\":\"https:\/\/www.etoro.com\/it\/crypto\/how-to-buy-shiba-inu\/#breadcrumb\",\"itemListElement\":[{\"@type\":\"ListItem\",\"position\":1,\"name\":\"Home\",\"item\":\"https:\/\/www.etoro.com\/it\/\"},{\"@type\":\"ListItem\",\"position\":2,\"name\":\"One-stop crypto\",\"item\":\"https:\/\/www.etoro.com\/it\/crypto\/\"},{\"@type\":\"ListItem\",\"position\":3,\"name\":\"Come acquistare Shiba Inu (SHIB)\"}]},{\"@type\":\"WebSite\",\"@id\":\"https:\/\/www.etoro.com\/it\/#website\",\"url\":\"https:\/\/www.etoro.com\/it\/\",\"name\":\"eToro\",\"description\":\"\",\"publisher\":{\"@id\":\"https:\/\/www.etoro.com\/it\/#organization\"},\"potentialAction\":[{\"@type\":\"SearchAction\",\"target\":{\"@type\":\"EntryPoint\",\"urlTemplate\":\"https:\/\/www.etoro.com\/it\/?s={search_term_string}\"},\"query-input\":{\"@type\":\"PropertyValueSpecification\",\"valueRequired\":true,\"valueName\":\"search_term_string\"}}],\"inLanguage\":\"it\"},[]]}<\/script>","yoast_head_json":{"title":"Investire in Shiba Inu | eToro","description":"Shiba Inu \u00e8 una criptovaluta basata su Ethereum che ha guadagnato popolarit\u00e0 come meme coin. Scopri le sue caratteristiche e come investire in questo asset.","robots":{"index":"index","follow":"follow","max-snippet":"max-snippet:-1","max-image-preview":"max-image-preview:large","max-video-preview":"max-video-preview:-1"},"canonical":"https:\/\/www.etoro.com\/it\/wp-json\/wp\/v2\/pages\/821741","og_locale":"it_IT","og_type":"article","og_title":"Investire in Shiba Inu | eToro","og_description":"Shiba Inu \u00e8 una criptovaluta basata su Ethereum che ha guadagnato popolarit\u00e0 come meme coin. Scopri le sue caratteristiche e come investire in questo asset.","og_url":"https:\/\/www.etoro.com\/it\/wp-json\/wp\/v2\/pages\/821741","og_site_name":"eToro","article_publisher":"https:\/\/www.facebook.com\/eToro\/","article_modified_time":"2026-01-15T10:28:48+00:00","og_image":[{"width":1200,"height":630,"url":"https:\/\/www.etoro.com\/wp-content\/uploads\/2024\/01\/IT-How-to-Buy-Shiba-Inu-SHIB-1200x630-1.png","type":"image\/png"}],"twitter_card":"summary_large_image","twitter_site":"@eToro","twitter_misc":{"Est. reading time":"6 minutes"},"schema":{"@context":"https:\/\/schema.org","@graph":[{"@type":"WebPage","@id":"https:\/\/www.etoro.com\/it\/crypto\/how-to-buy-shiba-inu\/","url":"https:\/\/www.etoro.com\/it\/crypto\/how-to-buy-shiba-inu\/","name":"Investire in Shiba Inu | eToro","isPartOf":{"@id":"https:\/\/www.etoro.com\/it\/#website"},"primaryImageOfPage":{"@id":"https:\/\/www.etoro.com\/it\/crypto\/how-to-buy-shiba-inu\/#primaryimage"},"image":{"@id":"https:\/\/www.etoro.com\/it\/crypto\/how-to-buy-shiba-inu\/#primaryimage"},"thumbnailUrl":"https:\/\/www.etoro.com\/wp-content\/uploads\/2024\/01\/IT-How-to-Buy-Shiba-Inu-SHIB-1200x630-1.png","datePublished":"2024-01-09T14:46:03+00:00","dateModified":"2026-01-15T10:28:48+00:00","description":"Shiba Inu \u00e8 una criptovaluta basata su Ethereum che ha guadagnato popolarit\u00e0 come meme coin. Scopri le sue caratteristiche e come investire in questo asset.","breadcrumb":{"@id":"https:\/\/www.etoro.com\/it\/crypto\/how-to-buy-shiba-inu\/#breadcrumb"},"inLanguage":"it","potentialAction":[{"@type":"ReadAction","target":["https:\/\/www.etoro.com\/it\/crypto\/how-to-buy-shiba-inu\/"]}]},{"@type":"ImageObject","inLanguage":"it","@id":"https:\/\/www.etoro.com\/it\/crypto\/how-to-buy-shiba-inu\/#primaryimage","url":"https:\/\/www.etoro.com\/wp-content\/uploads\/2024\/01\/IT-How-to-Buy-Shiba-Inu-SHIB-1200x630-1.png","contentUrl":"https:\/\/www.etoro.com\/wp-content\/uploads\/2024\/01\/IT-How-to-Buy-Shiba-Inu-SHIB-1200x630-1.png","width":1200,"height":630},{"@type":"BreadcrumbList","@id":"https:\/\/www.etoro.com\/it\/crypto\/how-to-buy-shiba-inu\/#breadcrumb","itemListElement":[{"@type":"ListItem","position":1,"name":"Home","item":"https:\/\/www.etoro.com\/it\/"},{"@type":"ListItem","position":2,"name":"One-stop crypto","item":"https:\/\/www.etoro.com\/it\/crypto\/"},{"@type":"ListItem","position":3,"name":"Come acquistare Shiba Inu (SHIB)"}]},{"@type":"WebSite","@id":"https:\/\/www.etoro.com\/it\/#website","url":"https:\/\/www.etoro.com\/it\/","name":"eToro","description":"","publisher":{"@id":"https:\/\/www.etoro.com\/it\/#organization"},"potentialAction":[{"@type":"SearchAction","target":{"@type":"EntryPoint","urlTemplate":"https:\/\/www.etoro.com\/it\/?s={search_term_string}"},"query-input":{"@type":"PropertyValueSpecification","valueRequired":true,"valueName":"search_term_string"}}],"inLanguage":"it"},[]]}},"_links":{"self":[{"href":"https:\/\/www.etoro.com\/it\/wp-json\/wp\/v2\/pages\/821741"}],"collection":[{"href":"https:\/\/www.etoro.com\/it\/wp-json\/wp\/v2\/pages"}],"about":[{"href":"https:\/\/www.etoro.com\/it\/wp-json\/wp\/v2\/types\/page"}],"author":[{"embeddable":true,"href":"https:\/\/www.etoro.com\/it\/wp-json\/wp\/v2\/users\/96"}],"replies":[{"embeddable":true,"href":"https:\/\/www.etoro.com\/it\/wp-json\/wp\/v2\/comments?post=821741"}],"version-history":[{"count":0,"href":"https:\/\/www.etoro.com\/it\/wp-json\/wp\/v2\/pages\/821741\/revisions"}],"up":[{"embeddable":true,"href":"https:\/\/www.etoro.com\/it\/wp-json\/wp\/v2\/pages\/128167"}],"wp:featuredmedia":[{"embeddable":true,"href":"https:\/\/www.etoro.com\/it\/wp-json\/wp\/v2\/media\/821773"}],"wp:attachment":[{"href":"https:\/\/www.etoro.com\/it\/wp-json\/wp\/v2\/media?parent=821741"}],"wp:term":[{"taxonomy":"asset_type","embeddable":true,"href":"https:\/\/www.etoro.com\/it\/wp-json\/wp\/v2\/asset_type?post=821741"}],"curies":[{"name":"wp","href":"https:\/\/api.w.org\/{rel}","templated":true}]}}