{"id":831551,"date":"2024-01-11T15:48:10","date_gmt":"2024-01-11T13:48:10","guid":{"rendered":"https:\/\/www.etoro.com\/about\/5-investments-to-watch-in-2024\/"},"modified":"2024-01-21T10:08:43","modified_gmt":"2024-01-21T08:08:43","slug":"5-investments-to-watch-in-2024","status":"publish","type":"page","link":"https:\/\/www.etoro.com\/it\/investing\/5-investments-to-watch-in-2024\/","title":{"rendered":"5 investimenti da tenere d&#8217;occhio nel 2024"},"content":{"rendered":"\n<p>Nel 2023 abbiamo visto grandi cambiamenti nel mondo degli investimenti, specialmente in settori come petrolio, Bitcoin e vari tipi di ETF. Approfondiamo ci\u00f2 che \u00e8 successo e cosa potremmo aspettarci nel 2024.<\/p>\n\n\n\n<h2 class=\"wp-block-heading\">2023: un anno di cambiamenti dinamici&nbsp;<\/h2>\n\n\n\n<p>\u00c8 stato un anno di grandi vincitori e trend notevoli. Le azioni nel mondo dell&#8217;IA e delle principali aziende tecnologiche, guidate da gruppi come Tesla, NVIDIA e Apple, hanno fatto registrare un notevole recupero. Sorprendentemente, anche <a href=\"https:\/\/www.etoro.com\/discover\/markets\/cryptocurrencies\">le criptovalute<\/a> sono aumentate come classe di asset principale.&nbsp;<\/p>\n\n\n\n<p>Sul fronte delle tendenze, gli investitori si sono concentrati sul reddito fisso e hanno affrontato tassi di interesse pi\u00f9 alti, mentre le materie prime hanno sperimentato molti alti e bassi. Le azioni con dividendi hanno garantito un senso di sicurezza in questi tempi di fluttuazioni. Tuttavia, non tutto \u00e8 andato liscio: i settori bancari e immobiliari non hanno avuto le stesse prestazioni e le questioni politiche globali hanno avuto un impatto significativo sulle materie prime.<\/p>\n\n\n\n<h2 class=\"wp-block-heading\">2024: navigare nel mondo finanziario<\/h2>\n\n\n\n<h3 class=\"wp-block-heading\">Prestazioni delle azioni medie nel Regno Unito: previsioni di crescita nonostante le sfide<\/h3>\n\n\n\n<p>Sembra che il 2024 potrebbe potenzialmente essere un anno in crescita per le azioni contenute nell&#8217;indice UK100, che riunisce titoli a elevata capitalizzazione nel Regno Unito, grazie ai piani di riduzione delle tasse in UK e ai tassi di inflazione migliori del previsto, con un ampio divario di valutazione rispetto allo SPX500.<\/p>\n\n\n\n<p>Lo UK100 offre agli investitori un&#8217;esposizione ai principali titoli britannici, che rappresentano un mix in equilibrio tra crescita e valore in vari settori dell&#8217;industria britannica.<\/p>\n\n\n\n<div class=\"wp-block-buttons is-layout-flex wp-block-buttons-is-layout-flex\">\n<a class=\"e-cta e-cta-primary\" href=\"https:\/\/www.etoro.com\/it\/markets\/uk100\">Esplora lo UK100<\/a>\n<\/div>\n\n\n\n<p><strong>Il 76% dei conti CFD retail perde denaro<\/strong><\/p>\n\n\n\n<h3 class=\"wp-block-heading\">Mercato del petrolio: cavalcare le onde dell&#8217;incertezza<\/h3>\n\n\n\n<p>Le altalene dei mercati petroliferi hanno attirato l&#8217;attenzione sia degli investitori a lungo termine, come Warren Buffett, sia dei trader giornalieri che preferiscono la volatilit\u00e0. Con le attuali tensioni politiche, ci sono buone possibilit\u00e0 che questo mercato imprevedibile faccia registrare ancor pi\u00f9 movimenti.<\/p>\n\n\n\n<p>Qualunque strategia di investimento tu segua, il petrolio \u00e8 indubbiamente una materia prima fondamentale a livello globale, che svolge un ruolo cruciale nel settore energetico e influenza significativamente le dinamiche economiche a causa del suo impatto sui prezzi del carburante e sulla produzione industriale.<\/p>\n\n\n\n<div class=\"wp-block-buttons is-layout-flex wp-block-buttons-is-layout-flex\">\n<a class=\"e-cta e-cta-primary\" href=\"https:\/\/www.etoro.com\/it\/markets\/oil?funnelFromId=56\">Esplora il petrolio<\/a>\n<\/div>\n\n\n\n<p><strong>Il 76% dei conti CFD retail perde denaro<\/strong><\/p>\n\n\n\n<h3 class=\"wp-block-heading\">Il ritorno del Bitcoin: cosa sta per succedere?<\/h3>\n\n\n\n<p>Sembra che il Bitcoin si stia preparando per un grande 2024, con nuovi prodotti come il Crypto ETF di BlackRock e l&#8217;atteso evento del dimezzamento, che si svolge una volta ogni quattro anni. Gli investitori stanno tutti a guardare, per vedere come questi sviluppi potrebbero plasmare il futuro di questa valuta digitale.<\/p>\n\n\n\n<figure class=\"wp-block-image size-full\"><img loading=\"lazy\" decoding=\"async\" width=\"640\" height=\"393\" src=\"https:\/\/www.etoro.com\/wp-content\/uploads\/2024\/01\/7464-_-End-of-2023-Yearly-Summary-Campaign-Graphs-V1_7464_Bitcoin_Halving_Blue_BG.jpg\" alt=\"\" class=\"wp-image-833322 wp-image-desktop\" srcset=\"https:\/\/www.etoro.com\/wp-content\/uploads\/2024\/01\/7464-_-End-of-2023-Yearly-Summary-Campaign-Graphs-V1_7464_Bitcoin_Halving_Blue_BG.jpg 640w, https:\/\/www.etoro.com\/wp-content\/uploads\/2024\/01\/7464-_-End-of-2023-Yearly-Summary-Campaign-Graphs-V1_7464_Bitcoin_Halving_Blue_BG-300x184.jpg 300w\" sizes=\"(max-width: 640px) 100vw, 640px\" \/><\/figure>\n\n\n\n<p class=\"is-style-disclaimer\"><em><em>Le prestazioni passate non sono indicative dei risultati futuri.<\/em><\/em><\/p>\n\n\n\n<p>Il Bitcoin, la prima criptovaluta al mondo, \u00e8 noto per la sua natura decentralizzata ed \u00e8 diventato un importante asset digitale, che influenza il panorama finanziario con il suo potenziale ad alti rendimenti e grande volatilit\u00e0.<\/p>\n\n\n\n<div class=\"wp-block-buttons is-layout-flex wp-block-buttons-is-layout-flex\">\n<a class=\"e-cta e-cta-primary\" href=\"https:\/\/www.etoro.com\/it\/markets\/btc?funnelFromId=57\">Esplora il Bitcoin<\/a>\n<\/div>\n\n\n\n<p>Gli investimenti in criptoasset sono altamente volatili e non sono regolamentati in alcuni Paesi dell&#8217;UE. Il consumatore non gode di alcuna protezione. I profitti possono essere tassati.<\/p>\n\n\n\n<p>\u00c8 importante leggere e comprendere i rischi di questo investimento, che sono illustrati nel dettaglio a questo <a href=\"https:\/\/www.etoro.com\/customer-service\/regulation-license\/es-risk-warning\/\">link.<\/a><\/p>\n\n\n\n<p>Gli investimenti in criptovalute sono offerti da eToro (Europe) Ltd come DASP, registrato presso l&#8217;AMF. Gli investimenti in criptoasset sono altamente volatili. Il consumatore non gode di alcuna protezione.<\/p>\n\n\n\n<p><strong>Non investire, a meno che tu non sia disposto a perdere l&#8217;intero capitale investito. Questo \u00e8 un investimento ad alto rischio e non puoi aspettarti di essere tutelato se qualcosa va storto.<\/strong> <a href=\"https:\/\/www.etoro.com\/it\/customer-service\/terms-conditions\/trading-restriction\/\"><strong>&nbsp;Dedica due minuti a saperne di pi\u00f9<\/strong><\/a><\/p>\n\n\n\n<h3 class=\"wp-block-heading\">ETF sui titoli di stato: una mossa intelligente con i tagli dei tassi in USA?<\/h3>\n\n\n\n<p>Se i tassi di interesse attesi saranno pi\u00f9 bassi negli Stati Uniti, gli ETF sui Treasury Bond saranno una scelta smart? La risposta dipender\u00e0 dai reali tagli dei tassi negli Stati Uniti. Se cos\u00ec fosse, gli investitori possono aspettarsi degli aumenti di rendimento.<\/p>\n\n\n\n<p>L&#8217;iShares 20+ Year Treasury Bond ETF (TLT), una scelta popolare tra gli investitori, riunisce i titoli di stato a lungo termine degli Stati Uniti: un modo per investire in titoli a reddito fisso con potenziali rendimenti costanti e mitigazione del rischio. Poich\u00e9 si tratta di un ETF di lunga durata, \u00e8 sensibile alle variazioni dei tassi e, come tale, pu\u00f2 anche beneficiare dei relativi tagli.&nbsp;<\/p>\n\n\n\n<div class=\"wp-block-buttons is-layout-flex wp-block-buttons-is-layout-flex\">\n<a class=\"e-cta e-cta-primary\" href=\"https:\/\/www.etoro.com\/it\/markets\/tlt\">Esplora TLT<\/a>\n<\/div>\n\n\n\n<p><strong>Il 76% dei conti CFD retail perde denaro<\/strong><\/p>\n\n\n\n<h3 class=\"wp-block-heading\">Titoli tecnologici: il potere dell&#8217;IA e i Magnifici 7<\/h3>\n\n\n\n<p>Le azioni tecnologiche hanno avuto un grande successo nel 2023, grazie alle innovazioni nell&#8217;IA e alle prestazioni di sette importanti aziende tecnologiche. L&#8217;ETF Vanguard Mega Cap Growth (MGK), con la sua elevata esposizione a questi &#8220;Magnifici 7&#8221;, \u00e8 noto per il suo focus sulle azioni in crescita con mega-cap, che offrono agli investitori un&#8217;esposizione diversificata ad alcune delle pi\u00f9 grandi e influenti aziende del mercato.<\/p>\n\n\n\n<div class=\"wp-block-buttons is-layout-flex wp-block-buttons-is-layout-flex\">\n<a class=\"e-cta e-cta-primary\" href=\"https:\/\/www.etoro.com\/it\/markets\/mgk\">Esplora MGK<\/a>\n<\/div>\n\n\n\n<p><strong>Il 76% dei conti CFD retail perde denaro<\/strong><\/p>\n\n\n\n<h3 class=\"wp-block-heading\">Qualcosa per tutti&nbsp;&nbsp;<\/h3>\n\n\n\n<p>Mentre entriamo nel 2024, gli investitori hanno molte opzioni interessanti da considerare \u2014 che vanno dalle azioni britanniche rafforzate dalle politiche economiche al dinamico mercato del petrolio, dal potenziale ritorno del Bitcoin alle opportunit\u00e0 negli ETF sui titoli di Stato, passando per il panorama tecnologico in continua evoluzione. Rimanere informati mentre avanziamo nel prossimo trimestre e oltre \u00e8 fondamentale per navigare nei mari diversificati degli investimenti.<\/p>\n\n\n\n<div class=\"wp-block-buttons is-content-justification-left is-layout-flex wp-container-core-buttons-is-layout-6 wp-block-buttons-is-layout-flex\">\n<a class=\"e-cta e-cta-primary\" href=\"https:\/\/www.etoro.com\/it\/accounts\/sign-up\">Iscriviti a eToro<\/a>\n<\/div>\n\n\n\n<p><strong>Il 76% dei conti CFD retail perde denaro<\/strong><\/p>\n\n\n\n<p class=\"is-style-disclaimer\">Le presenti informazioni vengono fornite al solo scopo educativo e non rappresentano consigli d\u2019investimento o suggerimenti personali. Tali informazioni non devono quindi essere interpretate come offerte o solleciti di compravendita di strumenti finanziari. Il materiale \u00e8 stato preparato senza tener conto di precisi obiettivi d\u2019investimento o specifiche situazioni finanziarie e non soddisfa pertanto i criteri legali e legislativi previsti per la promozione di ricerche indipendenti. Tutti i riferimenti alle prestazioni passate di uno specifico strumento, indice o prodotto d\u2019investimento preassemblato non rappresentano n\u00e9 devono essere interpretati come un indicatore affidabile di possibili prestazioni future. eToro non offre alcuna garanzia n\u00e9 si assume la responsabilit\u00e0 in merito all\u2019accuratezza o alla completezza del contenuto esposto nella presente guida.<\/p>\n","protected":false},"excerpt":{"rendered":"<p>Nel 2023 abbiamo visto grandi cambiamenti nel mondo degli investimenti, specialmente in settori come petrolio, Bitcoin e vari tipi di ETF. Approfondiamo ci\u00f2 che \u00e8 successo e cosa potremmo aspettarci nel 2024. 2023: un anno di cambiamenti dinamici&nbsp; \u00c8 stato un anno di grandi vincitori e trend notevoli. Le azioni nel mondo dell&#8217;IA e delle&hellip;<\/p>\n","protected":false},"author":75,"featured_media":830980,"parent":949,"menu_order":0,"comment_status":"closed","ping_status":"closed","template":"templates\/taboola.php","meta":{"_acf_changed":false,"inline_featured_image":false,"sticky_cta_settings":"","footnotes":""},"asset_type":[],"class_list":["post-831551","page","type-page","status-publish","has-post-thumbnail","hentry"],"acf":[],"yoast_head":"<title>5 investimenti da tenere d&#039;occhio nel 2024 - eToro<\/title>\n<meta name=\"robots\" content=\"index, follow, max-snippet:-1, max-image-preview:large, max-video-preview:-1\" \/>\n<link rel=\"canonical\" href=\"https:\/\/www.etoro.com\/it\/wp-json\/wp\/v2\/pages\/831551\" \/>\n<meta property=\"og:locale\" content=\"it_IT\" \/>\n<meta property=\"og:type\" content=\"article\" \/>\n<meta property=\"og:title\" content=\"5 investimenti da tenere d&#039;occhio nel 2024 - eToro\" \/>\n<meta property=\"og:description\" content=\"Nel 2023 abbiamo visto grandi cambiamenti nel mondo degli investimenti, specialmente in settori come petrolio, Bitcoin e vari tipi di ETF. Approfondiamo ci\u00f2 che \u00e8 successo e cosa potremmo aspettarci nel 2024. 2023: un anno di cambiamenti dinamici&nbsp; \u00c8 stato un anno di grandi vincitori e trend notevoli. Le azioni nel mondo dell&#8217;IA e delle&hellip;\" \/>\n<meta property=\"og:url\" content=\"https:\/\/www.etoro.com\/it\/wp-json\/wp\/v2\/pages\/831551\" \/>\n<meta property=\"og:site_name\" content=\"eToro\" \/>\n<meta property=\"article:publisher\" content=\"https:\/\/www.facebook.com\/eToro\/\" \/>\n<meta property=\"article:modified_time\" content=\"2024-01-21T08:08:43+00:00\" \/>\n<meta property=\"og:image\" content=\"https:\/\/www.etoro.com\/wp-content\/uploads\/2024\/01\/Header-1200x630-White.jpg\" \/>\n\t<meta property=\"og:image:width\" content=\"1200\" \/>\n\t<meta property=\"og:image:height\" content=\"630\" \/>\n\t<meta property=\"og:image:type\" content=\"image\/jpeg\" \/>\n<meta name=\"twitter:card\" content=\"summary_large_image\" \/>\n<meta name=\"twitter:site\" content=\"@eToro\" \/>\n<meta name=\"twitter:label1\" content=\"Est. reading time\" \/>\n\t<meta name=\"twitter:data1\" content=\"5 minutes\" \/>\n<script type=\"application\/ld+json\" class=\"yoast-schema-graph\">{\"@context\":\"https:\/\/schema.org\",\"@graph\":[{\"@type\":\"WebPage\",\"@id\":\"https:\/\/www.etoro.com\/it\/investing\/5-investments-to-watch-in-2024\/\",\"url\":\"https:\/\/www.etoro.com\/it\/investing\/5-investments-to-watch-in-2024\/\",\"name\":\"5 investimenti da tenere d'occhio nel 2024 - eToro\",\"isPartOf\":{\"@id\":\"https:\/\/www.etoro.com\/it\/#website\"},\"primaryImageOfPage\":{\"@id\":\"https:\/\/www.etoro.com\/it\/investing\/5-investments-to-watch-in-2024\/#primaryimage\"},\"image\":{\"@id\":\"https:\/\/www.etoro.com\/it\/investing\/5-investments-to-watch-in-2024\/#primaryimage\"},\"thumbnailUrl\":\"https:\/\/www.etoro.com\/wp-content\/uploads\/2024\/01\/Header-1200x630-White.jpg\",\"datePublished\":\"2024-01-11T13:48:10+00:00\",\"dateModified\":\"2024-01-21T08:08:43+00:00\",\"breadcrumb\":{\"@id\":\"https:\/\/www.etoro.com\/it\/investing\/5-investments-to-watch-in-2024\/#breadcrumb\"},\"inLanguage\":\"it\",\"potentialAction\":[{\"@type\":\"ReadAction\",\"target\":[\"https:\/\/www.etoro.com\/it\/investing\/5-investments-to-watch-in-2024\/\"]}]},{\"@type\":\"ImageObject\",\"inLanguage\":\"it\",\"@id\":\"https:\/\/www.etoro.com\/it\/investing\/5-investments-to-watch-in-2024\/#primaryimage\",\"url\":\"https:\/\/www.etoro.com\/wp-content\/uploads\/2024\/01\/Header-1200x630-White.jpg\",\"contentUrl\":\"https:\/\/www.etoro.com\/wp-content\/uploads\/2024\/01\/Header-1200x630-White.jpg\",\"width\":1200,\"height\":630},{\"@type\":\"BreadcrumbList\",\"@id\":\"https:\/\/www.etoro.com\/it\/investing\/5-investments-to-watch-in-2024\/#breadcrumb\",\"itemListElement\":[{\"@type\":\"ListItem\",\"position\":1,\"name\":\"Home\",\"item\":\"https:\/\/www.etoro.com\/it\/\"},{\"@type\":\"ListItem\",\"position\":2,\"name\":\"Investing\",\"item\":\"https:\/\/www.etoro.com\/investing\/\"},{\"@type\":\"ListItem\",\"position\":3,\"name\":\"5 investimenti da tenere d&#8217;occhio nel 2024\"}]},{\"@type\":\"WebSite\",\"@id\":\"https:\/\/www.etoro.com\/it\/#website\",\"url\":\"https:\/\/www.etoro.com\/it\/\",\"name\":\"eToro\",\"description\":\"\",\"publisher\":{\"@id\":\"https:\/\/www.etoro.com\/it\/#organization\"},\"potentialAction\":[{\"@type\":\"SearchAction\",\"target\":{\"@type\":\"EntryPoint\",\"urlTemplate\":\"https:\/\/www.etoro.com\/it\/?s={search_term_string}\"},\"query-input\":{\"@type\":\"PropertyValueSpecification\",\"valueRequired\":true,\"valueName\":\"search_term_string\"}}],\"inLanguage\":\"it\"},[]]}<\/script>","yoast_head_json":{"title":"5 investimenti da tenere d'occhio nel 2024 - eToro","robots":{"index":"index","follow":"follow","max-snippet":"max-snippet:-1","max-image-preview":"max-image-preview:large","max-video-preview":"max-video-preview:-1"},"canonical":"https:\/\/www.etoro.com\/it\/wp-json\/wp\/v2\/pages\/831551","og_locale":"it_IT","og_type":"article","og_title":"5 investimenti da tenere d'occhio nel 2024 - eToro","og_description":"Nel 2023 abbiamo visto grandi cambiamenti nel mondo degli investimenti, specialmente in settori come petrolio, Bitcoin e vari tipi di ETF. Approfondiamo ci\u00f2 che \u00e8 successo e cosa potremmo aspettarci nel 2024. 2023: un anno di cambiamenti dinamici&nbsp; \u00c8 stato un anno di grandi vincitori e trend notevoli. Le azioni nel mondo dell&#8217;IA e delle&hellip;","og_url":"https:\/\/www.etoro.com\/it\/wp-json\/wp\/v2\/pages\/831551","og_site_name":"eToro","article_publisher":"https:\/\/www.facebook.com\/eToro\/","article_modified_time":"2024-01-21T08:08:43+00:00","og_image":[{"width":1200,"height":630,"url":"https:\/\/www.etoro.com\/wp-content\/uploads\/2024\/01\/Header-1200x630-White.jpg","type":"image\/jpeg"}],"twitter_card":"summary_large_image","twitter_site":"@eToro","twitter_misc":{"Est. reading time":"5 minutes"},"schema":{"@context":"https:\/\/schema.org","@graph":[{"@type":"WebPage","@id":"https:\/\/www.etoro.com\/it\/investing\/5-investments-to-watch-in-2024\/","url":"https:\/\/www.etoro.com\/it\/investing\/5-investments-to-watch-in-2024\/","name":"5 investimenti da tenere d'occhio nel 2024 - eToro","isPartOf":{"@id":"https:\/\/www.etoro.com\/it\/#website"},"primaryImageOfPage":{"@id":"https:\/\/www.etoro.com\/it\/investing\/5-investments-to-watch-in-2024\/#primaryimage"},"image":{"@id":"https:\/\/www.etoro.com\/it\/investing\/5-investments-to-watch-in-2024\/#primaryimage"},"thumbnailUrl":"https:\/\/www.etoro.com\/wp-content\/uploads\/2024\/01\/Header-1200x630-White.jpg","datePublished":"2024-01-11T13:48:10+00:00","dateModified":"2024-01-21T08:08:43+00:00","breadcrumb":{"@id":"https:\/\/www.etoro.com\/it\/investing\/5-investments-to-watch-in-2024\/#breadcrumb"},"inLanguage":"it","potentialAction":[{"@type":"ReadAction","target":["https:\/\/www.etoro.com\/it\/investing\/5-investments-to-watch-in-2024\/"]}]},{"@type":"ImageObject","inLanguage":"it","@id":"https:\/\/www.etoro.com\/it\/investing\/5-investments-to-watch-in-2024\/#primaryimage","url":"https:\/\/www.etoro.com\/wp-content\/uploads\/2024\/01\/Header-1200x630-White.jpg","contentUrl":"https:\/\/www.etoro.com\/wp-content\/uploads\/2024\/01\/Header-1200x630-White.jpg","width":1200,"height":630},{"@type":"BreadcrumbList","@id":"https:\/\/www.etoro.com\/it\/investing\/5-investments-to-watch-in-2024\/#breadcrumb","itemListElement":[{"@type":"ListItem","position":1,"name":"Home","item":"https:\/\/www.etoro.com\/it\/"},{"@type":"ListItem","position":2,"name":"Investing","item":"https:\/\/www.etoro.com\/investing\/"},{"@type":"ListItem","position":3,"name":"5 investimenti da tenere d&#8217;occhio nel 2024"}]},{"@type":"WebSite","@id":"https:\/\/www.etoro.com\/it\/#website","url":"https:\/\/www.etoro.com\/it\/","name":"eToro","description":"","publisher":{"@id":"https:\/\/www.etoro.com\/it\/#organization"},"potentialAction":[{"@type":"SearchAction","target":{"@type":"EntryPoint","urlTemplate":"https:\/\/www.etoro.com\/it\/?s={search_term_string}"},"query-input":{"@type":"PropertyValueSpecification","valueRequired":true,"valueName":"search_term_string"}}],"inLanguage":"it"},[]]}},"_links":{"self":[{"href":"https:\/\/www.etoro.com\/it\/wp-json\/wp\/v2\/pages\/831551"}],"collection":[{"href":"https:\/\/www.etoro.com\/it\/wp-json\/wp\/v2\/pages"}],"about":[{"href":"https:\/\/www.etoro.com\/it\/wp-json\/wp\/v2\/types\/page"}],"author":[{"embeddable":true,"href":"https:\/\/www.etoro.com\/it\/wp-json\/wp\/v2\/users\/75"}],"replies":[{"embeddable":true,"href":"https:\/\/www.etoro.com\/it\/wp-json\/wp\/v2\/comments?post=831551"}],"version-history":[{"count":0,"href":"https:\/\/www.etoro.com\/it\/wp-json\/wp\/v2\/pages\/831551\/revisions"}],"up":[{"embeddable":true,"href":"https:\/\/www.etoro.com\/it\/wp-json\/wp\/v2\/pages\/949"}],"wp:featuredmedia":[{"embeddable":true,"href":"https:\/\/www.etoro.com\/it\/wp-json\/wp\/v2\/media\/830980"}],"wp:attachment":[{"href":"https:\/\/www.etoro.com\/it\/wp-json\/wp\/v2\/media?parent=831551"}],"wp:term":[{"taxonomy":"asset_type","embeddable":true,"href":"https:\/\/www.etoro.com\/it\/wp-json\/wp\/v2\/asset_type?post=831551"}],"curies":[{"name":"wp","href":"https:\/\/api.w.org\/{rel}","templated":true}]}}