{"id":841308,"date":"2024-02-12T16:22:07","date_gmt":"2024-02-12T14:22:07","guid":{"rendered":"https:\/\/www.etoro.com\/?page_id=841308"},"modified":"2025-04-23T13:57:02","modified_gmt":"2025-04-23T10:57:02","slug":"crypto-leverage-and-margin","status":"publish","type":"page","link":"https:\/\/www.etoro.com\/it\/crypto\/crypto-leverage-and-margin\/","title":{"rendered":"Leva e margine nel trading di cripto"},"content":{"rendered":"\n<p class=\"is-style-summary\">La leva e il margine possono essere due strumenti utili per chi desidera operare nel mercato delle criptovalute. Sono, per\u00f2, strumenti rischiosi, adatti prevalentemente a investitori esperti. Continua a leggere questa guida per usare correttamente la leva e il margine quando negozi le criptovalute.<\/p>\n\n\n\n<hr class=\"wp-block-separator wp-block-separator-color-dark-grey wp-block-separator-spaces-medium wp-block-separator-weight-1\"\/>\n\n\n\n<p>La leva finanziaria e il margine permettono di investire nel mercato delle criptovalute<strong> aumentando la propria esposizione<\/strong>. Si tratta, per\u00f2, di strumenti rischiosi che richiedono un\u2019adeguata conoscenza. Scopri subito come investire in criptovalute usando la leva e il margine in modo&nbsp; equilibrato.<\/p>\n\n\n\n<figure class=\"wp-block-image size-full\"><img loading=\"lazy\" decoding=\"async\" width=\"756\" height=\"400\" src=\"https:\/\/www.etoro.com\/wp-content\/uploads\/2024\/02\/IT-Body-Image-1_-How-to-use-leverage-and-margin-trading-in-crypto.png\" alt=\"\" class=\"wp-image-848055 wp-image-desktop\" srcset=\"https:\/\/www.etoro.com\/wp-content\/uploads\/2024\/02\/IT-Body-Image-1_-How-to-use-leverage-and-margin-trading-in-crypto.png 756w, https:\/\/www.etoro.com\/wp-content\/uploads\/2024\/02\/IT-Body-Image-1_-How-to-use-leverage-and-margin-trading-in-crypto-300x159.png 300w\" sizes=\"(max-width: 756px) 100vw, 756px\" \/><\/figure>\n\n\n\n<h2 class=\"wp-block-heading\">Come fare trading sulle cripto con la leva e il margine<\/h2>\n\n\n\n<p>Per fare trading sulle criptovalute utilizzando <a href=\"https:\/\/www.etoro.com\/it\/trading\/leverage-margin\/\">la leva e il margine<\/a> occorre, innanzitutto, <strong>\u201cprendere in prestito\u201d del <\/strong><strong>capitale<\/strong><strong>da un broker<\/strong> in modo da aumentare la dimensione di una posizione e il proprio potere d\u2019acquisto.<\/p>\n\n\n\n<p>Grazie all\u2019uso di questi strumenti, perci\u00f2, puoi <strong>investire su diverse tipologie di criptoasset con un\u2019esposizione maggiore<\/strong> rispetto a quella che avresti utilizzando solo il capitale a tua disposizione.<\/p>\n\n\n\n<p>Il <strong>capitale preso in prestito<\/strong> viene detto <strong>\u201c<a href=\"https:\/\/www.etoro.com\/it\/trading\/leverage-margin\/\">leva finanziaria<\/a>\u201d<\/strong>, e rappresenta un multiplo del capitale iniziale, detto \u201c<strong>margine<\/strong>\u201d<\/p>\n\n\n\n<p>Il trading con leva \u00e8 particolarmente <strong>indicato per gli investitori esperti o per coloro che hanno un\u2019alta tolleranza al rischio<\/strong> e che vogliono sfruttare l\u2019elevata <strong>volatilit\u00e0<\/strong>del <a href=\"https:\/\/www.etoro.com\/it\/discover\/markets\/cryptocurrencies\">mercato delle criptovalute.<\/a><strong><\/strong><\/p>\n\n\n\n<div class=\"wp-block-etoro-tip wp-block-etoro-tip-border-yellow\"><span class=\"wp-block-etoro-tip-icon\"><\/span><div class=\"wp-block-etoro-tip-text\">\n<p><strong>Suggerimento: <\/strong>Tramite la leva e il margine puoi aumentare esponenzialmente il rapporto rischio-rendimento di un investimento. Sia i potenziali guadagni che le possibili perdite verranno moltiplicate, quindi occorre fare molta attenzione.<\/p>\n<\/div><\/div>\n\n\n\n<h2 class=\"wp-block-heading\">Strategie di trading con leva e margine<\/h2>\n\n\n\n<p>La leva e il margine possono essere utilizzati in differenti strategie in base alle caratteristiche di ciascun trader o investitore.<\/p>\n\n\n\n<h3 class=\"wp-block-heading\">Posizioni long e short<\/h3>\n\n\n\n<p>Puoi usare la leva quando investi sulle criptovalute aprendo sia<strong> posizioni <\/strong><strong>long<\/strong> <strong>sperando in un movimento rialzista dei prezzi, sia con posizioni <\/strong><strong>short<\/strong> che puntano, invece, su una fluttuazione ribassista dei prezzi delle cripto.<\/p>\n\n\n\n<h3 class=\"wp-block-heading\">Rapporti di leva finanziaria<\/h3>\n\n\n\n<p>La proporzione tra margine e leva finanziaria in una posizione aperta viene rappresentata come un rapporto (ad esempio, 1:10, 1:20, 1:30). Quando investi in criptovalute, puoi <strong>scegliere il rapporto di leva in base alla tua <\/strong><a href=\"https:\/\/www.etoro.com\/it\/investing\/risk-management\/\"><strong>tolleranza al rischio<\/strong><\/a> e al margine (o &#8220;garanzia&#8221;) che desideri versare.<\/p>\n\n\n\n<h3 class=\"wp-block-heading\">Gestione del margine<\/h3>\n\n\n\n<p>In caso di una <strong>richiesta di margine<\/strong><strong>o \u201cmargin call\u201d,<\/strong> puoi decidere di depositare nuovi capitali per mantenere aperta la posizione, oppure puoi chiuderla.<\/p>\n\n\n\n<p><mark>Se opti per la liquidazione possono verificarsi due situazioni, che dipendono dal tipo di margine: \u201cisolato\u201d o \u201cincrociato\u201d.<\/mark><\/p>\n\n\n\n<ul class=\"wp-block-list wp-block-list wp-block-list-circle\">\n<li>\u201c<strong>Margine isolato<\/strong>\u201d: in questo caso, la <a href=\"https:\/\/help.etoro.com\/s\/article\/what-is-a-margin-call?language=it\">richiesta di margine<\/a> e la relativa liquidazione si riferiscono a una sola posizione. Non vi sono, quindi, effetti sul portafoglio complessivo dell\u2019investitore.<\/li>\n\n\n\n<li>\u201c<strong>Margine incrociato<\/strong>\u201d: nella seguente situazione, invece, il margine \u00e8 condiviso su pi\u00f9 posizioni. Di conseguenza, una posizione pu\u00f2 essere coperta dagli eventuali rendimenti delle altre. In caso di margin call, per\u00f2, la liquidazione di una posizione pu\u00f2 avere effetti su tutte quelle collegate.<\/li>\n<\/ul>\n\n\n\n<h2 class=\"wp-block-heading\">Leva finanziaria e margine: gestione del rischio<\/h2>\n\n\n\n<p>Come visto, il <strong>trading con leva e margine pu\u00f2 essere molto rischioso<\/strong>, soprattutto in un mercato estremamente volatile come quello delle criptovalute.<\/p>\n\n\n\n<figure class=\"wp-block-image size-full\"><img loading=\"lazy\" decoding=\"async\" width=\"756\" height=\"400\" src=\"https:\/\/www.etoro.com\/wp-content\/uploads\/2024\/01\/Body-Image-2_-Cryptocurrency-Margin-Trading-Strategies.png\" alt=\"\" class=\"wp-image-841688 wp-image-desktop\" srcset=\"https:\/\/www.etoro.com\/wp-content\/uploads\/2024\/01\/Body-Image-2_-Cryptocurrency-Margin-Trading-Strategies.png 756w, https:\/\/www.etoro.com\/wp-content\/uploads\/2024\/01\/Body-Image-2_-Cryptocurrency-Margin-Trading-Strategies-300x159.png 300w\" sizes=\"(max-width: 756px) 100vw, 756px\" \/><\/figure>\n\n\n\n<p>Per tenere sotto controllo il rischio \u00e8 fondamentale, perci\u00f2, costruire una <strong>strategia d\u2019investimento ben <\/strong><a href=\"https:\/\/www.etoro.com\/it\/investing\/how-to-build-an-investment-portfolio\/\"><strong>bilanciata e diversificata<\/strong><\/a><strong> <\/strong>che<strong> <\/strong>tenga in considerazione il tuo <strong>profilo di rischioe<\/strong> i tuoi obiettivi finanziari.<\/p>\n\n\n\n<p>Ecco come fare:<\/p>\n\n\n\n<ul class=\"wp-block-list wp-block-list wp-block-list-circle\">\n<li><strong>Utilizza lo <\/strong><strong>stop-loss <\/strong>per chiudere automaticamente una posizione nel caso in cui il valore di mercato scenda al di sotto di un prezzo specifico.<\/li>\n\n\n\n<li><strong>Imposta un take profit per proteggere i tuoi profitti<\/strong> chiudendo automaticamente<strong> <\/strong>una posizione quando raggiunge un livello di rendimento prestabilito. In alternativa, puoi configurare una serie di <a href=\"https:\/\/www.etoro.com\/it\/trading\/trading-orders\/\">ordini incrementali<\/a> per ottenere profitti gradualmente, anzich\u00e9 fissare un unico exit point.<\/li>\n\n\n\n<li><strong>Fai pratica con un <\/strong><a href=\"https:\/\/www.etoro.com\/it\/trading\/demo-account\/\"><strong>conto demo<\/strong><\/a> in modo da acquisire esperienza sul trading di cripto con leva, senza mettere a rischio il tuo capitale.<\/li>\n\n\n\n<li><strong>Inizia con rapporti di leva bassi<\/strong>, aumentandoli man mano che acquisisci maggiori competenze.<\/li>\n\n\n\n<li><strong>Tieni aperte le posizioni per un tempo limitato,<\/strong> in modo da ridurre il rischio di bruschi cali di prezzo e di correzioni di mercato a lungo termine.<\/li>\n<\/ul>\n\n\n\n<figure class=\"wp-block-image size-full\"><img loading=\"lazy\" decoding=\"async\" width=\"756\" height=\"400\" src=\"https:\/\/www.etoro.com\/wp-content\/uploads\/2024\/01\/Body-Image-3_-How-to-manage-risk-when-leverage-and-margin-trading.png\" alt=\"\" class=\"wp-image-841709 wp-image-desktop\" srcset=\"https:\/\/www.etoro.com\/wp-content\/uploads\/2024\/01\/Body-Image-3_-How-to-manage-risk-when-leverage-and-margin-trading.png 756w, https:\/\/www.etoro.com\/wp-content\/uploads\/2024\/01\/Body-Image-3_-How-to-manage-risk-when-leverage-and-margin-trading-300x159.png 300w\" sizes=\"(max-width: 756px) 100vw, 756px\" \/><\/figure>\n\n\n\n<h2 class=\"wp-block-heading\">Vantaggi e svantaggi<\/h2>\n\n\n\n<p>Come ogni <a href=\"https:\/\/www.etoro.com\/it\/investing\/investment-strategies\/\">strategia di investimento<\/a>, anche il trading di criptovalute con leva presenta sia<strong> vantaggi che svantaggi <\/strong>e i due aspetti tendono a bilanciarsi.<\/p>\n\n\n\n<p>Ad esempio, se da un lato il trading con leva offre rendimenti potenzialmente maggiori, dall\u2019altro presenta anche il <strong>rischio di maggiori perdite.<\/strong><\/p>\n\n\n\n<div class=\"wp-block-columns are-vertically-aligned-top wp-block-columns-2 wp-block-columns-1 is-layout-flex wp-container-core-columns-is-layout-1 wp-block-columns-is-layout-flex\">\n<div class=\"wp-block-column is-layout-flow wp-block-column-is-layout-flow\">\n<div class=\"wp-block-etoro-pros-cons wp-block-etoro-pros\"><div class=\"wp-block-etoro-pros-cons-title\"><strong>Vantaggi<\/strong><\/div><div class=\"wp-block-etoro-pros-cons-content\">\n<ul class=\"wp-block-list wp-block-list wp-block-list-check\">\n<li>Maggiori rendimenti potenziali<\/li>\n\n\n\n<li>Utile in ottica di diversificazione degli investimenti<\/li>\n\n\n\n<li>Possibilit\u00e0 di trading anche con capitali limitati<\/li>\n\n\n\n<li>Offre strumenti di gestione del rischio e di bilanciamento della strategia d\u2019investimento<\/li>\n<\/ul>\n<\/div><\/div>\n<\/div>\n\n\n\n<div class=\"wp-block-column is-layout-flow wp-block-column-is-layout-flow\">\n<div class=\"wp-block-etoro-pros-cons wp-block-etoro-cons\"><div class=\"wp-block-etoro-pros-cons-title\"><strong>Svantaggi<\/strong><\/div><div class=\"wp-block-etoro-pros-cons-content\">\n<ul class=\"wp-block-list wp-block-list wp-block-list-cross\">\n<li>Maggiori perdite potenziali<\/li>\n\n\n\n<li>Trading ad alto rischio<\/li>\n\n\n\n<li>Espone al rischio di perdere rapidamente capitali, specialmente in mercati volatili come le cripto<\/li>\n\n\n\n<li>Richiede esperienza e pu\u00f2 essere complesso per un trader agli inizi<\/li>\n<\/ul>\n<\/div><\/div>\n<\/div>\n<\/div>\n\n\n\n<h2 class=\"wp-block-heading\">Considerazioni finali<\/h2>\n\n\n\n<p>L&#8217;utilizzo della leva e del margine per fare trading di criptovalute pu\u00f2 essere particolarmente scoraggiante <a href=\"https:\/\/www.etoro.com\/it\/academy\/courses\/from-beginner-to-investor\/\">per chi \u00e8 agli inizi<\/a>, sia per l\u2019elevata volatilit\u00e0 di questo mercato, sia per il <strong>maggior livello di rischio<\/strong> di questi strumenti finanziari.<\/p>\n\n\n\n<p>Per gli investitori con maggiore esperienza e tolleranza al rischio, invece, l\u2019utilizzo della leva finanziaria pu\u00f2 rappresentare uno strumento utile per <strong>sfruttare le fluttuazioni del mercato delle criptovalute<\/strong>, a patto, per\u00f2, di farlo in modo adeguato.<\/p>\n\n\n\n<p>Visita l\u2019<a href=\"https:\/\/www.etoro.com\/academy\/\">Academy di eToro<\/a> per saperne di pi\u00f9 su <strong>come fare trading con la leva<\/strong> <strong>finanziaria e con il margine<\/strong> correttamente.<\/p>\n\n\n\n<h2 class=\"wp-block-heading\">Domande frequenti<\/h2>\n\n\n\n<dl class=\"wp-block-etoro-faq\">\n<div class=\"wp-block-etoro-faq-item\"><dt class=\"wp-block-etoro-faq-item-question\">Quali criptovalute sono pi\u00f9 comunemente scambiate con leva finanziaria?<\/dt><dd class=\"wp-block-etoro-faq-item-answer\">\n<p>La leva finanziaria viene usata, principalmente, quando si negoziano criptovalute con un\u2019elevata capitalizzazione di mercato come <a href=\"https:\/\/www.etoro.com\/it\/crypto\/what-is-bitcoin\/\">Bitcoin<\/a> o Ethereum. Pur avendo una notevole volatilit\u00e0, infatti, queste criptovalute hanno una liquidit\u00e0 di mercato maggiore rispetto ad altre valute digitali, il che le rende pi\u00f9 adatte all\u2019uso della leva.<br><\/p>\n<\/dd><\/div>\n\n\n\n<div class=\"wp-block-etoro-faq-item\"><dt class=\"wp-block-etoro-faq-item-question\">Posso perdere pi\u00f9 del mio investimento iniziale?<\/dt><dd class=\"wp-block-etoro-faq-item-answer\">\n<p>In alcuni casi s\u00ec. Se apri una posizione short e il prezzo della criptovaluta aumenta, puoi perdere pi\u00f9 denaro di quanto inizialmente depositato. Nel caso in cui i fondi sul tuo conto dovessero esaurirsi, il tuo broker pu\u00f2 effettuare una richiesta di margine richiedendo un deposito aggiuntivo. eToro ha una politica di <a href=\"https:\/\/help.etoro.com\/s\/article\/what-is-negative-balance-protection?language=it\">protezione del saldo negativo<\/a> grazie a cui non potrai mai perdere pi\u00f9 denaro di quanto hai versato sul tuo conto.<\/p>\n<\/dd><\/div>\n\n\n\n<div class=\"wp-block-etoro-faq-item\"><dt class=\"wp-block-etoro-faq-item-question\">Cos&#8217;\u00e8 la liquidazione nel trading con leva finanziaria?<\/dt><dd class=\"wp-block-etoro-faq-item-answer\">\n<p>Nel trading con leva, la \u201cliquidazione\u201d rappresenta il processo mediante cui il tuo broker chiude automaticamente la tua posizione al fine di prevenire ulteriori perdite. Di solito, si verifica nel caso di operazioni in cui il valore della posizione scende al punto da minacciare i requisiti di margine. Uno strumento molto utile per prevenire tale rischio \u00e8 lo <a href=\"https:\/\/help.etoro.com\/s\/article\/what-is-stop-loss?language=it\">Stop-Loss<\/a>.&nbsp;<br><\/p>\n<\/dd><\/div>\n<\/dl>\n\n\n\n<p class=\"has-text-align-center is-style-disclaimer\">Questa comunicazione ha solo scopo informativo ed educativo e non dovrebbe essere considerata come consiglio di investimento, raccomandazione personale, o un&#8217;offerta di, o sollecitazione all&#8217;acquisto o vendita, di qualsiasi strumento finanziario. Questo materiale \u00e8 stato preparato senza tenere conto degli obiettivi di investimento o della situazione finanziaria del destinatario, e non \u00e8 stato preparato in conformit\u00e0 con i requisiti legali e normativi, al fine di promuovere la ricerca indipendente. Eventuali riferimenti alle prestazioni passate o future di uno strumento finanziario, indice o qualsiasi altro prodotto d&#8217;investimento non sono e non devono essere considerati come un indicatore affidabile dei risultati futuri. eToro non fa alcuna rappresentazione e non assume alcuna responsabilit\u00e0 per l&#8217;accuratezza o la completezza del contenuto di questa pubblicazione.<\/p>\n","protected":false},"excerpt":{"rendered":"<p>La leva e il margine possono essere due strumenti utili per chi desidera operare nel mercato delle criptovalute. Sono, per\u00f2, strumenti rischiosi, adatti prevalentemente a investitori esperti. Continua a leggere questa guida per usare correttamente la leva e il margine quando negozi le criptovalute. La leva finanziaria e il margine permettono di investire nel mercato&hellip;<\/p>\n","protected":false},"author":96,"featured_media":841331,"parent":128167,"menu_order":0,"comment_status":"closed","ping_status":"closed","template":"","meta":{"_acf_changed":true,"inline_featured_image":false,"sticky_cta_settings":"","footnotes":""},"asset_type":[6602],"class_list":["post-841308","page","type-page","status-publish","has-post-thumbnail","hentry","asset_type-is-crypto"],"acf":[],"yoast_head":"<title>Trading di criptovalute con leva e margine | eToro<\/title>\n<meta name=\"description\" content=\"Guida all\u2019uso della leva e del margine nel trading di criptovalute. Scopri come applicare la leva finanziaria e il margine quando fai trading di cripto.\" \/>\n<meta name=\"robots\" content=\"index, follow, max-snippet:-1, max-image-preview:large, max-video-preview:-1\" \/>\n<link rel=\"canonical\" href=\"https:\/\/www.etoro.com\/it\/wp-json\/wp\/v2\/pages\/841308\" \/>\n<meta property=\"og:locale\" content=\"it_IT\" \/>\n<meta property=\"og:type\" content=\"article\" \/>\n<meta property=\"og:title\" content=\"Trading di criptovalute con leva e margine | eToro\" \/>\n<meta property=\"og:description\" content=\"Guida all\u2019uso della leva e del margine nel trading di criptovalute. Scopri come applicare la leva finanziaria e il margine quando fai trading di cripto.\" \/>\n<meta property=\"og:url\" content=\"https:\/\/www.etoro.com\/it\/wp-json\/wp\/v2\/pages\/841308\" \/>\n<meta property=\"og:site_name\" content=\"eToro\" \/>\n<meta property=\"article:publisher\" content=\"https:\/\/www.facebook.com\/eToro\/\" \/>\n<meta property=\"article:modified_time\" content=\"2025-04-23T10:57:02+00:00\" \/>\n<meta property=\"og:image\" content=\"https:\/\/www.etoro.com\/wp-content\/uploads\/2024\/01\/Getting-Started-with-Leverage-Margin-Trading-Cryptocurrency_Social-Image-IT.png\" \/>\n\t<meta property=\"og:image:width\" content=\"1200\" \/>\n\t<meta property=\"og:image:height\" content=\"630\" \/>\n\t<meta property=\"og:image:type\" content=\"image\/png\" \/>\n<meta name=\"twitter:card\" content=\"summary_large_image\" \/>\n<meta name=\"twitter:site\" content=\"@eToro\" \/>\n<meta name=\"twitter:label1\" content=\"Est. reading time\" \/>\n\t<meta name=\"twitter:data1\" content=\"6 minutes\" \/>\n<script type=\"application\/ld+json\" class=\"yoast-schema-graph\">{\"@context\":\"https:\/\/schema.org\",\"@graph\":[{\"@type\":\"WebPage\",\"@id\":\"https:\/\/www.etoro.com\/it\/crypto\/crypto-leverage-and-margin\/\",\"url\":\"https:\/\/www.etoro.com\/it\/crypto\/crypto-leverage-and-margin\/\",\"name\":\"Trading di criptovalute con leva e margine | eToro\",\"isPartOf\":{\"@id\":\"https:\/\/www.etoro.com\/it\/#website\"},\"primaryImageOfPage\":{\"@id\":\"https:\/\/www.etoro.com\/it\/crypto\/crypto-leverage-and-margin\/#primaryimage\"},\"image\":{\"@id\":\"https:\/\/www.etoro.com\/it\/crypto\/crypto-leverage-and-margin\/#primaryimage\"},\"thumbnailUrl\":\"https:\/\/www.etoro.com\/wp-content\/uploads\/2024\/01\/Getting-Started-with-Leverage-Margin-Trading-Cryptocurrency_Social-Image-IT.png\",\"datePublished\":\"2024-02-12T14:22:07+00:00\",\"dateModified\":\"2025-04-23T10:57:02+00:00\",\"description\":\"Guida all\u2019uso della leva e del margine nel trading di criptovalute. Scopri come applicare la leva finanziaria e il margine quando fai trading di cripto.\",\"breadcrumb\":{\"@id\":\"https:\/\/www.etoro.com\/it\/crypto\/crypto-leverage-and-margin\/#breadcrumb\"},\"inLanguage\":\"it\",\"potentialAction\":[{\"@type\":\"ReadAction\",\"target\":[\"https:\/\/www.etoro.com\/it\/crypto\/crypto-leverage-and-margin\/\"]}]},{\"@type\":\"ImageObject\",\"inLanguage\":\"it\",\"@id\":\"https:\/\/www.etoro.com\/it\/crypto\/crypto-leverage-and-margin\/#primaryimage\",\"url\":\"https:\/\/www.etoro.com\/wp-content\/uploads\/2024\/01\/Getting-Started-with-Leverage-Margin-Trading-Cryptocurrency_Social-Image-IT.png\",\"contentUrl\":\"https:\/\/www.etoro.com\/wp-content\/uploads\/2024\/01\/Getting-Started-with-Leverage-Margin-Trading-Cryptocurrency_Social-Image-IT.png\",\"width\":1200,\"height\":630},{\"@type\":\"BreadcrumbList\",\"@id\":\"https:\/\/www.etoro.com\/it\/crypto\/crypto-leverage-and-margin\/#breadcrumb\",\"itemListElement\":[{\"@type\":\"ListItem\",\"position\":1,\"name\":\"Home\",\"item\":\"https:\/\/www.etoro.com\/it\/\"},{\"@type\":\"ListItem\",\"position\":2,\"name\":\"One-stop crypto\",\"item\":\"https:\/\/www.etoro.com\/it\/crypto\/\"},{\"@type\":\"ListItem\",\"position\":3,\"name\":\"Leva e margine nel trading di cripto\"}]},{\"@type\":\"WebSite\",\"@id\":\"https:\/\/www.etoro.com\/it\/#website\",\"url\":\"https:\/\/www.etoro.com\/it\/\",\"name\":\"eToro\",\"description\":\"\",\"publisher\":{\"@id\":\"https:\/\/www.etoro.com\/it\/#organization\"},\"potentialAction\":[{\"@type\":\"SearchAction\",\"target\":{\"@type\":\"EntryPoint\",\"urlTemplate\":\"https:\/\/www.etoro.com\/it\/?s={search_term_string}\"},\"query-input\":{\"@type\":\"PropertyValueSpecification\",\"valueRequired\":true,\"valueName\":\"search_term_string\"}}],\"inLanguage\":\"it\"},[]]}<\/script>","yoast_head_json":{"title":"Trading di criptovalute con leva e margine | eToro","description":"Guida all\u2019uso della leva e del margine nel trading di criptovalute. Scopri come applicare la leva finanziaria e il margine quando fai trading di cripto.","robots":{"index":"index","follow":"follow","max-snippet":"max-snippet:-1","max-image-preview":"max-image-preview:large","max-video-preview":"max-video-preview:-1"},"canonical":"https:\/\/www.etoro.com\/it\/wp-json\/wp\/v2\/pages\/841308","og_locale":"it_IT","og_type":"article","og_title":"Trading di criptovalute con leva e margine | eToro","og_description":"Guida all\u2019uso della leva e del margine nel trading di criptovalute. Scopri come applicare la leva finanziaria e il margine quando fai trading di cripto.","og_url":"https:\/\/www.etoro.com\/it\/wp-json\/wp\/v2\/pages\/841308","og_site_name":"eToro","article_publisher":"https:\/\/www.facebook.com\/eToro\/","article_modified_time":"2025-04-23T10:57:02+00:00","og_image":[{"width":1200,"height":630,"url":"https:\/\/www.etoro.com\/wp-content\/uploads\/2024\/01\/Getting-Started-with-Leverage-Margin-Trading-Cryptocurrency_Social-Image-IT.png","type":"image\/png"}],"twitter_card":"summary_large_image","twitter_site":"@eToro","twitter_misc":{"Est. reading time":"6 minutes"},"schema":{"@context":"https:\/\/schema.org","@graph":[{"@type":"WebPage","@id":"https:\/\/www.etoro.com\/it\/crypto\/crypto-leverage-and-margin\/","url":"https:\/\/www.etoro.com\/it\/crypto\/crypto-leverage-and-margin\/","name":"Trading di criptovalute con leva e margine | eToro","isPartOf":{"@id":"https:\/\/www.etoro.com\/it\/#website"},"primaryImageOfPage":{"@id":"https:\/\/www.etoro.com\/it\/crypto\/crypto-leverage-and-margin\/#primaryimage"},"image":{"@id":"https:\/\/www.etoro.com\/it\/crypto\/crypto-leverage-and-margin\/#primaryimage"},"thumbnailUrl":"https:\/\/www.etoro.com\/wp-content\/uploads\/2024\/01\/Getting-Started-with-Leverage-Margin-Trading-Cryptocurrency_Social-Image-IT.png","datePublished":"2024-02-12T14:22:07+00:00","dateModified":"2025-04-23T10:57:02+00:00","description":"Guida all\u2019uso della leva e del margine nel trading di criptovalute. Scopri come applicare la leva finanziaria e il margine quando fai trading di cripto.","breadcrumb":{"@id":"https:\/\/www.etoro.com\/it\/crypto\/crypto-leverage-and-margin\/#breadcrumb"},"inLanguage":"it","potentialAction":[{"@type":"ReadAction","target":["https:\/\/www.etoro.com\/it\/crypto\/crypto-leverage-and-margin\/"]}]},{"@type":"ImageObject","inLanguage":"it","@id":"https:\/\/www.etoro.com\/it\/crypto\/crypto-leverage-and-margin\/#primaryimage","url":"https:\/\/www.etoro.com\/wp-content\/uploads\/2024\/01\/Getting-Started-with-Leverage-Margin-Trading-Cryptocurrency_Social-Image-IT.png","contentUrl":"https:\/\/www.etoro.com\/wp-content\/uploads\/2024\/01\/Getting-Started-with-Leverage-Margin-Trading-Cryptocurrency_Social-Image-IT.png","width":1200,"height":630},{"@type":"BreadcrumbList","@id":"https:\/\/www.etoro.com\/it\/crypto\/crypto-leverage-and-margin\/#breadcrumb","itemListElement":[{"@type":"ListItem","position":1,"name":"Home","item":"https:\/\/www.etoro.com\/it\/"},{"@type":"ListItem","position":2,"name":"One-stop crypto","item":"https:\/\/www.etoro.com\/it\/crypto\/"},{"@type":"ListItem","position":3,"name":"Leva e margine nel trading di cripto"}]},{"@type":"WebSite","@id":"https:\/\/www.etoro.com\/it\/#website","url":"https:\/\/www.etoro.com\/it\/","name":"eToro","description":"","publisher":{"@id":"https:\/\/www.etoro.com\/it\/#organization"},"potentialAction":[{"@type":"SearchAction","target":{"@type":"EntryPoint","urlTemplate":"https:\/\/www.etoro.com\/it\/?s={search_term_string}"},"query-input":{"@type":"PropertyValueSpecification","valueRequired":true,"valueName":"search_term_string"}}],"inLanguage":"it"},[]]}},"_links":{"self":[{"href":"https:\/\/www.etoro.com\/it\/wp-json\/wp\/v2\/pages\/841308"}],"collection":[{"href":"https:\/\/www.etoro.com\/it\/wp-json\/wp\/v2\/pages"}],"about":[{"href":"https:\/\/www.etoro.com\/it\/wp-json\/wp\/v2\/types\/page"}],"author":[{"embeddable":true,"href":"https:\/\/www.etoro.com\/it\/wp-json\/wp\/v2\/users\/96"}],"replies":[{"embeddable":true,"href":"https:\/\/www.etoro.com\/it\/wp-json\/wp\/v2\/comments?post=841308"}],"version-history":[{"count":0,"href":"https:\/\/www.etoro.com\/it\/wp-json\/wp\/v2\/pages\/841308\/revisions"}],"up":[{"embeddable":true,"href":"https:\/\/www.etoro.com\/it\/wp-json\/wp\/v2\/pages\/128167"}],"wp:featuredmedia":[{"embeddable":true,"href":"https:\/\/www.etoro.com\/it\/wp-json\/wp\/v2\/media\/841331"}],"wp:attachment":[{"href":"https:\/\/www.etoro.com\/it\/wp-json\/wp\/v2\/media?parent=841308"}],"wp:term":[{"taxonomy":"asset_type","embeddable":true,"href":"https:\/\/www.etoro.com\/it\/wp-json\/wp\/v2\/asset_type?post=841308"}],"curies":[{"name":"wp","href":"https:\/\/api.w.org\/{rel}","templated":true}]}}