{"id":861512,"date":"2024-03-20T15:52:22","date_gmt":"2024-03-20T13:52:22","guid":{"rendered":"https:\/\/www.etoro.com\/investing\/sp-500-investing-strategies\/"},"modified":"2025-04-29T11:51:02","modified_gmt":"2025-04-29T08:51:02","slug":"sp-500-investing-strategies","status":"publish","type":"page","link":"https:\/\/www.etoro.com\/it\/investing\/sp-500-investing-strategies\/","title":{"rendered":"Investimenti a Lungo Termine nell&#8217;S&#038;P 500"},"content":{"rendered":"\n<p class=\"is-style-summary\">Proseguendo dalla nostra guida iniziale sull&#8217;S&amp;P 500, approfondiamo l\u2019argomento dell&#8217;investimento a lungo termine e di come puoi sfruttarlo per migliorare potenzialmente le tue performance con questo indice.<\/p>\n\n\n\n<hr class=\"wp-block-separator wp-block-separator-color-dark-grey wp-block-separator-spaces-medium wp-block-separator-weight-1\"\/>\n\n\n\n<p class=\"is-style-default\">L\u2019S&amp;P 500, l\u2019indice che raggruppa le prime 500 aziende del mercato statunitense, \u00e8 molto noto agli investitori che operano con un orizzonte temporale di lungo periodo. In questo articolo spiegheremo i motivi della sua popolarit\u00e0.<\/p>\n\n\n\n<h2 class=\"wp-block-heading\">La forza dell\u2019investimento a lungo termine nell&#8217;S&amp;P 500<\/h2>\n\n\n\n<p>Le performance storiche dell&#8217;<a href=\"https:\/\/www.etoro.com\/it\/investing\/sp-500-explained\/\">S&amp;P 500<\/a> dimostrano la potenzialit\u00e0 dell&#8217;investimento a lungo termine. Mantenendo capitali investiti nel seguente indice per periodi estesi, i risparmiatori possono avere maggiori possibilit\u00e0 di raccogliere i frutti di una crescita costante e degli interessi composti.<\/p>\n\n\n\n<p>Come dimostrato nel nostro grafico della performance complessiva a 20 anni dell&#8217;S&amp;P 500, l&#8217;indice ha prodotto rendimenti annuali medi del 10,13%. Questa solida crescita \u00e8 una testimonianza della resilienza e del potenziale dell&#8217;economia globale nel tempo.<\/p>\n\n\n\n<figure class=\"wp-block-image size-full\"><img loading=\"lazy\" decoding=\"async\" width=\"756\" height=\"400\" src=\"https:\/\/www.etoro.com\/wp-content\/uploads\/2024\/03\/Graph-2.png\" alt=\"\" class=\"wp-image-861369 wp-image-desktop\" srcset=\"https:\/\/www.etoro.com\/wp-content\/uploads\/2024\/03\/Graph-2.png 756w, https:\/\/www.etoro.com\/wp-content\/uploads\/2024\/03\/Graph-2-300x159.png 300w\" sizes=\"(max-width: 756px) 100vw, 756px\" \/><\/figure>\n\n\n\n<h2 class=\"wp-block-heading\">Consigli per investire a lungo termine nell&#8217;S&amp;P 500<\/h2>\n\n\n\n<p>I tre consigli principali per investire a lungo termine nell\u2019S&amp;P 500 sono pazienza, coerenza e diversificazione. Scopriamoli nel dettaglio e vediamo le caratteristiche di ognuno.<\/p>\n\n\n\n<ol class=\"wp-block-list wp-block-list\">\n<li><strong>&nbsp;La pazienza pu\u00f2 essere redditizia:<\/strong> l&#8217;investimento a lungo termine richiede pazienza. La storia dell&#8217;S&amp;P 500 mostra che, nonostante le fluttuazioni a breve termine, investire nel lungo periodo porta tipicamente a rendimenti favorevoli.<\/li>\n\n\n\n<li><strong>Costanza piuttosto che tempismo:<\/strong> contributi regolari ai tuoi investimenti nell&#8217;S&amp;P 500, invece di cercare di avere il giusto timing sul mercato, possono portare a guadagni significativi nel tempo grazie all&#8217;averaging del costo della tua posizione.<\/li>\n\n\n\n<li><a href=\"https:\/\/www.etoro.com\/it\/investing\/how-to-build-a-diversified-portfolio\/#:~:text=Diversification%20can%20involve%20including%20a,is%20another%20form%20of%20diversification\"><strong>Diversificazione<\/strong><\/a><strong> all&#8217;interno dell&#8217;indice:<\/strong> sebbene l&#8217;indice S&amp;P 500 offra di per s\u00e9 una diversificazione, considera di variare i tuoi investimenti all&#8217;interno dell&#8217;indice per mitigare i rischi <a href=\"https:\/\/www.etoro.com\/it\/investing\/economic-cycle\/\">specifici di settore<\/a>. Ad esempio, si pu\u00f2 investire in fondi focalizzati sui settori dell&#8217;S&amp;P 500 come tecnologia, sanit\u00e0 e finanza.<\/li>\n<\/ol>\n\n\n\n<h2 class=\"wp-block-heading\">Comprendere l&#8217;orizzonte a lungo termine<\/h2>\n\n\n\n<p>Investire a lungo termine nell&#8217;S&amp;P 500 non significa solo sopportare alti e bassi. \u00c8 necessario comprendere e sfruttare la <a href=\"https:\/\/www.etoro.com\/it\/investing\/market-and-economic-cycles\/\">natura ciclica dei mercati<\/a> per ottenere guadagni duraturi. Tale approccio si sposa benissimo con lo scopo dell&#8217;indice, che riflette sulle tendenze di mercato globali nel tempo e le capitalizza.<\/p>\n\n\n\n<h2 class=\"wp-block-heading\">Il ruolo dell&#8217;S&amp;P 500 in un portafoglio diversificato<\/h2>\n\n\n\n<p>Incorporare l&#8217;S&amp;P 500 in un <a href=\"https:\/\/www.etoro.com\/it\/investing\/how-to-build-a-diversified-portfolio\/\">portafoglio diversificato<\/a> offre un forte potenziale per la crescita a lungo termine, ma \u00e8 fondamentale completarlo con altri tipi di investimento per adattarsi al tuo <a href=\"https:\/\/www.etoro.com\/it\/investing\/risk-management\/\">profilo di rischio<\/a> e agli obiettivi finanziari. Ci\u00f2 assicura una strategia di investimento a 360 gradi.<\/p>\n\n\n\n<h2 class=\"wp-block-heading\">Considerazioni finali<\/h2>\n\n\n\n<p>L&#8217;S&amp;P 500 \u00e8 degno di considerazione per gli investitori a lungo termine, offrendo una mix di stabilit\u00e0, diversificazione e potenziale di crescita. I suoi risultati negli ultimi decenni sottolineano i benefici di una <a href=\"https:\/\/www.etoro.com\/it\/investing\/investment-strategies\/\">strategia di investimento<\/a> paziente e costante. Come visto, l&#8217;S&amp;P 500 \u00e8 pi\u00f9 di un semplice indice. \u00c8 un percorso per raggiungere potenzialmente obiettivi di investimento a lungo termine stabili.<\/p>\n\n\n\n<p>Visita <a href=\"https:\/\/www.etoro.com\/it\/academy\/\">l&#8217;Academy di eToro<\/a> per approfondire la tua comprensione delle strategie di investimento a lungo termine.<\/p>\n\n\n\n<h2 class=\"wp-block-heading\">Domande frequenti<\/h2>\n\n\n\n<dl class=\"wp-block-etoro-faq\">\n<div class=\"wp-block-etoro-faq-item\"><dt class=\"wp-block-etoro-faq-item-question\">Come influenzano i diversi cicli economici le performance dell&#8217;S&amp;P 500 nel lungo termine?<\/dt><dd class=\"wp-block-etoro-faq-item-answer\">\n<p>I <a href=\"https:\/\/www.etoro.com\/it\/investing\/economic-cycle\/\">cicli economici<\/a>, inclusi i periodi di espansione, recessione e i <a href=\"https:\/\/www.bancaditalia.it\/statistiche\/tematiche\/moneta-intermediari-finanza\/tassi-interesse\/index.html\" target=\"_blank\" rel=\"noreferrer noopener\">tassi di interesse<\/a>, possono avere un impatto significativo sull&#8217;S&amp;P 500. Storicamente, l&#8217;indice ha mostrato resilienza, riprendendosi dai periodi di calo per conseguire crescita nel lungo termine, riflettendo la forza complessiva delle aziende diversificate al suo interno.<\/p>\n<\/dd><\/div>\n\n\n\n<div class=\"wp-block-etoro-faq-item\"><dt class=\"wp-block-etoro-faq-item-question\">Come vengono influenzati gli investimenti a lungo termine nell&#8217;S&amp;P 500 dall&#8217;inflazione e dai cambiamenti nei tassi di interesse?<\/dt><dd class=\"wp-block-etoro-faq-item-answer\">\n<p>L&#8217;<a href=\"https:\/\/www.ecb.europa.eu\/ecb\/educational\/explainers\/tell-me-more\/html\/what_is_inflation.it.html\" target=\"_blank\" rel=\"noreferrer noopener\">inflazione<\/a> e i tassi di interesse possono influenzare l&#8217;S&amp;P 500. Tipicamente, un&#8217;alta inflazione o tassi di interesse in crescita possono portare a cali a breve termine. Tuttavia, nel lungo termine, l&#8217;indice ha mostrato la capacit\u00e0 di adeguarsi e continuare la sua traiettoria di crescita.<\/p>\n<\/dd><\/div>\n\n\n\n<div class=\"wp-block-etoro-faq-item\"><dt class=\"wp-block-etoro-faq-item-question\">C&#8217;\u00e8 un momento ottimale o una condizione di mercato ideale per aprire una posizione di investimento a lungo termine nell&#8217;S&amp;P 500?<\/dt><dd class=\"wp-block-etoro-faq-item-answer\">\n<p>Anche se prevedere il mercato \u00e8 difficile, per investire a lungo termine \u00e8 pi\u00f9 importante la partecipazione costante rispetto a trovare il momento perfetto. Iniziare a investire e continuare regolarmente, indipendentemente dalle <a href=\"https:\/\/www.etoro.com\/it\/investing\/regional-characteristics-of-macroeconomics\/\">condizioni di mercato<\/a>, spesso produce i migliori risultati a lungo termine.<\/p>\n<\/dd><\/div>\n<\/dl>\n\n\n\n\t\t<style>\n\t\t\t.rtl .etoro-block-shortcode-disclaimer {\n\t\t\t\ttext-align:right;\n\t\t\t}\n\t\t\t.etoro-block-shortcode-disclaimer {\n\t\t\t\tmargin-bottom:18px;\n\t\t\t\ttext-align:left;\n\t\t\t}\n\t\t\t.etoro-block-shortcode-disclaimer p{\n\t\t\t\tfont-size: 12px;\n\t\t\t\tline-height: 18px;\n\t\t\t}\n\t\t\t@media (min-width: 768px) {\n\t\t\t\t.etoro-block-shortcode-disclaimer {\n\t\t\t\t\tmax-width:1176px;\n\t\t\t\t\ttext-align:center;\n\t\t\t\t}\n\t\t\t\t.etoro-block-shortcode-disclaimer p {\n\t\t\t\t\tfont-size: 14px;\n\t\t\t\t\tline-height: 20px;\n\t\t\t\t}\n\t\t\t}\n\t\t<\/style>\n\t\t<div class='etoro-block-shortcode-disclaimer'><p>Le presenti informazioni vengono fornite al solo scopo educativo e non rappresentano consigli d\u2019investimento o suggerimenti personali. Tali informazioni non devono quindi essere interpretate come offerte o solleciti di compravendita di strumenti finanziari.<\/p>\n<p>Il materiale \u00e8 stato preparato senza tener conto di precisi obiettivi d\u2019investimento o specifiche situazioni finanziarie e non soddisfa pertanto i criteri legali e legislativi previsti per la promozione di ricerche indipendenti.<\/p>\n<p><strong>Non tutti gli strumenti finanziari e i servizi cui viene fatto riferimento sono offerti da eToro<\/strong> e qualsiasi riferimento alle prestazioni passate di uno specifico strumento, indice o prodotto d\u2019investimento preassemblato non rappresenta n\u00e9 deve essere interpretato come un indicatore affidabile di possibili prestazioni future. <strong>La disponibilit\u00e0 di tutti i prodotti e servizi sopra menzionati pu\u00f2 variare a seconda della giurisdizione e del Paese.<\/strong><\/p>\n<p>eToro non offre alcuna garanzia n\u00e9 si assume la responsabilit\u00e0 in merito all\u2019accuratezza o alla completezza del contenuto esposto nella presente guida. Il lettore deve garantire di aver compreso appieno i rischi comportati dal trading prima di impegnare capitale. Si sconsiglia di mettere a rischio pi\u00f9 denaro di quanto non se ne possa perdere.<\/p>\n<\/div>\n","protected":false},"excerpt":{"rendered":"<p>Proseguendo dalla nostra guida iniziale sull&#8217;S&amp;P 500, approfondiamo l\u2019argomento dell&#8217;investimento a lungo termine e di come puoi sfruttarlo per migliorare potenzialmente le tue performance con questo indice. L\u2019S&amp;P 500, l\u2019indice che raggruppa le prime 500 aziende del mercato statunitense, \u00e8 molto noto agli investitori che operano con un orizzonte temporale di lungo periodo. In questo&hellip;<\/p>\n","protected":false},"author":96,"featured_media":861579,"parent":19765,"menu_order":0,"comment_status":"closed","ping_status":"closed","template":"","meta":{"_acf_changed":false,"inline_featured_image":false,"sticky_cta_settings":"","footnotes":""},"asset_type":[6601],"class_list":["post-861512","page","type-page","status-publish","has-post-thumbnail","hentry","asset_type-is-cfd"],"acf":[],"yoast_head":"<title>Strategie di investimento nell\u2019S&amp;P 500 | eToro<\/title>\n<meta name=\"description\" content=\"Scopri i vantaggi dell\u2019investimento a lungo termine nell\u2019S&amp;P 500 con eToro. Apprendi le strategie chiave per ottenere successi duraturi sul mercato.\" \/>\n<meta name=\"robots\" content=\"index, follow, max-snippet:-1, max-image-preview:large, max-video-preview:-1\" \/>\n<link rel=\"canonical\" href=\"https:\/\/www.etoro.com\/it\/wp-json\/wp\/v2\/pages\/861512\" \/>\n<meta property=\"og:locale\" content=\"it_IT\" \/>\n<meta property=\"og:type\" content=\"article\" \/>\n<meta property=\"og:title\" content=\"Strategie di investimento nell\u2019S&amp;P 500 | eToro\" \/>\n<meta property=\"og:description\" content=\"Scopri i vantaggi dell\u2019investimento a lungo termine nell\u2019S&amp;P 500 con eToro. Apprendi le strategie chiave per ottenere successi duraturi sul mercato.\" \/>\n<meta property=\"og:url\" content=\"https:\/\/www.etoro.com\/it\/wp-json\/wp\/v2\/pages\/861512\" \/>\n<meta property=\"og:site_name\" content=\"eToro\" \/>\n<meta property=\"article:publisher\" content=\"https:\/\/www.facebook.com\/eToro\/\" \/>\n<meta property=\"article:modified_time\" content=\"2025-04-29T08:51:02+00:00\" \/>\n<meta property=\"og:image\" content=\"https:\/\/www.etoro.com\/wp-content\/uploads\/2024\/03\/IT-SP-500-Article-2_Featured-image.png\" \/>\n\t<meta property=\"og:image:width\" content=\"1200\" \/>\n\t<meta property=\"og:image:height\" content=\"630\" \/>\n\t<meta property=\"og:image:type\" content=\"image\/png\" \/>\n<meta name=\"twitter:card\" content=\"summary_large_image\" \/>\n<meta name=\"twitter:site\" content=\"@eToro\" \/>\n<meta name=\"twitter:label1\" content=\"Est. reading time\" \/>\n\t<meta name=\"twitter:data1\" content=\"3 minutes\" \/>\n<script type=\"application\/ld+json\" class=\"yoast-schema-graph\">{\"@context\":\"https:\/\/schema.org\",\"@graph\":[{\"@type\":\"WebPage\",\"@id\":\"https:\/\/www.etoro.com\/it\/investing\/sp-500-investing-strategies\/\",\"url\":\"https:\/\/www.etoro.com\/it\/investing\/sp-500-investing-strategies\/\",\"name\":\"Strategie di investimento nell\u2019S&P 500 | eToro\",\"isPartOf\":{\"@id\":\"https:\/\/www.etoro.com\/it\/#website\"},\"primaryImageOfPage\":{\"@id\":\"https:\/\/www.etoro.com\/it\/investing\/sp-500-investing-strategies\/#primaryimage\"},\"image\":{\"@id\":\"https:\/\/www.etoro.com\/it\/investing\/sp-500-investing-strategies\/#primaryimage\"},\"thumbnailUrl\":\"https:\/\/www.etoro.com\/wp-content\/uploads\/2024\/03\/IT-SP-500-Article-2_Featured-image.png\",\"datePublished\":\"2024-03-20T13:52:22+00:00\",\"dateModified\":\"2025-04-29T08:51:02+00:00\",\"description\":\"Scopri i vantaggi dell\u2019investimento a lungo termine nell\u2019S&P 500 con eToro. Apprendi le strategie chiave per ottenere successi duraturi sul mercato.\",\"breadcrumb\":{\"@id\":\"https:\/\/www.etoro.com\/it\/investing\/sp-500-investing-strategies\/#breadcrumb\"},\"inLanguage\":\"it\",\"potentialAction\":[{\"@type\":\"ReadAction\",\"target\":[\"https:\/\/www.etoro.com\/it\/investing\/sp-500-investing-strategies\/\"]}]},{\"@type\":\"ImageObject\",\"inLanguage\":\"it\",\"@id\":\"https:\/\/www.etoro.com\/it\/investing\/sp-500-investing-strategies\/#primaryimage\",\"url\":\"https:\/\/www.etoro.com\/wp-content\/uploads\/2024\/03\/IT-SP-500-Article-2_Featured-image.png\",\"contentUrl\":\"https:\/\/www.etoro.com\/wp-content\/uploads\/2024\/03\/IT-SP-500-Article-2_Featured-image.png\",\"width\":1200,\"height\":630},{\"@type\":\"BreadcrumbList\",\"@id\":\"https:\/\/www.etoro.com\/it\/investing\/sp-500-investing-strategies\/#breadcrumb\",\"itemListElement\":[{\"@type\":\"ListItem\",\"position\":1,\"name\":\"Home\",\"item\":\"https:\/\/www.etoro.com\/it\/\"},{\"@type\":\"ListItem\",\"position\":2,\"name\":\"Investire\",\"item\":\"https:\/\/www.etoro.com\/it\/investing\/\"},{\"@type\":\"ListItem\",\"position\":3,\"name\":\"Investimenti a Lungo Termine nell&#8217;S&#038;P 500\"}]},{\"@type\":\"WebSite\",\"@id\":\"https:\/\/www.etoro.com\/it\/#website\",\"url\":\"https:\/\/www.etoro.com\/it\/\",\"name\":\"eToro\",\"description\":\"\",\"publisher\":{\"@id\":\"https:\/\/www.etoro.com\/it\/#organization\"},\"potentialAction\":[{\"@type\":\"SearchAction\",\"target\":{\"@type\":\"EntryPoint\",\"urlTemplate\":\"https:\/\/www.etoro.com\/it\/?s={search_term_string}\"},\"query-input\":{\"@type\":\"PropertyValueSpecification\",\"valueRequired\":true,\"valueName\":\"search_term_string\"}}],\"inLanguage\":\"it\"},[]]}<\/script>","yoast_head_json":{"title":"Strategie di investimento nell\u2019S&P 500 | eToro","description":"Scopri i vantaggi dell\u2019investimento a lungo termine nell\u2019S&P 500 con eToro. Apprendi le strategie chiave per ottenere successi duraturi sul mercato.","robots":{"index":"index","follow":"follow","max-snippet":"max-snippet:-1","max-image-preview":"max-image-preview:large","max-video-preview":"max-video-preview:-1"},"canonical":"https:\/\/www.etoro.com\/it\/wp-json\/wp\/v2\/pages\/861512","og_locale":"it_IT","og_type":"article","og_title":"Strategie di investimento nell\u2019S&P 500 | eToro","og_description":"Scopri i vantaggi dell\u2019investimento a lungo termine nell\u2019S&P 500 con eToro. Apprendi le strategie chiave per ottenere successi duraturi sul mercato.","og_url":"https:\/\/www.etoro.com\/it\/wp-json\/wp\/v2\/pages\/861512","og_site_name":"eToro","article_publisher":"https:\/\/www.facebook.com\/eToro\/","article_modified_time":"2025-04-29T08:51:02+00:00","og_image":[{"width":1200,"height":630,"url":"https:\/\/www.etoro.com\/wp-content\/uploads\/2024\/03\/IT-SP-500-Article-2_Featured-image.png","type":"image\/png"}],"twitter_card":"summary_large_image","twitter_site":"@eToro","twitter_misc":{"Est. reading time":"3 minutes"},"schema":{"@context":"https:\/\/schema.org","@graph":[{"@type":"WebPage","@id":"https:\/\/www.etoro.com\/it\/investing\/sp-500-investing-strategies\/","url":"https:\/\/www.etoro.com\/it\/investing\/sp-500-investing-strategies\/","name":"Strategie di investimento nell\u2019S&P 500 | eToro","isPartOf":{"@id":"https:\/\/www.etoro.com\/it\/#website"},"primaryImageOfPage":{"@id":"https:\/\/www.etoro.com\/it\/investing\/sp-500-investing-strategies\/#primaryimage"},"image":{"@id":"https:\/\/www.etoro.com\/it\/investing\/sp-500-investing-strategies\/#primaryimage"},"thumbnailUrl":"https:\/\/www.etoro.com\/wp-content\/uploads\/2024\/03\/IT-SP-500-Article-2_Featured-image.png","datePublished":"2024-03-20T13:52:22+00:00","dateModified":"2025-04-29T08:51:02+00:00","description":"Scopri i vantaggi dell\u2019investimento a lungo termine nell\u2019S&P 500 con eToro. Apprendi le strategie chiave per ottenere successi duraturi sul mercato.","breadcrumb":{"@id":"https:\/\/www.etoro.com\/it\/investing\/sp-500-investing-strategies\/#breadcrumb"},"inLanguage":"it","potentialAction":[{"@type":"ReadAction","target":["https:\/\/www.etoro.com\/it\/investing\/sp-500-investing-strategies\/"]}]},{"@type":"ImageObject","inLanguage":"it","@id":"https:\/\/www.etoro.com\/it\/investing\/sp-500-investing-strategies\/#primaryimage","url":"https:\/\/www.etoro.com\/wp-content\/uploads\/2024\/03\/IT-SP-500-Article-2_Featured-image.png","contentUrl":"https:\/\/www.etoro.com\/wp-content\/uploads\/2024\/03\/IT-SP-500-Article-2_Featured-image.png","width":1200,"height":630},{"@type":"BreadcrumbList","@id":"https:\/\/www.etoro.com\/it\/investing\/sp-500-investing-strategies\/#breadcrumb","itemListElement":[{"@type":"ListItem","position":1,"name":"Home","item":"https:\/\/www.etoro.com\/it\/"},{"@type":"ListItem","position":2,"name":"Investire","item":"https:\/\/www.etoro.com\/it\/investing\/"},{"@type":"ListItem","position":3,"name":"Investimenti a Lungo Termine nell&#8217;S&#038;P 500"}]},{"@type":"WebSite","@id":"https:\/\/www.etoro.com\/it\/#website","url":"https:\/\/www.etoro.com\/it\/","name":"eToro","description":"","publisher":{"@id":"https:\/\/www.etoro.com\/it\/#organization"},"potentialAction":[{"@type":"SearchAction","target":{"@type":"EntryPoint","urlTemplate":"https:\/\/www.etoro.com\/it\/?s={search_term_string}"},"query-input":{"@type":"PropertyValueSpecification","valueRequired":true,"valueName":"search_term_string"}}],"inLanguage":"it"},[]]}},"_links":{"self":[{"href":"https:\/\/www.etoro.com\/it\/wp-json\/wp\/v2\/pages\/861512"}],"collection":[{"href":"https:\/\/www.etoro.com\/it\/wp-json\/wp\/v2\/pages"}],"about":[{"href":"https:\/\/www.etoro.com\/it\/wp-json\/wp\/v2\/types\/page"}],"author":[{"embeddable":true,"href":"https:\/\/www.etoro.com\/it\/wp-json\/wp\/v2\/users\/96"}],"replies":[{"embeddable":true,"href":"https:\/\/www.etoro.com\/it\/wp-json\/wp\/v2\/comments?post=861512"}],"version-history":[{"count":0,"href":"https:\/\/www.etoro.com\/it\/wp-json\/wp\/v2\/pages\/861512\/revisions"}],"up":[{"embeddable":true,"href":"https:\/\/www.etoro.com\/it\/wp-json\/wp\/v2\/pages\/19765"}],"wp:featuredmedia":[{"embeddable":true,"href":"https:\/\/www.etoro.com\/it\/wp-json\/wp\/v2\/media\/861579"}],"wp:attachment":[{"href":"https:\/\/www.etoro.com\/it\/wp-json\/wp\/v2\/media?parent=861512"}],"wp:term":[{"taxonomy":"asset_type","embeddable":true,"href":"https:\/\/www.etoro.com\/it\/wp-json\/wp\/v2\/asset_type?post=861512"}],"curies":[{"name":"wp","href":"https:\/\/api.w.org\/{rel}","templated":true}]}}