{"id":863195,"date":"2024-03-12T13:01:44","date_gmt":"2024-03-12T11:01:44","guid":{"rendered":"https:\/\/www.etoro.com\/investing\/build-a-watchlist\/"},"modified":"2024-07-30T11:55:38","modified_gmt":"2024-07-30T08:55:38","slug":"build-a-watchlist","status":"publish","type":"page","link":"https:\/\/www.etoro.com\/it\/investing\/build-a-watchlist\/","title":{"rendered":"Come creare una lista preferiti"},"content":{"rendered":"\n<p class=\"is-style-summary\">Una lista preferiti \u00e8 una selezione di asset che un investitore desidera tenere sotto controllo. Ci\u00f2 rende pi\u00f9 veloce e semplice il monitoraggio dei mercati e la gestione del portafoglio. In questo articolo esploreremo come costruire e utilizzare efficacemente una lista di preferiti come parte di una strategia di investimento.<\/p>\n\n\n\n<hr class=\"wp-block-separator wp-block-separator-color-dark-grey wp-block-separator-spaces-medium wp-block-separator-weight-1\"\/>\n\n\n\n<p>Una <a href=\"https:\/\/help.etoro.com\/s\/article\/how-do-i-manage-my-watchlist?language=it\">Lista Preferiti<\/a>, o watchlist, \u00e8 uno strumento imprescindibile per gli investitori che vogliono restare <strong>sempre aggiornati sugli asset<\/strong> che reputano di maggiore interesse. Vediamo come usarne una al meglio e quali sono le sue caratteristiche.<\/p>\n\n\n\n<figure class=\"wp-block-image size-full\"><img loading=\"lazy\" decoding=\"async\" width=\"756\" height=\"400\" src=\"https:\/\/www.etoro.com\/wp-content\/uploads\/2024\/03\/Body-Image-1_-What-is-a-watchlist.png\" alt=\"\" class=\"wp-image-857039 wp-image-desktop\" srcset=\"https:\/\/www.etoro.com\/wp-content\/uploads\/2024\/03\/Body-Image-1_-What-is-a-watchlist.png 756w, https:\/\/www.etoro.com\/wp-content\/uploads\/2024\/03\/Body-Image-1_-What-is-a-watchlist-300x159.png 300w\" sizes=\"(max-width: 756px) 100vw, 756px\" \/><\/figure>\n\n\n\n<h2 class=\"wp-block-heading\">Cos&#8217;\u00e8 una Lista Preferiti?<\/h2>\n\n\n\n<p>Una lista preferiti permette agli investitori di selezionare <strong>un insieme di asset da monitorare in una sola occhiata<\/strong>. Ci\u00f2 permette di minimizzare il tempo e lo sforzo necessari per cercare informazioni sui propri asset.<\/p>\n\n\n\n<p>Una lista personalizzata rende <strong>pi\u00f9 semplice per gli investitori identificare potenziali opportunit\u00e0 di mercato<\/strong>. Un focus specifico su un limitato gruppo di asset aiuta i trader a filtrare le notizie irrilevanti del resto del mercato. In questo modo, si possono valutare e confrontare meglio i beni per cui abbiamo maggiore interesse.<\/p>\n\n\n\n<h2 class=\"wp-block-heading\">Come costruire una Lista Preferiti efficace<\/h2>\n\n\n\n<p><mark>Una Lista Preferiti efficace dovrebbe offrire agli investitori accesso rapido e semplice a informazioni precise, pertinenti e ben focalizzate sui loro asset o su quelli che gli interessano.<\/mark><\/p>\n\n\n\n<h3 class=\"wp-block-heading\">Personalizza le categorie<\/h3>\n\n\n\n<p><strong>Creare diverse liste dei preferiti<\/strong> per differenti categorie di investimento o interesse pu\u00f2 essere una strategia utile per gli investitori. In particolare per coloro che cercano di monitorare vaste sezioni del mercato.<\/p>\n\n\n\n<p>Personalizzando queste categorie in linea con la propria strategia di investimento, un investitore pu\u00f2 <strong>monitorare come stanno performando diversi asset e settori<\/strong>, individualmente, complessivamente e rispetto gli uni agli altri.<\/p>\n\n\n\n<div class=\"wp-block-etoro-tip wp-block-etoro-tip-border-yellow\"><span class=\"wp-block-etoro-tip-icon\"><\/span><div class=\"wp-block-etoro-tip-text\">\n<p><strong>Suggerimento:<\/strong> se stai considerando di investire nel settore farmaceutico e biotech potresti creare un elenco di azioni biotech popolari, nominarlo &#8220;Idee Biotech&#8221; e includere Johnson &amp; Johnson, Pfizer Inc., Novartis, <a href=\"https:\/\/www.etoro.com\/it\/markets\/mrk\">Merck &amp; Co.<\/a> e Abbott Laboratories.<\/p>\n<\/div><\/div>\n\n\n\n<p>Potresti usare le informazioni che ottieni dalle watchlist per monitorare il prezzo di ciascuna azione su un periodo di tempo stabilito. Inoltre, potrai confrontare e paragonare i cambiamenti in linea con le tendenze del mercato pi\u00f9 ampio e utilizzare gli spunti per <strong>definire la tua strategia di investimento<\/strong> nel settore.<\/p>\n\n\n\n<figure class=\"wp-block-image size-full\"><img loading=\"lazy\" decoding=\"async\" width=\"756\" height=\"400\" src=\"https:\/\/www.etoro.com\/wp-content\/uploads\/2024\/03\/Body-Image-2_-How-to-build-an-effective-watchlist.png\" alt=\"\" class=\"wp-image-857060 wp-image-desktop\" srcset=\"https:\/\/www.etoro.com\/wp-content\/uploads\/2024\/03\/Body-Image-2_-How-to-build-an-effective-watchlist.png 756w, https:\/\/www.etoro.com\/wp-content\/uploads\/2024\/03\/Body-Image-2_-How-to-build-an-effective-watchlist-300x159.png 300w\" sizes=\"(max-width: 756px) 100vw, 756px\" \/><\/figure>\n\n\n\n<h3 class=\"wp-block-heading\">Entra nel tecnico<\/h3>\n\n\n\n<p>Esistono <strong>metodi pi\u00f9 tecnici per creare una lista preferiti<\/strong>, come l&#8217;utilizzo del <a href=\"https:\/\/www.borsaitaliana.it\/borsa\/glossario\/gics.html\" target=\"_blank\" rel=\"noreferrer noopener\">Global Industry Classification Standard<\/a> (GICS). Grazie a questi criteri si possono classificare le azioni in settori, poi in gruppi di industrie, poi in industrie e, infine, in sotto-industrie.<\/p>\n\n\n\n<div class=\"wp-block-etoro-tip wp-block-etoro-tip-border-yellow\"><span class=\"wp-block-etoro-tip-icon\"><\/span><div class=\"wp-block-etoro-tip-text\">\n<p><strong>Suggerimento:<\/strong> all&#8217;interno del GICS, ci sono 11 settori, 24 gruppi di industrie, 69 industrie e 158 sotto-industrie.<\/p>\n<\/div><\/div>\n\n\n\n<h2 class=\"wp-block-heading\">Come costruire un elenco di azioni su eToro<\/h2>\n\n\n\n<p>eToro offre un modo semplice per tenere traccia degli investimenti. Gli utenti possono creare <strong>fino a 25 liste preferiti<\/strong> personalizzate, includendo fino a 100 elementi in ciascuna. Per creare una nuova Lista Preferiti su eToro:<\/p>\n\n\n\n<ol class=\"wp-block-list\">\n<li>Vai su &#8220;Lista Preferiti&#8221; dalla homepage.<\/li>\n<\/ol>\n\n\n\n<figure class=\"wp-block-image size-full\"><img loading=\"lazy\" decoding=\"async\" width=\"192\" height=\"51\" src=\"https:\/\/www.etoro.com\/wp-content\/uploads\/2024\/03\/watchlist-1.png\" alt=\"\" class=\"wp-image-856934 wp-image-desktop\"\/><\/figure>\n\n\n\n<ol start=\"2\" class=\"wp-block-list\">\n<li>Seleziona il menu a discesa &#8220;La mia Lista Preferiti&#8221;.<\/li>\n<\/ol>\n\n\n\n<figure class=\"wp-block-image size-full\"><img loading=\"lazy\" decoding=\"async\" width=\"297\" height=\"62\" src=\"https:\/\/www.etoro.com\/wp-content\/uploads\/2024\/03\/watchlist-2.png\" alt=\"\" class=\"wp-image-856955 wp-image-desktop\"\/><\/figure>\n\n\n\n<ol start=\"3\" class=\"wp-block-list\">\n<li>Seleziona &#8220;Crea un nuovo elenco&#8221; dal menu a discesa.<\/li>\n<\/ol>\n\n\n\n<figure class=\"wp-block-image size-medium\"><img loading=\"lazy\" decoding=\"async\" width=\"284\" height=\"300\" src=\"https:\/\/www.etoro.com\/wp-content\/uploads\/2024\/03\/watchlist-3-284x300.png\" alt=\"\" class=\"wp-image-856976 wp-image-desktop\" srcset=\"https:\/\/www.etoro.com\/wp-content\/uploads\/2024\/03\/watchlist-3-284x300.png 284w, https:\/\/www.etoro.com\/wp-content\/uploads\/2024\/03\/watchlist-3-768x812.png 768w, https:\/\/www.etoro.com\/wp-content\/uploads\/2024\/03\/watchlist-3.png 850w\" sizes=\"(max-width: 284px) 100vw, 284px\" \/><\/figure>\n\n\n\n<ol start=\"4\" class=\"wp-block-list\">\n<li>Assegna un nome alla tua nuova lista.<\/li>\n<\/ol>\n\n\n\n<figure class=\"wp-block-image size-full\"><img loading=\"lazy\" decoding=\"async\" width=\"1168\" height=\"1250\" src=\"https:\/\/www.etoro.com\/wp-content\/uploads\/2024\/03\/watchlist-4.png\" alt=\"\" class=\"wp-image-856997 wp-image-desktop\" srcset=\"https:\/\/www.etoro.com\/wp-content\/uploads\/2024\/03\/watchlist-4.png 1168w, https:\/\/www.etoro.com\/wp-content\/uploads\/2024\/03\/watchlist-4-280x300.png 280w, https:\/\/www.etoro.com\/wp-content\/uploads\/2024\/03\/watchlist-4-957x1024.png 957w, https:\/\/www.etoro.com\/wp-content\/uploads\/2024\/03\/watchlist-4-768x822.png 768w\" sizes=\"(max-width: 1168px) 100vw, 1168px\" \/><\/figure>\n\n\n\n<ol start=\"5\" class=\"wp-block-list\">\n<li>Aggiungi asset, mercati, persone o Smart Portfolio alla tua nuova Lista Preferiti.<\/li>\n<\/ol>\n\n\n\n<figure class=\"wp-block-image size-full\"><img loading=\"lazy\" decoding=\"async\" width=\"1172\" height=\"1249\" src=\"https:\/\/www.etoro.com\/wp-content\/uploads\/2024\/03\/watchlist-5.png\" alt=\"\" class=\"wp-image-857018 wp-image-desktop\" srcset=\"https:\/\/www.etoro.com\/wp-content\/uploads\/2024\/03\/watchlist-5.png 1172w, https:\/\/www.etoro.com\/wp-content\/uploads\/2024\/03\/watchlist-5-282x300.png 282w, https:\/\/www.etoro.com\/wp-content\/uploads\/2024\/03\/watchlist-5-961x1024.png 961w, https:\/\/www.etoro.com\/wp-content\/uploads\/2024\/03\/watchlist-5-768x818.png 768w\" sizes=\"(max-width: 1172px) 100vw, 1172px\" \/><\/figure>\n\n\n\n<h2 class=\"wp-block-heading\">Come utilizzare al meglio una Lista Preferiti<\/h2>\n\n\n\n<p>Gli investitori possono usare le liste dei preferiti per seguire la propria strategia di investimento e raggiungere gli obiettivi di investimento. Sono uno strumento essenziale per monitorare il mercato, <strong>ottimizzando il tempo necessario all&#8217;analisi<\/strong> che viene svolta solo su una selezione davvero rilevante di asset.<\/p>\n\n\n\n<h3 class=\"wp-block-heading\">Limita i numeri<\/h3>\n\n\n\n<p>Limitare il numero di asset inclusi in una singola watchlist ti aiuta a comprendere meglio i dati che mostra. Un numero ragionevole di titoli per qualsiasi elenco di azioni \u00e8 <strong>tra 5 e 10<\/strong>.<\/p>\n\n\n\n<h3 class=\"wp-block-heading\">Perfeziona regolarmente<\/h3>\n\n\n\n<p>Un altro consiglio che tutti gli investitori dovrebbero seguire \u00e8 rivedere regolarmente le proprie liste dei preferiti, affinch\u00e9 mostrino <strong>solo gli investimenti attivi<\/strong>.<\/p>\n\n\n\n<p>Puoi farlo rimuovendo vecchi asset o posizioni chiuse dalla visualizzazione. Oppure <strong>eliminando qualsiasi investimento a lungo termine <\/strong>dalla lista.<\/p>\n\n\n\n<p>Probabilmente, vorrai tenere aperte quelle posizioni a prescindere dai loro movimenti di prezzo giornalieri.<\/p>\n\n\n\n<h3 class=\"wp-block-heading\">Utilizza gli avvisi di prezzo<\/h3>\n\n\n\n<p>Puoi scegliere di impostare <strong>avvisi di prezzo per ricevere notifiche<\/strong> ogni volta che un asset nella tua Lista Preferiti mostra volatilit\u00e0. Pu\u00f2 rivelarsi utile anche per restare aggiornato su attivit\u00e0 significative nei mercati in generale.<\/p>\n\n\n\n<figure class=\"wp-block-image size-full\"><img loading=\"lazy\" decoding=\"async\" width=\"756\" height=\"400\" src=\"https:\/\/www.etoro.com\/wp-content\/uploads\/2024\/03\/Body-Image-3_-How-to-use-a-watchlist-effectively.png\" alt=\"\" class=\"wp-image-857081 wp-image-desktop\" srcset=\"https:\/\/www.etoro.com\/wp-content\/uploads\/2024\/03\/Body-Image-3_-How-to-use-a-watchlist-effectively.png 756w, https:\/\/www.etoro.com\/wp-content\/uploads\/2024\/03\/Body-Image-3_-How-to-use-a-watchlist-effectively-300x159.png 300w\" sizes=\"(max-width: 756px) 100vw, 756px\" \/><\/figure>\n\n\n\n<h2 class=\"wp-block-heading\">Considerazioni finali<\/h2>\n\n\n\n<p>Una lista preferiti \u00e8 uno strumento utile che gli investitori possono utilizzare per prendere decisioni di investimento ben informate. <strong>Riduce il tempo necessario per consultare i dati di mercato<\/strong>, consentendo di concentrarsi esclusivamente su una selezione precisa di asset e gestire la propria strategia di investimento in linea con gli obiettivi personali.<\/p>\n\n\n\n<p>Approfondisci la tua conoscenza degli investimenti con l&#8217;<a href=\"https:\/\/www.etoro.com\/it\/academy\/\">Academy di eToro<\/a>.<\/p>\n\n\n\n<h2 class=\"wp-block-heading\">Domande frequenti<\/h2>\n\n\n\n<dl class=\"wp-block-etoro-faq\">\n<div class=\"wp-block-etoro-faq-item\"><dt class=\"wp-block-etoro-faq-item-question\">Come posso categorizzare i miei investimenti in azioni?<\/dt><dd class=\"wp-block-etoro-faq-item-answer\">\n<p>Azioni, obbligazioni e strumenti del <a href=\"https:\/\/www.economymagazine.it\/che-cosa-sono-i-mercati-monetari-la-funzione-e-gli-strumenti-finanziari\/\" target=\"_blank\" rel=\"noreferrer noopener\">mercato monetario<\/a> sono tradizionalmente considerate le tre principali classi di asset. Molti investitori oggi potrebbero considerare materie prime, futures, derivati, immobiliari e persino cripto come classi di asset separate.<\/p>\n<\/dd><\/div>\n\n\n\n<div class=\"wp-block-etoro-faq-item\"><dt class=\"wp-block-etoro-faq-item-question\">Come decido in cosa investire?<\/dt><dd class=\"wp-block-etoro-faq-item-answer\">\n<p>Assicurati di capire quanto denaro sei disposto a <a href=\"https:\/\/www.etoro.com\/it\/investing\/why-should-i-start-investing\/\">investire<\/a> e potenzialmente perdere. Scegli i tipi di investimento che si adattano al tuo livello di tolleranza al rischio. Poi, ricerca dividendi, rapporto P\/E, beta, utili per azione e rendimenti storici.<\/p>\n<\/dd><\/div>\n\n\n\n<div class=\"wp-block-etoro-faq-item\"><dt class=\"wp-block-etoro-faq-item-question\">Qual \u00e8 la differenza tra trading e investimento?<\/dt><dd class=\"wp-block-etoro-faq-item-answer\">\n<p><a href=\"https:\/\/www.etoro.com\/it\/investing\/investing-vs-trading\/\">Trading e investimento<\/a> sono termini che a volte vengono usati come sinonimi. Tuttavia, ci sono differenze significative tra i due approcci finanziari. Generalmente, l&#8217;obiettivo dell&#8217;investimento \u00e8 aumentare la ricchezza nel medio-lungo termine. L&#8217;obiettivo del trading, al contrario, \u00e8 realizzare profitti rapidamente.<\/p>\n<\/dd><\/div>\n<\/dl>\n\n\n\n\t\t<style>\n\t\t\t.rtl .etoro-block-shortcode-disclaimer {\n\t\t\t\ttext-align:right;\n\t\t\t}\n\t\t\t.etoro-block-shortcode-disclaimer {\n\t\t\t\tmargin-bottom:18px;\n\t\t\t\ttext-align:left;\n\t\t\t}\n\t\t\t.etoro-block-shortcode-disclaimer p{\n\t\t\t\tfont-size: 12px;\n\t\t\t\tline-height: 18px;\n\t\t\t}\n\t\t\t@media (min-width: 768px) {\n\t\t\t\t.etoro-block-shortcode-disclaimer {\n\t\t\t\t\tmax-width:1176px;\n\t\t\t\t\ttext-align:center;\n\t\t\t\t}\n\t\t\t\t.etoro-block-shortcode-disclaimer p {\n\t\t\t\t\tfont-size: 14px;\n\t\t\t\t\tline-height: 20px;\n\t\t\t\t}\n\t\t\t}\n\t\t<\/style>\n\t\t<div class='etoro-block-shortcode-disclaimer'><p>Le presenti informazioni vengono fornite al solo scopo educativo e non rappresentano consigli d\u2019investimento o suggerimenti personali. Tali informazioni non devono quindi essere interpretate come offerte o solleciti di compravendita di strumenti finanziari.<\/p>\n<p>Il materiale \u00e8 stato preparato senza tener conto di precisi obiettivi d\u2019investimento o specifiche situazioni finanziarie e non soddisfa pertanto i criteri legali e legislativi previsti per la promozione di ricerche indipendenti.<\/p>\n<p><strong>Non tutti gli strumenti finanziari e i servizi cui viene fatto riferimento sono offerti da eToro<\/strong> e qualsiasi riferimento alle prestazioni passate di uno specifico strumento, indice o prodotto d\u2019investimento preassemblato non rappresenta n\u00e9 deve essere interpretato come un indicatore affidabile di possibili prestazioni future. <strong>La disponibilit\u00e0 di tutti i prodotti e servizi sopra menzionati pu\u00f2 variare a seconda della giurisdizione e del Paese.<\/strong><\/p>\n<p>eToro non offre alcuna garanzia n\u00e9 si assume la responsabilit\u00e0 in merito all\u2019accuratezza o alla completezza del contenuto esposto nella presente guida. Il lettore deve garantire di aver compreso appieno i rischi comportati dal trading prima di impegnare capitale. Si sconsiglia di mettere a rischio pi\u00f9 denaro di quanto non se ne possa perdere.<\/p>\n<\/div>\n","protected":false},"excerpt":{"rendered":"<p>Una lista preferiti \u00e8 una selezione di asset che un investitore desidera tenere sotto controllo. Ci\u00f2 rende pi\u00f9 veloce e semplice il monitoraggio dei mercati e la gestione del portafoglio. In questo articolo esploreremo come costruire e utilizzare efficacemente una lista di preferiti come parte di una strategia di investimento. Una Lista Preferiti, o watchlist,&hellip;<\/p>\n","protected":false},"author":96,"featured_media":863218,"parent":19765,"menu_order":0,"comment_status":"closed","ping_status":"closed","template":"","meta":{"_acf_changed":false,"inline_featured_image":false,"sticky_cta_settings":"","footnotes":""},"asset_type":[],"class_list":["post-863195","page","type-page","status-publish","has-post-thumbnail","hentry"],"acf":[],"yoast_head":"<title>Come Creare una Lista Preferiti | eToro<\/title>\n<meta name=\"description\" content=\"Cos&#039;\u00e8 una lista preferiti nel contesto del mercato azionario? Un elenco di azioni permette ai trader di visualizzare i loro asset preferiti in una lista di titoli.\" \/>\n<meta name=\"robots\" content=\"index, follow, max-snippet:-1, max-image-preview:large, max-video-preview:-1\" \/>\n<link rel=\"canonical\" href=\"https:\/\/www.etoro.com\/it\/wp-json\/wp\/v2\/pages\/863195\" \/>\n<meta property=\"og:locale\" content=\"it_IT\" \/>\n<meta property=\"og:type\" content=\"article\" \/>\n<meta property=\"og:title\" content=\"Come Creare una Lista Preferiti | eToro\" \/>\n<meta property=\"og:description\" content=\"Cos&#039;\u00e8 una lista preferiti nel contesto del mercato azionario? Un elenco di azioni permette ai trader di visualizzare i loro asset preferiti in una lista di titoli.\" \/>\n<meta property=\"og:url\" content=\"https:\/\/www.etoro.com\/it\/wp-json\/wp\/v2\/pages\/863195\" \/>\n<meta property=\"og:site_name\" content=\"eToro\" \/>\n<meta property=\"article:publisher\" content=\"https:\/\/www.facebook.com\/eToro\/\" \/>\n<meta property=\"article:modified_time\" content=\"2024-07-30T08:55:38+00:00\" \/>\n<meta property=\"og:image\" content=\"https:\/\/www.etoro.com\/wp-content\/uploads\/2024\/03\/IT-How-to-Build-a-Watchlist-1200-x-630.png\" \/>\n\t<meta property=\"og:image:width\" content=\"1200\" \/>\n\t<meta property=\"og:image:height\" content=\"630\" \/>\n\t<meta property=\"og:image:type\" content=\"image\/png\" \/>\n<meta name=\"twitter:card\" content=\"summary_large_image\" \/>\n<meta name=\"twitter:site\" content=\"@eToro\" \/>\n<meta name=\"twitter:label1\" content=\"Est. reading time\" \/>\n\t<meta name=\"twitter:data1\" content=\"4 minutes\" \/>\n<script type=\"application\/ld+json\" class=\"yoast-schema-graph\">{\"@context\":\"https:\/\/schema.org\",\"@graph\":[{\"@type\":\"WebPage\",\"@id\":\"https:\/\/www.etoro.com\/it\/investing\/build-a-watchlist\/\",\"url\":\"https:\/\/www.etoro.com\/it\/investing\/build-a-watchlist\/\",\"name\":\"Come Creare una Lista Preferiti | eToro\",\"isPartOf\":{\"@id\":\"https:\/\/www.etoro.com\/it\/#website\"},\"primaryImageOfPage\":{\"@id\":\"https:\/\/www.etoro.com\/it\/investing\/build-a-watchlist\/#primaryimage\"},\"image\":{\"@id\":\"https:\/\/www.etoro.com\/it\/investing\/build-a-watchlist\/#primaryimage\"},\"thumbnailUrl\":\"https:\/\/www.etoro.com\/wp-content\/uploads\/2024\/03\/IT-How-to-Build-a-Watchlist-1200-x-630.png\",\"datePublished\":\"2024-03-12T11:01:44+00:00\",\"dateModified\":\"2024-07-30T08:55:38+00:00\",\"description\":\"Cos'\u00e8 una lista preferiti nel contesto del mercato azionario? Un elenco di azioni permette ai trader di visualizzare i loro asset preferiti in una lista di titoli.\",\"breadcrumb\":{\"@id\":\"https:\/\/www.etoro.com\/it\/investing\/build-a-watchlist\/#breadcrumb\"},\"inLanguage\":\"it\",\"potentialAction\":[{\"@type\":\"ReadAction\",\"target\":[\"https:\/\/www.etoro.com\/it\/investing\/build-a-watchlist\/\"]}]},{\"@type\":\"ImageObject\",\"inLanguage\":\"it\",\"@id\":\"https:\/\/www.etoro.com\/it\/investing\/build-a-watchlist\/#primaryimage\",\"url\":\"https:\/\/www.etoro.com\/wp-content\/uploads\/2024\/03\/IT-How-to-Build-a-Watchlist-1200-x-630.png\",\"contentUrl\":\"https:\/\/www.etoro.com\/wp-content\/uploads\/2024\/03\/IT-How-to-Build-a-Watchlist-1200-x-630.png\",\"width\":1200,\"height\":630},{\"@type\":\"BreadcrumbList\",\"@id\":\"https:\/\/www.etoro.com\/it\/investing\/build-a-watchlist\/#breadcrumb\",\"itemListElement\":[{\"@type\":\"ListItem\",\"position\":1,\"name\":\"Home\",\"item\":\"https:\/\/www.etoro.com\/it\/\"},{\"@type\":\"ListItem\",\"position\":2,\"name\":\"Investire\",\"item\":\"https:\/\/www.etoro.com\/it\/investing\/\"},{\"@type\":\"ListItem\",\"position\":3,\"name\":\"Come creare una lista preferiti\"}]},{\"@type\":\"WebSite\",\"@id\":\"https:\/\/www.etoro.com\/it\/#website\",\"url\":\"https:\/\/www.etoro.com\/it\/\",\"name\":\"eToro\",\"description\":\"\",\"publisher\":{\"@id\":\"https:\/\/www.etoro.com\/it\/#organization\"},\"potentialAction\":[{\"@type\":\"SearchAction\",\"target\":{\"@type\":\"EntryPoint\",\"urlTemplate\":\"https:\/\/www.etoro.com\/it\/?s={search_term_string}\"},\"query-input\":{\"@type\":\"PropertyValueSpecification\",\"valueRequired\":true,\"valueName\":\"search_term_string\"}}],\"inLanguage\":\"it\"},[]]}<\/script>","yoast_head_json":{"title":"Come Creare una Lista Preferiti | eToro","description":"Cos'\u00e8 una lista preferiti nel contesto del mercato azionario? Un elenco di azioni permette ai trader di visualizzare i loro asset preferiti in una lista di titoli.","robots":{"index":"index","follow":"follow","max-snippet":"max-snippet:-1","max-image-preview":"max-image-preview:large","max-video-preview":"max-video-preview:-1"},"canonical":"https:\/\/www.etoro.com\/it\/wp-json\/wp\/v2\/pages\/863195","og_locale":"it_IT","og_type":"article","og_title":"Come Creare una Lista Preferiti | eToro","og_description":"Cos'\u00e8 una lista preferiti nel contesto del mercato azionario? Un elenco di azioni permette ai trader di visualizzare i loro asset preferiti in una lista di titoli.","og_url":"https:\/\/www.etoro.com\/it\/wp-json\/wp\/v2\/pages\/863195","og_site_name":"eToro","article_publisher":"https:\/\/www.facebook.com\/eToro\/","article_modified_time":"2024-07-30T08:55:38+00:00","og_image":[{"width":1200,"height":630,"url":"https:\/\/www.etoro.com\/wp-content\/uploads\/2024\/03\/IT-How-to-Build-a-Watchlist-1200-x-630.png","type":"image\/png"}],"twitter_card":"summary_large_image","twitter_site":"@eToro","twitter_misc":{"Est. reading time":"4 minutes"},"schema":{"@context":"https:\/\/schema.org","@graph":[{"@type":"WebPage","@id":"https:\/\/www.etoro.com\/it\/investing\/build-a-watchlist\/","url":"https:\/\/www.etoro.com\/it\/investing\/build-a-watchlist\/","name":"Come Creare una Lista Preferiti | eToro","isPartOf":{"@id":"https:\/\/www.etoro.com\/it\/#website"},"primaryImageOfPage":{"@id":"https:\/\/www.etoro.com\/it\/investing\/build-a-watchlist\/#primaryimage"},"image":{"@id":"https:\/\/www.etoro.com\/it\/investing\/build-a-watchlist\/#primaryimage"},"thumbnailUrl":"https:\/\/www.etoro.com\/wp-content\/uploads\/2024\/03\/IT-How-to-Build-a-Watchlist-1200-x-630.png","datePublished":"2024-03-12T11:01:44+00:00","dateModified":"2024-07-30T08:55:38+00:00","description":"Cos'\u00e8 una lista preferiti nel contesto del mercato azionario? Un elenco di azioni permette ai trader di visualizzare i loro asset preferiti in una lista di titoli.","breadcrumb":{"@id":"https:\/\/www.etoro.com\/it\/investing\/build-a-watchlist\/#breadcrumb"},"inLanguage":"it","potentialAction":[{"@type":"ReadAction","target":["https:\/\/www.etoro.com\/it\/investing\/build-a-watchlist\/"]}]},{"@type":"ImageObject","inLanguage":"it","@id":"https:\/\/www.etoro.com\/it\/investing\/build-a-watchlist\/#primaryimage","url":"https:\/\/www.etoro.com\/wp-content\/uploads\/2024\/03\/IT-How-to-Build-a-Watchlist-1200-x-630.png","contentUrl":"https:\/\/www.etoro.com\/wp-content\/uploads\/2024\/03\/IT-How-to-Build-a-Watchlist-1200-x-630.png","width":1200,"height":630},{"@type":"BreadcrumbList","@id":"https:\/\/www.etoro.com\/it\/investing\/build-a-watchlist\/#breadcrumb","itemListElement":[{"@type":"ListItem","position":1,"name":"Home","item":"https:\/\/www.etoro.com\/it\/"},{"@type":"ListItem","position":2,"name":"Investire","item":"https:\/\/www.etoro.com\/it\/investing\/"},{"@type":"ListItem","position":3,"name":"Come creare una lista preferiti"}]},{"@type":"WebSite","@id":"https:\/\/www.etoro.com\/it\/#website","url":"https:\/\/www.etoro.com\/it\/","name":"eToro","description":"","publisher":{"@id":"https:\/\/www.etoro.com\/it\/#organization"},"potentialAction":[{"@type":"SearchAction","target":{"@type":"EntryPoint","urlTemplate":"https:\/\/www.etoro.com\/it\/?s={search_term_string}"},"query-input":{"@type":"PropertyValueSpecification","valueRequired":true,"valueName":"search_term_string"}}],"inLanguage":"it"},[]]}},"_links":{"self":[{"href":"https:\/\/www.etoro.com\/it\/wp-json\/wp\/v2\/pages\/863195"}],"collection":[{"href":"https:\/\/www.etoro.com\/it\/wp-json\/wp\/v2\/pages"}],"about":[{"href":"https:\/\/www.etoro.com\/it\/wp-json\/wp\/v2\/types\/page"}],"author":[{"embeddable":true,"href":"https:\/\/www.etoro.com\/it\/wp-json\/wp\/v2\/users\/96"}],"replies":[{"embeddable":true,"href":"https:\/\/www.etoro.com\/it\/wp-json\/wp\/v2\/comments?post=863195"}],"version-history":[{"count":0,"href":"https:\/\/www.etoro.com\/it\/wp-json\/wp\/v2\/pages\/863195\/revisions"}],"up":[{"embeddable":true,"href":"https:\/\/www.etoro.com\/it\/wp-json\/wp\/v2\/pages\/19765"}],"wp:featuredmedia":[{"embeddable":true,"href":"https:\/\/www.etoro.com\/it\/wp-json\/wp\/v2\/media\/863218"}],"wp:attachment":[{"href":"https:\/\/www.etoro.com\/it\/wp-json\/wp\/v2\/media?parent=863195"}],"wp:term":[{"taxonomy":"asset_type","embeddable":true,"href":"https:\/\/www.etoro.com\/it\/wp-json\/wp\/v2\/asset_type?post=863195"}],"curies":[{"name":"wp","href":"https:\/\/api.w.org\/{rel}","templated":true}]}}