{"id":9315,"date":"2017-11-14T09:35:22","date_gmt":"2017-11-14T07:35:22","guid":{"rendered":"\/etoro\/how-it-works\/"},"modified":"2025-12-01T16:27:33","modified_gmt":"2025-12-01T14:27:33","slug":"how-it-works","status":"publish","type":"page","link":"https:\/\/www.etoro.com\/it\/copytrader\/how-it-works\/","title":{"rendered":"Spiegazione dei Sistemi di Copia eToro"},"content":{"rendered":"\n<section class=\"wp-block-group wp-block-group-boxed has-white-background-color has-background\"><div class=\"wp-block-group-inner is-layout-flow wp-block-group-is-layout-flow\">\n<div class=\"wp-block-columns are-vertically-aligned-top wp-block-columns-1 is-layout-flex wp-container-core-columns-is-layout-2 wp-block-columns-is-layout-flex\">\n<div class=\"wp-block-column is-layout-flow wp-block-column-is-layout-flow\">\n<p>La piattaforma eToro si distingue per le sue funzionalit\u00e0 di social trading, offrendo modi innovativi di investire imparando dagli altri. Scopri come <strong>CopyTrader\u2122<\/strong> pu\u00f2 aiutarti a esplorare nuove strategie e ampliare il tuo potenziale di trading.<\/p>\n\n\n\n<h2 class=\"wp-block-heading\">Nozioni di base sul Copy Trading<\/h2>\n\n\n\n<p>Il concetto \u00e8 semplice: scegli un trader, l&#8217;importo del tuo investimento e premi &#8220;Copia&#8221;. Tuttavia, in questa pagina spiegheremo il sistema in modo pi\u00f9 dettagliato.&nbsp;<\/p>\n\n\n\n<p><strong>Termini chiave da conoscere:<\/strong><\/p>\n\n\n\n<ul class=\"wp-block-list wp-block-list wp-block-list-circle\">\n<li><strong>Copia<\/strong>: l&#8217;azione di copiare un altro investitore su eToro<\/li>\n\n\n\n<li><strong>Copiatori<\/strong>: l&#8217;utente che sta eseguendo la copia\u00a0<\/li>\n\n\n\n<li><strong>Trader copiato<\/strong>: l&#8217;utente copiato, noto anche come Popular Investor. <strong>Solo i Popular Investor possono essere copiati.<\/strong><\/li>\n<\/ul>\n\n\n\n<div class=\"wp-block-columns are-vertically-aligned-top wp-block-columns-4 is-layout-flex wp-container-core-columns-is-layout-1 wp-block-columns-is-layout-flex\">\n<div class=\"wp-block-column wp-block-column-align-desktop-center wp-block-column-align-mobile-center is-layout-flow wp-block-column-is-layout-flow\">\n<p><strong>200$<\/strong><\/p>\n\n\n\n<p>Investimento minimo per trader<\/p>\n<\/div>\n\n\n\n<div class=\"wp-block-column wp-block-column-align-desktop-center wp-block-column-align-mobile-center is-layout-flow wp-block-column-is-layout-flow\">\n<p><strong>1$<\/strong><\/p>\n\n\n\n<p>Importo minimo per posizione di copia<\/p>\n<\/div>\n\n\n\n<div class=\"wp-block-column wp-block-column-align-desktop-center wp-block-column-align-mobile-center is-layout-flow wp-block-column-is-layout-flow\">\n<p><strong>2.000.000$<\/strong><\/p>\n\n\n\n<p>Investimento massimo per trader<\/p>\n<\/div>\n\n\n\n<div class=\"wp-block-column wp-block-column-align-desktop-center wp-block-column-align-mobile-center is-layout-flow wp-block-column-is-layout-flow\">\n<p><strong>100<\/strong><\/p>\n\n\n\n<p>Numero massimo di trader che puoi copiare<\/p>\n<\/div>\n<\/div>\n\n\n\n<h2 class=\"wp-block-heading\">Crea una nuova copia<\/h2>\n\n\n\n<p>Quando inizi una nuova copia, la tua posizione corrisponder\u00e0 all&#8217;allocazione attuale del portafoglio dell&#8217;investitore copiato, assicurando che entrambi rimangano allineati. I portafogli copiati replicano le esatte percentuali di allocazione dell\u2019intero capitale dell\u2019investitore copiato, inclusi gli asset posseduti, la liquidit\u00e0 non allocata e i profitti e le perdite non realizzati.<\/p>\n\n\n\n<ul class=\"wp-block-list wp-block-list wp-block-list-circle\">\n<li>Dal momento in cui inizi a copiare, il tuo investimento copiato rifletter\u00e0 le posizioni attuali e le azioni future del trader copiato \u2013 comprese le modifiche a Stop Loss (SL), Take Profit (TP) e chiusure delle posizioni . Se il trader copiato estende uno SL aggiungendo fondi a una posizione, anche il tuo SL si aggiorner\u00e0, ma l\u2019importo investito rimarr\u00e0 invariato.<\/li>\n\n\n\n<li>Per visualizzare tutte le posizioni copiate da un singolo trader, vai al tuo portafoglio e clicca sul nome del Popular Investor.\u00a0<\/li>\n\n\n\n<li>Puoi chiudere una specifica posizioni copiata senza chiudere l&#8217;intera posizione di copia.<\/li>\n\n\n\n<li>Se l&#8217;investitore copiato apre una posizione mentre il mercato \u00e8 chiuso (ad esempio, durante un&#8217;interruzione del mercato), verr\u00e0 inserito un Ordine di mercato per te che verr\u00e0 eseguito al primo tasso di mercato disponibile alla riapertura del mercato.<\/li>\n\n\n\n<li>Puoi scegliere di interrompere la copia in qualsiasi momento<\/li>\n<\/ul>\n\n\n\n<p>Nota: tutte le posizioni incluse nella copia verranno aperte nel tuo conto contemporaneamente. Inizialmente potresti notare una leggera perdita, che riflette lo Spread tra i tassi di acquisto e di vendita. Ci\u00f2 fornisce una rappresentazione in tempo reale dell&#8217;importo che riceverai se chiudessi immediatamente la posizione.&nbsp;<\/p>\n\n\n\n<p>Le nuove posizioni vengono aperte in base al capitale realizzato (il tuo saldo pi\u00f9 i fondi investiti). Ad esempio, se il trader copiato apre una posizione utilizzando il 10% del suo patrimonio realizzato, la tua copia aprir\u00e0 la stessa posizione utilizzando il 10% del tuo patrimonio realizzato.<\/p>\n\n\n\n<h2 class=\"wp-block-heading\">Rimani sincronizzato, automaticamente<\/h2>\n\n\n\n<p>La riallocazione automatica ti aiuta a mantenere il tuo investimento allineato con il portafoglio del trader che stai copiando. Quando il Popular Investor che stai copiando apporta delle modifiche, la tua posizione di copia viene aggiornata per garantire che il tuo portafoglio rifletta le posizioni e la strategia attuali del trader copiato.<\/p>\n\n\n\n<p>La riallocazione viene attivata nelle seguenti condizioni:<\/p>\n\n\n\n<ul class=\"wp-block-list wp-block-list wp-block-list-circle\">\n<li><strong>Aggiungere fondi<\/strong><\/li>\n\n\n\n<li><strong>Rimozione fondi<\/strong><\/li>\n\n\n\n<li><strong>Riattivazione copia in pausa<\/strong><\/li>\n\n\n\n<li><strong>Prelievi da parte dell trader copiato<\/strong><\/li>\n\n\n\n<li><strong>Depositi effettuati dal trader copiato.<\/strong> Nota che questa riallocazione avviene con un ritardo di 48 ore, dandoti anche il tempo di aggiungere fondi aggiuntivi, se lo desideri.<\/li>\n\n\n\n<li><strong>I movimenti di mercato<\/strong> che influenzano l\u2019allocazione del portafoglio del trader copiato saranno riflessi anche nella copia.<br><\/li>\n<\/ul>\n\n\n\n<p>Si noti che le posizioni esistenti possono essere aperte o chiuse automaticamente per corrispondere alle ponderazioni corrette degli asset, e che i profitti o le perdite possono essere realizzati come risultato di queste aggiunte automatiche.<br>&nbsp;<\/p>\n\n\n\n<p>Mentre la riallocazione \u00e8 in corso, non potrai aggiungere o prelevare fondi, chiudere singole posizioni o sospendere la copia. Ci\u00f2 consente al sistema di abbinare completamente il portafoglio aggiornato del trader copiato.<\/p>\n\n\n\n<p>Riceverai una notifica in-app al termine della riallocazione. Il processo richiede un <strong>massimo di 7 giorni<\/strong> lavorativi, dopodich\u00e9 potrai riprendere a gestire la tua attivit\u00e0 di copia come di consueto.<\/p>\n\n\n\n<h2 class=\"wp-block-heading\">Controlla il rischio con il Copy Stop Loss<\/h2>\n\n\n\n<p>Il Copy Stop-Loss (CSL) \u00e8 una funzione di gestione del rischio integrata che ti permette di impostare una percentuale di stop-loss sull\u2019intera copia delle posizioni, per proteggere il tuo investimento in base ai profitti e alle perdite in tempo reale. Se il valore della tua copia scende al di sotto dell&#8217;importo impostato, il sistema chiuder\u00e0 automaticamente la copia e restituir\u00e0 i fondi rimanenti al tuo saldo.<\/p>\n\n\n\n<ul class=\"wp-block-list wp-block-list wp-block-list-circle\">\n<li>Per impostazione predefinita, CSL \u00e8 impostato sul 40% dell&#8217;importo investito.\u00a0<\/li>\n\n\n\n<li>Puoi adattare manualmente CSL a qualsiasi valore compreso tra il 5% e il 95% dell&#8217;importo investito.<\/li>\n<\/ul>\n\n\n\n<p>Esempio: copi l&#8217;investitore A con 1.000$. Imposti CSL al 60%, che equivale a 600$. Se il patrimonio totale (incluso il P\/L non realizzato) scende a 600$, tutte le posizioni si chiuderanno automaticamente e 600$ torneranno sul tuo saldo.<\/p>\n\n\n\n<p>Ti ricordiamo che il sistema non ti consentir\u00e0 di ridurre il CSL a un valore cos\u00ec piccolo da poter attivare immediatamente la chiusura della copia Inoltre, l&#8217;aggiunta o la rimozione di fondi dal trader copiato attiver\u00e0 un ricalcolo del valore CSL come percentuale dell&#8217;importo della nuova copia.<\/p>\n\n\n\n<p><strong>Cosa succede quando viene attivato CSL?<\/strong><\/p>\n\n\n\n<p>Quando la tua copia raggiunge la soglia CSL a causa di perdite non realizzate, tutte le posizioni in quella relazione di copia verranno chiuse. Nella scheda Cronologia, le posizioni chiuse saranno etichettate come &#8220;CSL&#8221;. nella colonna &#8220;Chiusa per&#8221;.<\/p>\n\n\n\n<figure class=\"wp-block-image aligncenter\"><img loading=\"lazy\" decoding=\"async\" width=\"1057\" height=\"321\" src=\"\/wp-content\/uploads\/2017\/12\/copysystemexplain-image1.png\" alt=\"\" class=\"wp-image-19348 wp-image-desktop\" srcset=\"https:\/\/www.etoro.com\/wp-content\/uploads\/2017\/12\/copysystemexplain-image1.png 1057w, https:\/\/www.etoro.com\/wp-content\/uploads\/2017\/12\/copysystemexplain-image1-300x91.png 300w, https:\/\/www.etoro.com\/wp-content\/uploads\/2017\/12\/copysystemexplain-image1-768x233.png 768w, https:\/\/www.etoro.com\/wp-content\/uploads\/2017\/12\/copysystemexplain-image1-1024x311.png 1024w\" sizes=\"(max-width: 1057px) 100vw, 1057px\" \/><\/figure>\n\n\n\n<p><strong>Perch\u00e9 il Copy StopLoss \u00e8 unico<\/strong><\/p>\n\n\n\n<p>Il CSL \u00e8 progettato per limitare la tua esposizione complessiva a un solo trader. Poich\u00e9 le tue posizioni copiate sono protette dal CSL, possiamo consentire maggiore flessibilit\u00e0 per quanto riguarda i loro Stop Loss (SL).<\/p>\n\n\n\n<p>Con le posizioni normali, aumentare lo SL oltre il minimo richiesto significa che fondi aggiuntivi vengono prelevati dal tuo saldo per supportare la posizione. Con le posizioni copiate, quando il trader copiato estende il proprio SL, non vengono prelevati fondi aggiuntivi dall\u2019importo della tua copia. Ci\u00f2 significa che:<\/p>\n\n\n\n<ul class=\"wp-block-list wp-block-list wp-block-list-circle\">\n<li>Una singola posizione pu\u00f2 accumulare perdite del 200% o anche del 300% senza essere chiusa, aumentando le possibilit\u00e0 di recupero.<\/li>\n\n\n\n<li>Il saldo della tua copia trattiene abbastanza fondi per sostenere ulteriori posizioni.<\/li>\n<\/ul>\n\n\n\n<p>Tuttavia, se la perdita complessiva non realizzata nella copia raggiunge il CSL impostato, tutte le posizioni verranno chiuse e la relazione di copia terminer\u00e0. Il guadagno\/perdita della posizione copiata viene calcolato in base all&#8217;importo originariamente investito nella posizione.<\/p>\n\n\n\n<h2 class=\"wp-block-heading\">Modifica il tuo investimento in qualsiasi momento<\/h2>\n\n\n\n<p>Puoi aumentare il tuo investimento nella copia in qualsiasi momento <strong>aggiungendo fondi<\/strong>, che verranno proporzionalmente distribuiti nel tuo portafoglio. Allo stesso modo, hai la possibilit\u00e0 di <strong>rimuovere fondi <\/strong>dalla copia (mantenendo l\u2019investimento minimo della copia), che verranno riportati al tuo saldo disponibile. (Come indicato sopra, aggiungere o rimuovere fondi da una copia comporta una riallocazione automatica.)<\/p>\n\n\n\n<h2 class=\"wp-block-heading\">Smetti di copiare o premi semplicemente pausa<\/h2>\n\n\n\n<p>Hai sempre il controllo dei tuoi investimenti e puoi smettere di copiarli in qualsiasi momento.&nbsp;<\/p>\n\n\n\n<p>Tieni presente che puoi <strong>chiudere specifiche posizioni all\u2019interno di una copia<\/strong> senza chiudere l\u2019intera copia. I fondi di questa posizione verranno accreditati nuovamente sul tuo saldo della copia.<\/p>\n\n\n\n<p>Se desideri <strong>interrompere del tutto la copia di un trader<\/strong>, scegli &#8220;Smetti di copiare&#8221; dal menu delle impostazioni di copia. Avrai quindi due possibilit\u00e0:<\/p>\n\n\n\n<ul class=\"wp-block-list wp-block-list wp-block-list-circle\">\n<li><strong>Vendi tutto<\/strong> chiude completamente la copia.<\/li>\n\n\n\n<li><strong>Keep All<\/strong> trasferisce tutte le posizioni copiate al tuo portafoglio, dove possono essere gestite in modo indipendente<\/li>\n<\/ul>\n\n\n\n<p><strong>Pausa Copia<\/strong> \u00e8 una funzione che ti permette di interrompere la copia di un trader senza chiudere tutte le posizioni attualmente aperte.&nbsp;<\/p>\n\n\n\n<p>Quando una copia viene messa in pausa, non ci saranno nuovi trade aperti, ma tutti i trade gi\u00e0 aperti continueranno a copiare lo SL\/TP e le azioni di chiusura del trader copiato. Quando una copia \u00e8 in pausa, non verranno aperte nuove posizioni, ma tutte le posizioni gi\u00e0 aperte continueranno a seguire gli SL\/TP e le azioni di chiusura del trader copiato.<\/p>\n\n\n\n<p>Puoi <strong>riprendere la copia<\/strong> in qualsiasi momento andando alla pagina del Portafoglio e facendo clic su &#8220;Riprendi Copia&#8221;.<\/p>\n\n\n\n<h2 class=\"wp-block-heading\">Copia in modo pi\u00f9 smart con portafogli accuratamente selezionati<\/h2>\n\n\n\n<p>I <a href=\"https:\/\/www.etoro.com\/it\/investing\/portfolios\/\"><strong>Portafogli Intelligenti<\/strong><\/a> sono portafogli di investimento innovativi a lungo termine basati sulla stessa tecnologia CopyTrader, il che significa che il tuo investimento riflette automaticamente l&#8217;allocazione e la strategia del portafoglio. Ognuno segue un tema unico, offrendo un modo conveniente e diversificato di investire nelle principali tendenze dei mercati che plasmano il mondo oggi, il tutto senza le consuete commissioni di gestione.<\/p>\n\n\n\n<ul class=\"wp-block-list wp-block-list wp-block-list-circle\">\n<li>L&#8217;investimento minimo \u00e8 di soli 500$.<\/li>\n\n\n\n<li>Lo Stop Loss predefinito per un Portafoglio Intelligente \u00e8 fissato al 10%.<\/li>\n\n\n\n<li>L&#8217;allocazione delle ponderazioni di ogni Portafoglio Intelligente pu\u00f2 cambiare nel tempo, poich\u00e9 ognuno viene ribilanciato regolarmente.<\/li>\n<\/ul>\n\n\n\n<p>Esistono diversi tipi di Portafogli Intelligenti:<\/p>\n\n\n\n<p><strong>I Portafogli Intelligenti Market<\/strong> raggruppano pi\u00f9 asset in un unico prodotto d\u2019investimento, ciascuno seguendo una strategia di mercato definita o mirata a un settore specifico. Ad esempio, il <a href=\"https:\/\/www.etoro.com\/it\/smartportfolios\/bigtech\">Portafoglio Intelligente BigTech<\/a> include le principali aziende tecnologiche, offrendo un modo comodo ma diversificato di investire nell\u2019intero settore tramite un solo asset.<\/p>\n\n\n\n<p><strong>I Portafogli Intelligenti Top Trade<\/strong> raggruppano trader ad alte prestazioni, selezionati dal comitato d\u2019investimento di eToro tramite un algoritmo sofisticato, in un unico investimento. Ad esempio, il <a href=\"https:\/\/www.etoro.com\/it\/smartportfolios\/gainersqtr\">Portafoglio Intelligente GainersQtr<\/a> include trader con rendimenti costanti e forte potenziale a breve termine, aggiornato regolarmente per gestire il rischio e ottimizzare le performance.<\/p>\n\n\n\n<p><strong>I Portafogli Intelligenti Partner<\/strong> vengono creati in collaborazione con alcune delle pi\u00f9 innovative start-up di investimento, gestori di denaro e societ\u00e0 di ricerca dati al mondo. Ad esempio, i <a href=\"https:\/\/www.etoro.com\/it\/news-and-analysis\/copytrader\/time-you-invest-in-your-future\/\">Portafogli Intelligenti Target Model<\/a> sono stati creati in collaborazione con Franklin Templeton per incorporare strategie di investimento per gli anni target che si adattano automaticamente nel tempo.&nbsp;<\/p>\n\n\n\n<p>*Tutti i termini e le condizioni di CopyTrader sono soggetti a modifiche a discrezione di eToro in qualsiasi momento.<\/p>\n<\/div>\n<\/div>\n<\/div><\/section>\n","protected":false},"excerpt":{"rendered":"<p>La piattaforma eToro si distingue per le sue funzionalit\u00e0 di social trading, offrendo modi innovativi di investire imparando dagli altri. Scopri come CopyTrader\u2122 pu\u00f2 aiutarti a esplorare nuove strategie e ampliare il tuo potenziale di trading. Nozioni di base sul Copy Trading Il concetto \u00e8 semplice: scegli un trader, l&#8217;importo del tuo investimento e premi&hellip;<\/p>\n","protected":false},"author":45,"featured_media":518662,"parent":34681,"menu_order":1347,"comment_status":"closed","ping_status":"closed","template":"","meta":{"_acf_changed":false,"inline_featured_image":false,"sticky_cta_settings":"","footnotes":""},"asset_type":[],"class_list":["post-9315","page","type-page","status-publish","has-post-thumbnail","hentry"],"acf":[],"yoast_head":"<title>Spiegazione dei Sistemi di copia | eToro<\/title>\n<meta name=\"description\" content=\"Sistema di copia di eToro, compreso CopyTrader\u2122, per copiare trader di successo, e CopyFunds\u2122, strumento di investimento tematico basato sulla community.\" \/>\n<meta name=\"robots\" content=\"index, follow, max-snippet:-1, max-image-preview:large, max-video-preview:-1\" \/>\n<link rel=\"canonical\" href=\"https:\/\/www.etoro.com\/it\/wp-json\/wp\/v2\/pages\/9315\" \/>\n<meta property=\"og:locale\" content=\"it_IT\" \/>\n<meta property=\"og:type\" content=\"article\" \/>\n<meta property=\"og:title\" content=\"Spiegazione dei Sistemi di copia | eToro\" \/>\n<meta property=\"og:description\" content=\"Sistema di copia di eToro, compreso CopyTrader\u2122, per copiare trader di successo, e CopyFunds\u2122, strumento di investimento tematico basato sulla community.\" \/>\n<meta property=\"og:url\" content=\"https:\/\/www.etoro.com\/it\/wp-json\/wp\/v2\/pages\/9315\" \/>\n<meta property=\"og:site_name\" content=\"eToro\" \/>\n<meta property=\"article:publisher\" content=\"https:\/\/www.facebook.com\/eToro\/\" \/>\n<meta property=\"article:modified_time\" content=\"2025-12-01T14:27:33+00:00\" \/>\n<meta property=\"og:image\" content=\"https:\/\/www.etoro.com\/wp-content\/uploads\/2022\/11\/Social_systems-explained_-IT.jpg\" \/>\n\t<meta property=\"og:image:width\" content=\"1200\" \/>\n\t<meta property=\"og:image:height\" content=\"630\" \/>\n\t<meta property=\"og:image:type\" content=\"image\/jpeg\" \/>\n<meta name=\"twitter:card\" content=\"summary_large_image\" \/>\n<meta name=\"twitter:site\" content=\"@eToro\" \/>\n<meta name=\"twitter:label1\" content=\"Est. reading time\" \/>\n\t<meta name=\"twitter:data1\" content=\"10 minutes\" \/>\n<script type=\"application\/ld+json\" class=\"yoast-schema-graph\">{\"@context\":\"https:\/\/schema.org\",\"@graph\":[{\"@type\":\"WebPage\",\"@id\":\"https:\/\/www.etoro.com\/it\/copytrader\/how-it-works\/\",\"url\":\"https:\/\/www.etoro.com\/it\/copytrader\/how-it-works\/\",\"name\":\"Spiegazione dei Sistemi di copia | eToro\",\"isPartOf\":{\"@id\":\"https:\/\/www.etoro.com\/it\/#website\"},\"primaryImageOfPage\":{\"@id\":\"https:\/\/www.etoro.com\/it\/copytrader\/how-it-works\/#primaryimage\"},\"image\":{\"@id\":\"https:\/\/www.etoro.com\/it\/copytrader\/how-it-works\/#primaryimage\"},\"thumbnailUrl\":\"https:\/\/www.etoro.com\/wp-content\/uploads\/2022\/11\/Social_systems-explained_-IT.jpg\",\"datePublished\":\"2017-11-14T07:35:22+00:00\",\"dateModified\":\"2025-12-01T14:27:33+00:00\",\"description\":\"Sistema di copia di eToro, compreso CopyTrader\u2122, per copiare trader di successo, e CopyFunds\u2122, strumento di investimento tematico basato sulla community.\",\"breadcrumb\":{\"@id\":\"https:\/\/www.etoro.com\/it\/copytrader\/how-it-works\/#breadcrumb\"},\"inLanguage\":\"it\",\"potentialAction\":[{\"@type\":\"ReadAction\",\"target\":[\"https:\/\/www.etoro.com\/it\/copytrader\/how-it-works\/\"]}]},{\"@type\":\"ImageObject\",\"inLanguage\":\"it\",\"@id\":\"https:\/\/www.etoro.com\/it\/copytrader\/how-it-works\/#primaryimage\",\"url\":\"https:\/\/www.etoro.com\/wp-content\/uploads\/2022\/11\/Social_systems-explained_-IT.jpg\",\"contentUrl\":\"https:\/\/www.etoro.com\/wp-content\/uploads\/2022\/11\/Social_systems-explained_-IT.jpg\",\"width\":1200,\"height\":630,\"caption\":\"IL COPYTRADER SPIEGATO\"},{\"@type\":\"BreadcrumbList\",\"@id\":\"https:\/\/www.etoro.com\/it\/copytrader\/how-it-works\/#breadcrumb\",\"itemListElement\":[{\"@type\":\"ListItem\",\"position\":1,\"name\":\"Home\",\"item\":\"https:\/\/www.etoro.com\/it\/\"},{\"@type\":\"ListItem\",\"position\":2,\"name\":\"CopyTrader\",\"item\":\"https:\/\/www.etoro.com\/it\/copytrader\/\"},{\"@type\":\"ListItem\",\"position\":3,\"name\":\"COME FUNZIONA\"}]},{\"@type\":\"WebSite\",\"@id\":\"https:\/\/www.etoro.com\/it\/#website\",\"url\":\"https:\/\/www.etoro.com\/it\/\",\"name\":\"eToro\",\"description\":\"\",\"publisher\":{\"@id\":\"https:\/\/www.etoro.com\/it\/#organization\"},\"potentialAction\":[{\"@type\":\"SearchAction\",\"target\":{\"@type\":\"EntryPoint\",\"urlTemplate\":\"https:\/\/www.etoro.com\/it\/?s={search_term_string}\"},\"query-input\":{\"@type\":\"PropertyValueSpecification\",\"valueRequired\":true,\"valueName\":\"search_term_string\"}}],\"inLanguage\":\"it\"},[]]}<\/script>","yoast_head_json":{"title":"Spiegazione dei Sistemi di copia | eToro","description":"Sistema di copia di eToro, compreso CopyTrader\u2122, per copiare trader di successo, e CopyFunds\u2122, strumento di investimento tematico basato sulla community.","robots":{"index":"index","follow":"follow","max-snippet":"max-snippet:-1","max-image-preview":"max-image-preview:large","max-video-preview":"max-video-preview:-1"},"canonical":"https:\/\/www.etoro.com\/it\/wp-json\/wp\/v2\/pages\/9315","og_locale":"it_IT","og_type":"article","og_title":"Spiegazione dei Sistemi di copia | eToro","og_description":"Sistema di copia di eToro, compreso CopyTrader\u2122, per copiare trader di successo, e CopyFunds\u2122, strumento di investimento tematico basato sulla community.","og_url":"https:\/\/www.etoro.com\/it\/wp-json\/wp\/v2\/pages\/9315","og_site_name":"eToro","article_publisher":"https:\/\/www.facebook.com\/eToro\/","article_modified_time":"2025-12-01T14:27:33+00:00","og_image":[{"width":1200,"height":630,"url":"https:\/\/www.etoro.com\/wp-content\/uploads\/2022\/11\/Social_systems-explained_-IT.jpg","type":"image\/jpeg"}],"twitter_card":"summary_large_image","twitter_site":"@eToro","twitter_misc":{"Est. reading time":"10 minutes"},"schema":{"@context":"https:\/\/schema.org","@graph":[{"@type":"WebPage","@id":"https:\/\/www.etoro.com\/it\/copytrader\/how-it-works\/","url":"https:\/\/www.etoro.com\/it\/copytrader\/how-it-works\/","name":"Spiegazione dei Sistemi di copia | eToro","isPartOf":{"@id":"https:\/\/www.etoro.com\/it\/#website"},"primaryImageOfPage":{"@id":"https:\/\/www.etoro.com\/it\/copytrader\/how-it-works\/#primaryimage"},"image":{"@id":"https:\/\/www.etoro.com\/it\/copytrader\/how-it-works\/#primaryimage"},"thumbnailUrl":"https:\/\/www.etoro.com\/wp-content\/uploads\/2022\/11\/Social_systems-explained_-IT.jpg","datePublished":"2017-11-14T07:35:22+00:00","dateModified":"2025-12-01T14:27:33+00:00","description":"Sistema di copia di eToro, compreso CopyTrader\u2122, per copiare trader di successo, e CopyFunds\u2122, strumento di investimento tematico basato sulla community.","breadcrumb":{"@id":"https:\/\/www.etoro.com\/it\/copytrader\/how-it-works\/#breadcrumb"},"inLanguage":"it","potentialAction":[{"@type":"ReadAction","target":["https:\/\/www.etoro.com\/it\/copytrader\/how-it-works\/"]}]},{"@type":"ImageObject","inLanguage":"it","@id":"https:\/\/www.etoro.com\/it\/copytrader\/how-it-works\/#primaryimage","url":"https:\/\/www.etoro.com\/wp-content\/uploads\/2022\/11\/Social_systems-explained_-IT.jpg","contentUrl":"https:\/\/www.etoro.com\/wp-content\/uploads\/2022\/11\/Social_systems-explained_-IT.jpg","width":1200,"height":630,"caption":"IL COPYTRADER SPIEGATO"},{"@type":"BreadcrumbList","@id":"https:\/\/www.etoro.com\/it\/copytrader\/how-it-works\/#breadcrumb","itemListElement":[{"@type":"ListItem","position":1,"name":"Home","item":"https:\/\/www.etoro.com\/it\/"},{"@type":"ListItem","position":2,"name":"CopyTrader","item":"https:\/\/www.etoro.com\/it\/copytrader\/"},{"@type":"ListItem","position":3,"name":"COME FUNZIONA"}]},{"@type":"WebSite","@id":"https:\/\/www.etoro.com\/it\/#website","url":"https:\/\/www.etoro.com\/it\/","name":"eToro","description":"","publisher":{"@id":"https:\/\/www.etoro.com\/it\/#organization"},"potentialAction":[{"@type":"SearchAction","target":{"@type":"EntryPoint","urlTemplate":"https:\/\/www.etoro.com\/it\/?s={search_term_string}"},"query-input":{"@type":"PropertyValueSpecification","valueRequired":true,"valueName":"search_term_string"}}],"inLanguage":"it"},[]]}},"_links":{"self":[{"href":"https:\/\/www.etoro.com\/it\/wp-json\/wp\/v2\/pages\/9315"}],"collection":[{"href":"https:\/\/www.etoro.com\/it\/wp-json\/wp\/v2\/pages"}],"about":[{"href":"https:\/\/www.etoro.com\/it\/wp-json\/wp\/v2\/types\/page"}],"author":[{"embeddable":true,"href":"https:\/\/www.etoro.com\/it\/wp-json\/wp\/v2\/users\/45"}],"replies":[{"embeddable":true,"href":"https:\/\/www.etoro.com\/it\/wp-json\/wp\/v2\/comments?post=9315"}],"version-history":[{"count":0,"href":"https:\/\/www.etoro.com\/it\/wp-json\/wp\/v2\/pages\/9315\/revisions"}],"up":[{"embeddable":true,"href":"https:\/\/www.etoro.com\/it\/wp-json\/wp\/v2\/pages\/34681"}],"wp:featuredmedia":[{"embeddable":true,"href":"https:\/\/www.etoro.com\/it\/wp-json\/wp\/v2\/media\/518662"}],"wp:attachment":[{"href":"https:\/\/www.etoro.com\/it\/wp-json\/wp\/v2\/media?parent=9315"}],"wp:term":[{"taxonomy":"asset_type","embeddable":true,"href":"https:\/\/www.etoro.com\/it\/wp-json\/wp\/v2\/asset_type?post=9315"}],"curies":[{"name":"wp","href":"https:\/\/api.w.org\/{rel}","templated":true}]}}