{"id":931666,"date":"2024-08-27T18:24:28","date_gmt":"2024-08-27T15:24:28","guid":{"rendered":"https:\/\/www.etoro.com\/?page_id=931666"},"modified":"2025-10-30T15:15:01","modified_gmt":"2025-10-30T13:15:01","slug":"applying-macd-indicators","status":"publish","type":"page","link":"https:\/\/www.etoro.com\/it\/trading\/applying-macd-indicators\/","title":{"rendered":"Come applicare gli indicatori MACD"},"content":{"rendered":"\n<p class=\"is-style-summary\">Impara a conoscere e comprendere gli indicatori MACD attraverso esempi pratici. Usa questi indicatori all\u2019interno di una strategia di trading pi\u00f9 avanzata.<\/p>\n\n\n\n\n\n\n<hr class=\"wp-block-separator wp-block-separator-color-dark-grey wp-block-separator-spaces-medium wp-block-separator-weight-1\"\/>\n\n\n\n<p>La media mobile di convergenza\/divergenza (in inglese \u201cmoving average convergence\/divergence\u201d, MACD), \u00e8 uno strumento che aiuta i trader a individuare punti di ingresso e uscita dal mercato basati sul momentum. <strong>Le metriche che costituiscono il MACD sono flessibili, ma i principi fondamentali su cui si basa questo indicatore sono semplici e intuitivi.<\/strong><\/p>\n\n\n\n<figure class=\"wp-block-image size-full\"><img loading=\"lazy\" decoding=\"async\" width=\"756\" height=\"400\" src=\"https:\/\/www.etoro.com\/wp-content\/uploads\/2024\/08\/Body-Image-1_-Understanding-MACD-Beyond-the-basics.png\" alt=\"\" class=\"wp-image-922670 wp-image-desktop\" srcset=\"https:\/\/www.etoro.com\/wp-content\/uploads\/2024\/08\/Body-Image-1_-Understanding-MACD-Beyond-the-basics.png 756w, https:\/\/www.etoro.com\/wp-content\/uploads\/2024\/08\/Body-Image-1_-Understanding-MACD-Beyond-the-basics-300x159.png 300w\" sizes=\"(max-width: 756px) 100vw, 756px\" \/><\/figure>\n\n\n\n<h2 class=\"wp-block-heading\">Capire i MACD oltre gli elementi base<\/h2>\n\n\n\n<p>Come anticipato, il MACD ha metriche flessibili, pertanto il trader pu\u00f2 adattarle alle proprie necessit\u00e0 e agli asset scelti, dando cos\u00ec vita a strategie avanzate.<\/p>\n\n\n\n<p><mark>Gli elementi grafici, cos\u00ec come quelli fondamentali e i parametri scelti, possono essere modificati dal trader. Questo comporta che il MACD pu\u00f2 essere utilizzato in base alle proprie strategie, al tipo di mercato e in combinazione con altri indicatori tecnici per confermare i segnali di trading.<\/mark><\/p>\n\n\n\n<p>Individua i trend e fornisce informazioni sul momentum del mercato, ma sono necessari altri indicatori per comprendere la direzione di un trend.<\/p>\n\n\n\n<h2 class=\"wp-block-heading\">Come usare i MACD in strategie di trading avanzate<\/h2>\n\n\n\n<p><strong>I trader che vogliono usare il MACD in strategie pi\u00f9 avanzate devono interpretare questo indicatore come una <\/strong><strong>media mobile<\/strong> (in inglese \u201cmoving average\u201d, MA) basata sul momentum. Utilizzare l\u2019indicatore pu\u00f2 dare una visione d\u2019insieme delle condizioni di un mercato. Ci sono diversi elementi da prendere in considerazione per comprendere il MACD:&nbsp;<\/p>\n\n\n\n<ul class=\"wp-block-list wp-block-list wp-block-list-circle\">\n<li><strong>La linea di segnale<\/strong> <strong>\u2013<\/strong> si tratta semplicemente di una linea che tiene conto della media mobile esponenziale (\u201cexponential moving average\u201d, o EMA) dei prezzi su un intervallo di tempo inferiore rispetto al MACD. Il comportamento di questa linea in relazione al MACD fornisce informazioni utili sul comportamento del mercato, come vedremo a breve.&nbsp;<\/li>\n\n\n\n<li><strong>Istogramma<\/strong> <strong>\u2013<\/strong> l\u2019istogramma sottrae il valore della linea di segnale al MACD, ed \u00e8 di facile lettura. Se l\u2019istogramma \u00e8 superiore a 0, significa che la linea di segnale \u00e8 inferiore al MACD, e viceversa.&nbsp;<\/li>\n\n\n\n<li><strong>Crossover<\/strong> <strong>\u2013<\/strong> il crossover \u00e8 il punto in cui la linea di segnale e il MACD si intersecano. Il crossover \u00e8 rialzista quando le linee si intersecano e il MACD va sopra la linea di segnale. Al contrario, \u00e8 ribassista quando \u00e8 la linea di segnale ad andare sopra.&nbsp;<\/li>\n\n\n\n<li><strong>Divergenza<\/strong> <strong>\u2013<\/strong> avviene quando i movimenti dei prezzi sul grafico sono in contrapposizione con il MACD. Ad esempio, quando il prezzo continua un movimento rialzista, ma il movimento rialzista del MACD sul monitor \u00e8 inferiore, si crea un segnale che viene interpretato come una divergenza ribassista, puntando dunque a un possibile indebolimento dei prezzi.&nbsp;<\/li>\n<\/ul>\n\n\n\n<p>In sintesi, il MACD trasforma due medie mobili in un indicatore di momentum sottraendo la media mobile con intervallo di tempo pi\u00f9 ampio a quella con intervallo minore.<strong>&nbsp;<\/strong><\/p>\n\n\n\n<h2 class=\"wp-block-heading\">Come integrare i MACD con altri indicatori tecnici&nbsp;<\/h2>\n\n\n\n<p><strong>Essendo un indicatore di <\/strong><a href=\"https:\/\/rankia.it\/indicatore-momentum-cose-e-come-usarlo\/\" target=\"_blank\" rel=\"noreferrer noopener\"><strong>momentum<\/strong><\/a><strong>, il MACD funziona bene se abbinato a indicatori che identificano la direzione del trend<\/strong> \u2013 piuttosto che la sua forza. Questo tipo di indicatore include le linee di tendenza, o i livelli di supporto e resistenza. Ma anche l\u2019indice di forza relativa (RSI), che mostra se un mercato \u00e8 sopravvalutato o svalutato, e le <a href=\"http:\/\/www.etoro.com\/it\/trading\/understanding-bollinger-bands\">bande di Bollinger<\/a>, che indicano punti in cui potrebbe verificarsi un\u2019inversione, funzionano bene in combinazione con il MACD.<\/p>\n\n\n\n<figure class=\"wp-block-image size-full\"><img loading=\"lazy\" decoding=\"async\" width=\"756\" height=\"400\" src=\"https:\/\/www.etoro.com\/wp-content\/uploads\/2024\/08\/Body-Image-2_-Using-MACD-in-real-world-trading-scenarios.png\" alt=\"\" class=\"wp-image-922649 wp-image-desktop\" srcset=\"https:\/\/www.etoro.com\/wp-content\/uploads\/2024\/08\/Body-Image-2_-Using-MACD-in-real-world-trading-scenarios.png 756w, https:\/\/www.etoro.com\/wp-content\/uploads\/2024\/08\/Body-Image-2_-Using-MACD-in-real-world-trading-scenarios-300x159.png 300w\" sizes=\"(max-width: 756px) 100vw, 756px\" \/><\/figure>\n\n\n\n<h2 class=\"wp-block-heading\">Esempi pratici dell\u2019uso dei MACD<\/h2>\n\n\n\n<p><strong>Le inversioni dei MACD e i crossover sono utili per individuare momenti in cui un trend potrebbe essere in procinto di esaurirsi e cambiare rotta.<\/strong> A seconda delle proprie strategie, i trader potrebbero preferire approcci diversi. Mentre alcuni cercano di individuare e sfruttare momenti di possibile inversione, altri preferiscono esclusivamente entrare nel mercato quando ci sono tutti i segnali per stabilire che un trend \u00e8 gi\u00e0 in atto.&nbsp;<\/p>\n\n\n\n<p>Nel grafico seguente possiamo osservare l\u2019andamento dell\u2019<a href=\"https:\/\/www.etoro.com\/it\/markets\/spx500\">indice S&amp;P 500<\/a> e, in particolare, casi di divergenza tra i prezzi e il MACD. Un nuovo massimo nei prezzi \u00e8 messo alla prova da alti decrescenti sul grafico MACD. Tale divergenza indica un indebolimento del trend corrente, e una possibile occasione per <a href=\"https:\/\/www.etoro.com\/it\/trading\/short-selling\/\">vendere allo scoperto<\/a>.<\/p>\n\n\n\n<figure class=\"wp-block-image size-large\"><a href=\"https:\/\/www.etoro.com\/it\/markets\/spx500\/chart\"><img loading=\"lazy\" decoding=\"async\" width=\"1024\" height=\"500\" src=\"https:\/\/www.etoro.com\/wp-content\/uploads\/2024\/09\/IT-Graph-1-3-1-1024x500.png\" alt=\"\" class=\"wp-image-931710 wp-image-desktop\" srcset=\"https:\/\/www.etoro.com\/wp-content\/uploads\/2024\/09\/IT-Graph-1-3-1-1024x500.png 1024w, https:\/\/www.etoro.com\/wp-content\/uploads\/2024\/09\/IT-Graph-1-3-1-300x147.png 300w, https:\/\/www.etoro.com\/wp-content\/uploads\/2024\/09\/IT-Graph-1-3-1-768x375.png 768w, https:\/\/www.etoro.com\/wp-content\/uploads\/2024\/09\/IT-Graph-1-3-1-1536x750.png 1536w, https:\/\/www.etoro.com\/wp-content\/uploads\/2024\/09\/IT-Graph-1-3-1-2048x1000.png 2048w\" sizes=\"(max-width: 1024px) 100vw, 1024px\" \/><\/a><\/figure>\n\n\n\n<p class=\"is-style-disclaimer\"><em>Le performance passate non sono indicative dei risultati futuri.<\/em><\/p>\n\n\n\n<p>Fonte: <a href=\"https:\/\/www.etoro.com\/it\/markets\/spx500\/chart\">eToro<\/a><\/p>\n\n\n\n<h2 class=\"wp-block-heading\">Perch\u00e9 \u00e8 importante adattare i MACD ai diversi tipi di mercato<\/h2>\n\n\n\n<p>Personalizzare l\u2019indicatore MACD \u00e8 rilevante perch\u00e9, quando regolato, i parametri delle metriche utilizzate per analizzare i dati sui prezzi possono <strong>adattarsi meglio alle strategie di trading individuali.<\/strong>&nbsp;<\/p>\n\n\n\n<div class=\"wp-block-etoro-tip wp-block-etoro-tip-border-yellow\"><span class=\"wp-block-etoro-tip-icon\"><\/span><div class=\"wp-block-etoro-tip-text\">\n<p><strong>Consiglio: <\/strong>Esistono molte varianti MACD di base, ognuna delle quali offre una diversa visione delle condizioni di mercato.<\/p>\n<\/div><\/div>\n\n\n\n<p>Ad esempio, i trader che seguono strategie a breve termine darebbero pi\u00f9 peso ai segnali sviluppati utilizzando le linee e gli istogrammi MACD che utilizzano medie mobili di breve periodo come fonte di dati.<\/p>\n\n\n\n<figure class=\"wp-block-image size-full\"><img loading=\"lazy\" decoding=\"async\" width=\"756\" height=\"400\" src=\"https:\/\/www.etoro.com\/wp-content\/uploads\/2024\/08\/Body-Image-3_-Final-thoughts-1-1.png\" alt=\"\" class=\"wp-image-922607 wp-image-desktop\" srcset=\"https:\/\/www.etoro.com\/wp-content\/uploads\/2024\/08\/Body-Image-3_-Final-thoughts-1-1.png 756w, https:\/\/www.etoro.com\/wp-content\/uploads\/2024\/08\/Body-Image-3_-Final-thoughts-1-1-300x159.png 300w\" sizes=\"(max-width: 756px) 100vw, 756px\" \/><\/figure>\n\n\n\n<h2 class=\"wp-block-heading\">Conclusioni<\/h2>\n\n\n\n<p>Alcune delle formule utilizzate per creare il MACD possono sembrare complicate, ma diventano gestibili dopo aver capito che l\u2019indicatore si basa su metriche semplici: le medie mobili.<strong> Il MACD gestisce i numeri delle MA per fornire una visione utile del sentiment del mercato, individuando cos\u00ec segnali di acquisto e vendita.<\/strong><\/p>\n\n\n\n<p>Scopri di pi\u00f9 sull\u2019indicatore MACD con l\u2019<a href=\"https:\/\/www.etoro.com\/it\/academy\/\">Academy di eToro<\/a>.<\/p>\n\n\n\n<h2 class=\"wp-block-heading\">Quiz<\/h2>\n\n\n\n<div class=\"wp-block-etoro-quizzes\">\n<div class=\"wp-block-etoro-quiz\" data-answer=\"2\"><div class=\"wp-block-etoro-quiz-body\"><div class=\"wp-block-etoro-quiz-question\">Cosa fa un istogramma MACD?<\/div>\n<div class=\"wp-block-etoro-quiz-item\">Un istogramma moltiplica il valore della linea di segnale per cinque.<\/div>\n\n\n\n<div class=\"wp-block-etoro-quiz-item\">Un istogramma mostra i dati settimanali del movimento dei prezzi.<\/div>\n\n\n\n<div class=\"wp-block-etoro-quiz-item\">Un istogramma sottrae il valore della linea di segnale dalla lettura principale del MACD.<\/div>\n\n\n\n<div class=\"wp-block-etoro-quiz-item\">Un istogramma indica il punto in cui il MACD incrocia la linea di segnale.<\/div>\n<\/div><div class=\"wp-block-etoro-quiz-result\">\u00a0<\/div><\/div>\n<\/div>\n\n\n\n\n\n<h2 class=\"wp-block-heading\">Domande frequenti<\/h2>\n\n\n\n<dl class=\"wp-block-etoro-faq\">\n<div class=\"wp-block-etoro-faq-item\"><dt class=\"wp-block-etoro-faq-item-question\">Come si pu\u00f2 distinguere tra segnali MACD falsi e genuini in scenari di mercato complessi?&nbsp;<\/dt><dd class=\"wp-block-etoro-faq-item-answer\">\n<p>Il modo migliore per stabilire se un segnale MACD \u00e8 affidabile, \u00e8 aspettare che l\u2019azione del prezzo supporti la tua analisi MACD. Ci\u00f2 potrebbe comportare l\u2019attesa che il prezzo rompe una <a href=\"https:\/\/www.etoro.com\/it\/trading\/charting\/\">linea di tendenza<\/a> significativa, suggerendo che c\u2019\u00e8 sufficiente momentum per formare una nuova tendenza.&nbsp;<\/p>\n<\/dd><\/div>\n\n\n\n<div class=\"wp-block-etoro-faq-item\"><dt class=\"wp-block-etoro-faq-item-question\">Quali sono le migliori pratiche per impostare i parametri MACD in mercati volatili rispetto a quelli stabili?<\/dt><dd class=\"wp-block-etoro-faq-item-answer\">\n<p>Durante i periodi in cui i mercati sono sotto stress e la <a href=\"https:\/\/www.etoro.com\/it\/stocks\/market-volatility\/\">volatilit\u00e0 dei prezzi<\/a> aumenta, il MACD pu\u00f2 generare un numero maggiore di segnali rispetto a quelli utili per il trading. Alcuni, per\u00f2, potrebbero essere anche falsi segnali a causa della volatilit\u00e0 del mercato. Regolare i parametri delle medie mobili su intervalli di tempo pi\u00f9 lunghi pu\u00f2 rendere le letture pi\u00f9 fluide e aiutare a rendere l\u2019indicatore pi\u00f9 efficace.&nbsp;<\/p>\n<\/dd><\/div>\n\n\n\n<div class=\"wp-block-etoro-faq-item\"><dt class=\"wp-block-etoro-faq-item-question\">Come si pu\u00f2 usare il MACD per valutare la forza di una tendenza e i potenziali punti di esaurimento?&nbsp;<\/dt><dd class=\"wp-block-etoro-faq-item-answer\">\n<p>Se le due medie mobili sul tuo monitor MACD stanno divergendo, allora il <a href=\"https:\/\/www.etoro.com\/it\/investing\/momentum-trading-investing\/\">momentum<\/a> sta aumentando. Se stanno convergendo, invece, il momentum sta diminuendo.<\/p>\n<\/dd><\/div>\n<\/dl>\n\n\n\n\t\t<style>\n\t\t\t.rtl .etoro-block-shortcode-disclaimer {\n\t\t\t\ttext-align:right;\n\t\t\t}\n\t\t\t.etoro-block-shortcode-disclaimer {\n\t\t\t\tmargin-bottom:18px;\n\t\t\t\ttext-align:left;\n\t\t\t}\n\t\t\t.etoro-block-shortcode-disclaimer p{\n\t\t\t\tfont-size: 12px;\n\t\t\t\tline-height: 18px;\n\t\t\t}\n\t\t\t@media (min-width: 768px) {\n\t\t\t\t.etoro-block-shortcode-disclaimer {\n\t\t\t\t\tmax-width:1176px;\n\t\t\t\t\ttext-align:center;\n\t\t\t\t}\n\t\t\t\t.etoro-block-shortcode-disclaimer p {\n\t\t\t\t\tfont-size: 14px;\n\t\t\t\t\tline-height: 20px;\n\t\t\t\t}\n\t\t\t}\n\t\t<\/style>\n\t\t<div class='etoro-block-shortcode-disclaimer'><p>Le presenti informazioni vengono fornite al solo scopo educativo e non rappresentano consigli d\u2019investimento o suggerimenti personali. Tali informazioni non devono quindi essere interpretate come offerte o solleciti di compravendita di strumenti finanziari.<\/p>\n<p>Il materiale \u00e8 stato preparato senza tener conto di precisi obiettivi d\u2019investimento o specifiche situazioni finanziarie e non soddisfa pertanto i criteri legali e legislativi previsti per la promozione di ricerche indipendenti.<\/p>\n<p><strong>Non tutti gli strumenti finanziari e i servizi cui viene fatto riferimento sono offerti da eToro<\/strong> e qualsiasi riferimento alle prestazioni passate di uno specifico strumento, indice o prodotto d\u2019investimento preassemblato non rappresenta n\u00e9 deve essere interpretato come un indicatore affidabile di possibili prestazioni future. <strong>La disponibilit\u00e0 di tutti i prodotti e servizi sopra menzionati pu\u00f2 variare a seconda della giurisdizione e del Paese.<\/strong><\/p>\n<p>eToro non offre alcuna garanzia n\u00e9 si assume la responsabilit\u00e0 in merito all\u2019accuratezza o alla completezza del contenuto esposto nella presente guida. Il lettore deve garantire di aver compreso appieno i rischi comportati dal trading prima di impegnare capitale. Si sconsiglia di mettere a rischio pi\u00f9 denaro di quanto non se ne possa perdere.<\/p>\n<\/div>\n","protected":false},"excerpt":{"rendered":"<p>Impara a conoscere e comprendere gli indicatori MACD attraverso esempi pratici. Usa questi indicatori all\u2019interno di una strategia di trading pi\u00f9 avanzata. La media mobile di convergenza\/divergenza (in inglese \u201cmoving average convergence\/divergence\u201d, MACD), \u00e8 uno strumento che aiuta i trader a individuare punti di ingresso e uscita dal mercato basati sul momentum. Le metriche che&hellip;<\/p>\n","protected":false},"author":96,"featured_media":931668,"parent":18387,"menu_order":0,"comment_status":"closed","ping_status":"closed","template":"","meta":{"_acf_changed":true,"inline_featured_image":false,"sticky_cta_settings":"","footnotes":""},"asset_type":[],"class_list":["post-931666","page","type-page","status-publish","has-post-thumbnail","hentry"],"acf":[],"yoast_head":"<title>Strategie avanzate per l\u2019uso dei MACD nel trading<\/title>\n<meta name=\"description\" content=\"Esplora gli aspetti pi\u00f9 avanzati degli indicatori MACD per approfondire la tua analisi tecnica e sviluppare strategie sofisticate.\" \/>\n<meta name=\"robots\" content=\"index, follow, max-snippet:-1, max-image-preview:large, max-video-preview:-1\" \/>\n<link rel=\"canonical\" href=\"https:\/\/www.etoro.com\/it\/wp-json\/wp\/v2\/pages\/931666\" \/>\n<meta property=\"og:locale\" content=\"it_IT\" \/>\n<meta property=\"og:type\" content=\"article\" \/>\n<meta property=\"og:title\" content=\"Strategie avanzate per l\u2019uso dei MACD nel trading\" \/>\n<meta property=\"og:description\" content=\"Esplora gli aspetti pi\u00f9 avanzati degli indicatori MACD per approfondire la tua analisi tecnica e sviluppare strategie sofisticate.\" \/>\n<meta property=\"og:url\" content=\"https:\/\/www.etoro.com\/it\/wp-json\/wp\/v2\/pages\/931666\" \/>\n<meta property=\"og:site_name\" content=\"eToro\" \/>\n<meta property=\"article:publisher\" content=\"https:\/\/www.facebook.com\/eToro\/\" \/>\n<meta property=\"article:modified_time\" content=\"2025-10-30T13:15:01+00:00\" \/>\n<meta property=\"og:image\" content=\"https:\/\/www.etoro.com\/wp-content\/uploads\/2024\/09\/IT-Applying-MACD-Indicators__1200x630.png\" \/>\n\t<meta property=\"og:image:width\" content=\"1200\" \/>\n\t<meta property=\"og:image:height\" content=\"630\" \/>\n\t<meta property=\"og:image:type\" content=\"image\/png\" \/>\n<meta name=\"twitter:card\" content=\"summary_large_image\" \/>\n<meta name=\"twitter:site\" content=\"@eToro\" \/>\n<meta name=\"twitter:label1\" content=\"Est. reading time\" \/>\n\t<meta name=\"twitter:data1\" content=\"5 minutes\" \/>\n<script type=\"application\/ld+json\" class=\"yoast-schema-graph\">{\"@context\":\"https:\/\/schema.org\",\"@graph\":[{\"@type\":\"WebPage\",\"@id\":\"https:\/\/www.etoro.com\/it\/trading\/applying-macd-indicators\/\",\"url\":\"https:\/\/www.etoro.com\/it\/trading\/applying-macd-indicators\/\",\"name\":\"Strategie avanzate per l\u2019uso dei MACD nel trading\",\"isPartOf\":{\"@id\":\"https:\/\/www.etoro.com\/it\/#website\"},\"primaryImageOfPage\":{\"@id\":\"https:\/\/www.etoro.com\/it\/trading\/applying-macd-indicators\/#primaryimage\"},\"image\":{\"@id\":\"https:\/\/www.etoro.com\/it\/trading\/applying-macd-indicators\/#primaryimage\"},\"thumbnailUrl\":\"https:\/\/www.etoro.com\/wp-content\/uploads\/2024\/09\/IT-Applying-MACD-Indicators__1200x630.png\",\"datePublished\":\"2024-08-27T15:24:28+00:00\",\"dateModified\":\"2025-10-30T13:15:01+00:00\",\"description\":\"Esplora gli aspetti pi\u00f9 avanzati degli indicatori MACD per approfondire la tua analisi tecnica e sviluppare strategie sofisticate.\",\"breadcrumb\":{\"@id\":\"https:\/\/www.etoro.com\/it\/trading\/applying-macd-indicators\/#breadcrumb\"},\"inLanguage\":\"it\",\"potentialAction\":[{\"@type\":\"ReadAction\",\"target\":[\"https:\/\/www.etoro.com\/it\/trading\/applying-macd-indicators\/\"]}]},{\"@type\":\"ImageObject\",\"inLanguage\":\"it\",\"@id\":\"https:\/\/www.etoro.com\/it\/trading\/applying-macd-indicators\/#primaryimage\",\"url\":\"https:\/\/www.etoro.com\/wp-content\/uploads\/2024\/09\/IT-Applying-MACD-Indicators__1200x630.png\",\"contentUrl\":\"https:\/\/www.etoro.com\/wp-content\/uploads\/2024\/09\/IT-Applying-MACD-Indicators__1200x630.png\",\"width\":1200,\"height\":630},{\"@type\":\"BreadcrumbList\",\"@id\":\"https:\/\/www.etoro.com\/it\/trading\/applying-macd-indicators\/#breadcrumb\",\"itemListElement\":[{\"@type\":\"ListItem\",\"position\":1,\"name\":\"Home\",\"item\":\"https:\/\/www.etoro.com\/it\/\"},{\"@type\":\"ListItem\",\"position\":2,\"name\":\"TRADING\",\"item\":\"https:\/\/www.etoro.com\/it\/trading\/\"},{\"@type\":\"ListItem\",\"position\":3,\"name\":\"Come applicare gli indicatori MACD\"}]},{\"@type\":\"WebSite\",\"@id\":\"https:\/\/www.etoro.com\/it\/#website\",\"url\":\"https:\/\/www.etoro.com\/it\/\",\"name\":\"eToro\",\"description\":\"\",\"publisher\":{\"@id\":\"https:\/\/www.etoro.com\/it\/#organization\"},\"potentialAction\":[{\"@type\":\"SearchAction\",\"target\":{\"@type\":\"EntryPoint\",\"urlTemplate\":\"https:\/\/www.etoro.com\/it\/?s={search_term_string}\"},\"query-input\":{\"@type\":\"PropertyValueSpecification\",\"valueRequired\":true,\"valueName\":\"search_term_string\"}}],\"inLanguage\":\"it\"},[]]}<\/script>","yoast_head_json":{"title":"Strategie avanzate per l\u2019uso dei MACD nel trading","description":"Esplora gli aspetti pi\u00f9 avanzati degli indicatori MACD per approfondire la tua analisi tecnica e sviluppare strategie sofisticate.","robots":{"index":"index","follow":"follow","max-snippet":"max-snippet:-1","max-image-preview":"max-image-preview:large","max-video-preview":"max-video-preview:-1"},"canonical":"https:\/\/www.etoro.com\/it\/wp-json\/wp\/v2\/pages\/931666","og_locale":"it_IT","og_type":"article","og_title":"Strategie avanzate per l\u2019uso dei MACD nel trading","og_description":"Esplora gli aspetti pi\u00f9 avanzati degli indicatori MACD per approfondire la tua analisi tecnica e sviluppare strategie sofisticate.","og_url":"https:\/\/www.etoro.com\/it\/wp-json\/wp\/v2\/pages\/931666","og_site_name":"eToro","article_publisher":"https:\/\/www.facebook.com\/eToro\/","article_modified_time":"2025-10-30T13:15:01+00:00","og_image":[{"width":1200,"height":630,"url":"https:\/\/www.etoro.com\/wp-content\/uploads\/2024\/09\/IT-Applying-MACD-Indicators__1200x630.png","type":"image\/png"}],"twitter_card":"summary_large_image","twitter_site":"@eToro","twitter_misc":{"Est. reading time":"5 minutes"},"schema":{"@context":"https:\/\/schema.org","@graph":[{"@type":"WebPage","@id":"https:\/\/www.etoro.com\/it\/trading\/applying-macd-indicators\/","url":"https:\/\/www.etoro.com\/it\/trading\/applying-macd-indicators\/","name":"Strategie avanzate per l\u2019uso dei MACD nel trading","isPartOf":{"@id":"https:\/\/www.etoro.com\/it\/#website"},"primaryImageOfPage":{"@id":"https:\/\/www.etoro.com\/it\/trading\/applying-macd-indicators\/#primaryimage"},"image":{"@id":"https:\/\/www.etoro.com\/it\/trading\/applying-macd-indicators\/#primaryimage"},"thumbnailUrl":"https:\/\/www.etoro.com\/wp-content\/uploads\/2024\/09\/IT-Applying-MACD-Indicators__1200x630.png","datePublished":"2024-08-27T15:24:28+00:00","dateModified":"2025-10-30T13:15:01+00:00","description":"Esplora gli aspetti pi\u00f9 avanzati degli indicatori MACD per approfondire la tua analisi tecnica e sviluppare strategie sofisticate.","breadcrumb":{"@id":"https:\/\/www.etoro.com\/it\/trading\/applying-macd-indicators\/#breadcrumb"},"inLanguage":"it","potentialAction":[{"@type":"ReadAction","target":["https:\/\/www.etoro.com\/it\/trading\/applying-macd-indicators\/"]}]},{"@type":"ImageObject","inLanguage":"it","@id":"https:\/\/www.etoro.com\/it\/trading\/applying-macd-indicators\/#primaryimage","url":"https:\/\/www.etoro.com\/wp-content\/uploads\/2024\/09\/IT-Applying-MACD-Indicators__1200x630.png","contentUrl":"https:\/\/www.etoro.com\/wp-content\/uploads\/2024\/09\/IT-Applying-MACD-Indicators__1200x630.png","width":1200,"height":630},{"@type":"BreadcrumbList","@id":"https:\/\/www.etoro.com\/it\/trading\/applying-macd-indicators\/#breadcrumb","itemListElement":[{"@type":"ListItem","position":1,"name":"Home","item":"https:\/\/www.etoro.com\/it\/"},{"@type":"ListItem","position":2,"name":"TRADING","item":"https:\/\/www.etoro.com\/it\/trading\/"},{"@type":"ListItem","position":3,"name":"Come applicare gli indicatori MACD"}]},{"@type":"WebSite","@id":"https:\/\/www.etoro.com\/it\/#website","url":"https:\/\/www.etoro.com\/it\/","name":"eToro","description":"","publisher":{"@id":"https:\/\/www.etoro.com\/it\/#organization"},"potentialAction":[{"@type":"SearchAction","target":{"@type":"EntryPoint","urlTemplate":"https:\/\/www.etoro.com\/it\/?s={search_term_string}"},"query-input":{"@type":"PropertyValueSpecification","valueRequired":true,"valueName":"search_term_string"}}],"inLanguage":"it"},[]]}},"_links":{"self":[{"href":"https:\/\/www.etoro.com\/it\/wp-json\/wp\/v2\/pages\/931666"}],"collection":[{"href":"https:\/\/www.etoro.com\/it\/wp-json\/wp\/v2\/pages"}],"about":[{"href":"https:\/\/www.etoro.com\/it\/wp-json\/wp\/v2\/types\/page"}],"author":[{"embeddable":true,"href":"https:\/\/www.etoro.com\/it\/wp-json\/wp\/v2\/users\/96"}],"replies":[{"embeddable":true,"href":"https:\/\/www.etoro.com\/it\/wp-json\/wp\/v2\/comments?post=931666"}],"version-history":[{"count":0,"href":"https:\/\/www.etoro.com\/it\/wp-json\/wp\/v2\/pages\/931666\/revisions"}],"up":[{"embeddable":true,"href":"https:\/\/www.etoro.com\/it\/wp-json\/wp\/v2\/pages\/18387"}],"wp:featuredmedia":[{"embeddable":true,"href":"https:\/\/www.etoro.com\/it\/wp-json\/wp\/v2\/media\/931668"}],"wp:attachment":[{"href":"https:\/\/www.etoro.com\/it\/wp-json\/wp\/v2\/media?parent=931666"}],"wp:term":[{"taxonomy":"asset_type","embeddable":true,"href":"https:\/\/www.etoro.com\/it\/wp-json\/wp\/v2\/asset_type?post=931666"}],"curies":[{"name":"wp","href":"https:\/\/api.w.org\/{rel}","templated":true}]}}