{"id":9416,"date":"2017-10-24T10:23:14","date_gmt":"2017-10-24T07:23:14","guid":{"rendered":"\/etoro\/academy\/tips\/"},"modified":"2022-12-28T11:00:55","modified_gmt":"2022-12-28T09:00:55","slug":"tips","status":"publish","type":"page","link":"https:\/\/www.etoro.com\/it\/trading\/tips\/","title":{"rendered":"Consigli di trading e investimento"},"content":{"rendered":"<h2>Perch\u00e9 hai bisogno di questi consigli di trading?<\/h2>\n<p>I primi passi che fai sulla piattaforma eToro sono molto importanti. Cos\u00ec abbiamo riunito i nostri migliori consigli di trading e investimento per aiutarti a prendere confidenza con i vari strumenti e funzionalit\u00e0 disponibili. Qui puoi trovare dei principi validi per tutte le funzioni di trading e social trading di eToro.<\/p>\n<h2>Consigli per il trading su eToro<\/h2>\n<ul>\n<li>Scegli i tuoi asset: ti interessano le azioni? Le valute? Forse Bitcoin? Ogni classe di asset ha vantaggi e sfide specifici, quindi assicurati di familiarizzare con ciascuno di essi.<\/li>\n<li>Diversifica: qualsiasi trader ti dir\u00e0 che la chiave per un portafoglio a basso rischio \u00e8 la diversificazione. Distribuisci i tuoi fondi saggiamente tra vari asset e classi di asset.<\/li>\n<li>Resta informato: rimani al corrente delle ultime notizie e degli eventi imminenti nel mondo della finanza. Puoi utilizzare il <a href=\"https:\/\/www.etoro.com\/it\/trading\/economic-calendar\/\">Calendario eToro<\/a> e ricevere la nostra analisi di mercato giornaliera via email.<\/li>\n<li>Scegli uno stile: il tuo modo di fare trading pu\u00f2 variare in relazione alla quantit\u00e0 di capitale che hai a disposizione, al tuo livello di coinvolgimento e ad altre preferenze. Puoi optare per l&#8217;approccio tecnico, che si basa sulla lettura di grafici e l&#8217;individuazione di schemi, o per l&#8217;approccio fondamentale, che \u00e8 principalmente teso alla comprensione di come un asset reagir\u00e0 a un determinato evento o periodo dell&#8217;anno.<\/li>\n<li>Esercitati: iscrivendoti a eToro, otterrai un conto demo con $100.000 in denaro virtuale. Usalo per familiarizzare con il trading prima di rischiare il tuo denaro reale. Puoi utilizzare questo account sia per il trading tradizionale che per il copy trading.<\/li>\n<\/ul>\n<h2>Consigli per il social trading su eToro<\/h2>\n<ul>\n<li>Trova le persone giuste da copiare: utilizza lo strumento Scopri le persone per trovare i migliori trader da seguire e copiare. Filtra i risultati in base al punteggio di rischio, al guadagno, al Paese d&#8217;origine e molte altre categorie.<\/li>\n<li>Copia i top trader: il sistema CopyTrader\u2122 \u00e8 un ottimo modo per automatizzare le tue abitudini di trading. Se non sei un trader fattivo o semplicemente non hai abbastanza tempo libero, copiare un trader esperto, facendo automaticamente tutto ci\u00f2 che fa in tempo reale, \u00e8 un&#8217;ottima opzione.<\/li>\n<li>Ulteriori informazioni sui Popular investor: i trader di successo che ottengono un seguito possono essere accettati nel programma Popular Investor di eToro. Il programma ricompensa questi trader con dei benefici accessori sorprendenti, che li incoraggiano a condividere le proprie conoscenze e a fare trading in modo responsabile. Se sei un buon trader, con buoni rendimenti a basso rischio, potresti essere ammesso al programma.<\/li>\n<li>Il tempismo \u00e8 fondamentale: se hai intenzione di copiare un nuovo trader, leggi il suo profilo e familiarizza con la sua strategia. Alcuni hanno strategie a lungo termine che prevedono perdite lungo il percorso, con l&#8217;obiettivo di guadagnare pi\u00f9 avanti, quindi assicurati di sapere in quale ciclo si trova il trader in questione.<\/li>\n<\/ul>\n<h2>Consigli per investire in Smart Portfolio<\/h2>\n<ul>\n<li>Aggiungi investimenti tematici al tuo portafoglio: l&#8217;investimento tematico \u00e8 un ottimo modo per investire a lungo termine e ridurre i rischi. Per saperne di pi\u00f9 vai sul <u><a href=\"http:\/\/www.etoro.com\/it\/blog\">blog eToro<\/a><\/u>.<\/li>\n<li>Cosa sono i Smart Portfolio: un nuovo strumento finanziario sviluppato da eToro. Ogni strategia di investimento Smart Portfolio contiene vari asset o trader ed \u00e8 costantemente ottimizzata da un algoritmo, programmato per ridurre i rischi e incrementare i profitti.<\/li>\n<li>Scopri il tuo Smart Portfolio: Esistono tre tipi diversi di Smart Portfolio:\n<ol>\n<li>Top Trader Smart Portfolio, che raggruppano i trader di successo di eToro;<\/li>\n<li>Market Smart Portfolio, che riuniscono diversi asset seguendo una specifica strategia di mercato; e<\/li>\n<li>Partner Smart Portfolio, la cui composizione \u00e8 affidata ad alcune delle societ\u00e0 di servizi finanziari pi\u00f9 innovative al mondo.<\/li>\n<\/ol>\n<\/li>\n<li>Pensa a lungo termine: rischi limitati di solito comportano anche rendimenti minori. Pertanto, se investi in Smart Portfolio, ricordati che non offrono guadagni veloci e che sono progettati per generare profitti nel tempo.<\/li>\n<\/ul>\n<h2>Consigli per Investire<\/h2>\n<p><strong>Obiettivi: <\/strong>Quando si inizia ad investire, occorre fissare una serie di obiettivi. Vuoi guadagnare denaro in tempi brevi? Sei alla ricerca di investimenti a lungo termine? Avere una serie definita di obiettivi funge un po\u2019 da bussola. Far\u00e0 da guida mentre ci si districa tra diversi ostacoli e opzioni lungo il percorso.<\/p>\n<p><strong>Piano:<\/strong> Una volta fissato un obiettivo, \u00e8 imprescindibile avere un piano per conseguirlo. Quali sono gli step da seguire per raggiungere quell&#8217;obiettivo o quella serie di obiettivi?<\/p>\n<p><strong>Asset di investimento:<\/strong> Quando si inizia a mettere a punto un piano, occorre familiarizzare con tutti i diversi tipi di asset nell&#8217;universo degli investimenti. Ognuno di essi porta con se un peculiare fardello di rischi e benefici, motivo per cui \u00e8 essenziale comprendere come ciascuno interagisce con gli altri.<\/p>\n<p><strong>Strategie di investimento:<\/strong> Vi \u00e8 un\u2019ampia gamma di <a class=\"waffle-rich-text-link\" href=\"https:\/\/www.etoro.com\/it\/news-and-analysis\/copytrader\/6-investment-strategies-gaspersopi\/\">strategie di investimento<\/a> che \u00e8 possibile adoperare per conseguire i propri obiettivi. Alcune ricorrono a strumenti di analisi tecnica, altre fanno uso dell\u2019analisi fondamentale. Nel secolo scorso, una miriade di investitori di successo si \u00e8 cimentata nella stesura di testi riguardanti le strategie da loro utilizzate per accumulare ricchezza.<\/p>\n<p><strong>Il rischio \u00e8 un fattore:<\/strong> Comunque si scelga di investire, si tenga ben presente che <a class=\"waffle-rich-text-link\" href=\"https:\/\/www.etoro.com\/it\/stocks\/risk-management\/\">il fattore rischio entra in gioco.<\/a> \u00c8 possibile guadagnare grosse somme di denaro, ma \u00e8 altrettanto probabile perderne ingenti quantit\u00e0. \u00c8 importante ricordarlo nel decidere quanto denaro investire. Assicurati di investire soltanto una somma che puoi permetterti di perdere.<\/p>\n<p><strong>Formazione individuale:<\/strong> Impara quanto pi\u00f9 possibile sul mondo degli investimenti prima di investire il tuo denaro. Oggigiorno, \u00e8 possibile trovare una marea di materiale gratuito disponibile liberamente sul web. <a class=\"waffle-rich-text-link\" href=\"https:\/\/www.etoro.com\/it\/academy\/\">eToro vanta contenuti esclusivi<\/a> L\u2019Academy dispone di numerosi video didattici, delucidazioni, webinar, corsi, lezioni, interviste ed altro ancora, che possono aiutarti ad avvicinarti al mondo degli investimenti con un bagaglio di conoscenze che sia quanto pi\u00f9 possibile funzionale.<\/p>\n","protected":false},"excerpt":{"rendered":"<p>Perch\u00e9 hai bisogno di questi consigli di trading? I primi passi che fai sulla piattaforma eToro sono molto importanti. Cos\u00ec abbiamo riunito i nostri migliori consigli di trading e investimento per aiutarti a prendere confidenza con i vari strumenti e funzionalit\u00e0 disponibili. Qui puoi trovare dei principi validi per tutte le funzioni di trading e&hellip;<\/p>\n","protected":false},"author":1,"featured_media":0,"parent":18387,"menu_order":1455,"comment_status":"closed","ping_status":"closed","template":"","meta":{"_acf_changed":false,"inline_featured_image":false,"sticky_cta_settings":"","footnotes":""},"asset_type":[],"class_list":["post-9416","page","type-page","status-publish","hentry"],"acf":[],"yoast_head":"<title>Consigli su trading e investimenti offerti da eToro<\/title>\n<meta name=\"description\" content=\"Prima di dedicarti all&#039;online e social trading, controlla questi utili suggerimenti di eToro, concepiti per aiutarti a fare scelte pi\u00f9 intelligenti.\" \/>\n<meta name=\"robots\" content=\"index, follow, max-snippet:-1, max-image-preview:large, max-video-preview:-1\" \/>\n<link rel=\"canonical\" href=\"https:\/\/www.etoro.com\/it\/wp-json\/wp\/v2\/pages\/9416\" \/>\n<meta property=\"og:locale\" content=\"it_IT\" \/>\n<meta property=\"og:type\" content=\"article\" \/>\n<meta property=\"og:title\" content=\"Consigli su trading e investimenti offerti da eToro\" \/>\n<meta property=\"og:description\" content=\"Prima di dedicarti all&#039;online e social trading, controlla questi utili suggerimenti di eToro, concepiti per aiutarti a fare scelte pi\u00f9 intelligenti.\" \/>\n<meta property=\"og:url\" content=\"https:\/\/www.etoro.com\/it\/wp-json\/wp\/v2\/pages\/9416\" \/>\n<meta property=\"og:site_name\" content=\"eToro\" \/>\n<meta property=\"article:publisher\" content=\"https:\/\/www.facebook.com\/eToro\/\" \/>\n<meta property=\"article:modified_time\" content=\"2022-12-28T09:00:55+00:00\" \/>\n<meta property=\"og:image\" content=\"https:\/\/www.etoro.com\/wp-content\/uploads\/2019\/12\/etoro_logo_social_share1.png\" \/>\n\t<meta property=\"og:image:width\" content=\"240\" \/>\n\t<meta property=\"og:image:height\" content=\"240\" \/>\n\t<meta property=\"og:image:type\" content=\"image\/png\" \/>\n<meta name=\"twitter:card\" content=\"summary_large_image\" \/>\n<meta name=\"twitter:site\" content=\"@eToro\" \/>\n<meta name=\"twitter:label1\" content=\"Est. reading time\" \/>\n\t<meta name=\"twitter:data1\" content=\"4 minutes\" \/>\n<script type=\"application\/ld+json\" class=\"yoast-schema-graph\">{\"@context\":\"https:\/\/schema.org\",\"@graph\":[{\"@type\":\"WebPage\",\"@id\":\"https:\/\/www.etoro.com\/it\/trading\/tips\/\",\"url\":\"https:\/\/www.etoro.com\/it\/trading\/tips\/\",\"name\":\"Consigli su trading e investimenti offerti da eToro\",\"isPartOf\":{\"@id\":\"https:\/\/www.etoro.com\/it\/#website\"},\"datePublished\":\"2017-10-24T07:23:14+00:00\",\"dateModified\":\"2022-12-28T09:00:55+00:00\",\"description\":\"Prima di dedicarti all'online e social trading, controlla questi utili suggerimenti di eToro, concepiti per aiutarti a fare scelte pi\u00f9 intelligenti.\",\"breadcrumb\":{\"@id\":\"https:\/\/www.etoro.com\/it\/trading\/tips\/#breadcrumb\"},\"inLanguage\":\"it\",\"potentialAction\":[{\"@type\":\"ReadAction\",\"target\":[\"https:\/\/www.etoro.com\/it\/trading\/tips\/\"]}]},{\"@type\":\"BreadcrumbList\",\"@id\":\"https:\/\/www.etoro.com\/it\/trading\/tips\/#breadcrumb\",\"itemListElement\":[{\"@type\":\"ListItem\",\"position\":1,\"name\":\"Home\",\"item\":\"https:\/\/www.etoro.com\/it\/\"},{\"@type\":\"ListItem\",\"position\":2,\"name\":\"TRADING\",\"item\":\"https:\/\/www.etoro.com\/it\/trading\/\"},{\"@type\":\"ListItem\",\"position\":3,\"name\":\"CONSIGLI\"}]},{\"@type\":\"WebSite\",\"@id\":\"https:\/\/www.etoro.com\/it\/#website\",\"url\":\"https:\/\/www.etoro.com\/it\/\",\"name\":\"eToro\",\"description\":\"\",\"publisher\":{\"@id\":\"https:\/\/www.etoro.com\/it\/#organization\"},\"potentialAction\":[{\"@type\":\"SearchAction\",\"target\":{\"@type\":\"EntryPoint\",\"urlTemplate\":\"https:\/\/www.etoro.com\/it\/?s={search_term_string}\"},\"query-input\":{\"@type\":\"PropertyValueSpecification\",\"valueRequired\":true,\"valueName\":\"search_term_string\"}}],\"inLanguage\":\"it\"},[]]}<\/script>","yoast_head_json":{"title":"Consigli su trading e investimenti offerti da eToro","description":"Prima di dedicarti all'online e social trading, controlla questi utili suggerimenti di eToro, concepiti per aiutarti a fare scelte pi\u00f9 intelligenti.","robots":{"index":"index","follow":"follow","max-snippet":"max-snippet:-1","max-image-preview":"max-image-preview:large","max-video-preview":"max-video-preview:-1"},"canonical":"https:\/\/www.etoro.com\/it\/wp-json\/wp\/v2\/pages\/9416","og_locale":"it_IT","og_type":"article","og_title":"Consigli su trading e investimenti offerti da eToro","og_description":"Prima di dedicarti all'online e social trading, controlla questi utili suggerimenti di eToro, concepiti per aiutarti a fare scelte pi\u00f9 intelligenti.","og_url":"https:\/\/www.etoro.com\/it\/wp-json\/wp\/v2\/pages\/9416","og_site_name":"eToro","article_publisher":"https:\/\/www.facebook.com\/eToro\/","article_modified_time":"2022-12-28T09:00:55+00:00","og_image":[{"width":240,"height":240,"url":"https:\/\/www.etoro.com\/wp-content\/uploads\/2019\/12\/etoro_logo_social_share1.png","type":"image\/png"}],"twitter_card":"summary_large_image","twitter_site":"@eToro","twitter_misc":{"Est. reading time":"4 minutes"},"schema":{"@context":"https:\/\/schema.org","@graph":[{"@type":"WebPage","@id":"https:\/\/www.etoro.com\/it\/trading\/tips\/","url":"https:\/\/www.etoro.com\/it\/trading\/tips\/","name":"Consigli su trading e investimenti offerti da eToro","isPartOf":{"@id":"https:\/\/www.etoro.com\/it\/#website"},"datePublished":"2017-10-24T07:23:14+00:00","dateModified":"2022-12-28T09:00:55+00:00","description":"Prima di dedicarti all'online e social trading, controlla questi utili suggerimenti di eToro, concepiti per aiutarti a fare scelte pi\u00f9 intelligenti.","breadcrumb":{"@id":"https:\/\/www.etoro.com\/it\/trading\/tips\/#breadcrumb"},"inLanguage":"it","potentialAction":[{"@type":"ReadAction","target":["https:\/\/www.etoro.com\/it\/trading\/tips\/"]}]},{"@type":"BreadcrumbList","@id":"https:\/\/www.etoro.com\/it\/trading\/tips\/#breadcrumb","itemListElement":[{"@type":"ListItem","position":1,"name":"Home","item":"https:\/\/www.etoro.com\/it\/"},{"@type":"ListItem","position":2,"name":"TRADING","item":"https:\/\/www.etoro.com\/it\/trading\/"},{"@type":"ListItem","position":3,"name":"CONSIGLI"}]},{"@type":"WebSite","@id":"https:\/\/www.etoro.com\/it\/#website","url":"https:\/\/www.etoro.com\/it\/","name":"eToro","description":"","publisher":{"@id":"https:\/\/www.etoro.com\/it\/#organization"},"potentialAction":[{"@type":"SearchAction","target":{"@type":"EntryPoint","urlTemplate":"https:\/\/www.etoro.com\/it\/?s={search_term_string}"},"query-input":{"@type":"PropertyValueSpecification","valueRequired":true,"valueName":"search_term_string"}}],"inLanguage":"it"},[]]}},"_links":{"self":[{"href":"https:\/\/www.etoro.com\/it\/wp-json\/wp\/v2\/pages\/9416"}],"collection":[{"href":"https:\/\/www.etoro.com\/it\/wp-json\/wp\/v2\/pages"}],"about":[{"href":"https:\/\/www.etoro.com\/it\/wp-json\/wp\/v2\/types\/page"}],"author":[{"embeddable":true,"href":"https:\/\/www.etoro.com\/it\/wp-json\/wp\/v2\/users\/1"}],"replies":[{"embeddable":true,"href":"https:\/\/www.etoro.com\/it\/wp-json\/wp\/v2\/comments?post=9416"}],"version-history":[{"count":0,"href":"https:\/\/www.etoro.com\/it\/wp-json\/wp\/v2\/pages\/9416\/revisions"}],"up":[{"embeddable":true,"href":"https:\/\/www.etoro.com\/it\/wp-json\/wp\/v2\/pages\/18387"}],"wp:attachment":[{"href":"https:\/\/www.etoro.com\/it\/wp-json\/wp\/v2\/media?parent=9416"}],"wp:term":[{"taxonomy":"asset_type","embeddable":true,"href":"https:\/\/www.etoro.com\/it\/wp-json\/wp\/v2\/asset_type?post=9416"}],"curies":[{"name":"wp","href":"https:\/\/api.w.org\/{rel}","templated":true}]}}