{"id":942924,"date":"2025-03-20T13:40:43","date_gmt":"2025-03-20T11:40:43","guid":{"rendered":"https:\/\/www.etoro.com\/?page_id=942924"},"modified":"2026-01-19T10:34:27","modified_gmt":"2026-01-19T08:34:27","slug":"policy","status":"publish","type":"page","link":"https:\/\/www.etoro.com\/it\/editorial\/policy\/","title":{"rendered":"Academy Editorial Policies"},"content":{"rendered":"\n<section class=\"wp-block-group wp-block-group-full\"><div class=\"wp-block-group-inner is-layout-flow wp-block-group-is-layout-flow\">\n<h2 class=\"wp-block-heading\">Introduzione<\/h2>\n\n\n\n<p>Lo scopo della presente policy editoriale \u00e8 illustrare i principi guida alla base della creazione e della diffusione di contenuti all\u2019interno dell\u2019<a href=\"https:\/\/www.etoro.com\/it\/academy\/\" target=\"_blank\" rel=\"noreferrer noopener\">Academy di eToro<\/a>. La policy \u00e8 concepita per fungere da schema di riferimento per favorire l&#8217;integrit\u00e0, l&#8217;affidabilit\u00e0 e la qualit\u00e0 complessiva delle informazioni rese agli utenti.<\/p>\n\n\n\n<figure class=\"wp-block-image size-full\"><img loading=\"lazy\" decoding=\"async\" width=\"756\" height=\"400\" src=\"https:\/\/www.etoro.com\/wp-content\/uploads\/2024\/09\/Academy-Editorial-Policy_Intro-Illustration.png\" alt=\"\" class=\"wp-image-934548 wp-image-desktop\" srcset=\"https:\/\/www.etoro.com\/wp-content\/uploads\/2024\/09\/Academy-Editorial-Policy_Intro-Illustration.png 756w, https:\/\/www.etoro.com\/wp-content\/uploads\/2024\/09\/Academy-Editorial-Policy_Intro-Illustration-300x159.png 300w\" sizes=\"(max-width: 756px) 100vw, 756px\" \/><\/figure>\n\n\n\n<h2 class=\"wp-block-heading\">Mission della policy editoriale<\/h2>\n\n\n\n<p>Siamo consapevoli che, sebbene internet sia ricca di informazioni, districarsi tra di esse pu\u00f2 rivelarsi snervante e complicato. Ecco perch\u00e9 abbiamo dato alla nostra Academy un\u2019impostazione strutturata e modulare, cos\u00ec da garantire che gli investitori siano in grado non solo di reperirvi costantemente informazioni, ma anche di acquisire una conoscenza e una comprensione fattiva.<\/p>\n\n\n\n<p>L&#8217;obiettivo \u00e8 predisporre materiali accurati, affidabili, stimolanti e istruttivi per la fruizione dei nostri utenti. La presente policy orienta il nostro processo di creazione di contenuti volto ad aiutare i lettori ad approfondire la comprensione e a promuovere uno spazio affidabile per l&#8217;apprendimento.<\/p>\n\n\n\n<h2 class=\"wp-block-heading\">Ambito (tipi di contenuti trattati)<\/h2>\n\n\n\n<p>La presente policy riguarda svariate tipologie di contenuto, tra cui corsi, articoli, tutorial, webinar, podcast e altri materiali didattici pubblicati dall\u2019Academy di eToro, assicurando al contempo che tutte le risorse rispondano ai nostri consolidati standard di eccellenza.<\/p>\n\n\n\n<figure class=\"wp-block-image size-full\"><img loading=\"lazy\" decoding=\"async\" width=\"756\" height=\"400\" src=\"https:\/\/www.etoro.com\/wp-content\/uploads\/2024\/09\/Academy-Editorial-Policy_Style-Illustration.png\" alt=\"\" class=\"wp-image-934572 wp-image-desktop\" srcset=\"https:\/\/www.etoro.com\/wp-content\/uploads\/2024\/09\/Academy-Editorial-Policy_Style-Illustration.png 756w, https:\/\/www.etoro.com\/wp-content\/uploads\/2024\/09\/Academy-Editorial-Policy_Style-Illustration-300x159.png 300w\" sizes=\"(max-width: 756px) 100vw, 756px\" \/><\/figure>\n\n\n\n<h2 class=\"wp-block-heading\">Standard di contenuto<\/h2>\n\n\n\n<h3 class=\"wp-block-heading\">Accuratezza e affidabilit\u00e0<\/h3>\n\n\n\n<p>Ci impegniamo a pubblicare contenuti che siano fattualmente accurati e verificabili. Implementiamo rigorose procedure di verifica delle informazioni prima della loro pubblicazione, in modo da garantire l&#8217;attendibilit\u00e0 dei contenuti.<\/p>\n\n\n\n<h3 class=\"wp-block-heading\">Fonti e citazioni<\/h3>\n\n\n\n<p>La trasparenza delle fonti \u00e8 imprescindibile per salvaguardare la nostra integrit\u00e0 editoriale. A tutti i contenuti sono allegate le citazioni e la bibliografia delle fonti utilizzate, cos\u00ec da consentire al lettore di effettuare ulteriori approfondimenti e verifiche.<\/p>\n\n\n\n<h3 class=\"wp-block-heading\">Obiettivit\u00e0 e imparzialit\u00e0<\/h3>\n\n\n\n<p>I materiali sono redatti in modo da fornire informazioni eque e obiettive, scevre da influenze esterne o preconcetti individuali, affinch\u00e9 i nostri lettori consultino dati oggettivi in grado di favorirne il processo decisionale.<\/p>\n\n\n\n<h3 class=\"wp-block-heading\">Etica<\/h3>\n\n\n\n<p>Ci atteniamo ai pi\u00f9 elevati standard etici, assicurandoci che i contenuti non violino privacy, copyright o altre norme giuridiche. Le valutazioni etiche guidano anche le nostre interazioni con i fornitori e le fonti di contenuti di terze parti.<\/p>\n\n\n\n<h3 class=\"wp-block-heading\">Contenuti di terze parti<\/h3>\n\n\n\n<p>I contenuti redatti da provider terzi sono chiaramente contrassegnati e recanti la rispettiva fonte, nonch\u00e9 accuratamente verificati da eToro per garantire l\u2019ottemperanza alle politiche e agli standard aziendali.<\/p>\n\n\n\n<h2 class=\"wp-block-heading\">Stile di scrittura e linee guida<\/h2>\n\n\n\n<h3 class=\"wp-block-heading\">Chiarezza e leggibilit\u00e0<\/h3>\n\n\n\n<p>\u00c8 fondamentale che i contenuti siano comprensibili. Prediligiamo uno stile editoriale improntato alla trasparenza e alla semplicit\u00e0, cos\u00ec da garantire che i materiali didattici siano accessibili a una vasta platea di qualsiasi livello di esperienza.<\/p>\n\n\n\n<h3 class=\"wp-block-heading\">Stile dell\u2019Academy di eToro<\/h3>\n\n\n\n<p>Il nostro stile \u00e8 professionale, ma al contempo accessibile, in linea con i valori aziendali di eToro. \u00c8 indispensabile che i contenuti siano rivolti direttamente ai lettori, coinvolgendoli in maniera efficace e rispettosa.<\/p>\n\n\n\n<h3 class=\"wp-block-heading is-style-default\">Impegno a favore di accessibilit\u00e0 e inclusivit\u00e0<\/h3>\n\n\n\n<p>Il nostro scopo \u00e8 quello di predisporre contenuti accessibili e inclusivi, analizzando prospettive diverse e assicurando che tutti possano interagire con i materiali in modalit\u00e0 audio, video e testuale, ovunque si trovino e in qualsiasi momento.<\/p>\n\n\n\n<h3 class=\"wp-block-heading\">Conflitti di interesse<\/h3>\n\n\n\n<p>La trasparenza in fatto di possibili conflitti di interesse \u00e8 fondamentale per preservare la fiducia dei nostri lettori. Eventuali conflitti di qualsivoglia tipo vengono debitamente divulgati per non ledere l&#8217;integrit\u00e0 dei contenuti.<\/p>\n\n\n\n<h2 class=\"wp-block-heading\">Il nostro team editoriale<\/h2>\n\n\n\n<p>Dietro le quinte degli interessanti e divulgativi contenuti dell\u2019Academy di eToro, si cela un team di redattori ed esperti in materia di lungo corso. Ciascuno di loro pu\u00f2 vantare un peculiare set di competenze e una grande passione per la formazione, il che fa s\u00ec che i nostri contenuti siano non solo accurati ma anche coinvolgenti.<\/p>\n\n\n\n<p>Il loro know-how include finanza, tecnologia e pedagogia, a testimonianza del nostro impegno a favore della qualit\u00e0 e della diversit\u00e0 dei materiali didattici. Per conoscere meglio coloro che si occupano di plasmare il tuo percorso di apprendimento, consulta la nostra esaustiva sezione dedicata al team.<\/p>\n\n\n\n<figure class=\"wp-block-image size-full\"><img loading=\"lazy\" decoding=\"async\" width=\"756\" height=\"308\" src=\"https:\/\/www.etoro.com\/wp-content\/uploads\/2026\/01\/image-1.png\" alt=\"\" class=\"wp-image-1209086 wp-image-desktop\" srcset=\"https:\/\/www.etoro.com\/wp-content\/uploads\/2026\/01\/image-1.png 756w, https:\/\/www.etoro.com\/wp-content\/uploads\/2026\/01\/image-1-300x122.png 300w\" sizes=\"(max-width: 756px) 100vw, 756px\" \/><\/figure>\n\n\n\n<h2 class=\"wp-block-heading\">Aggiornamenti e revisioni<\/h2>\n\n\n\n<p>Al fine di garantire pertinenza e accuratezza dei nostri contenuti, \u00e8 stato introdotto un processo strutturato per aggiornamenti e revisioni. Ci\u00f2 assicura che i nostri materiali siano costantemente aggiornati e in linea con gli standard e le prassi pi\u00f9 recenti del settore.<\/p>\n\n\n\n<p>In conclusione, la presente policy editoriale \u00e8 stata concepita per garantire che i contenuti realizzati e diffusi attraverso l\u2019Academy di eToro rispondano ai pi\u00f9 elevati standard di qualit\u00e0, integrit\u00e0 e trasparenza. L\u2019implementazione di queste linee guida \u00e8 finalizzata ad assicurare un ambiente didattico affidabile e coinvolgente alla nostra community.<\/p>\n\n\n\n<p class=\"is-style-heading-3\">Disclaimer di garanzia e responsabilit\u00e0<\/p>\n\n\n\n<p>Tutti i commenti, i pareri e le valutazioni espressi nei materiali di eToro sono puramente a titolo informativo e non sono da intendersi come consulenza in materia di investimenti. <\/p>\n\n\n\n<p>eToro non dispensa consigli sugli asset in cui investire o su quali strategie di investimento adottare. Le opinioni e le strategie illustrate nei nostri materiali potrebbero non essere indicate per tutti gli investitori. Dato che le condizioni di mercato ed economiche possono mutare repentinamente, tutti i commenti, i pareri e le valutazioni riportati nei nostri materiali sono da ritenersi attuali alla data di pubblicazione, ma sono passibili di variazioni senza preavviso. <\/p>\n\n\n\n<p>Sebbene ci impegniamo a riportare informazioni attendibili, non ci \u00e8 possibile garantirne l\u2019accuratezza. I materiali non sono da considerarsi esaustivamente rappresentativi di tutti gli eventi rilevanti in merito a Paesi, regioni, mercati, industrie, investimenti o strategie.<\/p>\n<\/div><\/section>\n","protected":false},"excerpt":{"rendered":"<p>Introduzione Lo scopo della presente policy editoriale \u00e8 illustrare i principi guida alla base della creazione e della diffusione di contenuti all\u2019interno dell\u2019Academy di eToro. La policy \u00e8 concepita per fungere da schema di riferimento per favorire l&#8217;integrit\u00e0, l&#8217;affidabilit\u00e0 e la qualit\u00e0 complessiva delle informazioni rese agli utenti. Mission della policy editoriale Siamo consapevoli che,&hellip;<\/p>\n","protected":false},"author":127,"featured_media":1129288,"parent":944082,"menu_order":0,"comment_status":"closed","ping_status":"closed","template":"","meta":{"_acf_changed":true,"inline_featured_image":false,"sticky_cta_settings":"","footnotes":""},"asset_type":[],"class_list":["post-942924","page","type-page","status-publish","has-post-thumbnail","hentry"],"acf":[],"yoast_head":"<title>Norme editoriali Academy eToro<\/title>\n<meta name=\"description\" content=\"Le risorse di formazione sugli investimenti di eToro rispondono agli standard pi\u00f9 elevati. Le linee guida promuovono una didattica inclusiva per la community.\" \/>\n<meta name=\"robots\" content=\"index, follow, max-snippet:-1, max-image-preview:large, max-video-preview:-1\" \/>\n<link rel=\"canonical\" href=\"https:\/\/www.etoro.com\/it\/wp-json\/wp\/v2\/pages\/942924\" \/>\n<meta property=\"og:locale\" content=\"it_IT\" \/>\n<meta property=\"og:type\" content=\"article\" \/>\n<meta property=\"og:title\" content=\"Norme editoriali Academy eToro\" \/>\n<meta property=\"og:description\" content=\"Le risorse di formazione sugli investimenti di eToro rispondono agli standard pi\u00f9 elevati. Le linee guida promuovono una didattica inclusiva per la community.\" \/>\n<meta property=\"og:url\" content=\"https:\/\/www.etoro.com\/it\/wp-json\/wp\/v2\/pages\/942924\" \/>\n<meta property=\"og:site_name\" content=\"eToro\" \/>\n<meta property=\"article:publisher\" content=\"https:\/\/www.facebook.com\/eToro\/\" \/>\n<meta property=\"article:modified_time\" content=\"2026-01-19T08:34:27+00:00\" \/>\n<meta property=\"og:image\" content=\"https:\/\/www.etoro.com\/wp-content\/uploads\/2025\/09\/IT-Editorial-576x385-1.png\" \/>\n\t<meta property=\"og:image:width\" content=\"576\" \/>\n\t<meta property=\"og:image:height\" content=\"385\" \/>\n\t<meta property=\"og:image:type\" content=\"image\/png\" \/>\n<meta name=\"twitter:card\" content=\"summary_large_image\" \/>\n<meta name=\"twitter:site\" content=\"@eToro\" \/>\n<meta name=\"twitter:label1\" content=\"Est. reading time\" \/>\n\t<meta name=\"twitter:data1\" content=\"4 minutes\" \/>\n<script type=\"application\/ld+json\" class=\"yoast-schema-graph\">{\"@context\":\"https:\/\/schema.org\",\"@graph\":[{\"@type\":\"WebPage\",\"@id\":\"https:\/\/www.etoro.com\/it\/editorial\/policy\/\",\"url\":\"https:\/\/www.etoro.com\/it\/editorial\/policy\/\",\"name\":\"Norme editoriali Academy eToro\",\"isPartOf\":{\"@id\":\"https:\/\/www.etoro.com\/it\/#website\"},\"primaryImageOfPage\":{\"@id\":\"https:\/\/www.etoro.com\/it\/editorial\/policy\/#primaryimage\"},\"image\":{\"@id\":\"https:\/\/www.etoro.com\/it\/editorial\/policy\/#primaryimage\"},\"thumbnailUrl\":\"https:\/\/www.etoro.com\/wp-content\/uploads\/2025\/09\/IT-Editorial-576x385-1.png\",\"datePublished\":\"2025-03-20T11:40:43+00:00\",\"dateModified\":\"2026-01-19T08:34:27+00:00\",\"description\":\"Le risorse di formazione sugli investimenti di eToro rispondono agli standard pi\u00f9 elevati. Le linee guida promuovono una didattica inclusiva per la community.\",\"breadcrumb\":{\"@id\":\"https:\/\/www.etoro.com\/it\/editorial\/policy\/#breadcrumb\"},\"inLanguage\":\"it\",\"potentialAction\":[{\"@type\":\"ReadAction\",\"target\":[\"https:\/\/www.etoro.com\/it\/editorial\/policy\/\"]}]},{\"@type\":\"ImageObject\",\"inLanguage\":\"it\",\"@id\":\"https:\/\/www.etoro.com\/it\/editorial\/policy\/#primaryimage\",\"url\":\"https:\/\/www.etoro.com\/wp-content\/uploads\/2025\/09\/IT-Editorial-576x385-1.png\",\"contentUrl\":\"https:\/\/www.etoro.com\/wp-content\/uploads\/2025\/09\/IT-Editorial-576x385-1.png\",\"width\":576,\"height\":385},{\"@type\":\"BreadcrumbList\",\"@id\":\"https:\/\/www.etoro.com\/it\/editorial\/policy\/#breadcrumb\",\"itemListElement\":[{\"@type\":\"ListItem\",\"position\":1,\"name\":\"Home\",\"item\":\"https:\/\/www.etoro.com\/it\/\"},{\"@type\":\"ListItem\",\"position\":2,\"name\":\"Risorse editoriali principali\",\"item\":\"https:\/\/www.etoro.com\/it\/editorial\/\"},{\"@type\":\"ListItem\",\"position\":3,\"name\":\"Academy Editorial Policies\"}]},{\"@type\":\"WebSite\",\"@id\":\"https:\/\/www.etoro.com\/it\/#website\",\"url\":\"https:\/\/www.etoro.com\/it\/\",\"name\":\"eToro\",\"description\":\"\",\"publisher\":{\"@id\":\"https:\/\/www.etoro.com\/it\/#organization\"},\"potentialAction\":[{\"@type\":\"SearchAction\",\"target\":{\"@type\":\"EntryPoint\",\"urlTemplate\":\"https:\/\/www.etoro.com\/it\/?s={search_term_string}\"},\"query-input\":{\"@type\":\"PropertyValueSpecification\",\"valueRequired\":true,\"valueName\":\"search_term_string\"}}],\"inLanguage\":\"it\"},[]]}<\/script>","yoast_head_json":{"title":"Norme editoriali Academy eToro","description":"Le risorse di formazione sugli investimenti di eToro rispondono agli standard pi\u00f9 elevati. Le linee guida promuovono una didattica inclusiva per la community.","robots":{"index":"index","follow":"follow","max-snippet":"max-snippet:-1","max-image-preview":"max-image-preview:large","max-video-preview":"max-video-preview:-1"},"canonical":"https:\/\/www.etoro.com\/it\/wp-json\/wp\/v2\/pages\/942924","og_locale":"it_IT","og_type":"article","og_title":"Norme editoriali Academy eToro","og_description":"Le risorse di formazione sugli investimenti di eToro rispondono agli standard pi\u00f9 elevati. Le linee guida promuovono una didattica inclusiva per la community.","og_url":"https:\/\/www.etoro.com\/it\/wp-json\/wp\/v2\/pages\/942924","og_site_name":"eToro","article_publisher":"https:\/\/www.facebook.com\/eToro\/","article_modified_time":"2026-01-19T08:34:27+00:00","og_image":[{"width":576,"height":385,"url":"https:\/\/www.etoro.com\/wp-content\/uploads\/2025\/09\/IT-Editorial-576x385-1.png","type":"image\/png"}],"twitter_card":"summary_large_image","twitter_site":"@eToro","twitter_misc":{"Est. reading time":"4 minutes"},"schema":{"@context":"https:\/\/schema.org","@graph":[{"@type":"WebPage","@id":"https:\/\/www.etoro.com\/it\/editorial\/policy\/","url":"https:\/\/www.etoro.com\/it\/editorial\/policy\/","name":"Norme editoriali Academy eToro","isPartOf":{"@id":"https:\/\/www.etoro.com\/it\/#website"},"primaryImageOfPage":{"@id":"https:\/\/www.etoro.com\/it\/editorial\/policy\/#primaryimage"},"image":{"@id":"https:\/\/www.etoro.com\/it\/editorial\/policy\/#primaryimage"},"thumbnailUrl":"https:\/\/www.etoro.com\/wp-content\/uploads\/2025\/09\/IT-Editorial-576x385-1.png","datePublished":"2025-03-20T11:40:43+00:00","dateModified":"2026-01-19T08:34:27+00:00","description":"Le risorse di formazione sugli investimenti di eToro rispondono agli standard pi\u00f9 elevati. Le linee guida promuovono una didattica inclusiva per la community.","breadcrumb":{"@id":"https:\/\/www.etoro.com\/it\/editorial\/policy\/#breadcrumb"},"inLanguage":"it","potentialAction":[{"@type":"ReadAction","target":["https:\/\/www.etoro.com\/it\/editorial\/policy\/"]}]},{"@type":"ImageObject","inLanguage":"it","@id":"https:\/\/www.etoro.com\/it\/editorial\/policy\/#primaryimage","url":"https:\/\/www.etoro.com\/wp-content\/uploads\/2025\/09\/IT-Editorial-576x385-1.png","contentUrl":"https:\/\/www.etoro.com\/wp-content\/uploads\/2025\/09\/IT-Editorial-576x385-1.png","width":576,"height":385},{"@type":"BreadcrumbList","@id":"https:\/\/www.etoro.com\/it\/editorial\/policy\/#breadcrumb","itemListElement":[{"@type":"ListItem","position":1,"name":"Home","item":"https:\/\/www.etoro.com\/it\/"},{"@type":"ListItem","position":2,"name":"Risorse editoriali principali","item":"https:\/\/www.etoro.com\/it\/editorial\/"},{"@type":"ListItem","position":3,"name":"Academy Editorial Policies"}]},{"@type":"WebSite","@id":"https:\/\/www.etoro.com\/it\/#website","url":"https:\/\/www.etoro.com\/it\/","name":"eToro","description":"","publisher":{"@id":"https:\/\/www.etoro.com\/it\/#organization"},"potentialAction":[{"@type":"SearchAction","target":{"@type":"EntryPoint","urlTemplate":"https:\/\/www.etoro.com\/it\/?s={search_term_string}"},"query-input":{"@type":"PropertyValueSpecification","valueRequired":true,"valueName":"search_term_string"}}],"inLanguage":"it"},[]]}},"_links":{"self":[{"href":"https:\/\/www.etoro.com\/it\/wp-json\/wp\/v2\/pages\/942924"}],"collection":[{"href":"https:\/\/www.etoro.com\/it\/wp-json\/wp\/v2\/pages"}],"about":[{"href":"https:\/\/www.etoro.com\/it\/wp-json\/wp\/v2\/types\/page"}],"author":[{"embeddable":true,"href":"https:\/\/www.etoro.com\/it\/wp-json\/wp\/v2\/users\/127"}],"replies":[{"embeddable":true,"href":"https:\/\/www.etoro.com\/it\/wp-json\/wp\/v2\/comments?post=942924"}],"version-history":[{"count":0,"href":"https:\/\/www.etoro.com\/it\/wp-json\/wp\/v2\/pages\/942924\/revisions"}],"up":[{"embeddable":true,"href":"https:\/\/www.etoro.com\/it\/wp-json\/wp\/v2\/pages\/944082"}],"wp:featuredmedia":[{"embeddable":true,"href":"https:\/\/www.etoro.com\/it\/wp-json\/wp\/v2\/media\/1129288"}],"wp:attachment":[{"href":"https:\/\/www.etoro.com\/it\/wp-json\/wp\/v2\/media?parent=942924"}],"wp:term":[{"taxonomy":"asset_type","embeddable":true,"href":"https:\/\/www.etoro.com\/it\/wp-json\/wp\/v2\/asset_type?post=942924"}],"curies":[{"name":"wp","href":"https:\/\/api.w.org\/{rel}","templated":true}]}}