{"id":970448,"date":"2023-05-03T13:11:14","date_gmt":"2023-05-03T10:11:14","guid":{"rendered":"https:\/\/www.etoro.com\/investing\/financial-years-fiscal-quarters\/"},"modified":"2025-09-05T14:18:26","modified_gmt":"2025-09-05T11:18:26","slug":"financial-years-fiscal-quarters","status":"publish","type":"page","link":"https:\/\/www.etoro.com\/it\/investing\/financial-years-fiscal-quarters\/","title":{"rendered":"Anni fiscali e trimestri fiscali"},"content":{"rendered":"\n<p class=\"is-style-summary\">L&#8217;anno finanziario (o esercizio fiscale) \u00e8 un periodo di 12 mesi utilizzato dalle aziende e dagli enti pubblici per scopi contabili e di rendicontazione. Non coincide necessariamente con l&#8217;anno solare. I trimestri fiscali (fiscal quarters) sono le suddivisioni di questo periodo in quattro parti di tre mesi ciascuna, utilizzate per monitorare le performance aziendali e produrre report periodici.<\/p>\n\n\n\n<hr class=\"wp-block-separator wp-block-separator-color-dark-grey wp-block-separator-spaces-medium wp-block-separator-weight-1 has-alpha-channel-opacity\"\/>\n\n\n\n<p><strong>Termini come trimestre fiscale (o finanziario) e anno fiscale sono usati spesso quando si parla di <\/strong><a href=\"https:\/\/www.etoro.com\/it\/stocks\/\"><strong>azioni<\/strong><\/a><strong> o resoconti finanziari. <\/strong>Ma qual \u00e8 il loro vero significato?<\/p>\n\n\n\n<p>E che cosa sono gli anni e i calendari fiscali? Un anno \u00e8 pur sempre un anno, no? La verit\u00e0 \u00e8 leggermente pi\u00f9 complessa. <strong>Continua a leggere per scoprire che cosa dovresti sapere riguardo l\u2019<\/strong><strong>anno fiscale<\/strong><strong> e i <\/strong><strong>trimestri fiscali<\/strong><strong>.<\/strong><\/p>\n\n\n\n<h2 class=\"wp-block-heading\">Cos\u2019\u00e8 un trimestre fiscale (Q1, Q2, Q3, Q4)?<\/h2>\n\n\n\n<p><strong>Un trimestre fiscale (o finanziario) \u00e8 un periodo di tre mesi all\u2019interno dell\u2019anno fiscale di una societ\u00e0. <\/strong>\u00c8 un <strong>periodo di tempo definito (3 mesi) alla fine del quale possono essere pubblicati i report dei risultati finanziari e <\/strong><a href=\"https:\/\/www.etoro.com\/it\/stocks\/what-are-dividends\/\"><strong>staccati<\/strong><\/a><strong> dei dividendi.&nbsp;<\/strong><\/p>\n\n\n\n<p>Queste <strong>abbreviazioni definiscono i quattro <\/strong><strong>trimestri fiscali <\/strong>(indicati con l\u2019iniziale di \u201cQuarter\u201d, trimestre in inglese):<\/p>\n\n\n\n<ul class=\"wp-block-list wp-block-list wp-block-list-circle\">\n<li>Q1: primo trimestre<\/li>\n\n\n\n<li>Q2: secondo trimestre<\/li>\n\n\n\n<li>Q3: terzo trimestre<\/li>\n\n\n\n<li>Q4: quarto trimestre<\/li>\n<\/ul>\n\n\n\n<figure class=\"wp-block-image size-full\"><img loading=\"lazy\" decoding=\"async\" width=\"756\" height=\"400\" src=\"https:\/\/www.etoro.com\/wp-content\/uploads\/2023\/03\/What-you-should-know-about-financial-years-and-fiscal-quarters-Body-Image-1_-Calendar-vs-fiscal-quarters.png\" alt=\"Calendar-vs-fiscal-quarters\" class=\"wp-image-570127 wp-image-desktop\" srcset=\"https:\/\/www.etoro.com\/wp-content\/uploads\/2023\/03\/What-you-should-know-about-financial-years-and-fiscal-quarters-Body-Image-1_-Calendar-vs-fiscal-quarters.png 756w, https:\/\/www.etoro.com\/wp-content\/uploads\/2023\/03\/What-you-should-know-about-financial-years-and-fiscal-quarters-Body-Image-1_-Calendar-vs-fiscal-quarters-300x159.png 300w\" sizes=\"(max-width: 756px) 100vw, 756px\" \/><\/figure>\n\n\n\n<h2 class=\"wp-block-heading\">Trimestri fiscali vs trimestri standard<\/h2>\n\n\n\n<p>I trimestri standard, o <strong>calendar quarter<\/strong>, seguono l&#8217;anno solare e sono suddivisi in gennaio-marzo, aprile-giugno, luglio-settembre e ottobre-dicembre. I trimestri fiscali, invece, dipendono dall&#8217;anno fiscale specifico di un&#8217;azienda o ente. Pu\u00f2 iniziare in un mese diverso da gennaio, portando a suddivisioni non allineate al calendario tradizionale.<\/p>\n\n\n\n<p>Ecco la suddivisione pi\u00f9 nel dettaglio:<\/p>\n\n\n\n<ul class=\"wp-block-list wp-block-list wp-block-list-circle\">\n<li>Q1: dal 1\u00b0 gennaio al 31 marzo<\/li>\n\n\n\n<li>Q2: dal 1\u00b0 aprile al 30 giugno<\/li>\n\n\n\n<li>Q3: dal 1\u00b0 luglio al 30 settembre<\/li>\n\n\n\n<li>Q4: dal 1\u00b0 ottobre al 31 dicembre.&nbsp;<\/li>\n<\/ul>\n\n\n\n<p><strong>I trimestri finanziari suddividono l\u2019anno contabile di una compagnia in quattro trimestri <\/strong>allo stesso modo, ma la compagnia pu\u00f2 decidere di avviare il proprio anno fiscale quando vuole.<strong>&nbsp;<\/strong><\/p>\n\n\n\n<p><a href=\"https:\/\/www.etoro.com\/it\/markets\/aapl\"><strong>Apple<\/strong><\/a><strong> sceglie di avviare il suo anno contabile il 1\u00b0 ottobre di ogni anno<\/strong>. I trimestri risultano, dunque, suddivisi come segue:<\/p>\n\n\n\n<ul class=\"wp-block-list wp-block-list wp-block-list-circle\">\n<li>Q1: 1\u00b0 ottobre \u2013 31 dicembre<\/li>\n\n\n\n<li>Q2: 1\u00b0 gennaio \u2013 31 marzo<\/li>\n\n\n\n<li>Q3: 1\u00b0 aprile \u2013 30 giugno<\/li>\n\n\n\n<li>Q4: 1\u00b0 luglio \u2013 30 settembre&nbsp;<\/li>\n<\/ul>\n\n\n\n<h3 class=\"wp-block-heading\">eToro usa il calendario fiscale o il trimestre fiscale?<\/h3>\n\n\n\n<p><strong>eToro \u00e8 un exchange globale e adotta i metodi pi\u00f9 usati nelle varie zone del mondo. <\/strong>In alcune vengono usati i calendari fiscali, in altre i trimestri fiscali.<\/p>\n\n\n\n<h2 class=\"wp-block-heading\">Come funzionano i trimestri fiscali?<\/h2>\n\n\n\n<p>I trimestri fiscali dividono l&#8217;anno finanziario di un&#8217;azienda o ente in<strong> quattro periodi di tre mesi ciascuno<\/strong>. Servono a monitorare e analizzare le performance finanziarie in intervalli regolari, contestualizzando cos\u00ec la preparazione di report, <a href=\"https:\/\/www.etoro.com\/it\/investing\/3-financial-reports\/\">bilanci<\/a> e strategie aziendali.&nbsp;<\/p>\n\n\n\n<p>Cos\u00ec, ogni trimestre diventa un <strong>momento chiave per valutare utili, costi e altri indicatori economici<\/strong>. Ecco perch\u00e9 questo periodo spesso coincide con la pubblicazione di risultati finanziari per investitori e stakeholders.<\/p>\n\n\n\n<figure class=\"wp-block-image size-full\"><img loading=\"lazy\" decoding=\"async\" width=\"756\" height=\"400\" src=\"https:\/\/www.etoro.com\/wp-content\/uploads\/2023\/03\/What-you-should-know-about-financial-years-and-fiscal-quarters-Body-Image-2_-How-are-fiscal-quarters-used-by-companies_.png\" alt=\"How-are-fiscal-quarters-used-by-companies\" class=\"wp-image-570106 wp-image-desktop\" srcset=\"https:\/\/www.etoro.com\/wp-content\/uploads\/2023\/03\/What-you-should-know-about-financial-years-and-fiscal-quarters-Body-Image-2_-How-are-fiscal-quarters-used-by-companies_.png 756w, https:\/\/www.etoro.com\/wp-content\/uploads\/2023\/03\/What-you-should-know-about-financial-years-and-fiscal-quarters-Body-Image-2_-How-are-fiscal-quarters-used-by-companies_-300x159.png 300w\" sizes=\"(max-width: 756px) 100vw, 756px\" \/><\/figure>\n\n\n\n<h2 class=\"wp-block-heading\">Come vengono usati i trimestri fiscali dalle societ\u00e0?<\/h2>\n\n\n\n<p>Le societ\u00e0 utilizzano i trimestri fiscali per suddividere l&#8217;anno finanziario in quattro periodi di tre mesi, facilitando la gestione contabile e strategica. Durante ogni trimestre vengono <strong>raccolti e analizzati i dati economici<\/strong>, come ricavi, spese e utili, per produrre <a href=\"https:\/\/www.etoro.com\/it\/stocks\/earnings-season\/\">resoconti trimestrali<\/a> destinati agli investitori, agli organismi regolatori e agli stakeholders.&nbsp;<\/p>\n\n\n\n<p>I report aiutano a valutare la performance aziendale, identificare i trend e prendere decisioni informate per il futuro. I trimestri fiscali sono fondamentali anche per<strong> rispettare scadenze normative e di rendicontazione.<\/strong><\/p>\n\n\n\n<p><strong>La scelta del trimestre fiscale da parte delle compagnie pu\u00f2 avere un impatto significativo sul cash flow<\/strong>, sui dividendi e sul prezzo azionario. Per i rivenditori, la scelta di chiudere l&#8217;anno fiscale dopo Natale consente di tenere conto delle vendite del periodo delle feste, rendendo possibile la presentazione un resoconto dei profitti annuali migliore, che avr\u00e0 un effetto positivo sul prezzo delle azioni.&nbsp;<\/p>\n\n\n\n<p>Alcune societ\u00e0, come <a href=\"https:\/\/www.etoro.com\/it\/markets\/meta\"><strong>Meta<\/strong><\/a><strong> <\/strong>e Amazon, per la pubblicazione dei report e il pagamento delle tasse scelgono di restare fedeli all\u2019anno fiscale.<\/p>\n\n\n\n<figure class=\"wp-block-image size-full\"><img loading=\"lazy\" decoding=\"async\" width=\"756\" height=\"400\" src=\"https:\/\/www.etoro.com\/wp-content\/uploads\/2023\/03\/What-you-should-know-about-financial-years-and-fiscal-quarters-Body-Image-3_-How-are-fiscal-quarters-viewed-around-the-world_.png\" alt=\"How-are-fiscal-quarters-viewed-around-the-world\" class=\"wp-image-570085 wp-image-desktop\" srcset=\"https:\/\/www.etoro.com\/wp-content\/uploads\/2023\/03\/What-you-should-know-about-financial-years-and-fiscal-quarters-Body-Image-3_-How-are-fiscal-quarters-viewed-around-the-world_.png 756w, https:\/\/www.etoro.com\/wp-content\/uploads\/2023\/03\/What-you-should-know-about-financial-years-and-fiscal-quarters-Body-Image-3_-How-are-fiscal-quarters-viewed-around-the-world_-300x159.png 300w\" sizes=\"(max-width: 756px) 100vw, 756px\" \/><\/figure>\n\n\n\n<h2 class=\"wp-block-heading\">Come sono determinati i trimestri fiscali nel mondo?<\/h2>\n\n\n\n<p>I trimestri fiscali sono determinati in base all&#8217;anno finanziario adottato da ciascun paese, organizzazione o azienda, e possono differire per<strong> ragioni culturali, economiche o pratiche<\/strong>. Ad esempio, il governo australiano segue un anno fiscale che inizia il 1\u00b0 luglio per evitare interferenze con la stagione natalizia, in modo simile a quanto avviene negli Stati Uniti, in cui l\u2019anno fiscale inizia il 1\u00b0 ottobre. In Giappone, invece, l&#8217;anno fiscale parte in primavera, il 1\u00b0 aprile, a riprova dell&#8217;importanza culturale dell\u2019inizio di una nuova stagione.&nbsp;<\/p>\n\n\n\n<p>Per fare un esempio pratico, le <strong>scadenze fiscali per l\u2019anno 2025<\/strong><strong> in Italia cadono il 31 dicembre<\/strong>, in coincidenza con l\u2019arrivo dell\u2019anno nuovo.<\/p>\n\n\n\n<p>Ecco altri Paesi con diverso inizio e fine anno fiscale:<\/p>\n\n\n\n<ul class=\"wp-block-list wp-block-list wp-block-list-circle\">\n<li>Australia \u2014 dal 1\u00b0 luglio al 30 giugno<\/li>\n\n\n\n<li>Italia \u2014 dal 1\u00b0 gennaio al 31 dicembre<\/li>\n\n\n\n<li>Giappone \u2014 dal 1\u00b0 aprile al 31 marzo<\/li>\n\n\n\n<li>Regno Unito \u2014 dal 6 aprile al 5 aprile<\/li>\n\n\n\n<li>USA \u2014 dal 1\u00b0 ottobre al 30 settembre<\/li>\n<\/ul>\n\n\n\n<div class=\"wp-block-etoro-tip wp-block-etoro-tip-border-yellow\"><span class=\"wp-block-etoro-tip-icon\"><\/span><div class=\"wp-block-etoro-tip-text\">\n<p><strong>Suggerimento:<\/strong> vuoi investire nei mercati globali? Allora informati sui rispettivi trimestri fiscali per non perdere nessuna informazione.<\/p>\n<\/div><\/div>\n\n\n\n<h2 class=\"wp-block-heading\">Conclusioni&nbsp;<\/h2>\n\n\n\n<p>Comprendere le <strong>differenze tra gli anni e i trimestri fiscali<\/strong> \u00e8 essenziale per chiunque voglia investire e operare a livello locale e internazionale. Tali variazioni, che sono spesso influenzate da specificit\u00e0 culturali, economiche e normative di ogni Paese o azienda, influenzano la pianificazione fiscale, la pubblicazione dei report, lo <a href=\"https:\/\/www.etoro.com\/it\/investing\/dividend-calendar\/\">stacco dei dividendi<\/a> e le strategie aziendali.<\/p>\n\n\n\n<p>Conoscendo queste particolarit\u00e0 \u00e8 possibile <strong>interpretare correttamente i dati finanziari<\/strong>, prendere decisioni informate e sfruttare al meglio le opportunit\u00e0 di mercato in diversi contesti globali.<\/p>\n\n\n\n<p>Rafforza le tue competenze con l\u2019<a href=\"https:\/\/www.etoro.com\/it\/academy\/\">Academy di eToro<\/a>.<\/p>\n\n\n\n<h2 class=\"wp-block-heading\">Domande frequenti<\/h2>\n\n\n\n<dl class=\"wp-block-etoro-faq\">\n<div class=\"wp-block-etoro-faq-item\"><dt class=\"wp-block-etoro-faq-item-question\">Quali sono le date per gli esercizi finanziari?<\/dt><dd class=\"wp-block-etoro-faq-item-answer\">\n<p>Le date variano a seconda della <a href=\"https:\/\/www.etoro.com\/it\/crypto\/legality-of-bitcoin\/\">normativa<\/a> da Paese a Paese, da una zona geografica all&#8217;altra. Se vuoi sapere qual \u00e8 l\u2019anno fiscale in corso in un Paese, cerca informazioni sulle regole applicate per determinare in quale momento fiscale ci si trova.<\/p>\n<\/dd><\/div>\n\n\n\n<div class=\"wp-block-etoro-faq-item\"><dt class=\"wp-block-etoro-faq-item-question\">Perch\u00e9 le societ\u00e0 hanno trimestri fiscali diversi?<\/dt><dd class=\"wp-block-etoro-faq-item-answer\">\n<p>Le aziende hanno la possibilit\u00e0 di scegliere quando far iniziare e terminare il proprio anno fiscale. Ecco perch\u00e9 le date non coincidono fra tutte le compagnie su cui \u00e8 possibile <a href=\"https:\/\/www.etoro.com\/it\/investing\/why-should-i-start-investing\/\">investire<\/a>.<\/p>\n<\/dd><\/div>\n\n\n\n<div class=\"wp-block-etoro-faq-item\"><dt class=\"wp-block-etoro-faq-item-question\">Che cosa significa Q2?<\/dt><dd class=\"wp-block-etoro-faq-item-answer\">\n<p>All\u2019interno del <a href=\"https:\/\/www.etoro.com\/it\/investing\/3-financial-reports\/\">bilancio<\/a>, indica il secondo trimestre dell\u2019anno fiscale in corso per un Paese o una societ\u00e0.<\/p>\n<\/dd><\/div>\n\n\n\n<div class=\"wp-block-etoro-faq-item\"><dt class=\"wp-block-etoro-faq-item-question\">Cosa significa FY 2025?<\/dt><dd class=\"wp-block-etoro-faq-item-answer\">\n<p>FY \u00e8 l\u2019acronimo dell\u2019espressione inglese <em>Fiscal Year <\/em>ovvero l\u2019anno fiscale. Come detto, le date di apertura e chiusura di questo periodo possono <a href=\"https:\/\/www.etoro.com\/it\/investing\/how-to-build-a-diversified-portfolio\/\">variare<\/a> a seconda dei casi.<\/p>\n<\/dd><\/div>\n\n\n\n<div class=\"wp-block-etoro-faq-item\"><dt class=\"wp-block-etoro-faq-item-question\">Quando vengono pubblicati i report trimestrali?<\/dt><dd class=\"wp-block-etoro-faq-item-answer\">\n<p>Se una societ\u00e0 pubblica i propri resoconti su base trimestrale, solitamente ci\u00f2 avviene a qualche settimana dalla chiusura del periodo di riferimento. Spesso, i risultati del Q1 vengono pubblicati a met\u00e0 aprile, quelli del secondo trimestre a met\u00e0 luglio, e cos\u00ec via fino al <a href=\"https:\/\/www.etoro.com\/it\/investing\/which-investment-is-best-our-top-7-picks\/\">quarto trimestre<\/a>. L\u2019effettiva data di pubblicazione \u00e8 naturalmente influenzata dal calendario adottato a livello nazionale o dalla singola compagnia.<\/p>\n<\/dd><\/div>\n<\/dl>\n\n\n\n\t\t<style>\n\t\t\t.rtl .etoro-block-shortcode-disclaimer {\n\t\t\t\ttext-align:right;\n\t\t\t}\n\t\t\t.etoro-block-shortcode-disclaimer {\n\t\t\t\tmargin-bottom:18px;\n\t\t\t\ttext-align:left;\n\t\t\t}\n\t\t\t.etoro-block-shortcode-disclaimer p{\n\t\t\t\tfont-size: 12px;\n\t\t\t\tline-height: 18px;\n\t\t\t}\n\t\t\t@media (min-width: 768px) {\n\t\t\t\t.etoro-block-shortcode-disclaimer {\n\t\t\t\t\tmax-width:1176px;\n\t\t\t\t\ttext-align:center;\n\t\t\t\t}\n\t\t\t\t.etoro-block-shortcode-disclaimer p {\n\t\t\t\t\tfont-size: 14px;\n\t\t\t\t\tline-height: 20px;\n\t\t\t\t}\n\t\t\t}\n\t\t<\/style>\n\t\t<div class='etoro-block-shortcode-disclaimer'><p>Le presenti informazioni vengono fornite al solo scopo educativo e non rappresentano consigli d\u2019investimento o suggerimenti personali. Tali informazioni non devono quindi essere interpretate come offerte o solleciti di compravendita di strumenti finanziari.<\/p>\n<p>Il materiale \u00e8 stato preparato senza tener conto di precisi obiettivi d\u2019investimento o specifiche situazioni finanziarie e non soddisfa pertanto i criteri legali e legislativi previsti per la promozione di ricerche indipendenti.<\/p>\n<p><strong>Non tutti gli strumenti finanziari e i servizi cui viene fatto riferimento sono offerti da eToro<\/strong> e qualsiasi riferimento alle prestazioni passate di uno specifico strumento, indice o prodotto d\u2019investimento preassemblato non rappresenta n\u00e9 deve essere interpretato come un indicatore affidabile di possibili prestazioni future. <strong>La disponibilit\u00e0 di tutti i prodotti e servizi sopra menzionati pu\u00f2 variare a seconda della giurisdizione e del Paese.<\/strong><\/p>\n<p>eToro non offre alcuna garanzia n\u00e9 si assume la responsabilit\u00e0 in merito all\u2019accuratezza o alla completezza del contenuto esposto nella presente guida. Il lettore deve garantire di aver compreso appieno i rischi comportati dal trading prima di impegnare capitale. Si sconsiglia di mettere a rischio pi\u00f9 denaro di quanto non se ne possa perdere.<\/p>\n<\/div>\n","protected":false},"excerpt":{"rendered":"<p>L&#8217;anno finanziario (o esercizio fiscale) \u00e8 un periodo di 12 mesi utilizzato dalle aziende e dagli enti pubblici per scopi contabili e di rendicontazione. Non coincide necessariamente con l&#8217;anno solare. I trimestri fiscali (fiscal quarters) sono le suddivisioni di questo periodo in quattro parti di tre mesi ciascuna, utilizzate per monitorare le performance aziendali e&hellip;<\/p>\n","protected":false},"author":107,"featured_media":970449,"parent":19765,"menu_order":0,"comment_status":"closed","ping_status":"closed","template":"","meta":{"_acf_changed":true,"inline_featured_image":false,"sticky_cta_settings":"","footnotes":""},"asset_type":[],"class_list":["post-970448","page","type-page","status-publish","has-post-thumbnail","hentry"],"acf":[],"yoast_head":"<title>Guida alla comprensione dell\u2019anno finanziario | eToro<\/title>\n<meta name=\"description\" content=\"Cosa sono gli anni fiscali e i trimestri fiscali e quali differenze ci sono rispetto al calendario standard? Scopri tutti i dettagli.\" \/>\n<meta name=\"robots\" content=\"index, follow, max-snippet:-1, max-image-preview:large, max-video-preview:-1\" \/>\n<link rel=\"canonical\" href=\"https:\/\/www.etoro.com\/it\/wp-json\/wp\/v2\/pages\/970448\" \/>\n<meta property=\"og:locale\" content=\"it_IT\" \/>\n<meta property=\"og:type\" content=\"article\" \/>\n<meta property=\"og:title\" content=\"Guida alla comprensione dell\u2019anno finanziario | eToro\" \/>\n<meta property=\"og:description\" content=\"Cosa sono gli anni fiscali e i trimestri fiscali e quali differenze ci sono rispetto al calendario standard? Scopri tutti i dettagli.\" \/>\n<meta property=\"og:url\" content=\"https:\/\/www.etoro.com\/it\/wp-json\/wp\/v2\/pages\/970448\" \/>\n<meta property=\"og:site_name\" content=\"eToro\" \/>\n<meta property=\"article:publisher\" content=\"https:\/\/www.facebook.com\/eToro\/\" \/>\n<meta property=\"article:modified_time\" content=\"2025-09-05T11:18:26+00:00\" \/>\n<meta property=\"og:image\" content=\"https:\/\/www.etoro.com\/wp-content\/uploads\/2024\/12\/What-you-should-know-about-financial-years-and-fiscal-quarters_Socials-IT.png\" \/>\n\t<meta property=\"og:image:width\" content=\"1200\" \/>\n\t<meta property=\"og:image:height\" content=\"630\" \/>\n\t<meta property=\"og:image:type\" content=\"image\/png\" \/>\n<meta name=\"twitter:card\" content=\"summary_large_image\" \/>\n<meta name=\"twitter:site\" content=\"@eToro\" \/>\n<meta name=\"twitter:label1\" content=\"Est. reading time\" \/>\n\t<meta name=\"twitter:data1\" content=\"6 minutes\" \/>\n<script type=\"application\/ld+json\" class=\"yoast-schema-graph\">{\"@context\":\"https:\/\/schema.org\",\"@graph\":[{\"@type\":\"WebPage\",\"@id\":\"https:\/\/www.etoro.com\/it\/investing\/financial-years-fiscal-quarters\/\",\"url\":\"https:\/\/www.etoro.com\/it\/investing\/financial-years-fiscal-quarters\/\",\"name\":\"Guida alla comprensione dell\u2019anno finanziario | eToro\",\"isPartOf\":{\"@id\":\"https:\/\/www.etoro.com\/it\/#website\"},\"primaryImageOfPage\":{\"@id\":\"https:\/\/www.etoro.com\/it\/investing\/financial-years-fiscal-quarters\/#primaryimage\"},\"image\":{\"@id\":\"https:\/\/www.etoro.com\/it\/investing\/financial-years-fiscal-quarters\/#primaryimage\"},\"thumbnailUrl\":\"https:\/\/www.etoro.com\/wp-content\/uploads\/2024\/12\/What-you-should-know-about-financial-years-and-fiscal-quarters_Socials-IT.png\",\"datePublished\":\"2023-05-03T10:11:14+00:00\",\"dateModified\":\"2025-09-05T11:18:26+00:00\",\"description\":\"Cosa sono gli anni fiscali e i trimestri fiscali e quali differenze ci sono rispetto al calendario standard? Scopri tutti i dettagli.\",\"breadcrumb\":{\"@id\":\"https:\/\/www.etoro.com\/it\/investing\/financial-years-fiscal-quarters\/#breadcrumb\"},\"inLanguage\":\"it\",\"potentialAction\":[{\"@type\":\"ReadAction\",\"target\":[\"https:\/\/www.etoro.com\/it\/investing\/financial-years-fiscal-quarters\/\"]}]},{\"@type\":\"ImageObject\",\"inLanguage\":\"it\",\"@id\":\"https:\/\/www.etoro.com\/it\/investing\/financial-years-fiscal-quarters\/#primaryimage\",\"url\":\"https:\/\/www.etoro.com\/wp-content\/uploads\/2024\/12\/What-you-should-know-about-financial-years-and-fiscal-quarters_Socials-IT.png\",\"contentUrl\":\"https:\/\/www.etoro.com\/wp-content\/uploads\/2024\/12\/What-you-should-know-about-financial-years-and-fiscal-quarters_Socials-IT.png\",\"width\":1200,\"height\":630},{\"@type\":\"BreadcrumbList\",\"@id\":\"https:\/\/www.etoro.com\/it\/investing\/financial-years-fiscal-quarters\/#breadcrumb\",\"itemListElement\":[{\"@type\":\"ListItem\",\"position\":1,\"name\":\"Home\",\"item\":\"https:\/\/www.etoro.com\/it\/\"},{\"@type\":\"ListItem\",\"position\":2,\"name\":\"Investire\",\"item\":\"https:\/\/www.etoro.com\/it\/investing\/\"},{\"@type\":\"ListItem\",\"position\":3,\"name\":\"Anni fiscali e trimestri fiscali\"}]},{\"@type\":\"WebSite\",\"@id\":\"https:\/\/www.etoro.com\/it\/#website\",\"url\":\"https:\/\/www.etoro.com\/it\/\",\"name\":\"eToro\",\"description\":\"\",\"publisher\":{\"@id\":\"https:\/\/www.etoro.com\/it\/#organization\"},\"potentialAction\":[{\"@type\":\"SearchAction\",\"target\":{\"@type\":\"EntryPoint\",\"urlTemplate\":\"https:\/\/www.etoro.com\/it\/?s={search_term_string}\"},\"query-input\":{\"@type\":\"PropertyValueSpecification\",\"valueRequired\":true,\"valueName\":\"search_term_string\"}}],\"inLanguage\":\"it\"},[]]}<\/script>","yoast_head_json":{"title":"Guida alla comprensione dell\u2019anno finanziario | eToro","description":"Cosa sono gli anni fiscali e i trimestri fiscali e quali differenze ci sono rispetto al calendario standard? Scopri tutti i dettagli.","robots":{"index":"index","follow":"follow","max-snippet":"max-snippet:-1","max-image-preview":"max-image-preview:large","max-video-preview":"max-video-preview:-1"},"canonical":"https:\/\/www.etoro.com\/it\/wp-json\/wp\/v2\/pages\/970448","og_locale":"it_IT","og_type":"article","og_title":"Guida alla comprensione dell\u2019anno finanziario | eToro","og_description":"Cosa sono gli anni fiscali e i trimestri fiscali e quali differenze ci sono rispetto al calendario standard? Scopri tutti i dettagli.","og_url":"https:\/\/www.etoro.com\/it\/wp-json\/wp\/v2\/pages\/970448","og_site_name":"eToro","article_publisher":"https:\/\/www.facebook.com\/eToro\/","article_modified_time":"2025-09-05T11:18:26+00:00","og_image":[{"width":1200,"height":630,"url":"https:\/\/www.etoro.com\/wp-content\/uploads\/2024\/12\/What-you-should-know-about-financial-years-and-fiscal-quarters_Socials-IT.png","type":"image\/png"}],"twitter_card":"summary_large_image","twitter_site":"@eToro","twitter_misc":{"Est. reading time":"6 minutes"},"schema":{"@context":"https:\/\/schema.org","@graph":[{"@type":"WebPage","@id":"https:\/\/www.etoro.com\/it\/investing\/financial-years-fiscal-quarters\/","url":"https:\/\/www.etoro.com\/it\/investing\/financial-years-fiscal-quarters\/","name":"Guida alla comprensione dell\u2019anno finanziario | eToro","isPartOf":{"@id":"https:\/\/www.etoro.com\/it\/#website"},"primaryImageOfPage":{"@id":"https:\/\/www.etoro.com\/it\/investing\/financial-years-fiscal-quarters\/#primaryimage"},"image":{"@id":"https:\/\/www.etoro.com\/it\/investing\/financial-years-fiscal-quarters\/#primaryimage"},"thumbnailUrl":"https:\/\/www.etoro.com\/wp-content\/uploads\/2024\/12\/What-you-should-know-about-financial-years-and-fiscal-quarters_Socials-IT.png","datePublished":"2023-05-03T10:11:14+00:00","dateModified":"2025-09-05T11:18:26+00:00","description":"Cosa sono gli anni fiscali e i trimestri fiscali e quali differenze ci sono rispetto al calendario standard? Scopri tutti i dettagli.","breadcrumb":{"@id":"https:\/\/www.etoro.com\/it\/investing\/financial-years-fiscal-quarters\/#breadcrumb"},"inLanguage":"it","potentialAction":[{"@type":"ReadAction","target":["https:\/\/www.etoro.com\/it\/investing\/financial-years-fiscal-quarters\/"]}]},{"@type":"ImageObject","inLanguage":"it","@id":"https:\/\/www.etoro.com\/it\/investing\/financial-years-fiscal-quarters\/#primaryimage","url":"https:\/\/www.etoro.com\/wp-content\/uploads\/2024\/12\/What-you-should-know-about-financial-years-and-fiscal-quarters_Socials-IT.png","contentUrl":"https:\/\/www.etoro.com\/wp-content\/uploads\/2024\/12\/What-you-should-know-about-financial-years-and-fiscal-quarters_Socials-IT.png","width":1200,"height":630},{"@type":"BreadcrumbList","@id":"https:\/\/www.etoro.com\/it\/investing\/financial-years-fiscal-quarters\/#breadcrumb","itemListElement":[{"@type":"ListItem","position":1,"name":"Home","item":"https:\/\/www.etoro.com\/it\/"},{"@type":"ListItem","position":2,"name":"Investire","item":"https:\/\/www.etoro.com\/it\/investing\/"},{"@type":"ListItem","position":3,"name":"Anni fiscali e trimestri fiscali"}]},{"@type":"WebSite","@id":"https:\/\/www.etoro.com\/it\/#website","url":"https:\/\/www.etoro.com\/it\/","name":"eToro","description":"","publisher":{"@id":"https:\/\/www.etoro.com\/it\/#organization"},"potentialAction":[{"@type":"SearchAction","target":{"@type":"EntryPoint","urlTemplate":"https:\/\/www.etoro.com\/it\/?s={search_term_string}"},"query-input":{"@type":"PropertyValueSpecification","valueRequired":true,"valueName":"search_term_string"}}],"inLanguage":"it"},[]]}},"_links":{"self":[{"href":"https:\/\/www.etoro.com\/it\/wp-json\/wp\/v2\/pages\/970448"}],"collection":[{"href":"https:\/\/www.etoro.com\/it\/wp-json\/wp\/v2\/pages"}],"about":[{"href":"https:\/\/www.etoro.com\/it\/wp-json\/wp\/v2\/types\/page"}],"author":[{"embeddable":true,"href":"https:\/\/www.etoro.com\/it\/wp-json\/wp\/v2\/users\/107"}],"replies":[{"embeddable":true,"href":"https:\/\/www.etoro.com\/it\/wp-json\/wp\/v2\/comments?post=970448"}],"version-history":[{"count":0,"href":"https:\/\/www.etoro.com\/it\/wp-json\/wp\/v2\/pages\/970448\/revisions"}],"up":[{"embeddable":true,"href":"https:\/\/www.etoro.com\/it\/wp-json\/wp\/v2\/pages\/19765"}],"wp:featuredmedia":[{"embeddable":true,"href":"https:\/\/www.etoro.com\/it\/wp-json\/wp\/v2\/media\/970449"}],"wp:attachment":[{"href":"https:\/\/www.etoro.com\/it\/wp-json\/wp\/v2\/media?parent=970448"}],"wp:term":[{"taxonomy":"asset_type","embeddable":true,"href":"https:\/\/www.etoro.com\/it\/wp-json\/wp\/v2\/asset_type?post=970448"}],"curies":[{"name":"wp","href":"https:\/\/api.w.org\/{rel}","templated":true}]}}