{"id":9808,"date":"2017-10-24T09:56:32","date_gmt":"2017-10-24T06:56:32","guid":{"rendered":"\/etoro\/customer-service\/responsible-trading\/"},"modified":"2024-07-08T12:17:38","modified_gmt":"2024-07-08T09:17:38","slug":"responsible-trading","status":"publish","type":"page","link":"https:\/\/www.etoro.com\/it\/customer-service\/responsible-trading\/","title":{"rendered":"Politica di Trading Responsabile"},"content":{"rendered":"\n<section class=\"wp-block-group wp-block-group-boxed has-white-background-color has-background\"><div class=\"wp-block-group-inner is-layout-flow wp-block-group-is-layout-flow\">\n<div class=\"wp-block-columns are-vertically-aligned-top wp-block-columns-1 is-layout-flex wp-container-core-columns-is-layout-1 wp-block-columns-is-layout-flex\">\n<div class=\"wp-block-column is-layout-flow wp-block-column-is-layout-flow\">\n<p>Quando si fa trading su eToro o si utilizzano le sue funzionalit\u00e0 di social trading, incoraggiamo una condotta responsabile fra tutti i nostri utenti. La nostra \u201cpolitica di trading responsabile\u201d invita i trader a proteggersi da decisioni emotive che possono generare perdite non necessarie.<\/p>\n\n\n\n<p>In particolare i trader alle prime armi tendono a fare pi\u00f9 affidamento sulle \u201csensazioni di pancia\u201d, perch\u00e9 non hanno necessariamente molta esperienza nel trading finanziario per compiere scelte razionali e informate.<\/p>\n\n\n\n<p>Per aiutare i trader a evitare di compiere decisioni affrettate riguardanti il trading online, eToro, d\u2019intesa con le autorit\u00e0 di regolamentazione finanziaria locali, raccomanda quanto segue:<\/p>\n\n\n\n<ul class=\"wp-block-list wp-block-list-circle\">\n<li>Leva massima secondo la lista di seguito:<\/li>\n<\/ul>\n\n\n\n<p><strong>1.<\/strong> 30:1 per coppie di valute principali;<\/p>\n\n\n\n<p><strong>2.<\/strong> 20:1 per coppie di valute minori, oro e indici principali;<\/p>\n\n\n\n<p><strong>3.<\/strong> 10:1 per materie prime diverse dall\u2019oro e indici azionari minori;<\/p>\n\n\n\n<p><strong>4. <\/strong>5:1 per azioni singole e altri valori di riferimento;<\/p>\n\n\n\n<p><strong>5.<\/strong> 2:1 per criptovalute;<\/p>\n\n\n\n<ul class=\"wp-block-list wp-block-list-circle\">\n<li>Non investire pi\u00f9 del 20% del tuo patrimonio in un\u2019unica operazione<\/li>\n\n\n\n<li>Non assegnare pi\u00f9 del 40% del tuo saldo totale per copiare un trader<\/li>\n<\/ul>\n\n\n\n<p>I fattori chiave per investire in modo intelligente sono la leva bassa e la diversificazione del portafoglio, come dimostrano i portafogli dei top traders di eToro.<\/p>\n\n\n\n<h2 class=\"wp-block-heading\">Ecco alcuni consigli per diventare un trader pi\u00f9 responsabile:<\/h2>\n\n\n\n<ol class=\"wp-block-list\">\n<li>Investi solo in ci\u00f2 che conosci: non seguire consigli casuali, n\u00e9 sensazioni di pancia. Se vuoi investire in un determinato asset, informati sulla sua storia e sulle sue tendenze.<\/li>\n\n\n\n<li>Guarda il tuo Punteggio di Rischio: il tuo Punteggio di Rischio individuale \u00e8 un ottimo modo per vedere se sei un trader responsabile. eToro raccomanda di mantenere un Punteggio di Rischio pari o inferiore a 3.<\/li>\n\n\n\n<li>Calibra il tuo portafoglio: diversifica il tuo portafoglio con asset di molte classi diverse. Se non vuoi monitorare il tuo portafoglio di frequente, scegli degli strumenti che richiedono un minor coinvolgimento, come i Smart Portfolios o il nostro sistema CopyTrader\u2122.<\/li>\n\n\n\n<li>Copia altri trader responsabili: quando copi un altro trader, guarda Punteggio di Rischio, cronologia e diversificazione del portafoglio.<\/li>\n<\/ol>\n\n\n\n<figure class=\"wp-block-image aligncenter\"><img loading=\"lazy\" decoding=\"async\" width=\"1059\" height=\"529\" src=\"\/wp-content\/uploads\/2017\/10\/trading-guideline-img.png\" alt=\"\" class=\"wp-image-19091 wp-image-desktop\" srcset=\"https:\/\/www.etoro.com\/wp-content\/uploads\/2017\/10\/trading-guideline-img.png 1059w, https:\/\/www.etoro.com\/wp-content\/uploads\/2017\/10\/trading-guideline-img-300x150.png 300w, https:\/\/www.etoro.com\/wp-content\/uploads\/2017\/10\/trading-guideline-img-768x384.png 768w, https:\/\/www.etoro.com\/wp-content\/uploads\/2017\/10\/trading-guideline-img-1024x512.png 1024w\" sizes=\"(max-width: 1059px) 100vw, 1059px\" \/><\/figure>\n\n\n\n<h2 class=\"wp-block-heading\">Psicologia umana &amp; trading emotivo<\/h2>\n\n\n\n<p>Trader di tutti i livelli possono fare troppo affidamento sulle loro emozioni quando fanno trading. Questo \u00e8 un errore, perch\u00e9 paura, avidit\u00e0 ed eccitazione possono contribuire a compiere decisioni sbagliate. Assicurati di avere sempre un piano di trading e seguilo qualsiasi cosa succeda. Quando crei il tuo piano di trading, tieni presente i consigli della sezione qui sopra, prestando particolare attenzione a:<\/p>\n\n\n\n<ol class=\"wp-block-list\">\n<li>Leva massima<\/li>\n\n\n\n<li>Diversificazione del portafoglio<\/li>\n\n\n\n<li>Punteggi di rischio e profili degli altri trader<\/li>\n<\/ol>\n\n\n\n<p>Se hai delle domande sul trading responsabile, contatta il nostro&nbsp;<a href=\"https:\/\/www.etoro.com\/it\/customer-service\/\">centro di assistenza clienti<\/a>&nbsp;quando ti \u00e8 pi\u00f9 comodo.<\/p>\n<\/div>\n<\/div>\n<\/div><\/section>\n","protected":false},"excerpt":{"rendered":"<p>Quando si fa trading su eToro o si utilizzano le sue funzionalit\u00e0 di social trading, incoraggiamo una condotta responsabile fra tutti i nostri utenti. La nostra \u201cpolitica di trading responsabile\u201d invita i trader a proteggersi da decisioni emotive che possono generare perdite non necessarie. In particolare i trader alle prime armi tendono a fare pi\u00f9&hellip;<\/p>\n","protected":false},"author":1,"featured_media":0,"parent":6959,"menu_order":1496,"comment_status":"closed","ping_status":"closed","template":"","meta":{"_acf_changed":false,"inline_featured_image":false,"sticky_cta_settings":"","footnotes":""},"asset_type":[],"class_list":["post-9808","page","type-page","status-publish","hentry"],"acf":[],"yoast_head":"<title>Politica di Trading Responsabile | eToro<\/title>\n<meta name=\"description\" content=\"In eToro incoraggiamo il trading responsabile dei clienti e li orientiamo ad investire in sicurezza. Leggi la nostra politica di trading responsabile per sapere come lo facciamo.\" \/>\n<meta name=\"robots\" content=\"index, follow, max-snippet:-1, max-image-preview:large, max-video-preview:-1\" \/>\n<link rel=\"canonical\" href=\"https:\/\/www.etoro.com\/it\/wp-json\/wp\/v2\/pages\/9808\" \/>\n<meta property=\"og:locale\" content=\"it_IT\" \/>\n<meta property=\"og:type\" content=\"article\" \/>\n<meta property=\"og:title\" content=\"Politica di Trading Responsabile | eToro\" \/>\n<meta property=\"og:description\" content=\"In eToro incoraggiamo il trading responsabile dei clienti e li orientiamo ad investire in sicurezza. Leggi la nostra politica di trading responsabile per sapere come lo facciamo.\" \/>\n<meta property=\"og:url\" content=\"https:\/\/www.etoro.com\/it\/wp-json\/wp\/v2\/pages\/9808\" \/>\n<meta property=\"og:site_name\" content=\"eToro\" \/>\n<meta property=\"article:publisher\" content=\"https:\/\/www.facebook.com\/eToro\/\" \/>\n<meta property=\"article:modified_time\" content=\"2024-07-08T09:17:38+00:00\" \/>\n<meta property=\"og:image\" content=\"https:\/\/www.etoro.com\/wp-content\/uploads\/2019\/12\/etoro_logo_social_share1.png\" \/>\n\t<meta property=\"og:image:width\" content=\"240\" \/>\n\t<meta property=\"og:image:height\" content=\"240\" \/>\n\t<meta property=\"og:image:type\" content=\"image\/png\" \/>\n<meta name=\"twitter:card\" content=\"summary_large_image\" \/>\n<meta name=\"twitter:site\" content=\"@eToro\" \/>\n<meta name=\"twitter:label1\" content=\"Est. reading time\" \/>\n\t<meta name=\"twitter:data1\" content=\"2 minutes\" \/>\n<script type=\"application\/ld+json\" class=\"yoast-schema-graph\">{\"@context\":\"https:\/\/schema.org\",\"@graph\":[{\"@type\":\"WebPage\",\"@id\":\"https:\/\/www.etoro.com\/it\/customer-service\/responsible-trading\/\",\"url\":\"https:\/\/www.etoro.com\/it\/customer-service\/responsible-trading\/\",\"name\":\"Politica di Trading Responsabile | eToro\",\"isPartOf\":{\"@id\":\"https:\/\/www.etoro.com\/it\/#website\"},\"datePublished\":\"2017-10-24T06:56:32+00:00\",\"dateModified\":\"2024-07-08T09:17:38+00:00\",\"description\":\"In eToro incoraggiamo il trading responsabile dei clienti e li orientiamo ad investire in sicurezza. Leggi la nostra politica di trading responsabile per sapere come lo facciamo.\",\"breadcrumb\":{\"@id\":\"https:\/\/www.etoro.com\/it\/customer-service\/responsible-trading\/#breadcrumb\"},\"inLanguage\":\"it\",\"potentialAction\":[{\"@type\":\"ReadAction\",\"target\":[\"https:\/\/www.etoro.com\/it\/customer-service\/responsible-trading\/\"]}]},{\"@type\":\"BreadcrumbList\",\"@id\":\"https:\/\/www.etoro.com\/it\/customer-service\/responsible-trading\/#breadcrumb\",\"itemListElement\":[{\"@type\":\"ListItem\",\"position\":1,\"name\":\"Home\",\"item\":\"https:\/\/www.etoro.com\/it\/\"},{\"@type\":\"ListItem\",\"position\":2,\"name\":\"SERVIZIO CLIENTI\",\"item\":\"https:\/\/www.etoro.com\/it\/customer-service\/\"},{\"@type\":\"ListItem\",\"position\":3,\"name\":\"TRADING RESPONSABILE\"}]},{\"@type\":\"WebSite\",\"@id\":\"https:\/\/www.etoro.com\/it\/#website\",\"url\":\"https:\/\/www.etoro.com\/it\/\",\"name\":\"eToro\",\"description\":\"\",\"publisher\":{\"@id\":\"https:\/\/www.etoro.com\/it\/#organization\"},\"potentialAction\":[{\"@type\":\"SearchAction\",\"target\":{\"@type\":\"EntryPoint\",\"urlTemplate\":\"https:\/\/www.etoro.com\/it\/?s={search_term_string}\"},\"query-input\":{\"@type\":\"PropertyValueSpecification\",\"valueRequired\":true,\"valueName\":\"search_term_string\"}}],\"inLanguage\":\"it\"},[]]}<\/script>","yoast_head_json":{"title":"Politica di Trading Responsabile | eToro","description":"In eToro incoraggiamo il trading responsabile dei clienti e li orientiamo ad investire in sicurezza. Leggi la nostra politica di trading responsabile per sapere come lo facciamo.","robots":{"index":"index","follow":"follow","max-snippet":"max-snippet:-1","max-image-preview":"max-image-preview:large","max-video-preview":"max-video-preview:-1"},"canonical":"https:\/\/www.etoro.com\/it\/wp-json\/wp\/v2\/pages\/9808","og_locale":"it_IT","og_type":"article","og_title":"Politica di Trading Responsabile | eToro","og_description":"In eToro incoraggiamo il trading responsabile dei clienti e li orientiamo ad investire in sicurezza. Leggi la nostra politica di trading responsabile per sapere come lo facciamo.","og_url":"https:\/\/www.etoro.com\/it\/wp-json\/wp\/v2\/pages\/9808","og_site_name":"eToro","article_publisher":"https:\/\/www.facebook.com\/eToro\/","article_modified_time":"2024-07-08T09:17:38+00:00","og_image":[{"width":240,"height":240,"url":"https:\/\/www.etoro.com\/wp-content\/uploads\/2019\/12\/etoro_logo_social_share1.png","type":"image\/png"}],"twitter_card":"summary_large_image","twitter_site":"@eToro","twitter_misc":{"Est. reading time":"2 minutes"},"schema":{"@context":"https:\/\/schema.org","@graph":[{"@type":"WebPage","@id":"https:\/\/www.etoro.com\/it\/customer-service\/responsible-trading\/","url":"https:\/\/www.etoro.com\/it\/customer-service\/responsible-trading\/","name":"Politica di Trading Responsabile | eToro","isPartOf":{"@id":"https:\/\/www.etoro.com\/it\/#website"},"datePublished":"2017-10-24T06:56:32+00:00","dateModified":"2024-07-08T09:17:38+00:00","description":"In eToro incoraggiamo il trading responsabile dei clienti e li orientiamo ad investire in sicurezza. Leggi la nostra politica di trading responsabile per sapere come lo facciamo.","breadcrumb":{"@id":"https:\/\/www.etoro.com\/it\/customer-service\/responsible-trading\/#breadcrumb"},"inLanguage":"it","potentialAction":[{"@type":"ReadAction","target":["https:\/\/www.etoro.com\/it\/customer-service\/responsible-trading\/"]}]},{"@type":"BreadcrumbList","@id":"https:\/\/www.etoro.com\/it\/customer-service\/responsible-trading\/#breadcrumb","itemListElement":[{"@type":"ListItem","position":1,"name":"Home","item":"https:\/\/www.etoro.com\/it\/"},{"@type":"ListItem","position":2,"name":"SERVIZIO CLIENTI","item":"https:\/\/www.etoro.com\/it\/customer-service\/"},{"@type":"ListItem","position":3,"name":"TRADING RESPONSABILE"}]},{"@type":"WebSite","@id":"https:\/\/www.etoro.com\/it\/#website","url":"https:\/\/www.etoro.com\/it\/","name":"eToro","description":"","publisher":{"@id":"https:\/\/www.etoro.com\/it\/#organization"},"potentialAction":[{"@type":"SearchAction","target":{"@type":"EntryPoint","urlTemplate":"https:\/\/www.etoro.com\/it\/?s={search_term_string}"},"query-input":{"@type":"PropertyValueSpecification","valueRequired":true,"valueName":"search_term_string"}}],"inLanguage":"it"},[]]}},"_links":{"self":[{"href":"https:\/\/www.etoro.com\/it\/wp-json\/wp\/v2\/pages\/9808"}],"collection":[{"href":"https:\/\/www.etoro.com\/it\/wp-json\/wp\/v2\/pages"}],"about":[{"href":"https:\/\/www.etoro.com\/it\/wp-json\/wp\/v2\/types\/page"}],"author":[{"embeddable":true,"href":"https:\/\/www.etoro.com\/it\/wp-json\/wp\/v2\/users\/1"}],"replies":[{"embeddable":true,"href":"https:\/\/www.etoro.com\/it\/wp-json\/wp\/v2\/comments?post=9808"}],"version-history":[{"count":0,"href":"https:\/\/www.etoro.com\/it\/wp-json\/wp\/v2\/pages\/9808\/revisions"}],"up":[{"embeddable":true,"href":"https:\/\/www.etoro.com\/it\/wp-json\/wp\/v2\/pages\/6959"}],"wp:attachment":[{"href":"https:\/\/www.etoro.com\/it\/wp-json\/wp\/v2\/media?parent=9808"}],"wp:term":[{"taxonomy":"asset_type","embeddable":true,"href":"https:\/\/www.etoro.com\/it\/wp-json\/wp\/v2\/asset_type?post=9808"}],"curies":[{"name":"wp","href":"https:\/\/api.w.org\/{rel}","templated":true}]}}