{"id":993039,"date":"2025-01-10T17:41:40","date_gmt":"2025-01-10T15:41:40","guid":{"rendered":"https:\/\/www.etoro.com\/academy\/etoro-basics\/how-to-become-an-etoro-affiliate\/"},"modified":"2025-02-03T14:02:53","modified_gmt":"2025-02-03T12:02:53","slug":"how-to-become-an-etoro-affiliate","status":"publish","type":"page","link":"https:\/\/www.etoro.com\/it\/academy\/videos\/how-to-become-an-etoro-affiliate\/","title":{"rendered":"Come diventare un affiliato di eToro"},"content":{"rendered":"\n<div class=\"wp-block-etoro-video-transcript\"><div class=\"wp-block-etoro-video-description\"><h2 class=\"wp-block-etoro-video-description-title\">Descrizione<\/h2><hr\/><div class=\"wp-block-etoro-video-description-content\">Scopri di cosa hai bisogno per diventare un affiliato di eToro<\/div><\/div><div class=\"wp-block-etoro-video-transcript-content\"><h2 class=\"wp-block-etoro-video-transcript-title\">Trascrizione<\/h2><hr\/><div class=\"wp-block-etoro-video-transcript-text\"><div class=\"wp-block-etoro-video-transcript-text-wrapper\">\n<p>Ciao e bentornato.<\/p>\n\n\n\n<p>Se sei qui \u00e8 perch\u00e9 hai deciso di aderire al nostro programma di affiliazione.<\/p>\n\n\n\n<p>Ottima scelta.<\/p>\n\n\n\n<p>Oggi vediamo nel dettaglio come funziona.<\/p>\n\n\n\n<p>Per registrarti, visita il sito etoropartners.com e clicca su &#8220;Iscriviti ora&#8221;.<\/p>\n\n\n\n<p>Segui i passaggi compilando i dati richiesti.<\/p>\n\n\n\n<p>L&#8217;email, la password, il tuo nome, il solito.<\/p>\n\n\n\n<p>Ti chiederemo anche di scegliere se vuoi registrarti come account privato o aziendale, a seconda di come preferisci essere pagato.<\/p>\n\n\n\n<p>Poi ti verr\u00e0 richiesto di parlarci delle tue intenzioni, perch\u00e9 avremo bisogno di sapere su quali siti web e quali canali intendi promuovere eToro e in quali Paesi, poich\u00e9 le promozioni negli Stati Uniti e nel resto del mondo richiedono due account separati.<\/p>\n\n\n\n<p>Una volta registrato, lo stato del tuo account sar\u00e0 in attesa di approvazione da parte del tuo affiliate manager.<\/p>\n\n\n\n<p>Nel frattempo, potrai verificare il tuo account seguendo le istruzioni riportate sul sito.<\/p>\n\n\n\n<p>Ricorda che la verifica dell&#8217;account \u00e8 obbligatoria poich\u00e9 non possiamo pagare account affiliati non verificati.<\/p>\n\n\n\n<p>Ma non c&#8217;\u00e8 molto da fare.<\/p>\n\n\n\n<p>\u00c8 sufficiente caricare il proprio documento d&#8217;identit\u00e0 o quello della persona autorizzata nella propria societ\u00e0 e rispondere ad alcune domande.<\/p>\n\n\n\n<p>Una volta terminato il tutto, aggiungi il metodo di pagamento e la valuta che preferisci e il gioco \u00e8 fatto.<\/p>\n\n\n\n<p>Qualora avessimo bisogno di qualcos&#8217;altro, faremo in modo che il nostro team si metta in contatto con il tuo.<\/p>\n\n\n\n<p>Grazie per averci seguito e ci vediamo su eToro.<\/p>\n<\/div><button class=\"wp-block-etoro-video-description-more-text\">Mostra di pi\u00f9<svg xmlns=\"http:\/\/www.w3.org\/2000\/svg\" width=\"9\" height=\"6\" viewBox=\"0 0 9 6\" fill=\"none\"><path d=\"M7.5625 1.48616L4.5 4.54866L1.4375 1.48616\" stroke=\"#13C636\" stroke-linecap=\"square\"><\/path><\/svg><\/button><\/div><\/div><\/div>\n","protected":false},"excerpt":{"rendered":"","protected":false},"author":96,"featured_media":993040,"parent":261874,"menu_order":0,"comment_status":"closed","ping_status":"closed","template":"","meta":{"_acf_changed":true,"inline_featured_image":false,"sticky_cta_settings":"","footnotes":""},"asset_type":[],"class_list":["post-993039","page","type-page","status-publish","has-post-thumbnail","hentry"],"acf":[],"yoast_head":"<title>How To Become An eToro Affiliate | eToro Academy Video<\/title>\n<meta name=\"description\" content=\"Scopri tutto sul programma di affiliazione di eToro in questo video, tra cui vantaggi, requisiti di partecipazione e come iniziare a guadagnare da affiliato.\" \/>\n<meta name=\"robots\" content=\"index, follow, max-snippet:-1, max-image-preview:large, max-video-preview:-1\" \/>\n<link rel=\"canonical\" href=\"https:\/\/www.etoro.com\/it\/wp-json\/wp\/v2\/pages\/993039\" \/>\n<meta property=\"og:locale\" content=\"it_IT\" \/>\n<meta property=\"og:type\" content=\"article\" \/>\n<meta property=\"og:title\" content=\"How To Become An eToro Affiliate | eToro Academy Video\" \/>\n<meta property=\"og:description\" content=\"Scopri tutto sul programma di affiliazione di eToro in questo video, tra cui vantaggi, requisiti di partecipazione e come iniziare a guadagnare da affiliato.\" \/>\n<meta property=\"og:url\" content=\"https:\/\/www.etoro.com\/it\/wp-json\/wp\/v2\/pages\/993039\" \/>\n<meta property=\"og:site_name\" content=\"eToro\" \/>\n<meta property=\"article:publisher\" content=\"https:\/\/www.facebook.com\/eToro\/\" \/>\n<meta property=\"article:modified_time\" content=\"2025-02-03T12:02:53+00:00\" \/>\n<meta property=\"og:image\" content=\"https:\/\/www.etoro.com\/wp-content\/uploads\/2023\/07\/it-how-to-become-an-etoro-affiliate.jpg\" \/>\n\t<meta property=\"og:image:width\" content=\"1280\" \/>\n\t<meta property=\"og:image:height\" content=\"720\" \/>\n\t<meta property=\"og:image:type\" content=\"image\/jpeg\" \/>\n<meta name=\"twitter:card\" content=\"summary_large_image\" \/>\n<meta name=\"twitter:site\" content=\"@eToro\" \/>\n<meta name=\"twitter:label1\" content=\"Est. reading time\" \/>\n\t<meta name=\"twitter:data1\" content=\"1 minute\" \/>\n<script type=\"application\/ld+json\" class=\"yoast-schema-graph\">{\"@context\":\"https:\/\/schema.org\",\"@graph\":[{\"@type\":\"WebPage\",\"@id\":\"https:\/\/www.etoro.com\/it\/academy\/videos\/how-to-become-an-etoro-affiliate\/\",\"url\":\"https:\/\/www.etoro.com\/it\/academy\/videos\/how-to-become-an-etoro-affiliate\/\",\"name\":\"How To Become An eToro Affiliate | eToro Academy Video\",\"isPartOf\":{\"@id\":\"https:\/\/www.etoro.com\/it\/#website\"},\"primaryImageOfPage\":{\"@id\":\"https:\/\/www.etoro.com\/it\/academy\/videos\/how-to-become-an-etoro-affiliate\/#primaryimage\"},\"image\":{\"@id\":\"https:\/\/www.etoro.com\/it\/academy\/videos\/how-to-become-an-etoro-affiliate\/#primaryimage\"},\"thumbnailUrl\":\"https:\/\/www.etoro.com\/wp-content\/uploads\/2023\/07\/it-how-to-become-an-etoro-affiliate.jpg\",\"datePublished\":\"2025-01-10T15:41:40+00:00\",\"dateModified\":\"2025-02-03T12:02:53+00:00\",\"description\":\"Scopri tutto sul programma di affiliazione di eToro in questo video, tra cui vantaggi, requisiti di partecipazione e come iniziare a guadagnare da affiliato.\",\"breadcrumb\":{\"@id\":\"https:\/\/www.etoro.com\/it\/academy\/videos\/how-to-become-an-etoro-affiliate\/#breadcrumb\"},\"inLanguage\":\"it\",\"potentialAction\":[{\"@type\":\"ReadAction\",\"target\":[\"https:\/\/www.etoro.com\/it\/academy\/videos\/how-to-become-an-etoro-affiliate\/\"]}]},{\"@type\":\"ImageObject\",\"inLanguage\":\"it\",\"@id\":\"https:\/\/www.etoro.com\/it\/academy\/videos\/how-to-become-an-etoro-affiliate\/#primaryimage\",\"url\":\"https:\/\/www.etoro.com\/wp-content\/uploads\/2023\/07\/it-how-to-become-an-etoro-affiliate.jpg\",\"contentUrl\":\"https:\/\/www.etoro.com\/wp-content\/uploads\/2023\/07\/it-how-to-become-an-etoro-affiliate.jpg\",\"width\":1280,\"height\":720},{\"@type\":\"BreadcrumbList\",\"@id\":\"https:\/\/www.etoro.com\/it\/academy\/videos\/how-to-become-an-etoro-affiliate\/#breadcrumb\",\"itemListElement\":[{\"@type\":\"ListItem\",\"position\":1,\"name\":\"Home\",\"item\":\"https:\/\/www.etoro.com\/it\/\"},{\"@type\":\"ListItem\",\"position\":2,\"name\":\"eToro Academy\",\"item\":\"https:\/\/www.etoro.com\/it\/academy\/\"},{\"@type\":\"ListItem\",\"position\":3,\"name\":\"Video\",\"item\":\"https:\/\/www.etoro.com\/it\/academy\/videos\/\"},{\"@type\":\"ListItem\",\"position\":4,\"name\":\"Come diventare un affiliato di eToro\"}]},{\"@type\":\"WebSite\",\"@id\":\"https:\/\/www.etoro.com\/it\/#website\",\"url\":\"https:\/\/www.etoro.com\/it\/\",\"name\":\"eToro\",\"description\":\"\",\"publisher\":{\"@id\":\"https:\/\/www.etoro.com\/it\/#organization\"},\"potentialAction\":[{\"@type\":\"SearchAction\",\"target\":{\"@type\":\"EntryPoint\",\"urlTemplate\":\"https:\/\/www.etoro.com\/it\/?s={search_term_string}\"},\"query-input\":{\"@type\":\"PropertyValueSpecification\",\"valueRequired\":true,\"valueName\":\"search_term_string\"}}],\"inLanguage\":\"it\"},[]]}<\/script>","yoast_head_json":{"title":"How To Become An eToro Affiliate | eToro Academy Video","description":"Scopri tutto sul programma di affiliazione di eToro in questo video, tra cui vantaggi, requisiti di partecipazione e come iniziare a guadagnare da affiliato.","robots":{"index":"index","follow":"follow","max-snippet":"max-snippet:-1","max-image-preview":"max-image-preview:large","max-video-preview":"max-video-preview:-1"},"canonical":"https:\/\/www.etoro.com\/it\/wp-json\/wp\/v2\/pages\/993039","og_locale":"it_IT","og_type":"article","og_title":"How To Become An eToro Affiliate | eToro Academy Video","og_description":"Scopri tutto sul programma di affiliazione di eToro in questo video, tra cui vantaggi, requisiti di partecipazione e come iniziare a guadagnare da affiliato.","og_url":"https:\/\/www.etoro.com\/it\/wp-json\/wp\/v2\/pages\/993039","og_site_name":"eToro","article_publisher":"https:\/\/www.facebook.com\/eToro\/","article_modified_time":"2025-02-03T12:02:53+00:00","og_image":[{"width":1280,"height":720,"url":"https:\/\/www.etoro.com\/wp-content\/uploads\/2023\/07\/it-how-to-become-an-etoro-affiliate.jpg","type":"image\/jpeg"}],"twitter_card":"summary_large_image","twitter_site":"@eToro","twitter_misc":{"Est. reading time":"1 minute"},"schema":{"@context":"https:\/\/schema.org","@graph":[{"@type":"WebPage","@id":"https:\/\/www.etoro.com\/it\/academy\/videos\/how-to-become-an-etoro-affiliate\/","url":"https:\/\/www.etoro.com\/it\/academy\/videos\/how-to-become-an-etoro-affiliate\/","name":"How To Become An eToro Affiliate | eToro Academy Video","isPartOf":{"@id":"https:\/\/www.etoro.com\/it\/#website"},"primaryImageOfPage":{"@id":"https:\/\/www.etoro.com\/it\/academy\/videos\/how-to-become-an-etoro-affiliate\/#primaryimage"},"image":{"@id":"https:\/\/www.etoro.com\/it\/academy\/videos\/how-to-become-an-etoro-affiliate\/#primaryimage"},"thumbnailUrl":"https:\/\/www.etoro.com\/wp-content\/uploads\/2023\/07\/it-how-to-become-an-etoro-affiliate.jpg","datePublished":"2025-01-10T15:41:40+00:00","dateModified":"2025-02-03T12:02:53+00:00","description":"Scopri tutto sul programma di affiliazione di eToro in questo video, tra cui vantaggi, requisiti di partecipazione e come iniziare a guadagnare da affiliato.","breadcrumb":{"@id":"https:\/\/www.etoro.com\/it\/academy\/videos\/how-to-become-an-etoro-affiliate\/#breadcrumb"},"inLanguage":"it","potentialAction":[{"@type":"ReadAction","target":["https:\/\/www.etoro.com\/it\/academy\/videos\/how-to-become-an-etoro-affiliate\/"]}]},{"@type":"ImageObject","inLanguage":"it","@id":"https:\/\/www.etoro.com\/it\/academy\/videos\/how-to-become-an-etoro-affiliate\/#primaryimage","url":"https:\/\/www.etoro.com\/wp-content\/uploads\/2023\/07\/it-how-to-become-an-etoro-affiliate.jpg","contentUrl":"https:\/\/www.etoro.com\/wp-content\/uploads\/2023\/07\/it-how-to-become-an-etoro-affiliate.jpg","width":1280,"height":720},{"@type":"BreadcrumbList","@id":"https:\/\/www.etoro.com\/it\/academy\/videos\/how-to-become-an-etoro-affiliate\/#breadcrumb","itemListElement":[{"@type":"ListItem","position":1,"name":"Home","item":"https:\/\/www.etoro.com\/it\/"},{"@type":"ListItem","position":2,"name":"eToro Academy","item":"https:\/\/www.etoro.com\/it\/academy\/"},{"@type":"ListItem","position":3,"name":"Video","item":"https:\/\/www.etoro.com\/it\/academy\/videos\/"},{"@type":"ListItem","position":4,"name":"Come diventare un affiliato di eToro"}]},{"@type":"WebSite","@id":"https:\/\/www.etoro.com\/it\/#website","url":"https:\/\/www.etoro.com\/it\/","name":"eToro","description":"","publisher":{"@id":"https:\/\/www.etoro.com\/it\/#organization"},"potentialAction":[{"@type":"SearchAction","target":{"@type":"EntryPoint","urlTemplate":"https:\/\/www.etoro.com\/it\/?s={search_term_string}"},"query-input":{"@type":"PropertyValueSpecification","valueRequired":true,"valueName":"search_term_string"}}],"inLanguage":"it"},[]]}},"_links":{"self":[{"href":"https:\/\/www.etoro.com\/it\/wp-json\/wp\/v2\/pages\/993039"}],"collection":[{"href":"https:\/\/www.etoro.com\/it\/wp-json\/wp\/v2\/pages"}],"about":[{"href":"https:\/\/www.etoro.com\/it\/wp-json\/wp\/v2\/types\/page"}],"author":[{"embeddable":true,"href":"https:\/\/www.etoro.com\/it\/wp-json\/wp\/v2\/users\/96"}],"replies":[{"embeddable":true,"href":"https:\/\/www.etoro.com\/it\/wp-json\/wp\/v2\/comments?post=993039"}],"version-history":[{"count":0,"href":"https:\/\/www.etoro.com\/it\/wp-json\/wp\/v2\/pages\/993039\/revisions"}],"up":[{"embeddable":true,"href":"https:\/\/www.etoro.com\/it\/wp-json\/wp\/v2\/pages\/261874"}],"wp:featuredmedia":[{"embeddable":true,"href":"https:\/\/www.etoro.com\/it\/wp-json\/wp\/v2\/media\/993040"}],"wp:attachment":[{"href":"https:\/\/www.etoro.com\/it\/wp-json\/wp\/v2\/media?parent=993039"}],"wp:term":[{"taxonomy":"asset_type","embeddable":true,"href":"https:\/\/www.etoro.com\/it\/wp-json\/wp\/v2\/asset_type?post=993039"}],"curies":[{"name":"wp","href":"https:\/\/api.w.org\/{rel}","templated":true}]}}