{"id":993063,"date":"2025-01-10T17:43:40","date_gmt":"2025-01-10T15:43:40","guid":{"rendered":"https:\/\/www.etoro.com\/academy\/etoro-basics\/what-is-etoros-affiliate-program\/"},"modified":"2025-02-03T14:03:43","modified_gmt":"2025-02-03T12:03:43","slug":"what-is-etoros-affiliate-program","status":"publish","type":"page","link":"https:\/\/www.etoro.com\/it\/academy\/videos\/what-is-etoros-affiliate-program\/","title":{"rendered":"Il programma di affiliazione di eToro"},"content":{"rendered":"\n<div class=\"wp-block-etoro-video-transcript\"><div class=\"wp-block-etoro-video-description\"><h2 class=\"wp-block-etoro-video-description-title\">Descrizione<\/h2><hr\/><div class=\"wp-block-etoro-video-description-content\">Hai 2 minuti? Vieni a scoprire il programma di affiliazione di eToro &#8211; quali sono le sue caratteristiche, i suoi vantaggi e come fare per ottenerli ed i requisiti per farne parte.<\/div><\/div><div class=\"wp-block-etoro-video-transcript-content\"><h2 class=\"wp-block-etoro-video-transcript-title\">Trascrizione<\/h2><hr\/><div class=\"wp-block-etoro-video-transcript-text\"><div class=\"wp-block-etoro-video-transcript-text-wrapper\">\n<p>Ti piacerebbe legarti a un marchio forte e di successo?<\/p>\n\n\n\n<p>Promuovere un modo innovativo ed entusiasmante di fare trading ed investire ed essere pagato per farlo?<\/p>\n\n\n\n<p>Qui in eToro comprendiamo il valore dei nostri partner.<\/p>\n\n\n\n<p>Ti forniremo tutto ci\u00f2 di cui hai bisogno per massimizzare la tua campagna di marketing: sistemi di tracciamento, affiliate manager professionisti, landing page, banner dinamici che mostrano i tassi in tempo reale e altro ancora.<\/p>\n\n\n\n<p>Perch\u00e9 scegliere eToro?<\/p>\n\n\n\n<p>Siamo un marchio affidabile e multiregolamentato, consolidato dal 2007.<\/p>\n\n\n\n<p>Siamo noti per gli alti livelli di conversione, per avere una piattaforma di facile utilizzo e per l&#8217;ampia variet\u00e0 di asset su cui investire e negoziare, che sono oltre 3.000.<\/p>\n\n\n\n<p>Azioni, coppie di valute, criptomonete, ETF e altro ancora a tua scelta.<\/p>\n\n\n\n<p>Abbiamo creato addirittura gli Smart Portfolio.<\/p>\n\n\n\n<p>Ma soprattutto, eToro \u00e8 fatta di persone e per le persone entusiaste di condividere la propria conoscenza ed esperienza.<\/p>\n\n\n\n<p>\u00c8 l&#8217;unica piattaforma di investimento con una comunit\u00e0 globale fatta di milioni di traders che discutono dei mercati finanziari e hanno la possibilit\u00e0 di copiare altri traders.<\/p>\n\n\n\n<p>Pensaci.<\/p>\n\n\n\n<p>I nostri utenti possono essere ovunque nel mondo e parlare qualunque lingua.<\/p>\n\n\n\n<p>La nostra piattaforma e l&#8217;ampia variet\u00e0 di risorse si rivolgono a tutti, ovunque, e a tutti i livelli di esperienza.<\/p>\n\n\n\n<p>Questo significa un potenziale di traffico molto alto.<\/p>\n\n\n\n<p>Quindi, chi pu\u00f2 far parte del nostro programma di affiliazione?<\/p>\n\n\n\n<p>Chiunque abbia una presenza pubblica online, con un sito web o un canale YouTube.<\/p>\n\n\n\n<p>Non sarebbe male se fossi un professionista del marketing digitale.<\/p>\n\n\n\n<p>Un blogger, un vlogger, un proprietario di un sito web di notizie finanziarie o un educatore finanziario.<\/p>\n\n\n\n<p>Sarebbe invece un problema se fossi il proprietario di un sito web di scommesse o di gioco d&#8217;azzardo, un promotore di guadagni veloci, un consulente finanziario, o se fossi il proprietario di un gruppo di messaggistica privata.<\/p>\n\n\n\n<p>Mi dispiace, ma non \u00e8 cos\u00ec che ci sentiamo di venire rappresentati.<\/p>\n\n\n\n<p>Che ne pensi, hai voglia di lavorare insieme?<\/p>\n\n\n\n<p>I prossimi video ti mostreranno come fare.<\/p>\n\n\n\n<p>Credo che questo sia l&#8217;inizio di una bella collaborazione.<\/p>\n\n\n\n<p>Grazie per aver guardato, ci vediamo su eToro.<\/p>\n<\/div><button class=\"wp-block-etoro-video-description-more-text\">Mostra di pi\u00f9<svg xmlns=\"http:\/\/www.w3.org\/2000\/svg\" width=\"9\" height=\"6\" viewBox=\"0 0 9 6\" fill=\"none\"><path d=\"M7.5625 1.48616L4.5 4.54866L1.4375 1.48616\" stroke=\"#13C636\" stroke-linecap=\"square\"><\/path><\/svg><\/button><\/div><\/div><\/div>\n","protected":false},"excerpt":{"rendered":"","protected":false},"author":96,"featured_media":649499,"parent":261874,"menu_order":0,"comment_status":"closed","ping_status":"closed","template":"","meta":{"_acf_changed":true,"inline_featured_image":false,"sticky_cta_settings":"","footnotes":""},"asset_type":[],"class_list":["post-993063","page","type-page","status-publish","has-post-thumbnail","hentry"],"acf":[],"yoast_head":"<title>Il programma di affiliazione di eToro | eToro Academy Video<\/title>\n<meta name=\"description\" content=\"Scopri cos\u2019\u00e8 il programma di affiliazione di eToro in questo video. Scopri i vantaggi, le opportunit\u00e0 e come aderire a questo programma esclusivo.\" \/>\n<meta name=\"robots\" content=\"index, follow, max-snippet:-1, max-image-preview:large, max-video-preview:-1\" \/>\n<link rel=\"canonical\" href=\"https:\/\/www.etoro.com\/it\/wp-json\/wp\/v2\/pages\/993063\" \/>\n<meta property=\"og:locale\" content=\"it_IT\" \/>\n<meta property=\"og:type\" content=\"article\" \/>\n<meta property=\"og:title\" content=\"Il programma di affiliazione di eToro | eToro Academy Video\" \/>\n<meta property=\"og:description\" content=\"Scopri cos\u2019\u00e8 il programma di affiliazione di eToro in questo video. Scopri i vantaggi, le opportunit\u00e0 e come aderire a questo programma esclusivo.\" \/>\n<meta property=\"og:url\" content=\"https:\/\/www.etoro.com\/it\/wp-json\/wp\/v2\/pages\/993063\" \/>\n<meta property=\"og:site_name\" content=\"eToro\" \/>\n<meta property=\"article:publisher\" content=\"https:\/\/www.facebook.com\/eToro\/\" \/>\n<meta property=\"article:modified_time\" content=\"2025-02-03T12:03:43+00:00\" \/>\n<meta property=\"og:image\" content=\"https:\/\/www.etoro.com\/wp-content\/uploads\/2023\/07\/576x385_IT.jpg\" \/>\n\t<meta property=\"og:image:width\" content=\"576\" \/>\n\t<meta property=\"og:image:height\" content=\"385\" \/>\n\t<meta property=\"og:image:type\" content=\"image\/jpeg\" \/>\n<meta name=\"twitter:card\" content=\"summary_large_image\" \/>\n<meta name=\"twitter:site\" content=\"@eToro\" \/>\n<meta name=\"twitter:label1\" content=\"Est. reading time\" \/>\n\t<meta name=\"twitter:data1\" content=\"2 minutes\" \/>\n<script type=\"application\/ld+json\" class=\"yoast-schema-graph\">{\"@context\":\"https:\/\/schema.org\",\"@graph\":[{\"@type\":\"WebPage\",\"@id\":\"https:\/\/www.etoro.com\/it\/academy\/videos\/what-is-etoros-affiliate-program\/\",\"url\":\"https:\/\/www.etoro.com\/it\/academy\/videos\/what-is-etoros-affiliate-program\/\",\"name\":\"Il programma di affiliazione di eToro | eToro Academy Video\",\"isPartOf\":{\"@id\":\"https:\/\/www.etoro.com\/it\/#website\"},\"primaryImageOfPage\":{\"@id\":\"https:\/\/www.etoro.com\/it\/academy\/videos\/what-is-etoros-affiliate-program\/#primaryimage\"},\"image\":{\"@id\":\"https:\/\/www.etoro.com\/it\/academy\/videos\/what-is-etoros-affiliate-program\/#primaryimage\"},\"thumbnailUrl\":\"https:\/\/www.etoro.com\/wp-content\/uploads\/2023\/07\/576x385_IT.jpg\",\"datePublished\":\"2025-01-10T15:43:40+00:00\",\"dateModified\":\"2025-02-03T12:03:43+00:00\",\"description\":\"Scopri cos\u2019\u00e8 il programma di affiliazione di eToro in questo video. Scopri i vantaggi, le opportunit\u00e0 e come aderire a questo programma esclusivo.\",\"breadcrumb\":{\"@id\":\"https:\/\/www.etoro.com\/it\/academy\/videos\/what-is-etoros-affiliate-program\/#breadcrumb\"},\"inLanguage\":\"it\",\"potentialAction\":[{\"@type\":\"ReadAction\",\"target\":[\"https:\/\/www.etoro.com\/it\/academy\/videos\/what-is-etoros-affiliate-program\/\"]}]},{\"@type\":\"ImageObject\",\"inLanguage\":\"it\",\"@id\":\"https:\/\/www.etoro.com\/it\/academy\/videos\/what-is-etoros-affiliate-program\/#primaryimage\",\"url\":\"https:\/\/www.etoro.com\/wp-content\/uploads\/2023\/07\/576x385_IT.jpg\",\"contentUrl\":\"https:\/\/www.etoro.com\/wp-content\/uploads\/2023\/07\/576x385_IT.jpg\",\"width\":576,\"height\":385,\"caption\":\"Scopri tutto quello che c\u2019\u00e8 da sapere sul programma di affiliazione di eToro\"},{\"@type\":\"BreadcrumbList\",\"@id\":\"https:\/\/www.etoro.com\/it\/academy\/videos\/what-is-etoros-affiliate-program\/#breadcrumb\",\"itemListElement\":[{\"@type\":\"ListItem\",\"position\":1,\"name\":\"Home\",\"item\":\"https:\/\/www.etoro.com\/it\/\"},{\"@type\":\"ListItem\",\"position\":2,\"name\":\"eToro Academy\",\"item\":\"https:\/\/www.etoro.com\/it\/academy\/\"},{\"@type\":\"ListItem\",\"position\":3,\"name\":\"Video\",\"item\":\"https:\/\/www.etoro.com\/it\/academy\/videos\/\"},{\"@type\":\"ListItem\",\"position\":4,\"name\":\"Il programma di affiliazione di eToro\"}]},{\"@type\":\"WebSite\",\"@id\":\"https:\/\/www.etoro.com\/it\/#website\",\"url\":\"https:\/\/www.etoro.com\/it\/\",\"name\":\"eToro\",\"description\":\"\",\"publisher\":{\"@id\":\"https:\/\/www.etoro.com\/it\/#organization\"},\"potentialAction\":[{\"@type\":\"SearchAction\",\"target\":{\"@type\":\"EntryPoint\",\"urlTemplate\":\"https:\/\/www.etoro.com\/it\/?s={search_term_string}\"},\"query-input\":{\"@type\":\"PropertyValueSpecification\",\"valueRequired\":true,\"valueName\":\"search_term_string\"}}],\"inLanguage\":\"it\"},[]]}<\/script>","yoast_head_json":{"title":"Il programma di affiliazione di eToro | eToro Academy Video","description":"Scopri cos\u2019\u00e8 il programma di affiliazione di eToro in questo video. Scopri i vantaggi, le opportunit\u00e0 e come aderire a questo programma esclusivo.","robots":{"index":"index","follow":"follow","max-snippet":"max-snippet:-1","max-image-preview":"max-image-preview:large","max-video-preview":"max-video-preview:-1"},"canonical":"https:\/\/www.etoro.com\/it\/wp-json\/wp\/v2\/pages\/993063","og_locale":"it_IT","og_type":"article","og_title":"Il programma di affiliazione di eToro | eToro Academy Video","og_description":"Scopri cos\u2019\u00e8 il programma di affiliazione di eToro in questo video. Scopri i vantaggi, le opportunit\u00e0 e come aderire a questo programma esclusivo.","og_url":"https:\/\/www.etoro.com\/it\/wp-json\/wp\/v2\/pages\/993063","og_site_name":"eToro","article_publisher":"https:\/\/www.facebook.com\/eToro\/","article_modified_time":"2025-02-03T12:03:43+00:00","og_image":[{"width":576,"height":385,"url":"https:\/\/www.etoro.com\/wp-content\/uploads\/2023\/07\/576x385_IT.jpg","type":"image\/jpeg"}],"twitter_card":"summary_large_image","twitter_site":"@eToro","twitter_misc":{"Est. reading time":"2 minutes"},"schema":{"@context":"https:\/\/schema.org","@graph":[{"@type":"WebPage","@id":"https:\/\/www.etoro.com\/it\/academy\/videos\/what-is-etoros-affiliate-program\/","url":"https:\/\/www.etoro.com\/it\/academy\/videos\/what-is-etoros-affiliate-program\/","name":"Il programma di affiliazione di eToro | eToro Academy Video","isPartOf":{"@id":"https:\/\/www.etoro.com\/it\/#website"},"primaryImageOfPage":{"@id":"https:\/\/www.etoro.com\/it\/academy\/videos\/what-is-etoros-affiliate-program\/#primaryimage"},"image":{"@id":"https:\/\/www.etoro.com\/it\/academy\/videos\/what-is-etoros-affiliate-program\/#primaryimage"},"thumbnailUrl":"https:\/\/www.etoro.com\/wp-content\/uploads\/2023\/07\/576x385_IT.jpg","datePublished":"2025-01-10T15:43:40+00:00","dateModified":"2025-02-03T12:03:43+00:00","description":"Scopri cos\u2019\u00e8 il programma di affiliazione di eToro in questo video. Scopri i vantaggi, le opportunit\u00e0 e come aderire a questo programma esclusivo.","breadcrumb":{"@id":"https:\/\/www.etoro.com\/it\/academy\/videos\/what-is-etoros-affiliate-program\/#breadcrumb"},"inLanguage":"it","potentialAction":[{"@type":"ReadAction","target":["https:\/\/www.etoro.com\/it\/academy\/videos\/what-is-etoros-affiliate-program\/"]}]},{"@type":"ImageObject","inLanguage":"it","@id":"https:\/\/www.etoro.com\/it\/academy\/videos\/what-is-etoros-affiliate-program\/#primaryimage","url":"https:\/\/www.etoro.com\/wp-content\/uploads\/2023\/07\/576x385_IT.jpg","contentUrl":"https:\/\/www.etoro.com\/wp-content\/uploads\/2023\/07\/576x385_IT.jpg","width":576,"height":385,"caption":"Scopri tutto quello che c\u2019\u00e8 da sapere sul programma di affiliazione di eToro"},{"@type":"BreadcrumbList","@id":"https:\/\/www.etoro.com\/it\/academy\/videos\/what-is-etoros-affiliate-program\/#breadcrumb","itemListElement":[{"@type":"ListItem","position":1,"name":"Home","item":"https:\/\/www.etoro.com\/it\/"},{"@type":"ListItem","position":2,"name":"eToro Academy","item":"https:\/\/www.etoro.com\/it\/academy\/"},{"@type":"ListItem","position":3,"name":"Video","item":"https:\/\/www.etoro.com\/it\/academy\/videos\/"},{"@type":"ListItem","position":4,"name":"Il programma di affiliazione di eToro"}]},{"@type":"WebSite","@id":"https:\/\/www.etoro.com\/it\/#website","url":"https:\/\/www.etoro.com\/it\/","name":"eToro","description":"","publisher":{"@id":"https:\/\/www.etoro.com\/it\/#organization"},"potentialAction":[{"@type":"SearchAction","target":{"@type":"EntryPoint","urlTemplate":"https:\/\/www.etoro.com\/it\/?s={search_term_string}"},"query-input":{"@type":"PropertyValueSpecification","valueRequired":true,"valueName":"search_term_string"}}],"inLanguage":"it"},[]]}},"_links":{"self":[{"href":"https:\/\/www.etoro.com\/it\/wp-json\/wp\/v2\/pages\/993063"}],"collection":[{"href":"https:\/\/www.etoro.com\/it\/wp-json\/wp\/v2\/pages"}],"about":[{"href":"https:\/\/www.etoro.com\/it\/wp-json\/wp\/v2\/types\/page"}],"author":[{"embeddable":true,"href":"https:\/\/www.etoro.com\/it\/wp-json\/wp\/v2\/users\/96"}],"replies":[{"embeddable":true,"href":"https:\/\/www.etoro.com\/it\/wp-json\/wp\/v2\/comments?post=993063"}],"version-history":[{"count":0,"href":"https:\/\/www.etoro.com\/it\/wp-json\/wp\/v2\/pages\/993063\/revisions"}],"up":[{"embeddable":true,"href":"https:\/\/www.etoro.com\/it\/wp-json\/wp\/v2\/pages\/261874"}],"wp:featuredmedia":[{"embeddable":true,"href":"https:\/\/www.etoro.com\/it\/wp-json\/wp\/v2\/media\/649499"}],"wp:attachment":[{"href":"https:\/\/www.etoro.com\/it\/wp-json\/wp\/v2\/media?parent=993063"}],"wp:term":[{"taxonomy":"asset_type","embeddable":true,"href":"https:\/\/www.etoro.com\/it\/wp-json\/wp\/v2\/asset_type?post=993063"}],"curies":[{"name":"wp","href":"https:\/\/api.w.org\/{rel}","templated":true}]}}