{"id":993139,"date":"2025-01-10T17:19:24","date_gmt":"2025-01-10T15:19:24","guid":{"rendered":"https:\/\/www.etoro.com\/academy\/etoro-basics\/starting-your-investing-journey\/"},"modified":"2025-02-03T14:09:46","modified_gmt":"2025-02-03T12:09:46","slug":"starting-your-investing-journey","status":"publish","type":"page","link":"https:\/\/www.etoro.com\/it\/academy\/videos\/starting-your-investing-journey\/","title":{"rendered":"Come iniziare a investire"},"content":{"rendered":"\n<div class=\"wp-block-etoro-video-transcript\"><div class=\"wp-block-etoro-video-description\"><h2 class=\"wp-block-etoro-video-description-title\">Descrizione<\/h2><hr\/><div class=\"wp-block-etoro-video-description-content\">Una domanda legittima merita una risposta legittima. Se volete iniziare a investire nei mercati finanziari, questo video fa per voi.<\/div><\/div><div class=\"wp-block-etoro-video-transcript-content\"><h2 class=\"wp-block-etoro-video-transcript-title\">Trascrizione<\/h2><hr\/><div class=\"wp-block-etoro-video-transcript-text\"><div class=\"wp-block-etoro-video-transcript-text-wrapper\">\n<p>Ciao, sono Guillaume, e in questo video prover\u00f2 ad aiutarti a dare una risposta a quella che forse \u00e8 la questione pi\u00f9 scottante.<\/p>\n\n\n\n<p>Quanto mi serve per iniziare ad investire?<\/p>\n\n\n\n<p>Ok, non ci sono soluzioni fatte con lo stampino, ma la risposta breve \u00e8 che dipende da quanto denaro hai a disposizione e da quali sono i tuoi obiettivi di investimento.<\/p>\n\n\n\n<p>Puoi investire quel tanto o poco che desideri, ma alla fine, la domanda non \u00e8 tanto quanto puoi investire, ma quanto dovresti investire.<\/p>\n\n\n\n<p>Quindi, mettiamoci al lavoro.<\/p>\n\n\n\n<p>La cosa pi\u00f9 importante \u00e8 agire in modo responsabile, quindi investire solo quei soldi che puoi permetterti di perdere.<\/p>\n\n\n\n<p>La regola generale potrebbe essere quella di avere sempre da parte un capitale per le emergenze prima di usare i tuoi risparmi.<\/p>\n\n\n\n<p>Mantieni aspettative realistiche.<\/p>\n\n\n\n<p>Mentre c&#8217;\u00e8 chi ti promette soluzioni per diventare ricco in poco tempo, la realt\u00e0 \u00e8 che la vera ricchezza si costruisce in modo graduale e con molta pazienza.<\/p>\n\n\n\n<p>Chiedi ad un vero investitore come funziona questo mondo.<\/p>\n\n\n\n<p>E parlando di pazienza, il tempo \u00e8 anche un altro fattore al quale dovresti dedicare molta attenzione.<\/p>\n\n\n\n<p>Per esempio, per quanto hai in programma di capitalizzare i tuoi investimenti?<\/p>\n\n\n\n<p>Stai risparmiando per la tua pensione?<\/p>\n\n\n\n<p>Per comprare casa?<\/p>\n\n\n\n<p>O per il viaggio in programma per l&#8217;anno prossimo?<\/p>\n\n\n\n<p>Assicurati di investire in un buon paio di scarpe da trekking.<\/p>\n\n\n\n<p>Un altro fattore da considerare \u00e8 quello del rischio.<\/p>\n\n\n\n<p>Il rapporto tra rischio e rendimento dell&#8217;investimento che vuoi intraprendere ti aiuter\u00e0 a calcolare con precisione di quanto avrai bisogno per iniziare.<\/p>\n\n\n\n<p>Naturalmente ci sono diversi fattori da considerare, ma se seguirai le linee guida di questo video, avrai gi\u00e0 una base solida da cui partire.<\/p>\n\n\n\n<p>Ora \u00e8 tutto pronto.<\/p>\n\n\n\n<p>Puoi iniziare a pianificare il tuo futuro finanziario.<\/p>\n\n\n\n<p>Grazie per aver guardato e ci vediamo su eToro.<\/p>\n<\/div><button class=\"wp-block-etoro-video-description-more-text\">Mostra di pi\u00f9<svg xmlns=\"http:\/\/www.w3.org\/2000\/svg\" width=\"9\" height=\"6\" viewBox=\"0 0 9 6\" fill=\"none\"><path d=\"M7.5625 1.48616L4.5 4.54866L1.4375 1.48616\" stroke=\"#13C636\" stroke-linecap=\"square\"><\/path><\/svg><\/button><\/div><\/div><\/div>\n\n\n\n<p><\/p>\n","protected":false},"excerpt":{"rendered":"","protected":false},"author":96,"featured_media":549521,"parent":261874,"menu_order":0,"comment_status":"closed","ping_status":"closed","template":"","meta":{"_acf_changed":true,"inline_featured_image":false,"sticky_cta_settings":"","footnotes":""},"asset_type":[],"class_list":["post-993139","page","type-page","status-publish","has-post-thumbnail","hentry"],"acf":[],"yoast_head":"<title>Come iniziare a investire | eToro Academy Video<\/title>\n<meta name=\"description\" content=\"Primi passi nel mondo degli investimenti? Guarda questo video per scoprire come approcciare i mercati finanziari con eToro.\" \/>\n<meta name=\"robots\" content=\"index, follow, max-snippet:-1, max-image-preview:large, max-video-preview:-1\" \/>\n<link rel=\"canonical\" href=\"https:\/\/www.etoro.com\/it\/wp-json\/wp\/v2\/pages\/993139\" \/>\n<meta property=\"og:locale\" content=\"it_IT\" \/>\n<meta property=\"og:type\" content=\"article\" \/>\n<meta property=\"og:title\" content=\"Come iniziare a investire | eToro Academy Video\" \/>\n<meta property=\"og:description\" content=\"Primi passi nel mondo degli investimenti? Guarda questo video per scoprire come approcciare i mercati finanziari con eToro.\" \/>\n<meta property=\"og:url\" content=\"https:\/\/www.etoro.com\/it\/wp-json\/wp\/v2\/pages\/993139\" \/>\n<meta property=\"og:site_name\" content=\"eToro\" \/>\n<meta property=\"article:publisher\" content=\"https:\/\/www.facebook.com\/eToro\/\" \/>\n<meta property=\"article:modified_time\" content=\"2025-02-03T12:09:46+00:00\" \/>\n<meta property=\"og:image\" content=\"https:\/\/www.etoro.com\/wp-content\/uploads\/2023\/01\/2321_600X500_IT.png\" \/>\n\t<meta property=\"og:image:width\" content=\"576\" \/>\n\t<meta property=\"og:image:height\" content=\"385\" \/>\n\t<meta property=\"og:image:type\" content=\"image\/png\" \/>\n<meta name=\"twitter:card\" content=\"summary_large_image\" \/>\n<meta name=\"twitter:site\" content=\"@eToro\" \/>\n<meta name=\"twitter:label1\" content=\"Est. reading time\" \/>\n\t<meta name=\"twitter:data1\" content=\"2 minutes\" \/>\n<script type=\"application\/ld+json\" class=\"yoast-schema-graph\">{\"@context\":\"https:\/\/schema.org\",\"@graph\":[{\"@type\":\"WebPage\",\"@id\":\"https:\/\/www.etoro.com\/it\/academy\/videos\/starting-your-investing-journey\/\",\"url\":\"https:\/\/www.etoro.com\/it\/academy\/videos\/starting-your-investing-journey\/\",\"name\":\"Come iniziare a investire | eToro Academy Video\",\"isPartOf\":{\"@id\":\"https:\/\/www.etoro.com\/it\/#website\"},\"primaryImageOfPage\":{\"@id\":\"https:\/\/www.etoro.com\/it\/academy\/videos\/starting-your-investing-journey\/#primaryimage\"},\"image\":{\"@id\":\"https:\/\/www.etoro.com\/it\/academy\/videos\/starting-your-investing-journey\/#primaryimage\"},\"thumbnailUrl\":\"https:\/\/www.etoro.com\/wp-content\/uploads\/2023\/01\/2321_600X500_IT.png\",\"datePublished\":\"2025-01-10T15:19:24+00:00\",\"dateModified\":\"2025-02-03T12:09:46+00:00\",\"description\":\"Primi passi nel mondo degli investimenti? Guarda questo video per scoprire come approcciare i mercati finanziari con eToro.\",\"breadcrumb\":{\"@id\":\"https:\/\/www.etoro.com\/it\/academy\/videos\/starting-your-investing-journey\/#breadcrumb\"},\"inLanguage\":\"it\",\"potentialAction\":[{\"@type\":\"ReadAction\",\"target\":[\"https:\/\/www.etoro.com\/it\/academy\/videos\/starting-your-investing-journey\/\"]}]},{\"@type\":\"ImageObject\",\"inLanguage\":\"it\",\"@id\":\"https:\/\/www.etoro.com\/it\/academy\/videos\/starting-your-investing-journey\/#primaryimage\",\"url\":\"https:\/\/www.etoro.com\/wp-content\/uploads\/2023\/01\/2321_600X500_IT.png\",\"contentUrl\":\"https:\/\/www.etoro.com\/wp-content\/uploads\/2023\/01\/2321_600X500_IT.png\",\"width\":576,\"height\":385},{\"@type\":\"BreadcrumbList\",\"@id\":\"https:\/\/www.etoro.com\/it\/academy\/videos\/starting-your-investing-journey\/#breadcrumb\",\"itemListElement\":[{\"@type\":\"ListItem\",\"position\":1,\"name\":\"Home\",\"item\":\"https:\/\/www.etoro.com\/it\/\"},{\"@type\":\"ListItem\",\"position\":2,\"name\":\"eToro Academy\",\"item\":\"https:\/\/www.etoro.com\/it\/academy\/\"},{\"@type\":\"ListItem\",\"position\":3,\"name\":\"Video\",\"item\":\"https:\/\/www.etoro.com\/it\/academy\/videos\/\"},{\"@type\":\"ListItem\",\"position\":4,\"name\":\"Come iniziare a investire\"}]},{\"@type\":\"WebSite\",\"@id\":\"https:\/\/www.etoro.com\/it\/#website\",\"url\":\"https:\/\/www.etoro.com\/it\/\",\"name\":\"eToro\",\"description\":\"\",\"publisher\":{\"@id\":\"https:\/\/www.etoro.com\/it\/#organization\"},\"potentialAction\":[{\"@type\":\"SearchAction\",\"target\":{\"@type\":\"EntryPoint\",\"urlTemplate\":\"https:\/\/www.etoro.com\/it\/?s={search_term_string}\"},\"query-input\":{\"@type\":\"PropertyValueSpecification\",\"valueRequired\":true,\"valueName\":\"search_term_string\"}}],\"inLanguage\":\"it\"},[]]}<\/script>","yoast_head_json":{"title":"Come iniziare a investire | eToro Academy Video","description":"Primi passi nel mondo degli investimenti? Guarda questo video per scoprire come approcciare i mercati finanziari con eToro.","robots":{"index":"index","follow":"follow","max-snippet":"max-snippet:-1","max-image-preview":"max-image-preview:large","max-video-preview":"max-video-preview:-1"},"canonical":"https:\/\/www.etoro.com\/it\/wp-json\/wp\/v2\/pages\/993139","og_locale":"it_IT","og_type":"article","og_title":"Come iniziare a investire | eToro Academy Video","og_description":"Primi passi nel mondo degli investimenti? Guarda questo video per scoprire come approcciare i mercati finanziari con eToro.","og_url":"https:\/\/www.etoro.com\/it\/wp-json\/wp\/v2\/pages\/993139","og_site_name":"eToro","article_publisher":"https:\/\/www.facebook.com\/eToro\/","article_modified_time":"2025-02-03T12:09:46+00:00","og_image":[{"width":576,"height":385,"url":"https:\/\/www.etoro.com\/wp-content\/uploads\/2023\/01\/2321_600X500_IT.png","type":"image\/png"}],"twitter_card":"summary_large_image","twitter_site":"@eToro","twitter_misc":{"Est. reading time":"2 minutes"},"schema":{"@context":"https:\/\/schema.org","@graph":[{"@type":"WebPage","@id":"https:\/\/www.etoro.com\/it\/academy\/videos\/starting-your-investing-journey\/","url":"https:\/\/www.etoro.com\/it\/academy\/videos\/starting-your-investing-journey\/","name":"Come iniziare a investire | eToro Academy Video","isPartOf":{"@id":"https:\/\/www.etoro.com\/it\/#website"},"primaryImageOfPage":{"@id":"https:\/\/www.etoro.com\/it\/academy\/videos\/starting-your-investing-journey\/#primaryimage"},"image":{"@id":"https:\/\/www.etoro.com\/it\/academy\/videos\/starting-your-investing-journey\/#primaryimage"},"thumbnailUrl":"https:\/\/www.etoro.com\/wp-content\/uploads\/2023\/01\/2321_600X500_IT.png","datePublished":"2025-01-10T15:19:24+00:00","dateModified":"2025-02-03T12:09:46+00:00","description":"Primi passi nel mondo degli investimenti? Guarda questo video per scoprire come approcciare i mercati finanziari con eToro.","breadcrumb":{"@id":"https:\/\/www.etoro.com\/it\/academy\/videos\/starting-your-investing-journey\/#breadcrumb"},"inLanguage":"it","potentialAction":[{"@type":"ReadAction","target":["https:\/\/www.etoro.com\/it\/academy\/videos\/starting-your-investing-journey\/"]}]},{"@type":"ImageObject","inLanguage":"it","@id":"https:\/\/www.etoro.com\/it\/academy\/videos\/starting-your-investing-journey\/#primaryimage","url":"https:\/\/www.etoro.com\/wp-content\/uploads\/2023\/01\/2321_600X500_IT.png","contentUrl":"https:\/\/www.etoro.com\/wp-content\/uploads\/2023\/01\/2321_600X500_IT.png","width":576,"height":385},{"@type":"BreadcrumbList","@id":"https:\/\/www.etoro.com\/it\/academy\/videos\/starting-your-investing-journey\/#breadcrumb","itemListElement":[{"@type":"ListItem","position":1,"name":"Home","item":"https:\/\/www.etoro.com\/it\/"},{"@type":"ListItem","position":2,"name":"eToro Academy","item":"https:\/\/www.etoro.com\/it\/academy\/"},{"@type":"ListItem","position":3,"name":"Video","item":"https:\/\/www.etoro.com\/it\/academy\/videos\/"},{"@type":"ListItem","position":4,"name":"Come iniziare a investire"}]},{"@type":"WebSite","@id":"https:\/\/www.etoro.com\/it\/#website","url":"https:\/\/www.etoro.com\/it\/","name":"eToro","description":"","publisher":{"@id":"https:\/\/www.etoro.com\/it\/#organization"},"potentialAction":[{"@type":"SearchAction","target":{"@type":"EntryPoint","urlTemplate":"https:\/\/www.etoro.com\/it\/?s={search_term_string}"},"query-input":{"@type":"PropertyValueSpecification","valueRequired":true,"valueName":"search_term_string"}}],"inLanguage":"it"},[]]}},"_links":{"self":[{"href":"https:\/\/www.etoro.com\/it\/wp-json\/wp\/v2\/pages\/993139"}],"collection":[{"href":"https:\/\/www.etoro.com\/it\/wp-json\/wp\/v2\/pages"}],"about":[{"href":"https:\/\/www.etoro.com\/it\/wp-json\/wp\/v2\/types\/page"}],"author":[{"embeddable":true,"href":"https:\/\/www.etoro.com\/it\/wp-json\/wp\/v2\/users\/96"}],"replies":[{"embeddable":true,"href":"https:\/\/www.etoro.com\/it\/wp-json\/wp\/v2\/comments?post=993139"}],"version-history":[{"count":0,"href":"https:\/\/www.etoro.com\/it\/wp-json\/wp\/v2\/pages\/993139\/revisions"}],"up":[{"embeddable":true,"href":"https:\/\/www.etoro.com\/it\/wp-json\/wp\/v2\/pages\/261874"}],"wp:featuredmedia":[{"embeddable":true,"href":"https:\/\/www.etoro.com\/it\/wp-json\/wp\/v2\/media\/549521"}],"wp:attachment":[{"href":"https:\/\/www.etoro.com\/it\/wp-json\/wp\/v2\/media?parent=993139"}],"wp:term":[{"taxonomy":"asset_type","embeddable":true,"href":"https:\/\/www.etoro.com\/it\/wp-json\/wp\/v2\/asset_type?post=993139"}],"curies":[{"name":"wp","href":"https:\/\/api.w.org\/{rel}","templated":true}]}}