{"id":993140,"date":"2025-01-10T17:54:15","date_gmt":"2025-01-10T15:54:15","guid":{"rendered":"https:\/\/www.etoro.com\/academy\/etoro-basics\/copytrading-101-part-4-next-steps\/"},"modified":"2025-02-03T14:10:53","modified_gmt":"2025-02-03T12:10:53","slug":"copytrading-101-part-4-next-steps","status":"publish","type":"page","link":"https:\/\/www.etoro.com\/it\/academy\/videos\/copytrading-101-part-4-next-steps\/","title":{"rendered":"CopyTrading 101 | Parte 4: E ora?"},"content":{"rendered":"\n<div class=\"wp-block-etoro-video-transcript\"><div class=\"wp-block-etoro-video-description\"><h2 class=\"wp-block-etoro-video-description-title\">Descrizione<\/h2><hr\/><div class=\"wp-block-etoro-video-description-content\">Chi ha detto che non si possono copiare le azioni degli investitori pi\u00f9 performanti? Scoprite le basi del CopyTrading.<\/div><\/div><div class=\"wp-block-etoro-video-transcript-content\"><h2 class=\"wp-block-etoro-video-transcript-title\">Trascrizione<\/h2><hr\/><div class=\"wp-block-etoro-video-transcript-text\"><div class=\"wp-block-etoro-video-transcript-text-wrapper\">\n<p>Bentornato.<\/p>\n\n\n\n<p>Se hai seguito i nostri video, a questo punto sai gi\u00e0 perch\u00e9 il CopyTrading \u00e8 fantastico, e quanto pu\u00f2 essere facile copiare il portafoglio di qualcuno su eToro.<\/p>\n\n\n\n<p>Ma cosa succede dopo che hai copiato qualcuno?<\/p>\n\n\n\n<p>Si molla tutto e si va a lavorare sulle proprie abilit\u00e0 di parkour?<\/p>\n\n\n\n<p>Lascia perdere, non fa per te.<\/p>\n\n\n\n<p>Se vuoi sapere come seguire i tuoi investimenti e come poterli modificare, continua a guardare il video.<\/p>\n\n\n\n<p>Puoi trovare tutte le tue statistiche nella nostra dashboard.<\/p>\n\n\n\n<p>Quindi, assicurati di visitare il tuo portfolio di tanto in tanto.<\/p>\n\n\n\n<p>Magari fissa un giorno alla settimana, prepara una bella cena e scopri come stanno le cose.<\/p>\n\n\n\n<p>Dai un&#8217;occhiata a come sta andando il tuo denaro.<\/p>\n\n\n\n<p>Quando apri il tuo portafoglio, fai clic sui tre punti sulla destra per visualizzare tutte le opzioni.<\/p>\n\n\n\n<p>Qui puoi scegliere di investire pi\u00f9 denaro, rimuovere una parte del tuo denaro, interrompere completamente una copia, regolare il tuo Copy Stop Loss, o persino mettere in pausa una copia.<\/p>\n\n\n\n<p>La pausa della copia \u00e8 una funzione che consente di interrompere la copia di un investitore senza chiudere tutte le posizioni attualmente aperte.<\/p>\n\n\n\n<p>Quando si sceglie di mettere in pausa una copia, non si apriranno nuove posizioni in quella particolare copia.<\/p>\n\n\n\n<p>Per\u00f2, c&#8217;\u00e8 ovviamente un per\u00f2, tutte le operazioni aperte copieranno lo stop-loss, il take-profit, e le azioni di chiusura di quell&#8217;investitore che si sta copiando.<\/p>\n\n\n\n<p>eToro \u00e8 una community e ci piace aiutarci a vicenda.<\/p>\n\n\n\n<p>Puoi iniziare una conversazione con qualsiasi investitore della community commentando o aprendo una discussione sulla pagina del suo profilo.<\/p>\n\n\n\n<p>Gli amici di eToro servono a questo.<\/p>\n\n\n\n<p>Grazie per aver guardato e ci vediamo su eToro.<\/p>\n<\/div><button class=\"wp-block-etoro-video-description-more-text\">Mostra di pi\u00f9<svg xmlns=\"http:\/\/www.w3.org\/2000\/svg\" width=\"9\" height=\"6\" viewBox=\"0 0 9 6\" fill=\"none\"><path d=\"M7.5625 1.48616L4.5 4.54866L1.4375 1.48616\" stroke=\"#13C636\" stroke-linecap=\"square\"><\/path><\/svg><\/button><\/div><\/div><\/div>\n","protected":false},"excerpt":{"rendered":"","protected":false},"author":96,"featured_media":561234,"parent":261874,"menu_order":0,"comment_status":"closed","ping_status":"closed","template":"","meta":{"_acf_changed":true,"inline_featured_image":false,"sticky_cta_settings":"","footnotes":""},"asset_type":[],"class_list":["post-993140","page","type-page","status-publish","has-post-thumbnail","hentry"],"acf":[],"yoast_head":"<title>CopyTrading 101 | Parte 4: E ora? | eToro Academy Video<\/title>\n<meta name=\"description\" content=\"In questo video scoprirai cosa accade dopo aver iniziato a fare CopyTrading su eToro. Impara a gestire le operazioni copiate e come rivedere le tue strategie per ottenere risultati duraturi.\" \/>\n<meta name=\"robots\" content=\"index, follow, max-snippet:-1, max-image-preview:large, max-video-preview:-1\" \/>\n<link rel=\"canonical\" href=\"https:\/\/www.etoro.com\/it\/wp-json\/wp\/v2\/pages\/993140\" \/>\n<meta property=\"og:locale\" content=\"it_IT\" \/>\n<meta property=\"og:type\" content=\"article\" \/>\n<meta property=\"og:title\" content=\"CopyTrading 101 | Parte 4: E ora? | eToro Academy Video\" \/>\n<meta property=\"og:description\" content=\"In questo video scoprirai cosa accade dopo aver iniziato a fare CopyTrading su eToro. Impara a gestire le operazioni copiate e come rivedere le tue strategie per ottenere risultati duraturi.\" \/>\n<meta property=\"og:url\" content=\"https:\/\/www.etoro.com\/it\/wp-json\/wp\/v2\/pages\/993140\" \/>\n<meta property=\"og:site_name\" content=\"eToro\" \/>\n<meta property=\"article:publisher\" content=\"https:\/\/www.facebook.com\/eToro\/\" \/>\n<meta property=\"article:modified_time\" content=\"2025-02-03T12:10:53+00:00\" \/>\n<meta property=\"og:image\" content=\"https:\/\/www.etoro.com\/wp-content\/uploads\/2023\/02\/1747_600x500_IT-1.jpg\" \/>\n\t<meta property=\"og:image:width\" content=\"576\" \/>\n\t<meta property=\"og:image:height\" content=\"385\" \/>\n\t<meta property=\"og:image:type\" content=\"image\/jpeg\" \/>\n<meta name=\"twitter:card\" content=\"summary_large_image\" \/>\n<meta name=\"twitter:site\" content=\"@eToro\" \/>\n<meta name=\"twitter:label1\" content=\"Est. reading time\" \/>\n\t<meta name=\"twitter:data1\" content=\"1 minute\" \/>\n<script type=\"application\/ld+json\" class=\"yoast-schema-graph\">{\"@context\":\"https:\/\/schema.org\",\"@graph\":[{\"@type\":\"WebPage\",\"@id\":\"https:\/\/www.etoro.com\/it\/academy\/videos\/copytrading-101-part-4-next-steps\/\",\"url\":\"https:\/\/www.etoro.com\/it\/academy\/videos\/copytrading-101-part-4-next-steps\/\",\"name\":\"CopyTrading 101 | Parte 4: E ora? | eToro Academy Video\",\"isPartOf\":{\"@id\":\"https:\/\/www.etoro.com\/it\/#website\"},\"primaryImageOfPage\":{\"@id\":\"https:\/\/www.etoro.com\/it\/academy\/videos\/copytrading-101-part-4-next-steps\/#primaryimage\"},\"image\":{\"@id\":\"https:\/\/www.etoro.com\/it\/academy\/videos\/copytrading-101-part-4-next-steps\/#primaryimage\"},\"thumbnailUrl\":\"https:\/\/www.etoro.com\/wp-content\/uploads\/2023\/02\/1747_600x500_IT-1.jpg\",\"datePublished\":\"2025-01-10T15:54:15+00:00\",\"dateModified\":\"2025-02-03T12:10:53+00:00\",\"description\":\"In questo video scoprirai cosa accade dopo aver iniziato a fare CopyTrading su eToro. Impara a gestire le operazioni copiate e come rivedere le tue strategie per ottenere risultati duraturi.\",\"breadcrumb\":{\"@id\":\"https:\/\/www.etoro.com\/it\/academy\/videos\/copytrading-101-part-4-next-steps\/#breadcrumb\"},\"inLanguage\":\"it\",\"potentialAction\":[{\"@type\":\"ReadAction\",\"target\":[\"https:\/\/www.etoro.com\/it\/academy\/videos\/copytrading-101-part-4-next-steps\/\"]}]},{\"@type\":\"ImageObject\",\"inLanguage\":\"it\",\"@id\":\"https:\/\/www.etoro.com\/it\/academy\/videos\/copytrading-101-part-4-next-steps\/#primaryimage\",\"url\":\"https:\/\/www.etoro.com\/wp-content\/uploads\/2023\/02\/1747_600x500_IT-1.jpg\",\"contentUrl\":\"https:\/\/www.etoro.com\/wp-content\/uploads\/2023\/02\/1747_600x500_IT-1.jpg\",\"width\":576,\"height\":385},{\"@type\":\"BreadcrumbList\",\"@id\":\"https:\/\/www.etoro.com\/it\/academy\/videos\/copytrading-101-part-4-next-steps\/#breadcrumb\",\"itemListElement\":[{\"@type\":\"ListItem\",\"position\":1,\"name\":\"Home\",\"item\":\"https:\/\/www.etoro.com\/it\/\"},{\"@type\":\"ListItem\",\"position\":2,\"name\":\"eToro Academy\",\"item\":\"https:\/\/www.etoro.com\/it\/academy\/\"},{\"@type\":\"ListItem\",\"position\":3,\"name\":\"Video\",\"item\":\"https:\/\/www.etoro.com\/it\/academy\/videos\/\"},{\"@type\":\"ListItem\",\"position\":4,\"name\":\"CopyTrading 101 | Parte 4: E ora?\"}]},{\"@type\":\"WebSite\",\"@id\":\"https:\/\/www.etoro.com\/it\/#website\",\"url\":\"https:\/\/www.etoro.com\/it\/\",\"name\":\"eToro\",\"description\":\"\",\"publisher\":{\"@id\":\"https:\/\/www.etoro.com\/it\/#organization\"},\"potentialAction\":[{\"@type\":\"SearchAction\",\"target\":{\"@type\":\"EntryPoint\",\"urlTemplate\":\"https:\/\/www.etoro.com\/it\/?s={search_term_string}\"},\"query-input\":{\"@type\":\"PropertyValueSpecification\",\"valueRequired\":true,\"valueName\":\"search_term_string\"}}],\"inLanguage\":\"it\"},[]]}<\/script>","yoast_head_json":{"title":"CopyTrading 101 | Parte 4: E ora? | eToro Academy Video","description":"In questo video scoprirai cosa accade dopo aver iniziato a fare CopyTrading su eToro. Impara a gestire le operazioni copiate e come rivedere le tue strategie per ottenere risultati duraturi.","robots":{"index":"index","follow":"follow","max-snippet":"max-snippet:-1","max-image-preview":"max-image-preview:large","max-video-preview":"max-video-preview:-1"},"canonical":"https:\/\/www.etoro.com\/it\/wp-json\/wp\/v2\/pages\/993140","og_locale":"it_IT","og_type":"article","og_title":"CopyTrading 101 | Parte 4: E ora? | eToro Academy Video","og_description":"In questo video scoprirai cosa accade dopo aver iniziato a fare CopyTrading su eToro. Impara a gestire le operazioni copiate e come rivedere le tue strategie per ottenere risultati duraturi.","og_url":"https:\/\/www.etoro.com\/it\/wp-json\/wp\/v2\/pages\/993140","og_site_name":"eToro","article_publisher":"https:\/\/www.facebook.com\/eToro\/","article_modified_time":"2025-02-03T12:10:53+00:00","og_image":[{"width":576,"height":385,"url":"https:\/\/www.etoro.com\/wp-content\/uploads\/2023\/02\/1747_600x500_IT-1.jpg","type":"image\/jpeg"}],"twitter_card":"summary_large_image","twitter_site":"@eToro","twitter_misc":{"Est. reading time":"1 minute"},"schema":{"@context":"https:\/\/schema.org","@graph":[{"@type":"WebPage","@id":"https:\/\/www.etoro.com\/it\/academy\/videos\/copytrading-101-part-4-next-steps\/","url":"https:\/\/www.etoro.com\/it\/academy\/videos\/copytrading-101-part-4-next-steps\/","name":"CopyTrading 101 | Parte 4: E ora? | eToro Academy Video","isPartOf":{"@id":"https:\/\/www.etoro.com\/it\/#website"},"primaryImageOfPage":{"@id":"https:\/\/www.etoro.com\/it\/academy\/videos\/copytrading-101-part-4-next-steps\/#primaryimage"},"image":{"@id":"https:\/\/www.etoro.com\/it\/academy\/videos\/copytrading-101-part-4-next-steps\/#primaryimage"},"thumbnailUrl":"https:\/\/www.etoro.com\/wp-content\/uploads\/2023\/02\/1747_600x500_IT-1.jpg","datePublished":"2025-01-10T15:54:15+00:00","dateModified":"2025-02-03T12:10:53+00:00","description":"In questo video scoprirai cosa accade dopo aver iniziato a fare CopyTrading su eToro. Impara a gestire le operazioni copiate e come rivedere le tue strategie per ottenere risultati duraturi.","breadcrumb":{"@id":"https:\/\/www.etoro.com\/it\/academy\/videos\/copytrading-101-part-4-next-steps\/#breadcrumb"},"inLanguage":"it","potentialAction":[{"@type":"ReadAction","target":["https:\/\/www.etoro.com\/it\/academy\/videos\/copytrading-101-part-4-next-steps\/"]}]},{"@type":"ImageObject","inLanguage":"it","@id":"https:\/\/www.etoro.com\/it\/academy\/videos\/copytrading-101-part-4-next-steps\/#primaryimage","url":"https:\/\/www.etoro.com\/wp-content\/uploads\/2023\/02\/1747_600x500_IT-1.jpg","contentUrl":"https:\/\/www.etoro.com\/wp-content\/uploads\/2023\/02\/1747_600x500_IT-1.jpg","width":576,"height":385},{"@type":"BreadcrumbList","@id":"https:\/\/www.etoro.com\/it\/academy\/videos\/copytrading-101-part-4-next-steps\/#breadcrumb","itemListElement":[{"@type":"ListItem","position":1,"name":"Home","item":"https:\/\/www.etoro.com\/it\/"},{"@type":"ListItem","position":2,"name":"eToro Academy","item":"https:\/\/www.etoro.com\/it\/academy\/"},{"@type":"ListItem","position":3,"name":"Video","item":"https:\/\/www.etoro.com\/it\/academy\/videos\/"},{"@type":"ListItem","position":4,"name":"CopyTrading 101 | Parte 4: E ora?"}]},{"@type":"WebSite","@id":"https:\/\/www.etoro.com\/it\/#website","url":"https:\/\/www.etoro.com\/it\/","name":"eToro","description":"","publisher":{"@id":"https:\/\/www.etoro.com\/it\/#organization"},"potentialAction":[{"@type":"SearchAction","target":{"@type":"EntryPoint","urlTemplate":"https:\/\/www.etoro.com\/it\/?s={search_term_string}"},"query-input":{"@type":"PropertyValueSpecification","valueRequired":true,"valueName":"search_term_string"}}],"inLanguage":"it"},[]]}},"_links":{"self":[{"href":"https:\/\/www.etoro.com\/it\/wp-json\/wp\/v2\/pages\/993140"}],"collection":[{"href":"https:\/\/www.etoro.com\/it\/wp-json\/wp\/v2\/pages"}],"about":[{"href":"https:\/\/www.etoro.com\/it\/wp-json\/wp\/v2\/types\/page"}],"author":[{"embeddable":true,"href":"https:\/\/www.etoro.com\/it\/wp-json\/wp\/v2\/users\/96"}],"replies":[{"embeddable":true,"href":"https:\/\/www.etoro.com\/it\/wp-json\/wp\/v2\/comments?post=993140"}],"version-history":[{"count":0,"href":"https:\/\/www.etoro.com\/it\/wp-json\/wp\/v2\/pages\/993140\/revisions"}],"up":[{"embeddable":true,"href":"https:\/\/www.etoro.com\/it\/wp-json\/wp\/v2\/pages\/261874"}],"wp:featuredmedia":[{"embeddable":true,"href":"https:\/\/www.etoro.com\/it\/wp-json\/wp\/v2\/media\/561234"}],"wp:attachment":[{"href":"https:\/\/www.etoro.com\/it\/wp-json\/wp\/v2\/media?parent=993140"}],"wp:term":[{"taxonomy":"asset_type","embeddable":true,"href":"https:\/\/www.etoro.com\/it\/wp-json\/wp\/v2\/asset_type?post=993140"}],"curies":[{"name":"wp","href":"https:\/\/api.w.org\/{rel}","templated":true}]}}