{"id":993708,"date":"2025-01-10T17:55:53","date_gmt":"2025-01-10T15:55:53","guid":{"rendered":"https:\/\/www.etoro.com\/academy\/etoro-basics\/copytrading-101-part-3-the-how\/"},"modified":"2025-02-03T18:44:59","modified_gmt":"2025-02-03T16:44:59","slug":"copytrading-101-part-3-the-how","status":"publish","type":"page","link":"https:\/\/www.etoro.com\/it\/academy\/videos\/copytrading-101-part-3-the-how\/","title":{"rendered":"CopyTrading 101 | Parte 3: Come fare"},"content":{"rendered":"\n<div class=\"wp-block-etoro-video-transcript\"><div class=\"wp-block-etoro-video-description\"><h2 class=\"wp-block-etoro-video-description-title\">Descrizione<\/h2><hr\/><div class=\"wp-block-etoro-video-description-content\">Chi ha detto che non si possono copiare le azioni degli investitori pi\u00f9 performanti? Scoprite le basi del CopyTrading.<\/div><\/div><div class=\"wp-block-etoro-video-transcript-content\"><h2 class=\"wp-block-etoro-video-transcript-title\">Trascrizione<\/h2><hr\/><div class=\"wp-block-etoro-video-transcript-text\"><div class=\"wp-block-etoro-video-transcript-text-wrapper\">\n<p>Ciao.<\/p>\n\n\n\n<p>Nei video precedenti, abbiamo imparato tutto sul CopyTrading.<\/p>\n\n\n\n<p>Il perch\u00e9, il cosa, il chi, ma c&#8217;\u00e8 una domanda che abbiamo tralasciato.<\/p>\n\n\n\n<p>Come?<\/p>\n\n\n\n<p>Beh, abbiamo provato a farlo nel modo pi\u00f9 semplice possibile.<\/p>\n\n\n\n<p>Innanzitutto, scegli l&#8217;investitore o gli investitori che vuoi copiare.<\/p>\n\n\n\n<p>Ricordati che questo investitore deve corrispondere alle tue esigenze, interessi e obiettivi.<\/p>\n\n\n\n<p>Per trovare qualcuno davvero unico, visita il nostro strumento \u201cScopri le persone\u201c.<\/p>\n\n\n\n<p>Qui potrai effettuare una ricerca in base alle prestazioni, alle attivit\u00e0, al punteggio di rischio e altre categorie che contribuiranno a rendere la ricerca pi\u00f9 precisa ed efficace possibile.<\/p>\n\n\n\n<p>Una volta trovato il tuo investitore, fai clic su \u201cCopia\u201c, inserisci l&#8217;importo che desideri investire e imposta i limiti di stop-loss per la copia.<\/p>\n\n\n\n<p>Quando si inserisce l&#8217;importo della copia, potrai vedere quale sar\u00e0 la dimensione media della tua posizione in base alla strategia adottata dall&#8217;investitore.<\/p>\n\n\n\n<p>Tieni presente che la dimensione minima della posizione \u00e8 di un dollaro americano.<\/p>\n\n\n\n<p>Qualsiasi posizione al di sotto di questo importo non verr\u00e0 aperta.<\/p>\n\n\n\n<p>A proposito, avrai la possibilit\u00e0 di copiare tutte le posizioni attualmente aperte di un investitore copiato con i valori di mercato previsti al momento della copia.<\/p>\n\n\n\n<p>Oppure no.<\/p>\n\n\n\n<p>Quando copi qualcuno, ogni posizione aperta viene conteggiata come un singolo investimento, ed il tuo investimento complessivo con quell&#8217;investitore viene diviso con una proporzione diretta con il suo portafoglio.<\/p>\n\n\n\n<p>Ad esempio, supponiamo che l&#8217;investitore abbia il 20% in un determinato titolo tecnologico, il 50% in uno specifico ETF, e il 30% in una criptovaluta.<\/p>\n\n\n\n<p>Il tuo investimento, come copia, avr\u00e0 le stesse identiche proporzioni.<\/p>\n\n\n\n<p>Se inizi a copiare un investitore quando il mercato \u00e8 chiuso, verr\u00e0 creato un ordine automatico e le tue posizioni verranno aperte non appena si aprir\u00e0 il mercato.<\/p>\n\n\n\n<p>E questo \u00e8 tutto.<\/p>\n\n\n\n<p>In realt\u00e0, volevamo fare un video pi\u00f9 lungo, ma non c&#8217;\u00e8 altro da dire.<\/p>\n\n\n\n<p>Grazie per aver guardato e ci vediamo su eToro.<\/p>\n<\/div><button class=\"wp-block-etoro-video-description-more-text\">MOSTRA DI PI\u00d9<svg xmlns=\"http:\/\/www.w3.org\/2000\/svg\" width=\"9\" height=\"6\" viewBox=\"0 0 9 6\" fill=\"none\"><path d=\"M7.5625 1.48616L4.5 4.54866L1.4375 1.48616\" stroke=\"#13C636\" stroke-linecap=\"square\"><\/path><\/svg><\/button><\/div><\/div><\/div>\n\n\n\n<p><\/p>\n","protected":false},"excerpt":{"rendered":"","protected":false},"author":96,"featured_media":549697,"parent":261874,"menu_order":0,"comment_status":"closed","ping_status":"closed","template":"","meta":{"_acf_changed":false,"inline_featured_image":false,"sticky_cta_settings":"","footnotes":""},"asset_type":[],"class_list":["post-993708","page","type-page","status-publish","has-post-thumbnail","hentry"],"acf":[],"yoast_head":"<title>CopyTrading 101 | Parte 3: Come fare | eToro Academy Video<\/title>\n<meta name=\"description\" content=\"Scopri i meccanismi del CopyTrading su eToro in questo video. Scopri come individuare i migliori investitori, ripartire i fondi e iniziare a creare il tuo portafoglio.\" \/>\n<meta name=\"robots\" content=\"index, follow, max-snippet:-1, max-image-preview:large, max-video-preview:-1\" \/>\n<link rel=\"canonical\" href=\"https:\/\/www.etoro.com\/it\/wp-json\/wp\/v2\/pages\/993708\" \/>\n<meta property=\"og:locale\" content=\"it_IT\" \/>\n<meta property=\"og:type\" content=\"article\" \/>\n<meta property=\"og:title\" content=\"CopyTrading 101 | Parte 3: Come fare | eToro Academy Video\" \/>\n<meta property=\"og:description\" content=\"Scopri i meccanismi del CopyTrading su eToro in questo video. Scopri come individuare i migliori investitori, ripartire i fondi e iniziare a creare il tuo portafoglio.\" \/>\n<meta property=\"og:url\" content=\"https:\/\/www.etoro.com\/it\/wp-json\/wp\/v2\/pages\/993708\" \/>\n<meta property=\"og:site_name\" content=\"eToro\" \/>\n<meta property=\"article:publisher\" content=\"https:\/\/www.facebook.com\/eToro\/\" \/>\n<meta property=\"article:modified_time\" content=\"2025-02-03T16:44:59+00:00\" \/>\n<meta property=\"og:image\" content=\"https:\/\/www.etoro.com\/wp-content\/uploads\/2023\/01\/1747_600x500_IT.jpg\" \/>\n\t<meta property=\"og:image:width\" content=\"600\" \/>\n\t<meta property=\"og:image:height\" content=\"500\" \/>\n\t<meta property=\"og:image:type\" content=\"image\/jpeg\" \/>\n<meta name=\"twitter:card\" content=\"summary_large_image\" \/>\n<meta name=\"twitter:site\" content=\"@eToro\" \/>\n<meta name=\"twitter:label1\" content=\"Est. reading time\" \/>\n\t<meta name=\"twitter:data1\" content=\"2 minutes\" \/>\n<script type=\"application\/ld+json\" class=\"yoast-schema-graph\">{\"@context\":\"https:\/\/schema.org\",\"@graph\":[{\"@type\":\"WebPage\",\"@id\":\"https:\/\/www.etoro.com\/it\/academy\/videos\/copytrading-101-part-3-the-how\/\",\"url\":\"https:\/\/www.etoro.com\/it\/academy\/videos\/copytrading-101-part-3-the-how\/\",\"name\":\"CopyTrading 101 | Parte 3: Come fare | eToro Academy Video\",\"isPartOf\":{\"@id\":\"https:\/\/www.etoro.com\/it\/#website\"},\"primaryImageOfPage\":{\"@id\":\"https:\/\/www.etoro.com\/it\/academy\/videos\/copytrading-101-part-3-the-how\/#primaryimage\"},\"image\":{\"@id\":\"https:\/\/www.etoro.com\/it\/academy\/videos\/copytrading-101-part-3-the-how\/#primaryimage\"},\"thumbnailUrl\":\"https:\/\/www.etoro.com\/wp-content\/uploads\/2023\/01\/1747_600x500_IT.jpg\",\"datePublished\":\"2025-01-10T15:55:53+00:00\",\"dateModified\":\"2025-02-03T16:44:59+00:00\",\"description\":\"Scopri i meccanismi del CopyTrading su eToro in questo video. Scopri come individuare i migliori investitori, ripartire i fondi e iniziare a creare il tuo portafoglio.\",\"breadcrumb\":{\"@id\":\"https:\/\/www.etoro.com\/it\/academy\/videos\/copytrading-101-part-3-the-how\/#breadcrumb\"},\"inLanguage\":\"it\",\"potentialAction\":[{\"@type\":\"ReadAction\",\"target\":[\"https:\/\/www.etoro.com\/it\/academy\/videos\/copytrading-101-part-3-the-how\/\"]}]},{\"@type\":\"ImageObject\",\"inLanguage\":\"it\",\"@id\":\"https:\/\/www.etoro.com\/it\/academy\/videos\/copytrading-101-part-3-the-how\/#primaryimage\",\"url\":\"https:\/\/www.etoro.com\/wp-content\/uploads\/2023\/01\/1747_600x500_IT.jpg\",\"contentUrl\":\"https:\/\/www.etoro.com\/wp-content\/uploads\/2023\/01\/1747_600x500_IT.jpg\",\"width\":600,\"height\":500},{\"@type\":\"BreadcrumbList\",\"@id\":\"https:\/\/www.etoro.com\/it\/academy\/videos\/copytrading-101-part-3-the-how\/#breadcrumb\",\"itemListElement\":[{\"@type\":\"ListItem\",\"position\":1,\"name\":\"Home\",\"item\":\"https:\/\/www.etoro.com\/it\/\"},{\"@type\":\"ListItem\",\"position\":2,\"name\":\"eToro Academy\",\"item\":\"https:\/\/www.etoro.com\/it\/academy\/\"},{\"@type\":\"ListItem\",\"position\":3,\"name\":\"Video\",\"item\":\"https:\/\/www.etoro.com\/it\/academy\/videos\/\"},{\"@type\":\"ListItem\",\"position\":4,\"name\":\"CopyTrading 101 | Parte 3: Come fare\"}]},{\"@type\":\"WebSite\",\"@id\":\"https:\/\/www.etoro.com\/it\/#website\",\"url\":\"https:\/\/www.etoro.com\/it\/\",\"name\":\"eToro\",\"description\":\"\",\"publisher\":{\"@id\":\"https:\/\/www.etoro.com\/it\/#organization\"},\"potentialAction\":[{\"@type\":\"SearchAction\",\"target\":{\"@type\":\"EntryPoint\",\"urlTemplate\":\"https:\/\/www.etoro.com\/it\/?s={search_term_string}\"},\"query-input\":{\"@type\":\"PropertyValueSpecification\",\"valueRequired\":true,\"valueName\":\"search_term_string\"}}],\"inLanguage\":\"it\"},[]]}<\/script>","yoast_head_json":{"title":"CopyTrading 101 | Parte 3: Come fare | eToro Academy Video","description":"Scopri i meccanismi del CopyTrading su eToro in questo video. Scopri come individuare i migliori investitori, ripartire i fondi e iniziare a creare il tuo portafoglio.","robots":{"index":"index","follow":"follow","max-snippet":"max-snippet:-1","max-image-preview":"max-image-preview:large","max-video-preview":"max-video-preview:-1"},"canonical":"https:\/\/www.etoro.com\/it\/wp-json\/wp\/v2\/pages\/993708","og_locale":"it_IT","og_type":"article","og_title":"CopyTrading 101 | Parte 3: Come fare | eToro Academy Video","og_description":"Scopri i meccanismi del CopyTrading su eToro in questo video. Scopri come individuare i migliori investitori, ripartire i fondi e iniziare a creare il tuo portafoglio.","og_url":"https:\/\/www.etoro.com\/it\/wp-json\/wp\/v2\/pages\/993708","og_site_name":"eToro","article_publisher":"https:\/\/www.facebook.com\/eToro\/","article_modified_time":"2025-02-03T16:44:59+00:00","og_image":[{"width":600,"height":500,"url":"https:\/\/www.etoro.com\/wp-content\/uploads\/2023\/01\/1747_600x500_IT.jpg","type":"image\/jpeg"}],"twitter_card":"summary_large_image","twitter_site":"@eToro","twitter_misc":{"Est. reading time":"2 minutes"},"schema":{"@context":"https:\/\/schema.org","@graph":[{"@type":"WebPage","@id":"https:\/\/www.etoro.com\/it\/academy\/videos\/copytrading-101-part-3-the-how\/","url":"https:\/\/www.etoro.com\/it\/academy\/videos\/copytrading-101-part-3-the-how\/","name":"CopyTrading 101 | Parte 3: Come fare | eToro Academy Video","isPartOf":{"@id":"https:\/\/www.etoro.com\/it\/#website"},"primaryImageOfPage":{"@id":"https:\/\/www.etoro.com\/it\/academy\/videos\/copytrading-101-part-3-the-how\/#primaryimage"},"image":{"@id":"https:\/\/www.etoro.com\/it\/academy\/videos\/copytrading-101-part-3-the-how\/#primaryimage"},"thumbnailUrl":"https:\/\/www.etoro.com\/wp-content\/uploads\/2023\/01\/1747_600x500_IT.jpg","datePublished":"2025-01-10T15:55:53+00:00","dateModified":"2025-02-03T16:44:59+00:00","description":"Scopri i meccanismi del CopyTrading su eToro in questo video. Scopri come individuare i migliori investitori, ripartire i fondi e iniziare a creare il tuo portafoglio.","breadcrumb":{"@id":"https:\/\/www.etoro.com\/it\/academy\/videos\/copytrading-101-part-3-the-how\/#breadcrumb"},"inLanguage":"it","potentialAction":[{"@type":"ReadAction","target":["https:\/\/www.etoro.com\/it\/academy\/videos\/copytrading-101-part-3-the-how\/"]}]},{"@type":"ImageObject","inLanguage":"it","@id":"https:\/\/www.etoro.com\/it\/academy\/videos\/copytrading-101-part-3-the-how\/#primaryimage","url":"https:\/\/www.etoro.com\/wp-content\/uploads\/2023\/01\/1747_600x500_IT.jpg","contentUrl":"https:\/\/www.etoro.com\/wp-content\/uploads\/2023\/01\/1747_600x500_IT.jpg","width":600,"height":500},{"@type":"BreadcrumbList","@id":"https:\/\/www.etoro.com\/it\/academy\/videos\/copytrading-101-part-3-the-how\/#breadcrumb","itemListElement":[{"@type":"ListItem","position":1,"name":"Home","item":"https:\/\/www.etoro.com\/it\/"},{"@type":"ListItem","position":2,"name":"eToro Academy","item":"https:\/\/www.etoro.com\/it\/academy\/"},{"@type":"ListItem","position":3,"name":"Video","item":"https:\/\/www.etoro.com\/it\/academy\/videos\/"},{"@type":"ListItem","position":4,"name":"CopyTrading 101 | Parte 3: Come fare"}]},{"@type":"WebSite","@id":"https:\/\/www.etoro.com\/it\/#website","url":"https:\/\/www.etoro.com\/it\/","name":"eToro","description":"","publisher":{"@id":"https:\/\/www.etoro.com\/it\/#organization"},"potentialAction":[{"@type":"SearchAction","target":{"@type":"EntryPoint","urlTemplate":"https:\/\/www.etoro.com\/it\/?s={search_term_string}"},"query-input":{"@type":"PropertyValueSpecification","valueRequired":true,"valueName":"search_term_string"}}],"inLanguage":"it"},[]]}},"_links":{"self":[{"href":"https:\/\/www.etoro.com\/it\/wp-json\/wp\/v2\/pages\/993708"}],"collection":[{"href":"https:\/\/www.etoro.com\/it\/wp-json\/wp\/v2\/pages"}],"about":[{"href":"https:\/\/www.etoro.com\/it\/wp-json\/wp\/v2\/types\/page"}],"author":[{"embeddable":true,"href":"https:\/\/www.etoro.com\/it\/wp-json\/wp\/v2\/users\/96"}],"replies":[{"embeddable":true,"href":"https:\/\/www.etoro.com\/it\/wp-json\/wp\/v2\/comments?post=993708"}],"version-history":[{"count":0,"href":"https:\/\/www.etoro.com\/it\/wp-json\/wp\/v2\/pages\/993708\/revisions"}],"up":[{"embeddable":true,"href":"https:\/\/www.etoro.com\/it\/wp-json\/wp\/v2\/pages\/261874"}],"wp:featuredmedia":[{"embeddable":true,"href":"https:\/\/www.etoro.com\/it\/wp-json\/wp\/v2\/media\/549697"}],"wp:attachment":[{"href":"https:\/\/www.etoro.com\/it\/wp-json\/wp\/v2\/media?parent=993708"}],"wp:term":[{"taxonomy":"asset_type","embeddable":true,"href":"https:\/\/www.etoro.com\/it\/wp-json\/wp\/v2\/asset_type?post=993708"}],"curies":[{"name":"wp","href":"https:\/\/api.w.org\/{rel}","templated":true}]}}