{"id":994285,"date":"2025-01-17T13:20:30","date_gmt":"2025-01-17T11:20:30","guid":{"rendered":"https:\/\/www.etoro.com\/academy\/videos\/opening-your-first-position\/"},"modified":"2025-02-03T14:22:20","modified_gmt":"2025-02-03T12:22:20","slug":"opening-your-first-position","status":"publish","type":"page","link":"https:\/\/www.etoro.com\/it\/academy\/videos\/opening-your-first-position\/","title":{"rendered":"Come aprire una posizione su eToro"},"content":{"rendered":"\n<div class=\"wp-block-etoro-video-transcript\"><div class=\"wp-block-etoro-video-description\"><h2 class=\"wp-block-etoro-video-description-title\">Descrizione<\/h2><hr\/><div class=\"wp-block-etoro-video-description-content\">C&#8217;\u00e8 una prima volta per tutto. Primo amore, primo colpo di fulmine, prima posizione di trading su eToro! Ecco come fare nel modo giusto.<\/div><\/div><div class=\"wp-block-etoro-video-transcript-content\"><h2 class=\"wp-block-etoro-video-transcript-title\">Trascrizione<\/h2><hr\/><div class=\"wp-block-etoro-video-transcript-text\"><div class=\"wp-block-etoro-video-transcript-text-wrapper\">\n<p>Ci sei!<\/p>\n\n\n\n<p>Hai creato il tuo account eToro ed ora \u00e8 arrivato il momento di iniziare ad investire.<\/p>\n\n\n\n<p>Scopriamo come si fa.<\/p>\n\n\n\n<p>Quando apri una nuova posizione, puoi scegliere tra due opzioni, una posizione di acquisto o una posizione di vendita, nota anche come short.<\/p>\n\n\n\n<p>Ti stai chiedendo quale scegliere?<\/p>\n\n\n\n<p>\u00c8 semplice.<\/p>\n\n\n\n<p>Acquisti quando pensi che il valore di un asset aumenter\u00e0, vendi se credi che il suo valore diminuir\u00e0.<\/p>\n\n\n\n<p>Puoi aprire una posizione dalla tua Lista Preferiti dalla pagina Cerca, o, se sei interessato a un asset che gi\u00e0 possiedi, dal tuo portafoglio.<\/p>\n\n\n\n<p>Quando apri una posizione, scegli innanzitutto la quantit\u00e0 da acquistare o vendere, in numero di unit\u00e0 o in valore in dollari.<\/p>\n\n\n\n<p>La tua posizione pu\u00f2 essere l&#8217;acquisto dell&#8217;attivit\u00e0 sottostante o di un CFD.<\/p>\n\n\n\n<p>Se si tratta di CFD, tieni presente che puoi impostare i parametri di stop-loss e take-profit.<\/p>\n\n\n\n<p>Questi non sono solo fondamentali, ma di fatto obbligatori per motivi di regolamentazione, e per garantire la maggior protezione a te, l&#8217;investitore.<\/p>\n\n\n\n<p>Puoi anche scegliere di utilizzare la leva e in che misura, a seconda dei limiti di leva per quel particolare asset.<\/p>\n\n\n\n<p>Non dimenticare che da una grande leva derivano grandi responsabilit\u00e0 e commissioni, quindi assicurati di controllare le commissioni overnight e weekend in fondo alla finestra \u201cApri posizione\u201c.<\/p>\n\n\n\n<p>Se stai aprendo una posizione quando il mercato \u00e8 chiuso, non preoccuparti, verr\u00e0 creata un&#8217;immissione di un ordine e tutto entrer\u00e0 automaticamente in azione non appena quel mercato sar\u00e0 aperto, o quando nel mercato si raggiunger\u00e0 il prezzo che \u00e8 impostato.<\/p>\n\n\n\n<p>Che tu stia acquistando o vendendo, sappi che un&#8217;altra interessante funzione di eToro ti permette di modificare i livelli di stop-loss e take-profit, anche dopo l&#8217;apertura di una posizione.<\/p>\n\n\n\n<p>Ti baster\u00e0 fare clic sulla posizione interessata e modificarla.<\/p>\n\n\n\n<p>Ed \u00e8 tutto.<\/p>\n\n\n\n<p>Bastano pochi clic e la tua posizione \u00e8 aperta.<\/p>\n\n\n\n<p>Buon investimento.<\/p>\n\n\n\n<p>Grazie per aver guardato e ci vediamo su eToro.<\/p>\n<\/div><button class=\"wp-block-etoro-video-description-more-text\">Mostra di pi\u00f9<svg xmlns=\"http:\/\/www.w3.org\/2000\/svg\" width=\"9\" height=\"6\" viewBox=\"0 0 9 6\" fill=\"none\"><path d=\"M7.5625 1.48616L4.5 4.54866L1.4375 1.48616\" stroke=\"#13C636\" stroke-linecap=\"square\"><\/path><\/svg><\/button><\/div><\/div><\/div>\n","protected":false},"excerpt":{"rendered":"","protected":false},"author":96,"featured_media":561156,"parent":261874,"menu_order":0,"comment_status":"closed","ping_status":"closed","template":"","meta":{"_acf_changed":true,"inline_featured_image":false,"sticky_cta_settings":"","footnotes":""},"asset_type":[],"class_list":["post-994285","page","type-page","status-publish","has-post-thumbnail","hentry"],"acf":[],"yoast_head":"<title>Come aprire una posizione su eToro | eToro Academy Video<\/title>\n<meta name=\"description\" content=\"Scopri come aprire correttamente la tua prima posizione di trading su eToro in questo video passo-passo.\" \/>\n<meta name=\"robots\" content=\"index, follow, max-snippet:-1, max-image-preview:large, max-video-preview:-1\" \/>\n<link rel=\"canonical\" href=\"https:\/\/www.etoro.com\/it\/wp-json\/wp\/v2\/pages\/994285\" \/>\n<meta property=\"og:locale\" content=\"it_IT\" \/>\n<meta property=\"og:type\" content=\"article\" \/>\n<meta property=\"og:title\" content=\"Come aprire una posizione su eToro | eToro Academy Video\" \/>\n<meta property=\"og:description\" content=\"Scopri come aprire correttamente la tua prima posizione di trading su eToro in questo video passo-passo.\" \/>\n<meta property=\"og:url\" content=\"https:\/\/www.etoro.com\/it\/wp-json\/wp\/v2\/pages\/994285\" \/>\n<meta property=\"og:site_name\" content=\"eToro\" \/>\n<meta property=\"article:publisher\" content=\"https:\/\/www.facebook.com\/eToro\/\" \/>\n<meta property=\"article:modified_time\" content=\"2025-02-03T12:22:20+00:00\" \/>\n<meta property=\"og:image\" content=\"https:\/\/www.etoro.com\/wp-content\/uploads\/2023\/02\/7490_600x500_IT.jpg\" \/>\n\t<meta property=\"og:image:width\" content=\"576\" \/>\n\t<meta property=\"og:image:height\" content=\"385\" \/>\n\t<meta property=\"og:image:type\" content=\"image\/jpeg\" \/>\n<meta name=\"twitter:card\" content=\"summary_large_image\" \/>\n<meta name=\"twitter:site\" content=\"@eToro\" \/>\n<meta name=\"twitter:label1\" content=\"Est. reading time\" \/>\n\t<meta name=\"twitter:data1\" content=\"2 minutes\" \/>\n<script type=\"application\/ld+json\" class=\"yoast-schema-graph\">{\"@context\":\"https:\/\/schema.org\",\"@graph\":[{\"@type\":\"WebPage\",\"@id\":\"https:\/\/www.etoro.com\/it\/academy\/videos\/opening-your-first-position\/\",\"url\":\"https:\/\/www.etoro.com\/it\/academy\/videos\/opening-your-first-position\/\",\"name\":\"Come aprire una posizione su eToro | eToro Academy Video\",\"isPartOf\":{\"@id\":\"https:\/\/www.etoro.com\/it\/#website\"},\"primaryImageOfPage\":{\"@id\":\"https:\/\/www.etoro.com\/it\/academy\/videos\/opening-your-first-position\/#primaryimage\"},\"image\":{\"@id\":\"https:\/\/www.etoro.com\/it\/academy\/videos\/opening-your-first-position\/#primaryimage\"},\"thumbnailUrl\":\"https:\/\/www.etoro.com\/wp-content\/uploads\/2023\/02\/7490_600x500_IT.jpg\",\"datePublished\":\"2025-01-17T11:20:30+00:00\",\"dateModified\":\"2025-02-03T12:22:20+00:00\",\"description\":\"Scopri come aprire correttamente la tua prima posizione di trading su eToro in questo video passo-passo.\",\"breadcrumb\":{\"@id\":\"https:\/\/www.etoro.com\/it\/academy\/videos\/opening-your-first-position\/#breadcrumb\"},\"inLanguage\":\"it\",\"potentialAction\":[{\"@type\":\"ReadAction\",\"target\":[\"https:\/\/www.etoro.com\/it\/academy\/videos\/opening-your-first-position\/\"]}]},{\"@type\":\"ImageObject\",\"inLanguage\":\"it\",\"@id\":\"https:\/\/www.etoro.com\/it\/academy\/videos\/opening-your-first-position\/#primaryimage\",\"url\":\"https:\/\/www.etoro.com\/wp-content\/uploads\/2023\/02\/7490_600x500_IT.jpg\",\"contentUrl\":\"https:\/\/www.etoro.com\/wp-content\/uploads\/2023\/02\/7490_600x500_IT.jpg\",\"width\":576,\"height\":385},{\"@type\":\"BreadcrumbList\",\"@id\":\"https:\/\/www.etoro.com\/it\/academy\/videos\/opening-your-first-position\/#breadcrumb\",\"itemListElement\":[{\"@type\":\"ListItem\",\"position\":1,\"name\":\"Home\",\"item\":\"https:\/\/www.etoro.com\/it\/\"},{\"@type\":\"ListItem\",\"position\":2,\"name\":\"eToro Academy\",\"item\":\"https:\/\/www.etoro.com\/it\/academy\/\"},{\"@type\":\"ListItem\",\"position\":3,\"name\":\"Video\",\"item\":\"https:\/\/www.etoro.com\/it\/academy\/videos\/\"},{\"@type\":\"ListItem\",\"position\":4,\"name\":\"Come aprire una posizione su eToro\"}]},{\"@type\":\"WebSite\",\"@id\":\"https:\/\/www.etoro.com\/it\/#website\",\"url\":\"https:\/\/www.etoro.com\/it\/\",\"name\":\"eToro\",\"description\":\"\",\"publisher\":{\"@id\":\"https:\/\/www.etoro.com\/it\/#organization\"},\"potentialAction\":[{\"@type\":\"SearchAction\",\"target\":{\"@type\":\"EntryPoint\",\"urlTemplate\":\"https:\/\/www.etoro.com\/it\/?s={search_term_string}\"},\"query-input\":{\"@type\":\"PropertyValueSpecification\",\"valueRequired\":true,\"valueName\":\"search_term_string\"}}],\"inLanguage\":\"it\"},[]]}<\/script>","yoast_head_json":{"title":"Come aprire una posizione su eToro | eToro Academy Video","description":"Scopri come aprire correttamente la tua prima posizione di trading su eToro in questo video passo-passo.","robots":{"index":"index","follow":"follow","max-snippet":"max-snippet:-1","max-image-preview":"max-image-preview:large","max-video-preview":"max-video-preview:-1"},"canonical":"https:\/\/www.etoro.com\/it\/wp-json\/wp\/v2\/pages\/994285","og_locale":"it_IT","og_type":"article","og_title":"Come aprire una posizione su eToro | eToro Academy Video","og_description":"Scopri come aprire correttamente la tua prima posizione di trading su eToro in questo video passo-passo.","og_url":"https:\/\/www.etoro.com\/it\/wp-json\/wp\/v2\/pages\/994285","og_site_name":"eToro","article_publisher":"https:\/\/www.facebook.com\/eToro\/","article_modified_time":"2025-02-03T12:22:20+00:00","og_image":[{"width":576,"height":385,"url":"https:\/\/www.etoro.com\/wp-content\/uploads\/2023\/02\/7490_600x500_IT.jpg","type":"image\/jpeg"}],"twitter_card":"summary_large_image","twitter_site":"@eToro","twitter_misc":{"Est. reading time":"2 minutes"},"schema":{"@context":"https:\/\/schema.org","@graph":[{"@type":"WebPage","@id":"https:\/\/www.etoro.com\/it\/academy\/videos\/opening-your-first-position\/","url":"https:\/\/www.etoro.com\/it\/academy\/videos\/opening-your-first-position\/","name":"Come aprire una posizione su eToro | eToro Academy Video","isPartOf":{"@id":"https:\/\/www.etoro.com\/it\/#website"},"primaryImageOfPage":{"@id":"https:\/\/www.etoro.com\/it\/academy\/videos\/opening-your-first-position\/#primaryimage"},"image":{"@id":"https:\/\/www.etoro.com\/it\/academy\/videos\/opening-your-first-position\/#primaryimage"},"thumbnailUrl":"https:\/\/www.etoro.com\/wp-content\/uploads\/2023\/02\/7490_600x500_IT.jpg","datePublished":"2025-01-17T11:20:30+00:00","dateModified":"2025-02-03T12:22:20+00:00","description":"Scopri come aprire correttamente la tua prima posizione di trading su eToro in questo video passo-passo.","breadcrumb":{"@id":"https:\/\/www.etoro.com\/it\/academy\/videos\/opening-your-first-position\/#breadcrumb"},"inLanguage":"it","potentialAction":[{"@type":"ReadAction","target":["https:\/\/www.etoro.com\/it\/academy\/videos\/opening-your-first-position\/"]}]},{"@type":"ImageObject","inLanguage":"it","@id":"https:\/\/www.etoro.com\/it\/academy\/videos\/opening-your-first-position\/#primaryimage","url":"https:\/\/www.etoro.com\/wp-content\/uploads\/2023\/02\/7490_600x500_IT.jpg","contentUrl":"https:\/\/www.etoro.com\/wp-content\/uploads\/2023\/02\/7490_600x500_IT.jpg","width":576,"height":385},{"@type":"BreadcrumbList","@id":"https:\/\/www.etoro.com\/it\/academy\/videos\/opening-your-first-position\/#breadcrumb","itemListElement":[{"@type":"ListItem","position":1,"name":"Home","item":"https:\/\/www.etoro.com\/it\/"},{"@type":"ListItem","position":2,"name":"eToro Academy","item":"https:\/\/www.etoro.com\/it\/academy\/"},{"@type":"ListItem","position":3,"name":"Video","item":"https:\/\/www.etoro.com\/it\/academy\/videos\/"},{"@type":"ListItem","position":4,"name":"Come aprire una posizione su eToro"}]},{"@type":"WebSite","@id":"https:\/\/www.etoro.com\/it\/#website","url":"https:\/\/www.etoro.com\/it\/","name":"eToro","description":"","publisher":{"@id":"https:\/\/www.etoro.com\/it\/#organization"},"potentialAction":[{"@type":"SearchAction","target":{"@type":"EntryPoint","urlTemplate":"https:\/\/www.etoro.com\/it\/?s={search_term_string}"},"query-input":{"@type":"PropertyValueSpecification","valueRequired":true,"valueName":"search_term_string"}}],"inLanguage":"it"},[]]}},"_links":{"self":[{"href":"https:\/\/www.etoro.com\/it\/wp-json\/wp\/v2\/pages\/994285"}],"collection":[{"href":"https:\/\/www.etoro.com\/it\/wp-json\/wp\/v2\/pages"}],"about":[{"href":"https:\/\/www.etoro.com\/it\/wp-json\/wp\/v2\/types\/page"}],"author":[{"embeddable":true,"href":"https:\/\/www.etoro.com\/it\/wp-json\/wp\/v2\/users\/96"}],"replies":[{"embeddable":true,"href":"https:\/\/www.etoro.com\/it\/wp-json\/wp\/v2\/comments?post=994285"}],"version-history":[{"count":0,"href":"https:\/\/www.etoro.com\/it\/wp-json\/wp\/v2\/pages\/994285\/revisions"}],"up":[{"embeddable":true,"href":"https:\/\/www.etoro.com\/it\/wp-json\/wp\/v2\/pages\/261874"}],"wp:featuredmedia":[{"embeddable":true,"href":"https:\/\/www.etoro.com\/it\/wp-json\/wp\/v2\/media\/561156"}],"wp:attachment":[{"href":"https:\/\/www.etoro.com\/it\/wp-json\/wp\/v2\/media?parent=994285"}],"wp:term":[{"taxonomy":"asset_type","embeddable":true,"href":"https:\/\/www.etoro.com\/it\/wp-json\/wp\/v2\/asset_type?post=994285"}],"curies":[{"name":"wp","href":"https:\/\/api.w.org\/{rel}","templated":true}]}}