{"id":994457,"date":"2025-01-10T18:22:12","date_gmt":"2025-01-10T16:22:12","guid":{"rendered":"https:\/\/www.etoro.com\/academy\/videos\/which-kind-of-etoro-account-suits-you\/"},"modified":"2025-02-03T15:14:58","modified_gmt":"2025-02-03T13:14:58","slug":"which-kind-of-etoro-account-suits-you","status":"publish","type":"page","link":"https:\/\/www.etoro.com\/it\/academy\/videos\/which-kind-of-etoro-account-suits-you\/","title":{"rendered":"Qual \u00e8 l\u2019account eToro giusto per te?"},"content":{"rendered":"\n<div class=\"wp-block-etoro-video-transcript\"><div class=\"wp-block-etoro-video-description\"><h2 class=\"wp-block-etoro-video-description-title\">Descrizione<\/h2><hr\/><div class=\"wp-block-etoro-video-description-content\">Stai pensando di aprire un account eToro? Bene! eToro offre 4 tipi di account: account retail, account professionale, account aziendale e account islamico. Non ti resta che scegliere quello che fa per te e iniziare a investire! Ci vediamo sul feed.<\/div><\/div><div class=\"wp-block-etoro-video-transcript-content\"><h2 class=\"wp-block-etoro-video-transcript-title\">Trascrizione<\/h2><hr\/><div class=\"wp-block-etoro-video-transcript-text\"><div class=\"wp-block-etoro-video-transcript-text-wrapper\">\n<p>E cos\u00ec state pensando di aprire un account su eToro.<\/p>\n\n\n\n<p>Ottima mossa.<\/p>\n\n\n\n<p>Ma come fate a sapere qual \u00e8 l&#8217;account che fa per voi?<\/p>\n\n\n\n<p>Ci sono quattro tipi diversi di account su eToro.<\/p>\n\n\n\n<p>Un account retail, un account professionale, un account societario, ed un account islamico.<\/p>\n\n\n\n<p>L&#8217;account retail \u00e8 quello standard di eToro.<\/p>\n\n\n\n<p>Con questo account, puoi accedere a quasi ogni asset e funzione della piattaforma.<\/p>\n\n\n\n<p>Quando utilizzi questo account, ricordati che ci sono diversi tipi di leva per le diverse tipologie di asset.<\/p>\n\n\n\n<p>Il secondo tipo di account \u00e8 quello professionale.<\/p>\n\n\n\n<p>Solo gli utenti che soddisfano determinati requisiti possono fare richiesta per un account professionale.<\/p>\n\n\n\n<p>E al momento, questo tipo di account \u00e8 disponibile solo per gli utenti registrati su eToro in Europa e in Inghilterra.<\/p>\n\n\n\n<p>E per tutti i direttori finanziari che ci ascoltano, abbiamo un account societario fatto apposta per gli investitori istituzionali.<\/p>\n\n\n\n<p>Con questo account, eToro rende possibile alle aziende di fare trading e investire in diversi tipi di asset.<\/p>\n\n\n\n<p>La creazione di un account societario richiede una documentazione specifica, cos\u00ec come un primo deposito di 10.000 dollari, dopodich\u00e9 \u00e8 tutto pronto per iniziare.<\/p>\n\n\n\n<p>Abbiamo anche un account per i nostri clienti musulmani.<\/p>\n\n\n\n<p>Questo account permette di comprare e vendere asset senza essere addebitati o accreditati di commissioni di rollover in conformit\u00e0 con la legge della sharia.<\/p>\n\n\n\n<p>Un&#8217;ultima cosa prima di chiudere.<\/p>\n\n\n\n<p>Tutti questi account comprendono il portafoglio virtuale di eToro, conosciuto anche come account demo, con 100.000 dollari per fare pratica, investendo senza rischi.<\/p>\n\n\n\n<p>Hai gi\u00e0 deciso qual \u00e8 l&#8217;account che fa per te?<\/p>\n\n\n\n<p>Visita eToro.<\/p>\n\n\n\n<p>com se desideri aprire un account retail, o contatta il nostro team di customer service per aggiornare il tuo account ad uno societario o ad uno islamico.<\/p>\n\n\n\n<p>Ricorda, per\u00f2, che eToro supporta solo un tipo di account per utente.<\/p>\n\n\n\n<p>Grazie per aver guardato questo video.<\/p>\n\n\n\n<p>Ci vediamo sul feed.<\/p>\n<\/div><button class=\"wp-block-etoro-video-description-more-text\">MOSTRA DI PI\u00d9<svg xmlns=\"http:\/\/www.w3.org\/2000\/svg\" width=\"9\" height=\"6\" viewBox=\"0 0 9 6\" fill=\"none\"><path d=\"M7.5625 1.48616L4.5 4.54866L1.4375 1.48616\" stroke=\"#13C636\" stroke-linecap=\"square\"><\/path><\/svg><\/button><\/div><\/div><\/div>\n","protected":false},"excerpt":{"rendered":"","protected":false},"author":96,"featured_media":494987,"parent":261874,"menu_order":0,"comment_status":"closed","ping_status":"closed","template":"","meta":{"_acf_changed":true,"inline_featured_image":false,"sticky_cta_settings":"","footnotes":""},"asset_type":[],"class_list":["post-994457","page","type-page","status-publish","has-post-thumbnail","hentry"],"acf":[],"yoast_head":"<title>Qual \u00e8 l\u2019account eToro giusto per te? | eToro Academy Video<\/title>\n<meta name=\"description\" content=\"Scopri quali sono le diverse tipologie di account di eToro in questo video, tra cui retail, professional, aziendale e islamico. Inizia subito a fare trading.\" \/>\n<meta name=\"robots\" content=\"index, follow, max-snippet:-1, max-image-preview:large, max-video-preview:-1\" \/>\n<link rel=\"canonical\" href=\"https:\/\/www.etoro.com\/it\/wp-json\/wp\/v2\/pages\/994457\" \/>\n<meta property=\"og:locale\" content=\"it_IT\" \/>\n<meta property=\"og:type\" content=\"article\" \/>\n<meta property=\"og:title\" content=\"Qual \u00e8 l\u2019account eToro giusto per te? | eToro Academy Video\" \/>\n<meta property=\"og:description\" content=\"Scopri quali sono le diverse tipologie di account di eToro in questo video, tra cui retail, professional, aziendale e islamico. Inizia subito a fare trading.\" \/>\n<meta property=\"og:url\" content=\"https:\/\/www.etoro.com\/it\/wp-json\/wp\/v2\/pages\/994457\" \/>\n<meta property=\"og:site_name\" content=\"eToro\" \/>\n<meta property=\"article:publisher\" content=\"https:\/\/www.facebook.com\/eToro\/\" \/>\n<meta property=\"article:modified_time\" content=\"2025-02-03T13:14:58+00:00\" \/>\n<meta property=\"og:image\" content=\"https:\/\/www.etoro.com\/wp-content\/uploads\/2022\/09\/5730_600X500_IT.png\" \/>\n\t<meta property=\"og:image:width\" content=\"576\" \/>\n\t<meta property=\"og:image:height\" content=\"385\" \/>\n\t<meta property=\"og:image:type\" content=\"image\/png\" \/>\n<meta name=\"twitter:card\" content=\"summary_large_image\" \/>\n<meta name=\"twitter:site\" content=\"@eToro\" \/>\n<meta name=\"twitter:label1\" content=\"Est. reading time\" \/>\n\t<meta name=\"twitter:data1\" content=\"2 minutes\" \/>\n<script type=\"application\/ld+json\" class=\"yoast-schema-graph\">{\"@context\":\"https:\/\/schema.org\",\"@graph\":[{\"@type\":\"WebPage\",\"@id\":\"https:\/\/www.etoro.com\/it\/academy\/videos\/which-kind-of-etoro-account-suits-you\/\",\"url\":\"https:\/\/www.etoro.com\/it\/academy\/videos\/which-kind-of-etoro-account-suits-you\/\",\"name\":\"Qual \u00e8 l\u2019account eToro giusto per te? | eToro Academy Video\",\"isPartOf\":{\"@id\":\"https:\/\/www.etoro.com\/it\/#website\"},\"primaryImageOfPage\":{\"@id\":\"https:\/\/www.etoro.com\/it\/academy\/videos\/which-kind-of-etoro-account-suits-you\/#primaryimage\"},\"image\":{\"@id\":\"https:\/\/www.etoro.com\/it\/academy\/videos\/which-kind-of-etoro-account-suits-you\/#primaryimage\"},\"thumbnailUrl\":\"https:\/\/www.etoro.com\/wp-content\/uploads\/2022\/09\/5730_600X500_IT.png\",\"datePublished\":\"2025-01-10T16:22:12+00:00\",\"dateModified\":\"2025-02-03T13:14:58+00:00\",\"description\":\"Scopri quali sono le diverse tipologie di account di eToro in questo video, tra cui retail, professional, aziendale e islamico. Inizia subito a fare trading.\",\"breadcrumb\":{\"@id\":\"https:\/\/www.etoro.com\/it\/academy\/videos\/which-kind-of-etoro-account-suits-you\/#breadcrumb\"},\"inLanguage\":\"it\",\"potentialAction\":[{\"@type\":\"ReadAction\",\"target\":[\"https:\/\/www.etoro.com\/it\/academy\/videos\/which-kind-of-etoro-account-suits-you\/\"]}]},{\"@type\":\"ImageObject\",\"inLanguage\":\"it\",\"@id\":\"https:\/\/www.etoro.com\/it\/academy\/videos\/which-kind-of-etoro-account-suits-you\/#primaryimage\",\"url\":\"https:\/\/www.etoro.com\/wp-content\/uploads\/2022\/09\/5730_600X500_IT.png\",\"contentUrl\":\"https:\/\/www.etoro.com\/wp-content\/uploads\/2022\/09\/5730_600X500_IT.png\",\"width\":576,\"height\":385},{\"@type\":\"BreadcrumbList\",\"@id\":\"https:\/\/www.etoro.com\/it\/academy\/videos\/which-kind-of-etoro-account-suits-you\/#breadcrumb\",\"itemListElement\":[{\"@type\":\"ListItem\",\"position\":1,\"name\":\"Home\",\"item\":\"https:\/\/www.etoro.com\/it\/\"},{\"@type\":\"ListItem\",\"position\":2,\"name\":\"eToro Academy\",\"item\":\"https:\/\/www.etoro.com\/it\/academy\/\"},{\"@type\":\"ListItem\",\"position\":3,\"name\":\"Video\",\"item\":\"https:\/\/www.etoro.com\/it\/academy\/videos\/\"},{\"@type\":\"ListItem\",\"position\":4,\"name\":\"Qual \u00e8 l\u2019account eToro giusto per te?\"}]},{\"@type\":\"WebSite\",\"@id\":\"https:\/\/www.etoro.com\/it\/#website\",\"url\":\"https:\/\/www.etoro.com\/it\/\",\"name\":\"eToro\",\"description\":\"\",\"publisher\":{\"@id\":\"https:\/\/www.etoro.com\/it\/#organization\"},\"potentialAction\":[{\"@type\":\"SearchAction\",\"target\":{\"@type\":\"EntryPoint\",\"urlTemplate\":\"https:\/\/www.etoro.com\/it\/?s={search_term_string}\"},\"query-input\":{\"@type\":\"PropertyValueSpecification\",\"valueRequired\":true,\"valueName\":\"search_term_string\"}}],\"inLanguage\":\"it\"},[]]}<\/script>","yoast_head_json":{"title":"Qual \u00e8 l\u2019account eToro giusto per te? | eToro Academy Video","description":"Scopri quali sono le diverse tipologie di account di eToro in questo video, tra cui retail, professional, aziendale e islamico. Inizia subito a fare trading.","robots":{"index":"index","follow":"follow","max-snippet":"max-snippet:-1","max-image-preview":"max-image-preview:large","max-video-preview":"max-video-preview:-1"},"canonical":"https:\/\/www.etoro.com\/it\/wp-json\/wp\/v2\/pages\/994457","og_locale":"it_IT","og_type":"article","og_title":"Qual \u00e8 l\u2019account eToro giusto per te? | eToro Academy Video","og_description":"Scopri quali sono le diverse tipologie di account di eToro in questo video, tra cui retail, professional, aziendale e islamico. Inizia subito a fare trading.","og_url":"https:\/\/www.etoro.com\/it\/wp-json\/wp\/v2\/pages\/994457","og_site_name":"eToro","article_publisher":"https:\/\/www.facebook.com\/eToro\/","article_modified_time":"2025-02-03T13:14:58+00:00","og_image":[{"width":576,"height":385,"url":"https:\/\/www.etoro.com\/wp-content\/uploads\/2022\/09\/5730_600X500_IT.png","type":"image\/png"}],"twitter_card":"summary_large_image","twitter_site":"@eToro","twitter_misc":{"Est. reading time":"2 minutes"},"schema":{"@context":"https:\/\/schema.org","@graph":[{"@type":"WebPage","@id":"https:\/\/www.etoro.com\/it\/academy\/videos\/which-kind-of-etoro-account-suits-you\/","url":"https:\/\/www.etoro.com\/it\/academy\/videos\/which-kind-of-etoro-account-suits-you\/","name":"Qual \u00e8 l\u2019account eToro giusto per te? | eToro Academy Video","isPartOf":{"@id":"https:\/\/www.etoro.com\/it\/#website"},"primaryImageOfPage":{"@id":"https:\/\/www.etoro.com\/it\/academy\/videos\/which-kind-of-etoro-account-suits-you\/#primaryimage"},"image":{"@id":"https:\/\/www.etoro.com\/it\/academy\/videos\/which-kind-of-etoro-account-suits-you\/#primaryimage"},"thumbnailUrl":"https:\/\/www.etoro.com\/wp-content\/uploads\/2022\/09\/5730_600X500_IT.png","datePublished":"2025-01-10T16:22:12+00:00","dateModified":"2025-02-03T13:14:58+00:00","description":"Scopri quali sono le diverse tipologie di account di eToro in questo video, tra cui retail, professional, aziendale e islamico. Inizia subito a fare trading.","breadcrumb":{"@id":"https:\/\/www.etoro.com\/it\/academy\/videos\/which-kind-of-etoro-account-suits-you\/#breadcrumb"},"inLanguage":"it","potentialAction":[{"@type":"ReadAction","target":["https:\/\/www.etoro.com\/it\/academy\/videos\/which-kind-of-etoro-account-suits-you\/"]}]},{"@type":"ImageObject","inLanguage":"it","@id":"https:\/\/www.etoro.com\/it\/academy\/videos\/which-kind-of-etoro-account-suits-you\/#primaryimage","url":"https:\/\/www.etoro.com\/wp-content\/uploads\/2022\/09\/5730_600X500_IT.png","contentUrl":"https:\/\/www.etoro.com\/wp-content\/uploads\/2022\/09\/5730_600X500_IT.png","width":576,"height":385},{"@type":"BreadcrumbList","@id":"https:\/\/www.etoro.com\/it\/academy\/videos\/which-kind-of-etoro-account-suits-you\/#breadcrumb","itemListElement":[{"@type":"ListItem","position":1,"name":"Home","item":"https:\/\/www.etoro.com\/it\/"},{"@type":"ListItem","position":2,"name":"eToro Academy","item":"https:\/\/www.etoro.com\/it\/academy\/"},{"@type":"ListItem","position":3,"name":"Video","item":"https:\/\/www.etoro.com\/it\/academy\/videos\/"},{"@type":"ListItem","position":4,"name":"Qual \u00e8 l\u2019account eToro giusto per te?"}]},{"@type":"WebSite","@id":"https:\/\/www.etoro.com\/it\/#website","url":"https:\/\/www.etoro.com\/it\/","name":"eToro","description":"","publisher":{"@id":"https:\/\/www.etoro.com\/it\/#organization"},"potentialAction":[{"@type":"SearchAction","target":{"@type":"EntryPoint","urlTemplate":"https:\/\/www.etoro.com\/it\/?s={search_term_string}"},"query-input":{"@type":"PropertyValueSpecification","valueRequired":true,"valueName":"search_term_string"}}],"inLanguage":"it"},[]]}},"_links":{"self":[{"href":"https:\/\/www.etoro.com\/it\/wp-json\/wp\/v2\/pages\/994457"}],"collection":[{"href":"https:\/\/www.etoro.com\/it\/wp-json\/wp\/v2\/pages"}],"about":[{"href":"https:\/\/www.etoro.com\/it\/wp-json\/wp\/v2\/types\/page"}],"author":[{"embeddable":true,"href":"https:\/\/www.etoro.com\/it\/wp-json\/wp\/v2\/users\/96"}],"replies":[{"embeddable":true,"href":"https:\/\/www.etoro.com\/it\/wp-json\/wp\/v2\/comments?post=994457"}],"version-history":[{"count":0,"href":"https:\/\/www.etoro.com\/it\/wp-json\/wp\/v2\/pages\/994457\/revisions"}],"up":[{"embeddable":true,"href":"https:\/\/www.etoro.com\/it\/wp-json\/wp\/v2\/pages\/261874"}],"wp:featuredmedia":[{"embeddable":true,"href":"https:\/\/www.etoro.com\/it\/wp-json\/wp\/v2\/media\/494987"}],"wp:attachment":[{"href":"https:\/\/www.etoro.com\/it\/wp-json\/wp\/v2\/media?parent=994457"}],"wp:term":[{"taxonomy":"asset_type","embeddable":true,"href":"https:\/\/www.etoro.com\/it\/wp-json\/wp\/v2\/asset_type?post=994457"}],"curies":[{"name":"wp","href":"https:\/\/api.w.org\/{rel}","templated":true}]}}