{"id":1004814,"date":"2025-01-16T10:14:37","date_gmt":"2025-01-16T08:14:37","guid":{"rendered":"https:\/\/www.etoro.com\/customer-service\/regulation-license\/eu-risk-warning\/"},"modified":"2025-02-05T10:11:48","modified_gmt":"2025-02-05T08:11:48","slug":"eu-risk-warning","status":"publish","type":"page","link":"https:\/\/www.etoro.com\/nb-no\/customer-service\/regulation-license\/eu-risk-warning\/","title":{"rendered":"EU Risk Warning"},"content":{"rendered":"<h2>Advarsel om risiko for kryptoaktiva<\/h2>\n<h3>Investeringsprodukt med h\u00f8y risiko<\/h3>\n<p>Verdien av investeringene og inntektene fra dem kan svinge betydelig opp og ned, og hele det investerte bel\u00f8pet kan g\u00e5 tapt.<\/p>\n<p>Investering i prosjekter i tidlig fase inneb\u00e6rer h\u00f8y risiko, og det er derfor n\u00f8dvendig \u00e5 forst\u00e5 forretningsmodellen godt.<\/p>\n<p>Kryptoaktiva er ikke dekket av kundebeskyttelsesmekanismer som innskuddsgarantifondet eller investorgarantifondet.<\/p>\n<p>Kursene p\u00e5 kryptoaktiva fastsettes uten mekanismer som sikrer korrekt prisdannelse, slik man har i regulerte verdipapirmarkeder.<\/p>\n<p>Mange kryptoaktiva kan mangle likviditeten som trengs for \u00e5 avvikle en investering uten \u00e5 lide betydelige tap, ettersom sirkulasjonen blant investorer, b\u00e5de private og profesjonelle, kan v\u00e6re sv\u00e6rt begrenset.<\/p>\n<h3>Iboende risiko knyttet til teknologi<\/h3>\n<p>Distribuert hovedbokteknologi er fortsatt i en tidlig fase, og mange av disse nettverkene er opprettet nylig. Det er derfor ikke sikkert at de er tilstrekkelig testet, og det kan v\u00e6re betydelige mangler i drift og sikkerhet.<\/p>\n<p>Registrering av transaksjoner i nettverk basert p\u00e5 distribuert hovedbokteknologi fungerer gjennom konsensusprotokoller. Disse kan v\u00e6re utsatt for angrep der m\u00e5let er \u00e5 endre disse registrene. Hvis slike angrep lykkes, vil det ikke finnes noe alternativt register som st\u00f8tter transaksjonene eller saldoen som tilh\u00f8rer de offentlige n\u00f8klene, og alle kryptoaktivaene kan g\u00e5 tapt.<\/p>\n<p>Anonymiteten kryptoaktiva kan gi, gj\u00f8r dem til et m\u00e5l for nettkriminelle. Hvis de stjeler innlogging eller private n\u00f8kler, kan de overf\u00f8re kryptoaktiva til adresser som gj\u00f8r det vanskelig eller umulig \u00e5 finne dem igjen.<\/p>\n<p>Depot av kryptoaktiva er en av de viktigste risikofaktorene som m\u00e5 vurderes, ettersom kryptoaktiva kan g\u00e5 tapt i sin helhet i tilfelle tyveri eller tap av private n\u00f8kler. Som forklart nedenfor, i avsnittet Juridisk risiko, oppbevares kryptoaktiva i kollektive globale digitale lommeb\u00f8ker (omnibuslommeb\u00f8ker) under navnet eToro (Europe) Ltd p\u00e5 vegne av kundene. De private n\u00f8klene til disse globale lommeb\u00f8kene blir ikke gitt til kundene, noe som reduserer risikoen for tyveri eller tap av private n\u00f8kler fra kundenes side. eToro (Europe) Ltd er enheten som oppbevarer kundenes kryptoaktiva. Oppbevaringen skjer p\u00e5 Kypros og i henhold til lovgivningen p\u00e5 Kypros.<\/p>\n<h3>Juridisk risiko<\/h3>\n<p>Aksept av kryptoaktiva som byttemiddel er fortsatt sv\u00e6rt begrenset, og det er ingen juridisk forpliktelse til \u00e5 akseptere dem.<\/p>\n<p>N\u00e5r tjenesteleverand\u00f8ren ikke er lokalisert i et EU-land, kan l\u00f8sning av en eventuell konflikt bli kostbar og falle utenfor EU-myndighetenes omr\u00e5de.<\/p>\n<p>Kryptoaktiva som er kj\u00f8pt gjennom eToro-plattformen oppbevares i kollektive globale digitale lommeb\u00f8ker (omnibuslommeb\u00f8ker) under navnet eToro (Europe) Ltd p\u00e5 vegne av kundene. De private n\u00f8klene til disse globale lommeb\u00f8kene blir ikke gitt til kundene. De digitale lommeb\u00f8kene som brukes til oppbevaring av kundenes kryptoaktiva, er separate og adskilt fra de digitale lommeb\u00f8kene som brukes til oppbevaring av kryptoaktiva eToro (Europe) Ltd har kj\u00f8pt til sin egen portef\u00f8lje.<\/p>\n<p>Kundene beholder alle rettigheter og fordeler som oppst\u00e5r som f\u00f8lge av eierskap av kryptoaktiva som holdes av eToro (Europe) Ltd p\u00e5 vegne av kundene. Kundene har online tilgang til kryptoaktiva de eier gjennom eToro-plattformen, som beskrevet i vilk\u00e5rene og betingelsene for denne tjenesten.<\/p>\n","protected":false},"excerpt":{"rendered":"<p>Advarsel om risiko for kryptoaktiva Investeringsprodukt med h\u00f8y risiko Verdien av investeringene og inntektene fra dem kan svinge betydelig opp og ned, og hele det investerte bel\u00f8pet kan g\u00e5 tapt. Investering i prosjekter i tidlig fase inneb\u00e6rer h\u00f8y risiko, og det er derfor n\u00f8dvendig \u00e5 forst\u00e5 forretningsmodellen godt. Kryptoaktiva er ikke dekket av kundebeskyttelsesmekanismer som&hellip;<\/p>\n","protected":false},"author":39,"featured_media":0,"parent":16917,"menu_order":0,"comment_status":"closed","ping_status":"closed","template":"","meta":{"_acf_changed":false,"inline_featured_image":false,"sticky_cta_settings":"","footnotes":""},"asset_type":[],"class_list":["post-1004814","page","type-page","status-publish","hentry"],"acf":[],"yoast_head":"<title>EU Risk Warning - eToro<\/title>\n<meta name=\"robots\" content=\"index, follow, max-snippet:-1, max-image-preview:large, max-video-preview:-1\" \/>\n<link rel=\"canonical\" href=\"https:\/\/www.etoro.com\/nb-no\/wp-json\/wp\/v2\/pages\/1004814\" \/>\n<meta property=\"og:locale\" content=\"nn_NO\" \/>\n<meta property=\"og:type\" content=\"article\" \/>\n<meta property=\"og:title\" content=\"EU Risk Warning - eToro\" \/>\n<meta property=\"og:description\" content=\"Advarsel om risiko for kryptoaktiva Investeringsprodukt med h\u00f8y risiko Verdien av investeringene og inntektene fra dem kan svinge betydelig opp og ned, og hele det investerte bel\u00f8pet kan g\u00e5 tapt. Investering i prosjekter i tidlig fase inneb\u00e6rer h\u00f8y risiko, og det er derfor n\u00f8dvendig \u00e5 forst\u00e5 forretningsmodellen godt. Kryptoaktiva er ikke dekket av kundebeskyttelsesmekanismer som&hellip;\" \/>\n<meta property=\"og:url\" content=\"https:\/\/www.etoro.com\/nb-no\/wp-json\/wp\/v2\/pages\/1004814\" \/>\n<meta property=\"og:site_name\" content=\"eToro\" \/>\n<meta property=\"article:publisher\" content=\"https:\/\/www.facebook.com\/eToro\/\" \/>\n<meta property=\"article:modified_time\" content=\"2025-02-05T08:11:48+00:00\" \/>\n<meta property=\"og:image\" content=\"https:\/\/www.etoro.com\/wp-content\/uploads\/2019\/12\/etoro_logo_social_share1.png\" \/>\n\t<meta property=\"og:image:width\" content=\"240\" \/>\n\t<meta property=\"og:image:height\" content=\"240\" \/>\n\t<meta property=\"og:image:type\" content=\"image\/png\" \/>\n<meta name=\"twitter:card\" content=\"summary_large_image\" \/>\n<meta name=\"twitter:site\" content=\"@eToro\" \/>\n<meta name=\"twitter:label1\" content=\"Est. reading time\" \/>\n\t<meta name=\"twitter:data1\" content=\"3 minutes\" \/>\n<script type=\"application\/ld+json\" class=\"yoast-schema-graph\">{\"@context\":\"https:\/\/schema.org\",\"@graph\":[{\"@type\":\"WebPage\",\"@id\":\"https:\/\/www.etoro.com\/nb-no\/customer-service\/regulation-license\/eu-risk-warning\/\",\"url\":\"https:\/\/www.etoro.com\/nb-no\/customer-service\/regulation-license\/eu-risk-warning\/\",\"name\":\"EU Risk Warning - eToro\",\"isPartOf\":{\"@id\":\"https:\/\/www.etoro.com\/nb-no\/#website\"},\"datePublished\":\"2025-01-16T08:14:37+00:00\",\"dateModified\":\"2025-02-05T08:11:48+00:00\",\"breadcrumb\":{\"@id\":\"https:\/\/www.etoro.com\/nb-no\/customer-service\/regulation-license\/eu-risk-warning\/#breadcrumb\"},\"inLanguage\":\"no\",\"potentialAction\":[{\"@type\":\"ReadAction\",\"target\":[\"https:\/\/www.etoro.com\/nb-no\/customer-service\/regulation-license\/eu-risk-warning\/\"]}]},{\"@type\":\"BreadcrumbList\",\"@id\":\"https:\/\/www.etoro.com\/nb-no\/customer-service\/regulation-license\/eu-risk-warning\/#breadcrumb\",\"itemListElement\":[{\"@type\":\"ListItem\",\"position\":1,\"name\":\"Hjem\",\"item\":\"https:\/\/www.etoro.com\/nb-no\/\"},{\"@type\":\"ListItem\",\"position\":2,\"name\":\"KUNDESERVICE\",\"item\":\"https:\/\/www.etoroasia.com.cn\/nb-no\/customer-service\/\"},{\"@type\":\"ListItem\",\"position\":3,\"name\":\"REGULERINGSLISENS\",\"item\":\"https:\/\/www.etoro.com\/nb-no\/customer-service\/regulation-license\/\"},{\"@type\":\"ListItem\",\"position\":4,\"name\":\"EU Risk Warning\"}]},{\"@type\":\"WebSite\",\"@id\":\"https:\/\/www.etoro.com\/nb-no\/#website\",\"url\":\"https:\/\/www.etoro.com\/nb-no\/\",\"name\":\"eToro\",\"description\":\"\",\"publisher\":{\"@id\":\"https:\/\/www.etoro.com\/nb-no\/#organization\"},\"potentialAction\":[{\"@type\":\"SearchAction\",\"target\":{\"@type\":\"EntryPoint\",\"urlTemplate\":\"https:\/\/www.etoro.com\/nb-no\/?s={search_term_string}\"},\"query-input\":{\"@type\":\"PropertyValueSpecification\",\"valueRequired\":true,\"valueName\":\"search_term_string\"}}],\"inLanguage\":\"no\"},[]]}<\/script>","yoast_head_json":{"title":"EU Risk Warning - eToro","robots":{"index":"index","follow":"follow","max-snippet":"max-snippet:-1","max-image-preview":"max-image-preview:large","max-video-preview":"max-video-preview:-1"},"canonical":"https:\/\/www.etoro.com\/nb-no\/wp-json\/wp\/v2\/pages\/1004814","og_locale":"nn_NO","og_type":"article","og_title":"EU Risk Warning - eToro","og_description":"Advarsel om risiko for kryptoaktiva Investeringsprodukt med h\u00f8y risiko Verdien av investeringene og inntektene fra dem kan svinge betydelig opp og ned, og hele det investerte bel\u00f8pet kan g\u00e5 tapt. Investering i prosjekter i tidlig fase inneb\u00e6rer h\u00f8y risiko, og det er derfor n\u00f8dvendig \u00e5 forst\u00e5 forretningsmodellen godt. Kryptoaktiva er ikke dekket av kundebeskyttelsesmekanismer som&hellip;","og_url":"https:\/\/www.etoro.com\/nb-no\/wp-json\/wp\/v2\/pages\/1004814","og_site_name":"eToro","article_publisher":"https:\/\/www.facebook.com\/eToro\/","article_modified_time":"2025-02-05T08:11:48+00:00","og_image":[{"width":240,"height":240,"url":"https:\/\/www.etoro.com\/wp-content\/uploads\/2019\/12\/etoro_logo_social_share1.png","type":"image\/png"}],"twitter_card":"summary_large_image","twitter_site":"@eToro","twitter_misc":{"Est. reading time":"3 minutes"},"schema":{"@context":"https:\/\/schema.org","@graph":[{"@type":"WebPage","@id":"https:\/\/www.etoro.com\/nb-no\/customer-service\/regulation-license\/eu-risk-warning\/","url":"https:\/\/www.etoro.com\/nb-no\/customer-service\/regulation-license\/eu-risk-warning\/","name":"EU Risk Warning - eToro","isPartOf":{"@id":"https:\/\/www.etoro.com\/nb-no\/#website"},"datePublished":"2025-01-16T08:14:37+00:00","dateModified":"2025-02-05T08:11:48+00:00","breadcrumb":{"@id":"https:\/\/www.etoro.com\/nb-no\/customer-service\/regulation-license\/eu-risk-warning\/#breadcrumb"},"inLanguage":"no","potentialAction":[{"@type":"ReadAction","target":["https:\/\/www.etoro.com\/nb-no\/customer-service\/regulation-license\/eu-risk-warning\/"]}]},{"@type":"BreadcrumbList","@id":"https:\/\/www.etoro.com\/nb-no\/customer-service\/regulation-license\/eu-risk-warning\/#breadcrumb","itemListElement":[{"@type":"ListItem","position":1,"name":"Hjem","item":"https:\/\/www.etoro.com\/nb-no\/"},{"@type":"ListItem","position":2,"name":"KUNDESERVICE","item":"https:\/\/www.etoroasia.com.cn\/nb-no\/customer-service\/"},{"@type":"ListItem","position":3,"name":"REGULERINGSLISENS","item":"https:\/\/www.etoro.com\/nb-no\/customer-service\/regulation-license\/"},{"@type":"ListItem","position":4,"name":"EU Risk Warning"}]},{"@type":"WebSite","@id":"https:\/\/www.etoro.com\/nb-no\/#website","url":"https:\/\/www.etoro.com\/nb-no\/","name":"eToro","description":"","publisher":{"@id":"https:\/\/www.etoro.com\/nb-no\/#organization"},"potentialAction":[{"@type":"SearchAction","target":{"@type":"EntryPoint","urlTemplate":"https:\/\/www.etoro.com\/nb-no\/?s={search_term_string}"},"query-input":{"@type":"PropertyValueSpecification","valueRequired":true,"valueName":"search_term_string"}}],"inLanguage":"no"},[]]}},"_links":{"self":[{"href":"https:\/\/www.etoro.com\/nb-no\/wp-json\/wp\/v2\/pages\/1004814"}],"collection":[{"href":"https:\/\/www.etoro.com\/nb-no\/wp-json\/wp\/v2\/pages"}],"about":[{"href":"https:\/\/www.etoro.com\/nb-no\/wp-json\/wp\/v2\/types\/page"}],"author":[{"embeddable":true,"href":"https:\/\/www.etoro.com\/nb-no\/wp-json\/wp\/v2\/users\/39"}],"replies":[{"embeddable":true,"href":"https:\/\/www.etoro.com\/nb-no\/wp-json\/wp\/v2\/comments?post=1004814"}],"version-history":[{"count":0,"href":"https:\/\/www.etoro.com\/nb-no\/wp-json\/wp\/v2\/pages\/1004814\/revisions"}],"up":[{"embeddable":true,"href":"https:\/\/www.etoro.com\/nb-no\/wp-json\/wp\/v2\/pages\/16917"}],"wp:attachment":[{"href":"https:\/\/www.etoro.com\/nb-no\/wp-json\/wp\/v2\/media?parent=1004814"}],"wp:term":[{"taxonomy":"asset_type","embeddable":true,"href":"https:\/\/www.etoro.com\/nb-no\/wp-json\/wp\/v2\/asset_type?post=1004814"}],"curies":[{"name":"wp","href":"https:\/\/api.w.org\/{rel}","templated":true}]}}