{"id":1116282,"date":"2025-08-06T16:55:05","date_gmt":"2025-08-06T13:55:05","guid":{"rendered":"https:\/\/www.etoro.com\/trading\/platforms\/tori\/"},"modified":"2025-08-07T10:26:26","modified_gmt":"2025-08-07T07:26:26","slug":"tori","status":"publish","type":"page","link":"https:\/\/www.etoro.com\/nb-no\/trading\/platforms\/tori\/","title":{"rendered":"Tori"},"content":{"rendered":"\n<div class=\"wp-block-etoro-half-cover has-white-background-color\">\n<div class=\"wp-block-etoro-half-cover-left\"><p id=\"breadcrumbs\" class=\"gray-dark\"><span><span><a href=\"https:\/\/www.etoro.com\/nb-no\/\">Hjem<\/a><\/span><\/span><\/p>\n<h1 class=\"wp-block-heading is-style-banner-title\"><strong>TORI<\/strong>Din AI-investeringspartner<\/h1>\n\n\n\n<p>Smartere beslutninger. Raskere svar. Personlig tilpasset innsikt.<br><\/p>\n\n\n\n<div class=\"wp-block-buttons is-layout-flex wp-block-buttons-is-layout-flex\">\n<a class=\"e-cta e-cta-primary\" href=\"http:\/\/etoro.com\/home?bscarousel=tori_intro_carousel\">Pr\u00f8v Tori<\/a>\n<\/div>\n<\/div>\n\n\n\n<div class=\"wp-block-etoro-half-cover-right\">\n<img decoding=\"async\" src=\"https:\/\/www.etoro.com\/wp-content\/uploads\/2025\/08\/Tori_main_desktop.png\" alt=\"\" class=\"wp-block-etoro-half-cover-media\"\/><img decoding=\"async\" src=\"https:\/\/www.etoro.com\/wp-content\/uploads\/2025\/08\/Tori_Desktop-1.png\" alt=\"\" class=\"wp-block-etoro-half-cover-media-desktop\"\/><img decoding=\"async\" src=\"https:\/\/www.etoro.com\/wp-content\/uploads\/2025\/08\/Tori_tablet.png\" alt=\"\" class=\"wp-block-etoro-half-cover-media-tablet\"\/><img decoding=\"async\" src=\"https:\/\/www.etoro.com\/wp-content\/uploads\/2025\/08\/Tori_mobile.png\" alt=\"\" class=\"wp-block-etoro-half-cover-media-mobile\"\/>\n<\/div>\n<\/div>\n\n\n\n<section class=\"wp-block-group wp-block-group-boxed\"><div class=\"wp-block-group-inner is-layout-flow wp-block-group-is-layout-flow\">\n<h2 class=\"wp-block-heading has-text-align-center\"><b class=\"wp-etoro-format-colored-green\">Oppdag,<\/b> <strong>l\u00e6r<\/strong>, <b class=\"wp-etoro-format-colored-green\">analyser<\/b><\/h2>\n\n\n\n<p class=\"has-text-align-center\">Tori presenterer data, innsikt og analyser i en enkel og interaktiv chat.<\/p>\n<\/div><\/section>\n\n\n\n<section class=\"wp-block-group wp-block-group-boxed has-white-background-color has-background\"><div class=\"wp-block-group-inner is-layout-flow wp-block-group-is-layout-flow\">\n<div class=\"wp-block-columns are-vertically-aligned-center wp-block-columns-2 is-layout-flex wp-container-core-columns-is-layout-1 wp-block-columns-is-layout-flex\">\n<div class=\"wp-block-column is-layout-flow wp-block-column-is-layout-flow\">\n<figure class=\"wp-block-image size-full wp-block-image-has-mobile\"><img loading=\"lazy\" decoding=\"async\" width=\"1152\" height=\"800\" src=\"https:\/\/www.etoro.com\/wp-content\/uploads\/2025\/08\/Cube-desktop-X2-3-3.gif\" alt=\"\" class=\"wp-image-1116232 wp-image-desktop\"\/><img loading=\"lazy\" decoding=\"async\" width=\"1152\" height=\"800\" src=\"https:\/\/www.etoro.com\/wp-content\/uploads\/2025\/08\/Cube-mobile-X23-1.gif\" alt=\"\" class=\"wp-image-1116200 wp-image-mobile\"\/><\/figure>\n\n\n\n<p class=\"is-style-disclaimer\">Kun til illustrasjonsform\u00e5l<\/p>\n<\/div>\n\n\n\n<div class=\"wp-block-column is-text-column is-layout-flow wp-block-column-is-layout-flow\">\n<p class=\"is-style-heading-2\"><strong>Oppdag <b class=\"wp-etoro-format-colored-green\">nye investeringsmuligheter<\/b><\/strong><\/p>\n\n\n\n<p>For hvert sp\u00f8rsm\u00e5l du stiller, leverer Tori klare data og innsikt i sanntid for \u00e5 avdekke investeringsmuligheter.<\/p>\n\n\n\n<div class=\"wp-block-buttons is-layout-flex wp-block-buttons-is-layout-flex\">\n<a class=\"e-cta e-cta-primary\" href=\"http:\/\/etoro.com\/home?bscarousel=tori_intro_carousel\">Sp\u00f8r Tori<\/a>\n<\/div>\n<\/div>\n<\/div>\n<\/div><\/section>\n\n\n\n<section class=\"wp-block-group wp-block-group-boxed has-dark-blue-background-color has-background\"><div class=\"wp-block-group-inner is-layout-flow wp-block-group-is-layout-flow\">\n<div class=\"wp-block-columns are-vertically-aligned-center wp-block-columns-2 is-layout-flex wp-container-core-columns-is-layout-2 wp-block-columns-is-layout-flex\">\n<div class=\"wp-block-column is-text-column is-layout-flow wp-block-column-is-layout-flow\">\n<h2 class=\"wp-block-heading\"><strong><b class=\"wp-etoro-format-colored-green\">F\u00e5 markedsinnsikt<\/b> tilpasset dine interesser<\/strong><\/h2>\n\n\n\n<p>Tori gj\u00f8r sp\u00f8rsm\u00e5lene dine om til praktisk anvendbare innsikter. F\u00e5 analyser p\u00e5 foresp\u00f8rsel for \u00e5 holde deg informert, balansert og i kontroll.<\/p>\n\n\n\n<div class=\"wp-block-buttons is-layout-flex wp-block-buttons-is-layout-flex\">\n<a class=\"e-cta e-cta-primary\" href=\"http:\/\/etoro.com\/home?bscarousel=tori_intro_carousel\">Analyser med Tori<\/a>\n<\/div>\n<\/div>\n\n\n\n<div class=\"wp-block-column is-layout-flow wp-block-column-is-layout-flow\">\n<p class=\"is-style-disclaimer\"><\/p>\n\n\n\n<figure class=\"wp-block-video\"><video autoplay loop muted src=\"https:\/\/www.etoro.com\/wp-content\/uploads\/2025\/08\/Question-desktop-option-3-X2-1-1.mp4\" playsinline><\/video><\/figure>\n\n\n\n<p class=\"is-style-disclaimer\">Kun til illustrasjonsform\u00e5l<\/p>\n<\/div>\n<\/div>\n<\/div><\/section>\n\n\n\n<section class=\"wp-block-group wp-block-group-boxed has-white-background-color has-background\"><div class=\"wp-block-group-inner is-layout-flow wp-block-group-is-layout-flow\">\n<div class=\"wp-block-columns are-vertically-aligned-center wp-block-columns-2 is-layout-flex wp-container-core-columns-is-layout-3 wp-block-columns-is-layout-flex\">\n<div class=\"wp-block-column is-layout-flow wp-block-column-is-layout-flow\">\n<figure class=\"wp-block-image size-full\"><img loading=\"lazy\" decoding=\"async\" width=\"576\" height=\"400\" src=\"https:\/\/www.etoro.com\/wp-content\/uploads\/2025\/08\/Level-up-your-investing-knowledge.png\" alt=\"\" class=\"wp-image-1112883 wp-image-desktop\" srcset=\"https:\/\/www.etoro.com\/wp-content\/uploads\/2025\/08\/Level-up-your-investing-knowledge.png 576w, https:\/\/www.etoro.com\/wp-content\/uploads\/2025\/08\/Level-up-your-investing-knowledge-300x208.png 300w\" sizes=\"(max-width: 576px) 100vw, 576px\" \/><\/figure>\n<\/div>\n\n\n\n<div class=\"wp-block-column is-text-column is-layout-flow wp-block-column-is-layout-flow\">\n<h2 class=\"wp-block-heading\"><strong>\u00d8k <b class=\"wp-etoro-format-colored-green\">investeringskunnskapen din<\/b><\/strong><\/h2>\n\n\n\n<p>Bare sp\u00f8r, s\u00e5 gir Tori deg skreddersydde leksjoner, tips og veiledninger fra <a href=\"https:\/\/www.etoro.com\/academy\/\">eToro Academy<\/a> som hjelper deg \u00e5 bygge opp investeringskunnskapen din etter hvert som du utvikler deg.<\/p>\n\n\n\n<div class=\"wp-block-buttons is-layout-flex wp-block-buttons-is-layout-flex\">\n<a class=\"e-cta e-cta-primary\" href=\"http:\/\/etoro.com\/home?bscarousel=tori_intro_carousel\">L\u00e6r med Tori<\/a>\n<\/div>\n<\/div>\n<\/div>\n<\/div><\/section>\n\n\n\n<section class=\"wp-block-group wp-block-group-boxed has-dark-blue-background-color has-background\"><div class=\"wp-block-group-inner is-layout-flow wp-block-group-is-layout-flow\">\n<h2 class=\"wp-block-heading has-text-align-center\"><strong>Smartere hver dag, <b class=\"wp-etoro-format-colored-green\">men fortsatt menneskelig i hjertet<\/b><\/strong><\/h2>\n\n\n\n<p class=\"has-text-align-center\">Tori er her for \u00e5 forbedre investeringsopplevelsen din, ikke for \u00e5 erstatte det menneskelige aspektet. Du kan alltid kontakte v\u00e5r kundeservice n\u00e5r du trenger personlig support eller eksperthjelp.<\/p>\n\n\n\n<p class=\"has-text-align-center\">I likhet med alle AI-drevne produkter, l\u00e6rer og forbedrer Tori seg kontinuerlig. For hver interaksjon og oppdatering jobber vi for \u00e5 gj\u00f8re Tori smartere, mer n\u00f8yaktig og mer nyttig, slik at opplevelsen din blir bedre og bedre over tid.<\/p>\n\n\n\n<div class=\"wp-block-buttons is-content-justification-center is-layout-flex wp-container-core-buttons-is-layout-5 wp-block-buttons-is-layout-flex\">\n<a class=\"e-cta e-cta-primary\" href=\"http:\/\/etoro.com\/home?bscarousel=tori_intro_carousel\">Sp\u00f8r Tori<\/a>\n<\/div>\n\n\n\n<p class=\"has-text-align-center is-style-disclaimer\">*Rulles ut gradvis. N\u00e5 tilgjengelig for utvalgte brukere i utvalgte regioner.<\/p>\n<\/div><\/section>\n\n\n\n<section class=\"wp-block-group wp-block-group-boxed has-white-background-color has-background\"><div class=\"wp-block-group-inner is-layout-flow wp-block-group-is-layout-flow\">\n<h2 class=\"wp-block-heading has-text-align-center\">FAQ<\/h2>\n\n\n\n<dl class=\"wp-block-etoro-faq\">\n<div class=\"wp-block-etoro-faq-item\"><dt class=\"wp-block-etoro-faq-item-question\">Hva er Tori?<\/dt><dd class=\"wp-block-etoro-faq-item-answer\">\n<p>Tori er en AI-drevet investeringspartner fra eToro. Den hjelper deg \u00e5 utforske markedene, analysere portef\u00f8ljen din, l\u00e6re om investering og navigere p\u00e5 plattformen \u2013 gjennom enkel og naturlig chat.<\/p>\n<\/dd><\/div>\n\n\n\n<div class=\"wp-block-etoro-faq-item\"><dt class=\"wp-block-etoro-faq-item-question\">Hvordan f\u00e5r jeg tilgang til Tori?<\/dt><dd class=\"wp-block-etoro-faq-item-answer\">\n<p>Du finner Tori-ikonet \u00f8verst til h\u00f8yre p\u00e5 viktige skjermbilder p\u00e5 eToro-plattformen, for eksempel under Oppdag, Portef\u00f8lje og Aktiva. Bare trykk p\u00e5 den for \u00e5 \u00e5pne en chat. Toris forslag til sp\u00f8rsm\u00e5l vil tilpasses ut fra hvor du befinner deg, men du kan sp\u00f8rre om hva som helst, n\u00e5r som helst.<\/p>\n<\/dd><\/div>\n\n\n\n<div class=\"wp-block-etoro-faq-item\"><dt class=\"wp-block-etoro-faq-item-question\">Hva kan jeg sp\u00f8rre Tori om?<\/dt><dd class=\"wp-block-etoro-faq-item-answer\">\n<p>Nesten alt som har med investering \u00e5 gj\u00f8re! For eksempel:<\/p>\n\n\n\n<p>\u00abSammenlign Tesla og Nvidia\u00bb<\/p>\n\n\n\n<p>\u00abHva er teknisk analyse?\u00bb<\/p>\n\n\n\n<p>\u00abHva er de mest popul\u00e6re aksjene?\u00bb<\/p>\n\n\n\n<p>\u00abHvor finner jeg kalenderen min over resultatrapporter?\u00bb<\/p>\n\n\n\n<p>Tori vil gi klare svar i sanntid tilpasset foresp\u00f8rselen din.<\/p>\n<\/dd><\/div>\n\n\n\n<div class=\"wp-block-etoro-faq-item\"><dt class=\"wp-block-etoro-faq-item-question\">Kan Tori analysere portef\u00f8ljen min?<\/dt><dd class=\"wp-block-etoro-faq-item-answer\">\n<p>Ja, hvis portef\u00f8ljen din er offentlig. Tori kan gi generelle observasjoner om sammensetningen av portef\u00f8ljen din, som aktivakonsentrasjon og sektoreksponering. Hvis portef\u00f8ljen din er privat, vil ikke Tori ha tilgang til den.<\/p>\n<\/dd><\/div>\n\n\n\n<div class=\"wp-block-etoro-faq-item\"><dt class=\"wp-block-etoro-faq-item-question\">Er Tori virkelig AI?<\/dt><dd class=\"wp-block-etoro-faq-item-answer\">\n<p>Ja. Tori drives av avansert AI-teknologi utviklet internt av eToro. I noen tilfeller bruker den ogs\u00e5 forh\u00e5ndsdefinerte flyter eller chatbot-logikk for \u00e5 forbedre p\u00e5liteligheten.<\/p>\n<\/dd><\/div>\n\n\n\n<div class=\"wp-block-etoro-faq-item\"><dt class=\"wp-block-etoro-faq-item-question\">Kan Tori gi investeringsr\u00e5d?<\/dt><dd class=\"wp-block-etoro-faq-item-answer\">\n<p>Nei. Tori gir ikke \u00f8konomisk r\u00e5dgivning eller investeringsr\u00e5dgivning. Den gir innsikt, informasjon og veiledning som hjelper deg \u00e5 ta mer informerte beslutninger, men den endelige beslutningen er alltid din.<\/p>\n<\/dd><\/div>\n\n\n\n<div class=\"wp-block-etoro-faq-item\"><dt class=\"wp-block-etoro-faq-item-question\">Vil Tori erstatte kundesupport?<\/dt><dd class=\"wp-block-etoro-faq-item-answer\">\n<p>Nei. Tori er et supplement til supportteamet v\u00e5rt. Hvis du trenger personlig hjelp med sp\u00f8rsm\u00e5let ditt, vil Tori sette deg direkte i kontakt med en kundeservicemedarbeider.<\/p>\n<\/dd><\/div>\n\n\n\n<div class=\"wp-block-etoro-faq-item\"><dt class=\"wp-block-etoro-faq-item-question\">Kan Tori se overv\u00e5kningslistene mine?<\/dt><dd class=\"wp-block-etoro-faq-item-answer\">\n<p>Ikke enn\u00e5, men det er planlagt for fremtiden.<\/p>\n<\/dd><\/div>\n\n\n\n<div class=\"wp-block-etoro-faq-item\"><dt class=\"wp-block-etoro-faq-item-question\">Har Tori tilgang til personopplysningene mine?<\/dt><dd class=\"wp-block-etoro-faq-item-answer\">\n<p>Nei, bare hvis du bruker supportagentversjonen. Ellers bruker Tori kun offentlige data fra plattformen (f.eks. markedsdata, aktivaprofiler og offentlige portef\u00f8ljer).<\/p>\n<\/dd><\/div>\n\n\n\n<div class=\"wp-block-etoro-faq-item\"><dt class=\"wp-block-etoro-faq-item-question\">Kan jeg se tidligere samtaler med Tori?<\/dt><dd class=\"wp-block-etoro-faq-item-answer\">\n<p>Ja. Du kan se tidligere Tori-chatter fra \u2630-menyen i chatvinduet. Chatloggen lagres i 30 dager og tilbakestilles hvis du svarer p\u00e5 en eldre melding.<\/p>\n<\/dd><\/div>\n<\/dl>\n<\/div><\/section>\n\n\n\n<section class=\"wp-block-group wp-block-group-boxed\"><div class=\"wp-block-group-inner is-layout-flow wp-block-group-is-layout-flow\">\n<p class=\"is-style-disclaimer\">Denne kommunikasjonen er kun for informasjons- og utdanningsform\u00e5l og skal ikke oppfattes som investeringsr\u00e5d, personlig anbefaling eller tilbud om eller oppfordring til \u00e5 kj\u00f8pe eller selge finansielle instrumenter. Dette materialet er utarbeidet uten hensyn til den enkelte mottakers investeringsm\u00e5l eller \u00f8konomiske situasjon, og er ikke utarbeidet i samsvar med lov- og forskriftskrav for \u00e5 fremme uavhengig forskning. Eventuelle henvisninger til tidligere eller fremtidige resultater for et finansielt instrument, en indeks eller et pakket investeringsprodukt er ikke, og skal ikke oppfattes som, en p\u00e5litelig indikator p\u00e5 fremtidige resultater. eToro gir ingen representasjon og p\u00e5tar seg intet ansvar for n\u00f8yaktigheten eller fullstendigheten av innholdet i denne publikasjonen.<\/p>\n\n\n\n<p class=\"is-style-disclaimer\">Denne annonsen har ikke blitt gjennomg\u00e5tt av Monetary Authority of Singapore.<\/p>\n\n\n\n<p class=\"is-style-disclaimer\">Tori gir ikke investeringsr\u00e5d.<\/p>\n\n\n\n<p class=\"is-style-disclaimer\">Tori er et AI-drevet verkt\u00f8y utviklet for \u00e5 tilby pedagogisk innhold, data og generell markedsinnsikt. Den tar ikke hensyn til dine personlige forhold og b\u00f8r ikke legges til grunn for investeringsbeslutninger. Kapitalen din er risikoutsatt. Tidligere resultater er ikke en indikasjon p\u00e5 fremtidige resultater.<\/p>\n\n\n\n<p class=\"is-style-disclaimer\">eToro gir ingen garantier og p\u00e5tar seg intet ansvar for n\u00f8yaktigheten eller fullstendigheten av de genererte svarene.<\/p>\n\n\n\n<p class=\"is-style-disclaimer\"><\/p>\n<\/div><\/section>\n","protected":false},"excerpt":{"rendered":"<p>Oppdag, l\u00e6r, analyser Tori presenterer data, innsikt og analyser i en enkel og interaktiv chat. Kun til illustrasjonsform\u00e5l Oppdag nye investeringsmuligheter For hvert sp\u00f8rsm\u00e5l du stiller, leverer Tori klare data og innsikt i sanntid for \u00e5 avdekke investeringsmuligheter. F\u00e5 markedsinnsikt tilpasset dine interesser Tori gj\u00f8r sp\u00f8rsm\u00e5lene dine om til praktisk anvendbare innsikter. F\u00e5 analyser p\u00e5&hellip;<\/p>\n","protected":false},"author":75,"featured_media":1112848,"parent":16929,"menu_order":0,"comment_status":"closed","ping_status":"closed","template":"","meta":{"_acf_changed":false,"inline_featured_image":false,"sticky_cta_settings":"","footnotes":""},"asset_type":[],"class_list":["post-1116282","page","type-page","status-publish","has-post-thumbnail","hentry"],"acf":[],"yoast_head":"<title>Tori \u2013 jouw partner in AI-beleggen van eToro<\/title>\n<meta name=\"description\" content=\"Ontdek hoe Tori AI gebruikt om je beleggingen te verbeteren: krijg inzichten, portefeuille-analyse en slimme tips \u2013 allemaal binnen eToro.\" \/>\n<meta name=\"robots\" content=\"index, follow, max-snippet:-1, max-image-preview:large, max-video-preview:-1\" \/>\n<link rel=\"canonical\" href=\"https:\/\/www.etoro.com\/nb-no\/wp-json\/wp\/v2\/pages\/1116282\" \/>\n<meta property=\"og:locale\" content=\"nn_NO\" \/>\n<meta property=\"og:type\" content=\"article\" \/>\n<meta property=\"og:title\" content=\"Tori \u2013 jouw partner in AI-beleggen van eToro\" \/>\n<meta property=\"og:description\" content=\"Ontdek hoe Tori AI gebruikt om je beleggingen te verbeteren: krijg inzichten, portefeuille-analyse en slimme tips \u2013 allemaal binnen eToro.\" \/>\n<meta property=\"og:url\" content=\"https:\/\/www.etoro.com\/nb-no\/wp-json\/wp\/v2\/pages\/1116282\" \/>\n<meta property=\"og:site_name\" content=\"eToro\" \/>\n<meta property=\"article:publisher\" content=\"https:\/\/www.facebook.com\/eToro\/\" \/>\n<meta property=\"article:modified_time\" content=\"2025-08-07T07:26:26+00:00\" \/>\n<meta property=\"og:image\" content=\"https:\/\/www.etoro.com\/wp-content\/uploads\/2025\/08\/Tori_Featured-image-1200x630-1.png\" \/>\n\t<meta property=\"og:image:width\" content=\"1200\" \/>\n\t<meta property=\"og:image:height\" content=\"630\" \/>\n\t<meta property=\"og:image:type\" content=\"image\/png\" \/>\n<meta name=\"twitter:card\" content=\"summary_large_image\" \/>\n<meta name=\"twitter:site\" content=\"@eToro\" \/>\n<meta name=\"twitter:label1\" content=\"Est. reading time\" \/>\n\t<meta name=\"twitter:data1\" content=\"4 minutes\" \/>\n<script type=\"application\/ld+json\" class=\"yoast-schema-graph\">{\"@context\":\"https:\/\/schema.org\",\"@graph\":[{\"@type\":\"WebPage\",\"@id\":\"https:\/\/www.etoro.com\/nb-no\/trading\/platforms\/tori\/\",\"url\":\"https:\/\/www.etoro.com\/nb-no\/trading\/platforms\/tori\/\",\"name\":\"Tori \u2013 jouw partner in AI-beleggen van eToro\",\"isPartOf\":{\"@id\":\"https:\/\/www.etoro.com\/nb-no\/#website\"},\"primaryImageOfPage\":{\"@id\":\"https:\/\/www.etoro.com\/nb-no\/trading\/platforms\/tori\/#primaryimage\"},\"image\":{\"@id\":\"https:\/\/www.etoro.com\/nb-no\/trading\/platforms\/tori\/#primaryimage\"},\"thumbnailUrl\":\"https:\/\/www.etoro.com\/wp-content\/uploads\/2025\/08\/Tori_Featured-image-1200x630-1.png\",\"datePublished\":\"2025-08-06T13:55:05+00:00\",\"dateModified\":\"2025-08-07T07:26:26+00:00\",\"description\":\"Ontdek hoe Tori AI gebruikt om je beleggingen te verbeteren: krijg inzichten, portefeuille-analyse en slimme tips \u2013 allemaal binnen eToro.\",\"breadcrumb\":{\"@id\":\"https:\/\/www.etoro.com\/nb-no\/trading\/platforms\/tori\/#breadcrumb\"},\"inLanguage\":\"no\",\"potentialAction\":[{\"@type\":\"ReadAction\",\"target\":[\"https:\/\/www.etoro.com\/nb-no\/trading\/platforms\/tori\/\"]}]},{\"@type\":\"ImageObject\",\"inLanguage\":\"no\",\"@id\":\"https:\/\/www.etoro.com\/nb-no\/trading\/platforms\/tori\/#primaryimage\",\"url\":\"https:\/\/www.etoro.com\/wp-content\/uploads\/2025\/08\/Tori_Featured-image-1200x630-1.png\",\"contentUrl\":\"https:\/\/www.etoro.com\/wp-content\/uploads\/2025\/08\/Tori_Featured-image-1200x630-1.png\",\"width\":1200,\"height\":630},{\"@type\":\"BreadcrumbList\",\"@id\":\"https:\/\/www.etoro.com\/nb-no\/trading\/platforms\/tori\/#breadcrumb\",\"itemListElement\":[{\"@type\":\"ListItem\",\"position\":1,\"name\":\"Hjem\",\"item\":\"https:\/\/www.etoro.com\/nb-no\/\"},{\"@type\":\"ListItem\",\"position\":2,\"name\":\"TRADING\",\"item\":\"https:\/\/www.etoro.com\/nb-no\/trading\/\"},{\"@type\":\"ListItem\",\"position\":3,\"name\":\"PLATTFORMER - Historikk\",\"item\":\"https:\/\/www.etoro.com\/nb-no\/trading\/platforms\/\"},{\"@type\":\"ListItem\",\"position\":4,\"name\":\"Tori\"}]},{\"@type\":\"WebSite\",\"@id\":\"https:\/\/www.etoro.com\/nb-no\/#website\",\"url\":\"https:\/\/www.etoro.com\/nb-no\/\",\"name\":\"eToro\",\"description\":\"\",\"publisher\":{\"@id\":\"https:\/\/www.etoro.com\/nb-no\/#organization\"},\"potentialAction\":[{\"@type\":\"SearchAction\",\"target\":{\"@type\":\"EntryPoint\",\"urlTemplate\":\"https:\/\/www.etoro.com\/nb-no\/?s={search_term_string}\"},\"query-input\":{\"@type\":\"PropertyValueSpecification\",\"valueRequired\":true,\"valueName\":\"search_term_string\"}}],\"inLanguage\":\"no\"},[]]}<\/script>","yoast_head_json":{"title":"Tori \u2013 jouw partner in AI-beleggen van eToro","description":"Ontdek hoe Tori AI gebruikt om je beleggingen te verbeteren: krijg inzichten, portefeuille-analyse en slimme tips \u2013 allemaal binnen eToro.","robots":{"index":"index","follow":"follow","max-snippet":"max-snippet:-1","max-image-preview":"max-image-preview:large","max-video-preview":"max-video-preview:-1"},"canonical":"https:\/\/www.etoro.com\/nb-no\/wp-json\/wp\/v2\/pages\/1116282","og_locale":"nn_NO","og_type":"article","og_title":"Tori \u2013 jouw partner in AI-beleggen van eToro","og_description":"Ontdek hoe Tori AI gebruikt om je beleggingen te verbeteren: krijg inzichten, portefeuille-analyse en slimme tips \u2013 allemaal binnen eToro.","og_url":"https:\/\/www.etoro.com\/nb-no\/wp-json\/wp\/v2\/pages\/1116282","og_site_name":"eToro","article_publisher":"https:\/\/www.facebook.com\/eToro\/","article_modified_time":"2025-08-07T07:26:26+00:00","og_image":[{"width":1200,"height":630,"url":"https:\/\/www.etoro.com\/wp-content\/uploads\/2025\/08\/Tori_Featured-image-1200x630-1.png","type":"image\/png"}],"twitter_card":"summary_large_image","twitter_site":"@eToro","twitter_misc":{"Est. reading time":"4 minutes"},"schema":{"@context":"https:\/\/schema.org","@graph":[{"@type":"WebPage","@id":"https:\/\/www.etoro.com\/nb-no\/trading\/platforms\/tori\/","url":"https:\/\/www.etoro.com\/nb-no\/trading\/platforms\/tori\/","name":"Tori \u2013 jouw partner in AI-beleggen van eToro","isPartOf":{"@id":"https:\/\/www.etoro.com\/nb-no\/#website"},"primaryImageOfPage":{"@id":"https:\/\/www.etoro.com\/nb-no\/trading\/platforms\/tori\/#primaryimage"},"image":{"@id":"https:\/\/www.etoro.com\/nb-no\/trading\/platforms\/tori\/#primaryimage"},"thumbnailUrl":"https:\/\/www.etoro.com\/wp-content\/uploads\/2025\/08\/Tori_Featured-image-1200x630-1.png","datePublished":"2025-08-06T13:55:05+00:00","dateModified":"2025-08-07T07:26:26+00:00","description":"Ontdek hoe Tori AI gebruikt om je beleggingen te verbeteren: krijg inzichten, portefeuille-analyse en slimme tips \u2013 allemaal binnen eToro.","breadcrumb":{"@id":"https:\/\/www.etoro.com\/nb-no\/trading\/platforms\/tori\/#breadcrumb"},"inLanguage":"no","potentialAction":[{"@type":"ReadAction","target":["https:\/\/www.etoro.com\/nb-no\/trading\/platforms\/tori\/"]}]},{"@type":"ImageObject","inLanguage":"no","@id":"https:\/\/www.etoro.com\/nb-no\/trading\/platforms\/tori\/#primaryimage","url":"https:\/\/www.etoro.com\/wp-content\/uploads\/2025\/08\/Tori_Featured-image-1200x630-1.png","contentUrl":"https:\/\/www.etoro.com\/wp-content\/uploads\/2025\/08\/Tori_Featured-image-1200x630-1.png","width":1200,"height":630},{"@type":"BreadcrumbList","@id":"https:\/\/www.etoro.com\/nb-no\/trading\/platforms\/tori\/#breadcrumb","itemListElement":[{"@type":"ListItem","position":1,"name":"Hjem","item":"https:\/\/www.etoro.com\/nb-no\/"},{"@type":"ListItem","position":2,"name":"TRADING","item":"https:\/\/www.etoro.com\/nb-no\/trading\/"},{"@type":"ListItem","position":3,"name":"PLATTFORMER - Historikk","item":"https:\/\/www.etoro.com\/nb-no\/trading\/platforms\/"},{"@type":"ListItem","position":4,"name":"Tori"}]},{"@type":"WebSite","@id":"https:\/\/www.etoro.com\/nb-no\/#website","url":"https:\/\/www.etoro.com\/nb-no\/","name":"eToro","description":"","publisher":{"@id":"https:\/\/www.etoro.com\/nb-no\/#organization"},"potentialAction":[{"@type":"SearchAction","target":{"@type":"EntryPoint","urlTemplate":"https:\/\/www.etoro.com\/nb-no\/?s={search_term_string}"},"query-input":{"@type":"PropertyValueSpecification","valueRequired":true,"valueName":"search_term_string"}}],"inLanguage":"no"},[]]}},"_links":{"self":[{"href":"https:\/\/www.etoro.com\/nb-no\/wp-json\/wp\/v2\/pages\/1116282"}],"collection":[{"href":"https:\/\/www.etoro.com\/nb-no\/wp-json\/wp\/v2\/pages"}],"about":[{"href":"https:\/\/www.etoro.com\/nb-no\/wp-json\/wp\/v2\/types\/page"}],"author":[{"embeddable":true,"href":"https:\/\/www.etoro.com\/nb-no\/wp-json\/wp\/v2\/users\/75"}],"replies":[{"embeddable":true,"href":"https:\/\/www.etoro.com\/nb-no\/wp-json\/wp\/v2\/comments?post=1116282"}],"version-history":[{"count":0,"href":"https:\/\/www.etoro.com\/nb-no\/wp-json\/wp\/v2\/pages\/1116282\/revisions"}],"up":[{"embeddable":true,"href":"https:\/\/www.etoro.com\/nb-no\/wp-json\/wp\/v2\/pages\/16929"}],"wp:featuredmedia":[{"embeddable":true,"href":"https:\/\/www.etoro.com\/nb-no\/wp-json\/wp\/v2\/media\/1112848"}],"wp:attachment":[{"href":"https:\/\/www.etoro.com\/nb-no\/wp-json\/wp\/v2\/media?parent=1116282"}],"wp:term":[{"taxonomy":"asset_type","embeddable":true,"href":"https:\/\/www.etoro.com\/nb-no\/wp-json\/wp\/v2\/asset_type?post=1116282"}],"curies":[{"name":"wp","href":"https:\/\/api.w.org\/{rel}","templated":true}]}}