{"id":1259334,"date":"2026-04-20T10:10:55","date_gmt":"2026-04-20T07:10:55","guid":{"rendered":"https:\/\/www.etoro.com\/copytrader\/risk-warnings\/"},"modified":"2026-04-30T09:06:12","modified_gmt":"2026-04-30T06:06:12","slug":"risk-warnings","status":"publish","type":"page","link":"https:\/\/www.etoro.com\/nb-no\/copytrader\/risk-warnings\/","title":{"rendered":"Risks Associated with Social Trading (Copy Trading)"},"content":{"rendered":"\n<section class=\"wp-block-group wp-block-group-boxed wp-block-group-small-bottom-padding\"><div class=\"wp-block-group-inner is-layout-flow wp-block-group-is-layout-flow\">\n<div class=\"wp-block-columns are-vertically-aligned-top wp-block-columns-1 is-layout-flex wp-container-core-columns-is-layout-1 wp-block-columns-is-layout-flex\">\n<div class=\"wp-block-column is-layout-flow wp-block-column-is-layout-flow\">\n<p>eToro Group Ltd. og affiliates tilbyr sosiale handelsfunksjoner som lar deg samhandle med, f\u00f8lge og kopiere andre tradere (&#8220;funksjoner for sosial handel&#8221;), inkludert Copy Trader\u2122, Smart Portfolios, rangeringer og fellesskapsverkt\u00f8y.<\/p>\n\n\n\n<p>Selv om disse funksjonene kan hjelpe deg \u00e5 finne investeringsstrategier, kan de inneb\u00e6re risiko. F\u00f8r du benytter dem, b\u00f8r du tenke n\u00f8ye gjennom f\u00f8lgende:<\/p>\n<\/div>\n<\/div>\n\n\n\n<div class=\"wp-block-columns are-vertically-aligned-top wp-block-columns-1 is-layout-flex wp-container-core-columns-is-layout-2 wp-block-columns-is-layout-flex\">\n<div class=\"wp-block-column is-layout-flow wp-block-column-is-layout-flow\">\n<div class=\"wp-block-etoro-simple-collapsable-item-list\">\n<div class=\"wp-block-etoro-simple-collapsable-item\"><div class=\"wp-block-etoro-simple-collapsable-item-heading\">1. Du er fullt ansvarlig for beslutningene dine<\/div><div class=\"wp-block-etoro-simple-collapsable-item-content-wrapper\"><div class=\"wp-block-etoro-simple-collapsable-item-content\">\n<p>Copy Trading er basert p\u00e5 ditt valg om \u00e5 f\u00f8lge eller kopiere andre tradere.<\/p>\n\n\n\n<ul class=\"wp-block-list wp-block-list wp-block-list-circle\">\n<li>Du m\u00e5 vurdere din \u00f8konomiske situasjon, investeringsm\u00e5l og risikotoleranse.<\/li>\n\n\n\n<li>eToro gir ikke investeringsr\u00e5dgivning.<\/li>\n\n\n\n<li>Alle beslutninger du tar basert p\u00e5 plattforminformasjon er p\u00e5 egen risiko.<\/li>\n<\/ul>\n\n\n\n<p>Du b\u00f8r alltid gj\u00f8re dine egne unders\u00f8kelser f\u00f8r du investerer.<\/p>\n<\/div><\/div><\/div>\n\n\n\n<div class=\"wp-block-etoro-simple-collapsable-item\"><div class=\"wp-block-etoro-simple-collapsable-item-heading\">2. Automatisert handelsrisiko<\/div><div class=\"wp-block-etoro-simple-collapsable-item-content-wrapper\"><div class=\"wp-block-etoro-simple-collapsable-item-content\">\n<p>N\u00e5r du kopierer en trader eller Smart Portfolio:<\/p>\n\n\n\n<ul class=\"wp-block-list wp-block-list wp-block-list-circle\">\n<li>Utf\u00f8res handler automatisk p\u00e5 kontoen din uten din intervensjon.<\/li>\n\n\n\n<li>\u00c5pnes, endres og lukkes posisjoner i sanntid basert p\u00e5 den kopierte traderens handlinger.<\/li>\n<\/ul>\n\n\n\n<p>Det inneb\u00e6rer:<\/p>\n\n\n\n<ul class=\"wp-block-list wp-block-list wp-block-list-circle\">\n<li>Du har kanskje ikke kontroll over timing eller prising.<\/li>\n\n\n\n<li>Markedsforhold (f.eks. volatilitet, slippage, likviditet) kan f\u00f8re til andre resultater enn traderen eller Smart Portfolioen du kopierer.<\/li>\n\n\n\n<li>Du kan tape penger som er allokert til kopiering.<\/li>\n<\/ul>\n<\/div><\/div><\/div>\n\n\n\n<div class=\"wp-block-etoro-simple-collapsable-item\"><div class=\"wp-block-etoro-simple-collapsable-item-heading\">3. Eksponering mot CFD-er og kryptoaktiva<\/div><div class=\"wp-block-etoro-simple-collapsable-item-content-wrapper\"><div class=\"wp-block-etoro-simple-collapsable-item-content\">\n<p>N\u00e5r du kopierer en trader eller Smart Portfolio, kan du bli eksponert for komplekse og h\u00f8yrisikoinstrumenter som:<\/p>\n\n\n\n<ul class=\"wp-block-list wp-block-list wp-block-list-circle\">\n<li><strong>CFD-er (Contracts for Difference)<\/strong>\n<ul class=\"wp-block-list wp-block-list wp-block-list-circle\">\n<li>Inneb\u00e6rer ofte bel\u00e5ning, noe som kan \u00f8ke b\u00e5de gevinst og tap.<\/li>\n\n\n\n<li>Prisene kan bevege seg raskt, noe som \u00f8ker risikoen for betydelige tap.<\/li>\n\n\n\n<li>Du eier ikke den underliggende eiendelen.<\/li>\n<\/ul>\n<\/li>\n\n\n\n<li><strong>Kryptoaktiva:<\/strong>\n<ul class=\"wp-block-list wp-block-list wp-block-list-circle\">\n<li>Sv\u00e6rt volatilt og kan ha ekstreme kurssvingninger.<\/li>\n\n\n\n<li>Kan v\u00e6re gjenstand for lav likviditet, markedsmanipulasjon eller usikkerheter knyttet til regelverk.<\/li>\n<\/ul>\n<\/li>\n<\/ul>\n\n\n\n<p>Selv om du ikke aktivt velger disse aktivaene, vil kopiering av en trader eller Smart Portfolios f\u00f8re til at du automatisk blir eksponert for instrumentene de handler.<\/p>\n<\/div><\/div><\/div>\n\n\n\n<div class=\"wp-block-etoro-simple-collapsable-item\"><div class=\"wp-block-etoro-simple-collapsable-item-heading\">4. Resultatforskjeller<\/div><div class=\"wp-block-etoro-simple-collapsable-item-content-wrapper\"><div class=\"wp-block-etoro-simple-collapsable-item-content\">\n<p>Resultatene dine kan avvike fra traderen eller Smart Portfolios du kopierer, p\u00e5 grunn av faktorer som:<\/p>\n\n\n\n<ul class=\"wp-block-list wp-block-list wp-block-list-circle\">\n<li>Innskudd eller uttak fra den kopierte posisjonen.<\/li>\n\n\n\n<li>Markedsforhold og utf\u00f8relsesforskjeller.<\/li>\n<\/ul>\n<\/div><\/div><\/div>\n\n\n\n<div class=\"wp-block-etoro-simple-collapsable-item\"><div class=\"wp-block-etoro-simple-collapsable-item-heading\">5. Tidligere resultater er ikke en p\u00e5litelig indikator<\/div><div class=\"wp-block-etoro-simple-collapsable-item-content-wrapper\"><div class=\"wp-block-etoro-simple-collapsable-item-content\">\n<p>Statistikk som:<\/p>\n\n\n\n<ul class=\"wp-block-list wp-block-list wp-block-list-circle\">\n<li>Risikoscore.<\/li>\n\n\n\n<li>Historisk ytelse.<\/li>\n\n\n\n<li>Portef\u00f8ljedata er ikke en garanti for fremtidige resultater.<\/li>\n<\/ul>\n\n\n\n<p>Faktiske utfall kan variere mye p\u00e5 grunn av endrede markedsforhold og investoradferd.<\/p>\n<\/div><\/div><\/div>\n\n\n\n<div class=\"wp-block-etoro-simple-collapsable-item\"><div class=\"wp-block-etoro-simple-collapsable-item-heading\">6. Ingen garantier for utf\u00f8relse eller risikokontroll<\/div><div class=\"wp-block-etoro-simple-collapsable-item-content-wrapper\"><div class=\"wp-block-etoro-simple-collapsable-item-content\">\n<ul class=\"wp-block-list wp-block-list wp-block-list-circle\">\n<li>Stop loss-mekanismer (inkludert kopi-stop loss) er ikke garantert.<\/li>\n\n\n\n<li>Det kan hende en handel ikke gjennomf\u00f8res til forventet kurs.<\/li>\n\n\n\n<li>Tap kan overstige forventning p\u00e5 grunn av markedsgap eller volatilitet.<\/li>\n<\/ul>\n<\/div><\/div><\/div>\n\n\n\n<div class=\"wp-block-etoro-simple-collapsable-item\"><div class=\"wp-block-etoro-simple-collapsable-item-heading\">7. Tradere du kopierer, er ikke r\u00e5dgivere<\/div><div class=\"wp-block-etoro-simple-collapsable-item-content-wrapper\"><div class=\"wp-block-etoro-simple-collapsable-item-content\">\n<ul class=\"wp-block-list wp-block-list wp-block-list-circle\">\n<li>Andre brukere kan dele meninger eller strategier, men de er ikke n\u00f8dvendigvis kvalifiserte eller objektive.<\/li>\n\n\n\n<li>Informasjon som deles p\u00e5 plattformen skal ikke anses som profesjonell \u00f8konomisk r\u00e5dgivning.<\/li>\n<\/ul>\n\n\n\n<p>Betrakt sosial handel som et startpunkt, ikke en anbefaling.<\/p>\n<\/div><\/div><\/div>\n\n\n\n<div class=\"wp-block-etoro-simple-collapsable-item\"><div class=\"wp-block-etoro-simple-collapsable-item-heading\">8. Strategi &amp; atferdsrisiko<\/div><div class=\"wp-block-etoro-simple-collapsable-item-content-wrapper\"><div class=\"wp-block-etoro-simple-collapsable-item-content\">\n<p>Copy Trading avhenger helt av traderen eller Smart Portfolioen du f\u00f8lger:<\/p>\n\n\n\n<ul class=\"wp-block-list wp-block-list wp-block-list-circle\">\n<li>Strategien deres kan endres uten varsel.<\/li>\n\n\n\n<li>De kan ta p\u00e5 seg h\u00f8yere risiko enn du forventer.<\/li>\n\n\n\n<li>F\u00f8lelsesstyrte eller inkonsekvente beslutninger kan p\u00e5virke resultatene.<\/li>\n<\/ul>\n\n\n\n<p>Dessuten:<\/p>\n\n\n\n<ul class=\"wp-block-list wp-block-list wp-block-list-circle\">\n<li>\u00c5 konsentrere pengene om \u00e9n enkelt trader \u00f8ker risiko.<\/li>\n\n\n\n<li>Diversifisering eliminerer ikke tap.<\/li>\n<\/ul>\n<\/div><\/div><\/div>\n\n\n\n<div class=\"wp-block-etoro-simple-collapsable-item\"><div class=\"wp-block-etoro-simple-collapsable-item-heading\">9. Copy Trading er ikke tryggere investering<\/div><div class=\"wp-block-etoro-simple-collapsable-item-content-wrapper\"><div class=\"wp-block-etoro-simple-collapsable-item-content\">\n<p>Copy trading kan bidra til diversifisering og redusere behovet for aktive handelsbeslutninger, men:<\/p>\n\n\n\n<ul class=\"wp-block-list wp-block-list wp-block-list-circle\">\n<li>Resultatene dine avhenger av traderen eller Smart Portfolioen du kopierer.<\/li>\n\n\n\n<li>Du er fullt ansvarlig for eventuelle tap.<\/li>\n<\/ul>\n<\/div><\/div><\/div>\n\n\n\n<div class=\"wp-block-etoro-simple-collapsable-item\"><div class=\"wp-block-etoro-simple-collapsable-item-heading\">10. Gj\u00f8r din egen due diligence<\/div><div class=\"wp-block-etoro-simple-collapsable-item-content-wrapper\"><div class=\"wp-block-etoro-simple-collapsable-item-content\">\n<p>F\u00f8r du kopierer en trader eller Smart Portfolio, b\u00f8r du g\u00e5 gjennom:<\/p>\n\n\n\n<ul class=\"wp-block-list wp-block-list wp-block-list-circle\">\n<li>Deres risikoscore.<\/li>\n\n\n\n<li>Handelshistorikk og strategi.<\/li>\n\n\n\n<li>Portef\u00f8ljesammensetning.<\/li>\n\n\n\n<li>Aktivitet og kommunikasjon (f.eks. innlegg, oppdateringer).<\/li>\n<\/ul>\n\n\n\n<p>Selv med denne informasjonen er det ingen garanti for \u00e5 lykkes.<\/p>\n<\/div><\/div><\/div>\n<\/div>\n\n\n\n<hr class=\"wp-block-separator wp-block-separator-color-dark-grey wp-block-separator-spaces-medium wp-block-separator-weight-1\"\/>\n<\/div>\n<\/div>\n<\/div><\/section>\n","protected":false},"excerpt":{"rendered":"<p>eToro Group Ltd. og affiliates tilbyr sosiale handelsfunksjoner som lar deg samhandle med, f\u00f8lge og kopiere andre tradere (&#8220;funksjoner for sosial handel&#8221;), inkludert Copy Trader\u2122, Smart Portfolios, rangeringer og fellesskapsverkt\u00f8y. Selv om disse funksjonene kan hjelpe deg \u00e5 finne investeringsstrategier, kan de inneb\u00e6re risiko. F\u00f8r du benytter dem, b\u00f8r du tenke n\u00f8ye gjennom f\u00f8lgende:<\/p>\n","protected":false},"author":158,"featured_media":0,"parent":34706,"menu_order":0,"comment_status":"closed","ping_status":"closed","template":"","meta":{"_acf_changed":true,"inline_featured_image":false,"sticky_cta_settings":"","footnotes":""},"asset_type":[],"class_list":["post-1259334","page","type-page","status-publish","hentry"],"acf":[],"yoast_head":"<title>Risiko knyttet til sosial handel (Copy Trading)<\/title>\n<meta name=\"description\" content=\"L\u00e6r om risikoen forbundet med sosial handel og copy trading, inkludert CFD-er, kryptoaktiva, resultatforskjeller og due diligence.\" \/>\n<meta name=\"robots\" content=\"index, follow, max-snippet:-1, max-image-preview:large, max-video-preview:-1\" \/>\n<link rel=\"canonical\" href=\"https:\/\/www.etoro.com\/nb-no\/wp-json\/wp\/v2\/pages\/1259334\" \/>\n<meta property=\"og:locale\" content=\"nn_NO\" \/>\n<meta property=\"og:type\" content=\"article\" \/>\n<meta property=\"og:title\" content=\"Risiko knyttet til sosial handel (Copy Trading)\" \/>\n<meta property=\"og:description\" content=\"L\u00e6r om risikoen forbundet med sosial handel og copy trading, inkludert CFD-er, kryptoaktiva, resultatforskjeller og due diligence.\" \/>\n<meta property=\"og:url\" content=\"https:\/\/www.etoro.com\/nb-no\/wp-json\/wp\/v2\/pages\/1259334\" \/>\n<meta property=\"og:site_name\" content=\"eToro\" \/>\n<meta property=\"article:publisher\" content=\"https:\/\/www.facebook.com\/eToro\/\" \/>\n<meta property=\"article:modified_time\" content=\"2026-04-30T06:06:12+00:00\" \/>\n<meta property=\"og:image\" content=\"https:\/\/www.etoro.com\/wp-content\/uploads\/2019\/12\/etoro_logo_social_share1.png\" \/>\n\t<meta property=\"og:image:width\" content=\"240\" \/>\n\t<meta property=\"og:image:height\" content=\"240\" \/>\n\t<meta property=\"og:image:type\" content=\"image\/png\" \/>\n<meta name=\"twitter:card\" content=\"summary_large_image\" \/>\n<meta name=\"twitter:site\" content=\"@eToro\" \/>\n<meta name=\"twitter:label1\" content=\"Est. reading time\" \/>\n\t<meta name=\"twitter:data1\" content=\"3 minutes\" \/>\n<script type=\"application\/ld+json\" class=\"yoast-schema-graph\">{\"@context\":\"https:\/\/schema.org\",\"@graph\":[{\"@type\":\"WebPage\",\"@id\":\"https:\/\/www.etoro.com\/nb-no\/copytrader\/risk-warnings\/\",\"url\":\"https:\/\/www.etoro.com\/nb-no\/copytrader\/risk-warnings\/\",\"name\":\"Risiko knyttet til sosial handel (Copy Trading)\",\"isPartOf\":{\"@id\":\"https:\/\/www.etoro.com\/nb-no\/#website\"},\"datePublished\":\"2026-04-20T07:10:55+00:00\",\"dateModified\":\"2026-04-30T06:06:12+00:00\",\"description\":\"L\u00e6r om risikoen forbundet med sosial handel og copy trading, inkludert CFD-er, kryptoaktiva, resultatforskjeller og due diligence.\",\"breadcrumb\":{\"@id\":\"https:\/\/www.etoro.com\/nb-no\/copytrader\/risk-warnings\/#breadcrumb\"},\"inLanguage\":\"no\",\"potentialAction\":[{\"@type\":\"ReadAction\",\"target\":[\"https:\/\/www.etoro.com\/nb-no\/copytrader\/risk-warnings\/\"]}]},{\"@type\":\"BreadcrumbList\",\"@id\":\"https:\/\/www.etoro.com\/nb-no\/copytrader\/risk-warnings\/#breadcrumb\",\"itemListElement\":[{\"@type\":\"ListItem\",\"position\":1,\"name\":\"Hjem\",\"item\":\"https:\/\/www.etoro.com\/nb-no\/\"},{\"@type\":\"ListItem\",\"position\":2,\"name\":\"CopyTrader\",\"item\":\"https:\/\/www.etoro.com\/nb-no\/copytrader\/\"},{\"@type\":\"ListItem\",\"position\":3,\"name\":\"Risks Associated with Social Trading (Copy Trading)\"}]},{\"@type\":\"WebSite\",\"@id\":\"https:\/\/www.etoro.com\/nb-no\/#website\",\"url\":\"https:\/\/www.etoro.com\/nb-no\/\",\"name\":\"eToro\",\"description\":\"\",\"publisher\":{\"@id\":\"https:\/\/www.etoro.com\/nb-no\/#organization\"},\"potentialAction\":[{\"@type\":\"SearchAction\",\"target\":{\"@type\":\"EntryPoint\",\"urlTemplate\":\"https:\/\/www.etoro.com\/nb-no\/?s={search_term_string}\"},\"query-input\":{\"@type\":\"PropertyValueSpecification\",\"valueRequired\":true,\"valueName\":\"search_term_string\"}}],\"inLanguage\":\"no\"},[]]}<\/script>","yoast_head_json":{"title":"Risiko knyttet til sosial handel (Copy Trading)","description":"L\u00e6r om risikoen forbundet med sosial handel og copy trading, inkludert CFD-er, kryptoaktiva, resultatforskjeller og due diligence.","robots":{"index":"index","follow":"follow","max-snippet":"max-snippet:-1","max-image-preview":"max-image-preview:large","max-video-preview":"max-video-preview:-1"},"canonical":"https:\/\/www.etoro.com\/nb-no\/wp-json\/wp\/v2\/pages\/1259334","og_locale":"nn_NO","og_type":"article","og_title":"Risiko knyttet til sosial handel (Copy Trading)","og_description":"L\u00e6r om risikoen forbundet med sosial handel og copy trading, inkludert CFD-er, kryptoaktiva, resultatforskjeller og due diligence.","og_url":"https:\/\/www.etoro.com\/nb-no\/wp-json\/wp\/v2\/pages\/1259334","og_site_name":"eToro","article_publisher":"https:\/\/www.facebook.com\/eToro\/","article_modified_time":"2026-04-30T06:06:12+00:00","og_image":[{"width":240,"height":240,"url":"https:\/\/www.etoro.com\/wp-content\/uploads\/2019\/12\/etoro_logo_social_share1.png","type":"image\/png"}],"twitter_card":"summary_large_image","twitter_site":"@eToro","twitter_misc":{"Est. reading time":"3 minutes"},"schema":{"@context":"https:\/\/schema.org","@graph":[{"@type":"WebPage","@id":"https:\/\/www.etoro.com\/nb-no\/copytrader\/risk-warnings\/","url":"https:\/\/www.etoro.com\/nb-no\/copytrader\/risk-warnings\/","name":"Risiko knyttet til sosial handel (Copy Trading)","isPartOf":{"@id":"https:\/\/www.etoro.com\/nb-no\/#website"},"datePublished":"2026-04-20T07:10:55+00:00","dateModified":"2026-04-30T06:06:12+00:00","description":"L\u00e6r om risikoen forbundet med sosial handel og copy trading, inkludert CFD-er, kryptoaktiva, resultatforskjeller og due diligence.","breadcrumb":{"@id":"https:\/\/www.etoro.com\/nb-no\/copytrader\/risk-warnings\/#breadcrumb"},"inLanguage":"no","potentialAction":[{"@type":"ReadAction","target":["https:\/\/www.etoro.com\/nb-no\/copytrader\/risk-warnings\/"]}]},{"@type":"BreadcrumbList","@id":"https:\/\/www.etoro.com\/nb-no\/copytrader\/risk-warnings\/#breadcrumb","itemListElement":[{"@type":"ListItem","position":1,"name":"Hjem","item":"https:\/\/www.etoro.com\/nb-no\/"},{"@type":"ListItem","position":2,"name":"CopyTrader","item":"https:\/\/www.etoro.com\/nb-no\/copytrader\/"},{"@type":"ListItem","position":3,"name":"Risks Associated with Social Trading (Copy Trading)"}]},{"@type":"WebSite","@id":"https:\/\/www.etoro.com\/nb-no\/#website","url":"https:\/\/www.etoro.com\/nb-no\/","name":"eToro","description":"","publisher":{"@id":"https:\/\/www.etoro.com\/nb-no\/#organization"},"potentialAction":[{"@type":"SearchAction","target":{"@type":"EntryPoint","urlTemplate":"https:\/\/www.etoro.com\/nb-no\/?s={search_term_string}"},"query-input":{"@type":"PropertyValueSpecification","valueRequired":true,"valueName":"search_term_string"}}],"inLanguage":"no"},[]]}},"_links":{"self":[{"href":"https:\/\/www.etoro.com\/nb-no\/wp-json\/wp\/v2\/pages\/1259334"}],"collection":[{"href":"https:\/\/www.etoro.com\/nb-no\/wp-json\/wp\/v2\/pages"}],"about":[{"href":"https:\/\/www.etoro.com\/nb-no\/wp-json\/wp\/v2\/types\/page"}],"author":[{"embeddable":true,"href":"https:\/\/www.etoro.com\/nb-no\/wp-json\/wp\/v2\/users\/158"}],"replies":[{"embeddable":true,"href":"https:\/\/www.etoro.com\/nb-no\/wp-json\/wp\/v2\/comments?post=1259334"}],"version-history":[{"count":0,"href":"https:\/\/www.etoro.com\/nb-no\/wp-json\/wp\/v2\/pages\/1259334\/revisions"}],"up":[{"embeddable":true,"href":"https:\/\/www.etoro.com\/nb-no\/wp-json\/wp\/v2\/pages\/34706"}],"wp:attachment":[{"href":"https:\/\/www.etoro.com\/nb-no\/wp-json\/wp\/v2\/media?parent=1259334"}],"wp:term":[{"taxonomy":"asset_type","embeddable":true,"href":"https:\/\/www.etoro.com\/nb-no\/wp-json\/wp\/v2\/asset_type?post=1259334"}],"curies":[{"name":"wp","href":"https:\/\/api.w.org\/{rel}","templated":true}]}}