{"id":151918,"date":"2020-08-30T17:19:38","date_gmt":"2020-08-30T14:19:38","guid":{"rendered":"http:\/\/www.etoro.com\/stocks\/stock-split\/"},"modified":"2024-08-19T16:20:56","modified_gmt":"2024-08-19T13:20:56","slug":"stock-split","status":"publish","type":"page","link":"https:\/\/www.etoro.com\/nb-no\/stocks\/stock-split\/","title":{"rendered":"Veiledning om aksjesplitt: Hva de er og hvordan de fungerer p\u00e5 eToro"},"content":{"rendered":"<p>&nbsp;<\/p>\n<p>En aksjesplitt er et ganske vanlig fenomen i <a href=\"https:\/\/www.etoro.com\/nb-no\/discover\/markets\">markedene<\/a> og forekommer p\u00e5 ulike b\u00f8rser rundt i verden, til ulike tider. Denne veiledningen hjelper deg \u00e5 forst\u00e5 hva <a href=\"https:\/\/www.etoro.com\/nb-no\/discover\/markets\/stocks\">aksjesplitter<\/a> er, hvordan de p\u00e5virker aksjeposisjoner og hvordan eToro h\u00e5ndterer dem p\u00e5 <a href=\"https:\/\/www.etoro.com\/nb-no\/trading\/platforms\/\">plattformen<\/a>.<\/p>\n<h2>Hva er en aksjesplitt?<\/h2>\n<p>En aksjesplitt er som det h\u00f8res ut. Et selskap deler sine enkeltaksjer i mindre deler etter et visst delingstall. Hvis et selskap for eksempel kunngj\u00f8r en fem-til-\u00e9n-aksjesplitt, og hver aksje n\u00e5 er verdsatt til 400 USD, faller kursen til en femdel av dette, eller 80 USD, etter splitten. Ved en slik hendelse multipliseres antallet aksjer hver aksjon\u00e6r innehar, basert p\u00e5 delingstallet.<\/p>\n<h2>Hvorfor splittes aksjer?<\/h2>\n<p>Det kan v\u00e6re flere grunner til at et selskap vil splitte en aksje. Her f\u00f8lger noen punkter for \u00e5 forst\u00e5 \u00e5rsakene til at aksjer splittes:<\/p>\n<p>&nbsp;<\/p>\n<ul>\n<li><b>Tiltrekke seg privatinvestorer: Noen investorer lar v\u00e6re \u00e5 investere i visse aksjer hvis kursen p\u00e5 hver aksje er for h\u00f8y. Ved \u00e5 gjennomf\u00f8re en splitt, reduseres prisen p\u00e5 omsatte aksjer, slik at flere investorer kan kj\u00f8pe aksjer. Selv om institusjonelle investorer fortsatt bare kj\u00f8per hele aksjer, er det imidlertid mange privatinvestorer som velger \u00e5 <a href=\"https:\/\/www.etoro.com\/nb-no\/stocks\/\">kj\u00f8pe br\u00f8kdeler av aksjer<\/a> ved hjelp av innovative trading- og investeringsplattformer som eToro.\u00a0<\/b><\/li>\n<\/ul>\n<ul>\n<li>Bedre likviditet: Jo flere aksjer som finnes p\u00e5 markedet, jo st\u00f8rre mulighet er det for likviditet. Flere aksjer kan f\u00f8re til flere transaksjoner og at mer penger omsettes.<\/li>\n<\/ul>\n<ul>\n<li>Psykologisk prising: Analytikere sier ofte at visse aksjer er \u00abovervurderte\u00bb, som betyr at den n\u00e5v\u00e6rende kursen representerer forventningene i markedet og ikke selskapets faktiske verdi. Ved \u00e5 splitte en aksje reduseres kursen betraktelig, noe som f\u00f8rer til en psykologisk effekt som gj\u00f8r at aksjekursen virker mer realistisk.<\/li>\n<\/ul>\n<ul>\n<li>N\u00e5r splittes en aksje? Det finnes ingen fast formel. Noen selskaper splitter aksjekursen med noen \u00e5rs mellomrom, s\u00e5 lenge de har en vedvarende vekst, mens andre lar v\u00e6re \u00e5 splitte aksjene, uansett hvor h\u00f8yt kursen p\u00e5 hver enkeltaksje stiger. N\u00e5r det gjelder tidspunkt, lar selskaper det vanligvis g\u00e5 noen uker mellom kunngj\u00f8ringen og den faktiske splitten.<\/li>\n<\/ul>\n<p>&nbsp;<\/p>\n<h3><img loading=\"lazy\" decoding=\"async\" class=\"alignnone size-full wp-image-151271\" src=\"\/wp-content\/uploads\/2020\/08\/IMG1.jpg\" alt=\"Why do Stocks Split?\" width=\"1920\" height=\"827\" srcset=\"https:\/\/www.etoro.com\/wp-content\/uploads\/2020\/08\/IMG1.jpg 1920w, https:\/\/www.etoro.com\/wp-content\/uploads\/2020\/08\/IMG1-300x129.jpg 300w, https:\/\/www.etoro.com\/wp-content\/uploads\/2020\/08\/IMG1-1024x441.jpg 1024w, https:\/\/www.etoro.com\/wp-content\/uploads\/2020\/08\/IMG1-768x331.jpg 768w, https:\/\/www.etoro.com\/wp-content\/uploads\/2020\/08\/IMG1-1536x662.jpg 1536w\" sizes=\"(max-width: 1920px) 100vw, 1920px\" \/><\/h3>\n<h3>Hvor mange ganger kan en aksje splittes?<\/h3>\n<p>I teorien finnes det ingen grense. Selskaper kan splitte aksjen s\u00e5 mange ganger de vil. I tidsrommet 1987\u20132003 splittet teknologigiganten Microsoft aksjen sin ni ganger. Men siden det inneb\u00e6rer papirarbeid og byr\u00e5krati, velger selskaper vanligvis bare \u00e5 splitte aksjer n\u00e5r de f\u00f8ler at det er bra for selskapet og tidspunktet er godt.<\/p>\n<h3><img loading=\"lazy\" decoding=\"async\" class=\"alignnone size-full wp-image-151294\" style=\"font-size: 14px;\" src=\"\/wp-content\/uploads\/2020\/08\/IMG2.jpg\" alt=\"How many Times can a Stock Split? \" width=\"1920\" height=\"585\" srcset=\"https:\/\/www.etoro.com\/wp-content\/uploads\/2020\/08\/IMG2.jpg 1920w, https:\/\/www.etoro.com\/wp-content\/uploads\/2020\/08\/IMG2-300x91.jpg 300w, https:\/\/www.etoro.com\/wp-content\/uploads\/2020\/08\/IMG2-1024x312.jpg 1024w, https:\/\/www.etoro.com\/wp-content\/uploads\/2020\/08\/IMG2-768x234.jpg 768w, https:\/\/www.etoro.com\/wp-content\/uploads\/2020\/08\/IMG2-1536x468.jpg 1536w\" sizes=\"(max-width: 1920px) 100vw, 1920px\" \/><\/h3>\n<h3>Aksjekurser og indekser<\/h3>\n<p>Noen ganger kan en aksjesplitt p\u00e5virke en hel indeks. Vektingen av <a href=\"https:\/\/www.etoro.com\/nb-no\/markets\/dj30\">DJ30-indeksen<\/a> beregnes for eksempel basert p\u00e5 aksjekursen. Det inneb\u00e6rer at aksjens andel av indeksen reduseres betraktelig hvis en aksje splittes. Da Apple-aksjen ble splittet i 2020 gikk den fra \u00e5 v\u00e6re den h\u00f8yest vektede aksjen i DJ30 helt ned til nummer 16.<\/p>\n<h3><img loading=\"lazy\" decoding=\"async\" class=\"alignnone size-full wp-image-151317\" style=\"font-size: 14px;\" src=\"\/wp-content\/uploads\/2020\/08\/IMG3.jpg\" alt=\"Apple stock split\" width=\"1920\" height=\"585\" srcset=\"https:\/\/www.etoro.com\/wp-content\/uploads\/2020\/08\/IMG3.jpg 1920w, https:\/\/www.etoro.com\/wp-content\/uploads\/2020\/08\/IMG3-300x91.jpg 300w, https:\/\/www.etoro.com\/wp-content\/uploads\/2020\/08\/IMG3-1024x312.jpg 1024w, https:\/\/www.etoro.com\/wp-content\/uploads\/2020\/08\/IMG3-768x234.jpg 768w, https:\/\/www.etoro.com\/wp-content\/uploads\/2020\/08\/IMG3-1536x468.jpg 1536w\" sizes=\"(max-width: 1920px) 100vw, 1920px\" \/><\/h3>\n<h2>Hvordan p\u00e5virker en aksjesplitt aksjekursen?<\/h2>\n<p>Det er naturligvis ingen garantert effekt av en aksjesplitt. Verdien av hver enkeltaksje splittes, men selskapets samlede markedsverdi forblir den samme. Gjennom historien har likevel aksjesplitter vanligvis virket i selskapets fav\u00f8r, i hvert fall p\u00e5 kort sikt.<\/p>\n<p>If\u00f8lge Bespoke Investment Group var den gjennomsnittlige kursendringen for aksjer i selskaper som kunngjorde splitter i perioden 2015\u20132020, en \u00f8kning p\u00e5 2,3\u00a0% fra kunngj\u00f8ringen til den faktiske splitten. I tillegg gjorde nesten 70\u00a0% av disse aksjene det bedre enn <a href=\"https:\/\/www.etoro.com\/nb-no\/markets\/spx500\">S&amp;P 500-indeksen<\/a> i denne perioden. Selv om gjennomsnittsaksjen ogs\u00e5 falt 0,3\u00a0% umiddelbart etter splitten, \u00f8kte verdien p\u00e5 disse selskapene i snitt med 9,8\u00a0% det p\u00e5f\u00f8lgende \u00e5ret.<\/p>\n<p>Til tross for det ovennevnte er det viktig \u00e5 merke seg at det finnes mange faktorer som kan p\u00e5virke en aksjekurs, og avgj\u00f8relsen om \u00e5 splitte en aksje kan sammenfalle med en rekke andre faktorer som potensielt gj\u00f8r at en aksjekurs stiger. Selv om de historiske resultatene er positive, er dette derfor ikke en p\u00e5litelig indikator.<\/p>\n<h2>Hva er en omvendt aksjesplitt?<\/h2>\n<p>En omvendt aksjesplitt er det motsatte av en aksjesplitt. I en omvendt splitt sl\u00e5r selskapet sammen aksjer, noe som reduserer antallet aksjer. Hvis et selskap for eksempel kunngj\u00f8r en omvendt fire-til-\u00e9n-splitt, og en aksje n\u00e5 er verdt 50 USD, blir den nye aksjekursen 200 USD, og en aksjon\u00e6r som har \u00e5tte aksjer, f\u00e5r n\u00e5 to.<\/p>\n<p><img loading=\"lazy\" decoding=\"async\" class=\"wp-image-151340 aligncenter\" src=\"\/wp-content\/uploads\/2020\/08\/Split.gif\" alt=\"What is a Reverse Stock Split?\" width=\"641\" height=\"639\" \/><\/p>\n<h3>Hvordan p\u00e5virker en omvendt aksjesplitt tradere og investorer?<\/h3>\n<p>Til forskjell fra en vanlig aksjesplitt, der antall aksjer multipliseres med delingstallet, kan en omvendt splitt gj\u00f8re at en aksjon\u00e6r blir innehaver av br\u00f8kdeler av aksjer. Hvis en aksjon\u00e6r for eksempel eier fem aksjer, og den omvendte aksjesplitten er fire-til-\u00e9n, ender de opp med 1,25 aksjer. I slike tilfelles likviderer de fleste selskaper br\u00f8kdelsaksjen og gir aksjon\u00e6ren det overskytende i kontanter. P\u00e5 eToro p\u00e5virkes derimot ikke posisjoner av dette, siden eToro lar deg eie br\u00f8kdeler av aksjer.<\/p>\n<h2>Hvordan virker aksjesplitter p\u00e5 eToro?<\/h2>\n<p>eToro har mange tradere og investorer som bruker plattformen til \u00e5 <a href=\"https:\/\/www.etoro.com\/nb-no\/stocks\/\">investere i aksjer med 0\u00a0% provisjon<\/a>. Siden plattformen tilbyr s\u00e5 mange aksjer, er eToro godt kjent med aksjesplitter og har h\u00e5ndtert slike i fortiden.<\/p>\n<p>N\u00e5r det forekommer en slik markedshendelse, oppretter eToro en s\u00f8ml\u00f8s prosess og bruker delingstallet p\u00e5 alle tilknyttede tall. Endringen brukes p\u00e5 det totale enhetstallet og den gjennomsnittlige eller n\u00e5v\u00e6rende kursen. Verdien av hver posisjon endres imidlertid ikke.<\/p>\n<p>Hvis det forekommer en omvendt aksjesplitt, inneb\u00e6rer det at posisjonen som tidligere bare bestod av hele aksjer, n\u00e5 kan inneholde br\u00f8kdeler av aksjer. Den samlede verdien av hver posisjon endres imidlertid ikke p\u00e5 grunn av splitten.<\/p>\n<p>eToro kan kommunisere med brukerne i forkant, for \u00e5 la dem vite om en kommende splitt, og om de m\u00e5 gj\u00f8re noe selv \u2013 selv om de vanligvis ikke trenger det.<\/p>\n<p style=\"text-align: center;\"><a class=\"e-cta\" href=\"https:\/\/www.etoro.com\/nb-no\/accounts\/sign-up?funnelFromId=51\" target=\"_blank\" rel=\"noopener noreferrer\">Begynn \u00e5 investere<\/a><\/p>\n<hr \/>\n<p><em>Null provisjon tilbys til kunder av eToro (Europe) Ltd, eToro (UK) Ltd og eToro AUS Capital Pty Ltd (AFSL 491139).<\/em><\/p>\n<p><em>For kunder av eToro AUS tilbys kun aksjer omsatt p\u00e5 b\u00f8rser i USA som underliggende aktiva og uten provisjon. Handel med disse aksjene tilbys av eToro Service (ARSN 637 489 466) som drives av eToro Asset Management Limited ABN 51 122 005 396 AFSL 319 738, og markedsf\u00f8res av eToro AUS Capital Limited CAR 001281634. Les v\u00e5r\u00a0<a href=\"https:\/\/www.etoro.com\/customer-service\/terms-conditions\/\">FSG og PDS<\/a>\u00a0f\u00f8r du bestemmer deg om du vil handle med oss. Alle andre aksjer tilbys som derivater og belastes for provisjon.<\/em><\/p>\n<p><em>Null provisjon gjelder ikke shorthandel eller girede posisjoner. Null provisjon betyr at det ikke belastes meglerkurtasje ved \u00e5pning eller lukking av posisjoner. Andre gebyrer kan p\u00e5l\u00f8pe.\u00a0<a href=\"https:\/\/www.etoro.com\/nb-no\/trading\/market-hours-fees\/?category=stocks\/\">Klikk her<\/a>\u00a0for mer informasjon om gebyrer. Kapitalen din er utsatt for risiko.<\/em><\/p>\n","protected":false},"excerpt":{"rendered":"<p>&nbsp; En aksjesplitt er et ganske vanlig fenomen i markedene og forekommer p\u00e5 ulike b\u00f8rser rundt i verden, til ulike tider. Denne veiledningen hjelper deg \u00e5 forst\u00e5 hva aksjesplitter er, hvordan de p\u00e5virker aksjeposisjoner og hvordan eToro h\u00e5ndterer dem p\u00e5 plattformen. Hva er en aksjesplitt? En aksjesplitt er som det h\u00f8res ut. Et selskap deler&hellip;<\/p>\n","protected":false},"author":32,"featured_media":220216,"parent":58736,"menu_order":575,"comment_status":"closed","ping_status":"closed","template":"","meta":{"_acf_changed":false,"inline_featured_image":false,"sticky_cta_settings":"","footnotes":""},"asset_type":[],"class_list":["post-151918","page","type-page","status-publish","has-post-thumbnail","hentry"],"acf":[],"yoast_head":"<title>Veiledning om aksjesplitt: Alt du trenger \u00e5 vite | eToro<\/title>\n<meta name=\"description\" content=\"En aksjesplitt er en markedshendelse der et selskap splitter aksjer i mindre enheter. Les om hvorfor dette gj\u00f8res og hvordan det skjer p\u00e5 eToro.\" \/>\n<meta name=\"robots\" content=\"index, follow, max-snippet:-1, max-image-preview:large, max-video-preview:-1\" \/>\n<link rel=\"canonical\" href=\"https:\/\/www.etoro.com\/nb-no\/wp-json\/wp\/v2\/pages\/151918\" \/>\n<meta property=\"og:locale\" content=\"nn_NO\" \/>\n<meta property=\"og:type\" content=\"article\" \/>\n<meta property=\"og:title\" content=\"Veiledning om aksjesplitt: Alt du trenger \u00e5 vite | eToro\" \/>\n<meta property=\"og:description\" content=\"En aksjesplitt er en markedshendelse der et selskap splitter aksjer i mindre enheter. Les om hvorfor dette gj\u00f8res og hvordan det skjer p\u00e5 eToro.\" \/>\n<meta property=\"og:url\" content=\"https:\/\/www.etoro.com\/nb-no\/wp-json\/wp\/v2\/pages\/151918\" \/>\n<meta property=\"og:site_name\" content=\"eToro\" \/>\n<meta property=\"article:publisher\" content=\"https:\/\/www.facebook.com\/eToro\/\" \/>\n<meta property=\"article:modified_time\" content=\"2024-08-19T13:20:56+00:00\" \/>\n<meta property=\"og:image\" content=\"https:\/\/www.etoro.com\/wp-content\/uploads\/2021\/05\/1200x630_3182.jpg\" \/>\n\t<meta property=\"og:image:width\" content=\"1200\" \/>\n\t<meta property=\"og:image:height\" content=\"630\" \/>\n\t<meta property=\"og:image:type\" content=\"image\/jpeg\" \/>\n<meta name=\"twitter:card\" content=\"summary_large_image\" \/>\n<meta name=\"twitter:site\" content=\"@eToro\" \/>\n<meta name=\"twitter:label1\" content=\"Est. reading time\" \/>\n\t<meta name=\"twitter:data1\" content=\"5 minutes\" \/>\n<script type=\"application\/ld+json\" class=\"yoast-schema-graph\">{\"@context\":\"https:\/\/schema.org\",\"@graph\":[{\"@type\":\"WebPage\",\"@id\":\"https:\/\/www.etoro.com\/nb-no\/stocks\/stock-split\/\",\"url\":\"https:\/\/www.etoro.com\/nb-no\/stocks\/stock-split\/\",\"name\":\"Veiledning om aksjesplitt: Alt du trenger \u00e5 vite | eToro\",\"isPartOf\":{\"@id\":\"https:\/\/www.etoro.com\/nb-no\/#website\"},\"primaryImageOfPage\":{\"@id\":\"https:\/\/www.etoro.com\/nb-no\/stocks\/stock-split\/#primaryimage\"},\"image\":{\"@id\":\"https:\/\/www.etoro.com\/nb-no\/stocks\/stock-split\/#primaryimage\"},\"thumbnailUrl\":\"https:\/\/www.etoro.com\/wp-content\/uploads\/2021\/05\/1200x630_3182.jpg\",\"datePublished\":\"2020-08-30T14:19:38+00:00\",\"dateModified\":\"2024-08-19T13:20:56+00:00\",\"description\":\"En aksjesplitt er en markedshendelse der et selskap splitter aksjer i mindre enheter. Les om hvorfor dette gj\u00f8res og hvordan det skjer p\u00e5 eToro.\",\"breadcrumb\":{\"@id\":\"https:\/\/www.etoro.com\/nb-no\/stocks\/stock-split\/#breadcrumb\"},\"inLanguage\":\"no\",\"potentialAction\":[{\"@type\":\"ReadAction\",\"target\":[\"https:\/\/www.etoro.com\/nb-no\/stocks\/stock-split\/\"]}]},{\"@type\":\"ImageObject\",\"inLanguage\":\"no\",\"@id\":\"https:\/\/www.etoro.com\/nb-no\/stocks\/stock-split\/#primaryimage\",\"url\":\"https:\/\/www.etoro.com\/wp-content\/uploads\/2021\/05\/1200x630_3182.jpg\",\"contentUrl\":\"https:\/\/www.etoro.com\/wp-content\/uploads\/2021\/05\/1200x630_3182.jpg\",\"width\":1200,\"height\":630},{\"@type\":\"BreadcrumbList\",\"@id\":\"https:\/\/www.etoro.com\/nb-no\/stocks\/stock-split\/#breadcrumb\",\"itemListElement\":[{\"@type\":\"ListItem\",\"position\":1,\"name\":\"Hjem\",\"item\":\"https:\/\/www.etoro.com\/nb-no\/\"},{\"@type\":\"ListItem\",\"position\":2,\"name\":\"Aksjer\",\"item\":\"https:\/\/www.etoro.com\/nb-no\/stocks\/\"},{\"@type\":\"ListItem\",\"position\":3,\"name\":\"Veiledning om aksjesplitt: Hva de er og hvordan de fungerer p\u00e5 eToro\"}]},{\"@type\":\"WebSite\",\"@id\":\"https:\/\/www.etoro.com\/nb-no\/#website\",\"url\":\"https:\/\/www.etoro.com\/nb-no\/\",\"name\":\"eToro\",\"description\":\"\",\"publisher\":{\"@id\":\"https:\/\/www.etoro.com\/nb-no\/#organization\"},\"potentialAction\":[{\"@type\":\"SearchAction\",\"target\":{\"@type\":\"EntryPoint\",\"urlTemplate\":\"https:\/\/www.etoro.com\/nb-no\/?s={search_term_string}\"},\"query-input\":{\"@type\":\"PropertyValueSpecification\",\"valueRequired\":true,\"valueName\":\"search_term_string\"}}],\"inLanguage\":\"no\"},[]]}<\/script>","yoast_head_json":{"title":"Veiledning om aksjesplitt: Alt du trenger \u00e5 vite | eToro","description":"En aksjesplitt er en markedshendelse der et selskap splitter aksjer i mindre enheter. Les om hvorfor dette gj\u00f8res og hvordan det skjer p\u00e5 eToro.","robots":{"index":"index","follow":"follow","max-snippet":"max-snippet:-1","max-image-preview":"max-image-preview:large","max-video-preview":"max-video-preview:-1"},"canonical":"https:\/\/www.etoro.com\/nb-no\/wp-json\/wp\/v2\/pages\/151918","og_locale":"nn_NO","og_type":"article","og_title":"Veiledning om aksjesplitt: Alt du trenger \u00e5 vite | eToro","og_description":"En aksjesplitt er en markedshendelse der et selskap splitter aksjer i mindre enheter. Les om hvorfor dette gj\u00f8res og hvordan det skjer p\u00e5 eToro.","og_url":"https:\/\/www.etoro.com\/nb-no\/wp-json\/wp\/v2\/pages\/151918","og_site_name":"eToro","article_publisher":"https:\/\/www.facebook.com\/eToro\/","article_modified_time":"2024-08-19T13:20:56+00:00","og_image":[{"width":1200,"height":630,"url":"https:\/\/www.etoro.com\/wp-content\/uploads\/2021\/05\/1200x630_3182.jpg","type":"image\/jpeg"}],"twitter_card":"summary_large_image","twitter_site":"@eToro","twitter_misc":{"Est. reading time":"5 minutes"},"schema":{"@context":"https:\/\/schema.org","@graph":[{"@type":"WebPage","@id":"https:\/\/www.etoro.com\/nb-no\/stocks\/stock-split\/","url":"https:\/\/www.etoro.com\/nb-no\/stocks\/stock-split\/","name":"Veiledning om aksjesplitt: Alt du trenger \u00e5 vite | eToro","isPartOf":{"@id":"https:\/\/www.etoro.com\/nb-no\/#website"},"primaryImageOfPage":{"@id":"https:\/\/www.etoro.com\/nb-no\/stocks\/stock-split\/#primaryimage"},"image":{"@id":"https:\/\/www.etoro.com\/nb-no\/stocks\/stock-split\/#primaryimage"},"thumbnailUrl":"https:\/\/www.etoro.com\/wp-content\/uploads\/2021\/05\/1200x630_3182.jpg","datePublished":"2020-08-30T14:19:38+00:00","dateModified":"2024-08-19T13:20:56+00:00","description":"En aksjesplitt er en markedshendelse der et selskap splitter aksjer i mindre enheter. Les om hvorfor dette gj\u00f8res og hvordan det skjer p\u00e5 eToro.","breadcrumb":{"@id":"https:\/\/www.etoro.com\/nb-no\/stocks\/stock-split\/#breadcrumb"},"inLanguage":"no","potentialAction":[{"@type":"ReadAction","target":["https:\/\/www.etoro.com\/nb-no\/stocks\/stock-split\/"]}]},{"@type":"ImageObject","inLanguage":"no","@id":"https:\/\/www.etoro.com\/nb-no\/stocks\/stock-split\/#primaryimage","url":"https:\/\/www.etoro.com\/wp-content\/uploads\/2021\/05\/1200x630_3182.jpg","contentUrl":"https:\/\/www.etoro.com\/wp-content\/uploads\/2021\/05\/1200x630_3182.jpg","width":1200,"height":630},{"@type":"BreadcrumbList","@id":"https:\/\/www.etoro.com\/nb-no\/stocks\/stock-split\/#breadcrumb","itemListElement":[{"@type":"ListItem","position":1,"name":"Hjem","item":"https:\/\/www.etoro.com\/nb-no\/"},{"@type":"ListItem","position":2,"name":"Aksjer","item":"https:\/\/www.etoro.com\/nb-no\/stocks\/"},{"@type":"ListItem","position":3,"name":"Veiledning om aksjesplitt: Hva de er og hvordan de fungerer p\u00e5 eToro"}]},{"@type":"WebSite","@id":"https:\/\/www.etoro.com\/nb-no\/#website","url":"https:\/\/www.etoro.com\/nb-no\/","name":"eToro","description":"","publisher":{"@id":"https:\/\/www.etoro.com\/nb-no\/#organization"},"potentialAction":[{"@type":"SearchAction","target":{"@type":"EntryPoint","urlTemplate":"https:\/\/www.etoro.com\/nb-no\/?s={search_term_string}"},"query-input":{"@type":"PropertyValueSpecification","valueRequired":true,"valueName":"search_term_string"}}],"inLanguage":"no"},[]]}},"_links":{"self":[{"href":"https:\/\/www.etoro.com\/nb-no\/wp-json\/wp\/v2\/pages\/151918"}],"collection":[{"href":"https:\/\/www.etoro.com\/nb-no\/wp-json\/wp\/v2\/pages"}],"about":[{"href":"https:\/\/www.etoro.com\/nb-no\/wp-json\/wp\/v2\/types\/page"}],"author":[{"embeddable":true,"href":"https:\/\/www.etoro.com\/nb-no\/wp-json\/wp\/v2\/users\/32"}],"replies":[{"embeddable":true,"href":"https:\/\/www.etoro.com\/nb-no\/wp-json\/wp\/v2\/comments?post=151918"}],"version-history":[{"count":0,"href":"https:\/\/www.etoro.com\/nb-no\/wp-json\/wp\/v2\/pages\/151918\/revisions"}],"up":[{"embeddable":true,"href":"https:\/\/www.etoro.com\/nb-no\/wp-json\/wp\/v2\/pages\/58736"}],"wp:featuredmedia":[{"embeddable":true,"href":"https:\/\/www.etoro.com\/nb-no\/wp-json\/wp\/v2\/media\/220216"}],"wp:attachment":[{"href":"https:\/\/www.etoro.com\/nb-no\/wp-json\/wp\/v2\/media?parent=151918"}],"wp:term":[{"taxonomy":"asset_type","embeddable":true,"href":"https:\/\/www.etoro.com\/nb-no\/wp-json\/wp\/v2\/asset_type?post=151918"}],"curies":[{"name":"wp","href":"https:\/\/api.w.org\/{rel}","templated":true}]}}