{"id":167696,"date":"2020-10-15T10:30:40","date_gmt":"2020-10-15T07:30:40","guid":{"rendered":"http:\/\/www.etoro.com\/investing\/insurance\/"},"modified":"2025-04-23T02:08:03","modified_gmt":"2025-04-22T23:08:03","slug":"insurance","status":"publish","type":"page","link":"https:\/\/www.etoro.com\/nb-no\/investing\/insurance\/","title":{"rendered":"Forsikring"},"content":{"rendered":"\n<section class=\"wp-block-group wp-block-group-boxed has-white-background-color has-background\"><div class=\"wp-block-group-inner is-layout-flow wp-block-group-is-layout-flow\">\n<div class=\"wp-block-columns are-vertically-aligned-top wp-block-columns-1 is-layout-flex wp-container-core-columns-is-layout-1 wp-block-columns-is-layout-flex\">\n<div class=\"wp-block-column is-layout-flow wp-block-column-is-layout-flow\">\n<h2 class=\"wp-block-heading\">Forsikring<\/h2>\n\n\n\n<p>Enkelte eToro-enheter tilbyr kvalifiserte kunder gratis forsikring kj\u00f8pt fra Lloyd&#8217;s of London, en av verdens ledende leverand\u00f8rer av spesialistforsikringer, som gir dekning p\u00e5 opptil 1 million EUR, AUD eller USD (avhengig av region).<\/p>\n\n\n\n<p><strong>Den gratis forsikringen er kun tilgjengelig for Platinum-, Platinum +- og Diamond Club-medlemmer, <a href=\"https:\/\/www.etoro.com\/nb-no\/about\/clubs\/\">kunder<\/a> av eToro (Europe) Ltd., eToro AUS Capital Ltd., eToro (ME) Ltd. og eToro (Seychellene) Ltd.<\/strong><\/p>\n\n\n\n<ul class=\"wp-block-list wp-block-list wp-block-list-circle\">\n<li>Forsikringen dekker krav fra kvalifiserte kunder som lider tap p\u00e5 grunn av den usannsynlige hendelsen av eToros insolvens og i tilfelle en hendelse av uredelig oppf\u00f8rsel (som definert i&nbsp;<a href=\"https:\/\/www.etoro.com\/wp-content\/uploads\/2022\/11\/Insurance-Disclosure-to-Clients-2022-.docx.pdf\">gjeldende policy<\/a>).<\/li>\n\n\n\n<li>Forsikringen dekker: (i) opp til 1 million EUR, AUD eller USD (avhengig av den regulerte enheten); (ii) opptil den samlede grensen kj\u00f8pt av eToro; og (iii) med forbehold om et overskytende bel\u00f8p (som definert i henhold til gjeldende <a href=\"https:\/\/etoro.com\/wp-content\/uploads\/2023\/01\/Insurance-Disclosure-to-Clients-2022-.docx.pdf\" rel=\"nofollow noopener noreferrer\" >polise<\/a>).<\/li>\n\n\n\n<li>M\u00e5 overstige et innledende bel\u00f8p p\u00e5 20 000 EUR, AUD eller USD.<\/li>\n\n\n\n<li>Forsikringen dekker kontanter, alle CFD-posisjoner og verdipapirer.<\/li>\n<\/ul>\n<\/div>\n<\/div>\n<\/div><\/section>\n\n\n\n<section class=\"wp-block-group wp-block-group-boxed has-dark-blue-background-color has-background\"><div class=\"wp-block-group-inner is-layout-flow wp-block-group-is-layout-flow\">\n<div class=\"wp-block-columns are-vertically-aligned-center wp-block-columns-2 is-layout-flex wp-container-core-columns-is-layout-2 wp-block-columns-is-layout-flex\">\n<div class=\"wp-block-column is-layout-flow wp-block-column-is-layout-flow\">\n<figure class=\"wp-block-image size-full\"><img loading=\"lazy\" decoding=\"async\" width=\"577\" height=\"375\" src=\"https:\/\/www.etoro.com\/wp-content\/uploads\/2025\/04\/Three-layer-protection.png\" alt=\"\" class=\"wp-image-1048942 wp-image-desktop\" srcset=\"https:\/\/www.etoro.com\/wp-content\/uploads\/2025\/04\/Three-layer-protection.png 577w, https:\/\/www.etoro.com\/wp-content\/uploads\/2025\/04\/Three-layer-protection-300x195.png 300w\" sizes=\"(max-width: 577px) 100vw, 577px\" \/><\/figure>\n<\/div>\n\n\n\n<div class=\"wp-block-column is-text-column is-layout-flow wp-block-column-is-layout-flow\">\n<h2 class=\"wp-block-heading\"><strong>Tre beskyttelseslag<\/strong><\/h2>\n\n\n\n<p>I det usannsynlige tilfellet at eToro skulle g\u00e5 konkurs, har kvalifiserte kunder* av eToro (Europe) Ltd., eToro AUS Capital Ltd., eToro (ME) Ltd. og eToro (Seychellene) Ltd. tre lag med beskyttelse.<\/p>\n\n\n\n<ul class=\"wp-block-list wp-block-list wp-block-list-circle\">\n<li>I tilfelle insolvens vil den tildelte likvidatoren administrere eToros eiendeler og pengefordeling blant kundene, hvis aktuelt.<\/li>\n\n\n\n<li>Regulatorisk beskyttelse: For kunder av eToro (Europe) Ltd. (regulert av CySEC), gjelder visse regulatoriske ordninger (ICF), som kompenserer kunder i tilfelle insolvens og mangel p\u00e5 klientmidler p\u00e5 opptil $20 000.<\/li>\n\n\n\n<li>Privat forsikring: Denne investeringsforsikringen, som tilbys av Lloyd&#8217;s of London, dekker tap som f\u00f8lge av insolvens, med en egenandel p\u00e5 opptil 1 million EUR\/AUD\/USD per kunde*, som beskrevet ovenfor.<\/li>\n<\/ul>\n\n\n\n<p class=\"is-style-disclaimer\">*Den gratis forsikringen er kun tilgjengelig for Platinum-, Platinum +- og Diamond Club-medlemmer, <a href=\"https:\/\/www.etoro.com\/nb-no\/about\/clubs\/\">kunder<\/a> av eToro (Europe) Ltd., eToro AUS Capital Ltd., eToro (ME) Ltd. og eToro (Seychellene) Ltd.<\/p>\n<\/div>\n<\/div>\n<\/div><\/section>\n\n\n\n<section class=\"wp-block-group wp-block-group-boxed\"><div class=\"wp-block-group-inner is-layout-flow wp-block-group-is-layout-flow\">\n<div class=\"wp-block-columns are-vertically-aligned-top wp-block-columns-1 is-layout-flex wp-container-core-columns-is-layout-3 wp-block-columns-is-layout-flex\">\n<div class=\"wp-block-column is-layout-flow wp-block-column-is-layout-flow\">\n<h2 class=\"wp-block-heading has-text-align-center\"><strong>eToro tilbyr ekstra tjenester, som:<\/strong><\/h2>\n<\/div>\n<\/div>\n<\/div><\/section>\n\n\n\n<section class=\"wp-block-group wp-block-group-boxed has-white-background-color has-background\"><div class=\"wp-block-group-inner is-layout-flow wp-block-group-is-layout-flow\">\n<div class=\"wp-block-columns are-vertically-aligned-center wp-block-columns-2 is-swapped-on-mobile is-layout-flex wp-container-core-columns-is-layout-4 wp-block-columns-is-layout-flex\">\n<div class=\"wp-block-column is-layout-flow wp-block-column-is-layout-flow\">\n<h2 class=\"wp-block-heading\">Pengene dine oppbevares p\u00e5 en adskilt konto<\/h2>\n\n\n\n<p>eToros f\u00f8rsteprioritet er \u00e5 s\u00f8rge for sikkerheten til sine klienter og deres penger. Derfor blir hvert eneste \u00f8re som settes inn av en klient oppbevart i en separat, adskilt konto. Det betyr at i den sv\u00e6rt usannsynlige situasjonen at eToro blir insolvent, vil pengene dine v\u00e6re trygge.<\/p>\n<\/div>\n\n\n\n<div class=\"wp-block-column is-layout-flow wp-block-column-is-layout-flow\">\n<figure class=\"wp-block-image size-full\"><img loading=\"lazy\" decoding=\"async\" width=\"578\" height=\"375\" src=\"https:\/\/www.etoro.com\/wp-content\/uploads\/2025\/04\/Segregated-Account.png\" alt=\"\" class=\"wp-image-1048971 wp-image-desktop\" srcset=\"https:\/\/www.etoro.com\/wp-content\/uploads\/2025\/04\/Segregated-Account.png 578w, https:\/\/www.etoro.com\/wp-content\/uploads\/2025\/04\/Segregated-Account-300x195.png 300w\" sizes=\"(max-width: 578px) 100vw, 578px\" \/><\/figure>\n<\/div>\n<\/div>\n<\/div><\/section>\n\n\n\n<section class=\"wp-block-group wp-block-group-boxed has-white-background-color has-background\"><div class=\"wp-block-group-inner is-layout-flow wp-block-group-is-layout-flow\">\n<div class=\"wp-block-columns are-vertically-aligned-center wp-block-columns-2 is-layout-flex wp-container-core-columns-is-layout-5 wp-block-columns-is-layout-flex\">\n<div class=\"wp-block-column is-layout-flow wp-block-column-is-layout-flow\">\n<figure class=\"wp-block-image size-full\"><img loading=\"lazy\" decoding=\"async\" width=\"576\" height=\"394\" src=\"https:\/\/www.etoro.com\/wp-content\/uploads\/2025\/04\/100-K-Demo-account.png\" alt=\"\" class=\"wp-image-1049040 wp-image-desktop\" srcset=\"https:\/\/www.etoro.com\/wp-content\/uploads\/2025\/04\/100-K-Demo-account.png 576w, https:\/\/www.etoro.com\/wp-content\/uploads\/2025\/04\/100-K-Demo-account-300x205.png 300w\" sizes=\"(max-width: 576px) 100vw, 576px\" \/><\/figure>\n<\/div>\n\n\n\n<div class=\"wp-block-column is-layout-flow wp-block-column-is-layout-flow\">\n<h2 class=\"wp-block-heading\">Gratis $100K demokonto<\/h2>\n\n\n\n<p>Utforsk hvor enkel eToros plattform er i bruk med en GRATIS demokonto p\u00e5 100&nbsp;000 amerikanske dollar. \u00c5pne og lukk handler, bygg opp en virtuell portef\u00f8lje med&nbsp;<a href=\"https:\/\/etoro.com\/nb-no\/stocks\/\" rel=\"nofollow noopener noreferrer\" >aksjer<\/a>&nbsp;og andre aktivaklasser, s\u00e5 du kan finpusse p\u00e5 ferdighetene dine innen trading og investering.<\/p>\n<\/div>\n<\/div>\n<\/div><\/section>\n\n\n\n<section class=\"wp-block-group wp-block-group-boxed has-white-background-color has-background\"><div class=\"wp-block-group-inner is-layout-flow wp-block-group-is-layout-flow\">\n<div class=\"wp-block-columns are-vertically-aligned-top wp-block-columns-1 is-layout-flex wp-container-core-columns-is-layout-6 wp-block-columns-is-layout-flex\">\n<div class=\"wp-block-column is-layout-flow wp-block-column-is-layout-flow\">\n<p class=\"has-text-align-center\">Underlagt vilk\u00e5r og betingelser. For mer informasjon kan du se eToro-forsikringens\u00a0<a href=\"https:\/\/www.etoro.com\/wp-content\/uploads\/2025\/02\/Insurance-Disclosure-to-Clients-2025.pdf\" target=\"_blank\" rel=\"noreferrer noopener\">vilk\u00e5r og betingelser<\/a>.<\/p>\n\n\n\n<div class=\"wp-block-buttons is-content-justification-center is-layout-flex wp-container-core-buttons-is-layout-1 wp-block-buttons-is-layout-flex\">\n<a class=\"e-cta e-cta-primary\" href=\"https:\/\/www.etoro.com\/nb-no\/accounts\/sign-up\">Kom i gang<\/a>\n<\/div>\n<\/div>\n<\/div>\n<\/div><\/section>\n\n\n\n<section class=\"wp-block-group wp-block-group-boxed has-white-background-color has-background\"><div class=\"wp-block-group-inner is-layout-flow wp-block-group-is-layout-flow\">\n<div class=\"wp-block-columns are-vertically-aligned-top wp-block-columns-1 is-layout-flex wp-container-core-columns-is-layout-7 wp-block-columns-is-layout-flex\">\n<div class=\"wp-block-column is-layout-flow wp-block-column-is-layout-flow\">\n<h2 class=\"wp-block-heading has-text-align-center\">eToro-forsikring \u2014 Vanlige sp\u00f8rsm\u00e5l<\/h2>\n\n\n\n<dl class=\"wp-block-etoro-faq\">\n<div class=\"wp-block-etoro-faq-item\"><dt class=\"wp-block-etoro-faq-item-question\">Hvilke produkter dekkes av forsikringen?<\/dt><dd class=\"wp-block-etoro-faq-item-answer\">\n<p>Forsikringen dekker kontanter, alle CFD-posisjoner og verdipapirer. Merk at EKTE kryptovalutaposisjoner (ikke-CFD) ikke dekkes av investeringsforsikring.<\/p>\n<\/dd><\/div>\n\n\n\n<div class=\"wp-block-etoro-faq-item\"><dt class=\"wp-block-etoro-faq-item-question\">Hvem dekker forsikringen?<\/dt><dd class=\"wp-block-etoro-faq-item-answer\">\n<p>Forsikringen er kun tilgjengelig for Platinum-, Platinum +- og Diamond Club-medlemmer, <a href=\"https:\/\/etoro.com\/nb-no\/about\/club\/\" rel=\"nofollow noopener noreferrer\" >kunder<\/a> av eToro (Europe) Ltd., eToro AUS Capital Ltd., eToro (ME) Ltd. og eToro (Seychellene) Ltd.<\/p>\n<\/dd><\/div>\n\n\n\n<div class=\"wp-block-etoro-faq-item\"><dt class=\"wp-block-etoro-faq-item-question\">Har den en utl\u00f8psdato?<\/dt><dd class=\"wp-block-etoro-faq-item-answer\">\n<p>Nei. Forsikringen kan imidlertid trekkes tilbake etter eToros skj\u00f8nn n\u00e5r som helst i fremtiden. Forh\u00e5ndsvarsel er ikke n\u00f8dvendig.<\/p>\n<\/dd><\/div>\n\n\n\n<div class=\"wp-block-etoro-faq-item\"><dt class=\"wp-block-etoro-faq-item-question\">N\u00e5r utl\u00f8ses forsikringen?<\/dt><dd class=\"wp-block-etoro-faq-item-answer\">\n<p>Forsikringen kan utl\u00f8ses i det usannsynlige tilfellet av eToros insolvens.<\/p>\n<\/dd><\/div>\n\n\n\n<div class=\"wp-block-etoro-faq-item\"><dt class=\"wp-block-etoro-faq-item-question\">Hvordan oppbevarer eToro pengene mine?<\/dt><dd class=\"wp-block-etoro-faq-item-answer\">\n<p>For \u00e5 beskytte midlene dine, holder eToro dem p\u00e5 en fullstendig adskilt konto i en niv\u00e5-1 bank eller et kvalifisert pengemarkedsfond.<\/p>\n<\/dd><\/div>\n<\/dl>\n<\/div>\n<\/div>\n<\/div><\/section>\n","protected":false},"excerpt":{"rendered":"<p>Forsikring Enkelte eToro-enheter tilbyr kvalifiserte kunder gratis forsikring kj\u00f8pt fra Lloyd&#8217;s of London, en av verdens ledende leverand\u00f8rer av spesialistforsikringer, som gir dekning p\u00e5 opptil 1 million EUR, AUD eller USD (avhengig av region). Den gratis forsikringen er kun tilgjengelig for Platinum-, Platinum +- og Diamond Club-medlemmer, kunder av eToro (Europe) Ltd., eToro AUS Capital&hellip;<\/p>\n","protected":false},"author":39,"featured_media":0,"parent":19766,"menu_order":496,"comment_status":"closed","ping_status":"closed","template":"","meta":{"_acf_changed":true,"inline_featured_image":false,"sticky_cta_settings":"","footnotes":""},"asset_type":[],"class_list":["post-167696","page","type-page","status-publish","hentry"],"acf":[],"yoast_head":"<title>GRATIS investeringsforsikring for eToro-klienter<\/title>\n<meta name=\"description\" content=\"Dra nytte av et ekstra beskyttelseslag: eToro tilbyr GRATIS forsikring p\u00e5 inntil 1 million euro\/GBP\/AUD, avhengig av regulering.\" \/>\n<meta name=\"robots\" content=\"noindex, follow\" \/>\n<meta property=\"og:locale\" content=\"nn_NO\" \/>\n<meta property=\"og:type\" content=\"article\" \/>\n<meta property=\"og:title\" content=\"GRATIS investeringsforsikring for eToro-klienter\" \/>\n<meta property=\"og:description\" content=\"Dra nytte av et ekstra beskyttelseslag: eToro tilbyr GRATIS forsikring p\u00e5 inntil 1 million euro\/GBP\/AUD, avhengig av regulering.\" \/>\n<meta property=\"og:url\" content=\"https:\/\/www.etoro.com\/nb-no\/wp-json\/wp\/v2\/pages\/167696\" \/>\n<meta property=\"og:site_name\" content=\"eToro\" \/>\n<meta property=\"article:publisher\" content=\"https:\/\/www.facebook.com\/eToro\/\" \/>\n<meta property=\"article:modified_time\" content=\"2025-04-22T23:08:03+00:00\" \/>\n<meta property=\"og:image\" content=\"https:\/\/www.etoro.com\/wp-content\/uploads\/2025\/04\/Three-layer-protection.png\" \/>\n\t<meta property=\"og:image:width\" content=\"577\" \/>\n\t<meta property=\"og:image:height\" content=\"375\" \/>\n\t<meta property=\"og:image:type\" content=\"image\/png\" \/>\n<meta name=\"twitter:card\" content=\"summary_large_image\" \/>\n<meta name=\"twitter:site\" content=\"@eToro\" \/>\n<meta name=\"twitter:label1\" content=\"Est. reading time\" \/>\n\t<meta name=\"twitter:data1\" content=\"3 minutes\" \/>\n<script type=\"application\/ld+json\" class=\"yoast-schema-graph\">{\"@context\":\"https:\/\/schema.org\",\"@graph\":[{\"@type\":\"WebPage\",\"@id\":\"https:\/\/www.etoro.com\/nb-no\/investing\/insurance\/\",\"url\":\"https:\/\/www.etoro.com\/nb-no\/investing\/insurance\/\",\"name\":\"GRATIS investeringsforsikring for eToro-klienter\",\"isPartOf\":{\"@id\":\"https:\/\/www.etoro.com\/nb-no\/#website\"},\"primaryImageOfPage\":{\"@id\":\"https:\/\/www.etoro.com\/nb-no\/investing\/insurance\/#primaryimage\"},\"image\":{\"@id\":\"https:\/\/www.etoro.com\/nb-no\/investing\/insurance\/#primaryimage\"},\"thumbnailUrl\":\"https:\/\/www.etoro.com\/wp-content\/uploads\/2025\/04\/Three-layer-protection.png\",\"datePublished\":\"2020-10-15T07:30:40+00:00\",\"dateModified\":\"2025-04-22T23:08:03+00:00\",\"description\":\"Dra nytte av et ekstra beskyttelseslag: eToro tilbyr GRATIS forsikring p\u00e5 inntil 1 million euro\/GBP\/AUD, avhengig av regulering.\",\"breadcrumb\":{\"@id\":\"https:\/\/www.etoro.com\/nb-no\/investing\/insurance\/#breadcrumb\"},\"inLanguage\":\"no\",\"potentialAction\":[{\"@type\":\"ReadAction\",\"target\":[\"https:\/\/www.etoro.com\/nb-no\/investing\/insurance\/\"]}]},{\"@type\":\"ImageObject\",\"inLanguage\":\"no\",\"@id\":\"https:\/\/www.etoro.com\/nb-no\/investing\/insurance\/#primaryimage\",\"url\":\"https:\/\/www.etoro.com\/wp-content\/uploads\/2025\/04\/Three-layer-protection.png\",\"contentUrl\":\"https:\/\/www.etoro.com\/wp-content\/uploads\/2025\/04\/Three-layer-protection.png\"},{\"@type\":\"BreadcrumbList\",\"@id\":\"https:\/\/www.etoro.com\/nb-no\/investing\/insurance\/#breadcrumb\",\"itemListElement\":[{\"@type\":\"ListItem\",\"position\":1,\"name\":\"Hjem\",\"item\":\"https:\/\/www.etoro.com\/nb-no\/\"},{\"@type\":\"ListItem\",\"position\":2,\"name\":\"Investering\",\"item\":\"https:\/\/www.etoro.com\/nb-no\/investing\/\"},{\"@type\":\"ListItem\",\"position\":3,\"name\":\"Forsikring\"}]},{\"@type\":\"WebSite\",\"@id\":\"https:\/\/www.etoro.com\/nb-no\/#website\",\"url\":\"https:\/\/www.etoro.com\/nb-no\/\",\"name\":\"eToro\",\"description\":\"\",\"publisher\":{\"@id\":\"https:\/\/www.etoro.com\/nb-no\/#organization\"},\"potentialAction\":[{\"@type\":\"SearchAction\",\"target\":{\"@type\":\"EntryPoint\",\"urlTemplate\":\"https:\/\/www.etoro.com\/nb-no\/?s={search_term_string}\"},\"query-input\":{\"@type\":\"PropertyValueSpecification\",\"valueRequired\":true,\"valueName\":\"search_term_string\"}}],\"inLanguage\":\"no\"},[]]}<\/script>","yoast_head_json":{"title":"GRATIS investeringsforsikring for eToro-klienter","description":"Dra nytte av et ekstra beskyttelseslag: eToro tilbyr GRATIS forsikring p\u00e5 inntil 1 million euro\/GBP\/AUD, avhengig av regulering.","robots":{"index":"noindex","follow":"follow"},"og_locale":"nn_NO","og_type":"article","og_title":"GRATIS investeringsforsikring for eToro-klienter","og_description":"Dra nytte av et ekstra beskyttelseslag: eToro tilbyr GRATIS forsikring p\u00e5 inntil 1 million euro\/GBP\/AUD, avhengig av regulering.","og_url":"https:\/\/www.etoro.com\/nb-no\/wp-json\/wp\/v2\/pages\/167696","og_site_name":"eToro","article_publisher":"https:\/\/www.facebook.com\/eToro\/","article_modified_time":"2025-04-22T23:08:03+00:00","og_image":[{"width":577,"height":375,"url":"https:\/\/www.etoro.com\/wp-content\/uploads\/2025\/04\/Three-layer-protection.png","type":"image\/png"}],"twitter_card":"summary_large_image","twitter_site":"@eToro","twitter_misc":{"Est. reading time":"3 minutes"},"schema":{"@context":"https:\/\/schema.org","@graph":[{"@type":"WebPage","@id":"https:\/\/www.etoro.com\/nb-no\/investing\/insurance\/","url":"https:\/\/www.etoro.com\/nb-no\/investing\/insurance\/","name":"GRATIS investeringsforsikring for eToro-klienter","isPartOf":{"@id":"https:\/\/www.etoro.com\/nb-no\/#website"},"primaryImageOfPage":{"@id":"https:\/\/www.etoro.com\/nb-no\/investing\/insurance\/#primaryimage"},"image":{"@id":"https:\/\/www.etoro.com\/nb-no\/investing\/insurance\/#primaryimage"},"thumbnailUrl":"https:\/\/www.etoro.com\/wp-content\/uploads\/2025\/04\/Three-layer-protection.png","datePublished":"2020-10-15T07:30:40+00:00","dateModified":"2025-04-22T23:08:03+00:00","description":"Dra nytte av et ekstra beskyttelseslag: eToro tilbyr GRATIS forsikring p\u00e5 inntil 1 million euro\/GBP\/AUD, avhengig av regulering.","breadcrumb":{"@id":"https:\/\/www.etoro.com\/nb-no\/investing\/insurance\/#breadcrumb"},"inLanguage":"no","potentialAction":[{"@type":"ReadAction","target":["https:\/\/www.etoro.com\/nb-no\/investing\/insurance\/"]}]},{"@type":"ImageObject","inLanguage":"no","@id":"https:\/\/www.etoro.com\/nb-no\/investing\/insurance\/#primaryimage","url":"https:\/\/www.etoro.com\/wp-content\/uploads\/2025\/04\/Three-layer-protection.png","contentUrl":"https:\/\/www.etoro.com\/wp-content\/uploads\/2025\/04\/Three-layer-protection.png"},{"@type":"BreadcrumbList","@id":"https:\/\/www.etoro.com\/nb-no\/investing\/insurance\/#breadcrumb","itemListElement":[{"@type":"ListItem","position":1,"name":"Hjem","item":"https:\/\/www.etoro.com\/nb-no\/"},{"@type":"ListItem","position":2,"name":"Investering","item":"https:\/\/www.etoro.com\/nb-no\/investing\/"},{"@type":"ListItem","position":3,"name":"Forsikring"}]},{"@type":"WebSite","@id":"https:\/\/www.etoro.com\/nb-no\/#website","url":"https:\/\/www.etoro.com\/nb-no\/","name":"eToro","description":"","publisher":{"@id":"https:\/\/www.etoro.com\/nb-no\/#organization"},"potentialAction":[{"@type":"SearchAction","target":{"@type":"EntryPoint","urlTemplate":"https:\/\/www.etoro.com\/nb-no\/?s={search_term_string}"},"query-input":{"@type":"PropertyValueSpecification","valueRequired":true,"valueName":"search_term_string"}}],"inLanguage":"no"},[]]}},"_links":{"self":[{"href":"https:\/\/www.etoro.com\/nb-no\/wp-json\/wp\/v2\/pages\/167696"}],"collection":[{"href":"https:\/\/www.etoro.com\/nb-no\/wp-json\/wp\/v2\/pages"}],"about":[{"href":"https:\/\/www.etoro.com\/nb-no\/wp-json\/wp\/v2\/types\/page"}],"author":[{"embeddable":true,"href":"https:\/\/www.etoro.com\/nb-no\/wp-json\/wp\/v2\/users\/39"}],"replies":[{"embeddable":true,"href":"https:\/\/www.etoro.com\/nb-no\/wp-json\/wp\/v2\/comments?post=167696"}],"version-history":[{"count":0,"href":"https:\/\/www.etoro.com\/nb-no\/wp-json\/wp\/v2\/pages\/167696\/revisions"}],"up":[{"embeddable":true,"href":"https:\/\/www.etoro.com\/nb-no\/wp-json\/wp\/v2\/pages\/19766"}],"wp:attachment":[{"href":"https:\/\/www.etoro.com\/nb-no\/wp-json\/wp\/v2\/media?parent=167696"}],"wp:term":[{"taxonomy":"asset_type","embeddable":true,"href":"https:\/\/www.etoro.com\/nb-no\/wp-json\/wp\/v2\/asset_type?post=167696"}],"curies":[{"name":"wp","href":"https:\/\/api.w.org\/{rel}","templated":true}]}}