{"id":16921,"date":"2017-11-14T09:35:22","date_gmt":"2017-11-14T07:35:22","guid":{"rendered":"\/etoro\/how-it-works\/"},"modified":"2025-12-01T16:42:40","modified_gmt":"2025-12-01T14:42:40","slug":"how-it-works","status":"publish","type":"page","link":"https:\/\/www.etoro.com\/nb-no\/copytrader\/how-it-works\/","title":{"rendered":"Forklaring av eToros kopisystemer"},"content":{"rendered":"\n<section class=\"wp-block-group wp-block-group-boxed has-white-background-color has-background\"><div class=\"wp-block-group-inner is-layout-flow wp-block-group-is-layout-flow\">\n<div class=\"wp-block-columns are-vertically-aligned-top wp-block-columns-1 is-layout-flex wp-container-core-columns-is-layout-2 wp-block-columns-is-layout-flex\">\n<div class=\"wp-block-column is-layout-flow wp-block-column-is-layout-flow\">\n<p>eToro-plattformen skiller seg ut med funksjoner for sosial handel, med innovative m\u00e5ter \u00e5 investere ved \u00e5 l\u00e6re av andre. Oppdag hvordan <strong>CopyTrader<\/strong> kan hjelpe deg \u00e5 utforske nye strategier og utvide handelspotensialet ditt.<\/p>\n\n\n\n<h2 class=\"wp-block-heading\">Grunnleggende om Copy Trading<\/h2>\n\n\n\n<p>Konseptet er enkelt: velg en trader, investeringsbel\u00f8pet ditt og trykk p\u00e5 \u00abKopier\u00bb. Denne siden vil forklare deg systemet mer detaljert.&nbsp;<\/p>\n\n\n\n<p><strong>Viktige begreper \u00e5 kjenne til:<\/strong><\/p>\n\n\n\n<ul class=\"wp-block-list wp-block-list wp-block-list-circle\">\n<li><strong>Kopiere<\/strong>: handlingen med \u00e5 kopiere en annen investor p\u00e5 eToro<\/li>\n\n\n\n<li><strong>Kopierer<\/strong>: brukeren som kopierer\u00a0<\/li>\n<\/ul>\n\n\n\n<p><strong>Kopiert trader<\/strong>: brukeren som kopieres, ogs\u00e5 kjent som en Popular Investor. <strong>Bare Popular Investors kan kopieres.<\/strong><\/p>\n\n\n\n<div class=\"wp-block-columns are-vertically-aligned-top wp-block-columns-4 is-layout-flex wp-container-core-columns-is-layout-1 wp-block-columns-is-layout-flex\">\n<div class=\"wp-block-column wp-block-column-align-desktop-center wp-block-column-align-mobile-center is-layout-flow wp-block-column-is-layout-flow\">\n<p><strong>200 USD<\/strong><\/p>\n\n\n\n<p>Minimumsinvestering per trader<\/p>\n<\/div>\n\n\n\n<div class=\"wp-block-column wp-block-column-align-desktop-center wp-block-column-align-mobile-center is-layout-flow wp-block-column-is-layout-flow\">\n<p><strong>1 USD<\/strong><\/p>\n\n\n\n<p>Minimumsbel\u00f8p per kopiposisjon<\/p>\n<\/div>\n\n\n\n<div class=\"wp-block-column wp-block-column-align-desktop-center wp-block-column-align-mobile-center is-layout-flow wp-block-column-is-layout-flow\">\n<p><strong>2 000 000 USD<\/strong><\/p>\n\n\n\n<p>Maks investering per trader<\/p>\n<\/div>\n\n\n\n<div class=\"wp-block-column wp-block-column-align-desktop-center wp-block-column-align-mobile-center is-layout-flow wp-block-column-is-layout-flow\">\n<p><strong>100<\/strong><\/p>\n\n\n\n<p>Maks antall tradere du kan kopiere<\/p>\n<\/div>\n<\/div>\n\n\n\n<h2 class=\"wp-block-heading\">Start en ny kopi<\/h2>\n\n\n\n<p>N\u00e5r du starter en ny kopi, vil posisjonen din v\u00e6re lik allokeringen i den kopierte traderens portef\u00f8lje, slik at de blir p\u00e5 linje. Kopierte portef\u00f8ljer gjenskaper eksakte prosentvise allokeringer av den kopierte investorens samlede egenkapital, inkludert aktivabeholdning, ikke-allokerte penger og urealisert fortjeneste og tap.<\/p>\n\n\n\n<ul class=\"wp-block-list wp-block-list wp-block-list-circle\">\n<li>Fra \u00f8yeblikket du begynner \u00e5 kopiere, vil kopiinvesteringen din speile den kopierte traderens n\u00e5v\u00e6rende posisjoner og fremtidige handlinger \u2013 ogs\u00e5 endringer i stop loss (SL), take profit (TP) og handelsavslutninger. Hvis den kopierte traderen forlenger en SL ved \u00e5 legge til penger i en posisjon, vil SL-en din ogs\u00e5 oppdateres, men det investerte bel\u00f8pet ditt forblir uendret.<\/li>\n\n\n\n<li>For \u00e5 se alle handlene som er kopiert fra \u00e9n enkelt trader, g\u00e5 til portef\u00f8ljen din og klikk p\u00e5 navnet til den aktuelle Popular Investoren.\u00a0<\/li>\n\n\n\n<li>Du kan lukke en spesifikk kopiert handel uten \u00e5 lukke hele kopi-posisjonen.<\/li>\n\n\n\n<li>Hvis den kopierte traderen \u00e5pner en posisjon mens markedet er stengt (for eksempel i en markedspause), vil det plasseres en markedsordre for deg, som utf\u00f8res til den f\u00f8rste tilgjengelige markedskursen n\u00e5r markedet \u00e5pner igjen.<\/li>\n\n\n\n<li>Du kan n\u00e5r som helst velge \u00e5 stoppe kopieringen<\/li>\n<\/ul>\n\n\n\n<p>Merk: Alle handler som er inkludert i kopien, vil \u00e5pnes samtidig p\u00e5 kontoen din. I starten kan du se et lite tap, som gjenspeiler spread mellom kj\u00f8ps- og salgskurs. Dette gir en sanntidsrepresentasjon av bel\u00f8pet du ville mottatt hvis du avsluttet handelen umiddelbart.&nbsp;<\/p>\n\n\n\n<p>Nye handler \u00e5pnes basert p\u00e5 realisert egenkapital (din saldo pluss investerte midler). Hvis for eksempel den kopierte traderen \u00e5pner en handel med 10&nbsp;% av sin realiserte egenkapital, vil din kopi \u00e5pne den samme handelen med 10&nbsp;% av din realiserte egenkapital.<\/p>\n\n\n\n<h2 class=\"wp-block-heading\">Hold deg synkronisert, automatisk<\/h2>\n\n\n\n<p>Automatisk omallokering bidrar til \u00e5 holde investeringen din p\u00e5 linje med portef\u00f8ljen til traderen du kopierer. N\u00e5r en Popular Investor du kopierer gj\u00f8r endringer, oppdateres kopiposisjonen din for \u00e5 sikre at portef\u00f8ljen din gjenspeiler den kopierte traderens n\u00e5v\u00e6rende posisjoner og strategi.<\/p>\n\n\n\n<p>Omfordeling utl\u00f8ses ved f\u00f8lgende hendelser:<\/p>\n\n\n\n<ul class=\"wp-block-list wp-block-list wp-block-list-circle\">\n<li><strong>Legge til penger<\/strong><\/li>\n\n\n\n<li><strong>Ta ut penger midler<\/strong><\/li>\n\n\n\n<li><strong>Gjenoppta en midlertidig stoppet kopi<\/strong><\/li>\n\n\n\n<li><strong>Den kopierte traderen gj\u00f8r uttak<\/strong><\/li>\n\n\n\n<li><strong>Innskudd fra den kopierte traderen.<\/strong> Merk at denne omfordelingen skjer med en forsinkelse p\u00e5 48 timer, noe som gir deg tid til \u00e5 legge til mer penger, hvis du ogs\u00e5 \u00f8nsker det.<\/li>\n\n\n\n<li><strong>Markedsbevegelser<\/strong> som p\u00e5virker den kopierte traderens portef\u00f8ljeallokering vil ogs\u00e5 gjenspeiles i kopien.<br><\/li>\n<\/ul>\n\n\n\n<p>Merk at eksisterende posisjoner kan \u00e5pnes eller lukkes automatisk for \u00e5 matche riktig aktivavekting, og gevinster eller tap kan realiseres som f\u00f8lge av disse automatiske justeringene.<br>&nbsp;<\/p>\n\n\n\n<p>Mens omallokeringen p\u00e5g\u00e5r, vil du ikke kunne legge til eller ta ut penger, lukke individuelle posisjoner eller sette kopien p\u00e5 pause. Dette gj\u00f8r at systemet fullt ut kan matche den oppdaterte portef\u00f8ljen til den kopierte traderen.<\/p>\n\n\n\n<p>Du vil motta et varsel i appen n\u00e5r omfordelingen er ferdig. Prosessen er fullf\u00f8rt i l\u00f8pet av <strong>opptil 7 virkedager<\/strong>, s\u00e5 kan du fortsette \u00e5 administrere kopien din som vanlig.<\/p>\n\n\n\n<h2 class=\"wp-block-heading\">Kontroller risiko med kopi-stop loss<\/h2>\n\n\n\n<p>Kopi-stop loss (CSL) er en innebygd risikostyringsfunksjon som lar deg angi en stop loss-prosent p\u00e5 tvers av hele kopien for \u00e5 beskytte investeringen din basert p\u00e5 fortjeneste og tap i sanntid. Hvis verdien av kopien din faller under det angitte bel\u00f8pet, vil systemet automatisk lukke kopien og returnere resten av pengene til saldoen din.<\/p>\n\n\n\n<ul class=\"wp-block-list wp-block-list wp-block-list-circle\">\n<li>Som standard er CSL satt til 40\u00a0% av det investerte bel\u00f8pet ditt.\u00a0<\/li>\n\n\n\n<li>Du kan manuelt justere CSL til mellom 5\u00a0% og 95\u00a0% av det investerte bel\u00f8pet.<\/li>\n<\/ul>\n\n\n\n<p>Eksempel: Du kopierer Trader A med 1&nbsp;000&nbsp;USD. Du setter CSL til 60&nbsp;%, som tilsvarer 600 dollar. Hvis den totale egenkapitalen (inkludert urealisert P\/L) faller til 600&nbsp;USD, vil alle posisjoner lukkes automatisk og 600&nbsp;USD vil returneres til saldoen din.<\/p>\n\n\n\n<p>Merk at systemet ikke lar deg sette en s\u00e5 lav CSL at det kan utl\u00f8se umiddelbar avslutning av kopihandelen. Dessuten vil det \u00e5 legge til eller fjerne midler fra den kopierte traderen utl\u00f8se ny beregning av CSL-verdien, som en prosentandel av det nye kopibel\u00f8pet.<\/p>\n\n\n\n<p><strong>Hva skjer n\u00e5r CSL utl\u00f8ses?<\/strong><\/p>\n\n\n\n<p>Hvis kopien din n\u00e5r CSL-terskelen p\u00e5 grunn av urealisert tap, vil alle posisjoner i kopiforholdet lukkes. I Historikk-fanen din vil lukkede handler v\u00e6re merket med \u00abCSL\u00bb i \u00abLukk\u00bb-kolonnen.<\/p>\n\n\n\n<figure class=\"wp-block-image aligncenter\"><img loading=\"lazy\" decoding=\"async\" width=\"1057\" height=\"321\" src=\"\/wp-content\/uploads\/2017\/12\/copysystemexplain-image1.png\" alt=\"\" class=\"wp-image-19348 wp-image-desktop\" srcset=\"https:\/\/www.etoro.com\/wp-content\/uploads\/2017\/12\/copysystemexplain-image1.png 1057w, https:\/\/www.etoro.com\/wp-content\/uploads\/2017\/12\/copysystemexplain-image1-300x91.png 300w, https:\/\/www.etoro.com\/wp-content\/uploads\/2017\/12\/copysystemexplain-image1-768x233.png 768w, https:\/\/www.etoro.com\/wp-content\/uploads\/2017\/12\/copysystemexplain-image1-1024x311.png 1024w\" sizes=\"(max-width: 1057px) 100vw, 1057px\" \/><\/figure>\n\n\n\n<p><br><strong>Slik er kopi-stop loss unikt<\/strong><\/p>\n\n\n\n<p>CSL er utformet for \u00e5 begrense den totale eksponeringen din mot en enkelttrader. Siden kopierte handler er beskyttet av CSL, kan vi gi dem mer fleksibilitet for stop loss (SL).<\/p>\n\n\n\n<p>I vanlige handler vil det \u00e5 \u00f8ke SL utover minimumskravet medf\u00f8re at det trekkes mer penger fra saldoen din for \u00e5 st\u00f8tte handelen. I kopihandler, hvis den kopierte traderen \u00f8ker sin SL, trekkes det ikke ytterligere midler fra kopibel\u00f8pet ditt. Dette betyr at:<\/p>\n\n\n\n<ul class=\"wp-block-list wp-block-list wp-block-list-circle\">\n<li>\u00c9n enkelt handel kan g\u00e5 i tap med 200\u00a0% eller til og med 300\u00a0% uten \u00e5 bli stoppet, noe som gir den en bedre sjanse til \u00e5 komme seg.<\/li>\n\n\n\n<li>Kopisaldoen din har midler til \u00e5 st\u00f8tte videre handel.<\/li>\n<\/ul>\n\n\n\n<p>Men hvis det totale urealiserte tapet i kopiforholdet n\u00e5r CSL-en du har angitt, vil alle posisjoner lukkes og kopiforholdet vil opph\u00f8re. Gevinst\/tap for den kopierte handelen beregnes i henhold til det opprinnelige investerte bel\u00f8pet.<\/p>\n\n\n\n<h2 class=\"wp-block-heading\">Juster investeringen din n\u00e5r som helst<\/h2>\n\n\n\n<p>Du kan n\u00e5r som helst \u00f8ke kopiinvesteringen din ved <strong>\u00e5 legge til midler<\/strong>, som vil bli proporsjonalt justert i portef\u00f8ljen din. P\u00e5 samme m\u00e5te har du muligheten til \u00e5 <strong>fjerne midler <\/strong>fra kopien (og samtidig opprettholde kopiens minimumsinvestering), som vil bli flyttet tilbake til din tilgjengelige saldo. (Som nevnt ovenfor, utl\u00f8ser det \u00e5 legge til eller fjerne midler fra en kopiposisjon automatisk omfordeling.)<\/p>\n\n\n\n<h2 class=\"wp-block-heading\">Stopp kopieringen \u2013 eller bare sett p\u00e5 pause<\/h2>\n\n\n\n<p>Du har alltid kontroll over investeringene dine, og du kan n\u00e5r som helst stoppe kopieringen.&nbsp;<\/p>\n\n\n\n<p>Husk at du kan <strong>lukke spesifikke handler innenfor en kopiposisjon<\/strong> uten \u00e5 lukke hele kopien. Midlene fra denne posisjonen krediteres tilbake til kopisaldoen din.<\/p>\n\n\n\n<p>Hvis du \u00f8nsker \u00e5 <strong>slutte \u00e5 kopiere en trader<\/strong> helt, velger du \u00abAvslutt kopiering\u00bb fra menyen for kopiinnstillinger. Du vil da ha to valg:<\/p>\n\n\n\n<ul class=\"wp-block-list wp-block-list wp-block-list-circle\">\n<li><strong>Selg alle<\/strong> lukker kopien fullstendig.<\/li>\n\n\n\n<li><strong>Behold alle<\/strong> overf\u00f8rer alle kopierte posisjoner til din egen portef\u00f8lje, der de kan administreres uavhengig.<\/li>\n<\/ul>\n\n\n\n<p><strong>Sett kopi p\u00e5 pause<\/strong> er en funksjon som lar deg stoppe kopieringen av en trader uten \u00e5 lukke alle de \u00e5pne posisjonene.&nbsp;<\/p>\n\n\n\n<p>N\u00e5r en kopi settes p\u00e5 pause, vil ingen nye handler \u00e5pnes, men alle handler som allerede er \u00e5pnet vil fremdeles kopiere SL\/TP og lukking fra den kopierte traderens side. Pausing av kopi kan aktiveres fra portef\u00f8ljesiden p\u00e5 eToro ved \u00e5 klikke p\u00e5 knappen for innstillinger og \u00abSett kopi p\u00e5 pause\u00bb.<\/p>\n\n\n\n<p>Du kan <strong>gjenoppta kopieringen<\/strong> n\u00e5r som helst ved \u00e5 g\u00e5 til portef\u00f8ljesiden og klikke p\u00e5 \u00abGjenoppta kopi\u00bb.<\/p>\n\n\n\n<h2 class=\"wp-block-heading\">Kopier smartere med ekspertutvalgte portef\u00f8ljer<\/h2>\n\n\n\n<p><a href=\"https:\/\/www.etoro.com\/nb-no\/investing\/portfolios\/\"><strong>Smart Portfolios<\/strong><\/a> er innovative, langsiktige investeringsportef\u00f8ljer bygget p\u00e5 den samme CopyTrader-teknologien, noe som betyr at investeringen din automatisk speiler portef\u00f8ljens allokering og strategi. Hver portef\u00f8lje f\u00f8lger et unikt tema, og tilbyr en praktisk og diversifisert m\u00e5te \u00e5 investere i viktige markedstrender som former verden i dag \u2013 alt uten de vanlige forvaltningsgebyrene.<\/p>\n\n\n\n<ul class=\"wp-block-list wp-block-list wp-block-list-circle\">\n<li>Minimum investeringsbel\u00f8p er s\u00e5 lavt som 500\u00a0USD.<\/li>\n\n\n\n<li>Standard stop loss for en Smart Portfolio er satt til 10\u00a0%.<\/li>\n\n\n\n<li>Vektingen i en Smart Portfolio kan endres over tid, ettersom de individuelt balanseres regelmessig.<\/li>\n<\/ul>\n\n\n\n<p>Det finnes flere forskjellige typer Smart Portfolios:<\/p>\n\n\n\n<p><strong>Smart Portfolios<\/strong> samler flere aktiva i ett enkelt investeringsprodukt, som f\u00f8lger en definert markedsstrategi eller er rettet mot en spesifikk sektor. For eksempel inkluderer<a href=\"https:\/\/www.etoro.com\/nb-no\/smartportfolios\/bigtech\">Smart Portfolios<\/a> ledende teknologiselskaper, og tilbyr en praktisk, men likevel diversifisert m\u00e5te \u00e5 investere i hele sektoren gjennom ett aktiva.<\/p>\n\n\n\n<p><strong>Top Trader Smart Portfolios<\/strong> grupperer tradere med h\u00f8y avkastning, valgt ut av eToros investeringskomit\u00e9 ved hjelp av en sofistikert algoritme, i \u00e9n enkelt investering.<a href=\"https:\/\/www.etoro.com\/nb-no\/smartportfolios\/gainersqtr\">GainersQtr Smart Portfolio<\/a> inkluderer for eksempel tradere med jevn avkastning og sterkt kortsiktig potensial, som oppdateres regelmessig for \u00e5 styre risiko og optimalisere avkastning.<\/p>\n\n\n\n<p><strong>Partner Smart Portfolios<\/strong> er laget i samarbeid med noen av de mest innovative investeringsoppstartsbedriftene, kapitalforvalterne og dataanalyseselskapene i verden. For eksempel ble <a href=\"https:\/\/www.etoro.com\/nb-no\/news-and-analysis\/copytrader\/time-you-invest-in-your-future\/\">Target Model Smart Portfolios<\/a> laget i samarbeid med Franklin Templeton for \u00e5 innlemme investeringsstrategier med et spesifikt \u00e5r som m\u00e5l, som justeres automatisk over tid.&nbsp;<\/p>\n\n\n\n<p>*Alle vilk\u00e5r og betingelser for CopyTrader kan endres n\u00e5r som helst etter eToros skj\u00f8nn.<\/p>\n<\/div>\n<\/div>\n<\/div><\/section>\n","protected":false},"excerpt":{"rendered":"<p>eToro-plattformen skiller seg ut med funksjoner for sosial handel, med innovative m\u00e5ter \u00e5 investere ved \u00e5 l\u00e6re av andre. Oppdag hvordan CopyTrader kan hjelpe deg \u00e5 utforske nye strategier og utvide handelspotensialet ditt. Grunnleggende om Copy Trading Konseptet er enkelt: velg en trader, investeringsbel\u00f8pet ditt og trykk p\u00e5 \u00abKopier\u00bb. Denne siden vil forklare deg systemet&hellip;<\/p>\n","protected":false},"author":45,"featured_media":519773,"parent":34706,"menu_order":1357,"comment_status":"closed","ping_status":"closed","template":"","meta":{"_acf_changed":false,"inline_featured_image":false,"sticky_cta_settings":"","footnotes":""},"asset_type":[],"class_list":["post-16921","page","type-page","status-publish","has-post-thumbnail","hentry"],"acf":[],"yoast_head":"<title>Forklaring av kopisystemer | eToro<\/title>\n<meta name=\"description\" content=\"En forklaring p\u00e5 eToros kopisystem, inkludert CopyTrader\u2122 for \u00e5 kopiere gode tradere, og CopyFunds\u2122, et gruppebasert, tematisk investeringsinstrument.\" \/>\n<meta name=\"robots\" content=\"index, follow, max-snippet:-1, max-image-preview:large, max-video-preview:-1\" \/>\n<link rel=\"canonical\" href=\"https:\/\/www.etoro.com\/nb-no\/wp-json\/wp\/v2\/pages\/16921\" \/>\n<meta property=\"og:locale\" content=\"nn_NO\" \/>\n<meta property=\"og:type\" content=\"article\" \/>\n<meta property=\"og:title\" content=\"Forklaring av kopisystemer | eToro\" \/>\n<meta property=\"og:description\" content=\"En forklaring p\u00e5 eToros kopisystem, inkludert CopyTrader\u2122 for \u00e5 kopiere gode tradere, og CopyFunds\u2122, et gruppebasert, tematisk investeringsinstrument.\" \/>\n<meta property=\"og:url\" content=\"https:\/\/www.etoro.com\/nb-no\/wp-json\/wp\/v2\/pages\/16921\" \/>\n<meta property=\"og:site_name\" content=\"eToro\" \/>\n<meta property=\"article:publisher\" content=\"https:\/\/www.facebook.com\/eToro\/\" \/>\n<meta property=\"article:modified_time\" content=\"2025-12-01T14:42:40+00:00\" \/>\n<meta property=\"og:image\" content=\"https:\/\/www.etoro.com\/wp-content\/uploads\/2022\/11\/Social_systems-explained_Norwegian-nb-no.jpg\" \/>\n\t<meta property=\"og:image:width\" content=\"1200\" \/>\n\t<meta property=\"og:image:height\" content=\"630\" \/>\n\t<meta property=\"og:image:type\" content=\"image\/jpeg\" \/>\n<meta name=\"twitter:card\" content=\"summary_large_image\" \/>\n<meta name=\"twitter:site\" content=\"@eToro\" \/>\n<meta name=\"twitter:label1\" content=\"Est. reading time\" \/>\n\t<meta name=\"twitter:data1\" content=\"9 minutes\" \/>\n<script type=\"application\/ld+json\" class=\"yoast-schema-graph\">{\"@context\":\"https:\/\/schema.org\",\"@graph\":[{\"@type\":\"WebPage\",\"@id\":\"https:\/\/www.etoro.com\/nb-no\/copytrader\/how-it-works\/\",\"url\":\"https:\/\/www.etoro.com\/nb-no\/copytrader\/how-it-works\/\",\"name\":\"Forklaring av kopisystemer | eToro\",\"isPartOf\":{\"@id\":\"https:\/\/www.etoro.com\/nb-no\/#website\"},\"primaryImageOfPage\":{\"@id\":\"https:\/\/www.etoro.com\/nb-no\/copytrader\/how-it-works\/#primaryimage\"},\"image\":{\"@id\":\"https:\/\/www.etoro.com\/nb-no\/copytrader\/how-it-works\/#primaryimage\"},\"thumbnailUrl\":\"https:\/\/www.etoro.com\/wp-content\/uploads\/2022\/11\/Social_systems-explained_Norwegian-nb-no.jpg\",\"datePublished\":\"2017-11-14T07:35:22+00:00\",\"dateModified\":\"2025-12-01T14:42:40+00:00\",\"description\":\"En forklaring p\u00e5 eToros kopisystem, inkludert CopyTrader\u2122 for \u00e5 kopiere gode tradere, og CopyFunds\u2122, et gruppebasert, tematisk investeringsinstrument.\",\"breadcrumb\":{\"@id\":\"https:\/\/www.etoro.com\/nb-no\/copytrader\/how-it-works\/#breadcrumb\"},\"inLanguage\":\"no\",\"potentialAction\":[{\"@type\":\"ReadAction\",\"target\":[\"https:\/\/www.etoro.com\/nb-no\/copytrader\/how-it-works\/\"]}]},{\"@type\":\"ImageObject\",\"inLanguage\":\"no\",\"@id\":\"https:\/\/www.etoro.com\/nb-no\/copytrader\/how-it-works\/#primaryimage\",\"url\":\"https:\/\/www.etoro.com\/wp-content\/uploads\/2022\/11\/Social_systems-explained_Norwegian-nb-no.jpg\",\"contentUrl\":\"https:\/\/www.etoro.com\/wp-content\/uploads\/2022\/11\/Social_systems-explained_Norwegian-nb-no.jpg\",\"width\":1200,\"height\":630,\"caption\":\"COPYTRADER FORKLART\"},{\"@type\":\"BreadcrumbList\",\"@id\":\"https:\/\/www.etoro.com\/nb-no\/copytrader\/how-it-works\/#breadcrumb\",\"itemListElement\":[{\"@type\":\"ListItem\",\"position\":1,\"name\":\"Hjem\",\"item\":\"https:\/\/www.etoro.com\/nb-no\/\"},{\"@type\":\"ListItem\",\"position\":2,\"name\":\"CopyTrader\",\"item\":\"https:\/\/www.etoro.com\/nb-no\/copytrader\/\"},{\"@type\":\"ListItem\",\"position\":3,\"name\":\"SLIK FUNGERER DET\"}]},{\"@type\":\"WebSite\",\"@id\":\"https:\/\/www.etoro.com\/nb-no\/#website\",\"url\":\"https:\/\/www.etoro.com\/nb-no\/\",\"name\":\"eToro\",\"description\":\"\",\"publisher\":{\"@id\":\"https:\/\/www.etoro.com\/nb-no\/#organization\"},\"potentialAction\":[{\"@type\":\"SearchAction\",\"target\":{\"@type\":\"EntryPoint\",\"urlTemplate\":\"https:\/\/www.etoro.com\/nb-no\/?s={search_term_string}\"},\"query-input\":{\"@type\":\"PropertyValueSpecification\",\"valueRequired\":true,\"valueName\":\"search_term_string\"}}],\"inLanguage\":\"no\"},[]]}<\/script>","yoast_head_json":{"title":"Forklaring av kopisystemer | eToro","description":"En forklaring p\u00e5 eToros kopisystem, inkludert CopyTrader\u2122 for \u00e5 kopiere gode tradere, og CopyFunds\u2122, et gruppebasert, tematisk investeringsinstrument.","robots":{"index":"index","follow":"follow","max-snippet":"max-snippet:-1","max-image-preview":"max-image-preview:large","max-video-preview":"max-video-preview:-1"},"canonical":"https:\/\/www.etoro.com\/nb-no\/wp-json\/wp\/v2\/pages\/16921","og_locale":"nn_NO","og_type":"article","og_title":"Forklaring av kopisystemer | eToro","og_description":"En forklaring p\u00e5 eToros kopisystem, inkludert CopyTrader\u2122 for \u00e5 kopiere gode tradere, og CopyFunds\u2122, et gruppebasert, tematisk investeringsinstrument.","og_url":"https:\/\/www.etoro.com\/nb-no\/wp-json\/wp\/v2\/pages\/16921","og_site_name":"eToro","article_publisher":"https:\/\/www.facebook.com\/eToro\/","article_modified_time":"2025-12-01T14:42:40+00:00","og_image":[{"width":1200,"height":630,"url":"https:\/\/www.etoro.com\/wp-content\/uploads\/2022\/11\/Social_systems-explained_Norwegian-nb-no.jpg","type":"image\/jpeg"}],"twitter_card":"summary_large_image","twitter_site":"@eToro","twitter_misc":{"Est. reading time":"9 minutes"},"schema":{"@context":"https:\/\/schema.org","@graph":[{"@type":"WebPage","@id":"https:\/\/www.etoro.com\/nb-no\/copytrader\/how-it-works\/","url":"https:\/\/www.etoro.com\/nb-no\/copytrader\/how-it-works\/","name":"Forklaring av kopisystemer | eToro","isPartOf":{"@id":"https:\/\/www.etoro.com\/nb-no\/#website"},"primaryImageOfPage":{"@id":"https:\/\/www.etoro.com\/nb-no\/copytrader\/how-it-works\/#primaryimage"},"image":{"@id":"https:\/\/www.etoro.com\/nb-no\/copytrader\/how-it-works\/#primaryimage"},"thumbnailUrl":"https:\/\/www.etoro.com\/wp-content\/uploads\/2022\/11\/Social_systems-explained_Norwegian-nb-no.jpg","datePublished":"2017-11-14T07:35:22+00:00","dateModified":"2025-12-01T14:42:40+00:00","description":"En forklaring p\u00e5 eToros kopisystem, inkludert CopyTrader\u2122 for \u00e5 kopiere gode tradere, og CopyFunds\u2122, et gruppebasert, tematisk investeringsinstrument.","breadcrumb":{"@id":"https:\/\/www.etoro.com\/nb-no\/copytrader\/how-it-works\/#breadcrumb"},"inLanguage":"no","potentialAction":[{"@type":"ReadAction","target":["https:\/\/www.etoro.com\/nb-no\/copytrader\/how-it-works\/"]}]},{"@type":"ImageObject","inLanguage":"no","@id":"https:\/\/www.etoro.com\/nb-no\/copytrader\/how-it-works\/#primaryimage","url":"https:\/\/www.etoro.com\/wp-content\/uploads\/2022\/11\/Social_systems-explained_Norwegian-nb-no.jpg","contentUrl":"https:\/\/www.etoro.com\/wp-content\/uploads\/2022\/11\/Social_systems-explained_Norwegian-nb-no.jpg","width":1200,"height":630,"caption":"COPYTRADER FORKLART"},{"@type":"BreadcrumbList","@id":"https:\/\/www.etoro.com\/nb-no\/copytrader\/how-it-works\/#breadcrumb","itemListElement":[{"@type":"ListItem","position":1,"name":"Hjem","item":"https:\/\/www.etoro.com\/nb-no\/"},{"@type":"ListItem","position":2,"name":"CopyTrader","item":"https:\/\/www.etoro.com\/nb-no\/copytrader\/"},{"@type":"ListItem","position":3,"name":"SLIK FUNGERER DET"}]},{"@type":"WebSite","@id":"https:\/\/www.etoro.com\/nb-no\/#website","url":"https:\/\/www.etoro.com\/nb-no\/","name":"eToro","description":"","publisher":{"@id":"https:\/\/www.etoro.com\/nb-no\/#organization"},"potentialAction":[{"@type":"SearchAction","target":{"@type":"EntryPoint","urlTemplate":"https:\/\/www.etoro.com\/nb-no\/?s={search_term_string}"},"query-input":{"@type":"PropertyValueSpecification","valueRequired":true,"valueName":"search_term_string"}}],"inLanguage":"no"},[]]}},"_links":{"self":[{"href":"https:\/\/www.etoro.com\/nb-no\/wp-json\/wp\/v2\/pages\/16921"}],"collection":[{"href":"https:\/\/www.etoro.com\/nb-no\/wp-json\/wp\/v2\/pages"}],"about":[{"href":"https:\/\/www.etoro.com\/nb-no\/wp-json\/wp\/v2\/types\/page"}],"author":[{"embeddable":true,"href":"https:\/\/www.etoro.com\/nb-no\/wp-json\/wp\/v2\/users\/45"}],"replies":[{"embeddable":true,"href":"https:\/\/www.etoro.com\/nb-no\/wp-json\/wp\/v2\/comments?post=16921"}],"version-history":[{"count":0,"href":"https:\/\/www.etoro.com\/nb-no\/wp-json\/wp\/v2\/pages\/16921\/revisions"}],"up":[{"embeddable":true,"href":"https:\/\/www.etoro.com\/nb-no\/wp-json\/wp\/v2\/pages\/34706"}],"wp:featuredmedia":[{"embeddable":true,"href":"https:\/\/www.etoro.com\/nb-no\/wp-json\/wp\/v2\/media\/519773"}],"wp:attachment":[{"href":"https:\/\/www.etoro.com\/nb-no\/wp-json\/wp\/v2\/media?parent=16921"}],"wp:term":[{"taxonomy":"asset_type","embeddable":true,"href":"https:\/\/www.etoro.com\/nb-no\/wp-json\/wp\/v2\/asset_type?post=16921"}],"curies":[{"name":"wp","href":"https:\/\/api.w.org\/{rel}","templated":true}]}}