{"id":16925,"date":"2017-10-26T08:21:46","date_gmt":"2017-10-26T05:21:46","guid":{"rendered":"\/etoro\/withdraw-faq\/"},"modified":"2026-01-08T11:56:13","modified_gmt":"2026-01-08T09:56:13","slug":"withdraw-faq","status":"publish","type":"page","link":"https:\/\/www.etoro.com\/nb-no\/customer-service\/withdraw-faq\/","title":{"rendered":"Hvordan foreta uttak fra din eToro-konto \u2013 Ofte stilte sp\u00f8rsm\u00e5l"},"content":{"rendered":"\n<section class=\"wp-block-group wp-block-group-boxed has-white-background-color has-background\"><div class=\"wp-block-group-inner is-layout-flow wp-block-group-is-layout-flow\">\n<div class=\"wp-block-columns are-vertically-aligned-top wp-block-columns-1 is-layout-flex wp-container-core-columns-is-layout-1 wp-block-columns-is-layout-flex\">\n<div class=\"wp-block-column is-layout-flow wp-block-column-is-layout-flow\">\n<h2 class=\"wp-block-heading\">Hvordan foreta uttak fra din eToro-konto \u2013 Ofte stilte sp\u00f8rsm\u00e5l<\/h2>\n\n\n\n<dl class=\"wp-block-etoro-faq\">\n<div class=\"wp-block-etoro-faq-item\"><dt class=\"wp-block-etoro-faq-item-question\">Hvordan tar jeg ut penger?<\/dt><dd class=\"wp-block-etoro-faq-item-answer\">\n<p>Du kan ta ut penger to steder p\u00e5 eToro.<\/p>\n\n\n\n<ul class=\"wp-block-list wp-block-list wp-block-list-circle\">\n<li>eToro USD-investeringskontoen din<\/li>\n\n\n\n<li><a href=\"https:\/\/help.etoro.com\/s\/article\/how-do-i-withdraw-funds-from-my-account?language=no#b\">Kontoen din i lokal valuta<\/a><\/li>\n<\/ul>\n\n\n\n<p><a href=\"https:\/\/www.etoro.com\/nb-no\/money\/availability\/\">*Klikk her<\/a> for \u00e5 se om du er kvalifisert for kontoen din i lokal valuta.<\/p>\n\n\n\n<p>Nedenfor kan du se hvordan du gj\u00f8r begge deler.<\/p>\n\n\n\n<p><strong>Ta ut penger fra eToro USD-investeringskontoen din<\/strong><\/p>\n\n\n\n<p>N\u00e5r du har <a href=\"https:\/\/help.etoro.com\/s\/article\/what-is-the-minimum-withdrawal-amount?language=no\">sjekket at du har bel\u00f8pet<\/a> du \u00f8nsker \u00e5 ta ut p\u00e5 den tilgjengelige saldoen din, kan du sende inn en uttaksforesp\u00f8rsel ved \u00e5 f\u00f8lge disse trinnene:<\/p>\n\n\n\n<ol class=\"wp-block-list wp-block-list\">\n<li>Klikk p\u00e5 knappen <strong>Ta ut midler <\/strong>i menyen til venstre.<\/li>\n<\/ol>\n\n\n\n<figure class=\"wp-block-image size-full\"><img loading=\"lazy\" decoding=\"async\" width=\"377\" height=\"131\" src=\"https:\/\/www.etoro.com\/wp-content\/uploads\/2026\/01\/Q-1-withdrawl-1.jpg\" alt=\"\" class=\"wp-image-1208823 wp-image-desktop\" srcset=\"https:\/\/www.etoro.com\/wp-content\/uploads\/2026\/01\/Q-1-withdrawl-1.jpg 377w, https:\/\/www.etoro.com\/wp-content\/uploads\/2026\/01\/Q-1-withdrawl-1-300x104.jpg 300w\" sizes=\"(max-width: 377px) 100vw, 377px\" \/><\/figure>\n\n\n\n<p>2. P\u00e5 skjermbildet Uttak skriver du inn bel\u00f8pet du vil ta&nbsp; ut og velger <strong>Neste.<\/strong><\/p>\n\n\n\n<figure class=\"wp-block-image size-full\"><img loading=\"lazy\" decoding=\"async\" width=\"512\" height=\"424\" src=\"https:\/\/www.etoro.com\/wp-content\/uploads\/2025\/07\/Withdrawl-q-2-1.png\" alt=\"\" class=\"wp-image-1085728 wp-image-desktop\" srcset=\"https:\/\/www.etoro.com\/wp-content\/uploads\/2025\/07\/Withdrawl-q-2-1.png 512w, https:\/\/www.etoro.com\/wp-content\/uploads\/2025\/07\/Withdrawl-q-2-1-300x248.png 300w\" sizes=\"(max-width: 512px) 100vw, 512px\" \/><\/figure>\n\n\n\n<p>3. Du vil f\u00e5 vist uttaksopplysningene dine med standard betalingsm\u00e5te valgt. Velg <strong>Andre betalingsalternativer<\/strong> hvis du \u00f8nsker \u00e5 velge fra en liste over betalingsm\u00e5ter du tidligere har gjort innskudd med, eller legge til en ny betalingsm\u00e5te.<\/p>\n\n\n\n<figure class=\"wp-block-image size-full\"><img loading=\"lazy\" decoding=\"async\" width=\"512\" height=\"437\" src=\"https:\/\/www.etoro.com\/wp-content\/uploads\/2025\/07\/3-image-1.png\" alt=\"\" class=\"wp-image-1085752 wp-image-desktop\" srcset=\"https:\/\/www.etoro.com\/wp-content\/uploads\/2025\/07\/3-image-1.png 512w, https:\/\/www.etoro.com\/wp-content\/uploads\/2025\/07\/3-image-1-300x256.png 300w\" sizes=\"(max-width: 512px) 100vw, 512px\" \/><\/figure>\n\n\n\n<p>4. Klikk <strong>send<\/strong><\/p>\n\n\n\n<p><strong>Flytte penger fra kontoen din i lokal valuta til bankkontoen din<\/strong>.<\/p>\n\n\n\n<p>\u00c5 flytte penger fra kontoen din i lokal valuta til en ekstern bankkonto er raskt og enkelt. Hvis kontoen du vil overf\u00f8re til ikke allerede er satt opp, m\u00e5 du legge til ny betalingsmottaker.<\/p>\n\n\n\n<ol class=\"wp-block-list wp-block-list\">\n<li>G\u00e5 til <a href=\"https:\/\/www.etoro.com\/nb-no\/wallet\">Lommebok-fanen<\/a>\n<ul class=\"wp-block-list wp-block-list wp-block-list-circle\">\n<li>I nettversjonen av eToro, klikk p\u00e5 <strong>Lommebok<\/strong> i sidefeltmenyen<\/li>\n\n\n\n<li>I eToro-mobilappen trykker du p\u00e5 <strong>Lommebok<\/strong> nederst p\u00e5 skjermen<\/li>\n<\/ul>\n<\/li>\n\n\n\n<li>Velg din konto i lokal valuta.<\/li>\n\n\n\n<li>Klikk p\u00e5 <strong>Send betaling<\/strong>.<\/li>\n\n\n\n<li>Velg kontoen din eller legg den til som betalingsmottaker<\/li>\n\n\n\n<li>Skriv inn bel\u00f8p og referanse (hva det gjelder).<\/li>\n\n\n\n<li>Se gjennom og bekreft betalingen.<\/li>\n<\/ol>\n\n\n\n<p>Merk: De fleste utbetalinger skjer umiddelbart, men det kan innimellom ta opptil tre virkedager.<\/p>\n\n\n\n<p>F\u00e5r du ikke ta ut penger? <a href=\"https:\/\/help.etoro.com\/s\/article\/why-can-t-i-withdraw-funds-from-my-etoro-investment-account?language=no\">Klikk her<\/a> for \u00e5 finne ut mer..<\/p>\n\n\n\n<p class=\"is-style-disclaimer\"><\/p>\n<\/dd><\/div>\n\n\n\n<div class=\"wp-block-etoro-faq-item\"><dt class=\"wp-block-etoro-faq-item-question\">Hvor lang tid vil det ta \u00e5 behandle uttaksforesp\u00f8rselen, og n\u00e5r vil jeg motta pengene?<\/dt><dd class=\"wp-block-etoro-faq-item-answer\">\n<p>Vi sender deg en e-post som bekrefter uttaksstatusen din innen to virkedager etter at du har sendt foresp\u00f8rselen.<\/p>\n\n\n\n<p>Normalt mottar du pengene innen et par dager. Fra tidspunktet du ber om uttaket kan det imidlertid g\u00e5 opptil 10 virkedager, avhengig av betalingsm\u00e5ten som benyttes:<\/p>\n\n\n\n<figure class=\"wp-block-table\"><div class=\"wp-block-table-content\"><div class=\"wp-block-table-content-nav wp-block-table-content-nav-left\"><div class=\"wp-block-table-content-nav-arrow wp-block-table-content-nav-arrow-left\"><\/div><\/div><div class=\"wp-block-table-content-nav wp-block-table-content-nav-right\"><div class=\"wp-block-table-content-nav-arrow wp-block-table-content-nav-arrow-right\"><\/div><\/div><div class=\"wp-block-table-content-table\"><table><thead><tr><th class=\"has-text-align-left\" data-align=\"left\">Betalingsmetode<\/th><th class=\"has-text-align-left\" data-align=\"left\">Tiden det tar \u00e5 motta penger etter en uttaksforesp\u00f8rsel<\/th><\/tr><\/thead><tbody><tr><td class=\"has-text-align-left\" data-align=\"left\">Kreditt-\/debetkort<\/td><td class=\"has-text-align-left\" data-align=\"left\">Opptil fem virkedager<\/td><\/tr><tr><td class=\"has-text-align-left\" data-align=\"left\">Bankoverf\u00f8ring<\/td><td class=\"has-text-align-left\" data-align=\"left\">Opptil fem virkedager<\/td><\/tr><tr><td class=\"has-text-align-left\" data-align=\"left\">PayPal<\/td><td class=\"has-text-align-left\" data-align=\"left\">Opptil to virkedager<\/td><\/tr><tr><td class=\"has-text-align-left\" data-align=\"left\">Neteller<\/td><td class=\"has-text-align-left\" data-align=\"left\">Opptil to virkedager<\/td><\/tr><tr><td class=\"has-text-align-left\" data-align=\"left\">Skrill<\/td><td class=\"has-text-align-left\" data-align=\"left\">Opptil to virkedager<\/td><\/tr><tr><td class=\"has-text-align-left\" data-align=\"left\">Trustly<\/td><td class=\"has-text-align-left\" data-align=\"left\">Opptil to virkedager<\/td><\/tr><tr><td class=\"has-text-align-left\" data-align=\"left\">iDEAL<\/td><td class=\"has-text-align-left\" data-align=\"left\">Opptil to virkedager<\/td><\/tr><\/tbody><\/table><\/div><\/div><\/figure>\n<\/dd><\/div>\n\n\n\n<div class=\"wp-block-etoro-faq-item\"><dt class=\"wp-block-etoro-faq-item-question\">Hvordan kan jeg avbryte uttaket?<\/dt><dd class=\"wp-block-etoro-faq-item-answer\">\n<p>F\u00f8lg trinnene under for \u00e5 avbryte uttaksforesp\u00f8rselen:<\/p>\n\n\n\n<ol class=\"wp-block-list wp-block-list\">\n<li>\u00c5pne uttaksforesp\u00f8rselen din&nbsp;<a href=\"https:\/\/www.etoro.com\/nb-no\/portfolio\/history\/cashflows\">her<\/a>, eller ved \u00e5 g\u00e5 inn i handelskontoen din og trykke p\u00e5 \u00abTa ut penger\u00bb.<\/li>\n\n\n\n<li>Det vises en popup-melding. Klikk p\u00e5 \u00abKlikk her\u00bb for \u00e5 se uttakshistorikken din.<\/li>\n\n\n\n<li>Klikk p\u00e5 \u00abReverser\u00bb-knappen som vises ved siden av uttaksforesp\u00f8rselen din. Merk at du ikke kan avbryte foresp\u00f8rselen hvis transaksjonens status vises som \u00abUnder behandling\u00bb.<\/li>\n\n\n\n<li>Bekreft at du \u00f8nsker \u00e5 avbryte foresp\u00f8rselen.<\/li>\n\n\n\n<li>Alle pengene, inkludert uttaksgebyr, returneres umiddelbart til kontosaldoen din.<\/li>\n<\/ol>\n<\/dd><\/div>\n\n\n\n<div class=\"wp-block-etoro-faq-item\"><dt class=\"wp-block-etoro-faq-item-question\">Hva er betingelsene for \u00e5 \u00e5pne en uttaksforesp\u00f8rsel?<\/dt><dd class=\"wp-block-etoro-faq-item-answer\">\n<ol class=\"wp-block-list wp-block-list\">\n<li>Minstebel\u00f8pet for uttak er 30 USD<\/li>\n\n\n\n<li>Du m\u00e5 ha midler som er tilgjengelig for uttak<\/li>\n\n\n\n<li>Kontoen din m\u00e5 v\u00e6re bekreftet, noe som vises med en gr\u00f8nn hake p\u00e5 profilen din (dersom du ikke har bekreftet kontoen din enn\u00e5, ta kontakt med oss og last opp de n\u00f8dvendige dokumentene)<\/li>\n<\/ol>\n\n\n\n<p>Personopplysningene dine, betalingsinformasjon og tilh\u00f8rende dokumenter er beskyttet av eToros strenge rutiner for informasjonssikkerhet. Vi har strenge retningslinjer for \u00e5 beskytte personopplysningene dine, nok til \u00e5 tilfredsstille de meste krevende og sikkerhetsbevisste sluttbrukerne av finanstjenester.<\/p>\n\n\n\n<p>Du finner mer informasjon her: eToros&nbsp;<a href=\"https:\/\/www.etoro.com\/nb-no\/customer-service\/privacy\/\">Personvernpolicy<\/a>.<\/p>\n<\/dd><\/div>\n\n\n\n<div class=\"wp-block-etoro-faq-item\"><dt class=\"wp-block-etoro-faq-item-question\">Er det noen uttaksgebyrer?<\/dt><dd class=\"wp-block-etoro-faq-item-answer\">\n<p>Ja, for uttaksforesp\u00f8rsler belastes du for et behandlingsgebyr for uttaket. Du vil f\u00e5 opp det gjeldende uttaksgebyret i kassen etter at du har skrevet inn uttaksbel\u00f8pet; p\u00e5 dette tidspunktet kan du fremdeles avbryte foresp\u00f8rselen.<\/p>\n\n\n\n<figure class=\"wp-block-table\"><div class=\"wp-block-table-content\"><div class=\"wp-block-table-content-nav wp-block-table-content-nav-left\"><div class=\"wp-block-table-content-nav-arrow wp-block-table-content-nav-arrow-left\"><\/div><\/div><div class=\"wp-block-table-content-nav wp-block-table-content-nav-right\"><div class=\"wp-block-table-content-nav-arrow wp-block-table-content-nav-arrow-right\"><\/div><\/div><div class=\"wp-block-table-content-table\"><table><thead><tr><th class=\"has-text-align-left\" data-align=\"left\"><strong>Uttaksbel\u00f8p (USD)<\/strong><\/th><th class=\"has-text-align-left\" data-align=\"left\"><strong>Gebyr (USD)<\/strong><\/th><\/tr><\/thead><tbody><tr><td class=\"has-text-align-left\" data-align=\"left\">30,00 +<\/td><td class=\"has-text-align-left\" data-align=\"left\">5<\/td><\/tr><\/tbody><\/table><\/div><\/div><\/figure>\n\n\n\n<p>Alle uttak sendt i annen valuta enn USD ilegges et vekslingsgebyr. Informasjon om gebyrene v\u00e5re finner du her:&nbsp;<a href=\"https:\/\/www.etoro.com\/nb-no\/trading\/market-hours-fees\/\">Gebyrer<\/a>. Merk at du kan bli belastet av finansieringsleverand\u00f8ren involvert i overf\u00f8ringen (formidlerbanken, mottaksbanken eller kredittkortleverand\u00f8ren din).<\/p>\n<\/dd><\/div>\n\n\n\n<div class=\"wp-block-etoro-faq-item\"><dt class=\"wp-block-etoro-faq-item-question\">Hvordan vet jeg om uttaksforesp\u00f8rselen min har blitt behandlet?<\/dt><dd class=\"wp-block-etoro-faq-item-answer\">\n<p>N\u00e5r du tar ut midler fra din eToro-konto til din eToro Money-konto, blir det overf\u00f8rt umiddelbart*, og du kan se det i eToro Money-appen.<\/p>\n\n\n\n<p>Med andre betalingsmetoder, n\u00e5r behandlingen av uttaksforesp\u00f8rselen din er fullf\u00f8rt, vil du motta en e-postbekreftelse med detaljer om betalingsmetoden som ble brukt til \u00e5 sende pengene dine. I tillegg kan du klikke&nbsp;<a href=\"https:\/\/www.etoro.com\/nb-no\/portfolio\/history\/cashflows\">her<\/a>&nbsp;for \u00e5 se den n\u00e5v\u00e6rende statusen for uttaksforesp\u00f8rselen din i instrumentpanelet for eToro-kontoen din.<\/p>\n\n\n\n<p>* Av ulike \u00e5rsaker som inkluderer krav til sikkerhetsprosedyrer, kan enkelte uttak kun behandles neste virkedag.<\/p>\n<\/dd><\/div>\n\n\n\n<div class=\"wp-block-etoro-faq-item\"><dt class=\"wp-block-etoro-faq-item-question\">Hva gj\u00f8r jeg om pengene ikke kommer til kontoen min?<\/dt><dd class=\"wp-block-etoro-faq-item-answer\">\n<p>1. Klikk&nbsp;<a href=\"https:\/\/www.etoro.com\/nb-no\/portfolio\/history\/cashflows\">her<\/a>&nbsp;for \u00e5 se n\u00e5v\u00e6rende status for uttaksforesp\u00f8rselen i dashbordet p\u00e5 eToro-kontoen din. Et annet alternativ er \u00e5 sjekke e-posten du mottok i forbindelse med behandlingen av uttaket, hvor det spesifiseres dato og hvilken betalingsmetode midlene ble sendt til.<\/p>\n\n\n\n<p>2. S\u00f8rg for \u00e5 ha gitt nok tid for at uttaket skal behandles og overf\u00f8res til kontoen din. Noen uttak kan kun behandles p\u00e5 virkedagen etter foresp\u00f8rselen din, og selve behandlingen kan ta opptil 10 ekstra virkedager, avhengig av betalingsmetoden som blir brukt:<br>Betalingsmetode<\/p>\n\n\n\n<figure class=\"wp-block-table\"><div class=\"wp-block-table-content\"><div class=\"wp-block-table-content-nav wp-block-table-content-nav-left\"><div class=\"wp-block-table-content-nav-arrow wp-block-table-content-nav-arrow-left\"><\/div><\/div><div class=\"wp-block-table-content-nav wp-block-table-content-nav-right\"><div class=\"wp-block-table-content-nav-arrow wp-block-table-content-nav-arrow-right\"><\/div><\/div><div class=\"wp-block-table-content-table\"><table><thead><tr><th class=\"has-text-align-left\" data-align=\"left\"><strong>Betalingsmetode<\/strong><\/th><th class=\"has-text-align-left\" data-align=\"left\"><strong>Tiden det tar \u00e5 motta midler etter at du har bedt om uttak<\/strong><\/th><\/tr><\/thead><tbody><tr><td class=\"has-text-align-left\" data-align=\"left\">eToro Money*<\/td><td class=\"has-text-align-left\" data-align=\"left\">Umiddelbart uttak<\/td><\/tr><tr><td class=\"has-text-align-left\" data-align=\"left\">Kreditt-\/debetkort<\/td><td class=\"has-text-align-left\" data-align=\"left\">Opptil 10 virkedager<\/td><\/tr><tr><td class=\"has-text-align-left\" data-align=\"left\">Bankoverf\u00f8ring<\/td><td class=\"has-text-align-left\" data-align=\"left\">Opptil 10 virkedager<\/td><\/tr><tr><td class=\"has-text-align-left\" data-align=\"left\">PayPal<\/td><td class=\"has-text-align-left\" data-align=\"left\">Opptil 2 virkedager<\/td><\/tr><tr><td class=\"has-text-align-left\" data-align=\"left\">Neteller<\/td><td class=\"has-text-align-left\" data-align=\"left\">Opptil 2 virkedager<\/td><\/tr><tr><td class=\"has-text-align-left\" data-align=\"left\">Skrill<\/td><td class=\"has-text-align-left\" data-align=\"left\">Opptil 2 virkedager<\/td><\/tr><tr><td class=\"has-text-align-left\" data-align=\"left\">Trustly<\/td><td class=\"has-text-align-left\" data-align=\"left\">Opptil 2 virkedager<\/td><\/tr><tr><td class=\"has-text-align-left\" data-align=\"left\">iDEAL<\/td><td class=\"has-text-align-left\" data-align=\"left\">Opptil 2 virkedager<\/td><\/tr><\/tbody><\/table><\/div><\/div><\/figure>\n\n\n\n<p>3. Hvis du har kontrollert alt det ovennevnte og fortsatt ikke kan finne pengene, m\u00e5 du kontakte oss. Vi vil be deg om en kontoutskrift for betalingsmetoden, som viser innkommende og utg\u00e5ende transaksjoner fra tiden uttaket ble behandlet og frem til tidspunktet du kontaktet oss. S\u00f8rg for at vi kan se navnet ditt, transaksjonsdatoer og detaljer for betalingsmetoden.<\/p>\n<\/dd><\/div>\n\n\n\n<div class=\"wp-block-etoro-faq-item\"><dt class=\"wp-block-etoro-faq-item-question\">Kan jeg ta ut penger fra eToro til PayPal?<\/dt><dd class=\"wp-block-etoro-faq-item-answer\">\n<p>Ja. V\u00e6r oppmerksom p\u00e5 at denne uttaksm\u00e5ten bare er tilgjengelig for kunder som brukte PayPal til \u00e5 finansiere kontoen sin.<a href=\"javascript:void(0)\"><\/a><\/p>\n<\/dd><\/div>\n<\/dl>\n<\/div>\n<\/div>\n<\/div><\/section>\n","protected":false},"excerpt":{"rendered":"<p>Hvordan foreta uttak fra din eToro-konto \u2013 Ofte stilte sp\u00f8rsm\u00e5l<\/p>\n","protected":false},"author":1,"featured_media":1052125,"parent":17853,"menu_order":1442,"comment_status":"closed","ping_status":"closed","template":"","meta":{"_acf_changed":false,"inline_featured_image":false,"sticky_cta_settings":"","footnotes":""},"asset_type":[],"class_list":["post-16925","page","type-page","status-publish","has-post-thumbnail","hentry"],"acf":[],"yoast_head":"<title>Slik tar du ut midler fra eToro<\/title>\n<meta name=\"description\" content=\"Alt du m\u00e5 vite om \u00e5 gj\u00f8re et uttak fra eToros sosiale tradingnettverk og svar p\u00e5 de mest vanlige sp\u00f8rsm\u00e5lene.\" \/>\n<meta name=\"robots\" content=\"index, follow, max-snippet:-1, max-image-preview:large, max-video-preview:-1\" \/>\n<link rel=\"canonical\" href=\"https:\/\/www.etoro.com\/nb-no\/wp-json\/wp\/v2\/pages\/16925\" \/>\n<meta property=\"og:locale\" content=\"nn_NO\" \/>\n<meta property=\"og:type\" content=\"article\" \/>\n<meta property=\"og:title\" content=\"Slik tar du ut midler fra eToro\" \/>\n<meta property=\"og:description\" content=\"Alt du m\u00e5 vite om \u00e5 gj\u00f8re et uttak fra eToros sosiale tradingnettverk og svar p\u00e5 de mest vanlige sp\u00f8rsm\u00e5lene.\" \/>\n<meta property=\"og:url\" content=\"https:\/\/www.etoro.com\/nb-no\/wp-json\/wp\/v2\/pages\/16925\" \/>\n<meta property=\"og:site_name\" content=\"eToro\" \/>\n<meta property=\"article:publisher\" content=\"https:\/\/www.facebook.com\/eToro\/\" \/>\n<meta property=\"article:modified_time\" content=\"2026-01-08T09:56:13+00:00\" \/>\n<meta property=\"og:image\" content=\"https:\/\/www.etoro.com\/wp-content\/uploads\/2025\/04\/Featured-image-NO-1200x630-1.png\" \/>\n\t<meta property=\"og:image:width\" content=\"1200\" \/>\n\t<meta property=\"og:image:height\" content=\"630\" \/>\n\t<meta property=\"og:image:type\" content=\"image\/png\" \/>\n<meta name=\"twitter:card\" content=\"summary_large_image\" \/>\n<meta name=\"twitter:site\" content=\"@eToro\" \/>\n<meta name=\"twitter:label1\" content=\"Est. reading time\" \/>\n\t<meta name=\"twitter:data1\" content=\"5 minutes\" \/>\n<script type=\"application\/ld+json\" class=\"yoast-schema-graph\">{\"@context\":\"https:\/\/schema.org\",\"@graph\":[{\"@type\":\"WebPage\",\"@id\":\"https:\/\/www.etoro.com\/nb-no\/customer-service\/withdraw-faq\/\",\"url\":\"https:\/\/www.etoro.com\/nb-no\/customer-service\/withdraw-faq\/\",\"name\":\"Slik tar du ut midler fra eToro\",\"isPartOf\":{\"@id\":\"https:\/\/www.etoro.com\/nb-no\/#website\"},\"primaryImageOfPage\":{\"@id\":\"https:\/\/www.etoro.com\/nb-no\/customer-service\/withdraw-faq\/#primaryimage\"},\"image\":{\"@id\":\"https:\/\/www.etoro.com\/nb-no\/customer-service\/withdraw-faq\/#primaryimage\"},\"thumbnailUrl\":\"https:\/\/www.etoro.com\/wp-content\/uploads\/2025\/04\/Featured-image-NO-1200x630-1.png\",\"datePublished\":\"2017-10-26T05:21:46+00:00\",\"dateModified\":\"2026-01-08T09:56:13+00:00\",\"description\":\"Alt du m\u00e5 vite om \u00e5 gj\u00f8re et uttak fra eToros sosiale tradingnettverk og svar p\u00e5 de mest vanlige sp\u00f8rsm\u00e5lene.\",\"breadcrumb\":{\"@id\":\"https:\/\/www.etoro.com\/nb-no\/customer-service\/withdraw-faq\/#breadcrumb\"},\"inLanguage\":\"no\",\"potentialAction\":[{\"@type\":\"ReadAction\",\"target\":[\"https:\/\/www.etoro.com\/nb-no\/customer-service\/withdraw-faq\/\"]}]},{\"@type\":\"ImageObject\",\"inLanguage\":\"no\",\"@id\":\"https:\/\/www.etoro.com\/nb-no\/customer-service\/withdraw-faq\/#primaryimage\",\"url\":\"https:\/\/www.etoro.com\/wp-content\/uploads\/2025\/04\/Featured-image-NO-1200x630-1.png\",\"contentUrl\":\"https:\/\/www.etoro.com\/wp-content\/uploads\/2025\/04\/Featured-image-NO-1200x630-1.png\",\"width\":1200,\"height\":630},{\"@type\":\"BreadcrumbList\",\"@id\":\"https:\/\/www.etoro.com\/nb-no\/customer-service\/withdraw-faq\/#breadcrumb\",\"itemListElement\":[{\"@type\":\"ListItem\",\"position\":1,\"name\":\"Hjem\",\"item\":\"https:\/\/www.etoro.com\/nb-no\/\"},{\"@type\":\"ListItem\",\"position\":2,\"name\":\"KUNDESERVICE\",\"item\":\"https:\/\/www.etoroasia.com.cn\/nb-no\/customer-service\/\"},{\"@type\":\"ListItem\",\"position\":3,\"name\":\"OFTE SPURTE SP\u00d8RSM\u00c5L OM UTTAK\"}]},{\"@type\":\"WebSite\",\"@id\":\"https:\/\/www.etoro.com\/nb-no\/#website\",\"url\":\"https:\/\/www.etoro.com\/nb-no\/\",\"name\":\"eToro\",\"description\":\"\",\"publisher\":{\"@id\":\"https:\/\/www.etoro.com\/nb-no\/#organization\"},\"potentialAction\":[{\"@type\":\"SearchAction\",\"target\":{\"@type\":\"EntryPoint\",\"urlTemplate\":\"https:\/\/www.etoro.com\/nb-no\/?s={search_term_string}\"},\"query-input\":{\"@type\":\"PropertyValueSpecification\",\"valueRequired\":true,\"valueName\":\"search_term_string\"}}],\"inLanguage\":\"no\"},[]]}<\/script>","yoast_head_json":{"title":"Slik tar du ut midler fra eToro","description":"Alt du m\u00e5 vite om \u00e5 gj\u00f8re et uttak fra eToros sosiale tradingnettverk og svar p\u00e5 de mest vanlige sp\u00f8rsm\u00e5lene.","robots":{"index":"index","follow":"follow","max-snippet":"max-snippet:-1","max-image-preview":"max-image-preview:large","max-video-preview":"max-video-preview:-1"},"canonical":"https:\/\/www.etoro.com\/nb-no\/wp-json\/wp\/v2\/pages\/16925","og_locale":"nn_NO","og_type":"article","og_title":"Slik tar du ut midler fra eToro","og_description":"Alt du m\u00e5 vite om \u00e5 gj\u00f8re et uttak fra eToros sosiale tradingnettverk og svar p\u00e5 de mest vanlige sp\u00f8rsm\u00e5lene.","og_url":"https:\/\/www.etoro.com\/nb-no\/wp-json\/wp\/v2\/pages\/16925","og_site_name":"eToro","article_publisher":"https:\/\/www.facebook.com\/eToro\/","article_modified_time":"2026-01-08T09:56:13+00:00","og_image":[{"width":1200,"height":630,"url":"https:\/\/www.etoro.com\/wp-content\/uploads\/2025\/04\/Featured-image-NO-1200x630-1.png","type":"image\/png"}],"twitter_card":"summary_large_image","twitter_site":"@eToro","twitter_misc":{"Est. reading time":"5 minutes"},"schema":{"@context":"https:\/\/schema.org","@graph":[{"@type":"WebPage","@id":"https:\/\/www.etoro.com\/nb-no\/customer-service\/withdraw-faq\/","url":"https:\/\/www.etoro.com\/nb-no\/customer-service\/withdraw-faq\/","name":"Slik tar du ut midler fra eToro","isPartOf":{"@id":"https:\/\/www.etoro.com\/nb-no\/#website"},"primaryImageOfPage":{"@id":"https:\/\/www.etoro.com\/nb-no\/customer-service\/withdraw-faq\/#primaryimage"},"image":{"@id":"https:\/\/www.etoro.com\/nb-no\/customer-service\/withdraw-faq\/#primaryimage"},"thumbnailUrl":"https:\/\/www.etoro.com\/wp-content\/uploads\/2025\/04\/Featured-image-NO-1200x630-1.png","datePublished":"2017-10-26T05:21:46+00:00","dateModified":"2026-01-08T09:56:13+00:00","description":"Alt du m\u00e5 vite om \u00e5 gj\u00f8re et uttak fra eToros sosiale tradingnettverk og svar p\u00e5 de mest vanlige sp\u00f8rsm\u00e5lene.","breadcrumb":{"@id":"https:\/\/www.etoro.com\/nb-no\/customer-service\/withdraw-faq\/#breadcrumb"},"inLanguage":"no","potentialAction":[{"@type":"ReadAction","target":["https:\/\/www.etoro.com\/nb-no\/customer-service\/withdraw-faq\/"]}]},{"@type":"ImageObject","inLanguage":"no","@id":"https:\/\/www.etoro.com\/nb-no\/customer-service\/withdraw-faq\/#primaryimage","url":"https:\/\/www.etoro.com\/wp-content\/uploads\/2025\/04\/Featured-image-NO-1200x630-1.png","contentUrl":"https:\/\/www.etoro.com\/wp-content\/uploads\/2025\/04\/Featured-image-NO-1200x630-1.png","width":1200,"height":630},{"@type":"BreadcrumbList","@id":"https:\/\/www.etoro.com\/nb-no\/customer-service\/withdraw-faq\/#breadcrumb","itemListElement":[{"@type":"ListItem","position":1,"name":"Hjem","item":"https:\/\/www.etoro.com\/nb-no\/"},{"@type":"ListItem","position":2,"name":"KUNDESERVICE","item":"https:\/\/www.etoroasia.com.cn\/nb-no\/customer-service\/"},{"@type":"ListItem","position":3,"name":"OFTE SPURTE SP\u00d8RSM\u00c5L OM UTTAK"}]},{"@type":"WebSite","@id":"https:\/\/www.etoro.com\/nb-no\/#website","url":"https:\/\/www.etoro.com\/nb-no\/","name":"eToro","description":"","publisher":{"@id":"https:\/\/www.etoro.com\/nb-no\/#organization"},"potentialAction":[{"@type":"SearchAction","target":{"@type":"EntryPoint","urlTemplate":"https:\/\/www.etoro.com\/nb-no\/?s={search_term_string}"},"query-input":{"@type":"PropertyValueSpecification","valueRequired":true,"valueName":"search_term_string"}}],"inLanguage":"no"},[]]}},"_links":{"self":[{"href":"https:\/\/www.etoro.com\/nb-no\/wp-json\/wp\/v2\/pages\/16925"}],"collection":[{"href":"https:\/\/www.etoro.com\/nb-no\/wp-json\/wp\/v2\/pages"}],"about":[{"href":"https:\/\/www.etoro.com\/nb-no\/wp-json\/wp\/v2\/types\/page"}],"author":[{"embeddable":true,"href":"https:\/\/www.etoro.com\/nb-no\/wp-json\/wp\/v2\/users\/1"}],"replies":[{"embeddable":true,"href":"https:\/\/www.etoro.com\/nb-no\/wp-json\/wp\/v2\/comments?post=16925"}],"version-history":[{"count":0,"href":"https:\/\/www.etoro.com\/nb-no\/wp-json\/wp\/v2\/pages\/16925\/revisions"}],"up":[{"embeddable":true,"href":"https:\/\/www.etoro.com\/nb-no\/wp-json\/wp\/v2\/pages\/17853"}],"wp:featuredmedia":[{"embeddable":true,"href":"https:\/\/www.etoro.com\/nb-no\/wp-json\/wp\/v2\/media\/1052125"}],"wp:attachment":[{"href":"https:\/\/www.etoro.com\/nb-no\/wp-json\/wp\/v2\/media?parent=16925"}],"wp:term":[{"taxonomy":"asset_type","embeddable":true,"href":"https:\/\/www.etoro.com\/nb-no\/wp-json\/wp\/v2\/asset_type?post=16925"}],"curies":[{"name":"wp","href":"https:\/\/api.w.org\/{rel}","templated":true}]}}