{"id":16930,"date":"2017-10-24T08:45:44","date_gmt":"2017-10-24T05:45:44","guid":{"rendered":"\/etoro\/community-guidelines\/"},"modified":"2025-07-10T15:58:01","modified_gmt":"2025-07-10T12:58:01","slug":"community-guidelines","status":"publish","type":"page","link":"https:\/\/www.etoro.com\/nb-no\/customer-service\/community-guidelines\/","title":{"rendered":"Retningslinjer for eToro-fellesskapet"},"content":{"rendered":"\n<section class=\"wp-block-group wp-block-group-boxed\"><div class=\"wp-block-group-inner is-layout-flow wp-block-group-is-layout-flow\">\n<div class=\"wp-block-columns are-vertically-aligned-top wp-block-columns-1 is-layout-flex wp-container-core-columns-is-layout-1 wp-block-columns-is-layout-flex\">\n<div class=\"wp-block-column is-layout-flow wp-block-column-is-layout-flow\">\n<h2 class=\"wp-block-heading\">Slik brukes eToro<\/h2>\n\n\n\n<p>eToro er en nettbasert handelsplattform. Millioner av mennesker over hele verden bruker plattformen til \u00e5 styre \u00f8konomien sin og utf\u00f8re handler. Men, eToro er ogs\u00e5 et sosialt nettverk, der brukere kan utveksle tanker, ideer, strategier og mer. Som mange andre sosiale nettverk, er eToro ofte en plattform for debatt. Slike debatter gjennomf\u00f8res som regel p\u00e5 en rolig og h\u00f8flig m\u00e5te.<\/p>\n\n\n\n<p><em>F\u00f8lgende retningslinjer hjelper deg med \u00e5 forst\u00e5 hvilken type deling som er akseptert hos eToro. De viser ogs\u00e5 hvilken type innhold som kan bli merket, fjernet eller som resulterer i begrenset tilgang.<\/em><\/p>\n\n\n\n<p><em>For kunder av eToro AUS Capital Limited kan du lese og anerkjenne <a href=\"https:\/\/www.etoro.com\/wp-content\/uploads\/2021\/02\/eToro-ASIC-disclosure-wording-final.pdf\">social network disclosure and warning \u2013 eToro AUS Capital Pty Ltd<\/a> om innlegg p\u00e5 eToros sosiale nettverk, angitt i samsvar med ASIC Regulatory Guide 162 for internet discussion sites, og gjelder i tillegg til eToros retningslinjer for brukere ovenfor.<\/em><\/p>\n\n\n\n<h2 class=\"wp-block-heading\">Grunnen til at vi har retningslinjer for fellesskapet<\/h2>\n\n\n\n<p>eToro er f\u00f8rst og fremst et fellesskap best\u00e5ende av \u00f8konomientusiaster. eToro-fellesskapet er sv\u00e6rt mangfoldig; det st\u00f8tter mer enn 20 spr\u00e5k og dekker flere titalls land over hele verden. Naturlig nok er det slik at noen av og til misbruker de sosiale aspektene av plattformen. Noen gj\u00f8r det med onde hensikter, men som regel er det p\u00e5 grunn av at de ikke er klar over at fellesskapet har retningslinjer. Derfor har vi laget denne detaljerte veiledningen, for \u00e5 gj\u00f8re det mulig for eToro-brukere \u00e5 opprettholde et sunt og gunstig fellesskap.<\/p>\n\n\n\n<h2 class=\"wp-block-heading\">M\u00e5let med retningslinjene<\/h2>\n\n\n\n<ul class=\"wp-block-list wp-block-list wp-block-list-circle\">\n<li><b>Sikkerhet:<\/b> Vi \u00f8nsker \u00e5 s\u00f8rge for sikkerhet og trivsel for alle eToro-brukere. Dette oppn\u00e5s ved \u00e5 f\u00f8lge disse retningslinjene.<\/li>\n\n\n\n<li><b>Verdighet:<\/b> eToro er et sted for mennesker, og alle mennesker fortjener \u00e5 beholde verdigheten sin. Ved at du f\u00f8lger retningslinjene, kan vi sikre at brukernes verdighet ikke blir skadet.<\/li>\n<\/ul>\n\n\n\n<p><b><i>Ansvarsfraskrivelse:<\/i><\/b><i> Merk at den engelske versjonen av fellesskapsstandardene gjenspeiler de mest oppdaterte retningslinjene, og skal derfor brukes som hoveddokument.<\/i><\/p>\n\n\n\n<h2 class=\"wp-block-heading\">Vold og hets<\/h2>\n\n\n\n<p>eToro-brukere skal aldri opptre voldelig eller oppmuntre til voldelig oppf\u00f8rsel, enten direkte eller indirekte. Dette inkluderer, men er ikke begrenset til: bruk av skjellsord, banning, trolling, misbruk, svindel eller oppfordring.<\/p>\n\n\n\n<h2 class=\"wp-block-heading\">Trolling<\/h2>\n\n\n\n<p>eToro-brukere skal aldri med vilje stimulere til konflikt, generere provokasjon eller med vilje oppr\u00f8re andre brukere. Alle diskusjoner skal v\u00e6re h\u00f8flige og holde seg til saken.<\/p>\n\n\n\n<h2 class=\"wp-block-heading\">Bedrag og etterligning<\/h2>\n\n\n\n<p>Du m\u00e5 aldri gi en uriktig fremstilling av deg selv ved \u00e5 bruke eToro-logoen eller andre merkevarer i avataren eller innleggene dine.<\/p>\n\n\n\n<h2 class=\"wp-block-heading\">Oppfordring<\/h2>\n\n\n\n<p>Merk at brukere er ansvarlige for eventuell tredjepartsannonsering i alt innhold de deler. Du kan for eksempel ikke publisere, dele eller vise videoinnhold med tredjepartsannonsering (for eksempel videoannonser eller sponsorgrafikk) p\u00e5 plattformen v\u00e5r uten forh\u00e5ndsgodkjenning.<\/p>\n\n\n\n<h2 class=\"wp-block-heading\">Taktikk for markedsmanipulasjon<\/h2>\n\n\n\n<ul class=\"wp-block-list wp-block-list wp-block-list-circle\">\n<li>Falsk informasjon: Publiser aldri villedende informasjon om kontoen din og\/eller handelsferdighetene dine.<\/li>\n\n\n\n<li>Investeringsr\u00e5d: Gi aldri direkte investeringsr\u00e5d eller noe som kan tolkes som investeringsr\u00e5d. Ikke oppfordre til direkte handlinger (som for eksempel &#8220;invester i&#8221;).<\/li>\n\n\n\n<li>Markedsmanipulasjon: Ikke gi falske l\u00f8fter, oppfordre andre til \u00e5 handle\/investere eller pr\u00f8ve \u00e5 skape ustabile markedssituasjoner.<\/li>\n\n\n\n<li>Ikke organiser eller utf\u00f8r koordinerte strategier for \u00e5 handle eller plassere ordre til bestemte betingelser og tidspunkter for \u00e5 bevege en aksjekurs, da dette er markedsmanipulasjon<\/li>\n\n\n\n<li>Brukermanipulasjon: Ikke gi instruksjoner om spesifikke handler eller hvordan man handler.<\/li>\n\n\n\n<li>Falske nyheter: Ikke del\/spre feilinformasjon, ikke-verifiserbar informasjon og rykter.<\/li>\n\n\n\n<li>Spamming: Ikke bruk hemmelige avtaler eller manipulasjon, og unng\u00e5 \u00e5 overf\u00f8re feilinformasjon for \u00e5 forvrenge finansmarkedene. Publiser heller ikke samme informasjon flere ganger i ulike innlegg.<\/li>\n<\/ul>\n\n\n\n<h2 class=\"wp-block-heading\">Kontakt eToros kundest\u00f8tte<\/h2>\n\n\n\n<p>Ikke publiser tekniske eller kontorelaterte sp\u00f8rsm\u00e5l eller informasjon i nyhetsstr\u00f8mmen. Du kan kontakte kundest\u00f8tte n\u00e5r som helst hvis du har sp\u00f8rsm\u00e5l eller behov for assistanse. Bruk live chat eller <a href=\"https:\/\/www.etoro.com\/nb-no\/customer-service\/\">\u00e5pne en sak<\/a>. Du kan ogs\u00e5 g\u00e5 til <a href=\"https:\/\/help.etoro.com\/s\/?language=no\">eToros hjelpesenter<\/a>.<\/p>\n\n\n\n<h2 class=\"wp-block-heading\">Personopplysninger<\/h2>\n\n\n\n<p>Del aldri personopplysninger i eToros nyhetsstr\u00f8m, og oppfordre aldri andre til \u00e5 gj\u00f8re det.<\/p>\n\n\n\n<h2 class=\"wp-block-heading\">Emner som m\u00e5 unng\u00e5s<\/h2>\n\n\n\n<p>Aldri diskuter, nevn eller del innhold relatert til f\u00f8lgende:<\/p>\n\n\n\n<ul class=\"wp-block-list wp-block-list wp-block-list-circle\">\n<li>Selvmord og selvskading<\/li>\n\n\n\n<li>Seksuell utnyttelse, misbruk og nakenhet av barn<\/li>\n\n\n\n<li>Mobbing og trakassering<\/li>\n\n\n\n<li>Plattformmanipulasjon (bruk av eToro-plattformen p\u00e5 en m\u00e5te som er ment \u00e5 kunstig forsterke eller undertrykke informasjon)<\/li>\n\n\n\n<li>Syntetiske og manipulerte medier (villedende deling av syntetisk eller manipulert media som sannsynligvis vil for\u00e5rsake skade)<\/li>\n<\/ul>\n\n\n\n<h2 class=\"wp-block-heading\">Hvis retningslinjene for eToro-fellesskapet ikke f\u00f8lges<\/h2>\n\n\n\n<p>eToro kan redigere eller slette innlegg, kommentarer, avatarer og biografier som ikke f\u00f8lger retningslinjene ovenfor. Kontinuerlig misbruk av disse retningslinjene f\u00f8rer til at tilgangen din blir begrenset eller sperret. Hvis et medlem av eToro-teamet eller -fellesskapet varsler om ovennevnt misbruk fra bestemt bruker, og vi oppdager at oppf\u00f8rselen fortsetter, er ogs\u00e5 dette grunnlag for \u00e5 fjerne innhold eller begrense tilgangen for den aktuelle brukeren. Hvis tilgangen din er begrenset og du er usikker p\u00e5 hvorfor dette har skjedd, kan du ta kontakt med <a href=\"https:\/\/www.etoro.com\/nb-no\/customer-service\/\">kundest\u00f8tte<\/a>.<\/p>\n\n\n\n<h2 class=\"wp-block-heading\">Dette kan du gjerne gj\u00f8re:<\/h2>\n\n\n\n<h3 class=\"wp-block-heading\">V\u00e6r konstruktiv<\/h3>\n\n\n\n<p>Hos oss samles mange tradere fra ulike aldersgrupper, kulturer og livsstiler. Brukerne har delte meninger, men de deler en felles interesse for markedshandel. V\u00e6r h\u00f8flig og vis respekt for andres ideer, kommentarer eller trading-aktiviteter \u2013 selv om det ikke samsvarer med dine egne meninger. Du oppfordres til \u00e5 dele tanker og tilbakemeldinger, men vis respekt og unng\u00e5 \u00e5 trakassere noen.<\/p>\n\n\n\n<h3 class=\"wp-block-heading\">Oppmuntre til diskusjon<\/h3>\n\n\n\n<p>Vi oppfordrer deg til \u00e5 diskutere og utfordre ideer, strategier og markedsbegivenheter underveis.<\/p>\n\n\n\n<h3 class=\"wp-block-heading\">Hold deg til saken<\/h3>\n\n\n\n<p>Du kan stille sp\u00f8rsm\u00e5l hvis du er usikker p\u00e5 noe, men hold deg til saken. S\u00f8rg ogs\u00e5 for \u00e5 at du legger til informasjon p\u00e5 riktig sted. Ikke forstyrr andres samtaler eller bruk markedsstr\u00f8mmen for personlige eller irrelevante innlegg. Dette inkluderer tagging av markedsstr\u00f8mmer i handelshistoriene dine, bruk av dem til \u00e5 markedsf\u00f8re resultatene dine (se spamming) eller stille generelle sp\u00f8rsm\u00e5l om andre emner.<\/p>\n\n\n\n<h3 class=\"wp-block-heading\">Ikke v\u00e6r sjenert hvis du er ny<\/h3>\n\n\n\n<p>Still sp\u00f8rsm\u00e5l og sp\u00f8r om hendelser hvis du er usikker p\u00e5 hva de betyr eller hvilket utfall alle andre sp\u00e5r, og hvorfor.<\/p>\n\n\n\n<h3 class=\"wp-block-heading\">\u00d8k portef\u00f8ljeeksponeringen din i fellesskapet<\/h3>\n\n\n\n<p>Hvis du \u00f8nsker f\u00f8lgere p\u00e5 eToro, kan du dra nytte av disse tipsene:<\/p>\n\n\n\n<ul class=\"wp-block-list wp-block-list wp-block-list-circle\">\n<li>Last opp et bilde av deg selv og s\u00f8rg for at navnet ditt er synlig.<\/li>\n\n\n\n<li>eToro oppfordrer til ansvarlig handel. Presenterer deg selv som en ansvarlig trader for de som bes\u00f8ker profilen din. Del tankene dine og forklaringer om hvordan du handler via nyhetsstr\u00f8mmen din. Dette bidrar til \u00e5 styrke omd\u00f8mmet ditt, og det gir innsikt for potensielle copy-tradere.<\/li>\n\n\n\n<li>Delta i samtaler og hjelp andre ved \u00e5 besvare sp\u00f8rsm\u00e5lene deres.<\/li>\n\n\n\n<li>Del handlingene og innleggene dine p\u00e5 Facebook og Twitter for \u00e5 tiltrekke deg nye copy-tradere. Sjekk hvilke kampanjer som er tilgjengelige for alle regioner, og del dem med vennene dine.<\/li>\n<\/ul>\n<\/div>\n<\/div>\n<\/div><\/section>\n","protected":false},"excerpt":{"rendered":"<p>Slik brukes eToro eToro er en nettbasert handelsplattform. Millioner av mennesker over hele verden bruker plattformen til \u00e5 styre \u00f8konomien sin og utf\u00f8re handler. Men, eToro er ogs\u00e5 et sosialt nettverk, der brukere kan utveksle tanker, ideer, strategier og mer. Som mange andre sosiale nettverk, er eToro ofte en plattform for debatt. Slike debatter gjennomf\u00f8res&hellip;<\/p>\n","protected":false},"author":1,"featured_media":813167,"parent":17853,"menu_order":1550,"comment_status":"closed","ping_status":"closed","template":"","meta":{"_acf_changed":false,"inline_featured_image":false,"sticky_cta_settings":"","footnotes":""},"asset_type":[],"class_list":["post-16930","page","type-page","status-publish","has-post-thumbnail","hentry"],"acf":[],"yoast_head":"<title>Retningslinjer for det sosiale tradingfellesskapet | eToro<\/title>\n<meta name=\"description\" content=\"eToro bygger p\u00e5 et nettverk med mer enn 6 millioner tradere. Disse retningslinjene skal s\u00f8rge for en vennlig atmosf\u00e6re i det sosiale tradingfellesskapet.\" \/>\n<meta name=\"robots\" content=\"index, follow, max-snippet:-1, max-image-preview:large, max-video-preview:-1\" \/>\n<link rel=\"canonical\" href=\"https:\/\/www.etoro.com\/nb-no\/wp-json\/wp\/v2\/pages\/16930\" \/>\n<meta property=\"og:locale\" content=\"nn_NO\" \/>\n<meta property=\"og:type\" content=\"article\" \/>\n<meta property=\"og:title\" content=\"Retningslinjer for det sosiale tradingfellesskapet | eToro\" \/>\n<meta property=\"og:description\" content=\"eToro bygger p\u00e5 et nettverk med mer enn 6 millioner tradere. Disse retningslinjene skal s\u00f8rge for en vennlig atmosf\u00e6re i det sosiale tradingfellesskapet.\" \/>\n<meta property=\"og:url\" content=\"https:\/\/www.etoro.com\/nb-no\/wp-json\/wp\/v2\/pages\/16930\" \/>\n<meta property=\"og:site_name\" content=\"eToro\" \/>\n<meta property=\"article:publisher\" content=\"https:\/\/www.facebook.com\/eToro\/\" \/>\n<meta property=\"article:modified_time\" content=\"2025-07-10T12:58:01+00:00\" \/>\n<meta property=\"og:image\" content=\"https:\/\/www.etoro.com\/wp-content\/uploads\/2023\/12\/eToro-Community-Guidelines_Featured-image-1200x630_Norwegian-nb-no.png\" \/>\n\t<meta property=\"og:image:width\" content=\"1200\" \/>\n\t<meta property=\"og:image:height\" content=\"630\" \/>\n\t<meta property=\"og:image:type\" content=\"image\/png\" \/>\n<meta name=\"twitter:card\" content=\"summary_large_image\" \/>\n<meta name=\"twitter:site\" content=\"@eToro\" \/>\n<meta name=\"twitter:label1\" content=\"Est. reading time\" \/>\n\t<meta name=\"twitter:data1\" content=\"5 minutes\" \/>\n<script type=\"application\/ld+json\" class=\"yoast-schema-graph\">{\"@context\":\"https:\/\/schema.org\",\"@graph\":[{\"@type\":\"WebPage\",\"@id\":\"https:\/\/www.etoro.com\/nb-no\/customer-service\/community-guidelines\/\",\"url\":\"https:\/\/www.etoro.com\/nb-no\/customer-service\/community-guidelines\/\",\"name\":\"Retningslinjer for det sosiale tradingfellesskapet | eToro\",\"isPartOf\":{\"@id\":\"https:\/\/www.etoro.com\/nb-no\/#website\"},\"primaryImageOfPage\":{\"@id\":\"https:\/\/www.etoro.com\/nb-no\/customer-service\/community-guidelines\/#primaryimage\"},\"image\":{\"@id\":\"https:\/\/www.etoro.com\/nb-no\/customer-service\/community-guidelines\/#primaryimage\"},\"thumbnailUrl\":\"https:\/\/www.etoro.com\/wp-content\/uploads\/2023\/12\/eToro-Community-Guidelines_Featured-image-1200x630_Norwegian-nb-no.png\",\"datePublished\":\"2017-10-24T05:45:44+00:00\",\"dateModified\":\"2025-07-10T12:58:01+00:00\",\"description\":\"eToro bygger p\u00e5 et nettverk med mer enn 6 millioner tradere. Disse retningslinjene skal s\u00f8rge for en vennlig atmosf\u00e6re i det sosiale tradingfellesskapet.\",\"breadcrumb\":{\"@id\":\"https:\/\/www.etoro.com\/nb-no\/customer-service\/community-guidelines\/#breadcrumb\"},\"inLanguage\":\"no\",\"potentialAction\":[{\"@type\":\"ReadAction\",\"target\":[\"https:\/\/www.etoro.com\/nb-no\/customer-service\/community-guidelines\/\"]}]},{\"@type\":\"ImageObject\",\"inLanguage\":\"no\",\"@id\":\"https:\/\/www.etoro.com\/nb-no\/customer-service\/community-guidelines\/#primaryimage\",\"url\":\"https:\/\/www.etoro.com\/wp-content\/uploads\/2023\/12\/eToro-Community-Guidelines_Featured-image-1200x630_Norwegian-nb-no.png\",\"contentUrl\":\"https:\/\/www.etoro.com\/wp-content\/uploads\/2023\/12\/eToro-Community-Guidelines_Featured-image-1200x630_Norwegian-nb-no.png\",\"width\":1200,\"height\":630,\"caption\":\"eToro Community Guidelines\"},{\"@type\":\"BreadcrumbList\",\"@id\":\"https:\/\/www.etoro.com\/nb-no\/customer-service\/community-guidelines\/#breadcrumb\",\"itemListElement\":[{\"@type\":\"ListItem\",\"position\":1,\"name\":\"Hjem\",\"item\":\"https:\/\/www.etoro.com\/nb-no\/\"},{\"@type\":\"ListItem\",\"position\":2,\"name\":\"KUNDESERVICE\",\"item\":\"https:\/\/www.etoroasia.com.cn\/nb-no\/customer-service\/\"},{\"@type\":\"ListItem\",\"position\":3,\"name\":\"RETNINGSLINJER FOR FELLESSKAPET\"}]},{\"@type\":\"WebSite\",\"@id\":\"https:\/\/www.etoro.com\/nb-no\/#website\",\"url\":\"https:\/\/www.etoro.com\/nb-no\/\",\"name\":\"eToro\",\"description\":\"\",\"publisher\":{\"@id\":\"https:\/\/www.etoro.com\/nb-no\/#organization\"},\"potentialAction\":[{\"@type\":\"SearchAction\",\"target\":{\"@type\":\"EntryPoint\",\"urlTemplate\":\"https:\/\/www.etoro.com\/nb-no\/?s={search_term_string}\"},\"query-input\":{\"@type\":\"PropertyValueSpecification\",\"valueRequired\":true,\"valueName\":\"search_term_string\"}}],\"inLanguage\":\"no\"},[]]}<\/script>","yoast_head_json":{"title":"Retningslinjer for det sosiale tradingfellesskapet | eToro","description":"eToro bygger p\u00e5 et nettverk med mer enn 6 millioner tradere. Disse retningslinjene skal s\u00f8rge for en vennlig atmosf\u00e6re i det sosiale tradingfellesskapet.","robots":{"index":"index","follow":"follow","max-snippet":"max-snippet:-1","max-image-preview":"max-image-preview:large","max-video-preview":"max-video-preview:-1"},"canonical":"https:\/\/www.etoro.com\/nb-no\/wp-json\/wp\/v2\/pages\/16930","og_locale":"nn_NO","og_type":"article","og_title":"Retningslinjer for det sosiale tradingfellesskapet | eToro","og_description":"eToro bygger p\u00e5 et nettverk med mer enn 6 millioner tradere. Disse retningslinjene skal s\u00f8rge for en vennlig atmosf\u00e6re i det sosiale tradingfellesskapet.","og_url":"https:\/\/www.etoro.com\/nb-no\/wp-json\/wp\/v2\/pages\/16930","og_site_name":"eToro","article_publisher":"https:\/\/www.facebook.com\/eToro\/","article_modified_time":"2025-07-10T12:58:01+00:00","og_image":[{"width":1200,"height":630,"url":"https:\/\/www.etoro.com\/wp-content\/uploads\/2023\/12\/eToro-Community-Guidelines_Featured-image-1200x630_Norwegian-nb-no.png","type":"image\/png"}],"twitter_card":"summary_large_image","twitter_site":"@eToro","twitter_misc":{"Est. reading time":"5 minutes"},"schema":{"@context":"https:\/\/schema.org","@graph":[{"@type":"WebPage","@id":"https:\/\/www.etoro.com\/nb-no\/customer-service\/community-guidelines\/","url":"https:\/\/www.etoro.com\/nb-no\/customer-service\/community-guidelines\/","name":"Retningslinjer for det sosiale tradingfellesskapet | eToro","isPartOf":{"@id":"https:\/\/www.etoro.com\/nb-no\/#website"},"primaryImageOfPage":{"@id":"https:\/\/www.etoro.com\/nb-no\/customer-service\/community-guidelines\/#primaryimage"},"image":{"@id":"https:\/\/www.etoro.com\/nb-no\/customer-service\/community-guidelines\/#primaryimage"},"thumbnailUrl":"https:\/\/www.etoro.com\/wp-content\/uploads\/2023\/12\/eToro-Community-Guidelines_Featured-image-1200x630_Norwegian-nb-no.png","datePublished":"2017-10-24T05:45:44+00:00","dateModified":"2025-07-10T12:58:01+00:00","description":"eToro bygger p\u00e5 et nettverk med mer enn 6 millioner tradere. Disse retningslinjene skal s\u00f8rge for en vennlig atmosf\u00e6re i det sosiale tradingfellesskapet.","breadcrumb":{"@id":"https:\/\/www.etoro.com\/nb-no\/customer-service\/community-guidelines\/#breadcrumb"},"inLanguage":"no","potentialAction":[{"@type":"ReadAction","target":["https:\/\/www.etoro.com\/nb-no\/customer-service\/community-guidelines\/"]}]},{"@type":"ImageObject","inLanguage":"no","@id":"https:\/\/www.etoro.com\/nb-no\/customer-service\/community-guidelines\/#primaryimage","url":"https:\/\/www.etoro.com\/wp-content\/uploads\/2023\/12\/eToro-Community-Guidelines_Featured-image-1200x630_Norwegian-nb-no.png","contentUrl":"https:\/\/www.etoro.com\/wp-content\/uploads\/2023\/12\/eToro-Community-Guidelines_Featured-image-1200x630_Norwegian-nb-no.png","width":1200,"height":630,"caption":"eToro Community Guidelines"},{"@type":"BreadcrumbList","@id":"https:\/\/www.etoro.com\/nb-no\/customer-service\/community-guidelines\/#breadcrumb","itemListElement":[{"@type":"ListItem","position":1,"name":"Hjem","item":"https:\/\/www.etoro.com\/nb-no\/"},{"@type":"ListItem","position":2,"name":"KUNDESERVICE","item":"https:\/\/www.etoroasia.com.cn\/nb-no\/customer-service\/"},{"@type":"ListItem","position":3,"name":"RETNINGSLINJER FOR FELLESSKAPET"}]},{"@type":"WebSite","@id":"https:\/\/www.etoro.com\/nb-no\/#website","url":"https:\/\/www.etoro.com\/nb-no\/","name":"eToro","description":"","publisher":{"@id":"https:\/\/www.etoro.com\/nb-no\/#organization"},"potentialAction":[{"@type":"SearchAction","target":{"@type":"EntryPoint","urlTemplate":"https:\/\/www.etoro.com\/nb-no\/?s={search_term_string}"},"query-input":{"@type":"PropertyValueSpecification","valueRequired":true,"valueName":"search_term_string"}}],"inLanguage":"no"},[]]}},"_links":{"self":[{"href":"https:\/\/www.etoro.com\/nb-no\/wp-json\/wp\/v2\/pages\/16930"}],"collection":[{"href":"https:\/\/www.etoro.com\/nb-no\/wp-json\/wp\/v2\/pages"}],"about":[{"href":"https:\/\/www.etoro.com\/nb-no\/wp-json\/wp\/v2\/types\/page"}],"author":[{"embeddable":true,"href":"https:\/\/www.etoro.com\/nb-no\/wp-json\/wp\/v2\/users\/1"}],"replies":[{"embeddable":true,"href":"https:\/\/www.etoro.com\/nb-no\/wp-json\/wp\/v2\/comments?post=16930"}],"version-history":[{"count":0,"href":"https:\/\/www.etoro.com\/nb-no\/wp-json\/wp\/v2\/pages\/16930\/revisions"}],"up":[{"embeddable":true,"href":"https:\/\/www.etoro.com\/nb-no\/wp-json\/wp\/v2\/pages\/17853"}],"wp:featuredmedia":[{"embeddable":true,"href":"https:\/\/www.etoro.com\/nb-no\/wp-json\/wp\/v2\/media\/813167"}],"wp:attachment":[{"href":"https:\/\/www.etoro.com\/nb-no\/wp-json\/wp\/v2\/media?parent=16930"}],"wp:term":[{"taxonomy":"asset_type","embeddable":true,"href":"https:\/\/www.etoro.com\/nb-no\/wp-json\/wp\/v2\/asset_type?post=16930"}],"curies":[{"name":"wp","href":"https:\/\/api.w.org\/{rel}","templated":true}]}}