{"id":17662,"date":"2017-08-15T10:56:22","date_gmt":"2017-08-15T09:56:22","guid":{"rendered":"http:\/\/www.etoro.com\/etoro\/terms-conditions\/"},"modified":"2026-01-06T16:57:18","modified_gmt":"2026-01-06T14:57:18","slug":"terms-conditions","status":"publish","type":"page","link":"https:\/\/www.etoro.com\/nb-no\/customer-service\/terms-conditions\/","title":{"rendered":"Vilk\u00e5r"},"content":{"rendered":"<h2>eToro (Europe)-kunder m\u00e5 lese eToro (Europe) Ltds vilk\u00e5r og betingelser<\/h2>\n<div class=\"documets_table documents_table_two_cols\"><a file_type='pdf' class='document_td' href='https:\/\/www.etoro.com\/wp-content\/uploads\/2026\/01\/eToro-EU-Terms-and-Conditions-7-January-2026-Clean.pdf' target='_blank'>\n            <span class='document_td_vertical'>\n                <span class='file_name'>eToro (Europe) Ltd. Terms and Conditions<\/span>\n                <span class='file_link'>Last ned PDF<\/span>\n            <\/span>\n        <\/a><a file_type='pdf' class='document_td' href='https:\/\/www.etoro.com\/wp-content\/uploads\/2026\/01\/eToro-EU-Terms-and-Conditions-German-Translation-7-January-2026-Clean.pdf' target='_blank'>\n            <span class='document_td_vertical'>\n                <span class='file_name'>eToro (EU) Terms and Conditions \u2013 German Translation<\/span>\n                <span class='file_link'>Last ned PDF<\/span>\n            <\/span>\n        <\/a><a file_type='pdf' class='document_td' href='https:\/\/www.etoro.com\/wp-content\/uploads\/2022\/10\/eToro-EU-Terms-and-Conditions-Spanish-Translation-Update-30-August-2022.pdf' target='_blank'>\n            <span class='document_td_vertical'>\n                <span class='file_name'>eToro (EU) Terms and Conditions \u2013 Spanish Translation<\/span>\n                <span class='file_link'>Last ned PDF<\/span>\n            <\/span>\n        <\/a><a file_type='pdf' class='document_td' href='https:\/\/www.etoro.com\/wp-content\/uploads\/2022\/10\/eToro-EU-Terms-and-Conditions-French-Translation-Update-30-August-2022.pdf' target='_blank'>\n            <span class='document_td_vertical'>\n                <span class='file_name'>eToro (EU) Terms and Conditions \u2013 French Translation<\/span>\n                <span class='file_link'>Last ned PDF<\/span>\n            <\/span>\n        <\/a><a file_type='pdf' class='document_td' href='https:\/\/www.etoro.com\/wp-content\/uploads\/2022\/10\/eToro-EU-Terms-and-Conditions-Arabic-Translation-Update-30-August-2022.pdf' target='_blank'>\n            <span class='document_td_vertical'>\n                <span class='file_name'>eToro EU Terms and Conditions \u2013 Italian Translation<\/span>\n                <span class='file_link'>Last ned PDF<\/span>\n            <\/span>\n        <\/a><a file_type='pdf' class='document_td' href='https:\/\/www.etoro.com\/wp-content\/uploads\/2022\/10\/eToro-EU-Terms-and-Conditions-Arabic-Translation-Update-30-August-2022.pdf' target='_blank'>\n            <span class='document_td_vertical'>\n                <span class='file_name'>eToro (EU) Terms and Conditions \u2013 Arabic translation<\/span>\n                <span class='file_link'>Last ned PDF<\/span>\n            <\/span>\n        <\/a><\/div>\n<h2>eToro (UK)-kunder m\u00e5 lese eToro (UK) Ltds vilk\u00e5r og betingelser<\/h2>\n<div class=\"documets_table documents_table_two_cols\"><a file_type='pdf' class='document_td' href='https:\/\/www.etoro.com\/wp-content\/uploads\/2025\/09\/eToro-UK-Terms-and-Conditions-26-January-2026-Clean-1.pdf' target='_blank'>\n            <span class='document_td_vertical'>\n                <span class='file_name'>eToro (UK) Ltd. Terms and Conditions<\/span>\n                <span class='file_link'>Last ned PDF<\/span>\n            <\/span>\n        <\/a><\/div>\n<h2>eToro-kunder i (Australia) m\u00e5 lese eToro AUS Capital Pty Ltds PDS, finansproduktvilk\u00e5r og FSG<\/h2>\n<div class=\"documets_table documents_table_two_cols\"><a file_type='pdf' class='document_td' href='https:\/\/www.etoro.com\/wp-content\/uploads\/2021\/09\/20230724_PDS.pdf' target='_blank'>\n            <span class='document_td_vertical'>\n                <span class='file_name'>eToro AUS Capital Limited PDS<\/span>\n                <span class='file_link'>Last ned PDF<\/span>\n            <\/span>\n        <\/a><a file_type='pdf' class='document_td' href='https:\/\/www.etoro.com\/wp-content\/uploads\/2023\/05\/20230510_FSG.pdf' target='_blank'>\n            <span class='document_td_vertical'>\n                <span class='file_name'>eToro AUS Capital Limited FSG<\/span>\n                <span class='file_link'>Last ned PDF<\/span>\n            <\/span>\n        <\/a><a file_type='pdf' class='document_td' href='https:\/\/www.etoro.com\/wp-content\/uploads\/2023\/05\/20230510_TCs.pdf' target='_blank'>\n            <span class='document_td_vertical'>\n                <span class='file_name'>eToro AUS Capital Limited Finansbegreper<\/span>\n                <span class='file_link'>Last ned PDF<\/span>\n            <\/span>\n        <\/a><a file_type='pdf' class='document_td' href='https:\/\/www.etoro.com\/wp-content\/uploads\/2023\/05\/20230510_RAF.pdf' target='_blank'>\n            <span class='document_td_vertical'>\n                <span class='file_name'>eToro Aus Capital Ltd. Refer a Friend Terms & Conditions (the \u201cTerms\u201d)<\/span>\n                <span class='file_link'>Last ned PDF<\/span>\n            <\/span>\n        <\/a><\/div>\n<h2>eToro (Seychelles)-kunder m\u00e5 lese eToro (Seychelles) Ltds vilk\u00e5r og betingelser<\/h2>\n<div class=\"documets_table documents_table_two_cols\"><a file_type='pdf' class='document_td' href='https:\/\/www.etoro.com\/wp-content\/uploads\/2025\/12\/eToro-Seychelles-Terms-and-Conditions-15-December-2025.pdf' target='_blank'>\n            <span class='document_td_vertical'>\n                <span class='file_name'>eToro Seychelles - Terms and Conditions<\/span>\n                <span class='file_link'>Last ned PDF<\/span>\n            <\/span>\n        <\/a><\/div>\n","protected":false},"excerpt":{"rendered":"<p>eToro (Europe)-kunder m\u00e5 lese eToro (Europe) Ltds vilk\u00e5r og betingelser eToro (UK)-kunder m\u00e5 lese eToro (UK) Ltds vilk\u00e5r og betingelser eToro-kunder i (Australia) m\u00e5 lese eToro AUS Capital Pty Ltds PDS, finansproduktvilk\u00e5r og FSG eToro (Seychelles)-kunder m\u00e5 lese eToro (Seychelles) Ltds vilk\u00e5r og betingelser<\/p>\n","protected":false},"author":1,"featured_media":0,"parent":17853,"menu_order":1829,"comment_status":"closed","ping_status":"closed","template":"","meta":{"_acf_changed":false,"inline_featured_image":false,"sticky_cta_settings":"","footnotes":""},"asset_type":[],"class_list":["post-17662","page","type-page","status-publish","hentry"],"acf":[],"yoast_head":"<title>Vilk\u00e5r og betingelser | eToro<\/title>\n<meta name=\"description\" content=\"Detaljerte dokumenter med vilk\u00e5rene og betingelsene for bruk av eToros sosiale tradingplattform etter tema eller geografisk plassering.\" \/>\n<meta name=\"robots\" content=\"index, follow, max-snippet:-1, max-image-preview:large, max-video-preview:-1\" \/>\n<link rel=\"canonical\" href=\"https:\/\/www.etoro.com\/nb-no\/wp-json\/wp\/v2\/pages\/17662\" \/>\n<meta property=\"og:locale\" content=\"nn_NO\" \/>\n<meta property=\"og:type\" content=\"article\" \/>\n<meta property=\"og:title\" content=\"Vilk\u00e5r og betingelser | eToro\" \/>\n<meta property=\"og:description\" content=\"Detaljerte dokumenter med vilk\u00e5rene og betingelsene for bruk av eToros sosiale tradingplattform etter tema eller geografisk plassering.\" \/>\n<meta property=\"og:url\" content=\"https:\/\/www.etoro.com\/nb-no\/wp-json\/wp\/v2\/pages\/17662\" \/>\n<meta property=\"og:site_name\" content=\"eToro\" \/>\n<meta property=\"article:publisher\" content=\"https:\/\/www.facebook.com\/eToro\/\" \/>\n<meta property=\"article:modified_time\" content=\"2026-01-06T14:57:18+00:00\" \/>\n<meta property=\"og:image\" content=\"https:\/\/www.etoro.com\/wp-content\/uploads\/2019\/12\/etoro_logo_social_share1.png\" \/>\n\t<meta property=\"og:image:width\" content=\"240\" \/>\n\t<meta property=\"og:image:height\" content=\"240\" \/>\n\t<meta property=\"og:image:type\" content=\"image\/png\" \/>\n<meta name=\"twitter:card\" content=\"summary_large_image\" \/>\n<meta name=\"twitter:site\" content=\"@eToro\" \/>\n<meta name=\"twitter:label1\" content=\"Est. reading time\" \/>\n\t<meta name=\"twitter:data1\" content=\"1 minute\" \/>\n<script type=\"application\/ld+json\" class=\"yoast-schema-graph\">{\"@context\":\"https:\/\/schema.org\",\"@graph\":[{\"@type\":\"WebPage\",\"@id\":\"https:\/\/www.etoro.com\/nb-no\/customer-service\/terms-conditions\/\",\"url\":\"https:\/\/www.etoro.com\/nb-no\/customer-service\/terms-conditions\/\",\"name\":\"Vilk\u00e5r og betingelser | eToro\",\"isPartOf\":{\"@id\":\"https:\/\/www.etoro.com\/nb-no\/#website\"},\"datePublished\":\"2017-08-15T09:56:22+00:00\",\"dateModified\":\"2026-01-06T14:57:18+00:00\",\"description\":\"Detaljerte dokumenter med vilk\u00e5rene og betingelsene for bruk av eToros sosiale tradingplattform etter tema eller geografisk plassering.\",\"breadcrumb\":{\"@id\":\"https:\/\/www.etoro.com\/nb-no\/customer-service\/terms-conditions\/#breadcrumb\"},\"inLanguage\":\"no\",\"potentialAction\":[{\"@type\":\"ReadAction\",\"target\":[\"https:\/\/www.etoro.com\/nb-no\/customer-service\/terms-conditions\/\"]}]},{\"@type\":\"BreadcrumbList\",\"@id\":\"https:\/\/www.etoro.com\/nb-no\/customer-service\/terms-conditions\/#breadcrumb\",\"itemListElement\":[{\"@type\":\"ListItem\",\"position\":1,\"name\":\"Hjem\",\"item\":\"https:\/\/www.etoro.com\/nb-no\/\"},{\"@type\":\"ListItem\",\"position\":2,\"name\":\"KUNDESERVICE\",\"item\":\"https:\/\/www.etoroasia.com.cn\/nb-no\/customer-service\/\"},{\"@type\":\"ListItem\",\"position\":3,\"name\":\"VILK\u00c5R BETINGELSER\"}]},{\"@type\":\"WebSite\",\"@id\":\"https:\/\/www.etoro.com\/nb-no\/#website\",\"url\":\"https:\/\/www.etoro.com\/nb-no\/\",\"name\":\"eToro\",\"description\":\"\",\"publisher\":{\"@id\":\"https:\/\/www.etoro.com\/nb-no\/#organization\"},\"potentialAction\":[{\"@type\":\"SearchAction\",\"target\":{\"@type\":\"EntryPoint\",\"urlTemplate\":\"https:\/\/www.etoro.com\/nb-no\/?s={search_term_string}\"},\"query-input\":{\"@type\":\"PropertyValueSpecification\",\"valueRequired\":true,\"valueName\":\"search_term_string\"}}],\"inLanguage\":\"no\"},[]]}<\/script>","yoast_head_json":{"title":"Vilk\u00e5r og betingelser | eToro","description":"Detaljerte dokumenter med vilk\u00e5rene og betingelsene for bruk av eToros sosiale tradingplattform etter tema eller geografisk plassering.","robots":{"index":"index","follow":"follow","max-snippet":"max-snippet:-1","max-image-preview":"max-image-preview:large","max-video-preview":"max-video-preview:-1"},"canonical":"https:\/\/www.etoro.com\/nb-no\/wp-json\/wp\/v2\/pages\/17662","og_locale":"nn_NO","og_type":"article","og_title":"Vilk\u00e5r og betingelser | eToro","og_description":"Detaljerte dokumenter med vilk\u00e5rene og betingelsene for bruk av eToros sosiale tradingplattform etter tema eller geografisk plassering.","og_url":"https:\/\/www.etoro.com\/nb-no\/wp-json\/wp\/v2\/pages\/17662","og_site_name":"eToro","article_publisher":"https:\/\/www.facebook.com\/eToro\/","article_modified_time":"2026-01-06T14:57:18+00:00","og_image":[{"width":240,"height":240,"url":"https:\/\/www.etoro.com\/wp-content\/uploads\/2019\/12\/etoro_logo_social_share1.png","type":"image\/png"}],"twitter_card":"summary_large_image","twitter_site":"@eToro","twitter_misc":{"Est. reading time":"1 minute"},"schema":{"@context":"https:\/\/schema.org","@graph":[{"@type":"WebPage","@id":"https:\/\/www.etoro.com\/nb-no\/customer-service\/terms-conditions\/","url":"https:\/\/www.etoro.com\/nb-no\/customer-service\/terms-conditions\/","name":"Vilk\u00e5r og betingelser | eToro","isPartOf":{"@id":"https:\/\/www.etoro.com\/nb-no\/#website"},"datePublished":"2017-08-15T09:56:22+00:00","dateModified":"2026-01-06T14:57:18+00:00","description":"Detaljerte dokumenter med vilk\u00e5rene og betingelsene for bruk av eToros sosiale tradingplattform etter tema eller geografisk plassering.","breadcrumb":{"@id":"https:\/\/www.etoro.com\/nb-no\/customer-service\/terms-conditions\/#breadcrumb"},"inLanguage":"no","potentialAction":[{"@type":"ReadAction","target":["https:\/\/www.etoro.com\/nb-no\/customer-service\/terms-conditions\/"]}]},{"@type":"BreadcrumbList","@id":"https:\/\/www.etoro.com\/nb-no\/customer-service\/terms-conditions\/#breadcrumb","itemListElement":[{"@type":"ListItem","position":1,"name":"Hjem","item":"https:\/\/www.etoro.com\/nb-no\/"},{"@type":"ListItem","position":2,"name":"KUNDESERVICE","item":"https:\/\/www.etoroasia.com.cn\/nb-no\/customer-service\/"},{"@type":"ListItem","position":3,"name":"VILK\u00c5R BETINGELSER"}]},{"@type":"WebSite","@id":"https:\/\/www.etoro.com\/nb-no\/#website","url":"https:\/\/www.etoro.com\/nb-no\/","name":"eToro","description":"","publisher":{"@id":"https:\/\/www.etoro.com\/nb-no\/#organization"},"potentialAction":[{"@type":"SearchAction","target":{"@type":"EntryPoint","urlTemplate":"https:\/\/www.etoro.com\/nb-no\/?s={search_term_string}"},"query-input":{"@type":"PropertyValueSpecification","valueRequired":true,"valueName":"search_term_string"}}],"inLanguage":"no"},[]]}},"_links":{"self":[{"href":"https:\/\/www.etoro.com\/nb-no\/wp-json\/wp\/v2\/pages\/17662"}],"collection":[{"href":"https:\/\/www.etoro.com\/nb-no\/wp-json\/wp\/v2\/pages"}],"about":[{"href":"https:\/\/www.etoro.com\/nb-no\/wp-json\/wp\/v2\/types\/page"}],"author":[{"embeddable":true,"href":"https:\/\/www.etoro.com\/nb-no\/wp-json\/wp\/v2\/users\/1"}],"replies":[{"embeddable":true,"href":"https:\/\/www.etoro.com\/nb-no\/wp-json\/wp\/v2\/comments?post=17662"}],"version-history":[{"count":0,"href":"https:\/\/www.etoro.com\/nb-no\/wp-json\/wp\/v2\/pages\/17662\/revisions"}],"up":[{"embeddable":true,"href":"https:\/\/www.etoro.com\/nb-no\/wp-json\/wp\/v2\/pages\/17853"}],"wp:attachment":[{"href":"https:\/\/www.etoro.com\/nb-no\/wp-json\/wp\/v2\/media?parent=17662"}],"wp:term":[{"taxonomy":"asset_type","embeddable":true,"href":"https:\/\/www.etoro.com\/nb-no\/wp-json\/wp\/v2\/asset_type?post=17662"}],"curies":[{"name":"wp","href":"https:\/\/api.w.org\/{rel}","templated":true}]}}