{"id":17697,"date":"2017-08-07T10:51:57","date_gmt":"2017-08-07T09:51:57","guid":{"rendered":"http:\/\/www.etoro.com\/etoro\/about\/vision\/"},"modified":"2025-05-11T00:44:40","modified_gmt":"2025-05-10T21:44:40","slug":"vision","status":"publish","type":"page","link":"https:\/\/www.etoro.com\/nb-no\/about\/vision\/","title":{"rendered":"Our Vision"},"content":{"rendered":"\n<div class=\"wp-block-etoro-related-pages has-green-background-color wp-etoro-block-related-pages\"><div class=\"wp-etoro-block-related-pages-to-center\"><div class=\"wp-etoro-block-related-pages-menu-name\">Relaterte sider:<\/div><div class=\"wp-etoro-block-related-pages-list-container\"><div class=\"wp-etoro-block-related-pages-arrow-left\"><button><\/button><\/div><div class=\"wp-etoro-block-related-pages-list\">\n<div class=\"wp-etoro-block-related-pages-link\"><a class=\"wp-etoro-block-related-page-link\" href=\"https:\/\/www.etoro.com\/nb-no\/about\/\">V\u00e5r historie <\/a><\/div>\n\n\n\n<div class=\"wp-etoro-block-related-pages-link\"><a class=\"wp-etoro-block-related-page-link\" href=\"https:\/\/www.etoro.com\/nb-no\/about\/team\/\">V\u00e5r ledelse <\/a><\/div>\n\n\n\n<div class=\"wp-etoro-block-related-pages-link\"><a class=\"wp-etoro-block-related-page-link\" href=\"https:\/\/www.etoro.com\/nb-no\/about\/awards\/\">V\u00e5re priser <\/a><\/div>\n<\/div><div class=\"wp-etoro-block-related-pages-arrow-right\"><button><\/button><\/div><\/div><\/div><\/div>\n\n\n\n<section class=\"wp-block-group wp-block-group-boxed\"><div class=\"wp-block-group-inner is-layout-flow wp-block-group-is-layout-flow\">\n<div class=\"wp-block-columns are-vertically-aligned-top wp-block-columns-1 is-layout-flex wp-container-core-columns-is-layout-1 wp-block-columns-is-layout-flex\">\n<div class=\"wp-block-column is-layout-flow wp-block-column-is-layout-flow\">\n<h2 class=\"wp-block-heading has-text-align-center\">En verden hvor alle kan handle og investere p\u00e5 en enkel og gjennomsiktig m\u00e5te.<\/h2>\n<\/div>\n<\/div>\n<\/div><\/section>\n\n\n\n<section class=\"wp-block-group wp-block-group-boxed has-white-background-color has-background\"><div class=\"wp-block-group-inner is-layout-flow wp-block-group-is-layout-flow\">\n<div class=\"wp-block-columns are-vertically-aligned-center wp-block-columns-2 is-swapped-on-mobile is-layout-flex wp-container-core-columns-is-layout-2 wp-block-columns-is-layout-flex\">\n<div class=\"wp-block-column is-text-column is-layout-flow wp-block-column-is-layout-flow\">\n<h2 class=\"wp-block-heading\"><span>V\u00e5r<\/span> <strong>misjon<\/strong><\/h2>\n\n\n\n<p>\u00c5 \u00e5pne opp de globale markedene, koble deg til ledende investorer og gi deg verkt\u00f8yene du trenger for \u00e5 \u00f8ke kunnskapen og formuen din.<\/p>\n<\/div>\n\n\n\n<div class=\"wp-block-column is-layout-flow wp-block-column-is-layout-flow\">\n<figure class=\"wp-block-image size-full\"><img loading=\"lazy\" decoding=\"async\" width=\"864\" height=\"600\" src=\"https:\/\/www.etoro.com\/wp-content\/uploads\/2025\/05\/our-mission-new.png\" alt=\"\" class=\"wp-image-1060915 wp-image-desktop\" srcset=\"https:\/\/www.etoro.com\/wp-content\/uploads\/2025\/05\/our-mission-new.png 864w, https:\/\/www.etoro.com\/wp-content\/uploads\/2025\/05\/our-mission-new-300x208.png 300w, https:\/\/www.etoro.com\/wp-content\/uploads\/2025\/05\/our-mission-new-768x533.png 768w\" sizes=\"(max-width: 864px) 100vw, 864px\" \/><\/figure>\n<\/div>\n<\/div>\n<\/div><\/section>\n\n\n\n<section class=\"wp-block-group wp-block-group-boxed\"><div class=\"wp-block-group-inner is-layout-flow wp-block-group-is-layout-flow\">\n<h2 class=\"wp-block-heading has-text-align-center\"><span>V\u00e5rt l\u00f8fte <strong>til deg<\/strong><\/span><\/h2>\n\n\n\n<div class=\"wp-block-columns are-vertically-aligned-top wp-block-columns-2 wp-block-columns-1 is-layout-flex wp-container-core-columns-is-layout-3 wp-block-columns-is-layout-flex\">\n<div class=\"wp-block-column is-layout-flow wp-block-column-is-layout-flow\">\n<div class=\"wp-block-etoro-card wp-block-etoro-card-size-small wp-block-etoro-card-thumbnail-position-side wp-block-etoro-card-default\"><img decoding=\"async\" src=\"https:\/\/www.etoro.com\/wp-content\/uploads\/2023\/06\/Frame-60.png\" alt=\"\u00c5 holde det enkelt\" class=\"wp-block-etoro-card-thumbnail\"\/><div class=\"wp-block-etoro-card-body\"><div class=\"wp-block-etoro-card-title\">\u00c5 holde det enkelt<\/div><div class=\"wp-block-etoro-card-content\">\n<p>Vi streber etter \u00e5 fjerne barrierer og gj\u00f8re nettbasert trading, handel og investering tilgjengelig for alle \u2013 enklere og mer gjennomsiktig. Fra v\u00e5r plattform som er enkel i bruk, til m\u00e5ten vi kommuniserer med deg \u2013 vi vil alltid s\u00f8rge for at alt er s\u00e5 enkelt som mulig.<\/p>\n<\/div><\/div><\/div>\n<\/div>\n\n\n\n<div class=\"wp-block-column is-layout-flow wp-block-column-is-layout-flow\">\n<div class=\"wp-block-etoro-card wp-block-etoro-card-size-small wp-block-etoro-card-thumbnail-position-side wp-block-etoro-card-default\"><img decoding=\"async\" src=\"https:\/\/www.etoro.com\/wp-content\/uploads\/2023\/06\/Innovative-1.png\" alt=\"Kontinuerlig innovasjon\" class=\"wp-block-etoro-card-thumbnail\"\/><div class=\"wp-block-etoro-card-body\"><div class=\"wp-block-etoro-card-title\">Kontinuerlig innovasjon<\/div><div class=\"wp-block-etoro-card-content\">\n<p>Vi ble grunnlagt for \u00e5 forstyrre tradisjonell finans, og innnovasjon er i DNA-et v\u00e5rt. Med ett \u00f8ye p\u00e5 markedene og det andre p\u00e5 fellesskapet v\u00e5rt, kommer vi til \u00e5 fortsette \u00e5 lage nyskapende finansielle produkter og tjenester for \u00e5 m\u00f8te dine skiftende behov.<\/p>\n<\/div><\/div><\/div>\n<\/div>\n<\/div>\n\n\n\n<div class=\"wp-block-columns are-vertically-aligned-top wp-block-columns-2 wp-block-columns-1 is-layout-flex wp-container-core-columns-is-layout-4 wp-block-columns-is-layout-flex\">\n<div class=\"wp-block-column is-layout-flow wp-block-column-is-layout-flow\">\n<div class=\"wp-block-etoro-card wp-block-etoro-card-size-small wp-block-etoro-card-thumbnail-position-side wp-block-etoro-card-default\"><img decoding=\"async\" src=\"https:\/\/www.etoro.com\/wp-content\/uploads\/2023\/06\/Team.png\" alt=\"Bedre sammen\" class=\"wp-block-etoro-card-thumbnail\"\/><div class=\"wp-block-etoro-card-body\"><div class=\"wp-block-etoro-card-title\">Bedre sammen<\/div><div class=\"wp-block-etoro-card-content\">\n<p>Du er ikke alene. Du er en del av et voksende globalt fellesskap. Det ligger styrke i felles kunnskap. Vi gir deg muligheten til \u00e5 bli satt i forbindelse med. l\u00e6re og dele med andre investorer. Ved \u00e5 omskape investering til en gruppeinnsats f\u00e5r vi bedre resultater og opplever st\u00f8rre suksess \u2013 sammen.<\/p>\n<\/div><\/div><\/div>\n<\/div>\n\n\n\n<div class=\"wp-block-column is-layout-flow wp-block-column-is-layout-flow\">\n<div class=\"wp-block-etoro-card wp-block-etoro-card-size-small wp-block-etoro-card-thumbnail-position-side wp-block-etoro-card-default\"><img decoding=\"async\" src=\"https:\/\/www.etoro.com\/wp-content\/uploads\/2023\/06\/Frame-60-1.png\" alt=\"Strebing etter det beste\" class=\"wp-block-etoro-card-thumbnail\"\/><div class=\"wp-block-etoro-card-body\"><div class=\"wp-block-etoro-card-title\">Strebing etter det beste<\/div><div class=\"wp-block-etoro-card-content\">\n<p>Vi streber etter \u00e5 forutsi og overg\u00e5 forventningene dine ved \u00e5 sette deg i sentrum av alle beslutninger vi fatter, og sikter mot \u00e5 tilby best mulig brukeropplevelse. Da vi er en regulert virksomhet tar vi ditt personvern og sikkerhet p\u00e5 st\u00f8rste alvor og bruker de aller beste l\u00f8sningene.<\/p>\n<\/div><\/div><\/div>\n<\/div>\n<\/div>\n\n\n\n<div class=\"wp-block-columns are-vertically-aligned-top wp-block-columns-2 wp-block-columns-1 is-layout-flex wp-container-core-columns-is-layout-5 wp-block-columns-is-layout-flex\">\n<div class=\"wp-block-column is-layout-flow wp-block-column-is-layout-flow\">\n<div class=\"wp-block-etoro-card wp-block-etoro-card-size-small wp-block-etoro-card-thumbnail-position-side wp-block-etoro-card-default\"><img decoding=\"async\" src=\"https:\/\/www.etoro.com\/wp-content\/uploads\/2023\/06\/Rocket-ship.png\" alt=\"Gj\u00f8r det mulig for deg\" class=\"wp-block-etoro-card-thumbnail\"\/><div class=\"wp-block-etoro-card-body\"><div class=\"wp-block-etoro-card-title\">Gj\u00f8r det mulig for deg<\/div><div class=\"wp-block-etoro-card-content\">\n<p>Mangel p\u00e5 erfaring og kunnskap er to av hoved\u00e5rsakene til at mange velger \u00e5 ikke investere. Vi \u00f8nsker \u00e5 hjelpe deg, derfor tilbyr vi et stort utvalg oppl\u00e6ringsverkt\u00f8y og ressurser, i tillegg til en brukervennlig plattform for \u00e5 st\u00f8tte investeringsreisen din.<\/p>\n<\/div><\/div><\/div>\n<\/div>\n\n\n\n<div class=\"wp-block-column is-layout-flow wp-block-column-is-layout-flow\"><\/div>\n<\/div>\n<\/div><\/section>\n","protected":false},"excerpt":{"rendered":"<p>En verden hvor alle kan handle og investere p\u00e5 en enkel og gjennomsiktig m\u00e5te. V\u00e5r misjon \u00c5 \u00e5pne opp de globale markedene, koble deg til ledende investorer og gi deg verkt\u00f8yene du trenger for \u00e5 \u00f8ke kunnskapen og formuen din. V\u00e5rt l\u00f8fte til deg<\/p>\n","protected":false},"author":1,"featured_media":617808,"parent":17533,"menu_order":2021,"comment_status":"closed","ping_status":"closed","template":"","meta":{"_acf_changed":true,"inline_featured_image":false,"sticky_cta_settings":"","footnotes":""},"asset_type":[],"class_list":["post-17697","page","type-page","status-publish","has-post-thumbnail","hentry"],"acf":[],"yoast_head":"<title>V\u00e5r visjon og misjon | eToro<\/title>\n<meta name=\"description\" content=\"Bli med eToro \u2014 pioner innen den nettbaserte trading-revolusjonen i over ti \u00e5r. Vi ser en verden hvor alle kan investere p\u00e5 en enkel og gjennomsiktig m\u00e5te\" \/>\n<meta name=\"robots\" content=\"index, follow, max-snippet:-1, max-image-preview:large, max-video-preview:-1\" \/>\n<link rel=\"canonical\" href=\"https:\/\/www.etoro.com\/nb-no\/wp-json\/wp\/v2\/pages\/17697\" \/>\n<meta property=\"og:locale\" content=\"nn_NO\" \/>\n<meta property=\"og:type\" content=\"article\" \/>\n<meta property=\"og:title\" content=\"V\u00e5r visjon og misjon | eToro\" \/>\n<meta property=\"og:description\" content=\"Bli med eToro \u2014 pioner innen den nettbaserte trading-revolusjonen i over ti \u00e5r. Vi ser en verden hvor alle kan investere p\u00e5 en enkel og gjennomsiktig m\u00e5te\" \/>\n<meta property=\"og:url\" content=\"https:\/\/www.etoro.com\/nb-no\/wp-json\/wp\/v2\/pages\/17697\" \/>\n<meta property=\"og:site_name\" content=\"eToro\" \/>\n<meta property=\"article:publisher\" content=\"https:\/\/www.facebook.com\/eToro\/\" \/>\n<meta property=\"article:modified_time\" content=\"2025-05-10T21:44:40+00:00\" \/>\n<meta property=\"og:image\" content=\"https:\/\/www.etoro.com\/wp-content\/uploads\/2023\/06\/Our-vision-eToro.jpg\" \/>\n\t<meta property=\"og:image:width\" content=\"1200\" \/>\n\t<meta property=\"og:image:height\" content=\"630\" \/>\n\t<meta property=\"og:image:type\" content=\"image\/jpeg\" \/>\n<meta name=\"twitter:card\" content=\"summary_large_image\" \/>\n<meta name=\"twitter:site\" content=\"@eToro\" \/>\n<script type=\"application\/ld+json\" class=\"yoast-schema-graph\">{\"@context\":\"https:\/\/schema.org\",\"@graph\":[{\"@type\":\"WebPage\",\"@id\":\"https:\/\/www.etoro.com\/nb-no\/about\/vision\/\",\"url\":\"https:\/\/www.etoro.com\/nb-no\/about\/vision\/\",\"name\":\"V\u00e5r visjon og misjon | eToro\",\"isPartOf\":{\"@id\":\"https:\/\/www.etoro.com\/nb-no\/#website\"},\"primaryImageOfPage\":{\"@id\":\"https:\/\/www.etoro.com\/nb-no\/about\/vision\/#primaryimage\"},\"image\":{\"@id\":\"https:\/\/www.etoro.com\/nb-no\/about\/vision\/#primaryimage\"},\"thumbnailUrl\":\"https:\/\/www.etoro.com\/wp-content\/uploads\/2023\/06\/Our-vision-eToro.jpg\",\"datePublished\":\"2017-08-07T09:51:57+00:00\",\"dateModified\":\"2025-05-10T21:44:40+00:00\",\"description\":\"Bli med eToro \u2014 pioner innen den nettbaserte trading-revolusjonen i over ti \u00e5r. Vi ser en verden hvor alle kan investere p\u00e5 en enkel og gjennomsiktig m\u00e5te\",\"breadcrumb\":{\"@id\":\"https:\/\/www.etoro.com\/nb-no\/about\/vision\/#breadcrumb\"},\"inLanguage\":\"no\",\"potentialAction\":[{\"@type\":\"ReadAction\",\"target\":[\"https:\/\/www.etoro.com\/nb-no\/about\/vision\/\"]}]},{\"@type\":\"ImageObject\",\"inLanguage\":\"no\",\"@id\":\"https:\/\/www.etoro.com\/nb-no\/about\/vision\/#primaryimage\",\"url\":\"https:\/\/www.etoro.com\/wp-content\/uploads\/2023\/06\/Our-vision-eToro.jpg\",\"contentUrl\":\"https:\/\/www.etoro.com\/wp-content\/uploads\/2023\/06\/Our-vision-eToro.jpg\",\"width\":1200,\"height\":630,\"caption\":\"Our vision\"},{\"@type\":\"BreadcrumbList\",\"@id\":\"https:\/\/www.etoro.com\/nb-no\/about\/vision\/#breadcrumb\",\"itemListElement\":[{\"@type\":\"ListItem\",\"position\":1,\"name\":\"Hjem\",\"item\":\"https:\/\/www.etoro.com\/nb-no\/\"},{\"@type\":\"ListItem\",\"position\":2,\"name\":\"OM\",\"item\":\"https:\/\/www.etoro.com\/nb-no\/about\/\"},{\"@type\":\"ListItem\",\"position\":3,\"name\":\"VISJON\"}]},{\"@type\":\"WebSite\",\"@id\":\"https:\/\/www.etoro.com\/nb-no\/#website\",\"url\":\"https:\/\/www.etoro.com\/nb-no\/\",\"name\":\"eToro\",\"description\":\"\",\"publisher\":{\"@id\":\"https:\/\/www.etoro.com\/nb-no\/#organization\"},\"potentialAction\":[{\"@type\":\"SearchAction\",\"target\":{\"@type\":\"EntryPoint\",\"urlTemplate\":\"https:\/\/www.etoro.com\/nb-no\/?s={search_term_string}\"},\"query-input\":{\"@type\":\"PropertyValueSpecification\",\"valueRequired\":true,\"valueName\":\"search_term_string\"}}],\"inLanguage\":\"no\"},[]]}<\/script>","yoast_head_json":{"title":"V\u00e5r visjon og misjon | eToro","description":"Bli med eToro \u2014 pioner innen den nettbaserte trading-revolusjonen i over ti \u00e5r. Vi ser en verden hvor alle kan investere p\u00e5 en enkel og gjennomsiktig m\u00e5te","robots":{"index":"index","follow":"follow","max-snippet":"max-snippet:-1","max-image-preview":"max-image-preview:large","max-video-preview":"max-video-preview:-1"},"canonical":"https:\/\/www.etoro.com\/nb-no\/wp-json\/wp\/v2\/pages\/17697","og_locale":"nn_NO","og_type":"article","og_title":"V\u00e5r visjon og misjon | eToro","og_description":"Bli med eToro \u2014 pioner innen den nettbaserte trading-revolusjonen i over ti \u00e5r. Vi ser en verden hvor alle kan investere p\u00e5 en enkel og gjennomsiktig m\u00e5te","og_url":"https:\/\/www.etoro.com\/nb-no\/wp-json\/wp\/v2\/pages\/17697","og_site_name":"eToro","article_publisher":"https:\/\/www.facebook.com\/eToro\/","article_modified_time":"2025-05-10T21:44:40+00:00","og_image":[{"width":1200,"height":630,"url":"https:\/\/www.etoro.com\/wp-content\/uploads\/2023\/06\/Our-vision-eToro.jpg","type":"image\/jpeg"}],"twitter_card":"summary_large_image","twitter_site":"@eToro","schema":{"@context":"https:\/\/schema.org","@graph":[{"@type":"WebPage","@id":"https:\/\/www.etoro.com\/nb-no\/about\/vision\/","url":"https:\/\/www.etoro.com\/nb-no\/about\/vision\/","name":"V\u00e5r visjon og misjon | eToro","isPartOf":{"@id":"https:\/\/www.etoro.com\/nb-no\/#website"},"primaryImageOfPage":{"@id":"https:\/\/www.etoro.com\/nb-no\/about\/vision\/#primaryimage"},"image":{"@id":"https:\/\/www.etoro.com\/nb-no\/about\/vision\/#primaryimage"},"thumbnailUrl":"https:\/\/www.etoro.com\/wp-content\/uploads\/2023\/06\/Our-vision-eToro.jpg","datePublished":"2017-08-07T09:51:57+00:00","dateModified":"2025-05-10T21:44:40+00:00","description":"Bli med eToro \u2014 pioner innen den nettbaserte trading-revolusjonen i over ti \u00e5r. Vi ser en verden hvor alle kan investere p\u00e5 en enkel og gjennomsiktig m\u00e5te","breadcrumb":{"@id":"https:\/\/www.etoro.com\/nb-no\/about\/vision\/#breadcrumb"},"inLanguage":"no","potentialAction":[{"@type":"ReadAction","target":["https:\/\/www.etoro.com\/nb-no\/about\/vision\/"]}]},{"@type":"ImageObject","inLanguage":"no","@id":"https:\/\/www.etoro.com\/nb-no\/about\/vision\/#primaryimage","url":"https:\/\/www.etoro.com\/wp-content\/uploads\/2023\/06\/Our-vision-eToro.jpg","contentUrl":"https:\/\/www.etoro.com\/wp-content\/uploads\/2023\/06\/Our-vision-eToro.jpg","width":1200,"height":630,"caption":"Our vision"},{"@type":"BreadcrumbList","@id":"https:\/\/www.etoro.com\/nb-no\/about\/vision\/#breadcrumb","itemListElement":[{"@type":"ListItem","position":1,"name":"Hjem","item":"https:\/\/www.etoro.com\/nb-no\/"},{"@type":"ListItem","position":2,"name":"OM","item":"https:\/\/www.etoro.com\/nb-no\/about\/"},{"@type":"ListItem","position":3,"name":"VISJON"}]},{"@type":"WebSite","@id":"https:\/\/www.etoro.com\/nb-no\/#website","url":"https:\/\/www.etoro.com\/nb-no\/","name":"eToro","description":"","publisher":{"@id":"https:\/\/www.etoro.com\/nb-no\/#organization"},"potentialAction":[{"@type":"SearchAction","target":{"@type":"EntryPoint","urlTemplate":"https:\/\/www.etoro.com\/nb-no\/?s={search_term_string}"},"query-input":{"@type":"PropertyValueSpecification","valueRequired":true,"valueName":"search_term_string"}}],"inLanguage":"no"},[]]}},"_links":{"self":[{"href":"https:\/\/www.etoro.com\/nb-no\/wp-json\/wp\/v2\/pages\/17697"}],"collection":[{"href":"https:\/\/www.etoro.com\/nb-no\/wp-json\/wp\/v2\/pages"}],"about":[{"href":"https:\/\/www.etoro.com\/nb-no\/wp-json\/wp\/v2\/types\/page"}],"author":[{"embeddable":true,"href":"https:\/\/www.etoro.com\/nb-no\/wp-json\/wp\/v2\/users\/1"}],"replies":[{"embeddable":true,"href":"https:\/\/www.etoro.com\/nb-no\/wp-json\/wp\/v2\/comments?post=17697"}],"version-history":[{"count":0,"href":"https:\/\/www.etoro.com\/nb-no\/wp-json\/wp\/v2\/pages\/17697\/revisions"}],"up":[{"embeddable":true,"href":"https:\/\/www.etoro.com\/nb-no\/wp-json\/wp\/v2\/pages\/17533"}],"wp:featuredmedia":[{"embeddable":true,"href":"https:\/\/www.etoro.com\/nb-no\/wp-json\/wp\/v2\/media\/617808"}],"wp:attachment":[{"href":"https:\/\/www.etoro.com\/nb-no\/wp-json\/wp\/v2\/media?parent=17697"}],"wp:term":[{"taxonomy":"asset_type","embeddable":true,"href":"https:\/\/www.etoro.com\/nb-no\/wp-json\/wp\/v2\/asset_type?post=17697"}],"curies":[{"name":"wp","href":"https:\/\/api.w.org\/{rel}","templated":true}]}}