{"id":18431,"date":"2017-09-12T14:53:16","date_gmt":"2017-09-12T11:53:16","guid":{"rendered":"http:\/\/test.etoro.com\/etoro\/about\/leverage-margin\/"},"modified":"2024-08-19T16:59:12","modified_gmt":"2024-08-19T13:59:12","slug":"leverage-margin","status":"publish","type":"page","link":"https:\/\/www.etoro.com\/nb-no\/trading\/leverage-margin\/","title":{"rendered":"Hva er handle med giring og margin?"},"content":{"rendered":"\n<p class=\"is-style-summary\">Sett utenfra kan man si at det er flere ulike strategier som skiller en nybegynner fra de med mer erfaring innenfor trading og investering. Det er viktig for alle \u00e5 l\u00e6re det grunnleggende om trading og investering, som bruk av\u00abgiring\u00bb og \u00abmargin\u00bb.\u00a0<\/p>\n\n\n\n<p class=\"is-style-summary\">I denne artikkelen kan du finne ut hva handel med giring er og hvordan margin brukes. Samtidig kan du se noen konkrete eksempler p\u00e5 bruk av giring for \u00e5 skape nye muligheter n\u00e5r du trader og investerer.<\/p>\n\n\n\n<hr class=\"wp-block-separator wp-block-separator-color-dark-grey wp-block-separator-spaces-medium wp-block-separator-weight-1\"\/>\n\n\n\n<p>Handel med giring og p\u00e5 margin kan v\u00e6re gode alternativer n\u00e5r man \u00f8nsker \u00e5 \u00f8ke <strong>risikoavkastningen <\/strong> p\u00e5 egne investeringer. <strong>Begge prosessene refererer til muligheten for \u00e5 \u00e5pne en relativt sett st\u00f8rre posisjon<\/strong> <strong>med bare en liten mengde kapital<\/strong>.<\/p>\n\n\n\n<p>Handel med giring og marginhandel betyr at du l\u00e5ner penger fra megleren din. Form\u00e5let er \u00e5 \u00f8ke st\u00f8rrelsen p\u00e5 posisjonen du tar. Dersom du tar gode beslutninger, vil fortjenesten ved hjelp av dette v\u00e6re st\u00f8rre enn den ville ha v\u00e6rt hvis du hadde kj\u00f8pt noe <strong>direkte<\/strong>. Skulle du derimot ta feil, vil <strong>tapene ogs\u00e5 bli st\u00f8rre.<\/strong><\/p>\n\n\n\n<div class=\"wp-block-etoro-tip wp-block-etoro-tip-border-yellow\"><span class=\"wp-block-etoro-tip-icon\"><\/span><div class=\"wp-block-etoro-tip-text\">\n<p><strong>Tips:<\/strong> Studier viser at kognitiv skjevhet f\u00f8rer til at folk n\u00e6rmer&nbsp; seg fortjeneste og tap p\u00e5 ulike m\u00e5ter. Man kan si at beslutningstakingen forvrenges.<\/p>\n<\/div><\/div>\n\n\n\n<figure class=\"wp-block-image size-full\"><img loading=\"lazy\" decoding=\"async\" width=\"756\" height=\"400\" src=\"https:\/\/www.etoro.com\/wp-content\/uploads\/2023\/07\/Body-Image-1-What-is-Leverage_-1.png\" alt=\"\" class=\"wp-image-640329 wp-image-desktop\" srcset=\"https:\/\/www.etoro.com\/wp-content\/uploads\/2023\/07\/Body-Image-1-What-is-Leverage_-1.png 756w, https:\/\/www.etoro.com\/wp-content\/uploads\/2023\/07\/Body-Image-1-What-is-Leverage_-1-300x159.png 300w\" sizes=\"(max-width: 756px) 100vw, 756px\" \/><\/figure>\n\n\n\n<h2 class=\"wp-block-heading\">Hva er giring?<\/h2>\n\n\n\n<p>Overordnet inneb\u00e6rer giring \u00e5 bruke noe <strong>til sin maksimale fordel<\/strong>. Innenfor finans er betydningen ganske lik. Her vil investorer ta midler og bruke giring for \u00e5 optimalisere potensialet for avkastning. Enkelt sagt <strong>gir giring deg muligheten til \u00e5 ta en liten sum penger og \u00f8ke verdien gjennom finansmarkedene.<\/strong><\/p>\n\n\n\n<p><strong>Maksimal bel\u00e5ningsgrad vil variere p\u00e5 tvers av aktivagrupper.<\/strong> Med relativt sett h\u00f8yere <strong>prisvolatilitet<\/strong> i et marked, jo lavere giring vil bli tilbudt.&nbsp;<\/p>\n\n\n\n<div class=\"wp-block-etoro-tip wp-block-etoro-tip-border-yellow\"><span class=\"wp-block-etoro-tip-icon\"><\/span><div class=\"wp-block-etoro-tip-text\">\n<p><strong>Tips:<\/strong> Finanstilsynsmyndigheter, som for eksempel FCA og CySEC, setter ogs\u00e5 faktiske grenser for bel\u00e5ningsgrader eller giring i markedene som de f\u00f8rer tilsyn med.<\/p>\n<\/div><\/div>\n\n\n\n<h2 class=\"wp-block-heading\">Hva er margin?<\/h2>\n\n\n\n<p><strong>Margin er bel\u00f8pet du m\u00e5 ha for \u00e5 \u00e5pne posisjonen din, mens giring er et multiplum av det samme innskuddet.<\/strong> Du har kanskje notert deg at begrepene ofte brukes om hverandre for \u00e5 beskrive prosessen med \u00e5 \u00f8ke <strong>eksponering<\/strong>, slik at den blir st\u00f8rre enn kapitalen din ellers kan tillate. De to begrepene er allikevel ikke det samme.&nbsp;<\/p>\n\n\n\n<p><strong>Du kan tenke p\u00e5 margin som kontanter overf\u00f8rt til en ny meglerkonto<\/strong>. Innskuddet du har plassert hos megleren fungerer som tilliten for \u00e5 la deg trade ved hjelp av giring: Dette brukes til \u00e5 dekke tap p\u00e5 trading p\u00e5 kontoen din.<\/p>\n\n\n\n<p>Den <strong>faktiske beregningen av en margin blir mer komplisert<\/strong> n\u00e5r du ogs\u00e5 har <a href=\"https:\/\/www.etoro.com\/discover\/markets\/stocks\">aksjer<\/a>, obligasjoner og valuta. Samtidig vil du som regel ha \u00e5pne posisjoner med fortjeneste eller tap.&nbsp;<\/p>\n\n\n\n<p>Megleren betrakter ofte disse posisjonene som <strong>en form for sikkerhet<\/strong> og inkluderer dem i beregningene som brukes for \u00e5 bestemme samlet marginniv\u00e5. <strong>Marginen er dermed den verdien en megler setter p\u00e5 eiendelene du har p\u00e5 kontoen din hos dem.<\/strong><\/p>\n\n\n\n<h2 class=\"wp-block-heading\">Hvordan fungerer trading og handel med giring?<\/h2>\n\n\n\n<p><strong>Handel med giring lar deg \u00f8ke mengden kontanter du forplikter deg til ved en handel ved \u00e5 l\u00e5ne fra megleren din.<\/strong> P\u00e5virkningen p\u00e5 en handel vil bli bestemt p\u00e5 det tidspunktet handelen <strong>utf\u00f8res<\/strong>. Du kan etablere kontoen din til \u00e5 handle p\u00e5 standard giringsniv\u00e5er, alternativt kan du bruke en megler som lar deg justere mengden giring basert p\u00e5 faktisk trading.&nbsp;<\/p>\n\n\n\n<figure class=\"wp-block-image size-full\"><img loading=\"lazy\" decoding=\"async\" width=\"756\" height=\"400\" src=\"https:\/\/www.etoro.com\/wp-content\/uploads\/2023\/07\/Body-Image-2-What-is-Margin_-1.png\" alt=\"\" class=\"wp-image-640284 wp-image-desktop\" srcset=\"https:\/\/www.etoro.com\/wp-content\/uploads\/2023\/07\/Body-Image-2-What-is-Margin_-1.png 756w, https:\/\/www.etoro.com\/wp-content\/uploads\/2023\/07\/Body-Image-2-What-is-Margin_-1-300x159.png 300w\" sizes=\"(max-width: 756px) 100vw, 756px\" \/><\/figure>\n\n\n\n<figure class=\"wp-block-image size-full\"><img loading=\"lazy\" decoding=\"async\" width=\"756\" height=\"400\" src=\"https:\/\/www.etoro.com\/wp-content\/uploads\/2023\/10\/NO-Image-placeholder-1.png\" alt=\"\" class=\"wp-image-737065 wp-image-desktop\" srcset=\"https:\/\/www.etoro.com\/wp-content\/uploads\/2023\/10\/NO-Image-placeholder-1.png 756w, https:\/\/www.etoro.com\/wp-content\/uploads\/2023\/10\/NO-Image-placeholder-1-300x159.png 300w\" sizes=\"(max-width: 756px) 100vw, 756px\" \/><\/figure>\n\n\n\n<p><strong>Livssyklusen til en handel vil v\u00e6re lik enten du bruker giring eller ikke ved en l\u00f8nnsom handel. <\/strong>En<strong> <\/strong>fortjeneste vil bli lagt til kontantbalansen din n\u00e5r du stenger posisjonen.<\/p>\n\n\n\n<p>Skulle derimot handelen din gi tap, vil en rekke andre faktorer vurderes. <strong>Meglere gj\u00f8r sitt beste for \u00e5 unng\u00e5 at du har en posisjon som kan ende opp med \u00e5 gj\u00f8re et tap st\u00f8rre enn innskuddet du gjorde hos dem \u2013 mao. h\u00f8yere enn marginen din.&nbsp;<\/strong><\/p>\n\n\n\n<p>Dersom du \u00f8nsker \u00e5 holde en tapsposisjon \u00e5pen, kan megleren din be deg om \u00e5 \u00f8ke marginen din ved \u00e5 sette inn mer penger. Dette kalles p\u00e5 engelsk en <strong>\u00abmargin call\u00bb<\/strong><strong>, som regel marginkrav p\u00e5 norsk<\/strong>.&nbsp;<\/p>\n\n\n\n<p>Dersom du ikke tilbyr mer midler, vil megleren din har rett til \u00e5 redusere st\u00f8rrelsen p\u00e5 posisjonen for \u00e5 redusere risikoeksponeringen (p\u00e5 denne posisjonen). Dette kalles en <strong>\u00abstop-out\u00bb<\/strong>.<\/p>\n\n\n\n<div class=\"wp-block-etoro-tip wp-block-etoro-tip-border-yellow\"><span class=\"wp-block-etoro-tip-icon\"><\/span><div class=\"wp-block-etoro-tip-text\">\n<p><strong>Tips:<\/strong> Investorer som har langsiktige posisjoner kan finne det mer kostnadseffektivt \u00e5 kj\u00f8pe direkte i stedet for \u00e5 bruke giring og p\u00e5dra seg finansieringsgebyrer.<\/p>\n<\/div><\/div>\n\n\n\n<h2 class=\"wp-block-heading\">Eksempler p\u00e5 giring innen trading<\/h2>\n\n\n\n<p>For \u00e5 forst\u00e5 konseptet handel med giring er det <strong>hensiktsmessig \u00e5 illustrere med noen eksempler.<\/strong> Forestill deg at du f\u00f8ler deg sikker p\u00e5 at aksjekursen til <a href=\"https:\/\/www.etoro.com\/nb-no\/markets\/goog\">Google<\/a> vil stige. Du har $ 100 \u00e5 trade, men du \u00f8nsker \u00e5 \u00f8ke den potensielle avkastningen din.<\/p>\n\n\n\n<p><mark>N\u00e5r megleren tilbyr giring p\u00e5 1:5, kan du med deres st\u00f8tte inng\u00e5 en posisjon p\u00e5 opptil $ 500 (med en margin p\u00e5 $ 100). Hvis Googles aksjekurs doblet seg, ville posisjonen din v\u00e6re verdt $ 1000 (i stedet for $ 200 uten giring). <strong>Skulle prisen falle med 10 %, vil den totale verdien p\u00e5 tap fra handelen derimot v\u00e6re $ 50 i stedet for $ 10.<\/strong><\/mark><\/p>\n\n\n\n<p><strong>Hvis den maksimale giringen som tilbys er 1:10, kan et kontantinnskudd p\u00e5 $ 100 gi deg en eksponering p\u00e5 $ 1000.&nbsp;<\/strong><\/p>\n\n\n\n<p>Et annet eksempel er hvis du hadde $ 1000 tilgjengelig og var interessert i \u00e5 handle <a href=\"https:\/\/www.etoro.com\/nb-no\/markets\/aapl\">Apple-aksjer<\/a> ved hjelp av giring. F\u00f8lgende tabell viser den potensielle st\u00f8rrelsen p\u00e5 posisjonen din, <strong>avhengig av giringniv\u00e5et som brukes<\/strong>.&nbsp;<\/p>\n\n\n\n<figure class=\"wp-block-table\"><div class=\"wp-block-table-content\"><div class=\"wp-block-table-content-nav wp-block-table-content-nav-left\"><div class=\"wp-block-table-content-nav-arrow wp-block-table-content-nav-arrow-left\"><\/div><\/div><div class=\"wp-block-table-content-nav wp-block-table-content-nav-right\"><div class=\"wp-block-table-content-nav-arrow wp-block-table-content-nav-arrow-right\"><\/div><\/div><div class=\"wp-block-table-content-table\"><table><thead><tr><th>Tilgjengelige midler<\/th><th>Giring<\/th><th>Posisjon (st\u00f8rrelse)<\/th><th>Prisendring<\/th><th>St\u00f8rrelse ny posisjon<\/th><th>Midler etter prisendring<\/th><\/tr><\/thead><tbody><tr><td>$ 1000<br>-10 %<\/td><td>1:2<br>$ 1800<\/td><td>$ 2000<br>$ 800<\/td><td>10 %<\/td><td>$ 2200<\/td><td>$ 1200<\/td><\/tr><tr><td>$ 1000<br>-10 %<\/td><td>1:5<br>$ 4500<\/td><td>$ 5000<br>$ 500<\/td><td>10 %<\/td><td>$ 5500<\/td><td>$ 1500<\/td><\/tr><tr><td>$ 1000<br>-10 %<\/td><td>1:10<br>$ 9000<\/td><td>$ 10,000<br>$ 0<\/td><td>10 %<\/td><td>$ 11000<\/td><td>$ 2000<\/td><\/tr><\/tbody><\/table><\/div><\/div><\/figure>\n\n\n\n<p>Da du l\u00e5ner fra megleren for \u00e5 inng\u00e5 en st\u00f8rre posisjon, m\u00e5 du <strong>vurdere kostnaden, dette kalles finansieringsgebyrer over natten<\/strong>. Dette er rentekostnader som belastes kontoen din daglig. Jo st\u00f8rre posisjon er, jo st\u00f8rre vil gebyret v\u00e6re.<\/p>\n\n\n\n<div class=\"wp-block-etoro-emphasis wp-block-etoro-emphasis-border-green\">\n<p>\u00abMargin er mengden penger du trenger for \u00e5 \u00e5pne posisjonen din, mens giring er multiplumet av eksponeringen.\u00bb<\/p>\n<\/div>\n\n\n\n<p>Handel med giring p\u00e5 eToro foretas med <a href=\"https:\/\/www.etoro.com\/trading\/cfd\/\">CFD-er<\/a>. <strong>Kostnadene forbundet med dette er s\u00e5kalt <\/strong><a href=\"https:\/\/help.etoro.com\/s\/article\/what-is-the-difference-between-a-spread-and-a-fee?language=no\"><strong>spread<\/strong><\/a><strong> og <\/strong><a href=\"https:\/\/help.etoro.com\/s\/article\/how-are-the-overnight-fees-on-stocks-calculated?language=no\"><strong>gebyrer over natten<\/strong><\/a><strong>.<\/strong> Du finner mer informasjon om dette <a href=\"https:\/\/www.etoro.com\/nb-no\/trading\/fees\/\">her<\/a>.<\/p>\n\n\n\n<figure class=\"wp-block-image size-full\"><img loading=\"lazy\" decoding=\"async\" width=\"756\" height=\"400\" src=\"https:\/\/www.etoro.com\/wp-content\/uploads\/2023\/07\/Body-Image-3-Examples-of-Leverage-in-Trading-1.png\" alt=\"\" class=\"wp-image-640119 wp-image-desktop\" srcset=\"https:\/\/www.etoro.com\/wp-content\/uploads\/2023\/07\/Body-Image-3-Examples-of-Leverage-in-Trading-1.png 756w, https:\/\/www.etoro.com\/wp-content\/uploads\/2023\/07\/Body-Image-3-Examples-of-Leverage-in-Trading-1-300x159.png 300w\" sizes=\"(max-width: 756px) 100vw, 756px\" \/><\/figure>\n\n\n\n<h2 class=\"wp-block-heading\">Avsluttende tanker<\/h2>\n\n\n\n<p><strong>Handel med giring forbedrer ikke beslutningene du tar<\/strong>. Dersom du fortsetter \u00e5 handle p\u00e5 samme m\u00e5te som du gjorde da du ikke brukte giring, vil <strong>gevinst-tap-forholdet<\/strong> ditt forbli det samme.&nbsp;<\/p>\n\n\n\n<p>Hovedforskjellen er at b\u00e5de <strong>fortjeneste og tap vil bli forst\u00f8rret.<\/strong> Dette er tilfelle selv om det er umulig \u00e5 tape mer enn du investerer. Avslutningsvis kan man si at handel med giring krever n\u00f8ye planlegging. Det har ogs\u00e5 et h\u00f8yt risikobel\u00f8nningspotensial som ikke passer for alle handelsstiler.<\/p>\n\n\n\n<p>L\u00e6r mer om giring og andre aspekter ved trading ved \u00e5 g\u00e5 til <a href=\"https:\/\/www.etoro.com\/academy\/\">eToro Academy<\/a>.<\/p>\n\n\n\n<h2 class=\"wp-block-heading\">Ofte stilte sp\u00f8rsm\u00e5l<\/h2>\n\n\n\n<dl class=\"wp-block-etoro-faq\">\n<div class=\"wp-block-etoro-faq-item\"><dt class=\"wp-block-etoro-faq-item-question\">Hva er beskyttelse av negativ saldo?<\/dt><dd class=\"wp-block-etoro-faq-item-answer\">\n<p><a href=\"https:\/\/help.etoro.com\/s\/?language=no\">Negativ saldobeskyttelse<\/a> er en l\u00f8sning som tilbys av enkelte meglere. Det sikrer at tradere ikke kan tape mer enn det de setter inn p\u00e5 meglerkontoen.&nbsp;<\/p>\n\n\n\n<p>Samtidig illustrerer det hvorfor meglere bruker <a href=\"https:\/\/help.etoro.com\/s\/?language=no\">margin call<\/a> og stop out for \u00e5 minimere risikoen for tap p\u00e5 trading og handel med giring.&nbsp;<\/p>\n<\/dd><\/div>\n\n\n\n<div class=\"wp-block-etoro-faq-item\"><dt class=\"wp-block-etoro-faq-item-question\">Hvordan kan du unng\u00e5 et margin call?<\/dt><dd class=\"wp-block-etoro-faq-item-answer\">\n<p>Hvis du ikke handler CFDer, vil du aldri f\u00e5 en <a href=\"https:\/\/help.etoro.com\/s\/article\/what-is-a-margin-call?language=no\">margin call<\/a>. Hvis du handler med CFDer, husk at selv handler uten giring fortsatt kan utl\u00f8se en margin call. For \u00e5 redusere sannsynligheten for \u00e5 motta en, kan du imidlertid lage en investeringsstrategi med lav risiko. Alternativt kan du forberede deg p\u00e5 markedsvolatilitet ved \u00e5 finansiere kontoen din med ekstra kontanter som kan fungere som en beskyttelsesbuffer mot et plutselig prisfall.<\/p>\n<\/dd><\/div>\n\n\n\n<div class=\"wp-block-etoro-faq-item\"><dt class=\"wp-block-etoro-faq-item-question\">Hvordan vet du om kontoen din har et marginkrav?<\/dt><dd class=\"wp-block-etoro-faq-item-answer\">\n<p>Du overv\u00e5ker enkelt marginniv\u00e5ene dine ved \u00e5 g\u00e5 inn p\u00e5 <a href=\"https:\/\/www.etoro.com\/nb-no\/trading\/demo-account\/\">meglerkontoen din<\/a>. Sannsynligvis vil ogs\u00e5 megleren sende deg en melding hvis kontoen din n\u00e6rmer seg en situasjon der et marginkrav kan oppst\u00e5. S\u00f8rg for at du ikke ignorerer disse meldingene da posisjonene dine potensielt kan lukkes.<\/p>\n<\/dd><\/div>\n<\/dl>\n\n\n\n\t\t<style>\n\t\t\t.rtl .etoro-block-shortcode-disclaimer {\n\t\t\t\ttext-align:right;\n\t\t\t}\n\t\t\t.etoro-block-shortcode-disclaimer {\n\t\t\t\tmargin-bottom:18px;\n\t\t\t\ttext-align:left;\n\t\t\t}\n\t\t\t.etoro-block-shortcode-disclaimer p{\n\t\t\t\tfont-size: 12px;\n\t\t\t\tline-height: 18px;\n\t\t\t}\n\t\t\t@media (min-width: 768px) {\n\t\t\t\t.etoro-block-shortcode-disclaimer {\n\t\t\t\t\tmax-width:1176px;\n\t\t\t\t\ttext-align:center;\n\t\t\t\t}\n\t\t\t\t.etoro-block-shortcode-disclaimer p {\n\t\t\t\t\tfont-size: 14px;\n\t\t\t\t\tline-height: 20px;\n\t\t\t\t}\n\t\t\t}\n\t\t<\/style>\n\t\t<div class='etoro-block-shortcode-disclaimer'><p>Denne informasjonen er kun ment for utdanningsform\u00e5l og m\u00e5 ikke tolkes som investeringsr\u00e5dgivning, personlig anbefaling, et tilbud om, eller anmodning om \u00e5 kj\u00f8pe eller selge noen finansielle instrumenter.<\/p>\n<p>Dette materialet er utarbeidet uten hensyn til spesifikke investeringsm\u00e5l eller \u00f8konomisk situasjon, og er ikke utarbeidet i samsvar med de juridiske og regulatoriske kravene for \u00e5 fremme uavhengig studie.<\/p>\n<p><strong>Ikke alle de finansielle instrumentene og tjenestene det refereres til tilbys av eToro<\/strong>, og eventuelle referanser til tidligere resultater for et finansielt instrument, indeks eller et pakket investeringsprodukt er ikke, og b\u00f8r ikke tas som en p\u00e5litelig indikator p\u00e5 fremtidige resultater. <strong>Tilgjengeligheten av alle de ovennevnte produktene og tjenestene kan variere avhengig av jurisdiksjon og land.<\/strong><\/p>\n<p>eToro gir ingen representasjon og p\u00e5tar seg ikke ansvar for n\u00f8yaktigheten eller fullstendigheten av innholdet i denne veiledningen. Forsikre deg om at du forst\u00e5r risikoen ved handel f\u00f8r du plasserer kapital. Aldri risiker mer penger enn du er villig til \u00e5 tape.<\/p>\n<\/div>\n","protected":false},"excerpt":{"rendered":"<p>Sett utenfra kan man si at det er flere ulike strategier som skiller en nybegynner fra de med mer erfaring innenfor trading og investering. Det er viktig for alle \u00e5 l\u00e6re det grunnleggende om trading og investering, som bruk av\u00abgiring\u00bb og \u00abmargin\u00bb.\u00a0 I denne artikkelen kan du finne ut hva handel med giring er og&hellip;<\/p>\n","protected":false},"author":45,"featured_media":640004,"parent":18388,"menu_order":1650,"comment_status":"closed","ping_status":"closed","template":"","meta":{"_acf_changed":false,"inline_featured_image":false,"sticky_cta_settings":"","footnotes":""},"asset_type":[6601],"class_list":["post-18431","page","type-page","status-publish","has-post-thumbnail","hentry","asset_type-is-cfd"],"acf":[],"yoast_head":"<title>Forst\u00e5 det \u00e5 handle med giring og margin | eToro<\/title>\n<meta name=\"description\" content=\"Hvordan fungerer giring og margin? Vi forklarer hva giring er, og hvordan investorer kan bruke margin og giring for \u00e5 \u00f8ke eksponeringen.\" \/>\n<meta name=\"robots\" content=\"index, follow, max-snippet:-1, max-image-preview:large, max-video-preview:-1\" \/>\n<link rel=\"canonical\" href=\"https:\/\/www.etoro.com\/nb-no\/wp-json\/wp\/v2\/pages\/18431\" \/>\n<meta property=\"og:locale\" content=\"nn_NO\" \/>\n<meta property=\"og:type\" content=\"article\" \/>\n<meta property=\"og:title\" content=\"Forst\u00e5 det \u00e5 handle med giring og margin | eToro\" \/>\n<meta property=\"og:description\" content=\"Hvordan fungerer giring og margin? Vi forklarer hva giring er, og hvordan investorer kan bruke margin og giring for \u00e5 \u00f8ke eksponeringen.\" \/>\n<meta property=\"og:url\" content=\"https:\/\/www.etoro.com\/nb-no\/wp-json\/wp\/v2\/pages\/18431\" \/>\n<meta property=\"og:site_name\" content=\"eToro\" \/>\n<meta property=\"article:publisher\" content=\"https:\/\/www.facebook.com\/eToro\/\" \/>\n<meta property=\"article:modified_time\" content=\"2024-08-19T13:59:12+00:00\" \/>\n<meta property=\"og:image\" content=\"https:\/\/www.etoro.com\/wp-content\/uploads\/2023\/07\/Socials-NO.png\" \/>\n\t<meta property=\"og:image:width\" content=\"1200\" \/>\n\t<meta property=\"og:image:height\" content=\"630\" \/>\n\t<meta property=\"og:image:type\" content=\"image\/png\" \/>\n<meta name=\"twitter:card\" content=\"summary_large_image\" \/>\n<meta name=\"twitter:site\" content=\"@eToro\" \/>\n<meta name=\"twitter:label1\" content=\"Est. reading time\" \/>\n\t<meta name=\"twitter:data1\" content=\"6 minutes\" \/>\n<script type=\"application\/ld+json\" class=\"yoast-schema-graph\">{\"@context\":\"https:\/\/schema.org\",\"@graph\":[{\"@type\":\"WebPage\",\"@id\":\"https:\/\/www.etoro.com\/nb-no\/trading\/leverage-margin\/\",\"url\":\"https:\/\/www.etoro.com\/nb-no\/trading\/leverage-margin\/\",\"name\":\"Forst\u00e5 det \u00e5 handle med giring og margin | eToro\",\"isPartOf\":{\"@id\":\"https:\/\/www.etoro.com\/nb-no\/#website\"},\"primaryImageOfPage\":{\"@id\":\"https:\/\/www.etoro.com\/nb-no\/trading\/leverage-margin\/#primaryimage\"},\"image\":{\"@id\":\"https:\/\/www.etoro.com\/nb-no\/trading\/leverage-margin\/#primaryimage\"},\"thumbnailUrl\":\"https:\/\/www.etoro.com\/wp-content\/uploads\/2023\/07\/Socials-NO.png\",\"datePublished\":\"2017-09-12T11:53:16+00:00\",\"dateModified\":\"2024-08-19T13:59:12+00:00\",\"description\":\"Hvordan fungerer giring og margin? Vi forklarer hva giring er, og hvordan investorer kan bruke margin og giring for \u00e5 \u00f8ke eksponeringen.\",\"breadcrumb\":{\"@id\":\"https:\/\/www.etoro.com\/nb-no\/trading\/leverage-margin\/#breadcrumb\"},\"inLanguage\":\"no\",\"potentialAction\":[{\"@type\":\"ReadAction\",\"target\":[\"https:\/\/www.etoro.com\/nb-no\/trading\/leverage-margin\/\"]}]},{\"@type\":\"ImageObject\",\"inLanguage\":\"no\",\"@id\":\"https:\/\/www.etoro.com\/nb-no\/trading\/leverage-margin\/#primaryimage\",\"url\":\"https:\/\/www.etoro.com\/wp-content\/uploads\/2023\/07\/Socials-NO.png\",\"contentUrl\":\"https:\/\/www.etoro.com\/wp-content\/uploads\/2023\/07\/Socials-NO.png\",\"width\":1200,\"height\":630},{\"@type\":\"BreadcrumbList\",\"@id\":\"https:\/\/www.etoro.com\/nb-no\/trading\/leverage-margin\/#breadcrumb\",\"itemListElement\":[{\"@type\":\"ListItem\",\"position\":1,\"name\":\"Hjem\",\"item\":\"https:\/\/www.etoro.com\/nb-no\/\"},{\"@type\":\"ListItem\",\"position\":2,\"name\":\"TRADING\",\"item\":\"https:\/\/www.etoro.com\/nb-no\/trading\/\"},{\"@type\":\"ListItem\",\"position\":3,\"name\":\"GIRING OG MARGIN\"}]},{\"@type\":\"WebSite\",\"@id\":\"https:\/\/www.etoro.com\/nb-no\/#website\",\"url\":\"https:\/\/www.etoro.com\/nb-no\/\",\"name\":\"eToro\",\"description\":\"\",\"publisher\":{\"@id\":\"https:\/\/www.etoro.com\/nb-no\/#organization\"},\"potentialAction\":[{\"@type\":\"SearchAction\",\"target\":{\"@type\":\"EntryPoint\",\"urlTemplate\":\"https:\/\/www.etoro.com\/nb-no\/?s={search_term_string}\"},\"query-input\":{\"@type\":\"PropertyValueSpecification\",\"valueRequired\":true,\"valueName\":\"search_term_string\"}}],\"inLanguage\":\"no\"},[]]}<\/script>","yoast_head_json":{"title":"Forst\u00e5 det \u00e5 handle med giring og margin | eToro","description":"Hvordan fungerer giring og margin? Vi forklarer hva giring er, og hvordan investorer kan bruke margin og giring for \u00e5 \u00f8ke eksponeringen.","robots":{"index":"index","follow":"follow","max-snippet":"max-snippet:-1","max-image-preview":"max-image-preview:large","max-video-preview":"max-video-preview:-1"},"canonical":"https:\/\/www.etoro.com\/nb-no\/wp-json\/wp\/v2\/pages\/18431","og_locale":"nn_NO","og_type":"article","og_title":"Forst\u00e5 det \u00e5 handle med giring og margin | eToro","og_description":"Hvordan fungerer giring og margin? Vi forklarer hva giring er, og hvordan investorer kan bruke margin og giring for \u00e5 \u00f8ke eksponeringen.","og_url":"https:\/\/www.etoro.com\/nb-no\/wp-json\/wp\/v2\/pages\/18431","og_site_name":"eToro","article_publisher":"https:\/\/www.facebook.com\/eToro\/","article_modified_time":"2024-08-19T13:59:12+00:00","og_image":[{"width":1200,"height":630,"url":"https:\/\/www.etoro.com\/wp-content\/uploads\/2023\/07\/Socials-NO.png","type":"image\/png"}],"twitter_card":"summary_large_image","twitter_site":"@eToro","twitter_misc":{"Est. reading time":"6 minutes"},"schema":{"@context":"https:\/\/schema.org","@graph":[{"@type":"WebPage","@id":"https:\/\/www.etoro.com\/nb-no\/trading\/leverage-margin\/","url":"https:\/\/www.etoro.com\/nb-no\/trading\/leverage-margin\/","name":"Forst\u00e5 det \u00e5 handle med giring og margin | eToro","isPartOf":{"@id":"https:\/\/www.etoro.com\/nb-no\/#website"},"primaryImageOfPage":{"@id":"https:\/\/www.etoro.com\/nb-no\/trading\/leverage-margin\/#primaryimage"},"image":{"@id":"https:\/\/www.etoro.com\/nb-no\/trading\/leverage-margin\/#primaryimage"},"thumbnailUrl":"https:\/\/www.etoro.com\/wp-content\/uploads\/2023\/07\/Socials-NO.png","datePublished":"2017-09-12T11:53:16+00:00","dateModified":"2024-08-19T13:59:12+00:00","description":"Hvordan fungerer giring og margin? Vi forklarer hva giring er, og hvordan investorer kan bruke margin og giring for \u00e5 \u00f8ke eksponeringen.","breadcrumb":{"@id":"https:\/\/www.etoro.com\/nb-no\/trading\/leverage-margin\/#breadcrumb"},"inLanguage":"no","potentialAction":[{"@type":"ReadAction","target":["https:\/\/www.etoro.com\/nb-no\/trading\/leverage-margin\/"]}]},{"@type":"ImageObject","inLanguage":"no","@id":"https:\/\/www.etoro.com\/nb-no\/trading\/leverage-margin\/#primaryimage","url":"https:\/\/www.etoro.com\/wp-content\/uploads\/2023\/07\/Socials-NO.png","contentUrl":"https:\/\/www.etoro.com\/wp-content\/uploads\/2023\/07\/Socials-NO.png","width":1200,"height":630},{"@type":"BreadcrumbList","@id":"https:\/\/www.etoro.com\/nb-no\/trading\/leverage-margin\/#breadcrumb","itemListElement":[{"@type":"ListItem","position":1,"name":"Hjem","item":"https:\/\/www.etoro.com\/nb-no\/"},{"@type":"ListItem","position":2,"name":"TRADING","item":"https:\/\/www.etoro.com\/nb-no\/trading\/"},{"@type":"ListItem","position":3,"name":"GIRING OG MARGIN"}]},{"@type":"WebSite","@id":"https:\/\/www.etoro.com\/nb-no\/#website","url":"https:\/\/www.etoro.com\/nb-no\/","name":"eToro","description":"","publisher":{"@id":"https:\/\/www.etoro.com\/nb-no\/#organization"},"potentialAction":[{"@type":"SearchAction","target":{"@type":"EntryPoint","urlTemplate":"https:\/\/www.etoro.com\/nb-no\/?s={search_term_string}"},"query-input":{"@type":"PropertyValueSpecification","valueRequired":true,"valueName":"search_term_string"}}],"inLanguage":"no"},[]]}},"_links":{"self":[{"href":"https:\/\/www.etoro.com\/nb-no\/wp-json\/wp\/v2\/pages\/18431"}],"collection":[{"href":"https:\/\/www.etoro.com\/nb-no\/wp-json\/wp\/v2\/pages"}],"about":[{"href":"https:\/\/www.etoro.com\/nb-no\/wp-json\/wp\/v2\/types\/page"}],"author":[{"embeddable":true,"href":"https:\/\/www.etoro.com\/nb-no\/wp-json\/wp\/v2\/users\/45"}],"replies":[{"embeddable":true,"href":"https:\/\/www.etoro.com\/nb-no\/wp-json\/wp\/v2\/comments?post=18431"}],"version-history":[{"count":0,"href":"https:\/\/www.etoro.com\/nb-no\/wp-json\/wp\/v2\/pages\/18431\/revisions"}],"up":[{"embeddable":true,"href":"https:\/\/www.etoro.com\/nb-no\/wp-json\/wp\/v2\/pages\/18388"}],"wp:featuredmedia":[{"embeddable":true,"href":"https:\/\/www.etoro.com\/nb-no\/wp-json\/wp\/v2\/media\/640004"}],"wp:attachment":[{"href":"https:\/\/www.etoro.com\/nb-no\/wp-json\/wp\/v2\/media?parent=18431"}],"wp:term":[{"taxonomy":"asset_type","embeddable":true,"href":"https:\/\/www.etoro.com\/nb-no\/wp-json\/wp\/v2\/asset_type?post=18431"}],"curies":[{"name":"wp","href":"https:\/\/api.w.org\/{rel}","templated":true}]}}