{"id":285535,"date":"2021-02-18T20:19:06","date_gmt":"2021-02-18T18:19:06","guid":{"rendered":"https:\/\/www.etoro.com\/copytrader\/coattail-investing-vs-copy-trading\/"},"modified":"2024-08-19T17:50:13","modified_gmt":"2024-08-19T14:50:13","slug":"coattail-investing-vs-copy-trading","status":"publish","type":"page","link":"https:\/\/www.etoro.com\/nb-no\/copytrader\/coattail-investing-vs-copy-trading\/","title":{"rendered":"Coattail-investering og Copy Trading \u2013 hva er forskjellen?"},"content":{"rendered":"<p>&nbsp;<\/p>\n<p>Sosial trading har \u00f8kt i popularitet de siste \u00e5rene. For \u00e5 gj\u00f8re det hele litt enklere for investorer, har sosiale tradingplattformer utviklet innovative og brukervennlige funksjoner, slik som eToro har gjort med <a href=\"https:\/\/www.etoro.com\/nb-no\/copytrader\/\">CopyTrader\u2122<\/a>. Hensikten er \u00e5 gi deg innsyn i hvordan andre investorer velger \u00e5 investere pengene sine. P\u00e5 den m\u00e5ten kan du f\u00f8lge med p\u00e5 \u2013 og kopiere \u2013 strategiene deres.<\/p>\n<p>Det er spesielt to n\u00f8kkelstrategier innen sosial trading som har vist seg popul\u00e6re: Coattail-investering og Copy Trading. P\u00e5 mange vis fremst\u00e5r strategiene relativt like, men er de egentlig det?<\/p>\n<p>I denne artikkelen f\u00e5r du en bedre forst\u00e5else av b\u00e5de Coattail-investering og Copy Trading. Du f\u00e5r vite mer om forskjellene mellom strategiene, og vi g\u00e5r i dybden p\u00e5 hvorfor Copy Trading i mange tilfeller er den mest gunstige investeringsstrategien \u00e5 benytte seg av.<\/p>\n<h2>Innhold<\/h2>\n<p><a href=\"#what-is-copy-trading\">Hva er Copy Trading?<\/a><\/p>\n<p><a href=\"#what-is-coattail-investing\">Hva er Coattail-investering?<\/a><\/p>\n<p><a id=\"what-is-copy-trading\"><\/a><a href=\"#what-is-the-difference\">S\u00e5 hva er egentlig forskjellen?<\/a><\/p>\n<p><a href=\"#pros-and-cons\">Hvilke fordeler har Coattail-investering og Copy Trading?<\/a><\/p>\n<p><a href=\"#copy-trading-or-coattail-investing\">B\u00f8r du velge Copy Trading eller Coattail-investering?<\/a><\/p>\n<h2>Hva er Copy Trading?<\/h2>\n<p><a href=\"https:\/\/www.etoro.com\/nb-no\/copytrader\/\">Copy Trading<\/a> er helt enkelt forklart en funksjon som lar deg investere deler av midlene dine p\u00e5 samme m\u00e5te som en annen investor p\u00e5 eToro. CopyTrader\u2122 kom p\u00e5 banen i 2010 og var det store gjennombruddet i sosial trading-revolusjonen som eToro den gang ledet an.<\/p>\n<p><a href=\"https:\/\/www.etoro.com\/nb-no\/trading\/academy\/copy-mirror\/\">Speiltrading<\/a>, som tillot investorer \u00e5 gjenspeile investeringene til profesjonelle investorer, var opprinnelig en tjeneste som ble tilbudt av finansielle institusjoner. Med tjenesten fulgte dog administrasjonsgebyrer og provisjoner. CopyTrader\u2122 fungerer relativt likt p\u00e5 den m\u00e5ten at du kopierer andre investorer, men har p\u00e5 sin side verken skjulte kostnader eller administrasjonsgebyrer. Tjenesten er fritt tilgjengelig for millioner av brukere p\u00e5 eToro sin plattform.<\/p>\n<p><img loading=\"lazy\" decoding=\"async\" class=\"aligncenter wp-image-285124 size-full\" src=\"https:\/\/www.etoro.com\/wp-content\/uploads\/2021\/11\/etoro_WhatIsCopycatInvesting_bodyImage_1024x500_GC_v3.jpg\" alt=\"What is copy trading?\" width=\"1024\" height=\"500\" srcset=\"https:\/\/www.etoro.com\/wp-content\/uploads\/2021\/11\/etoro_WhatIsCopycatInvesting_bodyImage_1024x500_GC_v3.jpg 1024w, https:\/\/www.etoro.com\/wp-content\/uploads\/2021\/11\/etoro_WhatIsCopycatInvesting_bodyImage_1024x500_GC_v3-300x146.jpg 300w, https:\/\/www.etoro.com\/wp-content\/uploads\/2021\/11\/etoro_WhatIsCopycatInvesting_bodyImage_1024x500_GC_v3-768x375.jpg 768w\" sizes=\"(max-width: 1024px) 100vw, 1024px\" \/><\/p>\n<p>Du dedikerer en del av den totale kapitalen din til Copy Trading, og denne kapitalen vil brukes til \u00e5 kopiere den valgte investorens investeringer. Du trenger ikke \u00e5 investere det samme bel\u00f8pet som investoren, men investeringene vil v\u00e6re proporsjonale. Dette h\u00f8res kanskje komplisert ut, men rent praktisk er det ganske simpelt. Nedenfor finner du et hypotetisk eksempel:<\/p>\n<p><a id=\"what-is-coattail-investing\"><\/a>Du begynner \u00e5 bruke CopyTrader\u2122 og velger en investor \u00e5 kopiere fra v\u00e5rt <a href=\"https:\/\/www.etoro.com\/nb-no\/copytrader\/popular-investor\/\">Popular Investor-program<\/a> eller etter andre preferanser. Kapitalen du setter av, vil automatisk kopiere investeringene den valgte investoren gj\u00f8r. N\u00e5r denne investoren kj\u00f8per eller selger aksjer, vil proporsjonen av kapitalen du har tillatt at kan brukes, g\u00e5 til samme investering i henhold til innstillingene du har valgt. Investerer aktuell investor 15 % av sin tilgjengelige kapital, vil ogs\u00e5 15 % av kapitalen du har satt av til CopyTrader\u2122-tjenesten brukes til \u00e5 gj\u00f8re samme investering.<\/p>\n<h2>Hva er Coattail-investering?<\/h2>\n<p>Coattail-investering, ogs\u00e5 kjent som Copycat-investering, inneb\u00e6rer at du kopierer investeringene til suksessfulle investorer.<\/p>\n<p>Som investor har du kanskje opparbeidet deg erfaringer selv og legger mye jobb i \u00e5 holde deg oppdatert p\u00e5 alt som skjer i krypto- og <a href=\"https:\/\/www.etoro.com\/nb-no\/discover\/markets\/stocks\">aksjemarkedene<\/a>. Allikevel er det alltid mer \u00e5 l\u00e6re \u2013 spesielt fra de beste og mest erfarne investorene i verden \u2013 og i dag er det enkelt \u00e5 komme i gang.<\/p>\n<p><img loading=\"lazy\" decoding=\"async\" class=\"aligncenter wp-image-285172 size-full\" src=\"https:\/\/www.etoro.com\/wp-content\/uploads\/2021\/11\/etoro_Coattails_bodyImage_1024x500_GC_v02.jpg\" alt=\"What is coattail investing?\" width=\"1024\" height=\"500\" srcset=\"https:\/\/www.etoro.com\/wp-content\/uploads\/2021\/11\/etoro_Coattails_bodyImage_1024x500_GC_v02.jpg 1024w, https:\/\/www.etoro.com\/wp-content\/uploads\/2021\/11\/etoro_Coattails_bodyImage_1024x500_GC_v02-300x146.jpg 300w, https:\/\/www.etoro.com\/wp-content\/uploads\/2021\/11\/etoro_Coattails_bodyImage_1024x500_GC_v02-768x375.jpg 768w\" sizes=\"(max-width: 1024px) 100vw, 1024px\" \/><\/p>\n<p>I takt med at internett har vokst, har ogs\u00e5 informasjon blitt lettere tilgjengelig. Slik er det ogs\u00e5 innenfor trading og investering. Det har aldri f\u00f8r v\u00e6rt enklere for vanlige investorer \u00e5 se hvilke investeringer de beste investorene i verden gj\u00f8r. Du kan f\u00f8lge med p\u00e5 hva de selger, hva de kj\u00f8per og hva de velger \u00e5 beholde, og du kan kopiere investeringene deres p\u00e5 eget initiativ.<\/p>\n<p>Den kanskje mest spennende investoren \u00e5 f\u00f8lge er Warren Buffet og selskapet hans, <a href=\"https:\/\/www.etoro.com\/nb-no\/markets\/brk.b\">Berkshire Hathaway<\/a>, som regelmessig har sl\u00e5tt S&amp;P 500-indeksen &#8211;\u00a0\u00a0en indeks med de 500 st\u00f8rste selskapene i USA &#8211; i over to ti\u00e5r.<\/p>\n<p>Buffet og de andre store investorene i verden er pliktige \u00e5 dele flere av posisjonene sine med finansmyndigheter hver tredje m\u00e5ned. Rapportene som sendes inn gj\u00f8res tilgjengelig for offentligheten og er et godt <a id=\"what-is-the-difference\"><\/a>utgangspunkt for dem som vil gj\u00f8re Coattail-investeringer. Helt enkelt er nemlig Coattail-investering en strategi som gjennomf\u00f8res manuelt med offentlig tilgjengelig informasjon som ledesnor.<\/p>\n<p>Det faktum at du kan gj\u00f8re de samme investeringene som Buffet og andre suksessfulle fondsforvaltere gir deg spennende muligheter. Med plattformer som eToro, som stadig gir deg tilgang til flere finansielle markeder for flere investorer, er Coattail-investering noe du fint kan mestre p\u00e5 egen h\u00e5nd.<\/p>\n<h2>S\u00e5 hva er egentlig forskjellen?<\/h2>\n<p>Det er ingen tvil om at Coattail-investeringer og Copy Trading har mange likheter. Begge strategiene kan v\u00e6re gode verkt\u00f8y for investorer, og de gir begge tilgang til b\u00e5de ideer, erfaringer og kunnskap fra noen av de mest suksessfulle investorene i verden. Allikevel er det \u00e9n viktig forskjell \u00e5 merke seg.<\/p>\n<p>Coattail-investeringer lar deg innhente informasjon om andre investorers investeringer og bruke denne informasjonen til \u00e5 utarbeide dine egne investeringsavgj\u00f8relser. Om du ser at en investor kj\u00f8per eller selger en aksje, <a id=\"pros-and-cons\"><\/a>kan du velge selv om du vil gj\u00f8re den samme investeringen eller ikke. Coattail-investeringer er med andre ord ingen automatisk prosess og krever at du selv gj\u00f8r unders\u00f8kelser og tar beslutninger.<\/p>\n<p>N\u00e5r det gjelder Copy Trading, er deler av prosessen automatisk. F\u00f8rst m\u00e5 du selvf\u00f8lgelig analysere og g\u00e5 dypere i historikken til andre investorer, og deretter velge \u00e9n eller flere investorer du f\u00f8ler deg trygg p\u00e5 og vil kopiere. Opprett en konto, f\u00f8lg aktuelle investorer og frigi kapital gjennom CopyTrader\u2122, s\u00e5 vil du automatisk gj\u00f8re de samme investeringene som dine valgte investorer gj\u00f8r.<\/p>\n<h2>Hvilke fordeler og ulemper har Coattail-investering og Copy Trading?<\/h2>\n<p>Lurer du p\u00e5 hvorvidt Coattail-investering eller Copy Trading er noe for deg? Nedenfor finner du fordeler og ulemper ved begge strategiene.<\/p>\n<h3 style=\"font-family: 'Helvetica Neue', Helvetica, Arial, sans-serif; color: #333333;\"><img loading=\"lazy\" decoding=\"async\" class=\"aligncenter wp-image-285100 size-full\" src=\"https:\/\/www.etoro.com\/wp-content\/uploads\/2021\/11\/etoro_ProsCons_bodyImage_1024x500_GC_v01.jpg\" alt=\"What are the pros and cons of coattail investing and copy trading?\" width=\"1024\" height=\"500\" srcset=\"https:\/\/www.etoro.com\/wp-content\/uploads\/2021\/11\/etoro_ProsCons_bodyImage_1024x500_GC_v01.jpg 1024w, https:\/\/www.etoro.com\/wp-content\/uploads\/2021\/11\/etoro_ProsCons_bodyImage_1024x500_GC_v01-300x146.jpg 300w, https:\/\/www.etoro.com\/wp-content\/uploads\/2021\/11\/etoro_ProsCons_bodyImage_1024x500_GC_v01-768x375.jpg 768w\" sizes=\"(max-width: 1024px) 100vw, 1024px\" \/><\/h3>\n<h3>Fordeler ved Copy Trading<\/h3>\n<p>Copy Trading gj\u00f8r det enklere \u00e5 investere, da antallet manuelle beslutninger som m\u00e5 tas reduseres. Du velger selv hvilke investorer du vil f\u00f8lge og hvilke parametere du skal forholde deg til, og s\u00e5 snart du har knyttet opp midler mot aktuell investor i CopyTrader\u2122, vil du kopiere investeringene de gj\u00f8r umiddelbart. S\u00e5 lenge du ikke endrer innstillingene dine, vil investeringene gj\u00f8res automatisk. P\u00e5 grunn av automatikken kan Copy Trading egne seg for dem som syns det er vanskelig \u00e5 holde seg til en konkret strategi, sliter med \u00e5 ta konkrete valg eller stadig pr\u00f8ver \u00e5 vinne tilbake eventuelle tap.<\/p>\n<p>Copy Trading gir deg ogs\u00e5 muligheten til \u00e5 bli bedre kjent med aksjeverden og de ulike investeringsstrategiene, komme i kontakt med popul\u00e6re investorer og l\u00e6re mer om hvordan andre investorer g\u00e5r inn i industrier og markeder du kanskje ikke selv er s\u00e5 kjent med enda. Du velger selv hvilke investorer du vil f\u00f8lge, du kan bla gjennom investeringshistorikken deres og se hvilke investeringer de har i portef\u00f8ljen sin.<\/p>\n<h3>Ulemper ved Copy Trading<\/h3>\n<p>Selv om investeringene du gj\u00f8r med Copy Trading speiler investeringene gjort av erfarne investorer, vil risikoen som f\u00f8lger med enhver investering foreligge. Alle investeringer er risikofylte, og det er viktig \u00e5 v\u00e6re rasjonell, selv n\u00e5r du kopierer andre. Tenk langsiktig, forst\u00e5 hva du investerer i og ikke invester mer enn du har r\u00e5d til \u00e5 tape. Du m\u00e5 selv f\u00f8lge med p\u00e5 investeringene som gj\u00f8res og hvordan markedene endres for \u00e5 sikre at du tar de riktige avgj\u00f8relsene basert p\u00e5 deg og omstendighetene dine.<\/p>\n<p>Er du ny innen investering og vil pr\u00f8ve strategier som har vist seg nyttige for andre, lar Copy Trading deg f\u00e5 et n\u00e6rmere innblikk i hvordan investeringer fungerer og hvordan andre investorer g\u00e5r frem. Det er imidlertid fort gjort \u00e5 utelukkende kopiere investeringene til andre investorer, heller enn \u00e5 selv finne nyttig, relevant informasjon. \u00c5 vite hvordan du finner informasjon om b\u00e5de selskaper og markeder, er god kunnskap \u00e5 ha i bakh\u00e5nd om du vil utvikle deg som investor. P\u00e5 eToro finner du informasjon om investering generelt og om strategier andre investorer bruker. Du kan kontakte andre eller stille sp\u00f8rsm\u00e5l i feeden.<\/p>\n<h3>Fordeler ved Coattail-investering<\/h3>\n<p>Det er alltid viktig \u00e5 gj\u00f8re egne unders\u00f8kelser f\u00f8r du velger \u00e5 investere, og Coattail-investering kan gj\u00f8re det enklere \u00e5 finne aksjer med en positiv trend som gir deg mulighet til vekst. Det er dog viktig \u00e5 huske at aksjer som har gjort det bra tidligere, ikke n\u00f8dvendigvis gj\u00f8r det bra i fremtiden. Derfor er det viktig \u00e5 unders\u00f8ke investeringsobjekter n\u00f8ye f\u00f8r du velger \u00e5 investere i dem. F\u00f8lger du en suksessfull investor eller et popul\u00e6rt fond, har de kanskje allerede publisert de unders\u00f8kelsene de selv har gjort. Det kan hjelpe deg p\u00e5 veien.<\/p>\n<h3>Ulemper ved Coattail-investering<\/h3>\n<p>Med Coattail-investering bruker du informasjon, gjerne fra suksessfulle investorers investeringer, og bestemmer hvor mye av din egen kapital du vil investere basert p\u00e5 denne informasjonen. I prosessen tar du bevisste valg <a id=\"copy-trading-or-coattail-investing\"><\/a>rundt hvordan du skal finne informasjonen, hvorvidt du skal investere og hvor mye du skal investere. \u00c5 holde styr p\u00e5 alt investorene foretar seg til enhver tid kan dog v\u00e6re tidkrevende.<\/p>\n<p>Benytter du deg av Coattail-investering m\u00e5 du g\u00e5 frem p\u00e5 en annen m\u00e5te enn du gj\u00f8r ved Copy Trading, der selve investeringen gj\u00f8res automatisk. Selv om du holder deg oppdatert p\u00e5 <a href=\"https:\/\/www.etoro.com\/nb-no\/news-and-analysis\/\">nyheter og analyser<\/a> eller f\u00f8lger sosiale medier-kontoer som deler nyttige r\u00e5d, m\u00e5 du fremdeles fysisk gj\u00f8re investeringene dine selv gjennom foretrukket plattform ved Coattail-investeringer.<\/p>\n<h2>B\u00f8r du velge Coattail-investering eller Copy Trading?<\/h2>\n<p>Coattain-investering kan s\u00e5 absolutt v\u00e6re nyttig, men Copy Trading er et verkt\u00f8y som hjelper deg \u00e5 f\u00e5 mer ut av investeringene dine. Sosial trading har mange fordeler og gj\u00f8r det lettere for deg \u00e5 f\u00f8lge med i markedene og opparbeide deg kunnskap. Med eToros CopyTrader\u2122 kan du dra nytte av alle disse fordelene og opparbeide deg en variert og solid portef\u00f8lje av investorer som en del av investeringsstrategien din. Nettsiden oppdateres jevnlig med nyheter, og du kan stille sp\u00f8rsm\u00e5l i feeden v\u00e5r.<\/p>\n<p>Vil du sjekke ut Copy Trading? Les mer eToros <a href=\"https:\/\/www.etoro.com\/nb-no\/copytrader\/\">CopyTrader\u2122<\/a> her.<\/p>\n\n\t\t<style>\n\t\t\t.rtl .etoro-block-shortcode-disclaimer {\n\t\t\t\ttext-align:right;\n\t\t\t}\n\t\t\t.etoro-block-shortcode-disclaimer {\n\t\t\t\tmargin-bottom:18px;\n\t\t\t\ttext-align:left;\n\t\t\t}\n\t\t\t.etoro-block-shortcode-disclaimer p{\n\t\t\t\tfont-size: 12px;\n\t\t\t\tline-height: 18px;\n\t\t\t}\n\t\t\t@media (min-width: 768px) {\n\t\t\t\t.etoro-block-shortcode-disclaimer {\n\t\t\t\t\tmax-width:1176px;\n\t\t\t\t\ttext-align:center;\n\t\t\t\t}\n\t\t\t\t.etoro-block-shortcode-disclaimer p {\n\t\t\t\t\tfont-size: 14px;\n\t\t\t\t\tline-height: 20px;\n\t\t\t\t}\n\t\t\t}\n\t\t<\/style>\n\t\t<div class='etoro-block-shortcode-disclaimer'><p>Denne informasjonen er kun ment for utdanningsform\u00e5l og m\u00e5 ikke tolkes som investeringsr\u00e5dgivning, personlig anbefaling, et tilbud om, eller anmodning om \u00e5 kj\u00f8pe eller selge noen finansielle instrumenter.<\/p>\n<p>Dette materialet er utarbeidet uten hensyn til spesifikke investeringsm\u00e5l eller \u00f8konomisk situasjon, og er ikke utarbeidet i samsvar med de juridiske og regulatoriske kravene for \u00e5 fremme uavhengig studie.<\/p>\n<p><strong>Ikke alle de finansielle instrumentene og tjenestene det refereres til tilbys av eToro<\/strong>, og eventuelle referanser til tidligere resultater for et finansielt instrument, indeks eller et pakket investeringsprodukt er ikke, og b\u00f8r ikke tas som en p\u00e5litelig indikator p\u00e5 fremtidige resultater. <strong>Tilgjengeligheten av alle de ovennevnte produktene og tjenestene kan variere avhengig av jurisdiksjon og land.<\/strong><\/p>\n<p>eToro gir ingen representasjon og p\u00e5tar seg ikke ansvar for n\u00f8yaktigheten eller fullstendigheten av innholdet i denne veiledningen. Forsikre deg om at du forst\u00e5r risikoen ved handel f\u00f8r du plasserer kapital. Aldri risiker mer penger enn du er villig til \u00e5 tape.<\/p>\n<\/div>\n","protected":false},"excerpt":{"rendered":"<p>&nbsp; Sosial trading har \u00f8kt i popularitet de siste \u00e5rene. For \u00e5 gj\u00f8re det hele litt enklere for investorer, har sosiale tradingplattformer utviklet innovative og brukervennlige funksjoner, slik som eToro har gjort med CopyTrader\u2122. Hensikten er \u00e5 gi deg innsyn i hvordan andre investorer velger \u00e5 investere pengene sine. P\u00e5 den m\u00e5ten kan du f\u00f8lge&hellip;<\/p>\n","protected":false},"author":33,"featured_media":285066,"parent":34706,"menu_order":364,"comment_status":"closed","ping_status":"closed","template":"","meta":{"_acf_changed":false,"inline_featured_image":false,"sticky_cta_settings":"","footnotes":""},"asset_type":[],"class_list":["post-285535","page","type-page","status-publish","has-post-thumbnail","hentry"],"acf":[],"yoast_head":"<title>Coattail-investering og Copy Trading forklart | eToro<\/title>\n<meta name=\"description\" content=\"Coattail-investering og Copy Trading \u2013 sosial trading kommer i mange varianter. Men hva er egentlig forskjellene? Les guiden v\u00e5r for et n\u00e6rmere innblikk!\" \/>\n<meta name=\"robots\" content=\"index, follow, max-snippet:-1, max-image-preview:large, max-video-preview:-1\" \/>\n<link rel=\"canonical\" href=\"https:\/\/www.etoro.com\/nb-no\/wp-json\/wp\/v2\/pages\/285535\" \/>\n<meta property=\"og:locale\" content=\"nn_NO\" \/>\n<meta property=\"og:type\" content=\"article\" \/>\n<meta property=\"og:title\" content=\"Coattail-investering og Copy Trading forklart | eToro\" \/>\n<meta property=\"og:description\" content=\"Coattail-investering og Copy Trading \u2013 sosial trading kommer i mange varianter. Men hva er egentlig forskjellene? Les guiden v\u00e5r for et n\u00e6rmere innblikk!\" \/>\n<meta property=\"og:url\" content=\"https:\/\/www.etoro.com\/nb-no\/wp-json\/wp\/v2\/pages\/285535\" \/>\n<meta property=\"og:site_name\" content=\"eToro\" \/>\n<meta property=\"article:publisher\" content=\"https:\/\/www.facebook.com\/eToro\/\" \/>\n<meta property=\"article:modified_time\" content=\"2024-08-19T14:50:13+00:00\" \/>\n<meta property=\"og:image\" content=\"https:\/\/www.etoro.com\/wp-content\/uploads\/2021\/11\/etoro_copycat_investing_social_1200x630_body_v3.jpg\" \/>\n\t<meta property=\"og:image:width\" content=\"1200\" \/>\n\t<meta property=\"og:image:height\" content=\"630\" \/>\n\t<meta property=\"og:image:type\" content=\"image\/jpeg\" \/>\n<meta name=\"twitter:card\" content=\"summary_large_image\" \/>\n<meta name=\"twitter:site\" content=\"@eToro\" \/>\n<meta name=\"twitter:label1\" content=\"Est. reading time\" \/>\n\t<meta name=\"twitter:data1\" content=\"8 minutes\" \/>\n<script type=\"application\/ld+json\" class=\"yoast-schema-graph\">{\"@context\":\"https:\/\/schema.org\",\"@graph\":[{\"@type\":\"WebPage\",\"@id\":\"https:\/\/www.etoro.com\/nb-no\/copytrader\/coattail-investing-vs-copy-trading\/\",\"url\":\"https:\/\/www.etoro.com\/nb-no\/copytrader\/coattail-investing-vs-copy-trading\/\",\"name\":\"Coattail-investering og Copy Trading forklart | eToro\",\"isPartOf\":{\"@id\":\"https:\/\/www.etoro.com\/nb-no\/#website\"},\"primaryImageOfPage\":{\"@id\":\"https:\/\/www.etoro.com\/nb-no\/copytrader\/coattail-investing-vs-copy-trading\/#primaryimage\"},\"image\":{\"@id\":\"https:\/\/www.etoro.com\/nb-no\/copytrader\/coattail-investing-vs-copy-trading\/#primaryimage\"},\"thumbnailUrl\":\"https:\/\/www.etoro.com\/wp-content\/uploads\/2021\/11\/etoro_copycat_investing_social_1200x630_body_v3.jpg\",\"datePublished\":\"2021-02-18T18:19:06+00:00\",\"dateModified\":\"2024-08-19T14:50:13+00:00\",\"description\":\"Coattail-investering og Copy Trading \u2013 sosial trading kommer i mange varianter. Men hva er egentlig forskjellene? Les guiden v\u00e5r for et n\u00e6rmere innblikk!\",\"breadcrumb\":{\"@id\":\"https:\/\/www.etoro.com\/nb-no\/copytrader\/coattail-investing-vs-copy-trading\/#breadcrumb\"},\"inLanguage\":\"no\",\"potentialAction\":[{\"@type\":\"ReadAction\",\"target\":[\"https:\/\/www.etoro.com\/nb-no\/copytrader\/coattail-investing-vs-copy-trading\/\"]}]},{\"@type\":\"ImageObject\",\"inLanguage\":\"no\",\"@id\":\"https:\/\/www.etoro.com\/nb-no\/copytrader\/coattail-investing-vs-copy-trading\/#primaryimage\",\"url\":\"https:\/\/www.etoro.com\/wp-content\/uploads\/2021\/11\/etoro_copycat_investing_social_1200x630_body_v3.jpg\",\"contentUrl\":\"https:\/\/www.etoro.com\/wp-content\/uploads\/2021\/11\/etoro_copycat_investing_social_1200x630_body_v3.jpg\",\"width\":1200,\"height\":630},{\"@type\":\"BreadcrumbList\",\"@id\":\"https:\/\/www.etoro.com\/nb-no\/copytrader\/coattail-investing-vs-copy-trading\/#breadcrumb\",\"itemListElement\":[{\"@type\":\"ListItem\",\"position\":1,\"name\":\"Hjem\",\"item\":\"https:\/\/www.etoro.com\/nb-no\/\"},{\"@type\":\"ListItem\",\"position\":2,\"name\":\"CopyTrader\",\"item\":\"https:\/\/www.etoro.com\/nb-no\/copytrader\/\"},{\"@type\":\"ListItem\",\"position\":3,\"name\":\"Coattail-investering og Copy Trading \u2013 hva er forskjellen?\"}]},{\"@type\":\"WebSite\",\"@id\":\"https:\/\/www.etoro.com\/nb-no\/#website\",\"url\":\"https:\/\/www.etoro.com\/nb-no\/\",\"name\":\"eToro\",\"description\":\"\",\"publisher\":{\"@id\":\"https:\/\/www.etoro.com\/nb-no\/#organization\"},\"potentialAction\":[{\"@type\":\"SearchAction\",\"target\":{\"@type\":\"EntryPoint\",\"urlTemplate\":\"https:\/\/www.etoro.com\/nb-no\/?s={search_term_string}\"},\"query-input\":{\"@type\":\"PropertyValueSpecification\",\"valueRequired\":true,\"valueName\":\"search_term_string\"}}],\"inLanguage\":\"no\"},[]]}<\/script>","yoast_head_json":{"title":"Coattail-investering og Copy Trading forklart | eToro","description":"Coattail-investering og Copy Trading \u2013 sosial trading kommer i mange varianter. Men hva er egentlig forskjellene? Les guiden v\u00e5r for et n\u00e6rmere innblikk!","robots":{"index":"index","follow":"follow","max-snippet":"max-snippet:-1","max-image-preview":"max-image-preview:large","max-video-preview":"max-video-preview:-1"},"canonical":"https:\/\/www.etoro.com\/nb-no\/wp-json\/wp\/v2\/pages\/285535","og_locale":"nn_NO","og_type":"article","og_title":"Coattail-investering og Copy Trading forklart | eToro","og_description":"Coattail-investering og Copy Trading \u2013 sosial trading kommer i mange varianter. Men hva er egentlig forskjellene? Les guiden v\u00e5r for et n\u00e6rmere innblikk!","og_url":"https:\/\/www.etoro.com\/nb-no\/wp-json\/wp\/v2\/pages\/285535","og_site_name":"eToro","article_publisher":"https:\/\/www.facebook.com\/eToro\/","article_modified_time":"2024-08-19T14:50:13+00:00","og_image":[{"width":1200,"height":630,"url":"https:\/\/www.etoro.com\/wp-content\/uploads\/2021\/11\/etoro_copycat_investing_social_1200x630_body_v3.jpg","type":"image\/jpeg"}],"twitter_card":"summary_large_image","twitter_site":"@eToro","twitter_misc":{"Est. reading time":"8 minutes"},"schema":{"@context":"https:\/\/schema.org","@graph":[{"@type":"WebPage","@id":"https:\/\/www.etoro.com\/nb-no\/copytrader\/coattail-investing-vs-copy-trading\/","url":"https:\/\/www.etoro.com\/nb-no\/copytrader\/coattail-investing-vs-copy-trading\/","name":"Coattail-investering og Copy Trading forklart | eToro","isPartOf":{"@id":"https:\/\/www.etoro.com\/nb-no\/#website"},"primaryImageOfPage":{"@id":"https:\/\/www.etoro.com\/nb-no\/copytrader\/coattail-investing-vs-copy-trading\/#primaryimage"},"image":{"@id":"https:\/\/www.etoro.com\/nb-no\/copytrader\/coattail-investing-vs-copy-trading\/#primaryimage"},"thumbnailUrl":"https:\/\/www.etoro.com\/wp-content\/uploads\/2021\/11\/etoro_copycat_investing_social_1200x630_body_v3.jpg","datePublished":"2021-02-18T18:19:06+00:00","dateModified":"2024-08-19T14:50:13+00:00","description":"Coattail-investering og Copy Trading \u2013 sosial trading kommer i mange varianter. Men hva er egentlig forskjellene? Les guiden v\u00e5r for et n\u00e6rmere innblikk!","breadcrumb":{"@id":"https:\/\/www.etoro.com\/nb-no\/copytrader\/coattail-investing-vs-copy-trading\/#breadcrumb"},"inLanguage":"no","potentialAction":[{"@type":"ReadAction","target":["https:\/\/www.etoro.com\/nb-no\/copytrader\/coattail-investing-vs-copy-trading\/"]}]},{"@type":"ImageObject","inLanguage":"no","@id":"https:\/\/www.etoro.com\/nb-no\/copytrader\/coattail-investing-vs-copy-trading\/#primaryimage","url":"https:\/\/www.etoro.com\/wp-content\/uploads\/2021\/11\/etoro_copycat_investing_social_1200x630_body_v3.jpg","contentUrl":"https:\/\/www.etoro.com\/wp-content\/uploads\/2021\/11\/etoro_copycat_investing_social_1200x630_body_v3.jpg","width":1200,"height":630},{"@type":"BreadcrumbList","@id":"https:\/\/www.etoro.com\/nb-no\/copytrader\/coattail-investing-vs-copy-trading\/#breadcrumb","itemListElement":[{"@type":"ListItem","position":1,"name":"Hjem","item":"https:\/\/www.etoro.com\/nb-no\/"},{"@type":"ListItem","position":2,"name":"CopyTrader","item":"https:\/\/www.etoro.com\/nb-no\/copytrader\/"},{"@type":"ListItem","position":3,"name":"Coattail-investering og Copy Trading \u2013 hva er forskjellen?"}]},{"@type":"WebSite","@id":"https:\/\/www.etoro.com\/nb-no\/#website","url":"https:\/\/www.etoro.com\/nb-no\/","name":"eToro","description":"","publisher":{"@id":"https:\/\/www.etoro.com\/nb-no\/#organization"},"potentialAction":[{"@type":"SearchAction","target":{"@type":"EntryPoint","urlTemplate":"https:\/\/www.etoro.com\/nb-no\/?s={search_term_string}"},"query-input":{"@type":"PropertyValueSpecification","valueRequired":true,"valueName":"search_term_string"}}],"inLanguage":"no"},[]]}},"_links":{"self":[{"href":"https:\/\/www.etoro.com\/nb-no\/wp-json\/wp\/v2\/pages\/285535"}],"collection":[{"href":"https:\/\/www.etoro.com\/nb-no\/wp-json\/wp\/v2\/pages"}],"about":[{"href":"https:\/\/www.etoro.com\/nb-no\/wp-json\/wp\/v2\/types\/page"}],"author":[{"embeddable":true,"href":"https:\/\/www.etoro.com\/nb-no\/wp-json\/wp\/v2\/users\/33"}],"replies":[{"embeddable":true,"href":"https:\/\/www.etoro.com\/nb-no\/wp-json\/wp\/v2\/comments?post=285535"}],"version-history":[{"count":0,"href":"https:\/\/www.etoro.com\/nb-no\/wp-json\/wp\/v2\/pages\/285535\/revisions"}],"up":[{"embeddable":true,"href":"https:\/\/www.etoro.com\/nb-no\/wp-json\/wp\/v2\/pages\/34706"}],"wp:featuredmedia":[{"embeddable":true,"href":"https:\/\/www.etoro.com\/nb-no\/wp-json\/wp\/v2\/media\/285066"}],"wp:attachment":[{"href":"https:\/\/www.etoro.com\/nb-no\/wp-json\/wp\/v2\/media?parent=285535"}],"wp:term":[{"taxonomy":"asset_type","embeddable":true,"href":"https:\/\/www.etoro.com\/nb-no\/wp-json\/wp\/v2\/asset_type?post=285535"}],"curies":[{"name":"wp","href":"https:\/\/api.w.org\/{rel}","templated":true}]}}